{"id":3105,"date":"2020-09-21T16:13:03","date_gmt":"2020-09-21T16:13:03","guid":{"rendered":"https:\/\/distribucionarc.com\/?post_type=product&#038;p=3105"},"modified":"2020-10-01T13:58:18","modified_gmt":"2020-10-01T13:58:18","slug":"aukstu-sukiu-profesionalus-maisytuvas-blenderis","status":"publish","type":"product","link":"https:\/\/distribucionarc.com\/lt\/producto\/batidora-licuadora-profesional-de-altas-revoluciones\/","title":{"rendered":"Blenderis, profesionalus greitaeigis blenderis\u00a0"},"content":{"rendered":"<h3>Blenderis, profesionalus greitaeigis blenderis<\/h3>\n<p>Tai <strong>tylus blenderis <span style=\"color: #ff0000;\">KAM<\/span><span style=\"color: #0000ff;\">R<\/span>c<\/strong> naudoja specializuot\u0105 akustin\u012f skyd\u0105, leid\u017eiant\u012f valdyti savo <strong>komercinis mai\u0161ytuvas<\/strong> esant labai ma\u017eam garsui nuo 75 iki 95 dB. Jame yra apsaugos sistema, kuri veikia tik tada, kai ji u\u017edaryta.<\/p>\n<p>Mai\u0161ymo stiklas <strong>tylus blenderis<\/strong> <strong><span style=\"color: #ff0000;\">KAM<\/span><span style=\"color: #0000ff;\">R<\/span>CLBS15<\/strong> Jis turi didel\u0119 1,5 l talp\u0105 ir yra pagamintas i\u0161 maistin\u0117s PC med\u017eiagos. Su keturiais trima\u010diais maistiniais peiliukais (vidinis a\u0161menys + i\u0161orinis a\u0161menys). Jis gali lengvai sutrai\u0161kyti \u0161aldytus mink\u0161timus, led\u0105, kietus vaisius, javus. Komplekte yra papildoma a\u0161men\u0173 pora.<\/p>\n<p>Patikrinkite <strong>tylus mai\u0161ytuvas<\/strong> su keturiais skirtingais laiko nustatymais ir lanks\u010diu grei\u010dio reguliavimu.  Atskiras konteinerio dangtelis yra patogus maitinimui ir apsaugo nuo perpildymo. Galingas gryno vario variklis u\u017etikrina a <strong>didelis sukimosi greitis<\/strong> 4400-20000 RPM, ma\u017eai triuk\u0161mingas. Sunaudoja tik 1350 vat\u0173 elektros energijos.<\/p>\n<h6><strong>Garantija\u00a0<span style=\"color: #ff0000;\">KAM<\/span><span style=\"color: #0000ff;\">R<\/span>C 2 METAI<\/strong><\/h6>\n<h6><span style=\"color: #008000;\">Efektyvus elektrinis mal\u016bn\u0117lis, ma\u017eos s\u0105naudos 1350w<\/span><\/h6>\n<h6><strong>\u012ftraukta technin\u0117 pagalba<\/strong><\/h6>\n<p>&nbsp;<\/p>\n<p>&nbsp;<\/p>\n<table role=\"presentation\" width=\"100%\" cellspacing=\"0\" cellpadding=\"0\">\n<tbody>\n<tr>\n<td class=\"attrLabels\">Prekinis \u017eenklas:<\/td>\n<td width=\"50.0%\">ARC<\/td>\n<\/tr>\n<tr>\n<td class=\"attrLabels\">Platinimo \u0161alis:<\/td>\n<td width=\"50.0%\">Ispanija, Vokietija, JAV<\/td>\n<td class=\"attrLabels\">Svoris:<\/td>\n<td width=\"50.0%\">8 kg<\/td>\n<\/tr>\n<tr>\n<td class=\"attrLabels\">Prekinis \u017eenklas:<\/td>\n<td width=\"50.0%\">ARC<\/td>\n<td class=\"attrLabels\">Auk\u0161tis:<\/td>\n<td width=\"50.0%\">48,2 cm<\/td>\n<\/tr>\n<tr>\n<td class=\"attrLabels\">Spalva:<\/td>\n<td width=\"50.0%\">sidabrinis, juodas<\/td>\n<td class=\"attrLabels\">Ilgas:<\/td>\n<td width=\"50.0%\">22,8 cm<\/td>\n<\/tr>\n<tr>\n<td class=\"attrLabels\">Produkto tipas:<\/td>\n<td width=\"50.0%\">Profesionalus blenderis<\/td>\n<td class=\"attrLabels\">Platus:<\/td>\n<td width=\"50.0%\">25,4 cm<\/td>\n<\/tr>\n<tr>\n<td class=\"attrLabels\">Gamintojo numeris:<\/td>\n<td width=\"50.0%\">ARCLSB15<\/td>\n<td class=\"attrLabels\">Galia:<\/td>\n<td width=\"50.0%\">1350W<\/td>\n<\/tr>\n<tr>\n<td class=\"attrLabels\">Med\u017eiaga:<\/td>\n<td width=\"50.0%\">Ner\u016bdijantis plienas, efektyvus varinis variklis, kompiuterio mai\u0161ymo dubuo, \u017eemo decibelo u\u017edarymas<\/td>\n<td class=\"attrLabels\">\u012f\u0117jimo \u012ftampa<\/td>\n<td width=\"50.0%\">230V \u2013 50Hz<\/td>\n<\/tr>\n<tr>\n<td class=\"attrLabels\">Garantija:<\/td>\n<td width=\"50.0%\">2 metai<\/td>\n<td class=\"attrLabels\">Variklio greitis:<\/td>\n<td width=\"50.0%\">\u00a0nuo 4400 iki 20 000 aps.\/min<\/td>\n<\/tr>\n<tr>\n<td class=\"attrLabels\">Mai\u0161ymo stiklo talpa:<\/td>\n<td width=\"50.0%\">1,5 litro<\/td>\n<td class=\"attrLabels\">Grei\u010diai<\/td>\n<td width=\"50.0%\">4 re\u017eimai nuo ma\u017eiau iki daugiau<\/td>\n<\/tr>\n<\/tbody>\n<\/table>","protected":false},"excerpt":{"rendered":"<h2>Blenderis, profesionalus greitaeigis blenderis<\/h2>\n<p>Tai <strong>profesionalus mai\u0161ytuvas <span style=\"color: #ff0000;\">KAM<\/span><span style=\"color: #0000ff;\">R<\/span>c<\/strong> Jis yra daugiafunkcis ir gali pagaminti paprastus kokteilius ir sultis ar net kokteilius su \u0161aldytu mink\u0161timu ar dideliu kiekiu ledo, nepriklausomai nuo gaminio kietumo. Jame \u012fdiegta naujausia mai\u0161ymo technologija, leid\u017eianti lengvai sutrai\u0161kyti kietus vaisius, \u0161aldytus mink\u0161timus, led\u0105, gr\u016bdus. <strong>Mai\u0161ytuvas<\/strong> Jame yra skaitmeninis ekranas, leid\u017eiantis valdyti proces\u0105 ir pasirinkti geriausiai j\u016bs\u0173 gaminiui tinkant\u012f re\u017eim\u0105, jis yra tylesnis nei a <strong>mai\u0161ytuvas<\/strong> tradicinis d\u0117l apsauginio ekrano, kuris savo ruo\u017etu u\u017etikrina saugum\u0105 mai\u0161ymo stiklui d\u016b\u017etant. 1350 vat\u0173 didel\u0117s galios varinis variklis u\u017etikrina auk\u0161t\u0105 mai\u0161ymo efektyvum\u0105.<\/p>\n<h6><strong>Garantija\u00a0<span style=\"color: #ff0000;\">KAM<\/span><span style=\"color: #0000ff;\">R<\/span>C 2 METAI<\/strong><\/h6>\n<h6><span style=\"color: #008000;\">Efektyvus elektrinis mal\u016bn\u0117lis, ma\u017eos s\u0105naudos 1350w<\/span><\/h6>\n<h6><strong>\u012ftraukta technin\u0117 pagalba<\/strong><\/h6>","protected":false},"featured_media":3114,"comment_status":"open","ping_status":"closed","template":"","meta":{"wds_primary_product_brand":0,"wds_primary_product_cat":0},"product_brand":[],"product_cat":[43,65,59,68],"product_tag":[],"class_list":{"0":"post-3105","1":"product","2":"type-product","3":"status-publish","4":"has-post-thumbnail","6":"product_cat-cortadoras-de-alimentos","7":"product_cat-maquinaria-industrial-para-procesar-fruta-verdura-panales","8":"product_cat-hielo","9":"product_cat-trituradoras-picadoras-de-frutas-y-verduras","10":"product_shipping_class-hosteleria","12":"first","13":"instock","14":"sale","15":"taxable","16":"shipping-taxable","17":"purchasable","18":"product-type-simple"},"yoast_head":"<!-- This site is optimized with the Yoast SEO Premium plugin v24.9 (Yoast SEO v26.1) - https:\/\/yoast.com\/wordpress\/plugins\/seo\/ -->\n<title>Batidora, licuadora profesional de altas revoluciones\u00a0 - distribuci\u00f3n ARC<\/title>\n<meta name=\"robots\" content=\"index, follow, max-snippet:-1, max-image-preview:large, max-video-preview:-1\" \/>\n<link rel=\"canonical\" href=\"https:\/\/www.distribucionarc.com\/producto\/batidora-licuadora-profesional-de-altas-revoluciones\/\" \/>\n<meta property=\"og:locale\" content=\"lt_LT\" \/>\n<meta property=\"og:type\" content=\"article\" \/>\n<meta property=\"og:title\" content=\"Batidora, licuadora profesional de altas revoluciones\u00a0\" \/>\n<meta property=\"og:description\" content=\"Batidora, licuadora profesional de altas revoluciones Esta licuadora profesional ARC es multifuncional puede realizar batidos y zumos sencillos o incluso smoothies con pulpas congeladas o gran cantidad de hielo sin importar la dureza del producto. Adopta la tecnolog\u00eda m\u00e1s reciente de mezcla capaz de triturar con facilidad frutas duras, pulpas congeladas, hielo, cereales. La batidora cuenta con una pantalla digital para controlar el proceso y escoger la modalidad que m\u00e1s de adapte a su producto, es m\u00e1s silenciosa que una mezcladora tradicional gracias a una pantalla protectora que a su vez le asegura seguridad en caso de que el vaso mezclador seda. El motor de cobre de alta potencia de 1350 vatios garantiza una alta eficiencia de mezcla. Garant\u00eda\u00a0ARC 2 A\u00d1OS Molinillo el\u00e9ctrico eficiente, bajo consumo 1350w soporte t\u00e9cnico incluido\" \/>\n<meta property=\"og:url\" content=\"https:\/\/www.distribucionarc.com\/producto\/batidora-licuadora-profesional-de-altas-revoluciones\/\" \/>\n<meta property=\"og:site_name\" content=\"distribuci\u00f3n ARC\" \/>\n<meta property=\"article:modified_time\" content=\"2020-10-01T13:58:18+00:00\" \/>\n<meta property=\"og:image\" content=\"https:\/\/www.distribucionarc.com\/wp-content\/uploads\/2020\/09\/Batidora-licuadora-profesional-de-altas-revoluciones-0.jpg\" \/>\n\t<meta property=\"og:image:width\" content=\"1600\" \/>\n\t<meta property=\"og:image:height\" content=\"1600\" \/>\n\t<meta property=\"og:image:type\" content=\"image\/jpeg\" \/>\n<meta name=\"twitter:card\" content=\"summary_large_image\" \/>\n<meta name=\"twitter:label1\" content=\"Est. reading time\" \/>\n\t<meta name=\"twitter:data1\" content=\"1 minut\u0117\" \/>\n<script type=\"application\/ld+json\" class=\"yoast-schema-graph\">{\"@context\":\"https:\/\/schema.org\",\"@graph\":[{\"@type\":\"WebPage\",\"@id\":\"https:\/\/www.distribucionarc.com\/producto\/batidora-licuadora-profesional-de-altas-revoluciones\/\",\"url\":\"https:\/\/www.distribucionarc.com\/producto\/batidora-licuadora-profesional-de-altas-revoluciones\/\",\"name\":\"Batidora, licuadora profesional de altas revoluciones\u00a0 - distribuci\u00f3n ARC\",\"isPartOf\":{\"@id\":\"https:\/\/distribucionarc.com\/ro\/#website\"},\"primaryImageOfPage\":{\"@id\":\"https:\/\/www.distribucionarc.com\/producto\/batidora-licuadora-profesional-de-altas-revoluciones\/#primaryimage\"},\"image\":{\"@id\":\"https:\/\/www.distribucionarc.com\/producto\/batidora-licuadora-profesional-de-altas-revoluciones\/#primaryimage\"},\"thumbnailUrl\":\"https:\/\/distribucionarc.com\/wp-content\/uploads\/2020\/09\/Batidora-licuadora-profesional-de-altas-revoluciones-0.jpg\",\"datePublished\":\"2020-09-21T16:13:03+00:00\",\"dateModified\":\"2020-10-01T13:58:18+00:00\",\"breadcrumb\":{\"@id\":\"https:\/\/www.distribucionarc.com\/producto\/batidora-licuadora-profesional-de-altas-revoluciones\/#breadcrumb\"},\"inLanguage\":\"lt-LT\",\"potentialAction\":[{\"@type\":\"ReadAction\",\"target\":[\"https:\/\/www.distribucionarc.com\/producto\/batidora-licuadora-profesional-de-altas-revoluciones\/\"]}]},{\"@type\":\"ImageObject\",\"inLanguage\":\"lt-LT\",\"@id\":\"https:\/\/www.distribucionarc.com\/producto\/batidora-licuadora-profesional-de-altas-revoluciones\/#primaryimage\",\"url\":\"https:\/\/distribucionarc.com\/wp-content\/uploads\/2020\/09\/Batidora-licuadora-profesional-de-altas-revoluciones-0.jpg\",\"contentUrl\":\"https:\/\/distribucionarc.com\/wp-content\/uploads\/2020\/09\/Batidora-licuadora-profesional-de-altas-revoluciones-0.jpg\",\"width\":1600,\"height\":1600,\"caption\":\"Batidora, licuadora profesional de altas revoluciones\u00a0\"},{\"@type\":\"BreadcrumbList\",\"@id\":\"https:\/\/www.distribucionarc.com\/producto\/batidora-licuadora-profesional-de-altas-revoluciones\/#breadcrumb\",\"itemListElement\":[{\"@type\":\"ListItem\",\"position\":1,\"name\":\"Portada\",\"item\":\"https:\/\/distribucionarc.com\/ar\/\"},{\"@type\":\"ListItem\",\"position\":2,\"name\":\"Proizvodi\",\"item\":\"https:\/\/www.distribucionarc.com\/hr\/ducan\/\"},{\"@type\":\"ListItem\",\"position\":3,\"name\":\"Batidora, licuadora profesional de altas revoluciones\u00a0\"}]},{\"@type\":\"WebSite\",\"@id\":\"https:\/\/distribucionarc.com\/ro\/#website\",\"url\":\"https:\/\/distribucionarc.com\/ro\/\",\"name\":\"distribuci\u00f3n ARC\",\"description\":\"Empresa especializada en la fabricaci\u00f3n y distribuci\u00f3n de maquinaria industrial, selladoras de latas, Maquinas de hacer pastillas, Maquinas de cortar carne...\",\"publisher\":{\"@id\":\"https:\/\/distribucionarc.com\/ro\/#organization\"},\"potentialAction\":[{\"@type\":\"SearchAction\",\"target\":{\"@type\":\"EntryPoint\",\"urlTemplate\":\"https:\/\/distribucionarc.com\/ro\/?s={search_term_string}\"},\"query-input\":{\"@type\":\"PropertyValueSpecification\",\"valueRequired\":true,\"valueName\":\"search_term_string\"}}],\"inLanguage\":\"lt-LT\"},{\"@type\":\"Organization\",\"@id\":\"https:\/\/distribucionarc.com\/ro\/#organization\",\"name\":\"Distribuci\u00f3n ARC\",\"url\":\"https:\/\/distribucionarc.com\/ro\/\",\"logo\":{\"@type\":\"ImageObject\",\"inLanguage\":\"lt-LT\",\"@id\":\"https:\/\/distribucionarc.com\/ro\/#\/schema\/logo\/image\/\",\"url\":\"https:\/\/distribucionarc.com\/wp-content\/uploads\/2024\/10\/distribucion-ARC-COLOR-SIN-FONDO-e1732295305345.png\",\"contentUrl\":\"https:\/\/distribucionarc.com\/wp-content\/uploads\/2024\/10\/distribucion-ARC-COLOR-SIN-FONDO-e1732295305345.png\",\"width\":1164,\"height\":558,\"caption\":\"Distribuci\u00f3n ARC\"},\"image\":{\"@id\":\"https:\/\/distribucionarc.com\/ro\/#\/schema\/logo\/image\/\"},\"description\":\"Empresa especializada en la fabricaci\u00f3n y distribuci\u00f3n de maquinaria industrial para los sectores alimentario y farmac\u00e9utico. Nos especializamos en: M\u00e1quinas de cortar carne Fabricaci\u00f3n de comprimidos Sistemas de transporte industrial L\u00edneas de embotellado Dosificadores Y mucho m\u00e1s... Ofrecemos soluciones innovadoras y personalizadas para optimizar los procesos productivos de tu empresa.\",\"email\":\"Admistracion@distribucionarc.com\",\"telephone\":\"+34 643496664\",\"legalName\":\"ARC TECH SOLUTIONS\",\"foundingDate\":\"2024-04-09\",\"vatID\":\"B55480172\",\"numberOfEmployees\":{\"@type\":\"QuantitativeValue\",\"minValue\":\"1\",\"maxValue\":\"10\"}}]}<\/script>\n<!-- \/ Yoast SEO Premium plugin. -->","yoast_head_json":{"title":"Blenderis, profesionalus greitaeigis blenderis \u2013 ARC paskirstymas","robots":{"index":"index","follow":"follow","max-snippet":"max-snippet:-1","max-image-preview":"max-image-preview:large","max-video-preview":"max-video-preview:-1"},"canonical":"https:\/\/www.distribucionarc.com\/producto\/batidora-licuadora-profesional-de-altas-revoluciones\/","og_locale":"lt_LT","og_type":"article","og_title":"Batidora, licuadora profesional de altas revoluciones\u00a0","og_description":"Batidora, licuadora profesional de altas revoluciones Esta licuadora profesional ARC es multifuncional puede realizar batidos y zumos sencillos o incluso smoothies con pulpas congeladas o gran cantidad de hielo sin importar la dureza del producto. Adopta la tecnolog\u00eda m\u00e1s reciente de mezcla capaz de triturar con facilidad frutas duras, pulpas congeladas, hielo, cereales. La batidora cuenta con una pantalla digital para controlar el proceso y escoger la modalidad que m\u00e1s de adapte a su producto, es m\u00e1s silenciosa que una mezcladora tradicional gracias a una pantalla protectora que a su vez le asegura seguridad en caso de que el vaso mezclador seda. El motor de cobre de alta potencia de 1350 vatios garantiza una alta eficiencia de mezcla. Garant\u00eda\u00a0ARC 2 A\u00d1OS Molinillo el\u00e9ctrico eficiente, bajo consumo 1350w soporte t\u00e9cnico incluido","og_url":"https:\/\/www.distribucionarc.com\/producto\/batidora-licuadora-profesional-de-altas-revoluciones\/","og_site_name":"distribuci\u00f3n ARC","article_modified_time":"2020-10-01T13:58:18+00:00","og_image":[{"width":1600,"height":1600,"url":"https:\/\/www.distribucionarc.com\/wp-content\/uploads\/2020\/09\/Batidora-licuadora-profesional-de-altas-revoluciones-0.jpg","type":"image\/jpeg"}],"twitter_card":"summary_large_image","twitter_misc":{"Est. reading time":"1 minut\u0117"},"schema":{"@context":"https:\/\/schema.org","@graph":[{"@type":"WebPage","@id":"https:\/\/www.distribucionarc.com\/producto\/batidora-licuadora-profesional-de-altas-revoluciones\/","url":"https:\/\/www.distribucionarc.com\/producto\/batidora-licuadora-profesional-de-altas-revoluciones\/","name":"Blenderis, profesionalus greitaeigis blenderis \u2013 ARC paskirstymas","isPartOf":{"@id":"https:\/\/distribucionarc.com\/ro\/#website"},"primaryImageOfPage":{"@id":"https:\/\/www.distribucionarc.com\/producto\/batidora-licuadora-profesional-de-altas-revoluciones\/#primaryimage"},"image":{"@id":"https:\/\/www.distribucionarc.com\/producto\/batidora-licuadora-profesional-de-altas-revoluciones\/#primaryimage"},"thumbnailUrl":"https:\/\/distribucionarc.com\/wp-content\/uploads\/2020\/09\/Batidora-licuadora-profesional-de-altas-revoluciones-0.jpg","datePublished":"2020-09-21T16:13:03+00:00","dateModified":"2020-10-01T13:58:18+00:00","breadcrumb":{"@id":"https:\/\/www.distribucionarc.com\/producto\/batidora-licuadora-profesional-de-altas-revoluciones\/#breadcrumb"},"inLanguage":"lt-LT","potentialAction":[{"@type":"ReadAction","target":["https:\/\/www.distribucionarc.com\/producto\/batidora-licuadora-profesional-de-altas-revoluciones\/"]}]},{"@type":"ImageObject","inLanguage":"lt-LT","@id":"https:\/\/www.distribucionarc.com\/producto\/batidora-licuadora-profesional-de-altas-revoluciones\/#primaryimage","url":"https:\/\/distribucionarc.com\/wp-content\/uploads\/2020\/09\/Batidora-licuadora-profesional-de-altas-revoluciones-0.jpg","contentUrl":"https:\/\/distribucionarc.com\/wp-content\/uploads\/2020\/09\/Batidora-licuadora-profesional-de-altas-revoluciones-0.jpg","width":1600,"height":1600,"caption":"Batidora, licuadora profesional de altas revoluciones\u00a0"},{"@type":"BreadcrumbList","@id":"https:\/\/www.distribucionarc.com\/producto\/batidora-licuadora-profesional-de-altas-revoluciones\/#breadcrumb","itemListElement":[{"@type":"ListItem","position":1,"name":"Portada","item":"https:\/\/distribucionarc.com\/ar\/"},{"@type":"ListItem","position":2,"name":"Proizvodi","item":"https:\/\/www.distribucionarc.com\/hr\/ducan\/"},{"@type":"ListItem","position":3,"name":"Batidora, licuadora profesional de altas revoluciones\u00a0"}]},{"@type":"WebSite","@id":"https:\/\/distribucionarc.com\/ro\/#website","url":"https:\/\/distribucionarc.com\/ro\/","name":"ARC paskirstymas","description":"\u012emon\u0117 specializuojasi pramonini\u0173 ma\u0161in\u0173, skardini\u0173 sandarinimo ma\u0161in\u0173, table\u010di\u0173 gamybos ma\u0161in\u0173, m\u0117sos pjaustymo ma\u0161in\u0173 gamyboje ir platinime...","publisher":{"@id":"https:\/\/distribucionarc.com\/ro\/#organization"},"potentialAction":[{"@type":"SearchAction","target":{"@type":"EntryPoint","urlTemplate":"https:\/\/distribucionarc.com\/ro\/?s={search_term_string}"},"query-input":{"@type":"PropertyValueSpecification","valueRequired":true,"valueName":"search_term_string"}}],"inLanguage":"lt-LT"},{"@type":"Organization","@id":"https:\/\/distribucionarc.com\/ro\/#organization","name":"ARC platinimas","url":"https:\/\/distribucionarc.com\/ro\/","logo":{"@type":"ImageObject","inLanguage":"lt-LT","@id":"https:\/\/distribucionarc.com\/ro\/#\/schema\/logo\/image\/","url":"https:\/\/distribucionarc.com\/wp-content\/uploads\/2024\/10\/distribucion-ARC-COLOR-SIN-FONDO-e1732295305345.png","contentUrl":"https:\/\/distribucionarc.com\/wp-content\/uploads\/2024\/10\/distribucion-ARC-COLOR-SIN-FONDO-e1732295305345.png","width":1164,"height":558,"caption":"Distribuci\u00f3n ARC"},"image":{"@id":"https:\/\/distribucionarc.com\/ro\/#\/schema\/logo\/image\/"},"description":"\u012emon\u0117 specializuojasi maisto ir farmacijos sektoriams skirt\u0173 pramonini\u0173 ma\u0161in\u0173 gamyboje ir platinime. M\u016bs\u0173 specializacija: M\u0117sos pjaustymo ma\u0161inos Table\u010di\u0173 gamyba Pramonin\u0117s transportavimo sistemos I\u0161pilstymo linijos Dozatoriai Ir dar daugiau... Si\u016blome novatori\u0161kus ir individualiems poreikiams pritaikytus sprendimus, kad optimizuotume j\u016bs\u0173 \u012fmon\u0117s gamybos procesus.","email":"Admistracion@distribucionarc.com","telephone":"+34 643496664","legalName":"ARC TECH SOLUTIONS","foundingDate":"2024-04-09","vatID":"B55480172","numberOfEmployees":{"@type":"QuantitativeValue","minValue":"1","maxValue":"10"}}]}},"_links":{"self":[{"href":"https:\/\/distribucionarc.com\/lt\/wp-json\/wp\/v2\/product\/3105","targetHints":{"allow":["GET"]}}],"collection":[{"href":"https:\/\/distribucionarc.com\/lt\/wp-json\/wp\/v2\/product"}],"about":[{"href":"https:\/\/distribucionarc.com\/lt\/wp-json\/wp\/v2\/types\/product"}],"replies":[{"embeddable":true,"href":"https:\/\/distribucionarc.com\/lt\/wp-json\/wp\/v2\/comments?post=3105"}],"version-history":[{"count":0,"href":"https:\/\/distribucionarc.com\/lt\/wp-json\/wp\/v2\/product\/3105\/revisions"}],"wp:featuredmedia":[{"embeddable":true,"href":"https:\/\/distribucionarc.com\/lt\/wp-json\/wp\/v2\/media\/3114"}],"wp:attachment":[{"href":"https:\/\/distribucionarc.com\/lt\/wp-json\/wp\/v2\/media?parent=3105"}],"wp:term":[{"taxonomy":"product_brand","embeddable":true,"href":"https:\/\/distribucionarc.com\/lt\/wp-json\/wp\/v2\/product_brand?post=3105"},{"taxonomy":"product_cat","embeddable":true,"href":"https:\/\/distribucionarc.com\/lt\/wp-json\/wp\/v2\/product_cat?post=3105"},{"taxonomy":"product_tag","embeddable":true,"href":"https:\/\/distribucionarc.com\/lt\/wp-json\/wp\/v2\/product_tag?post=3105"}],"curies":[{"name":"wp","href":"https:\/\/api.w.org\/{rel}","templated":true}]}}