{"id":3120,"date":"2020-09-23T14:17:23","date_gmt":"2020-09-23T14:17:23","guid":{"rendered":"https:\/\/distribucionarc.com\/?post_type=product&#038;p=3120"},"modified":"2024-08-17T11:39:49","modified_gmt":"2024-08-17T11:39:49","slug":"kapsuliu-tableciu-tableciu-pildymo-masina-400-skyluciu","status":"publish","type":"product","link":"https:\/\/distribucionarc.com\/lt\/producto\/maquina-llenadora-para-capsulas-pildoras-pastillas-400-agujeros\/","title":{"rendered":"Kapsuli\u0173, table\u010di\u0173, table\u010di\u0173 pildymo ma\u0161ina 400 skyli\u0173"},"content":{"rendered":"<h3>Kapsuli\u0173, table\u010di\u0173, table\u010di\u0173 pildymo ma\u0161ina 400 skyli\u0173<\/h3>\n<p>Tai lemia dozavimo paprastumas ir vidutin\u0117 galia <strong>u\u017epildas <span style=\"color: #ff0000;\">KAM<\/span><span style=\"color: #0000ff;\">R<\/span>c<\/strong> b\u016bti idealus:<strong> Kapsuliavimo operacijos<\/strong> didel\u0117 \u012fvairov\u0117 ir ma\u017eas t\u016bris.<\/p>\n<p>Su \u0161iuo <strong>inkapsuliatorius <span style=\"color: #ff0000;\">KAM<\/span><span style=\"color: #0000ff;\">R<\/span>CLLC400<\/strong>, lengva paversti miltelius \u012f lengvai praryjamas kapsules. U\u017epildykite savo kapsules \u017eoleli\u0173 milteliais, maisto papildais, vitaminais, aliejais arba savo pasirinktomis formul\u0117mis.<\/p>\n<p>Tai <strong>table\u010di\u0173 dozatorius<\/strong> Jis pagamintas i\u0161 GMP kieto silikono, kuris atitinka saugos ir higienos reikalavimus. Jame yra 400 kapsuliavimo ang\u0173, i\u0161 kuri\u0173 galima gaminti partijas<strong> 400 table\u010di\u0173<\/strong> per kelias minutes, priklausomai nuo operatoriaus \u012fg\u016bd\u017ei\u0173.<\/p>\n<div style=\"width: 640px;\" class=\"wp-video\"><video class=\"wp-video-shortcode\" id=\"video-3120-1\" width=\"640\" height=\"352\" preload=\"metadata\" controls=\"controls\"><source type=\"video\/mp4\" src=\"https:\/\/distribucionarc.com\/wp-content\/uploads\/2020\/09\/Encapsuladora-de-pastillas-manual.mp4?_=1\" \/><a href=\"https:\/\/distribucionarc.com\/wp-content\/uploads\/2020\/09\/Encapsuladora-de-pastillas-manual.mp4\">https:\/\/distribucionarc.com\/wp-content\/uploads\/2020\/09\/Encapsuladora-de-pastillas-manual.mp4<\/a><\/video><\/div>\n<h6><strong>Garantija\u00a0<\/strong><span style=\"color: #0000ff;\"><span style=\"color: #ff0000;\"><strong>KAM<\/strong><\/span><strong>R<\/strong><\/span><strong>C 2 METAI<\/strong><\/h6>\n<h6><strong>\u012ftraukta technin\u0117 pagalba<\/strong><\/h6>\n<p>&nbsp;<\/p>\n<table width=\"100%\">\n<tbody>\n<tr>\n<td>Vaikinas:<\/td>\n<td width=\"50%\">vadovas<\/td>\n<td colspan=\"2\" width=\"327\"><\/td>\n<\/tr>\n<tr>\n<td>Platinimo \u0161alis:<\/td>\n<td width=\"50%\">Ispanija, Vokietija, JAV<\/td>\n<td>Svoris:<\/td>\n<td width=\"50%\">4,5 kg<\/td>\n<\/tr>\n<tr>\n<td>Prekinis \u017eenklas:<\/td>\n<td width=\"50%\">ARC<\/td>\n<td>Auk\u0161tis:<\/td>\n<td width=\"50%\">16 cm<\/td>\n<\/tr>\n<tr>\n<td>Spalva:<\/td>\n<td width=\"50%\">Sidabras<\/td>\n<td>Ilgas:<\/td>\n<td width=\"50%\">45 cm<\/td>\n<\/tr>\n<tr>\n<td>Produkto tipas:<\/td>\n<td width=\"50%\">m\u0117saini\u0173 gamintojas<\/td>\n<td>Platus:<\/td>\n<td width=\"50%\">31 cm<\/td>\n<\/tr>\n<tr>\n<td>Gamintojo numeris:<\/td>\n<td width=\"50%\">ARCLLC400<\/td>\n<td>Gamyba:<\/td>\n<td width=\"50%\">400 vienet\u0173<\/td>\n<\/tr>\n<tr>\n<td>Med\u017eiaga:<\/td>\n<td width=\"50%\">GMP kietas silikonas<\/td>\n<td>Gamybos metodas:<\/td>\n<td width=\"50%\">3000 \u2013 4000 vienet\u0173 per valand\u0105 priklausomai nuo darbuotojo galimybi\u0173<\/td>\n<\/tr>\n<tr>\n<td>Garantija:<\/td>\n<td width=\"50%\">2 metai<\/td>\n<td>Kvalifikuotas tarifas:<\/td>\n<td width=\"50%\">&gt;99%<\/td>\n<\/tr>\n<tr>\n<td>Montavimo \u012frankiai:<\/td>\n<td width=\"50%\">Taip<\/td>\n<td>Tikslumas:<\/td>\n<td width=\"50%\">R 0,05 mm<\/td>\n<\/tr>\n<\/tbody>\n<\/table>","protected":false},"excerpt":{"rendered":"<h2>Kapsuli\u0173, table\u010di\u0173, table\u010di\u0173 pildymo ma\u0161ina 400 skyli\u0173<\/h2>\n<p>Tai <strong>kapsul\u0117s dozatorius<\/strong> Jis pagamintas i\u0161 GMP kieto silikono ir turi 400 skyli\u0173. Tai yra <strong>u\u017epildas<\/strong> da\u017eniausiai naudojamas jo tipas <strong>farmacijos pramon\u0117<\/strong>. Greit\u0105 ir efektyv\u0173 proces\u0105 garantuoja daugyb\u0117 per daugel\u012f met\u0173 padaryt\u0173 patobulinim\u0173, pla\u010diai ir \u012fvairiai taikant pramon\u0117je. Su \u0161iuo kapsuli\u0173 aparatu lengva paversti miltelius \u012f lengvai praryjamas kapsules. U\u017epildykite savo kapsules \u017eoleli\u0173 milteliais, maisto papildais, vitaminais, aliejais arba savo pasirinktomis formul\u0117mis<\/p>\n<h6><strong>Garantija\u00a0<\/strong><span style=\"color: #0000ff;\"><span style=\"color: #ff0000;\"><strong>KAM<\/strong><\/span><strong>R<\/strong><\/span><strong>C 2 METAI<\/strong><\/h6>\n<h6><strong>\u012ftraukta technin\u0117 pagalba<\/strong><\/h6>","protected":false},"featured_media":3121,"comment_status":"open","ping_status":"closed","template":"","meta":{"wds_primary_product_brand":0,"wds_primary_product_cat":0},"product_brand":[],"product_cat":[29,84],"product_tag":[],"class_list":{"0":"post-3120","1":"product","2":"type-product","3":"status-publish","4":"has-post-thumbnail","6":"product_cat-maquinas-industria-quimica","7":"product_cat-maquinas-para-hacer-pastillas","8":"product_shipping_class-hosteleria","10":"first","11":"instock","12":"taxable","13":"shipping-taxable","14":"purchasable","15":"product-type-simple"},"yoast_head":"<!-- This site is optimized with the Yoast SEO Premium plugin v24.9 (Yoast SEO v26.1) - https:\/\/yoast.com\/wordpress\/plugins\/seo\/ -->\n<title>Maquina llenadora para c\u00e1psulas, p\u00edldoras, pastillas 400 agujeros - distribuci\u00f3n ARC<\/title>\n<meta name=\"robots\" content=\"index, follow, max-snippet:-1, max-image-preview:large, max-video-preview:-1\" \/>\n<link rel=\"canonical\" href=\"https:\/\/jagdesd.tempurl.host\/el\/producto\/maquina-llenadora-para-capsulas-pildoras-pastillas-400-agujeros\/\" \/>\n<meta property=\"og:locale\" content=\"lt_LT\" \/>\n<meta property=\"og:type\" content=\"article\" \/>\n<meta property=\"og:title\" content=\"Maquina llenadora para c\u00e1psulas, p\u00edldoras, pastillas 400 agujeros\" \/>\n<meta property=\"og:description\" content=\"Maquina llenadora para c\u00e1psulas, p\u00edldoras, pastillas 400 agujeros Esta dosificadora de c\u00e1psulas est\u00e1 fabricada de silicona dura GMP cuenta con 400 orificios. Es la llenadora m\u00e1s utilizada de su tipo en la industria farmac\u00e9utica. El proceso es r\u00e1pido y eficiente est\u00e1n garantizado por las muchas mejoras realizadas a lo largo de los a\u00f1os en su amplia y variada aplicaci\u00f3n en la industria. Con esta m\u00e1quina de c\u00e1psulas, es f\u00e1cil convertir los polvos en c\u00e1psulas f\u00e1ciles de tragar. Llene sus c\u00e1psulas con hierbas en polvo, suplementos diet\u00e9ticos, vitaminas, aceites o sus propias f\u00f3rmulas personalizadas Garant\u00eda\u00a0ARC 2 A\u00d1OS soporte t\u00e9cnico\u00a0incluido\" \/>\n<meta property=\"og:url\" content=\"https:\/\/jagdesd.tempurl.host\/el\/producto\/maquina-llenadora-para-capsulas-pildoras-pastillas-400-agujeros\/\" \/>\n<meta property=\"og:site_name\" content=\"distribuci\u00f3n ARC\" \/>\n<meta property=\"article:modified_time\" content=\"2024-08-17T11:39:49+00:00\" \/>\n<meta property=\"og:image\" content=\"https:\/\/distribucionarc.com\/wp-content\/uploads\/2020\/09\/M\u00e1quina-llenadora-para-c\u00e1psulas-p\u00edldoras-pastillas-400-agujeros-0.jpg\" \/>\n\t<meta property=\"og:image:width\" content=\"1600\" \/>\n\t<meta property=\"og:image:height\" content=\"1600\" \/>\n\t<meta property=\"og:image:type\" content=\"image\/jpeg\" \/>\n<meta name=\"twitter:card\" content=\"summary_large_image\" \/>\n<meta name=\"twitter:label1\" content=\"Est. reading time\" \/>\n\t<meta name=\"twitter:data1\" content=\"1 minut\u0117\" \/>\n<script type=\"application\/ld+json\" class=\"yoast-schema-graph\">{\"@context\":\"https:\/\/schema.org\",\"@graph\":[{\"@type\":\"WebPage\",\"@id\":\"https:\/\/jagdesd.tempurl.host\/el\/producto\/maquina-llenadora-para-capsulas-pildoras-pastillas-400-agujeros\/\",\"url\":\"https:\/\/jagdesd.tempurl.host\/el\/producto\/maquina-llenadora-para-capsulas-pildoras-pastillas-400-agujeros\/\",\"name\":\"Maquina llenadora para c\u00e1psulas, p\u00edldoras, pastillas 400 agujeros - distribuci\u00f3n ARC\",\"isPartOf\":{\"@id\":\"https:\/\/distribucionarc.com\/ar\/#website\"},\"primaryImageOfPage\":{\"@id\":\"https:\/\/jagdesd.tempurl.host\/el\/producto\/maquina-llenadora-para-capsulas-pildoras-pastillas-400-agujeros\/#primaryimage\"},\"image\":{\"@id\":\"https:\/\/jagdesd.tempurl.host\/el\/producto\/maquina-llenadora-para-capsulas-pildoras-pastillas-400-agujeros\/#primaryimage\"},\"thumbnailUrl\":\"https:\/\/distribucionarc.com\/wp-content\/uploads\/2020\/09\/M\u00e1quina-llenadora-para-c\u00e1psulas-p\u00edldoras-pastillas-400-agujeros-0.jpg\",\"datePublished\":\"2020-09-23T14:17:23+00:00\",\"dateModified\":\"2024-08-17T11:39:49+00:00\",\"breadcrumb\":{\"@id\":\"https:\/\/jagdesd.tempurl.host\/el\/producto\/maquina-llenadora-para-capsulas-pildoras-pastillas-400-agujeros\/#breadcrumb\"},\"inLanguage\":\"lt-LT\",\"potentialAction\":[{\"@type\":\"ReadAction\",\"target\":[\"https:\/\/jagdesd.tempurl.host\/el\/producto\/maquina-llenadora-para-capsulas-pildoras-pastillas-400-agujeros\/\"]}]},{\"@type\":\"ImageObject\",\"inLanguage\":\"lt-LT\",\"@id\":\"https:\/\/jagdesd.tempurl.host\/el\/producto\/maquina-llenadora-para-capsulas-pildoras-pastillas-400-agujeros\/#primaryimage\",\"url\":\"https:\/\/distribucionarc.com\/wp-content\/uploads\/2020\/09\/M\u00e1quina-llenadora-para-c\u00e1psulas-p\u00edldoras-pastillas-400-agujeros-0.jpg\",\"contentUrl\":\"https:\/\/distribucionarc.com\/wp-content\/uploads\/2020\/09\/M\u00e1quina-llenadora-para-c\u00e1psulas-p\u00edldoras-pastillas-400-agujeros-0.jpg\",\"width\":1600,\"height\":1600,\"caption\":\"Maquina llenadora para c\u00e1psulas, p\u00edldoras, pastillas 400 agujeros\"},{\"@type\":\"BreadcrumbList\",\"@id\":\"https:\/\/jagdesd.tempurl.host\/el\/producto\/maquina-llenadora-para-capsulas-pildoras-pastillas-400-agujeros\/#breadcrumb\",\"itemListElement\":[{\"@type\":\"ListItem\",\"position\":1,\"name\":\"Portada\",\"item\":\"https:\/\/www.distribucionarc.com\/pt\/\"},{\"@type\":\"ListItem\",\"position\":2,\"name\":\"Produtos\",\"item\":\"https:\/\/www.distribucionarc.com\/pt\/shop\/\"},{\"@type\":\"ListItem\",\"position\":3,\"name\":\"Maquina llenadora para c\u00e1psulas, p\u00edldoras, pastillas 400 agujeros\"}]},{\"@type\":\"WebSite\",\"@id\":\"https:\/\/distribucionarc.com\/ar\/#website\",\"url\":\"https:\/\/distribucionarc.com\/ar\/\",\"name\":\"distribuci\u00f3n ARC\",\"description\":\"Empresa especializada en la fabricaci\u00f3n y distribuci\u00f3n de maquinaria industrial, selladoras de latas, Maquinas de hacer pastillas, Maquinas de cortar carne...\",\"publisher\":{\"@id\":\"https:\/\/distribucionarc.com\/ar\/#organization\"},\"potentialAction\":[{\"@type\":\"SearchAction\",\"target\":{\"@type\":\"EntryPoint\",\"urlTemplate\":\"https:\/\/distribucionarc.com\/ar\/?s={search_term_string}\"},\"query-input\":{\"@type\":\"PropertyValueSpecification\",\"valueRequired\":true,\"valueName\":\"search_term_string\"}}],\"inLanguage\":\"lt-LT\"},{\"@type\":\"Organization\",\"@id\":\"https:\/\/distribucionarc.com\/ar\/#organization\",\"name\":\"Distribuci\u00f3n ARC\",\"url\":\"https:\/\/distribucionarc.com\/ar\/\",\"logo\":{\"@type\":\"ImageObject\",\"inLanguage\":\"lt-LT\",\"@id\":\"https:\/\/distribucionarc.com\/ar\/#\/schema\/logo\/image\/\",\"url\":\"https:\/\/distribucionarc.com\/wp-content\/uploads\/2024\/10\/distribucion-ARC-COLOR-SIN-FONDO-e1732295305345.png\",\"contentUrl\":\"https:\/\/distribucionarc.com\/wp-content\/uploads\/2024\/10\/distribucion-ARC-COLOR-SIN-FONDO-e1732295305345.png\",\"width\":1164,\"height\":558,\"caption\":\"Distribuci\u00f3n ARC\"},\"image\":{\"@id\":\"https:\/\/distribucionarc.com\/ar\/#\/schema\/logo\/image\/\"},\"description\":\"Empresa especializada en la fabricaci\u00f3n y distribuci\u00f3n de maquinaria industrial para los sectores alimentario y farmac\u00e9utico. Nos especializamos en: M\u00e1quinas de cortar carne Fabricaci\u00f3n de comprimidos Sistemas de transporte industrial L\u00edneas de embotellado Dosificadores Y mucho m\u00e1s... Ofrecemos soluciones innovadoras y personalizadas para optimizar los procesos productivos de tu empresa.\",\"email\":\"Admistracion@distribucionarc.com\",\"telephone\":\"+34 643496664\",\"legalName\":\"ARC TECH SOLUTIONS\",\"foundingDate\":\"2024-04-09\",\"vatID\":\"B55480172\",\"numberOfEmployees\":{\"@type\":\"QuantitativeValue\",\"minValue\":\"1\",\"maxValue\":\"10\"}}]}<\/script>\n<!-- \/ Yoast SEO Premium plugin. -->","yoast_head_json":{"title":"Kapsuli\u0173, table\u010di\u0173, table\u010di\u0173 pildymo ma\u0161ina 400 skyli\u0173 - ARC paskirstymas","robots":{"index":"index","follow":"follow","max-snippet":"max-snippet:-1","max-image-preview":"max-image-preview:large","max-video-preview":"max-video-preview:-1"},"canonical":"https:\/\/jagdesd.tempurl.host\/el\/producto\/maquina-llenadora-para-capsulas-pildoras-pastillas-400-agujeros\/","og_locale":"lt_LT","og_type":"article","og_title":"Maquina llenadora para c\u00e1psulas, p\u00edldoras, pastillas 400 agujeros","og_description":"Maquina llenadora para c\u00e1psulas, p\u00edldoras, pastillas 400 agujeros Esta dosificadora de c\u00e1psulas est\u00e1 fabricada de silicona dura GMP cuenta con 400 orificios. Es la llenadora m\u00e1s utilizada de su tipo en la industria farmac\u00e9utica. El proceso es r\u00e1pido y eficiente est\u00e1n garantizado por las muchas mejoras realizadas a lo largo de los a\u00f1os en su amplia y variada aplicaci\u00f3n en la industria. Con esta m\u00e1quina de c\u00e1psulas, es f\u00e1cil convertir los polvos en c\u00e1psulas f\u00e1ciles de tragar. Llene sus c\u00e1psulas con hierbas en polvo, suplementos diet\u00e9ticos, vitaminas, aceites o sus propias f\u00f3rmulas personalizadas Garant\u00eda\u00a0ARC 2 A\u00d1OS soporte t\u00e9cnico\u00a0incluido","og_url":"https:\/\/jagdesd.tempurl.host\/el\/producto\/maquina-llenadora-para-capsulas-pildoras-pastillas-400-agujeros\/","og_site_name":"distribuci\u00f3n ARC","article_modified_time":"2024-08-17T11:39:49+00:00","og_image":[{"width":1600,"height":1600,"url":"https:\/\/distribucionarc.com\/wp-content\/uploads\/2020\/09\/M\u00e1quina-llenadora-para-c\u00e1psulas-p\u00edldoras-pastillas-400-agujeros-0.jpg","type":"image\/jpeg"}],"twitter_card":"summary_large_image","twitter_misc":{"Est. reading time":"1 minut\u0117"},"schema":{"@context":"https:\/\/schema.org","@graph":[{"@type":"WebPage","@id":"https:\/\/jagdesd.tempurl.host\/el\/producto\/maquina-llenadora-para-capsulas-pildoras-pastillas-400-agujeros\/","url":"https:\/\/jagdesd.tempurl.host\/el\/producto\/maquina-llenadora-para-capsulas-pildoras-pastillas-400-agujeros\/","name":"Kapsuli\u0173, table\u010di\u0173, table\u010di\u0173 pildymo ma\u0161ina 400 skyli\u0173 - ARC paskirstymas","isPartOf":{"@id":"https:\/\/distribucionarc.com\/ar\/#website"},"primaryImageOfPage":{"@id":"https:\/\/jagdesd.tempurl.host\/el\/producto\/maquina-llenadora-para-capsulas-pildoras-pastillas-400-agujeros\/#primaryimage"},"image":{"@id":"https:\/\/jagdesd.tempurl.host\/el\/producto\/maquina-llenadora-para-capsulas-pildoras-pastillas-400-agujeros\/#primaryimage"},"thumbnailUrl":"https:\/\/distribucionarc.com\/wp-content\/uploads\/2020\/09\/M\u00e1quina-llenadora-para-c\u00e1psulas-p\u00edldoras-pastillas-400-agujeros-0.jpg","datePublished":"2020-09-23T14:17:23+00:00","dateModified":"2024-08-17T11:39:49+00:00","breadcrumb":{"@id":"https:\/\/jagdesd.tempurl.host\/el\/producto\/maquina-llenadora-para-capsulas-pildoras-pastillas-400-agujeros\/#breadcrumb"},"inLanguage":"lt-LT","potentialAction":[{"@type":"ReadAction","target":["https:\/\/jagdesd.tempurl.host\/el\/producto\/maquina-llenadora-para-capsulas-pildoras-pastillas-400-agujeros\/"]}]},{"@type":"ImageObject","inLanguage":"lt-LT","@id":"https:\/\/jagdesd.tempurl.host\/el\/producto\/maquina-llenadora-para-capsulas-pildoras-pastillas-400-agujeros\/#primaryimage","url":"https:\/\/distribucionarc.com\/wp-content\/uploads\/2020\/09\/M\u00e1quina-llenadora-para-c\u00e1psulas-p\u00edldoras-pastillas-400-agujeros-0.jpg","contentUrl":"https:\/\/distribucionarc.com\/wp-content\/uploads\/2020\/09\/M\u00e1quina-llenadora-para-c\u00e1psulas-p\u00edldoras-pastillas-400-agujeros-0.jpg","width":1600,"height":1600,"caption":"Maquina llenadora para c\u00e1psulas, p\u00edldoras, pastillas 400 agujeros"},{"@type":"BreadcrumbList","@id":"https:\/\/jagdesd.tempurl.host\/el\/producto\/maquina-llenadora-para-capsulas-pildoras-pastillas-400-agujeros\/#breadcrumb","itemListElement":[{"@type":"ListItem","position":1,"name":"Portada","item":"https:\/\/www.distribucionarc.com\/pt\/"},{"@type":"ListItem","position":2,"name":"Produtos","item":"https:\/\/www.distribucionarc.com\/pt\/shop\/"},{"@type":"ListItem","position":3,"name":"Maquina llenadora para c\u00e1psulas, p\u00edldoras, pastillas 400 agujeros"}]},{"@type":"WebSite","@id":"https:\/\/distribucionarc.com\/ar\/#website","url":"https:\/\/distribucionarc.com\/ar\/","name":"ARC paskirstymas","description":"\u012emon\u0117 specializuojasi pramonini\u0173 ma\u0161in\u0173, skardini\u0173 sandarinimo ma\u0161in\u0173, table\u010di\u0173 gamybos ma\u0161in\u0173, m\u0117sos pjaustymo ma\u0161in\u0173 gamyboje ir platinime...","publisher":{"@id":"https:\/\/distribucionarc.com\/ar\/#organization"},"potentialAction":[{"@type":"SearchAction","target":{"@type":"EntryPoint","urlTemplate":"https:\/\/distribucionarc.com\/ar\/?s={search_term_string}"},"query-input":{"@type":"PropertyValueSpecification","valueRequired":true,"valueName":"search_term_string"}}],"inLanguage":"lt-LT"},{"@type":"Organization","@id":"https:\/\/distribucionarc.com\/ar\/#organization","name":"ARC platinimas","url":"https:\/\/distribucionarc.com\/ar\/","logo":{"@type":"ImageObject","inLanguage":"lt-LT","@id":"https:\/\/distribucionarc.com\/ar\/#\/schema\/logo\/image\/","url":"https:\/\/distribucionarc.com\/wp-content\/uploads\/2024\/10\/distribucion-ARC-COLOR-SIN-FONDO-e1732295305345.png","contentUrl":"https:\/\/distribucionarc.com\/wp-content\/uploads\/2024\/10\/distribucion-ARC-COLOR-SIN-FONDO-e1732295305345.png","width":1164,"height":558,"caption":"Distribuci\u00f3n ARC"},"image":{"@id":"https:\/\/distribucionarc.com\/ar\/#\/schema\/logo\/image\/"},"description":"\u012emon\u0117 specializuojasi maisto ir farmacijos sektoriams skirt\u0173 pramonini\u0173 ma\u0161in\u0173 gamyboje ir platinime. M\u016bs\u0173 specializacija: M\u0117sos pjaustymo ma\u0161inos Table\u010di\u0173 gamyba Pramonin\u0117s transportavimo sistemos I\u0161pilstymo linijos Dozatoriai Ir dar daugiau... Si\u016blome novatori\u0161kus ir individualiems poreikiams pritaikytus sprendimus, kad optimizuotume j\u016bs\u0173 \u012fmon\u0117s gamybos procesus.","email":"Admistracion@distribucionarc.com","telephone":"+34 643496664","legalName":"ARC TECH SOLUTIONS","foundingDate":"2024-04-09","vatID":"B55480172","numberOfEmployees":{"@type":"QuantitativeValue","minValue":"1","maxValue":"10"}}]}},"_links":{"self":[{"href":"https:\/\/distribucionarc.com\/lt\/wp-json\/wp\/v2\/product\/3120","targetHints":{"allow":["GET"]}}],"collection":[{"href":"https:\/\/distribucionarc.com\/lt\/wp-json\/wp\/v2\/product"}],"about":[{"href":"https:\/\/distribucionarc.com\/lt\/wp-json\/wp\/v2\/types\/product"}],"replies":[{"embeddable":true,"href":"https:\/\/distribucionarc.com\/lt\/wp-json\/wp\/v2\/comments?post=3120"}],"version-history":[{"count":0,"href":"https:\/\/distribucionarc.com\/lt\/wp-json\/wp\/v2\/product\/3120\/revisions"}],"wp:featuredmedia":[{"embeddable":true,"href":"https:\/\/distribucionarc.com\/lt\/wp-json\/wp\/v2\/media\/3121"}],"wp:attachment":[{"href":"https:\/\/distribucionarc.com\/lt\/wp-json\/wp\/v2\/media?parent=3120"}],"wp:term":[{"taxonomy":"product_brand","embeddable":true,"href":"https:\/\/distribucionarc.com\/lt\/wp-json\/wp\/v2\/product_brand?post=3120"},{"taxonomy":"product_cat","embeddable":true,"href":"https:\/\/distribucionarc.com\/lt\/wp-json\/wp\/v2\/product_cat?post=3120"},{"taxonomy":"product_tag","embeddable":true,"href":"https:\/\/distribucionarc.com\/lt\/wp-json\/wp\/v2\/product_tag?post=3120"}],"curies":[{"name":"wp","href":"https:\/\/api.w.org\/{rel}","templated":true}]}}