{"id":3470,"date":"2020-10-03T10:22:32","date_gmt":"2020-10-03T10:22:32","guid":{"rendered":"https:\/\/distribucionarc.com\/?post_type=product&#038;p=3470"},"modified":"2020-10-03T10:24:58","modified_gmt":"2020-10-03T10:24:58","slug":"beoris-dazu-auksto-slegio-purkstuvas","status":"publish","type":"product","link":"https:\/\/distribucionarc.com\/lt\/producto\/pulverizador-de-alta-presion-pintura-sin-aire\/","title":{"rendered":"Auk\u0161to sl\u0117gio beoris da\u017e\u0173 purk\u0161tuvas"},"content":{"rendered":"<h3>Auk\u0161to sl\u0117gio beoris da\u017e\u0173 purk\u0161tuvas<\/h3>\n<p>Tai<strong>\u00a0sien\u0173 da\u017e\u0173 pistoletas\u00a0<span style=\"color: #ff0000;\">KAM<\/span><span style=\"color: #0000ff;\">R<\/span>c<\/strong>\u00a0Pagaminta i\u0161 auk\u0161tos kokyb\u0117s ner\u016bdijan\u010dio plieno, yra atspari r\u016bdijimui ir ilgaam\u017e\u0117. Visi komponentai pagaminti taip, kad tarnaut\u0173 ilgai.  Nuimamas dizainas leid\u017eia greitai ir lengvai i\u0161valyti po pur\u0161kimo. Naudojant automatinio sustabdymo funkcij\u0105, \u0161\u012f sien\u0173 da\u017e\u0173 pistolet\u0105 taip pat lengva valdyti.<\/p>\n<p>\u012erengtas itin galingas 2000 W be\u0161epetis variklis, \u0161is variklis <strong>beoris da\u017e\u0173 pur\u0161kimo pistoletas <span style=\"color: #ff0000;\">KAM<\/span><span style=\"color: #0000ff;\">R<\/span>CPPA20<\/strong>\u00a0Tai u\u017etikrina didel\u012f patvarum\u0105 ir auk\u0161t\u0105 sl\u0117g\u012f, tod\u0117l \u0161is purk\u0161tuvas yra efektyvesnis. Labai pagerinkite savo darbo efektyvum\u0105 ir sutaupysite brang\u0173 laik\u0105. Didesnio efektyvumo danga nei 80% (30% oro pur\u0161kimas) taupo \u017ealiav\u0105.<\/p>\n<p>M\u016bs\u0173\u00a0<strong>Sien\u0173 da\u017e\u0173 purk\u0161tuvas<\/strong>\u00a0Jo maksimali apkrova, o beoris purk\u0161tuvas tinka da\u017eyti med\u017eiagas, \u012fskaitant vandens ir aliejinius vidaus ir i\u0161or\u0117s da\u017eus. Auk\u0161tas sl\u0117gis, didelis skvarbumas, padidinkite mechanin\u0119 \u012fkandimo dang\u0105 su sienos korpusu, geriau i\u0161spr\u0119skite burbuliuk\u0173, \u012ftr\u016bkim\u0173 ir kit\u0173 problem\u0173 padengim\u0105.<\/p>\n<h6><strong>Garantija\u00a0<span style=\"color: #ff0000;\">KAM<\/span><span style=\"color: #0000ff;\">R<\/span>C 2 METAI<\/strong><\/h6>\n<h6><span style=\"color: #008000;\"><strong>Efektyvus beoris sieninis pur\u0161kimo pistoletas, ma\u017eas suvartojimas 2000w<\/strong><\/span><\/h6>\n<h6><strong>\u012ftraukta technin\u0117 pagalba.<\/strong><\/h6>\n<p>&nbsp;<\/p>\n<table role=\"presentation\" width=\"100%\" cellspacing=\"0\" cellpadding=\"0\">\n<tbody>\n<tr>\n<td class=\"attrLabels\">Prekinis \u017eenklas:<\/td>\n<td width=\"50.0%\">ARC<\/td>\n<\/tr>\n<tr>\n<td class=\"attrLabels\">Platinimo \u0161alis:<\/td>\n<td width=\"50.0%\">Ispanija, Vokietija, JAV<\/td>\n<td class=\"attrLabels\">Svoris:<\/td>\n<td width=\"50.0%\">22 kg<\/td>\n<\/tr>\n<tr>\n<td class=\"attrLabels\">Produkto tipas:<\/td>\n<td width=\"50.0%\">Auk\u0161to sl\u0117gio purk\u0161tuvas<\/td>\n<td class=\"attrLabels\">Auk\u0161tis:<\/td>\n<td width=\"50.0%\">47,5 cm<\/td>\n<\/tr>\n<tr>\n<td class=\"attrLabels\">Spalva:<\/td>\n<td width=\"50.0%\">Sidabrin\u0117, m\u0117lyna<\/td>\n<td class=\"attrLabels\">Ilgas:<\/td>\n<td width=\"50.0%\">40,5 cm<\/td>\n<\/tr>\n<tr>\n<td class=\"attrLabels\">Gamintojo numeris:<\/td>\n<td width=\"50.0%\">ARCPPA20<\/td>\n<td class=\"attrLabels\">Platus:<\/td>\n<td width=\"50.0%\">29,5 cm<\/td>\n<\/tr>\n<tr>\n<td class=\"attrLabels\">Garantija:<\/td>\n<td width=\"50.0%\">2 metai<\/td>\n<td class=\"attrLabels\">Pistoleto sl\u0117gis:<\/td>\n<td width=\"50.0%\">3000 PSI<\/td>\n<\/tr>\n<tr>\n<td class=\"attrLabels\">Med\u017eiaga:<\/td>\n<td width=\"50.0%\">Ner\u016bdijan\u010dio plieno, efektyvus variklis<\/td>\n<td class=\"attrLabels\">Pur\u0161kimo atstumas:<\/td>\n<td width=\"50.0%\">35 cm<\/td>\n<\/tr>\n<tr>\n<td class=\"attrLabels\">\u00a0Galia:<\/td>\n<td width=\"50.0%\">2000 W<\/td>\n<td class=\"attrLabels\">Pur\u0161kimo plotis:<\/td>\n<td width=\"50.0%\">50 cm<\/td>\n<\/tr>\n<tr>\n<td class=\"attrLabels\">\u012e\u0117jimo \u012ftampa:<\/td>\n<td width=\"50.0%\">220V \u2013 50Hz<\/td>\n<td class=\"attrLabels\">Srautas:<\/td>\n<td width=\"50.0%\">2,5 l per minut\u0119<\/td>\n<\/tr>\n<\/tbody>\n<\/table>","protected":false},"excerpt":{"rendered":"<h2>Auk\u0161to sl\u0117gio beoris da\u017e\u0173 purk\u0161tuvas<\/h2>\n<p>Tai\u00a0<strong>da\u017e\u0173 pistoletas<\/strong>\u00a0siena\u00a0<strong>beor\u0117 <span style=\"color: #ff0000;\">KAM<\/span><span style=\"color: #0000ff;\">R<\/span>C auk\u0161tas sl\u0117gis<\/strong> Jis pagamintas naudojant didelio efektyvumo technologij\u0105. Jame yra itin galingas, itin tylus 2000 W be\u0161epet\u0117lis variklis, u\u017etikrinantis ilg\u0105 tarnavimo laik\u0105. Karv\u0117s odos sandarinimo \u017eiedas, atsparus dilimui.  Nuimamas dizainas leid\u017eia greitai ir lengvai i\u0161valyti po pur\u0161kimo. Naudojant 1000 ml talpos ind\u0105, nereikia da\u017enai pilti da\u017e\u0173.<\/p>\n<h6><strong>Garantija\u00a0<span style=\"color: #ff0000;\">KAM<\/span><span style=\"color: #0000ff;\">R<\/span>C 2 METAI<\/strong><\/h6>\n<h6><span style=\"color: #008000;\"><strong>Efektyvus beoris sieninis pur\u0161kimo pistoletas, ma\u017eas suvartojimas 2000w<\/strong><\/span><\/h6>\n<h6><strong>\u012ftraukta technin\u0117 pagalba<\/strong><\/h6>","protected":false},"featured_media":3478,"comment_status":"open","ping_status":"closed","template":"","meta":{"wds_primary_product_brand":0,"wds_primary_product_cat":0},"product_brand":[],"product_cat":[71,69],"product_tag":[],"class_list":{"0":"post-3470","1":"product","2":"type-product","3":"status-publish","4":"has-post-thumbnail","6":"product_cat-maquinas-para-pintar","7":"product_cat-maquinas-variadas","8":"product_shipping_class-express","10":"first","11":"instock","12":"sale","13":"taxable","14":"shipping-taxable","15":"purchasable","16":"product-type-simple"},"yoast_head":"<!-- This site is optimized with the Yoast SEO Premium plugin v24.9 (Yoast SEO v26.1) - https:\/\/yoast.com\/wordpress\/plugins\/seo\/ -->\n<title>Pulverizador de alta presi\u00f3n pintura sin aire - distribuci\u00f3n ARC<\/title>\n<meta name=\"robots\" content=\"index, follow, max-snippet:-1, max-image-preview:large, max-video-preview:-1\" \/>\n<link rel=\"canonical\" href=\"https:\/\/www.distribucionarc.com\/producto\/pulverizador-de-alta-presion-pintura-sin-aire\/\" \/>\n<meta property=\"og:locale\" content=\"lt_LT\" \/>\n<meta property=\"og:type\" content=\"article\" \/>\n<meta property=\"og:title\" content=\"Pulverizador de alta presi\u00f3n pintura sin aire\" \/>\n<meta property=\"og:description\" content=\"Pulverizador de alta presi\u00f3n pintura sin aire Esta\u00a0pistola de pintura\u00a0de pared\u00a0sin aire ARC de alta presi\u00f3n est\u00e1 fabricada con tecnolog\u00eda de alta eficiencia. Cuenta con un motor sin escobillas de 2000 W superpotente, ultra silencioso y le asegura una larga vida \u00fatil. Anillo de sello de piel de vaca, resistente al desgaste. \u00a0El dise\u00f1o desmontable ofrece una limpieza r\u00e1pida y sencilla despu\u00e9s de la pulverizaci\u00f3n. Con el recipiente de 1000 ml, no es necesario agregar la pintura con frecuencia. Garant\u00eda\u00a0ARC 2 A\u00d1OS Pistola de pared sin aire eficiente, bajo consumo 2000w soporte t\u00e9cnico incluido\" \/>\n<meta property=\"og:url\" content=\"https:\/\/www.distribucionarc.com\/producto\/pulverizador-de-alta-presion-pintura-sin-aire\/\" \/>\n<meta property=\"og:site_name\" content=\"distribuci\u00f3n ARC\" \/>\n<meta property=\"article:modified_time\" content=\"2020-10-03T10:24:58+00:00\" \/>\n<meta property=\"og:image\" content=\"https:\/\/distribucionarc.com\/wp-content\/uploads\/2020\/10\/Pulverizador-de-alta-presi\u00f3n-pintura-sin-aire-0.jpg\" \/>\n\t<meta property=\"og:image:width\" content=\"1001\" \/>\n\t<meta property=\"og:image:height\" content=\"1001\" \/>\n\t<meta property=\"og:image:type\" content=\"image\/jpeg\" \/>\n<meta name=\"twitter:card\" content=\"summary_large_image\" \/>\n<meta name=\"twitter:label1\" content=\"Est. reading time\" \/>\n\t<meta name=\"twitter:data1\" content=\"1 minut\u0117\" \/>\n<script type=\"application\/ld+json\" class=\"yoast-schema-graph\">{\"@context\":\"https:\/\/schema.org\",\"@graph\":[{\"@type\":\"WebPage\",\"@id\":\"https:\/\/www.distribucionarc.com\/producto\/pulverizador-de-alta-presion-pintura-sin-aire\/\",\"url\":\"https:\/\/www.distribucionarc.com\/producto\/pulverizador-de-alta-presion-pintura-sin-aire\/\",\"name\":\"Pulverizador de alta presi\u00f3n pintura sin aire - distribuci\u00f3n ARC\",\"isPartOf\":{\"@id\":\"https:\/\/www.distribucionarc.com\/de\/#website\"},\"primaryImageOfPage\":{\"@id\":\"https:\/\/www.distribucionarc.com\/producto\/pulverizador-de-alta-presion-pintura-sin-aire\/#primaryimage\"},\"image\":{\"@id\":\"https:\/\/www.distribucionarc.com\/producto\/pulverizador-de-alta-presion-pintura-sin-aire\/#primaryimage\"},\"thumbnailUrl\":\"https:\/\/distribucionarc.com\/wp-content\/uploads\/2020\/10\/Pulverizador-de-alta-presi\u00f3n-pintura-sin-aire-0.jpg\",\"datePublished\":\"2020-10-03T10:22:32+00:00\",\"dateModified\":\"2020-10-03T10:24:58+00:00\",\"breadcrumb\":{\"@id\":\"https:\/\/www.distribucionarc.com\/producto\/pulverizador-de-alta-presion-pintura-sin-aire\/#breadcrumb\"},\"inLanguage\":\"lt-LT\",\"potentialAction\":[{\"@type\":\"ReadAction\",\"target\":[\"https:\/\/www.distribucionarc.com\/producto\/pulverizador-de-alta-presion-pintura-sin-aire\/\"]}]},{\"@type\":\"ImageObject\",\"inLanguage\":\"lt-LT\",\"@id\":\"https:\/\/www.distribucionarc.com\/producto\/pulverizador-de-alta-presion-pintura-sin-aire\/#primaryimage\",\"url\":\"https:\/\/distribucionarc.com\/wp-content\/uploads\/2020\/10\/Pulverizador-de-alta-presi\u00f3n-pintura-sin-aire-0.jpg\",\"contentUrl\":\"https:\/\/distribucionarc.com\/wp-content\/uploads\/2020\/10\/Pulverizador-de-alta-presi\u00f3n-pintura-sin-aire-0.jpg\",\"width\":1001,\"height\":1001,\"caption\":\"Pulverizador de alta presi\u00f3n pintura sin aire\"},{\"@type\":\"BreadcrumbList\",\"@id\":\"https:\/\/www.distribucionarc.com\/producto\/pulverizador-de-alta-presion-pintura-sin-aire\/#breadcrumb\",\"itemListElement\":[{\"@type\":\"ListItem\",\"position\":1,\"name\":\"Portada\",\"item\":\"https:\/\/www.distribucionarc.com\/en\/\"},{\"@type\":\"ListItem\",\"position\":2,\"name\":\"Products\",\"item\":\"https:\/\/www.distribucionarc.com\/en\/shop\/\"},{\"@type\":\"ListItem\",\"position\":3,\"name\":\"Pulverizador de alta presi\u00f3n pintura sin aire\"}]},{\"@type\":\"WebSite\",\"@id\":\"https:\/\/www.distribucionarc.com\/de\/#website\",\"url\":\"https:\/\/www.distribucionarc.com\/de\/\",\"name\":\"distribuci\u00f3n ARC\",\"description\":\"Empresa especializada en la fabricaci\u00f3n y distribuci\u00f3n de maquinaria industrial, selladoras de latas, Maquinas de hacer pastillas, Maquinas de cortar carne...\",\"publisher\":{\"@id\":\"https:\/\/www.distribucionarc.com\/de\/#organization\"},\"potentialAction\":[{\"@type\":\"SearchAction\",\"target\":{\"@type\":\"EntryPoint\",\"urlTemplate\":\"https:\/\/www.distribucionarc.com\/de\/?s={search_term_string}\"},\"query-input\":{\"@type\":\"PropertyValueSpecification\",\"valueRequired\":true,\"valueName\":\"search_term_string\"}}],\"inLanguage\":\"lt-LT\"},{\"@type\":\"Organization\",\"@id\":\"https:\/\/www.distribucionarc.com\/de\/#organization\",\"name\":\"Distribuci\u00f3n ARC\",\"url\":\"https:\/\/www.distribucionarc.com\/de\/\",\"logo\":{\"@type\":\"ImageObject\",\"inLanguage\":\"lt-LT\",\"@id\":\"https:\/\/www.distribucionarc.com\/de\/#\/schema\/logo\/image\/\",\"url\":\"https:\/\/distribucionarc.com\/wp-content\/uploads\/2024\/10\/distribucion-ARC-COLOR-SIN-FONDO-e1732295305345.png\",\"contentUrl\":\"https:\/\/distribucionarc.com\/wp-content\/uploads\/2024\/10\/distribucion-ARC-COLOR-SIN-FONDO-e1732295305345.png\",\"width\":1164,\"height\":558,\"caption\":\"Distribuci\u00f3n ARC\"},\"image\":{\"@id\":\"https:\/\/www.distribucionarc.com\/de\/#\/schema\/logo\/image\/\"},\"description\":\"Empresa especializada en la fabricaci\u00f3n y distribuci\u00f3n de maquinaria industrial para los sectores alimentario y farmac\u00e9utico. Nos especializamos en: M\u00e1quinas de cortar carne Fabricaci\u00f3n de comprimidos Sistemas de transporte industrial L\u00edneas de embotellado Dosificadores Y mucho m\u00e1s... Ofrecemos soluciones innovadoras y personalizadas para optimizar los procesos productivos de tu empresa.\",\"email\":\"Admistracion@distribucionarc.com\",\"telephone\":\"+34 643496664\",\"legalName\":\"ARC TECH SOLUTIONS\",\"foundingDate\":\"2024-04-09\",\"vatID\":\"B55480172\",\"numberOfEmployees\":{\"@type\":\"QuantitativeValue\",\"minValue\":\"1\",\"maxValue\":\"10\"}}]}<\/script>\n<!-- \/ Yoast SEO Premium plugin. -->","yoast_head_json":{"title":"Auk\u0161to sl\u0117gio beoris da\u017e\u0173 purk\u0161tuvas - ARC paskirstymas","robots":{"index":"index","follow":"follow","max-snippet":"max-snippet:-1","max-image-preview":"max-image-preview:large","max-video-preview":"max-video-preview:-1"},"canonical":"https:\/\/www.distribucionarc.com\/producto\/pulverizador-de-alta-presion-pintura-sin-aire\/","og_locale":"lt_LT","og_type":"article","og_title":"Pulverizador de alta presi\u00f3n pintura sin aire","og_description":"Pulverizador de alta presi\u00f3n pintura sin aire Esta\u00a0pistola de pintura\u00a0de pared\u00a0sin aire ARC de alta presi\u00f3n est\u00e1 fabricada con tecnolog\u00eda de alta eficiencia. Cuenta con un motor sin escobillas de 2000 W superpotente, ultra silencioso y le asegura una larga vida \u00fatil. Anillo de sello de piel de vaca, resistente al desgaste. \u00a0El dise\u00f1o desmontable ofrece una limpieza r\u00e1pida y sencilla despu\u00e9s de la pulverizaci\u00f3n. Con el recipiente de 1000 ml, no es necesario agregar la pintura con frecuencia. Garant\u00eda\u00a0ARC 2 A\u00d1OS Pistola de pared sin aire eficiente, bajo consumo 2000w soporte t\u00e9cnico incluido","og_url":"https:\/\/www.distribucionarc.com\/producto\/pulverizador-de-alta-presion-pintura-sin-aire\/","og_site_name":"distribuci\u00f3n ARC","article_modified_time":"2020-10-03T10:24:58+00:00","og_image":[{"width":1001,"height":1001,"url":"https:\/\/distribucionarc.com\/wp-content\/uploads\/2020\/10\/Pulverizador-de-alta-presi\u00f3n-pintura-sin-aire-0.jpg","type":"image\/jpeg"}],"twitter_card":"summary_large_image","twitter_misc":{"Est. reading time":"1 minut\u0117"},"schema":{"@context":"https:\/\/schema.org","@graph":[{"@type":"WebPage","@id":"https:\/\/www.distribucionarc.com\/producto\/pulverizador-de-alta-presion-pintura-sin-aire\/","url":"https:\/\/www.distribucionarc.com\/producto\/pulverizador-de-alta-presion-pintura-sin-aire\/","name":"Auk\u0161to sl\u0117gio beoris da\u017e\u0173 purk\u0161tuvas - ARC paskirstymas","isPartOf":{"@id":"https:\/\/www.distribucionarc.com\/de\/#website"},"primaryImageOfPage":{"@id":"https:\/\/www.distribucionarc.com\/producto\/pulverizador-de-alta-presion-pintura-sin-aire\/#primaryimage"},"image":{"@id":"https:\/\/www.distribucionarc.com\/producto\/pulverizador-de-alta-presion-pintura-sin-aire\/#primaryimage"},"thumbnailUrl":"https:\/\/distribucionarc.com\/wp-content\/uploads\/2020\/10\/Pulverizador-de-alta-presi\u00f3n-pintura-sin-aire-0.jpg","datePublished":"2020-10-03T10:22:32+00:00","dateModified":"2020-10-03T10:24:58+00:00","breadcrumb":{"@id":"https:\/\/www.distribucionarc.com\/producto\/pulverizador-de-alta-presion-pintura-sin-aire\/#breadcrumb"},"inLanguage":"lt-LT","potentialAction":[{"@type":"ReadAction","target":["https:\/\/www.distribucionarc.com\/producto\/pulverizador-de-alta-presion-pintura-sin-aire\/"]}]},{"@type":"ImageObject","inLanguage":"lt-LT","@id":"https:\/\/www.distribucionarc.com\/producto\/pulverizador-de-alta-presion-pintura-sin-aire\/#primaryimage","url":"https:\/\/distribucionarc.com\/wp-content\/uploads\/2020\/10\/Pulverizador-de-alta-presi\u00f3n-pintura-sin-aire-0.jpg","contentUrl":"https:\/\/distribucionarc.com\/wp-content\/uploads\/2020\/10\/Pulverizador-de-alta-presi\u00f3n-pintura-sin-aire-0.jpg","width":1001,"height":1001,"caption":"Pulverizador de alta presi\u00f3n pintura sin aire"},{"@type":"BreadcrumbList","@id":"https:\/\/www.distribucionarc.com\/producto\/pulverizador-de-alta-presion-pintura-sin-aire\/#breadcrumb","itemListElement":[{"@type":"ListItem","position":1,"name":"Portada","item":"https:\/\/www.distribucionarc.com\/en\/"},{"@type":"ListItem","position":2,"name":"Products","item":"https:\/\/www.distribucionarc.com\/en\/shop\/"},{"@type":"ListItem","position":3,"name":"Pulverizador de alta presi\u00f3n pintura sin aire"}]},{"@type":"WebSite","@id":"https:\/\/www.distribucionarc.com\/de\/#website","url":"https:\/\/www.distribucionarc.com\/de\/","name":"ARC paskirstymas","description":"\u012emon\u0117 specializuojasi pramonini\u0173 ma\u0161in\u0173, skardini\u0173 sandarinimo ma\u0161in\u0173, table\u010di\u0173 gamybos ma\u0161in\u0173, m\u0117sos pjaustymo ma\u0161in\u0173 gamyboje ir platinime...","publisher":{"@id":"https:\/\/www.distribucionarc.com\/de\/#organization"},"potentialAction":[{"@type":"SearchAction","target":{"@type":"EntryPoint","urlTemplate":"https:\/\/www.distribucionarc.com\/de\/?s={search_term_string}"},"query-input":{"@type":"PropertyValueSpecification","valueRequired":true,"valueName":"search_term_string"}}],"inLanguage":"lt-LT"},{"@type":"Organization","@id":"https:\/\/www.distribucionarc.com\/de\/#organization","name":"ARC platinimas","url":"https:\/\/www.distribucionarc.com\/de\/","logo":{"@type":"ImageObject","inLanguage":"lt-LT","@id":"https:\/\/www.distribucionarc.com\/de\/#\/schema\/logo\/image\/","url":"https:\/\/distribucionarc.com\/wp-content\/uploads\/2024\/10\/distribucion-ARC-COLOR-SIN-FONDO-e1732295305345.png","contentUrl":"https:\/\/distribucionarc.com\/wp-content\/uploads\/2024\/10\/distribucion-ARC-COLOR-SIN-FONDO-e1732295305345.png","width":1164,"height":558,"caption":"Distribuci\u00f3n ARC"},"image":{"@id":"https:\/\/www.distribucionarc.com\/de\/#\/schema\/logo\/image\/"},"description":"\u012emon\u0117 specializuojasi maisto ir farmacijos sektoriams skirt\u0173 pramonini\u0173 ma\u0161in\u0173 gamyboje ir platinime. M\u016bs\u0173 specializacija: M\u0117sos pjaustymo ma\u0161inos Table\u010di\u0173 gamyba Pramonin\u0117s transportavimo sistemos I\u0161pilstymo linijos Dozatoriai Ir dar daugiau... Si\u016blome novatori\u0161kus ir individualiems poreikiams pritaikytus sprendimus, kad optimizuotume j\u016bs\u0173 \u012fmon\u0117s gamybos procesus.","email":"Admistracion@distribucionarc.com","telephone":"+34 643496664","legalName":"ARC TECH SOLUTIONS","foundingDate":"2024-04-09","vatID":"B55480172","numberOfEmployees":{"@type":"QuantitativeValue","minValue":"1","maxValue":"10"}}]}},"_links":{"self":[{"href":"https:\/\/distribucionarc.com\/lt\/wp-json\/wp\/v2\/product\/3470","targetHints":{"allow":["GET"]}}],"collection":[{"href":"https:\/\/distribucionarc.com\/lt\/wp-json\/wp\/v2\/product"}],"about":[{"href":"https:\/\/distribucionarc.com\/lt\/wp-json\/wp\/v2\/types\/product"}],"replies":[{"embeddable":true,"href":"https:\/\/distribucionarc.com\/lt\/wp-json\/wp\/v2\/comments?post=3470"}],"version-history":[{"count":0,"href":"https:\/\/distribucionarc.com\/lt\/wp-json\/wp\/v2\/product\/3470\/revisions"}],"wp:featuredmedia":[{"embeddable":true,"href":"https:\/\/distribucionarc.com\/lt\/wp-json\/wp\/v2\/media\/3478"}],"wp:attachment":[{"href":"https:\/\/distribucionarc.com\/lt\/wp-json\/wp\/v2\/media?parent=3470"}],"wp:term":[{"taxonomy":"product_brand","embeddable":true,"href":"https:\/\/distribucionarc.com\/lt\/wp-json\/wp\/v2\/product_brand?post=3470"},{"taxonomy":"product_cat","embeddable":true,"href":"https:\/\/distribucionarc.com\/lt\/wp-json\/wp\/v2\/product_cat?post=3470"},{"taxonomy":"product_tag","embeddable":true,"href":"https:\/\/distribucionarc.com\/lt\/wp-json\/wp\/v2\/product_tag?post=3470"}],"curies":[{"name":"wp","href":"https:\/\/api.w.org\/{rel}","templated":true}]}}