{"id":3514,"date":"2020-10-03T16:57:14","date_gmt":"2020-10-03T16:57:14","guid":{"rendered":"https:\/\/distribucionarc.com\/?post_type=product&#038;p=3514"},"modified":"2023-05-04T08:09:29","modified_gmt":"2023-05-04T08:09:29","slug":"karsto-stampavimo-masina","status":"publish","type":"product","link":"https:\/\/distribucionarc.com\/lt\/producto\/maquina-de-estampado-en-caliente\/","title":{"rendered":"kar\u0161to \u0161tampavimo ma\u0161ina"},"content":{"rendered":"<h3>kar\u0161to \u0161tampavimo ma\u0161ina<\/h3>\n<p>Tai<strong> \u0161tampavimo ma\u0161ina <span style=\"color: #ff0000;\">KAM<\/span><span style=\"color: #0000ff;\">R<\/span>C odin\u0117<\/strong> Jame yra skaitmeninis ekranas, skirtas tiksliai kontroliuoti temperat\u016br\u0105, galite reguliuoti temperat\u016br\u0105 nuo 0 iki 350\u00baC. \u012erengtas da\u017eyto aliuminio lydinio korpusas, atsparus vandeniui ir r\u016bdijimui.<\/p>\n<p>Bronzuojantis popierius gali b\u016bti dedamas tiesiai ant laikiklio <strong>\u0160tampavimo ma\u0161ina <span style=\"color: #ff0000;\">KAM<\/span><span style=\"color: #0000ff;\">R<\/span>CMEC1<\/strong>, tod\u0117l visas \u0161tampavimo procesas paspart\u0117ja. Jis gali b\u016bti naudojamas didesnio dyd\u017eio gaminiams ir turi platesn\u0119 kar\u0161tojo \u0161tampavimo pad\u0117t\u012f.<\/p>\n<p>\u0160onin\u0117 rankena pagaminta i\u0161 ner\u016bdijan\u010dio plieno, tvirta, lengvai nesideformuoja, efektyvi nuo slydimo, tikslesniam ir saugesniam procesui.<\/p>\n<p>Vertikalios ir horizontalios \u0161tampavimo stalo skal\u0117s gali b\u016bti 1 mm tikslumu. Pad\u0117ties nustatymo slankiklis pagamintas i\u0161 sintetinio plastiko, atsparus auk\u0161tai temperat\u016brai, nesubrai\u017eytas, patogiau pozicionuoti. Taip pat auk\u0161tis, kuriame taikomas sl\u0117gis, did\u017eiausias 22 cm auk\u0161tis<\/p>\n<h6><strong>Garantija\u00a0<span style=\"color: #ff0000;\">KAM<\/span><span style=\"color: #0000ff;\">R<\/span>C 2 METAI<\/strong><\/h6>\n<h6><span style=\"color: #008000;\">Veiksminga kar\u0161to \u0161tampavimo ma\u0161ina, ma\u017eos s\u0105naudos 300 W<\/span><\/h6>\n<h6><strong>\u012ftraukta technin\u0117 pagalba<\/strong><\/h6>\n<p>&nbsp;<\/p>\n<table role=\"presentation\" width=\"100%\" cellspacing=\"0\" cellpadding=\"0\">\n<tbody>\n<tr>\n<td class=\"attrLabels\">Temperat\u016bra:<\/td>\n<td width=\"50.0%\">0-350\u00baC<\/td>\n<\/tr>\n<tr>\n<td class=\"attrLabels\">Platinimo \u0161alis:<\/td>\n<td width=\"50.0%\">Ispanija, Vokietija, JAV<\/td>\n<td class=\"attrLabels\">Svoris:<\/td>\n<td width=\"50.0%\">5,36 kg<\/td>\n<\/tr>\n<tr>\n<td class=\"attrLabels\">Prekinis \u017eenklas:<\/td>\n<td width=\"50.0%\">ARC<\/td>\n<td class=\"attrLabels\">Auk\u0161tis:<\/td>\n<td width=\"50.0%\">38 cm<\/td>\n<\/tr>\n<tr>\n<td class=\"attrLabels\">Spalva:<\/td>\n<td width=\"50.0%\">Baltas<\/td>\n<td class=\"attrLabels\">Ilgas:<\/td>\n<td width=\"50.0%\">20,8 cm<\/td>\n<\/tr>\n<tr>\n<td class=\"attrLabels\">Produkto tipas:<\/td>\n<td width=\"50.0%\">Kar\u0161to \u0161tampavimo ma\u0161ina<\/td>\n<td class=\"attrLabels\">Platus:<\/td>\n<td width=\"50.0%\">18 cm<\/td>\n<\/tr>\n<tr>\n<td class=\"attrLabels\">Gamintojo numeris:<\/td>\n<td width=\"50.0%\">ARCMEC1<\/td>\n<td class=\"attrLabels\">Galia:<\/td>\n<td width=\"50.0%\">300W<\/td>\n<\/tr>\n<tr>\n<td class=\"attrLabels\">Med\u017eiaga:<\/td>\n<td width=\"50.0%\">Ner\u016bdijantis plienas, sustiprintas sintetinis plastikas, skaitmeninis ekranas<\/td>\n<td class=\"attrLabels\">\u012f\u0117jimo \u012ftampa<\/td>\n<td width=\"50.0%\">220V \u2013 60Hz<\/td>\n<\/tr>\n<tr>\n<td class=\"attrLabels\">Montavimo \u012frankiai:<\/td>\n<td width=\"50.0%\">Taip<\/td>\n<td class=\"attrLabels\">Darbinis auk\u0161tis:<\/td>\n<td width=\"50.0%\">Reguliuojamas &lt; 22 cm<\/td>\n<\/tr>\n<tr>\n<td class=\"attrLabels\">Galia:<\/td>\n<td width=\"50.0%\">300W<\/td>\n<td class=\"attrLabels\">Tinka:<\/td>\n<td width=\"50.0%\">Oda, mink\u0161tas PVC, kietas plastikas<\/td>\n<\/tr>\n<\/tbody>\n<\/table>","protected":false},"excerpt":{"rendered":"<h2>kar\u0161to \u0161tampavimo ma\u0161ina<\/h2>\n<p>The <strong>kar\u0161to \u0161tampavimo ma\u0161ina <span style=\"color: #ff0000;\">KAM<\/span><span style=\"color: #0000ff;\">R<\/span>c<\/strong> Jis pagamintas i\u0161 ner\u016bdijan\u010dio plieno ir aliuminio lydinio. Jame yra popieriaus laikiklis, skaitmeninis skydelis, pagrindin\u0117 plok\u0161t\u0117 su skale ir pad\u0117ties nustatymo slankiklis. Kar\u0161to presavimo plok\u0161t\u0117 yra 8 x 10 cm ir gali reguliuoti auk\u0161t\u012f iki 22 cm, i\u0161laikant reguliuojam\u0105 pastovi\u0105 temperat\u016br\u0105 nuo 0 iki 350\u00baC.<\/p>\n<h6><strong>Garantija\u00a0<span style=\"color: #ff0000;\">KAM<\/span><span style=\"color: #0000ff;\">R<\/span>C 2 METAI<\/strong><\/h6>\n<h6><span style=\"color: #008000;\">Veiksminga kar\u0161to \u0161tampavimo ma\u0161ina, ma\u017eos s\u0105naudos 300 W<\/span><\/h6>\n<h6><strong>\u012ftraukta technin\u0117 pagalba<\/strong><\/h6>","protected":false},"featured_media":3521,"comment_status":"open","ping_status":"closed","template":"","meta":{"wds_primary_product_brand":0,"wds_primary_product_cat":0},"product_brand":[],"product_cat":[69],"product_tag":[],"class_list":{"0":"post-3514","1":"product","2":"type-product","3":"status-publish","4":"has-post-thumbnail","6":"product_cat-maquinas-variadas","7":"product_shipping_class-hosteleria","9":"first","10":"instock","11":"sale","12":"taxable","13":"shipping-taxable","14":"purchasable","15":"product-type-simple"},"yoast_head":"<!-- This site is optimized with the Yoast SEO Premium plugin v24.9 (Yoast SEO v26.1) - https:\/\/yoast.com\/wordpress\/plugins\/seo\/ -->\n<title>Maquina de estampado en caliente - distribuci\u00f3n ARC<\/title>\n<meta name=\"robots\" content=\"index, follow, max-snippet:-1, max-image-preview:large, max-video-preview:-1\" \/>\n<link rel=\"canonical\" href=\"https:\/\/distribucionarc.com\/lt\/produktas\/karsto-stampavimo-masina\/\" \/>\n<meta property=\"og:locale\" content=\"lt_LT\" \/>\n<meta property=\"og:type\" content=\"article\" \/>\n<meta property=\"og:title\" content=\"Maquina de estampado en caliente\" \/>\n<meta property=\"og:description\" content=\"Maquina de estampado en caliente La m\u00e1quina de estampado en caliente ARC est\u00e1 fabricada de acero inoxidable y aleaci\u00f3n de aluminio. Cuenta con soporte para el papel, panel digital, placa base con escala y control deslizante de posicionamiento. La placa de prensado caliente es de 8 x 10 cm puede ajustar la altura hasta un m\u00e1ximo de 22 cm, conserva la temperatura constante ajustable de 0-350\u00baC. Garant\u00eda\u00a0ARC 2 A\u00d1OS Maquina estampado caliente eficiente, bajo consumo 300W soporte t\u00e9cnico incluido\" \/>\n<meta property=\"og:url\" content=\"https:\/\/distribucionarc.com\/lt\/produktas\/karsto-stampavimo-masina\/\" \/>\n<meta property=\"og:site_name\" content=\"distribuci\u00f3n ARC\" \/>\n<meta property=\"article:modified_time\" content=\"2023-05-04T08:09:29+00:00\" \/>\n<meta property=\"og:image\" content=\"https:\/\/distribucionarc.com\/wp-content\/uploads\/2020\/10\/M\u00e1quina-de-estampado-en-caliente-0.jpg\" \/>\n\t<meta property=\"og:image:width\" content=\"1600\" \/>\n\t<meta property=\"og:image:height\" content=\"1600\" \/>\n\t<meta property=\"og:image:type\" content=\"image\/jpeg\" \/>\n<meta name=\"twitter:card\" content=\"summary_large_image\" \/>\n<meta name=\"twitter:label1\" content=\"Est. reading time\" \/>\n\t<meta name=\"twitter:data1\" content=\"1 minut\u0117\" \/>\n<script type=\"application\/ld+json\" class=\"yoast-schema-graph\">{\"@context\":\"https:\/\/schema.org\",\"@graph\":[{\"@type\":\"WebPage\",\"@id\":\"https:\/\/distribucionarc.com\/nl\/producto\/maquina-de-estampado-en-caliente\/\",\"url\":\"https:\/\/distribucionarc.com\/nl\/producto\/maquina-de-estampado-en-caliente\/\",\"name\":\"Maquina de estampado en caliente - distribuci\u00f3n ARC\",\"isPartOf\":{\"@id\":\"https:\/\/distribucionarc.com\/pl\/#website\"},\"primaryImageOfPage\":{\"@id\":\"https:\/\/distribucionarc.com\/nl\/producto\/maquina-de-estampado-en-caliente\/#primaryimage\"},\"image\":{\"@id\":\"https:\/\/distribucionarc.com\/nl\/producto\/maquina-de-estampado-en-caliente\/#primaryimage\"},\"thumbnailUrl\":\"https:\/\/distribucionarc.com\/wp-content\/uploads\/2020\/10\/M\u00e1quina-de-estampado-en-caliente-0.jpg\",\"datePublished\":\"2020-10-03T16:57:14+00:00\",\"dateModified\":\"2023-05-04T08:09:29+00:00\",\"breadcrumb\":{\"@id\":\"https:\/\/distribucionarc.com\/nl\/producto\/maquina-de-estampado-en-caliente\/#breadcrumb\"},\"inLanguage\":\"lt-LT\",\"potentialAction\":[{\"@type\":\"ReadAction\",\"target\":[\"https:\/\/distribucionarc.com\/nl\/producto\/maquina-de-estampado-en-caliente\/\"]}]},{\"@type\":\"ImageObject\",\"inLanguage\":\"lt-LT\",\"@id\":\"https:\/\/distribucionarc.com\/nl\/producto\/maquina-de-estampado-en-caliente\/#primaryimage\",\"url\":\"https:\/\/distribucionarc.com\/wp-content\/uploads\/2020\/10\/M\u00e1quina-de-estampado-en-caliente-0.jpg\",\"contentUrl\":\"https:\/\/distribucionarc.com\/wp-content\/uploads\/2020\/10\/M\u00e1quina-de-estampado-en-caliente-0.jpg\",\"width\":1600,\"height\":1600,\"caption\":\"Maquina de estampado en caliente\"},{\"@type\":\"BreadcrumbList\",\"@id\":\"https:\/\/distribucionarc.com\/nl\/producto\/maquina-de-estampado-en-caliente\/#breadcrumb\",\"itemListElement\":[{\"@type\":\"ListItem\",\"position\":1,\"name\":\"Portada\",\"item\":\"https:\/\/www.distribucionarc.com\/tr\/\"},{\"@type\":\"ListItem\",\"position\":2,\"name\":\"Izdelki\",\"item\":\"https:\/\/www.distribucionarc.com\/sl\/trgovina\/\"},{\"@type\":\"ListItem\",\"position\":3,\"name\":\"Maquina de estampado en caliente\"}]},{\"@type\":\"WebSite\",\"@id\":\"https:\/\/distribucionarc.com\/pl\/#website\",\"url\":\"https:\/\/distribucionarc.com\/pl\/\",\"name\":\"distribuci\u00f3n ARC\",\"description\":\"Empresa especializada en la fabricaci\u00f3n y distribuci\u00f3n de maquinaria industrial, selladoras de latas, Maquinas de hacer pastillas, Maquinas de cortar carne...\",\"publisher\":{\"@id\":\"https:\/\/distribucionarc.com\/pl\/#organization\"},\"potentialAction\":[{\"@type\":\"SearchAction\",\"target\":{\"@type\":\"EntryPoint\",\"urlTemplate\":\"https:\/\/distribucionarc.com\/pl\/?s={search_term_string}\"},\"query-input\":{\"@type\":\"PropertyValueSpecification\",\"valueRequired\":true,\"valueName\":\"search_term_string\"}}],\"inLanguage\":\"lt-LT\"},{\"@type\":\"Organization\",\"@id\":\"https:\/\/distribucionarc.com\/pl\/#organization\",\"name\":\"Distribuci\u00f3n ARC\",\"url\":\"https:\/\/distribucionarc.com\/pl\/\",\"logo\":{\"@type\":\"ImageObject\",\"inLanguage\":\"lt-LT\",\"@id\":\"https:\/\/distribucionarc.com\/pl\/#\/schema\/logo\/image\/\",\"url\":\"https:\/\/distribucionarc.com\/wp-content\/uploads\/2024\/10\/distribucion-ARC-COLOR-SIN-FONDO-e1732295305345.png\",\"contentUrl\":\"https:\/\/distribucionarc.com\/wp-content\/uploads\/2024\/10\/distribucion-ARC-COLOR-SIN-FONDO-e1732295305345.png\",\"width\":1164,\"height\":558,\"caption\":\"Distribuci\u00f3n ARC\"},\"image\":{\"@id\":\"https:\/\/distribucionarc.com\/pl\/#\/schema\/logo\/image\/\"},\"description\":\"Empresa especializada en la fabricaci\u00f3n y distribuci\u00f3n de maquinaria industrial para los sectores alimentario y farmac\u00e9utico. Nos especializamos en: M\u00e1quinas de cortar carne Fabricaci\u00f3n de comprimidos Sistemas de transporte industrial L\u00edneas de embotellado Dosificadores Y mucho m\u00e1s... Ofrecemos soluciones innovadoras y personalizadas para optimizar los procesos productivos de tu empresa.\",\"email\":\"Admistracion@distribucionarc.com\",\"telephone\":\"+34 643496664\",\"legalName\":\"ARC TECH SOLUTIONS\",\"foundingDate\":\"2024-04-09\",\"vatID\":\"B55480172\",\"numberOfEmployees\":{\"@type\":\"QuantitativeValue\",\"minValue\":\"1\",\"maxValue\":\"10\"}}]}<\/script>\n<!-- \/ Yoast SEO Premium plugin. -->","yoast_head_json":{"title":"Kar\u0161to \u0161tampavimo ma\u0161ina \u2013 ARC paskirstymas","robots":{"index":"index","follow":"follow","max-snippet":"max-snippet:-1","max-image-preview":"max-image-preview:large","max-video-preview":"max-video-preview:-1"},"canonical":"https:\/\/distribucionarc.com\/lt\/produktas\/karsto-stampavimo-masina\/","og_locale":"lt_LT","og_type":"article","og_title":"Maquina de estampado en caliente","og_description":"Maquina de estampado en caliente La m\u00e1quina de estampado en caliente ARC est\u00e1 fabricada de acero inoxidable y aleaci\u00f3n de aluminio. Cuenta con soporte para el papel, panel digital, placa base con escala y control deslizante de posicionamiento. La placa de prensado caliente es de 8 x 10 cm puede ajustar la altura hasta un m\u00e1ximo de 22 cm, conserva la temperatura constante ajustable de 0-350\u00baC. Garant\u00eda\u00a0ARC 2 A\u00d1OS Maquina estampado caliente eficiente, bajo consumo 300W soporte t\u00e9cnico incluido","og_url":"https:\/\/distribucionarc.com\/lt\/produktas\/karsto-stampavimo-masina\/","og_site_name":"distribuci\u00f3n ARC","article_modified_time":"2023-05-04T08:09:29+00:00","og_image":[{"width":1600,"height":1600,"url":"https:\/\/distribucionarc.com\/wp-content\/uploads\/2020\/10\/M\u00e1quina-de-estampado-en-caliente-0.jpg","type":"image\/jpeg"}],"twitter_card":"summary_large_image","twitter_misc":{"Est. reading time":"1 minut\u0117"},"schema":{"@context":"https:\/\/schema.org","@graph":[{"@type":"WebPage","@id":"https:\/\/distribucionarc.com\/nl\/producto\/maquina-de-estampado-en-caliente\/","url":"https:\/\/distribucionarc.com\/nl\/producto\/maquina-de-estampado-en-caliente\/","name":"Kar\u0161to \u0161tampavimo ma\u0161ina \u2013 ARC paskirstymas","isPartOf":{"@id":"https:\/\/distribucionarc.com\/pl\/#website"},"primaryImageOfPage":{"@id":"https:\/\/distribucionarc.com\/nl\/producto\/maquina-de-estampado-en-caliente\/#primaryimage"},"image":{"@id":"https:\/\/distribucionarc.com\/nl\/producto\/maquina-de-estampado-en-caliente\/#primaryimage"},"thumbnailUrl":"https:\/\/distribucionarc.com\/wp-content\/uploads\/2020\/10\/M\u00e1quina-de-estampado-en-caliente-0.jpg","datePublished":"2020-10-03T16:57:14+00:00","dateModified":"2023-05-04T08:09:29+00:00","breadcrumb":{"@id":"https:\/\/distribucionarc.com\/nl\/producto\/maquina-de-estampado-en-caliente\/#breadcrumb"},"inLanguage":"lt-LT","potentialAction":[{"@type":"ReadAction","target":["https:\/\/distribucionarc.com\/nl\/producto\/maquina-de-estampado-en-caliente\/"]}]},{"@type":"ImageObject","inLanguage":"lt-LT","@id":"https:\/\/distribucionarc.com\/nl\/producto\/maquina-de-estampado-en-caliente\/#primaryimage","url":"https:\/\/distribucionarc.com\/wp-content\/uploads\/2020\/10\/M\u00e1quina-de-estampado-en-caliente-0.jpg","contentUrl":"https:\/\/distribucionarc.com\/wp-content\/uploads\/2020\/10\/M\u00e1quina-de-estampado-en-caliente-0.jpg","width":1600,"height":1600,"caption":"Maquina de estampado en caliente"},{"@type":"BreadcrumbList","@id":"https:\/\/distribucionarc.com\/nl\/producto\/maquina-de-estampado-en-caliente\/#breadcrumb","itemListElement":[{"@type":"ListItem","position":1,"name":"Portada","item":"https:\/\/www.distribucionarc.com\/tr\/"},{"@type":"ListItem","position":2,"name":"Izdelki","item":"https:\/\/www.distribucionarc.com\/sl\/trgovina\/"},{"@type":"ListItem","position":3,"name":"Maquina de estampado en caliente"}]},{"@type":"WebSite","@id":"https:\/\/distribucionarc.com\/pl\/#website","url":"https:\/\/distribucionarc.com\/pl\/","name":"ARC paskirstymas","description":"\u012emon\u0117 specializuojasi pramonini\u0173 ma\u0161in\u0173, skardini\u0173 sandarinimo ma\u0161in\u0173, table\u010di\u0173 gamybos ma\u0161in\u0173, m\u0117sos pjaustymo ma\u0161in\u0173 gamyboje ir platinime...","publisher":{"@id":"https:\/\/distribucionarc.com\/pl\/#organization"},"potentialAction":[{"@type":"SearchAction","target":{"@type":"EntryPoint","urlTemplate":"https:\/\/distribucionarc.com\/pl\/?s={search_term_string}"},"query-input":{"@type":"PropertyValueSpecification","valueRequired":true,"valueName":"search_term_string"}}],"inLanguage":"lt-LT"},{"@type":"Organization","@id":"https:\/\/distribucionarc.com\/pl\/#organization","name":"ARC platinimas","url":"https:\/\/distribucionarc.com\/pl\/","logo":{"@type":"ImageObject","inLanguage":"lt-LT","@id":"https:\/\/distribucionarc.com\/pl\/#\/schema\/logo\/image\/","url":"https:\/\/distribucionarc.com\/wp-content\/uploads\/2024\/10\/distribucion-ARC-COLOR-SIN-FONDO-e1732295305345.png","contentUrl":"https:\/\/distribucionarc.com\/wp-content\/uploads\/2024\/10\/distribucion-ARC-COLOR-SIN-FONDO-e1732295305345.png","width":1164,"height":558,"caption":"Distribuci\u00f3n ARC"},"image":{"@id":"https:\/\/distribucionarc.com\/pl\/#\/schema\/logo\/image\/"},"description":"\u012emon\u0117 specializuojasi maisto ir farmacijos sektoriams skirt\u0173 pramonini\u0173 ma\u0161in\u0173 gamyboje ir platinime. M\u016bs\u0173 specializacija: M\u0117sos pjaustymo ma\u0161inos Table\u010di\u0173 gamyba Pramonin\u0117s transportavimo sistemos I\u0161pilstymo linijos Dozatoriai Ir dar daugiau... Si\u016blome novatori\u0161kus ir individualiems poreikiams pritaikytus sprendimus, kad optimizuotume j\u016bs\u0173 \u012fmon\u0117s gamybos procesus.","email":"Admistracion@distribucionarc.com","telephone":"+34 643496664","legalName":"ARC TECH SOLUTIONS","foundingDate":"2024-04-09","vatID":"B55480172","numberOfEmployees":{"@type":"QuantitativeValue","minValue":"1","maxValue":"10"}}]}},"_links":{"self":[{"href":"https:\/\/distribucionarc.com\/lt\/wp-json\/wp\/v2\/product\/3514","targetHints":{"allow":["GET"]}}],"collection":[{"href":"https:\/\/distribucionarc.com\/lt\/wp-json\/wp\/v2\/product"}],"about":[{"href":"https:\/\/distribucionarc.com\/lt\/wp-json\/wp\/v2\/types\/product"}],"replies":[{"embeddable":true,"href":"https:\/\/distribucionarc.com\/lt\/wp-json\/wp\/v2\/comments?post=3514"}],"version-history":[{"count":0,"href":"https:\/\/distribucionarc.com\/lt\/wp-json\/wp\/v2\/product\/3514\/revisions"}],"wp:featuredmedia":[{"embeddable":true,"href":"https:\/\/distribucionarc.com\/lt\/wp-json\/wp\/v2\/media\/3521"}],"wp:attachment":[{"href":"https:\/\/distribucionarc.com\/lt\/wp-json\/wp\/v2\/media?parent=3514"}],"wp:term":[{"taxonomy":"product_brand","embeddable":true,"href":"https:\/\/distribucionarc.com\/lt\/wp-json\/wp\/v2\/product_brand?post=3514"},{"taxonomy":"product_cat","embeddable":true,"href":"https:\/\/distribucionarc.com\/lt\/wp-json\/wp\/v2\/product_cat?post=3514"},{"taxonomy":"product_tag","embeddable":true,"href":"https:\/\/distribucionarc.com\/lt\/wp-json\/wp\/v2\/product_tag?post=3514"}],"curies":[{"name":"wp","href":"https:\/\/api.w.org\/{rel}","templated":true}]}}