{"id":3527,"date":"2020-10-03T18:07:26","date_gmt":"2020-10-03T18:07:26","guid":{"rendered":"https:\/\/distribucionarc.com\/?post_type=product&#038;p=3527"},"modified":"2023-04-19T10:46:50","modified_gmt":"2023-04-19T10:46:50","slug":"terminio-surisimo-masina","status":"publish","type":"product","link":"https:\/\/distribucionarc.com\/lt\/producto\/maquina-de-encuadernacion-termica\/","title":{"rendered":"terminio ri\u0161imo ma\u0161ina"},"content":{"rendered":"<h3>terminio ri\u0161imo ma\u0161ina<\/h3>\n<p>Tai <strong>\u012eri\u0161imo ma\u0161ina <span style=\"color: #ff0000;\">KAM<\/span><span style=\"color: #0000ff;\">R<\/span>c<\/strong> Kar\u0161tais klijais per kelias minutes suklijuokite kietas arba mink\u0161tas knygas ir \u012fvairius puslapius. Be to, jis yra greitesnis ir efektyvesnis nei kiti segtuvai, nes gali suklijuoti stor\u0105 popieri\u0173 su labai ma\u017eai klij\u0173 ir gali pagaminti iki 160 knyg\u0173 per valand\u0105.<\/p>\n<p>U\u017ever\u017eimo \u012ftaisas pagamintas i\u0161 speciali\u0173 med\u017eiag\u0173, kad b\u016bt\u0173 pasiektas geresnis suspaudimo efektas. Kieto vir\u0161elio pad\u0117ties nustatymo \u012ftaisas leid\u017eia greitai ir lengvai \u012fri\u0161ti kietus vir\u0161elius. Dinaminis kompensacinis pjaustytuvas gali giliai frezuoti stubur\u0105 neu\u017eblokuodamas popieriaus. Taip pat \u012frengtas \u0161oninis klijavimas, kuris pagerina profesionali\u0173 spaudos pres\u0173 \u012fri\u0161imo kokyb\u0119.<\/p>\n<p>Tinka A4 formato popieriui, taip pat u\u017era\u0161\u0173 popieriui, vizitin\u0117ms kortel\u0117ms ir kt. Tai <strong>Terminis suri\u0161imo aparatas <span style=\"color: #ff0000;\">KAM<\/span><span style=\"color: #0000ff;\">R<\/span>CMET160<\/strong>\u00a0Tinka spaustuv\u0117ms ir ma\u017eiems knygynams, ra\u0161tin\u0117s reikmen\u0173 parduotuv\u0117ms, kopijavimo parduotuv\u0117ms, spaustuv\u0117ms, \u012fri\u0161imo \u012fmon\u0117ms ir biurams.<\/p>\n<h6><strong>Garantija\u00a0<span style=\"color: #ff0000;\">KAM<\/span><span style=\"color: #0000ff;\">R<\/span>C 2 METAI<\/strong><\/h6>\n<h6><span style=\"color: #008000;\">Segiklis <span style=\"font-size: 17.6px;\">terminis<\/span> efektyvus, ma\u017eos s\u0105naudos 600w<\/span><\/h6>\n<h6><strong>\u012ftraukta technin\u0117 pagalba<\/strong><\/h6>\n<p>&nbsp;<\/p>\n<p>&nbsp;<\/p>\n<table role=\"presentation\" width=\"100%\" cellspacing=\"0\" cellpadding=\"0\">\n<tbody>\n<tr>\n<td class=\"attrLabels\">Temperat\u016bra:<\/td>\n<td width=\"50.0%\">0-350\u00baC<\/td>\n<\/tr>\n<tr>\n<td class=\"attrLabels\">Platinimo \u0161alis:<\/td>\n<td width=\"50.0%\">Ispanija, Vokietija, JAV<\/td>\n<td class=\"attrLabels\">Svoris:<\/td>\n<td width=\"50.0%\">26,8 kg<\/td>\n<\/tr>\n<tr>\n<td class=\"attrLabels\">Prekinis \u017eenklas:<\/td>\n<td width=\"50.0%\">ARC<\/td>\n<td class=\"attrLabels\">Auk\u0161tis:<\/td>\n<td width=\"50.0%\">38 cm<\/td>\n<\/tr>\n<tr>\n<td class=\"attrLabels\">Spalva:<\/td>\n<td width=\"50.0%\">Baltas<\/td>\n<td class=\"attrLabels\">Ilgas:<\/td>\n<td width=\"50.0%\">66 cm<\/td>\n<\/tr>\n<tr>\n<td class=\"attrLabels\">Produkto tipas:<\/td>\n<td width=\"50.0%\">Terminis suri\u0161imo aparatas<\/td>\n<td class=\"attrLabels\">Platus:<\/td>\n<td width=\"50.0%\">48,3 cm<\/td>\n<\/tr>\n<tr>\n<td class=\"attrLabels\">Gamintojo numeris:<\/td>\n<td width=\"50.0%\">ARCMET160<\/td>\n<td class=\"attrLabels\">\u012e\u0117jimo \u012ftampa:<\/td>\n<td width=\"50.0%\">220V \u2013 60Hz<\/td>\n<\/tr>\n<tr>\n<td class=\"attrLabels\">Med\u017eiaga:<\/td>\n<td width=\"50.0%\">Ner\u016bdijantis plienas, aliuminio lydinys<\/td>\n<td class=\"attrLabels\">\u0160ildymo laikas:<\/td>\n<td width=\"50.0%\">30 minu\u010di\u0173<\/td>\n<\/tr>\n<tr>\n<td class=\"attrLabels\">Montavimo \u012frankiai:<\/td>\n<td width=\"50.0%\">Taip<\/td>\n<td class=\"attrLabels\">Suri\u0161imo greitis:<\/td>\n<td width=\"50.0%\">160 per valand\u0105<\/td>\n<\/tr>\n<tr>\n<td class=\"attrLabels\">Galia:<\/td>\n<td width=\"50.0%\">600W<\/td>\n<td class=\"attrLabels\">Redagavimo storis:<\/td>\n<td width=\"50.0%\">Nuo 0,1 mm iki 40 mm<\/td>\n<\/tr>\n<\/tbody>\n<\/table>","protected":false},"excerpt":{"rendered":"<h2>terminio ri\u0161imo ma\u0161ina<\/h2>\n<p>I\u0161 <strong><span style=\"color: #ff0000;\">KAM<\/span><span style=\"color: #0000ff;\">R<\/span>c<\/strong> Si\u016blome Jums a <strong>\u012eri\u0161imo ma\u0161ina<\/strong>. Su ISO9001 kokyb\u0117s sertifikatu. Pagaminta i\u0161 auk\u0161tos kokyb\u0117s 100% ner\u016bdijan\u010dio plieno. Sukurta ma\u017eoms \u012fmon\u0117ms, paprasta naudoti vienam asmeniui, nereikia specialaus mokymo. Turi<strong> giljotina<\/strong> Pagaminta i\u0161 aliuminio lydinio su labai a\u0161triais ir patvariais peiliukais, kad popierius b\u016bt\u0173 pritaikytas pagal jums reikaling\u0105 dyd\u012f.<\/p>\n<h6><strong>Garantija\u00a0<span style=\"color: #ff0000;\">KAM<\/span><span style=\"color: #0000ff;\">R<\/span>C 2 METAI<\/strong><\/h6>\n<h6><span style=\"color: #008000;\">Segiklis <span style=\"font-size: 17.6px;\">terminis<\/span> efektyvus, ma\u017eos s\u0105naudos 600w<\/span><\/h6>\n<h6><strong>\u012ftraukta technin\u0117 pagalba<\/strong><\/h6>","protected":false},"featured_media":3535,"comment_status":"open","ping_status":"closed","template":"","meta":{"wds_primary_product_brand":0,"wds_primary_product_cat":0},"product_brand":[],"product_cat":[69],"product_tag":[],"class_list":{"0":"post-3527","1":"product","2":"type-product","3":"status-publish","4":"has-post-thumbnail","6":"product_cat-maquinas-variadas","7":"product_shipping_class-express","9":"first","10":"instock","11":"taxable","12":"shipping-taxable","13":"purchasable","14":"product-type-simple"},"yoast_head":"<!-- This site is optimized with the Yoast SEO Premium plugin v24.9 (Yoast SEO v26.1) - https:\/\/yoast.com\/wordpress\/plugins\/seo\/ -->\n<title>M\u00e1quina de encuadernaci\u00f3n t\u00e9rmica - distribuci\u00f3n ARC<\/title>\n<meta name=\"robots\" content=\"index, follow, max-snippet:-1, max-image-preview:large, max-video-preview:-1\" \/>\n<link rel=\"canonical\" href=\"https:\/\/www.distribucionarc.com\/ro\/producto\/maquina-de-encuadernacion-termica\/\" \/>\n<meta property=\"og:locale\" content=\"lt_LT\" \/>\n<meta property=\"og:type\" content=\"article\" \/>\n<meta property=\"og:title\" content=\"M\u00e1quina de encuadernaci\u00f3n t\u00e9rmica\" \/>\n<meta property=\"og:description\" content=\"M\u00e1quina de encuadernaci\u00f3n t\u00e9rmica Desde ARC le ofrecemos una m\u00e1quina de encuadernaci\u00f3n. Con certificaci\u00f3n de calidad ISO9001. Fabricada con acero inoxidable 100% de alta calidad. Dise\u00f1ado para peque\u00f1as empresas, f\u00e1cil de usar por una sola persona, no requiere de capacitaci\u00f3n especial. Cuenta con guillotina echa de aleaci\u00f3n de aluminio con hojas muy afiladas y duraderas,\u00a0 para ajustar el papel al tama\u00f1o que requiera. Garant\u00eda\u00a0ARC 2 A\u00d1OS Encuadernadora t\u00e9rmica eficiente, bajo consumo 600w soporte t\u00e9cnico\u00a0incluido\" \/>\n<meta property=\"og:url\" content=\"https:\/\/www.distribucionarc.com\/ro\/producto\/maquina-de-encuadernacion-termica\/\" \/>\n<meta property=\"og:site_name\" content=\"distribuci\u00f3n ARC\" \/>\n<meta property=\"article:modified_time\" content=\"2023-04-19T10:46:50+00:00\" \/>\n<meta property=\"og:image\" content=\"https:\/\/distribucionarc.com\/wp-content\/uploads\/2020\/10\/M\u00e1quina-de-encuadernaci\u00f3n-t\u00e9rmica-1.jpg\" \/>\n\t<meta property=\"og:image:width\" content=\"1600\" \/>\n\t<meta property=\"og:image:height\" content=\"1600\" \/>\n\t<meta property=\"og:image:type\" content=\"image\/jpeg\" \/>\n<meta name=\"twitter:card\" content=\"summary_large_image\" \/>\n<meta name=\"twitter:label1\" content=\"Est. reading time\" \/>\n\t<meta name=\"twitter:data1\" content=\"1 minut\u0117\" \/>\n<script type=\"application\/ld+json\" class=\"yoast-schema-graph\">{\"@context\":\"https:\/\/schema.org\",\"@graph\":[{\"@type\":\"WebPage\",\"@id\":\"https:\/\/www.distribucionarc.com\/ro\/producto\/maquina-de-encuadernacion-termica\/\",\"url\":\"https:\/\/www.distribucionarc.com\/ro\/producto\/maquina-de-encuadernacion-termica\/\",\"name\":\"M\u00e1quina de encuadernaci\u00f3n t\u00e9rmica - distribuci\u00f3n ARC\",\"isPartOf\":{\"@id\":\"https:\/\/www.distribucionarc.com\/tr\/#website\"},\"primaryImageOfPage\":{\"@id\":\"https:\/\/www.distribucionarc.com\/ro\/producto\/maquina-de-encuadernacion-termica\/#primaryimage\"},\"image\":{\"@id\":\"https:\/\/www.distribucionarc.com\/ro\/producto\/maquina-de-encuadernacion-termica\/#primaryimage\"},\"thumbnailUrl\":\"https:\/\/distribucionarc.com\/wp-content\/uploads\/2020\/10\/M\u00e1quina-de-encuadernaci\u00f3n-t\u00e9rmica-1.jpg\",\"datePublished\":\"2020-10-03T18:07:26+00:00\",\"dateModified\":\"2023-04-19T10:46:50+00:00\",\"breadcrumb\":{\"@id\":\"https:\/\/www.distribucionarc.com\/ro\/producto\/maquina-de-encuadernacion-termica\/#breadcrumb\"},\"inLanguage\":\"lt-LT\",\"potentialAction\":[{\"@type\":\"ReadAction\",\"target\":[\"https:\/\/www.distribucionarc.com\/ro\/producto\/maquina-de-encuadernacion-termica\/\"]}]},{\"@type\":\"ImageObject\",\"inLanguage\":\"lt-LT\",\"@id\":\"https:\/\/www.distribucionarc.com\/ro\/producto\/maquina-de-encuadernacion-termica\/#primaryimage\",\"url\":\"https:\/\/distribucionarc.com\/wp-content\/uploads\/2020\/10\/M\u00e1quina-de-encuadernaci\u00f3n-t\u00e9rmica-1.jpg\",\"contentUrl\":\"https:\/\/distribucionarc.com\/wp-content\/uploads\/2020\/10\/M\u00e1quina-de-encuadernaci\u00f3n-t\u00e9rmica-1.jpg\",\"width\":1600,\"height\":1600,\"caption\":\"M\u00e1quina de encuadernaci\u00f3n t\u00e9rmica\"},{\"@type\":\"BreadcrumbList\",\"@id\":\"https:\/\/www.distribucionarc.com\/ro\/producto\/maquina-de-encuadernacion-termica\/#breadcrumb\",\"itemListElement\":[{\"@type\":\"ListItem\",\"position\":1,\"name\":\"Portada\",\"item\":\"https:\/\/www.distribucionarc.com\/tr\/\"},{\"@type\":\"ListItem\",\"position\":2,\"name\":\"Produktai\",\"item\":\"https:\/\/distribucionarc.com\/lt\/parduotuve\/\"},{\"@type\":\"ListItem\",\"position\":3,\"name\":\"M\u00e1quina de encuadernaci\u00f3n t\u00e9rmica\"}]},{\"@type\":\"WebSite\",\"@id\":\"https:\/\/www.distribucionarc.com\/tr\/#website\",\"url\":\"https:\/\/www.distribucionarc.com\/tr\/\",\"name\":\"distribuci\u00f3n ARC\",\"description\":\"Empresa especializada en la fabricaci\u00f3n y distribuci\u00f3n de maquinaria industrial, selladoras de latas, Maquinas de hacer pastillas, Maquinas de cortar carne...\",\"publisher\":{\"@id\":\"https:\/\/www.distribucionarc.com\/tr\/#organization\"},\"potentialAction\":[{\"@type\":\"SearchAction\",\"target\":{\"@type\":\"EntryPoint\",\"urlTemplate\":\"https:\/\/www.distribucionarc.com\/tr\/?s={search_term_string}\"},\"query-input\":{\"@type\":\"PropertyValueSpecification\",\"valueRequired\":true,\"valueName\":\"search_term_string\"}}],\"inLanguage\":\"lt-LT\"},{\"@type\":\"Organization\",\"@id\":\"https:\/\/www.distribucionarc.com\/tr\/#organization\",\"name\":\"Distribuci\u00f3n ARC\",\"url\":\"https:\/\/www.distribucionarc.com\/tr\/\",\"logo\":{\"@type\":\"ImageObject\",\"inLanguage\":\"lt-LT\",\"@id\":\"https:\/\/www.distribucionarc.com\/tr\/#\/schema\/logo\/image\/\",\"url\":\"https:\/\/distribucionarc.com\/wp-content\/uploads\/2024\/10\/distribucion-ARC-COLOR-SIN-FONDO-e1732295305345.png\",\"contentUrl\":\"https:\/\/distribucionarc.com\/wp-content\/uploads\/2024\/10\/distribucion-ARC-COLOR-SIN-FONDO-e1732295305345.png\",\"width\":1164,\"height\":558,\"caption\":\"Distribuci\u00f3n ARC\"},\"image\":{\"@id\":\"https:\/\/www.distribucionarc.com\/tr\/#\/schema\/logo\/image\/\"},\"description\":\"Empresa especializada en la fabricaci\u00f3n y distribuci\u00f3n de maquinaria industrial para los sectores alimentario y farmac\u00e9utico. Nos especializamos en: M\u00e1quinas de cortar carne Fabricaci\u00f3n de comprimidos Sistemas de transporte industrial L\u00edneas de embotellado Dosificadores Y mucho m\u00e1s... Ofrecemos soluciones innovadoras y personalizadas para optimizar los procesos productivos de tu empresa.\",\"email\":\"Admistracion@distribucionarc.com\",\"telephone\":\"+34 643496664\",\"legalName\":\"ARC TECH SOLUTIONS\",\"foundingDate\":\"2024-04-09\",\"vatID\":\"B55480172\",\"numberOfEmployees\":{\"@type\":\"QuantitativeValue\",\"minValue\":\"1\",\"maxValue\":\"10\"}}]}<\/script>\n<!-- \/ Yoast SEO Premium plugin. -->","yoast_head_json":{"title":"Terminio ri\u0161imo ma\u0161ina - ARC skirstymas","robots":{"index":"index","follow":"follow","max-snippet":"max-snippet:-1","max-image-preview":"max-image-preview:large","max-video-preview":"max-video-preview:-1"},"canonical":"https:\/\/www.distribucionarc.com\/ro\/producto\/maquina-de-encuadernacion-termica\/","og_locale":"lt_LT","og_type":"article","og_title":"M\u00e1quina de encuadernaci\u00f3n t\u00e9rmica","og_description":"M\u00e1quina de encuadernaci\u00f3n t\u00e9rmica Desde ARC le ofrecemos una m\u00e1quina de encuadernaci\u00f3n. Con certificaci\u00f3n de calidad ISO9001. Fabricada con acero inoxidable 100% de alta calidad. Dise\u00f1ado para peque\u00f1as empresas, f\u00e1cil de usar por una sola persona, no requiere de capacitaci\u00f3n especial. Cuenta con guillotina echa de aleaci\u00f3n de aluminio con hojas muy afiladas y duraderas,\u00a0 para ajustar el papel al tama\u00f1o que requiera. Garant\u00eda\u00a0ARC 2 A\u00d1OS Encuadernadora t\u00e9rmica eficiente, bajo consumo 600w soporte t\u00e9cnico\u00a0incluido","og_url":"https:\/\/www.distribucionarc.com\/ro\/producto\/maquina-de-encuadernacion-termica\/","og_site_name":"distribuci\u00f3n ARC","article_modified_time":"2023-04-19T10:46:50+00:00","og_image":[{"width":1600,"height":1600,"url":"https:\/\/distribucionarc.com\/wp-content\/uploads\/2020\/10\/M\u00e1quina-de-encuadernaci\u00f3n-t\u00e9rmica-1.jpg","type":"image\/jpeg"}],"twitter_card":"summary_large_image","twitter_misc":{"Est. reading time":"1 minut\u0117"},"schema":{"@context":"https:\/\/schema.org","@graph":[{"@type":"WebPage","@id":"https:\/\/www.distribucionarc.com\/ro\/producto\/maquina-de-encuadernacion-termica\/","url":"https:\/\/www.distribucionarc.com\/ro\/producto\/maquina-de-encuadernacion-termica\/","name":"Terminio ri\u0161imo ma\u0161ina - ARC skirstymas","isPartOf":{"@id":"https:\/\/www.distribucionarc.com\/tr\/#website"},"primaryImageOfPage":{"@id":"https:\/\/www.distribucionarc.com\/ro\/producto\/maquina-de-encuadernacion-termica\/#primaryimage"},"image":{"@id":"https:\/\/www.distribucionarc.com\/ro\/producto\/maquina-de-encuadernacion-termica\/#primaryimage"},"thumbnailUrl":"https:\/\/distribucionarc.com\/wp-content\/uploads\/2020\/10\/M\u00e1quina-de-encuadernaci\u00f3n-t\u00e9rmica-1.jpg","datePublished":"2020-10-03T18:07:26+00:00","dateModified":"2023-04-19T10:46:50+00:00","breadcrumb":{"@id":"https:\/\/www.distribucionarc.com\/ro\/producto\/maquina-de-encuadernacion-termica\/#breadcrumb"},"inLanguage":"lt-LT","potentialAction":[{"@type":"ReadAction","target":["https:\/\/www.distribucionarc.com\/ro\/producto\/maquina-de-encuadernacion-termica\/"]}]},{"@type":"ImageObject","inLanguage":"lt-LT","@id":"https:\/\/www.distribucionarc.com\/ro\/producto\/maquina-de-encuadernacion-termica\/#primaryimage","url":"https:\/\/distribucionarc.com\/wp-content\/uploads\/2020\/10\/M\u00e1quina-de-encuadernaci\u00f3n-t\u00e9rmica-1.jpg","contentUrl":"https:\/\/distribucionarc.com\/wp-content\/uploads\/2020\/10\/M\u00e1quina-de-encuadernaci\u00f3n-t\u00e9rmica-1.jpg","width":1600,"height":1600,"caption":"M\u00e1quina de encuadernaci\u00f3n t\u00e9rmica"},{"@type":"BreadcrumbList","@id":"https:\/\/www.distribucionarc.com\/ro\/producto\/maquina-de-encuadernacion-termica\/#breadcrumb","itemListElement":[{"@type":"ListItem","position":1,"name":"Portada","item":"https:\/\/www.distribucionarc.com\/tr\/"},{"@type":"ListItem","position":2,"name":"Produktai","item":"https:\/\/distribucionarc.com\/lt\/parduotuve\/"},{"@type":"ListItem","position":3,"name":"M\u00e1quina de encuadernaci\u00f3n t\u00e9rmica"}]},{"@type":"WebSite","@id":"https:\/\/www.distribucionarc.com\/tr\/#website","url":"https:\/\/www.distribucionarc.com\/tr\/","name":"ARC paskirstymas","description":"\u012emon\u0117 specializuojasi pramonini\u0173 ma\u0161in\u0173, skardini\u0173 sandarinimo ma\u0161in\u0173, table\u010di\u0173 gamybos ma\u0161in\u0173, m\u0117sos pjaustymo ma\u0161in\u0173 gamyboje ir platinime...","publisher":{"@id":"https:\/\/www.distribucionarc.com\/tr\/#organization"},"potentialAction":[{"@type":"SearchAction","target":{"@type":"EntryPoint","urlTemplate":"https:\/\/www.distribucionarc.com\/tr\/?s={search_term_string}"},"query-input":{"@type":"PropertyValueSpecification","valueRequired":true,"valueName":"search_term_string"}}],"inLanguage":"lt-LT"},{"@type":"Organization","@id":"https:\/\/www.distribucionarc.com\/tr\/#organization","name":"ARC platinimas","url":"https:\/\/www.distribucionarc.com\/tr\/","logo":{"@type":"ImageObject","inLanguage":"lt-LT","@id":"https:\/\/www.distribucionarc.com\/tr\/#\/schema\/logo\/image\/","url":"https:\/\/distribucionarc.com\/wp-content\/uploads\/2024\/10\/distribucion-ARC-COLOR-SIN-FONDO-e1732295305345.png","contentUrl":"https:\/\/distribucionarc.com\/wp-content\/uploads\/2024\/10\/distribucion-ARC-COLOR-SIN-FONDO-e1732295305345.png","width":1164,"height":558,"caption":"Distribuci\u00f3n ARC"},"image":{"@id":"https:\/\/www.distribucionarc.com\/tr\/#\/schema\/logo\/image\/"},"description":"\u012emon\u0117 specializuojasi maisto ir farmacijos sektoriams skirt\u0173 pramonini\u0173 ma\u0161in\u0173 gamyboje ir platinime. M\u016bs\u0173 specializacija: M\u0117sos pjaustymo ma\u0161inos Table\u010di\u0173 gamyba Pramonin\u0117s transportavimo sistemos I\u0161pilstymo linijos Dozatoriai Ir dar daugiau... Si\u016blome novatori\u0161kus ir individualiems poreikiams pritaikytus sprendimus, kad optimizuotume j\u016bs\u0173 \u012fmon\u0117s gamybos procesus.","email":"Admistracion@distribucionarc.com","telephone":"+34 643496664","legalName":"ARC TECH SOLUTIONS","foundingDate":"2024-04-09","vatID":"B55480172","numberOfEmployees":{"@type":"QuantitativeValue","minValue":"1","maxValue":"10"}}]}},"_links":{"self":[{"href":"https:\/\/distribucionarc.com\/lt\/wp-json\/wp\/v2\/product\/3527","targetHints":{"allow":["GET"]}}],"collection":[{"href":"https:\/\/distribucionarc.com\/lt\/wp-json\/wp\/v2\/product"}],"about":[{"href":"https:\/\/distribucionarc.com\/lt\/wp-json\/wp\/v2\/types\/product"}],"replies":[{"embeddable":true,"href":"https:\/\/distribucionarc.com\/lt\/wp-json\/wp\/v2\/comments?post=3527"}],"version-history":[{"count":0,"href":"https:\/\/distribucionarc.com\/lt\/wp-json\/wp\/v2\/product\/3527\/revisions"}],"wp:featuredmedia":[{"embeddable":true,"href":"https:\/\/distribucionarc.com\/lt\/wp-json\/wp\/v2\/media\/3535"}],"wp:attachment":[{"href":"https:\/\/distribucionarc.com\/lt\/wp-json\/wp\/v2\/media?parent=3527"}],"wp:term":[{"taxonomy":"product_brand","embeddable":true,"href":"https:\/\/distribucionarc.com\/lt\/wp-json\/wp\/v2\/product_brand?post=3527"},{"taxonomy":"product_cat","embeddable":true,"href":"https:\/\/distribucionarc.com\/lt\/wp-json\/wp\/v2\/product_cat?post=3527"},{"taxonomy":"product_tag","embeddable":true,"href":"https:\/\/distribucionarc.com\/lt\/wp-json\/wp\/v2\/product_tag?post=3527"}],"curies":[{"name":"wp","href":"https:\/\/api.w.org\/{rel}","templated":true}]}}