{"id":3541,"date":"2020-10-05T09:06:24","date_gmt":"2020-10-05T09:06:24","guid":{"rendered":"https:\/\/distribucionarc.com\/?post_type=product&#038;p=3541"},"modified":"2020-10-05T09:20:34","modified_gmt":"2020-10-05T09:20:34","slug":"termopresas-tekstile-5","status":"publish","type":"product","link":"https:\/\/distribucionarc.com\/lt\/producto\/prensa-termica-textil-5\/","title":{"rendered":"Tekstil\u0117s terminis presas 5"},"content":{"rendered":"<h3>\u0160ilumos preso sublimacin\u0117 plok\u0161t\u0117 38 x 38 cm<\/h3>\n<p>Tai <strong>tekstil\u0117s spaudos ma\u0161ina<\/strong> Turi 38 x 38 cm kaitinimo plok\u0161t\u0119, kuri u\u017etikrina didel\u012f \u0161tampavimo pavir\u0161i\u0173. Teflonu dengta plok\u0161tel\u0117 yra nelipni, neleid\u017eia vinilams degti ir jai nereikia atskiros silikonin\u0117s pl\u0117vel\u0117s, kad jie neprilipt\u0173 prie ma\u0161inos. The <strong>sublimacijos ma\u0161ina <span style=\"color: #ff0000;\">KAM<\/span><span style=\"color: #0000ff;\">R<\/span>c<\/strong> yra <strong>5 viename<\/strong> Su \u012fvairiais priedais, \u012fskaitant: ritinin\u012f pres\u0105, dangtelio pres\u0105, puodeli\u0173 pres\u0105 ir du l\u0117k\u0161t\u0117s presus, galite perkelti ra\u0161tus ant mar\u0161kin\u0117li\u0173, kepur\u0117li\u0173, puodeli\u0173, l\u0117k\u0161\u010di\u0173 ir kit\u0173 lygaus pavir\u0161iaus daikt\u0173.<\/p>\n<p>\u012erengtas tikslus skaitmeninis LCD laikmatis ir temperat\u016bros valdiklis, nustatykite ir sureguliuokite presavimo lygintuv\u0105 pagal savo poreikius. Jame yra i\u0161manusis akustinis pavojaus signalas, kuris skamba pa\u010diu laiku ir prane\u0161, kai spausdinama. Visas 360 laipsni\u0173 pasukamas svirtis leid\u017eia kaitinimo elementui saugiai jud\u0117ti kur tik norite, kad b\u016bt\u0173 u\u017etikrintas naudotojo saugumas.<strong> \u0161iluminis presas <span style=\"color: #ff0000;\">KAM<\/span><span style=\"color: #0000ff;\">R<\/span>CPTT5<\/strong> ir i\u0161vengti atsitiktinio kontakto. Rankena u\u017edarymo sl\u0117g\u012f daro per spyruokl\u0119 ir prispaud\u017eiam\u0173j\u0173 plok\u0161\u010di\u0173 sistem\u0105, tod\u0117l u\u017edarant svor\u012f galima tolygiau paskirstyti vis\u0105 \u0161ildymo plok\u0161t\u0119.<\/p>\n<h6><strong>Garantija\u00a0<span style=\"color: #ff0000;\">KAM<\/span><span style=\"color: #0000ff;\">R<\/span>C 2 METAI<\/strong><\/h6>\n<h6><span style=\"color: #008000;\">Efektyvus terminis presas, ma\u017eos s\u0105naudos 1000w<\/span><\/h6>\n<h6><strong>\u012ftraukta technin\u0117 pagalba<\/strong><\/h6>\n<p>&nbsp;<\/p>\n<table role=\"presentation\" width=\"100%\" cellspacing=\"0\" cellpadding=\"0\">\n<tbody>\n<tr>\n<td class=\"attrLabels\">Prekinis \u017eenklas:<\/td>\n<td width=\"50.0%\">ARC<\/td>\n<\/tr>\n<tr>\n<td class=\"attrLabels\">Platinimo \u0161alis:<\/td>\n<td width=\"50.0%\">Ispanija, Vokietija, JAV<\/td>\n<td class=\"attrLabels\">Svoris:<\/td>\n<td width=\"50.0%\">27,2 kg<\/td>\n<\/tr>\n<tr>\n<td class=\"attrLabels\">Spalva:<\/td>\n<td width=\"50.0%\">Juoda<\/td>\n<td class=\"attrLabels\">Auk\u0161tis:<\/td>\n<td width=\"50.0%\">38 cm<\/td>\n<\/tr>\n<tr>\n<td class=\"attrLabels\">Produkto tipas:<\/td>\n<td width=\"50.0%\">Termi\u0161kai lipnus presas<\/td>\n<td class=\"attrLabels\">Ilgas:<\/td>\n<td width=\"50.0%\">38,5 cm<\/td>\n<\/tr>\n<tr>\n<td class=\"attrLabels\">Gamintojo numeris:<\/td>\n<td width=\"50.0%\">ARCPTT5<\/td>\n<td class=\"attrLabels\">Platus:<\/td>\n<td width=\"50.0%\">\u00a038,5 cm<\/td>\n<\/tr>\n<tr>\n<td class=\"attrLabels\">Med\u017eiaga:<\/td>\n<td width=\"50.0%\">Teflonu dengtas plok\u0161\u010di\u0173 presas, skaitmeninis ekranas, laiko ir temperat\u016bros reguliatorius, LED<\/td>\n<td class=\"attrLabels\">Temperat\u016bros diapazonas:<\/td>\n<td width=\"50.0%\">0 \u2013 250\u00baC<\/td>\n<\/tr>\n<tr>\n<td class=\"attrLabels\">Montavimo \u012frankiai:<\/td>\n<td width=\"50.0%\">Taip<\/td>\n<td class=\"attrLabels\">Terminis gele\u017eies dydis:<\/td>\n<td width=\"50.0%\">38x38 cm<\/td>\n<\/tr>\n<tr>\n<td class=\"attrLabels\">\u012e\u0117jimo \u012ftampa:<\/td>\n<td width=\"50.0%\">220V \u2013 60\/50Hz<\/td>\n<td class=\"attrLabels\">Presai:<\/td>\n<td width=\"50.0%\">Kepur\u0117s 15 x 8 cm Plok\u0161tel\u0117-1 12,7 cm skersmuo<\/p>\n<p>Puodeliai 7,6 x 8,9 cm L\u0117k\u0161t\u0117-2 15 cm skersmuo<\/td>\n<\/tr>\n<tr>\n<td class=\"attrLabels\">Galia:<\/td>\n<td width=\"50.0%\">1000W<\/td>\n<td class=\"attrLabels\">Reguliuojamas auk\u0161tis:<\/td>\n<td width=\"50.0%\">35-43 cm<\/td>\n<\/tr>\n<\/tbody>\n<\/table>","protected":false},"excerpt":{"rendered":"<h2>Terminio preso sublimacijos plok\u0161t\u0117 38 x 38 cm<\/h2>\n<p>Tai <strong>5 viename tekstil\u0117s presas <span style=\"color: #ff0000;\">KAM<\/span><span style=\"color: #0000ff;\">R<\/span>c<\/strong> turi a <strong>38 x 38 cm \u0161ildymo plok\u0161t\u0117<\/strong> Dengtas teflonu. Jame yra visas \u0161ildymo gyvatuk\u0173 pasirinkimas, u\u017etikrinantis vienod\u0105 pavir\u0161i\u0173. Sukamosios \u0161iluminio presavimo ma\u0161inos dizainas si\u016blo visus b\u016btinus priedus. Galima naudoti mar\u0161kin\u0117liams, kepurait\u0117ms, keramin\u0117ms l\u0117k\u0161t\u0117ms, plytel\u0117ms, puodeliams, pad\u0117kliukams, pel\u0117s kilim\u0117liams, d\u0117lion\u0117ms ir kitiems audiniams ar \u012fvairioms med\u017eiagoms.<\/p>\n<h6><strong>Garantija\u00a0<span style=\"color: #ff0000;\">KAM<\/span><span style=\"color: #0000ff;\">R<\/span>C 2 METAI<\/strong><\/h6>\n<h6><span style=\"color: #008000;\">Efektyvus terminis presas, ma\u017eos s\u0105naudos 1000w<\/span><\/h6>\n<h6><strong>\u012ftraukta technin\u0117 pagalba<\/strong><\/h6>","protected":false},"featured_media":3548,"comment_status":"open","ping_status":"closed","template":"","meta":{"wds_primary_product_brand":0,"wds_primary_product_cat":0},"product_brand":[],"product_cat":[69],"product_tag":[],"class_list":{"0":"post-3541","1":"product","2":"type-product","3":"status-publish","4":"has-post-thumbnail","6":"product_cat-maquinas-variadas","7":"product_shipping_class-hosteleria","9":"first","10":"instock","11":"sale","12":"taxable","13":"shipping-taxable","14":"purchasable","15":"product-type-simple"},"yoast_head":"<!-- This site is optimized with the Yoast SEO Premium plugin v24.9 (Yoast SEO v26.1) - https:\/\/yoast.com\/wordpress\/plugins\/seo\/ -->\n<title>Prensa t\u00e9rmica textil 5 - distribuci\u00f3n ARC<\/title>\n<meta name=\"robots\" content=\"index, follow, max-snippet:-1, max-image-preview:large, max-video-preview:-1\" \/>\n<link rel=\"canonical\" href=\"https:\/\/distribucionarc.com\/lt\/produktas\/termopresas-tekstile-5\/\" \/>\n<meta property=\"og:locale\" content=\"lt_LT\" \/>\n<meta property=\"og:type\" content=\"article\" \/>\n<meta property=\"og:title\" content=\"Prensa t\u00e9rmica textil 5\" \/>\n<meta property=\"og:description\" content=\"Prensa termica plancha de sublimaci\u00f3n 38 x 38 cm Esta prensa textil 5 en 1 ARC cuenta con una placa de calentamiento de 38 x 38 cm recubierta de tefl\u00f3n. Cuenta con una selecci\u00f3n completa de bobinas de calentamiento para garantizar una superficie uniforme. El dise\u00f1o giratorio de oscilaci\u00f3n de la m\u00e1quina de prensado en caliente ofrece todos los accesorios indispensables. Se puede utilizar para camisetas, gorras, placas de cer\u00e1mica, azulejos, tazas, posavasos, almohadillas de rat\u00f3n, rompecabezas y otros tejidos o diferentes materiales. Garant\u00eda\u00a0ARC 2 A\u00d1OS Prensa t\u00e9rmica eficiente, bajo consumo 1000w soporte t\u00e9cnico\u00a0incluido\" \/>\n<meta property=\"og:url\" content=\"https:\/\/distribucionarc.com\/lt\/produktas\/termopresas-tekstile-5\/\" \/>\n<meta property=\"og:site_name\" content=\"distribuci\u00f3n ARC\" \/>\n<meta property=\"article:modified_time\" content=\"2020-10-05T09:20:34+00:00\" \/>\n<meta property=\"og:image\" content=\"https:\/\/distribucionarc.com\/wp-content\/uploads\/2020\/10\/Prensa-t\u00e9rmica-textil-5-0.jpg\" \/>\n\t<meta property=\"og:image:width\" content=\"1500\" \/>\n\t<meta property=\"og:image:height\" content=\"1500\" \/>\n\t<meta property=\"og:image:type\" content=\"image\/jpeg\" \/>\n<meta name=\"twitter:card\" content=\"summary_large_image\" \/>\n<meta name=\"twitter:label1\" content=\"Est. reading time\" \/>\n\t<meta name=\"twitter:data1\" content=\"2 minut\u0117s\" \/>\n<script type=\"application\/ld+json\" class=\"yoast-schema-graph\">{\"@context\":\"https:\/\/schema.org\",\"@graph\":[{\"@type\":\"WebPage\",\"@id\":\"https:\/\/distribucionarc.com\/fr\/producto\/prensa-termica-textil-5\/\",\"url\":\"https:\/\/distribucionarc.com\/fr\/producto\/prensa-termica-textil-5\/\",\"name\":\"Prensa t\u00e9rmica textil 5 - distribuci\u00f3n ARC\",\"isPartOf\":{\"@id\":\"https:\/\/distribucionarc.com\/de\/#website\"},\"primaryImageOfPage\":{\"@id\":\"https:\/\/distribucionarc.com\/fr\/producto\/prensa-termica-textil-5\/#primaryimage\"},\"image\":{\"@id\":\"https:\/\/distribucionarc.com\/fr\/producto\/prensa-termica-textil-5\/#primaryimage\"},\"thumbnailUrl\":\"https:\/\/distribucionarc.com\/wp-content\/uploads\/2020\/10\/Prensa-t\u00e9rmica-textil-5-0.jpg\",\"datePublished\":\"2020-10-05T09:06:24+00:00\",\"dateModified\":\"2020-10-05T09:20:34+00:00\",\"breadcrumb\":{\"@id\":\"https:\/\/distribucionarc.com\/fr\/producto\/prensa-termica-textil-5\/#breadcrumb\"},\"inLanguage\":\"lt-LT\",\"potentialAction\":[{\"@type\":\"ReadAction\",\"target\":[\"https:\/\/distribucionarc.com\/fr\/producto\/prensa-termica-textil-5\/\"]}]},{\"@type\":\"ImageObject\",\"inLanguage\":\"lt-LT\",\"@id\":\"https:\/\/distribucionarc.com\/fr\/producto\/prensa-termica-textil-5\/#primaryimage\",\"url\":\"https:\/\/distribucionarc.com\/wp-content\/uploads\/2020\/10\/Prensa-t\u00e9rmica-textil-5-0.jpg\",\"contentUrl\":\"https:\/\/distribucionarc.com\/wp-content\/uploads\/2020\/10\/Prensa-t\u00e9rmica-textil-5-0.jpg\",\"width\":1500,\"height\":1500,\"caption\":\"Prensa t\u00e9rmica textil 5\"},{\"@type\":\"BreadcrumbList\",\"@id\":\"https:\/\/distribucionarc.com\/fr\/producto\/prensa-termica-textil-5\/#breadcrumb\",\"itemListElement\":[{\"@type\":\"ListItem\",\"position\":1,\"name\":\"Portada\",\"item\":\"https:\/\/distribucionarc.com\/pl\/\"},{\"@type\":\"ListItem\",\"position\":2,\"name\":\"Produkty\",\"item\":\"https:\/\/distribucionarc.com\/pl\/shop\/\"},{\"@type\":\"ListItem\",\"position\":3,\"name\":\"Prensa t\u00e9rmica textil 5\"}]},{\"@type\":\"WebSite\",\"@id\":\"https:\/\/distribucionarc.com\/de\/#website\",\"url\":\"https:\/\/distribucionarc.com\/de\/\",\"name\":\"distribuci\u00f3n ARC\",\"description\":\"Empresa especializada en la fabricaci\u00f3n y distribuci\u00f3n de maquinaria industrial, selladoras de latas, Maquinas de hacer pastillas, Maquinas de cortar carne...\",\"publisher\":{\"@id\":\"https:\/\/distribucionarc.com\/de\/#organization\"},\"potentialAction\":[{\"@type\":\"SearchAction\",\"target\":{\"@type\":\"EntryPoint\",\"urlTemplate\":\"https:\/\/distribucionarc.com\/de\/?s={search_term_string}\"},\"query-input\":{\"@type\":\"PropertyValueSpecification\",\"valueRequired\":true,\"valueName\":\"search_term_string\"}}],\"inLanguage\":\"lt-LT\"},{\"@type\":\"Organization\",\"@id\":\"https:\/\/distribucionarc.com\/de\/#organization\",\"name\":\"Distribuci\u00f3n ARC\",\"url\":\"https:\/\/distribucionarc.com\/de\/\",\"logo\":{\"@type\":\"ImageObject\",\"inLanguage\":\"lt-LT\",\"@id\":\"https:\/\/distribucionarc.com\/de\/#\/schema\/logo\/image\/\",\"url\":\"https:\/\/distribucionarc.com\/wp-content\/uploads\/2024\/10\/distribucion-ARC-COLOR-SIN-FONDO-e1732295305345.png\",\"contentUrl\":\"https:\/\/distribucionarc.com\/wp-content\/uploads\/2024\/10\/distribucion-ARC-COLOR-SIN-FONDO-e1732295305345.png\",\"width\":1164,\"height\":558,\"caption\":\"Distribuci\u00f3n ARC\"},\"image\":{\"@id\":\"https:\/\/distribucionarc.com\/de\/#\/schema\/logo\/image\/\"},\"description\":\"Empresa especializada en la fabricaci\u00f3n y distribuci\u00f3n de maquinaria industrial para los sectores alimentario y farmac\u00e9utico. Nos especializamos en: M\u00e1quinas de cortar carne Fabricaci\u00f3n de comprimidos Sistemas de transporte industrial L\u00edneas de embotellado Dosificadores Y mucho m\u00e1s... Ofrecemos soluciones innovadoras y personalizadas para optimizar los procesos productivos de tu empresa.\",\"email\":\"Admistracion@distribucionarc.com\",\"telephone\":\"+34 643496664\",\"legalName\":\"ARC TECH SOLUTIONS\",\"foundingDate\":\"2024-04-09\",\"vatID\":\"B55480172\",\"numberOfEmployees\":{\"@type\":\"QuantitativeValue\",\"minValue\":\"1\",\"maxValue\":\"10\"}}]}<\/script>\n<!-- \/ Yoast SEO Premium plugin. -->","yoast_head_json":{"title":"Tekstil\u0117s terminis presas 5 - ARC paskirstymas","robots":{"index":"index","follow":"follow","max-snippet":"max-snippet:-1","max-image-preview":"max-image-preview:large","max-video-preview":"max-video-preview:-1"},"canonical":"https:\/\/distribucionarc.com\/lt\/produktas\/termopresas-tekstile-5\/","og_locale":"lt_LT","og_type":"article","og_title":"Prensa t\u00e9rmica textil 5","og_description":"Prensa termica plancha de sublimaci\u00f3n 38 x 38 cm Esta prensa textil 5 en 1 ARC cuenta con una placa de calentamiento de 38 x 38 cm recubierta de tefl\u00f3n. Cuenta con una selecci\u00f3n completa de bobinas de calentamiento para garantizar una superficie uniforme. El dise\u00f1o giratorio de oscilaci\u00f3n de la m\u00e1quina de prensado en caliente ofrece todos los accesorios indispensables. Se puede utilizar para camisetas, gorras, placas de cer\u00e1mica, azulejos, tazas, posavasos, almohadillas de rat\u00f3n, rompecabezas y otros tejidos o diferentes materiales. Garant\u00eda\u00a0ARC 2 A\u00d1OS Prensa t\u00e9rmica eficiente, bajo consumo 1000w soporte t\u00e9cnico\u00a0incluido","og_url":"https:\/\/distribucionarc.com\/lt\/produktas\/termopresas-tekstile-5\/","og_site_name":"distribuci\u00f3n ARC","article_modified_time":"2020-10-05T09:20:34+00:00","og_image":[{"width":1500,"height":1500,"url":"https:\/\/distribucionarc.com\/wp-content\/uploads\/2020\/10\/Prensa-t\u00e9rmica-textil-5-0.jpg","type":"image\/jpeg"}],"twitter_card":"summary_large_image","twitter_misc":{"Est. reading time":"2 minut\u0117s"},"schema":{"@context":"https:\/\/schema.org","@graph":[{"@type":"WebPage","@id":"https:\/\/distribucionarc.com\/fr\/producto\/prensa-termica-textil-5\/","url":"https:\/\/distribucionarc.com\/fr\/producto\/prensa-termica-textil-5\/","name":"Tekstil\u0117s terminis presas 5 - ARC paskirstymas","isPartOf":{"@id":"https:\/\/distribucionarc.com\/de\/#website"},"primaryImageOfPage":{"@id":"https:\/\/distribucionarc.com\/fr\/producto\/prensa-termica-textil-5\/#primaryimage"},"image":{"@id":"https:\/\/distribucionarc.com\/fr\/producto\/prensa-termica-textil-5\/#primaryimage"},"thumbnailUrl":"https:\/\/distribucionarc.com\/wp-content\/uploads\/2020\/10\/Prensa-t\u00e9rmica-textil-5-0.jpg","datePublished":"2020-10-05T09:06:24+00:00","dateModified":"2020-10-05T09:20:34+00:00","breadcrumb":{"@id":"https:\/\/distribucionarc.com\/fr\/producto\/prensa-termica-textil-5\/#breadcrumb"},"inLanguage":"lt-LT","potentialAction":[{"@type":"ReadAction","target":["https:\/\/distribucionarc.com\/fr\/producto\/prensa-termica-textil-5\/"]}]},{"@type":"ImageObject","inLanguage":"lt-LT","@id":"https:\/\/distribucionarc.com\/fr\/producto\/prensa-termica-textil-5\/#primaryimage","url":"https:\/\/distribucionarc.com\/wp-content\/uploads\/2020\/10\/Prensa-t\u00e9rmica-textil-5-0.jpg","contentUrl":"https:\/\/distribucionarc.com\/wp-content\/uploads\/2020\/10\/Prensa-t\u00e9rmica-textil-5-0.jpg","width":1500,"height":1500,"caption":"Prensa t\u00e9rmica textil 5"},{"@type":"BreadcrumbList","@id":"https:\/\/distribucionarc.com\/fr\/producto\/prensa-termica-textil-5\/#breadcrumb","itemListElement":[{"@type":"ListItem","position":1,"name":"Portada","item":"https:\/\/distribucionarc.com\/pl\/"},{"@type":"ListItem","position":2,"name":"Produkty","item":"https:\/\/distribucionarc.com\/pl\/shop\/"},{"@type":"ListItem","position":3,"name":"Prensa t\u00e9rmica textil 5"}]},{"@type":"WebSite","@id":"https:\/\/distribucionarc.com\/de\/#website","url":"https:\/\/distribucionarc.com\/de\/","name":"ARC paskirstymas","description":"\u012emon\u0117 specializuojasi pramonini\u0173 ma\u0161in\u0173, skardini\u0173 sandarinimo ma\u0161in\u0173, table\u010di\u0173 gamybos ma\u0161in\u0173, m\u0117sos pjaustymo ma\u0161in\u0173 gamyboje ir platinime...","publisher":{"@id":"https:\/\/distribucionarc.com\/de\/#organization"},"potentialAction":[{"@type":"SearchAction","target":{"@type":"EntryPoint","urlTemplate":"https:\/\/distribucionarc.com\/de\/?s={search_term_string}"},"query-input":{"@type":"PropertyValueSpecification","valueRequired":true,"valueName":"search_term_string"}}],"inLanguage":"lt-LT"},{"@type":"Organization","@id":"https:\/\/distribucionarc.com\/de\/#organization","name":"ARC platinimas","url":"https:\/\/distribucionarc.com\/de\/","logo":{"@type":"ImageObject","inLanguage":"lt-LT","@id":"https:\/\/distribucionarc.com\/de\/#\/schema\/logo\/image\/","url":"https:\/\/distribucionarc.com\/wp-content\/uploads\/2024\/10\/distribucion-ARC-COLOR-SIN-FONDO-e1732295305345.png","contentUrl":"https:\/\/distribucionarc.com\/wp-content\/uploads\/2024\/10\/distribucion-ARC-COLOR-SIN-FONDO-e1732295305345.png","width":1164,"height":558,"caption":"Distribuci\u00f3n ARC"},"image":{"@id":"https:\/\/distribucionarc.com\/de\/#\/schema\/logo\/image\/"},"description":"\u012emon\u0117 specializuojasi maisto ir farmacijos sektoriams skirt\u0173 pramonini\u0173 ma\u0161in\u0173 gamyboje ir platinime. M\u016bs\u0173 specializacija: M\u0117sos pjaustymo ma\u0161inos Table\u010di\u0173 gamyba Pramonin\u0117s transportavimo sistemos I\u0161pilstymo linijos Dozatoriai Ir dar daugiau... Si\u016blome novatori\u0161kus ir individualiems poreikiams pritaikytus sprendimus, kad optimizuotume j\u016bs\u0173 \u012fmon\u0117s gamybos procesus.","email":"Admistracion@distribucionarc.com","telephone":"+34 643496664","legalName":"ARC TECH SOLUTIONS","foundingDate":"2024-04-09","vatID":"B55480172","numberOfEmployees":{"@type":"QuantitativeValue","minValue":"1","maxValue":"10"}}]}},"_links":{"self":[{"href":"https:\/\/distribucionarc.com\/lt\/wp-json\/wp\/v2\/product\/3541","targetHints":{"allow":["GET"]}}],"collection":[{"href":"https:\/\/distribucionarc.com\/lt\/wp-json\/wp\/v2\/product"}],"about":[{"href":"https:\/\/distribucionarc.com\/lt\/wp-json\/wp\/v2\/types\/product"}],"replies":[{"embeddable":true,"href":"https:\/\/distribucionarc.com\/lt\/wp-json\/wp\/v2\/comments?post=3541"}],"version-history":[{"count":0,"href":"https:\/\/distribucionarc.com\/lt\/wp-json\/wp\/v2\/product\/3541\/revisions"}],"wp:featuredmedia":[{"embeddable":true,"href":"https:\/\/distribucionarc.com\/lt\/wp-json\/wp\/v2\/media\/3548"}],"wp:attachment":[{"href":"https:\/\/distribucionarc.com\/lt\/wp-json\/wp\/v2\/media?parent=3541"}],"wp:term":[{"taxonomy":"product_brand","embeddable":true,"href":"https:\/\/distribucionarc.com\/lt\/wp-json\/wp\/v2\/product_brand?post=3541"},{"taxonomy":"product_cat","embeddable":true,"href":"https:\/\/distribucionarc.com\/lt\/wp-json\/wp\/v2\/product_cat?post=3541"},{"taxonomy":"product_tag","embeddable":true,"href":"https:\/\/distribucionarc.com\/lt\/wp-json\/wp\/v2\/product_tag?post=3541"}],"curies":[{"name":"wp","href":"https:\/\/api.w.org\/{rel}","templated":true}]}}