{"id":355,"date":"2020-04-17T22:24:28","date_gmt":"2020-04-17T22:24:28","guid":{"rendered":"https:\/\/distribucionarc.com\/?post_type=product&#038;p=355"},"modified":"2025-05-10T00:28:45","modified_gmt":"2025-05-09T22:28:45","slug":"dozavimo-ispilstymo-pildymo-pakavimo-masina-100ml-%f0%9f%94%9b-1000ml","status":"publish","type":"product","link":"https:\/\/distribucionarc.com\/lt\/producto\/dosificadora-embotelladora-llenadora-envasadora-100ml-%f0%9f%94%9b-1000ml\/","title":{"rendered":"Dozavimo, i\u0161pilstymo, pildymo ir pakavimo ma\u0161ina 100 ml? 1000 ml"},"content":{"rendered":"<h2 data-start=\"422\" data-end=\"515\">\ud83e\udd6b Dozavimo, i\u0161pilstymo ir u\u017epildymo aparatas \u2013 nuo 100 iki 1000 ml klampiems produktams<\/h2>\n<p data-start=\"517\" data-end=\"916\">The <strong data-start=\"520\" data-end=\"573\">Dozavimo ir pildymo ma\u0161ina nuo 100 iki 1000 ml<\/strong> su pneumatine st\u016bmokline sistema pasirod\u0117 esanti efektyvus, tikslus ir labai patikimas sprendimas \u012fvairiems klampiems produktams. Pagaminta <strong data-start=\"726\" data-end=\"775\">maistinio 304\/316 ner\u016bdijan\u010dio plieno<\/strong>, atitinka auk\u0161\u010diausius kokyb\u0117s ir higienos standartus ir yra sukurtas taip, kad u\u017etikrint\u0173 pramonin\u012f na\u0161um\u0105 ir b\u016bt\u0173 labai paprastas naudoti.<\/p>\n<h3 data-start=\"918\" data-end=\"958\">\ud83e\udde0 Tikri m\u016bs\u0173 klient\u0173 atvejai<\/h3>\n<p data-start=\"960\" data-end=\"1229\">\u012e <strong data-start=\"963\" data-end=\"983\">ARC platinimas<\/strong>, mes ne tik parduodame technik\u0105: <strong data-start=\"1014\" data-end=\"1079\">Mes j\u012f naudojame, tobuliname ir pagrind\u017eiame realia patirtimi.<\/strong>. Keletas m\u016bs\u0173 klient\u0173 jau daugel\u012f met\u0173 naudoja \u0161i\u0105 ma\u0161in\u0105 kasdien\u0117je gamyboje ir pasiekia puiki\u0173 rezultat\u0173. Keletas konkre\u010di\u0173 pavyzd\u017ei\u0173:<\/p>\n<h4 data-start=\"1231\" data-end=\"1260\">\ud83e\udd5c Maisto pramon\u0117<\/h4>\n<ul data-start=\"1261\" data-end=\"1737\">\n<li data-start=\"1261\" data-end=\"1454\">\n<p data-start=\"1263\" data-end=\"1454\"><strong data-start=\"1263\" data-end=\"1285\">\u017dem\u0117s rie\u0161ut\u0173 sviestas<\/strong>Vienas i\u0161 m\u016bs\u0173 ilgame\u010di\u0173 klient\u0173 \u0161iuo aparatu labai tiksliai ir be joki\u0173 modifikacij\u0173 gamina \u012fvairi\u0173 tekst\u016br\u0173 \u017eem\u0117s rie\u0161ut\u0173 sviest\u0105.<\/p>\n<\/li>\n<li data-start=\"1455\" data-end=\"1613\">\n<p data-start=\"1457\" data-end=\"1613\"><strong data-start=\"1457\" data-end=\"1485\">Tradiciniai uogien\u0117s<\/strong>Kitas klientas, uogieni\u0173 gamintojas, \u0161iuo u\u017epildu u\u017epildo 250 ml ir 500 ml stiklainius be joki\u0173 atliek\u0173 ar klaid\u0173.<\/p>\n<\/li>\n<li data-start=\"1614\" data-end=\"1737\">\n<p data-start=\"1616\" data-end=\"1737\"><strong data-start=\"1616\" data-end=\"1652\">Tir\u0161ti pada\u017eai ir pomidor\u0173 pastos<\/strong>J\u012f taip pat naudoja kepsni\u0173 pada\u017e\u0173, \u010desnakini\u0173 majonezo ar tir\u0161t\u0173 u\u017epil\u0173 gamintojai.<\/p>\n<\/li>\n<\/ul>\n<h4 data-start=\"1739\" data-end=\"1756\">\ud83e\uddf4 Kosmetika<\/h4>\n<ul data-start=\"1757\" data-end=\"1866\">\n<li data-start=\"1757\" data-end=\"1787\">\n<p data-start=\"1759\" data-end=\"1787\"><strong data-start=\"1759\" data-end=\"1787\">Tir\u0161tieji k\u016bno kremai<\/strong><\/p>\n<\/li>\n<li data-start=\"1788\" data-end=\"1832\">\n<p data-start=\"1790\" data-end=\"1832\"><strong data-start=\"1790\" data-end=\"1832\">Sunkios tekst\u016bruotos veido kauk\u0117s<\/strong><\/p>\n<\/li>\n<li data-start=\"1833\" data-end=\"1866\">\n<p data-start=\"1835\" data-end=\"1866\"><strong data-start=\"1835\" data-end=\"1866\">K\u016bno geliai ir balzamai<\/strong><\/p>\n<\/li>\n<\/ul>\n<h4 data-start=\"1868\" data-end=\"1883\">\ud83e\uddea Chemija<\/h4>\n<ul data-start=\"1884\" data-end=\"2000\">\n<li data-start=\"1884\" data-end=\"1917\">\n<p data-start=\"1886\" data-end=\"1917\"><strong data-start=\"1886\" data-end=\"1917\">Pramonin\u0117 valymo pasta<\/strong><\/p>\n<\/li>\n<li data-start=\"1918\" data-end=\"1953\">\n<p data-start=\"1920\" data-end=\"1953\"><strong data-start=\"1920\" data-end=\"1953\">Tank\u016bs, neputojantys plovikliai<\/strong><\/p>\n<\/li>\n<li data-start=\"1954\" data-end=\"2000\">\n<p data-start=\"1956\" data-end=\"2000\"><strong data-start=\"1956\" data-end=\"2000\">Pusiau kieti tepalai mink\u0161toje pakuot\u0117je<\/strong><\/p>\n<\/li>\n<\/ul>\n<h4 data-start=\"2002\" data-end=\"2035\">\ud83d\udc8a Farmacija ir vaista\u017eol\u0117s<\/h4>\n<ul data-start=\"2036\" data-end=\"2129\">\n<li data-start=\"2036\" data-end=\"2070\">\n<p data-start=\"2038\" data-end=\"2070\"><strong data-start=\"2038\" data-end=\"2070\">Klamp\u016bs augal\u0173 ekstraktai<\/strong><\/p>\n<\/li>\n<li data-start=\"2071\" data-end=\"2092\">\n<p data-start=\"2073\" data-end=\"2092\"><strong data-start=\"2073\" data-end=\"2092\">Tir\u0161tieji sirupai<\/strong><\/p>\n<\/li>\n<li data-start=\"2093\" data-end=\"2129\">\n<p data-start=\"2095\" data-end=\"2129\"><strong data-start=\"2095\" data-end=\"2129\">Nat\u016bral\u016bs tepalai ir balzamai<\/strong><\/p>\n<\/li>\n<\/ul>\n<p data-start=\"2131\" data-end=\"2360\">A\u010di\u016b j\u016bs\u0173 <strong data-start=\"2144\" data-end=\"2162\">50 kg bunkeris<\/strong>, jo <strong data-start=\"2167\" data-end=\"2211\">antgalis su reguliuojama apsaugos nuo la\u0161\u0117jimo sistema<\/strong> ir d\u0117l modulin\u0117s konstrukcijos (kuri palengvina greit\u0105 dali\u0173 pakeitim\u0105 gedimo atveju), \u0161i ma\u0161ina yra <strong data-start=\"2314\" data-end=\"2357\">labai lengva valdyti, valyti ir pri\u017ei\u016br\u0117ti<\/strong>.<\/p>\n<p data-start=\"2362\" data-end=\"2520\">Be to, b\u016bdamas <strong data-start=\"2377\" data-end=\"2435\">pusiau automatinis su automatinio veikimo galimybe<\/strong>, puikiai tinka tiek amatinink\u0173, tiek pramonin\u0117ms gamybos linijoms.<\/p>\n<p data-start=\"2522\" data-end=\"2673\">Su sertifikatu <strong data-start=\"2538\" data-end=\"2544\">EB<\/strong>, tiesiogin\u0119 technin\u0119 pagalb\u0105 ir <strong data-start=\"2572\" data-end=\"2594\">2 met\u0173 garantija<\/strong>\u0160is u\u017epildas sukurtas taip, kad tarnaut\u0173 ilgai ir b\u016bt\u0173 pritaikytas \u012fvairiems gamybos b\u016bdams.<\/p>\n<p>&nbsp;<\/p>\n<table>\n<thead>\n<tr>\n<th>Funkcija<\/th>\n<th>Detal\u0117<\/th>\n<\/tr>\n<\/thead>\n<tbody>\n<tr>\n<td>Ma\u0161inos tipas<\/td>\n<td>Pneumatinis st\u016bmoklinis buteli\u0173 dozavimo aparatas<\/td>\n<\/tr>\n<tr>\n<td>U\u017epildymo diapazonas<\/td>\n<td>100 ml \u2013 1000 ml<\/td>\n<\/tr>\n<tr>\n<td>Pripildymo sistema<\/td>\n<td>Pneumatinis st\u016bmoklis su rotaciniu vo\u017etuvu<\/td>\n<\/tr>\n<tr>\n<td>Pripildymo galvut\u0117<\/td>\n<td>Individualus antgalis su apsaugos nuo la\u0161\u0117jimo sistema<\/td>\n<\/tr>\n<tr>\n<td>Gamybos greitis<\/td>\n<td>Iki 30 buteli\u0173 per minut\u0119<\/td>\n<\/tr>\n<tr>\n<td>Bunkerio talpa<\/td>\n<td>50 kg<\/td>\n<\/tr>\n<tr>\n<td>U\u017epildymo tikslumas<\/td>\n<td>\u00b11%<\/td>\n<\/tr>\n<tr>\n<td>Veikimo b\u016bdas<\/td>\n<td>Pusiau automatinis \/ automatinis<\/td>\n<\/tr>\n<tr>\n<td>Pildymo reglamentas<\/td>\n<td>Reguliuojamas garsumas ir greitis<\/td>\n<\/tr>\n<tr>\n<td>Susilie\u010dianti med\u017eiaga<\/td>\n<td>Ner\u016bdijantis plienas 304\/316<\/td>\n<\/tr>\n<tr>\n<td>Darbinis sl\u0117gis<\/td>\n<td>0,4\u20130,9 MPa<\/td>\n<\/tr>\n<tr>\n<td>Maitinimo \u0161altinis<\/td>\n<td>220 V<\/td>\n<\/tr>\n<tr>\n<td>Valymas ir prie\u017ei\u016bra<\/td>\n<td>Lengvas i\u0161ardymas ir plovimas<\/td>\n<\/tr>\n<tr>\n<td>Modulinis dizainas<\/td>\n<td>Taip, su greitu dali\u0173 pakeitimu<\/td>\n<\/tr>\n<tr>\n<td>Sl\u0117gio matuoklis<\/td>\n<td>\u012eskaitant<\/td>\n<\/tr>\n<tr>\n<td>Sertifikavimas<\/td>\n<td>EB<\/td>\n<\/tr>\n<tr>\n<td>Garantija<\/td>\n<td>2 metai<\/td>\n<\/tr>\n<tr>\n<td>Technin\u0117 pagalba<\/td>\n<td>\u012eskaitant<\/td>\n<\/tr>\n<\/tbody>\n<\/table>\n<p>&nbsp;<\/p>","protected":false},"excerpt":{"rendered":"<p>Labai klampi\u0173 skys\u010di\u0173 pildymo ma\u0161ina Pusiau automatin\u0117, varoma pneumatiniu st\u016bmokliu, pagaminta i\u0161 auk\u0161\u010diausios kokyb\u0117s med\u017eiag\u0173. \u012erengti penki vo\u017etuvai, kurie kontroliuoja produkt\u0173 sraut\u0105. Puikios konstrukcijos konstrukcija ir visi modeliai yra lengvai valdomi. Naudojami pneumatiniai komponentai pagaminti Vokietijoje ir Taivane. Visos naudojamos kontaktin\u0117s med\u017eiagos yra 316 ner\u016bdijantis plienas, atitinkantis GMP reikalavimus. T\u016brio kiek\u012f ir pildymo greit\u012f galima reguliuoti labai tiksliai.<\/p>","protected":false},"featured_media":17479,"comment_status":"open","ping_status":"closed","template":"","meta":{"wds_primary_product_brand":0,"wds_primary_product_cat":0},"product_brand":[],"product_cat":[18,20,321,21],"product_tag":[],"class_list":{"0":"post-355","1":"product","2":"type-product","3":"status-publish","4":"has-post-thumbnail","6":"product_cat-dosificadoras","7":"product_cat-dosificadoras-de-pastosos","8":"product_cat-llenadoras-de-piston","9":"product_cat-maquinas-llenadoras","11":"first","12":"instock","13":"sale","14":"taxable","15":"shipping-taxable","16":"purchasable","17":"product-type-simple"},"yoast_head":"<!-- This site is optimized with the Yoast SEO Premium plugin v24.9 (Yoast SEO v26.1) - https:\/\/yoast.com\/wordpress\/plugins\/seo\/ -->\n<title>Dosificadora, Embotelladora, Llenadora Envasadora 100 ml ? 1000 ml - distribuci\u00f3n ARC<\/title>\n<meta name=\"description\" content=\"M\u00e1quina dosificadora y embotelladora para productos viscosos como cremas, mermeladas, salsas y cosm\u00e9ticos. Rango de llenado de 100 a 1000 ml. Precisi\u00f3n \u00b11%. F\u00e1cil de usar y limpiar.\" \/>\n<meta name=\"robots\" content=\"index, follow, max-snippet:-1, max-image-preview:large, max-video-preview:-1\" \/>\n<link rel=\"canonical\" href=\"https:\/\/distribucionarc.com\/lt\/produktas\/dozavimo-ispilstymo-pildymo-pakavimo-masina-100ml-\ud83d\udd1b-1000ml\/\" \/>\n<meta property=\"og:locale\" content=\"lt_LT\" \/>\n<meta property=\"og:type\" content=\"article\" \/>\n<meta property=\"og:title\" content=\"Dosificadora, Embotelladora, Llenadora Envasadora 100 ml ? 1000 ml\" \/>\n<meta property=\"og:description\" content=\"M\u00e1quina dosificadora y embotelladora para productos viscosos como cremas, mermeladas, salsas y cosm\u00e9ticos. Rango de llenado de 100 a 1000 ml. Precisi\u00f3n \u00b11%. F\u00e1cil de usar y limpiar.\" \/>\n<meta property=\"og:url\" content=\"https:\/\/distribucionarc.com\/lt\/produktas\/dozavimo-ispilstymo-pildymo-pakavimo-masina-100ml-\ud83d\udd1b-1000ml\/\" \/>\n<meta property=\"og:site_name\" content=\"distribuci\u00f3n ARC\" \/>\n<meta property=\"article:modified_time\" content=\"2025-05-09T22:28:45+00:00\" \/>\n<meta property=\"og:image\" content=\"https:\/\/distribucionarc.com\/wp-content\/uploads\/2020\/04\/Maquina-dosificadora-de-mermeladas-y-cremas.png\" \/>\n\t<meta property=\"og:image:width\" content=\"628\" \/>\n\t<meta property=\"og:image:height\" content=\"476\" \/>\n\t<meta property=\"og:image:type\" content=\"image\/png\" \/>\n<meta name=\"twitter:card\" content=\"summary_large_image\" \/>\n<meta name=\"twitter:label1\" content=\"Est. reading time\" \/>\n\t<meta name=\"twitter:data1\" content=\"3 minut\u0117s\" \/>\n<script type=\"application\/ld+json\" class=\"yoast-schema-graph\">{\"@context\":\"https:\/\/schema.org\",\"@graph\":[{\"@type\":\"WebPage\",\"@id\":\"https:\/\/distribucionarc.com\/sl\/producto\/dosificadora-embotelladora-llenadora-envasadora-100ml-%f0%9f%94%9b-1000ml\/\",\"url\":\"https:\/\/distribucionarc.com\/sl\/producto\/dosificadora-embotelladora-llenadora-envasadora-100ml-%f0%9f%94%9b-1000ml\/\",\"name\":\"Dosificadora, Embotelladora, Llenadora Envasadora 100 ml ? 1000 ml - distribuci\u00f3n ARC\",\"isPartOf\":{\"@id\":\"https:\/\/www.distribucionarc.com\/sl\/#website\"},\"primaryImageOfPage\":{\"@id\":\"https:\/\/distribucionarc.com\/sl\/producto\/dosificadora-embotelladora-llenadora-envasadora-100ml-%f0%9f%94%9b-1000ml\/#primaryimage\"},\"image\":{\"@id\":\"https:\/\/distribucionarc.com\/sl\/producto\/dosificadora-embotelladora-llenadora-envasadora-100ml-%f0%9f%94%9b-1000ml\/#primaryimage\"},\"thumbnailUrl\":\"https:\/\/distribucionarc.com\/wp-content\/uploads\/2020\/04\/Maquina-dosificadora-de-mermeladas-y-cremas.png\",\"datePublished\":\"2020-04-17T22:24:28+00:00\",\"dateModified\":\"2025-05-09T22:28:45+00:00\",\"description\":\"M\u00e1quina dosificadora y embotelladora para productos viscosos como cremas, mermeladas, salsas y cosm\u00e9ticos. Rango de llenado de 100 a 1000 ml. Precisi\u00f3n \u00b11%. F\u00e1cil de usar y limpiar.\",\"breadcrumb\":{\"@id\":\"https:\/\/distribucionarc.com\/sl\/producto\/dosificadora-embotelladora-llenadora-envasadora-100ml-%f0%9f%94%9b-1000ml\/#breadcrumb\"},\"inLanguage\":\"lt-LT\",\"potentialAction\":[{\"@type\":\"ReadAction\",\"target\":[\"https:\/\/distribucionarc.com\/sl\/producto\/dosificadora-embotelladora-llenadora-envasadora-100ml-%f0%9f%94%9b-1000ml\/\"]}]},{\"@type\":\"ImageObject\",\"inLanguage\":\"lt-LT\",\"@id\":\"https:\/\/distribucionarc.com\/sl\/producto\/dosificadora-embotelladora-llenadora-envasadora-100ml-%f0%9f%94%9b-1000ml\/#primaryimage\",\"url\":\"https:\/\/distribucionarc.com\/wp-content\/uploads\/2020\/04\/Maquina-dosificadora-de-mermeladas-y-cremas.png\",\"contentUrl\":\"https:\/\/distribucionarc.com\/wp-content\/uploads\/2020\/04\/Maquina-dosificadora-de-mermeladas-y-cremas.png\",\"width\":628,\"height\":476,\"caption\":\"Vista frontal de la m\u00e1quina dosificadora 100\u20131000 ml ideal para mermeladas, cremas y productos alimentarios viscosos\"},{\"@type\":\"BreadcrumbList\",\"@id\":\"https:\/\/distribucionarc.com\/sl\/producto\/dosificadora-embotelladora-llenadora-envasadora-100ml-%f0%9f%94%9b-1000ml\/#breadcrumb\",\"itemListElement\":[{\"@type\":\"ListItem\",\"position\":1,\"name\":\"Portada\",\"item\":\"https:\/\/www.distribucionarc.com\/\"},{\"@type\":\"ListItem\",\"position\":2,\"name\":\"\u00dcr\u00fcnler\",\"item\":\"https:\/\/www.distribucionarc.com\/tr\/magaza\/\"},{\"@type\":\"ListItem\",\"position\":3,\"name\":\"Dosificadora, Embotelladora, Llenadora Envasadora 100 ml ? 1000 ml\"}]},{\"@type\":\"WebSite\",\"@id\":\"https:\/\/www.distribucionarc.com\/sl\/#website\",\"url\":\"https:\/\/www.distribucionarc.com\/sl\/\",\"name\":\"distribuci\u00f3n ARC\",\"description\":\"Empresa especializada en la fabricaci\u00f3n y distribuci\u00f3n de maquinaria industrial, selladoras de latas, Maquinas de hacer pastillas, Maquinas de cortar carne...\",\"publisher\":{\"@id\":\"https:\/\/www.distribucionarc.com\/sl\/#organization\"},\"potentialAction\":[{\"@type\":\"SearchAction\",\"target\":{\"@type\":\"EntryPoint\",\"urlTemplate\":\"https:\/\/www.distribucionarc.com\/sl\/?s={search_term_string}\"},\"query-input\":{\"@type\":\"PropertyValueSpecification\",\"valueRequired\":true,\"valueName\":\"search_term_string\"}}],\"inLanguage\":\"lt-LT\"},{\"@type\":\"Organization\",\"@id\":\"https:\/\/www.distribucionarc.com\/sl\/#organization\",\"name\":\"Distribuci\u00f3n ARC\",\"url\":\"https:\/\/www.distribucionarc.com\/sl\/\",\"logo\":{\"@type\":\"ImageObject\",\"inLanguage\":\"lt-LT\",\"@id\":\"https:\/\/www.distribucionarc.com\/sl\/#\/schema\/logo\/image\/\",\"url\":\"https:\/\/distribucionarc.com\/wp-content\/uploads\/2024\/10\/distribucion-ARC-COLOR-SIN-FONDO-e1732295305345.png\",\"contentUrl\":\"https:\/\/distribucionarc.com\/wp-content\/uploads\/2024\/10\/distribucion-ARC-COLOR-SIN-FONDO-e1732295305345.png\",\"width\":1164,\"height\":558,\"caption\":\"Distribuci\u00f3n ARC\"},\"image\":{\"@id\":\"https:\/\/www.distribucionarc.com\/sl\/#\/schema\/logo\/image\/\"},\"description\":\"Empresa especializada en la fabricaci\u00f3n y distribuci\u00f3n de maquinaria industrial para los sectores alimentario y farmac\u00e9utico. Nos especializamos en: M\u00e1quinas de cortar carne Fabricaci\u00f3n de comprimidos Sistemas de transporte industrial L\u00edneas de embotellado Dosificadores Y mucho m\u00e1s... Ofrecemos soluciones innovadoras y personalizadas para optimizar los procesos productivos de tu empresa.\",\"email\":\"Admistracion@distribucionarc.com\",\"telephone\":\"+34 643496664\",\"legalName\":\"ARC TECH SOLUTIONS\",\"foundingDate\":\"2024-04-09\",\"vatID\":\"B55480172\",\"numberOfEmployees\":{\"@type\":\"QuantitativeValue\",\"minValue\":\"1\",\"maxValue\":\"10\"}}]}<\/script>\n<!-- \/ Yoast SEO Premium plugin. -->","yoast_head_json":{"title":"Dozavimo, i\u0161pilstymo, pildymo ir pakavimo ma\u0161ina 100 ml? 1000 ml - ARC paskirstymas","description":"Klampi\u0173 produkt\u0173, toki\u0173 kaip kremai, uogien\u0117s, pada\u017eai ir kosmetika, dozavimo ir i\u0161pilstymo ma\u0161ina. U\u017epildymo t\u016bris nuo 100 iki 1000 ml. Tikslumas \u00b11%. Lengva naudoti ir valyti.","robots":{"index":"index","follow":"follow","max-snippet":"max-snippet:-1","max-image-preview":"max-image-preview:large","max-video-preview":"max-video-preview:-1"},"canonical":"https:\/\/distribucionarc.com\/lt\/produktas\/dozavimo-ispilstymo-pildymo-pakavimo-masina-100ml-\ud83d\udd1b-1000ml\/","og_locale":"lt_LT","og_type":"article","og_title":"Dosificadora, Embotelladora, Llenadora Envasadora 100 ml ? 1000 ml","og_description":"M\u00e1quina dosificadora y embotelladora para productos viscosos como cremas, mermeladas, salsas y cosm\u00e9ticos. Rango de llenado de 100 a 1000 ml. Precisi\u00f3n \u00b11%. F\u00e1cil de usar y limpiar.","og_url":"https:\/\/distribucionarc.com\/lt\/produktas\/dozavimo-ispilstymo-pildymo-pakavimo-masina-100ml-\ud83d\udd1b-1000ml\/","og_site_name":"distribuci\u00f3n ARC","article_modified_time":"2025-05-09T22:28:45+00:00","og_image":[{"width":628,"height":476,"url":"https:\/\/distribucionarc.com\/wp-content\/uploads\/2020\/04\/Maquina-dosificadora-de-mermeladas-y-cremas.png","type":"image\/png"}],"twitter_card":"summary_large_image","twitter_misc":{"Est. reading time":"3 minut\u0117s"},"schema":{"@context":"https:\/\/schema.org","@graph":[{"@type":"WebPage","@id":"https:\/\/distribucionarc.com\/sl\/producto\/dosificadora-embotelladora-llenadora-envasadora-100ml-%f0%9f%94%9b-1000ml\/","url":"https:\/\/distribucionarc.com\/sl\/producto\/dosificadora-embotelladora-llenadora-envasadora-100ml-%f0%9f%94%9b-1000ml\/","name":"Dozavimo, i\u0161pilstymo, pildymo ir pakavimo ma\u0161ina 100 ml? 1000 ml - ARC paskirstymas","isPartOf":{"@id":"https:\/\/www.distribucionarc.com\/sl\/#website"},"primaryImageOfPage":{"@id":"https:\/\/distribucionarc.com\/sl\/producto\/dosificadora-embotelladora-llenadora-envasadora-100ml-%f0%9f%94%9b-1000ml\/#primaryimage"},"image":{"@id":"https:\/\/distribucionarc.com\/sl\/producto\/dosificadora-embotelladora-llenadora-envasadora-100ml-%f0%9f%94%9b-1000ml\/#primaryimage"},"thumbnailUrl":"https:\/\/distribucionarc.com\/wp-content\/uploads\/2020\/04\/Maquina-dosificadora-de-mermeladas-y-cremas.png","datePublished":"2020-04-17T22:24:28+00:00","dateModified":"2025-05-09T22:28:45+00:00","description":"Klampi\u0173 produkt\u0173, toki\u0173 kaip kremai, uogien\u0117s, pada\u017eai ir kosmetika, dozavimo ir i\u0161pilstymo ma\u0161ina. U\u017epildymo t\u016bris nuo 100 iki 1000 ml. Tikslumas \u00b11%. Lengva naudoti ir valyti.","breadcrumb":{"@id":"https:\/\/distribucionarc.com\/sl\/producto\/dosificadora-embotelladora-llenadora-envasadora-100ml-%f0%9f%94%9b-1000ml\/#breadcrumb"},"inLanguage":"lt-LT","potentialAction":[{"@type":"ReadAction","target":["https:\/\/distribucionarc.com\/sl\/producto\/dosificadora-embotelladora-llenadora-envasadora-100ml-%f0%9f%94%9b-1000ml\/"]}]},{"@type":"ImageObject","inLanguage":"lt-LT","@id":"https:\/\/distribucionarc.com\/sl\/producto\/dosificadora-embotelladora-llenadora-envasadora-100ml-%f0%9f%94%9b-1000ml\/#primaryimage","url":"https:\/\/distribucionarc.com\/wp-content\/uploads\/2020\/04\/Maquina-dosificadora-de-mermeladas-y-cremas.png","contentUrl":"https:\/\/distribucionarc.com\/wp-content\/uploads\/2020\/04\/Maquina-dosificadora-de-mermeladas-y-cremas.png","width":628,"height":476,"caption":"Vista frontal de la m\u00e1quina dosificadora 100\u20131000 ml ideal para mermeladas, cremas y productos alimentarios viscosos"},{"@type":"BreadcrumbList","@id":"https:\/\/distribucionarc.com\/sl\/producto\/dosificadora-embotelladora-llenadora-envasadora-100ml-%f0%9f%94%9b-1000ml\/#breadcrumb","itemListElement":[{"@type":"ListItem","position":1,"name":"Portada","item":"https:\/\/www.distribucionarc.com\/"},{"@type":"ListItem","position":2,"name":"\u00dcr\u00fcnler","item":"https:\/\/www.distribucionarc.com\/tr\/magaza\/"},{"@type":"ListItem","position":3,"name":"Dosificadora, Embotelladora, Llenadora Envasadora 100 ml ? 1000 ml"}]},{"@type":"WebSite","@id":"https:\/\/www.distribucionarc.com\/sl\/#website","url":"https:\/\/www.distribucionarc.com\/sl\/","name":"ARC paskirstymas","description":"\u012emon\u0117 specializuojasi pramonini\u0173 ma\u0161in\u0173, skardini\u0173 sandarinimo ma\u0161in\u0173, table\u010di\u0173 gamybos ma\u0161in\u0173, m\u0117sos pjaustymo ma\u0161in\u0173 gamyboje ir platinime...","publisher":{"@id":"https:\/\/www.distribucionarc.com\/sl\/#organization"},"potentialAction":[{"@type":"SearchAction","target":{"@type":"EntryPoint","urlTemplate":"https:\/\/www.distribucionarc.com\/sl\/?s={search_term_string}"},"query-input":{"@type":"PropertyValueSpecification","valueRequired":true,"valueName":"search_term_string"}}],"inLanguage":"lt-LT"},{"@type":"Organization","@id":"https:\/\/www.distribucionarc.com\/sl\/#organization","name":"ARC platinimas","url":"https:\/\/www.distribucionarc.com\/sl\/","logo":{"@type":"ImageObject","inLanguage":"lt-LT","@id":"https:\/\/www.distribucionarc.com\/sl\/#\/schema\/logo\/image\/","url":"https:\/\/distribucionarc.com\/wp-content\/uploads\/2024\/10\/distribucion-ARC-COLOR-SIN-FONDO-e1732295305345.png","contentUrl":"https:\/\/distribucionarc.com\/wp-content\/uploads\/2024\/10\/distribucion-ARC-COLOR-SIN-FONDO-e1732295305345.png","width":1164,"height":558,"caption":"Distribuci\u00f3n ARC"},"image":{"@id":"https:\/\/www.distribucionarc.com\/sl\/#\/schema\/logo\/image\/"},"description":"\u012emon\u0117 specializuojasi maisto ir farmacijos sektoriams skirt\u0173 pramonini\u0173 ma\u0161in\u0173 gamyboje ir platinime. M\u016bs\u0173 specializacija: M\u0117sos pjaustymo ma\u0161inos Table\u010di\u0173 gamyba Pramonin\u0117s transportavimo sistemos I\u0161pilstymo linijos Dozatoriai Ir dar daugiau... Si\u016blome novatori\u0161kus ir individualiems poreikiams pritaikytus sprendimus, kad optimizuotume j\u016bs\u0173 \u012fmon\u0117s gamybos procesus.","email":"Admistracion@distribucionarc.com","telephone":"+34 643496664","legalName":"ARC TECH SOLUTIONS","foundingDate":"2024-04-09","vatID":"B55480172","numberOfEmployees":{"@type":"QuantitativeValue","minValue":"1","maxValue":"10"}}]}},"_links":{"self":[{"href":"https:\/\/distribucionarc.com\/lt\/wp-json\/wp\/v2\/product\/355","targetHints":{"allow":["GET"]}}],"collection":[{"href":"https:\/\/distribucionarc.com\/lt\/wp-json\/wp\/v2\/product"}],"about":[{"href":"https:\/\/distribucionarc.com\/lt\/wp-json\/wp\/v2\/types\/product"}],"replies":[{"embeddable":true,"href":"https:\/\/distribucionarc.com\/lt\/wp-json\/wp\/v2\/comments?post=355"}],"version-history":[{"count":2,"href":"https:\/\/distribucionarc.com\/lt\/wp-json\/wp\/v2\/product\/355\/revisions"}],"predecessor-version":[{"id":17483,"href":"https:\/\/distribucionarc.com\/lt\/wp-json\/wp\/v2\/product\/355\/revisions\/17483"}],"wp:featuredmedia":[{"embeddable":true,"href":"https:\/\/distribucionarc.com\/lt\/wp-json\/wp\/v2\/media\/17479"}],"wp:attachment":[{"href":"https:\/\/distribucionarc.com\/lt\/wp-json\/wp\/v2\/media?parent=355"}],"wp:term":[{"taxonomy":"product_brand","embeddable":true,"href":"https:\/\/distribucionarc.com\/lt\/wp-json\/wp\/v2\/product_brand?post=355"},{"taxonomy":"product_cat","embeddable":true,"href":"https:\/\/distribucionarc.com\/lt\/wp-json\/wp\/v2\/product_cat?post=355"},{"taxonomy":"product_tag","embeddable":true,"href":"https:\/\/distribucionarc.com\/lt\/wp-json\/wp\/v2\/product_tag?post=355"}],"curies":[{"name":"wp","href":"https:\/\/api.w.org\/{rel}","templated":true}]}}