{"id":3570,"date":"2020-10-05T10:32:30","date_gmt":"2020-10-05T10:32:30","guid":{"rendered":"https:\/\/distribucionarc.com\/?post_type=product&#038;p=3570"},"modified":"2025-03-08T07:42:22","modified_gmt":"2025-03-08T06:42:22","slug":"pusiau-automatinis-skardines-sandariklis-99mm","status":"publish","type":"product","link":"https:\/\/distribucionarc.com\/lt\/producto\/selladora-de-latas-semi-automatica-99mm\/","title":{"rendered":"99 mm pusiau automatinis skardini\u0173 sandariklis"},"content":{"rendered":"<h3>99 mm pusiau automatinis skardini\u0173 sandariklis<\/h3>\n<p>Tai\u00a0<strong>skardin\u0117\u00a0<span style=\"color: #ff0000;\">KAM<\/span><span style=\"color: #0000ff;\">R<\/span>c<\/strong>\u00a0Jis pagamintas i\u0161 auk\u0161\u010diausios kokyb\u0117s anglies plieno, kuris garantuoja ilgaam\u017ei\u0161kum\u0105. Korpuso pavir\u0161ius apdorotas milteliniu b\u016bdu dengtu plastiku, kuris yra abrazyvinis, atsparus r\u016bdims ir korozijai.<\/p>\n<p>U\u017edengimas valdomas rankiniu b\u016bdu. Laikikl\u012f galite reguliuoti per auk\u0161\u010dio reguliavimo velen\u0105, kad tilpt\u0173 skirtingo auk\u0161\u010dio skardines, auk\u0161\u010dio diapazonas 25-495 mm. Skersmuo 99 mm.<\/p>\n<p>The\u00a0<strong>kirpimo ma\u0161in\u0117l\u0117<\/strong>\u00a0i\u0161\u00a0<strong><span style=\"color: #ff0000;\">KAM<\/span><span style=\"color: #0000ff;\">R<\/span>CSLA99<\/strong>\u00a0Jis turi du sandarinimo re\u017eimus: vien\u0105, kai sandarinimas yra automatinis, o kit\u0105, kuriame galite valdyti sandarinimo proces\u0105 ta\u0161kiniu valdymo jungikliu<\/p>\n<p>Dviej\u0173 varini\u0173 gysl\u0173 variklis labai prisideda prie\u00a0<strong>labai efektyvus veikimas<\/strong>\u00a0skardini\u0173 u\u017edengimo ma\u0161inos. Didel\u0117s galios varikliai pagerina efektyvum\u0105.<\/p>\n<p>Tai\u00a0<strong>automatinis skardini\u0173 siuv\u0117jas<\/strong>\u00a0jam\u00a0<strong>profesionalus konservavimas<\/strong>\u00a0Puikiai tinka vis\u0173 tip\u0173 popierin\u0117ms, gele\u017ein\u0117ms, skardin\u0117ms ir plastikin\u0117ms skardin\u0117ms, skardiniams, aliuminio dang\u010diams ir skardini\u0173 u\u017edengimui.<\/p>\n<h6><strong>Garantija\u00a0<span style=\"color: #ff0000;\">KAM<\/span><span style=\"color: #0000ff;\">R<\/span>C 2 METAI<\/strong><\/h6>\n<h6><span style=\"color: #008000;\">\u00a0Efektyvus automatinis skardini\u0173 sandariklis, ma\u017eas suvartojimas 330w<\/span><\/h6>\n<h6><strong>\u012ftraukta technin\u0117 pagalba\u00a0<\/strong><\/h6>\n<p><iframe loading=\"lazy\" src=\"https:\/\/www.youtube.com\/embed\/FAjpV596mXI\" width=\"560\" height=\"315\" frameborder=\"0\" allowfullscreen=\"allowfullscreen\"><\/iframe><\/p>\n<table role=\"presentation\" width=\"100%\" cellspacing=\"0\" cellpadding=\"0\">\n<tbody>\n<tr>\n<td class=\"attrLabels\">Prekinis \u017eenklas:<\/td>\n<td width=\"50.0%\">ARC<\/td>\n<\/tr>\n<tr>\n<td class=\"attrLabels\">Platinimo \u0161alis:<\/td>\n<td width=\"50.0%\">Ispanija, Vokietija, JAV<\/td>\n<td class=\"attrLabels\">Svoris:<\/td>\n<td width=\"50.0%\">32 kg<\/td>\n<\/tr>\n<tr>\n<td class=\"attrLabels\">Prekinis \u017eenklas:<\/td>\n<td width=\"50.0%\">ARC<\/td>\n<td class=\"attrLabels\">Auk\u0161tis:<\/td>\n<td width=\"50.0%\">80 cm<\/td>\n<\/tr>\n<tr>\n<td class=\"attrLabels\">Spalva:<\/td>\n<td width=\"50.0%\">Sidabras<\/td>\n<td class=\"attrLabels\">Ilgas:<\/td>\n<td width=\"50.0%\">38,5 cm<\/td>\n<\/tr>\n<tr>\n<td class=\"attrLabels\">Produkto tipas:<\/td>\n<td width=\"50.0%\">Pusiau automatinis skardini\u0173 sandariklis<\/td>\n<td class=\"attrLabels\">Platus:<\/td>\n<td width=\"50.0%\">18&quot;<\/td>\n<\/tr>\n<tr>\n<td class=\"attrLabels\">Gamintojo numeris:<\/td>\n<td width=\"50.0%\">ARCSLA99<\/td>\n<td class=\"attrLabels\">Galia:<\/td>\n<td width=\"50.0%\">330W<\/td>\n<\/tr>\n<tr>\n<td class=\"attrLabels\">Med\u017eiaga:<\/td>\n<td width=\"50.0%\">anglinis plienas, varinis variklis<\/td>\n<td class=\"attrLabels\">\u012f\u0117jimo \u012ftampa<\/td>\n<td width=\"50.0%\">220V \u2013 60Hz<\/td>\n<\/tr>\n<tr>\n<td class=\"attrLabels\">Garantija:<\/td>\n<td width=\"50.0%\">\u00a0 2 metai<\/td>\n<td class=\"attrLabels\">Pakavimo greitis:<\/td>\n<td width=\"50.0%\">20-40 vienet\u0173 per minut\u0119<\/td>\n<\/tr>\n<tr>\n<td class=\"attrLabels\">Montavimo \u012frankiai:<\/td>\n<td width=\"50.0%\">Taip<\/td>\n<td class=\"attrLabels\">\u00a0Galimyb\u0117s auk\u0161\u010dio diapazonas:<\/td>\n<td width=\"50.0%\">25-475 mm<\/td>\n<\/tr>\n<\/tbody>\n<\/table>\n<div style=\"border: 3px solid #FF0000; background-color: #ffe4e1; padding: 15px; margin: 10px; text-align: center; font-family: Arial, sans-serif; max-width: 600px; border-radius: 20px; box-shadow: 0 4px 6px rgba(0,0,0,0.1);\">\n<h2 style=\"color: #ff0000; margin-top: 0;\">SVARBU!<\/h2>\n<p>Jei tai N\u0116RA ta ma\u0161ina, kurios ie\u0161kote, per\u017ei\u016br\u0117kite vis\u0105 <a style=\"color: #0000ee; text-decoration: underline;\" href=\"https:\/\/distribucionarc.com\/lt\/masinos\/skardiniu-sandarikliai\/\">skardini\u0173 sandariklio kategorija<\/a>.<\/p>\n<p>Turime bet koki\u0105 ma\u0161in\u0105 vis\u0173 tip\u0173 skardin\u0117ms sandarinti, o jei ne, galime pritaikyti j\u0105 pagal j\u016bs\u0173 poreikius.<\/p>\n<\/div>","protected":false},"excerpt":{"rendered":"<h2>99 mm pusiau automatinis skardini\u0173 sandariklis<\/h2>\n<p>The\u00a0<strong>elektrinis skardini\u0173 siuv\u0117jas<\/strong>\u00a0i\u0161\u00a0<strong><span style=\"color: #ff0000;\">KAM<\/span><span style=\"color: #0000ff;\">R<\/span>c<\/strong>\u00a0Jis tinka vis\u0173 tip\u0173\u00a0<strong>gele\u017ein\u0117s skardin\u0117s<\/strong>,\u00a0<strong>plastiko<\/strong>,\u00a0<strong>skarda<\/strong>\u00a0ir\u00a0<strong>popierius<\/strong>, padidinkite savo produkcij\u0105 su minimaliomis pastangomis, \u017eymiai pagerindami darbo efektyvum\u0105. I\u0161\u00a0<strong>geriausia kokyb\u0117<\/strong>\u00a0ir\u00a0<strong>lengva valdyti<\/strong>. Tai ideali \u012franga pramonei<span style=\"color: #000000;\"> maistas,<\/span> g\u0117rim\u0173, arbatos ir kitose svarbiose pramon\u0117s \u0161akose.<\/p>\n<h6><strong>Garantija\u00a0<span style=\"color: #ff0000;\">KAM<\/span><span style=\"color: #0000ff;\">R<\/span>C 2 METAI<\/strong><\/h6>\n<h6>\u00a0<span style=\"color: #008000;\">Efektyvus automatinis skardini\u0173 sandariklis, ma\u017eas suvartojimas 330w<\/span><\/h6>\n<h6><strong>\u012ftraukta technin\u0117 pagalba<\/strong><\/h6>","protected":false},"featured_media":3579,"comment_status":"open","ping_status":"closed","template":"","meta":{"wds_primary_product_brand":0,"wds_primary_product_cat":0},"product_brand":[],"product_cat":[62],"product_tag":[],"class_list":{"0":"post-3570","1":"product","2":"type-product","3":"status-publish","4":"has-post-thumbnail","6":"product_cat-selladoras-de-latas","7":"product_shipping_class-express","9":"first","10":"instock","11":"sale","12":"taxable","13":"shipping-taxable","14":"purchasable","15":"product-type-simple"},"yoast_head":"<!-- This site is optimized with the Yoast SEO Premium plugin v24.9 (Yoast SEO v26.1) - https:\/\/yoast.com\/wordpress\/plugins\/seo\/ -->\n<title>Selladora de latas semiautom\u00e1tica 99mm - distribuci\u00f3n ARC<\/title>\n<meta name=\"robots\" content=\"index, follow, max-snippet:-1, max-image-preview:large, max-video-preview:-1\" \/>\n<link rel=\"canonical\" href=\"https:\/\/distribucionarc.com\/lt\/produktas\/pusiau-automatinis-skardines-sandariklis-99mm\/\" \/>\n<meta property=\"og:locale\" content=\"lt_LT\" \/>\n<meta property=\"og:type\" content=\"article\" \/>\n<meta property=\"og:title\" content=\"Selladora de latas semiautom\u00e1tica 99mm\" \/>\n<meta property=\"og:description\" content=\"Selladora de latas semiautom\u00e1tica 99mm La\u00a0cerradora de latas el\u00e9ctrica\u00a0de\u00a0ARC\u00a0es adecuada para todo tipo de\u00a0latas de hierro,\u00a0pl\u00e1stico,\u00a0esta\u00f1o\u00a0y\u00a0papel, aumente su producci\u00f3n con el m\u00ednimo esfuerzo, mejorando en gran medida la eficiencia del trabajo. De la\u00a0mejor calidad\u00a0y\u00a0sencilla de accionar. Es el equipo ideal para las industrias de alimentos, bebidas, t\u00e9 y otras industrias esenciales. Garant\u00eda\u00a0ARC 2 A\u00d1OS \u00a0Selladora para latas autom\u00e1tica eficiente, bajo consumo 330w soporte t\u00e9cnico incluido\" \/>\n<meta property=\"og:url\" content=\"https:\/\/distribucionarc.com\/lt\/produktas\/pusiau-automatinis-skardines-sandariklis-99mm\/\" \/>\n<meta property=\"og:site_name\" content=\"distribuci\u00f3n ARC\" \/>\n<meta property=\"article:modified_time\" content=\"2025-03-08T06:42:22+00:00\" \/>\n<meta property=\"og:image\" content=\"https:\/\/distribucionarc.com\/wp-content\/uploads\/2020\/10\/Selladora-de-latas-semi-autom\u00e1tica-73mm-0.jpg\" \/>\n\t<meta property=\"og:image:width\" content=\"1410\" \/>\n\t<meta property=\"og:image:height\" content=\"1600\" \/>\n\t<meta property=\"og:image:type\" content=\"image\/jpeg\" \/>\n<meta name=\"twitter:card\" content=\"summary_large_image\" \/>\n<meta name=\"twitter:label1\" content=\"Est. reading time\" \/>\n\t<meta name=\"twitter:data1\" content=\"2 minut\u0117s\" \/>\n<script type=\"application\/ld+json\" class=\"yoast-schema-graph\">{\"@context\":\"https:\/\/schema.org\",\"@graph\":[{\"@type\":\"WebPage\",\"@id\":\"https:\/\/distribucionarc.com\/lt\/producto\/selladora-de-latas-semi-automatica-99mm\/\",\"url\":\"https:\/\/distribucionarc.com\/lt\/producto\/selladora-de-latas-semi-automatica-99mm\/\",\"name\":\"Selladora de latas semiautom\u00e1tica 99mm - distribuci\u00f3n ARC\",\"isPartOf\":{\"@id\":\"https:\/\/www.distribucionarc.com\/sl\/#website\"},\"primaryImageOfPage\":{\"@id\":\"https:\/\/distribucionarc.com\/lt\/producto\/selladora-de-latas-semi-automatica-99mm\/#primaryimage\"},\"image\":{\"@id\":\"https:\/\/distribucionarc.com\/lt\/producto\/selladora-de-latas-semi-automatica-99mm\/#primaryimage\"},\"thumbnailUrl\":\"https:\/\/distribucionarc.com\/wp-content\/uploads\/2020\/10\/Selladora-de-latas-semi-autom\u00e1tica-73mm-0.jpg\",\"datePublished\":\"2020-10-05T10:32:30+00:00\",\"dateModified\":\"2025-03-08T06:42:22+00:00\",\"breadcrumb\":{\"@id\":\"https:\/\/distribucionarc.com\/lt\/producto\/selladora-de-latas-semi-automatica-99mm\/#breadcrumb\"},\"inLanguage\":\"lt-LT\",\"potentialAction\":[{\"@type\":\"ReadAction\",\"target\":[\"https:\/\/distribucionarc.com\/lt\/producto\/selladora-de-latas-semi-automatica-99mm\/\"]}]},{\"@type\":\"ImageObject\",\"inLanguage\":\"lt-LT\",\"@id\":\"https:\/\/distribucionarc.com\/lt\/producto\/selladora-de-latas-semi-automatica-99mm\/#primaryimage\",\"url\":\"https:\/\/distribucionarc.com\/wp-content\/uploads\/2020\/10\/Selladora-de-latas-semi-autom\u00e1tica-73mm-0.jpg\",\"contentUrl\":\"https:\/\/distribucionarc.com\/wp-content\/uploads\/2020\/10\/Selladora-de-latas-semi-autom\u00e1tica-73mm-0.jpg\",\"width\":1410,\"height\":1600,\"caption\":\"Selladora de latas semi autom\u00e1tica 73mm\"},{\"@type\":\"BreadcrumbList\",\"@id\":\"https:\/\/distribucionarc.com\/lt\/producto\/selladora-de-latas-semi-automatica-99mm\/#breadcrumb\",\"itemListElement\":[{\"@type\":\"ListItem\",\"position\":1,\"name\":\"Portada\",\"item\":\"https:\/\/www.distribucionarc.com\/\"},{\"@type\":\"ListItem\",\"position\":2,\"name\":\"\u00dcr\u00fcnler\",\"item\":\"https:\/\/www.distribucionarc.com\/tr\/magaza\/\"},{\"@type\":\"ListItem\",\"position\":3,\"name\":\"Selladora de latas semiautom\u00e1tica 99mm\"}]},{\"@type\":\"WebSite\",\"@id\":\"https:\/\/www.distribucionarc.com\/sl\/#website\",\"url\":\"https:\/\/www.distribucionarc.com\/sl\/\",\"name\":\"distribuci\u00f3n ARC\",\"description\":\"Empresa especializada en la fabricaci\u00f3n y distribuci\u00f3n de maquinaria industrial, selladoras de latas, Maquinas de hacer pastillas, Maquinas de cortar carne...\",\"publisher\":{\"@id\":\"https:\/\/www.distribucionarc.com\/sl\/#organization\"},\"potentialAction\":[{\"@type\":\"SearchAction\",\"target\":{\"@type\":\"EntryPoint\",\"urlTemplate\":\"https:\/\/www.distribucionarc.com\/sl\/?s={search_term_string}\"},\"query-input\":{\"@type\":\"PropertyValueSpecification\",\"valueRequired\":true,\"valueName\":\"search_term_string\"}}],\"inLanguage\":\"lt-LT\"},{\"@type\":\"Organization\",\"@id\":\"https:\/\/www.distribucionarc.com\/sl\/#organization\",\"name\":\"Distribuci\u00f3n ARC\",\"url\":\"https:\/\/www.distribucionarc.com\/sl\/\",\"logo\":{\"@type\":\"ImageObject\",\"inLanguage\":\"lt-LT\",\"@id\":\"https:\/\/www.distribucionarc.com\/sl\/#\/schema\/logo\/image\/\",\"url\":\"https:\/\/distribucionarc.com\/wp-content\/uploads\/2024\/10\/distribucion-ARC-COLOR-SIN-FONDO-e1732295305345.png\",\"contentUrl\":\"https:\/\/distribucionarc.com\/wp-content\/uploads\/2024\/10\/distribucion-ARC-COLOR-SIN-FONDO-e1732295305345.png\",\"width\":1164,\"height\":558,\"caption\":\"Distribuci\u00f3n ARC\"},\"image\":{\"@id\":\"https:\/\/www.distribucionarc.com\/sl\/#\/schema\/logo\/image\/\"},\"description\":\"Empresa especializada en la fabricaci\u00f3n y distribuci\u00f3n de maquinaria industrial para los sectores alimentario y farmac\u00e9utico. Nos especializamos en: M\u00e1quinas de cortar carne Fabricaci\u00f3n de comprimidos Sistemas de transporte industrial L\u00edneas de embotellado Dosificadores Y mucho m\u00e1s... Ofrecemos soluciones innovadoras y personalizadas para optimizar los procesos productivos de tu empresa.\",\"email\":\"Admistracion@distribucionarc.com\",\"telephone\":\"+34 643496664\",\"legalName\":\"ARC TECH SOLUTIONS\",\"foundingDate\":\"2024-04-09\",\"vatID\":\"B55480172\",\"numberOfEmployees\":{\"@type\":\"QuantitativeValue\",\"minValue\":\"1\",\"maxValue\":\"10\"}}]}<\/script>\n<!-- \/ Yoast SEO Premium plugin. -->","yoast_head_json":{"title":"Pusiau automatinis skardini\u0173 sandariklis 99mm - ARC paskirstymas","robots":{"index":"index","follow":"follow","max-snippet":"max-snippet:-1","max-image-preview":"max-image-preview:large","max-video-preview":"max-video-preview:-1"},"canonical":"https:\/\/distribucionarc.com\/lt\/produktas\/pusiau-automatinis-skardines-sandariklis-99mm\/","og_locale":"lt_LT","og_type":"article","og_title":"Selladora de latas semiautom\u00e1tica 99mm","og_description":"Selladora de latas semiautom\u00e1tica 99mm La\u00a0cerradora de latas el\u00e9ctrica\u00a0de\u00a0ARC\u00a0es adecuada para todo tipo de\u00a0latas de hierro,\u00a0pl\u00e1stico,\u00a0esta\u00f1o\u00a0y\u00a0papel, aumente su producci\u00f3n con el m\u00ednimo esfuerzo, mejorando en gran medida la eficiencia del trabajo. De la\u00a0mejor calidad\u00a0y\u00a0sencilla de accionar. Es el equipo ideal para las industrias de alimentos, bebidas, t\u00e9 y otras industrias esenciales. Garant\u00eda\u00a0ARC 2 A\u00d1OS \u00a0Selladora para latas autom\u00e1tica eficiente, bajo consumo 330w soporte t\u00e9cnico incluido","og_url":"https:\/\/distribucionarc.com\/lt\/produktas\/pusiau-automatinis-skardines-sandariklis-99mm\/","og_site_name":"distribuci\u00f3n ARC","article_modified_time":"2025-03-08T06:42:22+00:00","og_image":[{"width":1410,"height":1600,"url":"https:\/\/distribucionarc.com\/wp-content\/uploads\/2020\/10\/Selladora-de-latas-semi-autom\u00e1tica-73mm-0.jpg","type":"image\/jpeg"}],"twitter_card":"summary_large_image","twitter_misc":{"Est. reading time":"2 minut\u0117s"},"schema":{"@context":"https:\/\/schema.org","@graph":[{"@type":"WebPage","@id":"https:\/\/distribucionarc.com\/lt\/producto\/selladora-de-latas-semi-automatica-99mm\/","url":"https:\/\/distribucionarc.com\/lt\/producto\/selladora-de-latas-semi-automatica-99mm\/","name":"Pusiau automatinis skardini\u0173 sandariklis 99mm - ARC paskirstymas","isPartOf":{"@id":"https:\/\/www.distribucionarc.com\/sl\/#website"},"primaryImageOfPage":{"@id":"https:\/\/distribucionarc.com\/lt\/producto\/selladora-de-latas-semi-automatica-99mm\/#primaryimage"},"image":{"@id":"https:\/\/distribucionarc.com\/lt\/producto\/selladora-de-latas-semi-automatica-99mm\/#primaryimage"},"thumbnailUrl":"https:\/\/distribucionarc.com\/wp-content\/uploads\/2020\/10\/Selladora-de-latas-semi-autom\u00e1tica-73mm-0.jpg","datePublished":"2020-10-05T10:32:30+00:00","dateModified":"2025-03-08T06:42:22+00:00","breadcrumb":{"@id":"https:\/\/distribucionarc.com\/lt\/producto\/selladora-de-latas-semi-automatica-99mm\/#breadcrumb"},"inLanguage":"lt-LT","potentialAction":[{"@type":"ReadAction","target":["https:\/\/distribucionarc.com\/lt\/producto\/selladora-de-latas-semi-automatica-99mm\/"]}]},{"@type":"ImageObject","inLanguage":"lt-LT","@id":"https:\/\/distribucionarc.com\/lt\/producto\/selladora-de-latas-semi-automatica-99mm\/#primaryimage","url":"https:\/\/distribucionarc.com\/wp-content\/uploads\/2020\/10\/Selladora-de-latas-semi-autom\u00e1tica-73mm-0.jpg","contentUrl":"https:\/\/distribucionarc.com\/wp-content\/uploads\/2020\/10\/Selladora-de-latas-semi-autom\u00e1tica-73mm-0.jpg","width":1410,"height":1600,"caption":"Selladora de latas semi autom\u00e1tica 73mm"},{"@type":"BreadcrumbList","@id":"https:\/\/distribucionarc.com\/lt\/producto\/selladora-de-latas-semi-automatica-99mm\/#breadcrumb","itemListElement":[{"@type":"ListItem","position":1,"name":"Portada","item":"https:\/\/www.distribucionarc.com\/"},{"@type":"ListItem","position":2,"name":"\u00dcr\u00fcnler","item":"https:\/\/www.distribucionarc.com\/tr\/magaza\/"},{"@type":"ListItem","position":3,"name":"Selladora de latas semiautom\u00e1tica 99mm"}]},{"@type":"WebSite","@id":"https:\/\/www.distribucionarc.com\/sl\/#website","url":"https:\/\/www.distribucionarc.com\/sl\/","name":"ARC paskirstymas","description":"\u012emon\u0117 specializuojasi pramonini\u0173 ma\u0161in\u0173, skardini\u0173 sandarinimo ma\u0161in\u0173, table\u010di\u0173 gamybos ma\u0161in\u0173, m\u0117sos pjaustymo ma\u0161in\u0173 gamyboje ir platinime...","publisher":{"@id":"https:\/\/www.distribucionarc.com\/sl\/#organization"},"potentialAction":[{"@type":"SearchAction","target":{"@type":"EntryPoint","urlTemplate":"https:\/\/www.distribucionarc.com\/sl\/?s={search_term_string}"},"query-input":{"@type":"PropertyValueSpecification","valueRequired":true,"valueName":"search_term_string"}}],"inLanguage":"lt-LT"},{"@type":"Organization","@id":"https:\/\/www.distribucionarc.com\/sl\/#organization","name":"ARC platinimas","url":"https:\/\/www.distribucionarc.com\/sl\/","logo":{"@type":"ImageObject","inLanguage":"lt-LT","@id":"https:\/\/www.distribucionarc.com\/sl\/#\/schema\/logo\/image\/","url":"https:\/\/distribucionarc.com\/wp-content\/uploads\/2024\/10\/distribucion-ARC-COLOR-SIN-FONDO-e1732295305345.png","contentUrl":"https:\/\/distribucionarc.com\/wp-content\/uploads\/2024\/10\/distribucion-ARC-COLOR-SIN-FONDO-e1732295305345.png","width":1164,"height":558,"caption":"Distribuci\u00f3n ARC"},"image":{"@id":"https:\/\/www.distribucionarc.com\/sl\/#\/schema\/logo\/image\/"},"description":"\u012emon\u0117 specializuojasi maisto ir farmacijos sektoriams skirt\u0173 pramonini\u0173 ma\u0161in\u0173 gamyboje ir platinime. M\u016bs\u0173 specializacija: M\u0117sos pjaustymo ma\u0161inos Table\u010di\u0173 gamyba Pramonin\u0117s transportavimo sistemos I\u0161pilstymo linijos Dozatoriai Ir dar daugiau... Si\u016blome novatori\u0161kus ir individualiems poreikiams pritaikytus sprendimus, kad optimizuotume j\u016bs\u0173 \u012fmon\u0117s gamybos procesus.","email":"Admistracion@distribucionarc.com","telephone":"+34 643496664","legalName":"ARC TECH SOLUTIONS","foundingDate":"2024-04-09","vatID":"B55480172","numberOfEmployees":{"@type":"QuantitativeValue","minValue":"1","maxValue":"10"}}]}},"_links":{"self":[{"href":"https:\/\/distribucionarc.com\/lt\/wp-json\/wp\/v2\/product\/3570","targetHints":{"allow":["GET"]}}],"collection":[{"href":"https:\/\/distribucionarc.com\/lt\/wp-json\/wp\/v2\/product"}],"about":[{"href":"https:\/\/distribucionarc.com\/lt\/wp-json\/wp\/v2\/types\/product"}],"replies":[{"embeddable":true,"href":"https:\/\/distribucionarc.com\/lt\/wp-json\/wp\/v2\/comments?post=3570"}],"version-history":[{"count":2,"href":"https:\/\/distribucionarc.com\/lt\/wp-json\/wp\/v2\/product\/3570\/revisions"}],"predecessor-version":[{"id":9382,"href":"https:\/\/distribucionarc.com\/lt\/wp-json\/wp\/v2\/product\/3570\/revisions\/9382"}],"wp:featuredmedia":[{"embeddable":true,"href":"https:\/\/distribucionarc.com\/lt\/wp-json\/wp\/v2\/media\/3579"}],"wp:attachment":[{"href":"https:\/\/distribucionarc.com\/lt\/wp-json\/wp\/v2\/media?parent=3570"}],"wp:term":[{"taxonomy":"product_brand","embeddable":true,"href":"https:\/\/distribucionarc.com\/lt\/wp-json\/wp\/v2\/product_brand?post=3570"},{"taxonomy":"product_cat","embeddable":true,"href":"https:\/\/distribucionarc.com\/lt\/wp-json\/wp\/v2\/product_cat?post=3570"},{"taxonomy":"product_tag","embeddable":true,"href":"https:\/\/distribucionarc.com\/lt\/wp-json\/wp\/v2\/product_tag?post=3570"}],"curies":[{"name":"wp","href":"https:\/\/api.w.org\/{rel}","templated":true}]}}