{"id":3604,"date":"2020-10-05T14:10:27","date_gmt":"2020-10-05T14:10:27","guid":{"rendered":"https:\/\/distribucionarc.com\/?post_type=product&#038;p=3604"},"modified":"2025-05-08T22:19:18","modified_gmt":"2025-05-08T20:19:18","slug":"ispilstymo-dozatorius-su-maisytuvu-ir-dvigubu-uzpildu-100-ml-%f0%9f%94%9b-1000-ml","status":"publish","type":"product","link":"https:\/\/distribucionarc.com\/lt\/producto\/dosificadora-embotelladora-con-batidor-y-doble-llenador-100-ml-%f0%9f%94%9b-1000-ml\/","title":{"rendered":"Dozatorius, pilstymas, su mai\u0161ytuvu ir dvigubu u\u017epildu 100 ml? 1000 ml"},"content":{"rendered":"<h2 data-start=\"460\" data-end=\"548\">\ud83c\udf6f Didelio klampumo dozavimo ir i\u0161pilstymo aparatas su dvigubu antgaliu \u2013 nuo 100 iki 1000 ml<\/h2>\n<p data-start=\"550\" data-end=\"936\">The <strong data-start=\"553\" data-end=\"619\">pusiau automatinis dozavimo ir i\u0161pilstymo aparatas su dvigubu antgaliu<\/strong> Jis specialiai sukurtas gamini\u0173 u\u017epildymui <strong data-start=\"680\" data-end=\"699\">didelis klampumas<\/strong> be mai\u0161ytuvo, u\u017etikrinant tiksl\u0173, \u0161var\u0173 ir pastov\u0173 sraut\u0105. Tai idealiai tinka \u012fmon\u0117ms, kurioms reikia tvirto ir efektyvaus sprendimo tankiems produktams pakuoti be kiet\u0173 liku\u010di\u0173, galin\u010di\u0173 sukelti nuos\u0117das.<\/p>\n<p data-start=\"938\" data-end=\"1304\">A\u010di\u016b j\u016bs\u0173 <strong data-start=\"951\" data-end=\"982\">pneumatin\u0117 st\u016bmoklin\u0117 sistema<\/strong>, jo dizainas su <strong data-start=\"998\" data-end=\"1040\">didelio na\u0161umo rotaciniai vo\u017etuvai<\/strong> ir jo <strong data-start=\"1046\" data-end=\"1085\">dviguba galvut\u0117 su apsaugos nuo la\u0161\u0117jimo sistema<\/strong>\u0160is prietaisas leid\u017eia greitai, tiksliai ir be la\u0161\u0117jimo dozuoti. Modulin\u0117 konstrukcija palengvina technin\u0119 prie\u017ei\u016br\u0105, o gedimo atveju i\u0161tisus modulius galima pakeisti, kad b\u016bt\u0173 galima greitai ir ekonomi\u0161kai atlikti remont\u0105.<\/p>\n<p data-start=\"1306\" data-end=\"1352\">Puikiai tinka u\u017epildyti tokius produktus kaip:<\/p>\n<ul data-start=\"1354\" data-end=\"1602\">\n<li data-start=\"1354\" data-end=\"1386\">\n<p data-start=\"1356\" data-end=\"1386\">\ud83e\udd5c <strong data-start=\"1359\" data-end=\"1386\">\u0160velnus \u017eem\u0117s rie\u0161ut\u0173 sviestas<\/strong><\/p>\n<\/li>\n<li data-start=\"1387\" data-end=\"1429\">\n<p data-start=\"1389\" data-end=\"1429\">\ud83c\udf53 <strong data-start=\"1392\" data-end=\"1429\">Uogien\u0117s be gabal\u0117li\u0173 ar s\u0117kl\u0173<\/strong><\/p>\n<\/li>\n<li data-start=\"1430\" data-end=\"1450\">\n<p data-start=\"1432\" data-end=\"1450\">\ud83c\udf6f <strong data-start=\"1435\" data-end=\"1450\">Tir\u0161tas medus<\/strong><\/p>\n<\/li>\n<li data-start=\"1451\" data-end=\"1497\">\n<p data-start=\"1453\" data-end=\"1497\">\ud83e\uddf4 <strong data-start=\"1456\" data-end=\"1497\">Tir\u0161ti kosmetiniai kremai ir emulsijos<\/strong><\/p>\n<\/li>\n<li data-start=\"1498\" data-end=\"1535\">\n<p data-start=\"1500\" data-end=\"1535\">\ud83c\udf6b <strong data-start=\"1503\" data-end=\"1535\">Skystas \u0161okoladas be gumul\u0117li\u0173<\/strong><\/p>\n<\/li>\n<li data-start=\"1536\" data-end=\"1602\">\n<p data-start=\"1538\" data-end=\"1602\">\ud83c\udf45 <strong data-start=\"1541\" data-end=\"1602\">Tir\u0161ti, vienaly\u010diai pada\u017eai (pvz., \u0161velnus ke\u010dupas arba sriracha)<\/strong><\/p>\n<\/li>\n<\/ul>\n<p data-start=\"1604\" data-end=\"1829\"><strong data-start=\"1604\" data-end=\"1618\">Svarbu<\/strong>Produktams, kuriuose yra kiet\u0173 daleli\u0173 (vaisi\u0173 gabal\u0117li\u0173, s\u0117kl\u0173, malt\u0173 rie\u0161ut\u0173 ar pana\u0161i\u0173), rekomenduojama naudoti piltuv\u0105 su plaktuvu, kad b\u016bt\u0173 u\u017etikrintas vienodas dozavimas ir i\u0161vengta u\u017esikim\u0161im\u0173.<\/p>\n<p data-start=\"1831\" data-end=\"2178\">\u0160is modelis turi <strong data-start=\"1854\" data-end=\"1895\">dvigubas antgalis geresniam na\u0161umui<\/strong>, leid\u017eiantis vienu metu pripildyti du konteinerius ir pasiekti iki 60 buteli\u0173 per minut\u0119 greit\u012f. Jame yra oro sl\u0117gio indikatorius, t\u016brio ir u\u017epildymo grei\u010dio reguliavimas, jis gali veikti re\u017eimu <strong data-start=\"2116\" data-end=\"2147\">automatinis arba pusiau automatinis<\/strong> kaip reikalauja operatorius.<\/p>\n<p data-start=\"2180\" data-end=\"2261\">\u012eskaitant <strong data-start=\"2188\" data-end=\"2208\">CE sertifikavimas<\/strong>, 2 met\u0173 garantija ir asmeninis techninis palaikymas.<\/p>\n<hr data-start=\"2263\" data-end=\"2266\" \/>\n<h3 data-start=\"2268\" data-end=\"2297\">Technin\u0117s specifikacijos<\/h3>\n<div class=\"_tableContainer_16hzy_1\">\n<div class=\"_tableWrapper_16hzy_14 group flex w-fit flex-col-reverse\" tabindex=\"-1\">\n<table class=\"w-fit min-w-(--thread-content-width)\" data-start=\"2299\" data-end=\"3941\">\n<thead data-start=\"2299\" data-end=\"2374\">\n<tr data-start=\"2299\" data-end=\"2374\">\n<th data-start=\"2299\" data-end=\"2333\" data-col-size=\"sm\">Funkcija<\/th>\n<th data-start=\"2333\" data-end=\"2374\" data-col-size=\"md\">Detal\u0117<\/th>\n<\/tr>\n<\/thead>\n<tbody data-start=\"2451\" data-end=\"3941\">\n<tr data-start=\"2451\" data-end=\"2536\">\n<td data-start=\"2451\" data-end=\"2485\" data-col-size=\"sm\">Ma\u0161inos tipas<\/td>\n<td data-col-size=\"md\" data-start=\"2485\" data-end=\"2536\">Didel\u0117s klampos buteli\u0173 i\u0161pilstymo ir dozavimo ma\u0161ina<\/td>\n<\/tr>\n<tr data-start=\"2537\" data-end=\"2636\">\n<td data-start=\"2537\" data-end=\"2571\" data-col-size=\"sm\">Produkt\u0173 tipas<\/td>\n<td data-col-size=\"md\" data-start=\"2571\" data-end=\"2636\">Tir\u0161tos grietin\u0117l\u0117s, uogien\u0117s be gabal\u0117li\u0173, medus, vienaly\u010diai pada\u017eai<\/td>\n<\/tr>\n<tr data-start=\"2637\" data-end=\"2712\">\n<td data-start=\"2637\" data-end=\"2671\" data-col-size=\"sm\">Parai\u0161kos<\/td>\n<td data-col-size=\"md\" data-start=\"2671\" data-end=\"2712\">Maistas, kosmetika, farmacija<\/td>\n<\/tr>\n<tr data-start=\"2713\" data-end=\"2789\">\n<td data-start=\"2713\" data-end=\"2747\" data-col-size=\"sm\">Pripildymo sistema<\/td>\n<td data-col-size=\"md\" data-start=\"2747\" data-end=\"2789\">Pneumatinis st\u016bmoklis su rotaciniu vo\u017etuvu<\/td>\n<\/tr>\n<tr data-start=\"2790\" data-end=\"2865\">\n<td data-start=\"2790\" data-end=\"2824\" data-col-size=\"sm\">U\u017epildymo tikslumas<\/td>\n<td data-col-size=\"md\" data-start=\"2824\" data-end=\"2865\">\u00b11%<\/td>\n<\/tr>\n<tr data-start=\"2866\" data-end=\"2942\">\n<td data-start=\"2866\" data-end=\"2900\" data-col-size=\"sm\">U\u017epildymo diapazonas<\/td>\n<td data-col-size=\"md\" data-start=\"2900\" data-end=\"2942\">100 ml \u2013 1000 ml<\/td>\n<\/tr>\n<tr data-start=\"2943\" data-end=\"3017\">\n<td data-start=\"2943\" data-end=\"2976\" data-col-size=\"sm\">Bunkerio talpa<\/td>\n<td data-col-size=\"md\" data-start=\"2976\" data-end=\"3017\">50 litr\u0173<\/td>\n<\/tr>\n<tr data-start=\"3018\" data-end=\"3093\">\n<td data-start=\"3018\" data-end=\"3052\" data-col-size=\"sm\">Gamybos greitis<\/td>\n<td data-col-size=\"md\" data-start=\"3052\" data-end=\"3093\">20\u201360 buteli\u0173 per minut\u0119<\/td>\n<\/tr>\n<tr data-start=\"3094\" data-end=\"3169\">\n<td data-start=\"3094\" data-end=\"3128\" data-col-size=\"sm\">Pripildymo galvut\u0117<\/td>\n<td data-col-size=\"md\" data-start=\"3128\" data-end=\"3169\">Dvigubas antgalis su apsauga nuo la\u0161\u0117jimo<\/td>\n<\/tr>\n<tr data-start=\"3170\" data-end=\"3246\">\n<td data-start=\"3170\" data-end=\"3204\" data-col-size=\"sm\">Maitinimo \u0161altinis<\/td>\n<td data-col-size=\"md\" data-start=\"3204\" data-end=\"3246\">220 V<\/td>\n<\/tr>\n<tr data-start=\"3247\" data-end=\"3323\">\n<td data-start=\"3247\" data-end=\"3281\" data-col-size=\"sm\">Darbinis sl\u0117gis<\/td>\n<td data-col-size=\"md\" data-start=\"3281\" data-end=\"3323\">0,4\u20130,9 MPa<\/td>\n<\/tr>\n<tr data-start=\"3324\" data-end=\"3399\">\n<td data-start=\"3324\" data-end=\"3358\" data-col-size=\"sm\">Susilie\u010dianti med\u017eiaga<\/td>\n<td data-col-size=\"md\" data-start=\"3358\" data-end=\"3399\">Maistinio plieno<\/td>\n<\/tr>\n<tr data-start=\"3400\" data-end=\"3475\">\n<td data-start=\"3400\" data-end=\"3434\" data-col-size=\"sm\">Bendra med\u017eiaga<\/td>\n<td data-col-size=\"md\" data-start=\"3434\" data-end=\"3475\">Ner\u016bdijantis plienas 304\/316<\/td>\n<\/tr>\n<tr data-start=\"3476\" data-end=\"3551\">\n<td data-start=\"3476\" data-end=\"3510\" data-col-size=\"sm\">Veikimo re\u017eimai<\/td>\n<td data-col-size=\"md\" data-start=\"3510\" data-end=\"3551\">Pusiau automatinis \/ automatinis<\/td>\n<\/tr>\n<tr data-start=\"3552\" data-end=\"3634\">\n<td data-start=\"3552\" data-end=\"3586\" data-col-size=\"sm\">Indikatoriai ir valdikliai<\/td>\n<td data-col-size=\"md\" data-start=\"3586\" data-end=\"3634\">Sl\u0117gio matuoklis, t\u016brio ir grei\u010dio reguliavimas<\/td>\n<\/tr>\n<tr data-start=\"3635\" data-end=\"3710\">\n<td data-start=\"3635\" data-end=\"3669\" data-col-size=\"sm\">Valymas ir prie\u017ei\u016bra<\/td>\n<td data-col-size=\"md\" data-start=\"3669\" data-end=\"3710\">Lengvas i\u0161ardymas ir valymas<\/td>\n<\/tr>\n<tr data-start=\"3711\" data-end=\"3787\">\n<td data-start=\"3711\" data-end=\"3745\" data-col-size=\"sm\">Sertifikavimas<\/td>\n<td data-col-size=\"md\" data-start=\"3745\" data-end=\"3787\">EB<\/td>\n<\/tr>\n<tr data-start=\"3788\" data-end=\"3864\">\n<td data-start=\"3788\" data-end=\"3822\" data-col-size=\"sm\">Garantija<\/td>\n<td data-col-size=\"md\" data-start=\"3822\" data-end=\"3864\">2 metai<\/td>\n<\/tr>\n<tr data-start=\"3865\" data-end=\"3941\">\n<td data-start=\"3865\" data-end=\"3899\" data-col-size=\"sm\">Technin\u0117 pagalba<\/td>\n<td data-col-size=\"md\" data-start=\"3899\" data-end=\"3941\">\u012eskaitant<\/td>\n<\/tr>\n<\/tbody>\n<\/table>\n<div class=\"sticky end-(--thread-content-margin) h-0 self-end select-none\">\n<div class=\"absolute end-0 flex items-end\"><\/div>\n<\/div>\n<\/div>\n<\/div>","protected":false},"excerpt":{"rendered":"<h2>Dozatorius, pilstymas, su mai\u0161ytuvu ir dvigubu u\u017epildu 100 ml? 1000 ml<\/h2>\n<p><strong>Skys\u010dio pildymo ma\u0161ina<\/strong> labai klampus pusiau automatinis, varomas pneumatiniu st\u016bmokliu, pagamintas i\u0161 auk\u0161\u010diausios kokyb\u0117s med\u017eiag\u0173. \u012erengtas penkis vo\u017etuvus, kurie kontroliuoja produkt\u0173 sraut\u0105, taip pat turi dvigub\u0105 dozatori\u0173, kad b\u016bt\u0173 galima efektyviau ir grei\u010diau u\u017epildyti. Puikios konstrukcijos konstrukcija ir visi modeliai yra lengvai valdomi. Naudojami pneumatiniai komponentai pagaminti Vokietijoje ir Taivane. Visos naudojamos kontaktin\u0117s med\u017eiagos yra 316 ner\u016bdijantis plienas, atitinkantis GMP reikalavimus. T\u016brio kiek\u012f ir pildymo greit\u012f galima reguliuoti labai tiksliai.<\/p>\n<p>&nbsp;<\/p>","protected":false},"featured_media":3612,"comment_status":"open","ping_status":"closed","template":"","meta":{"wds_primary_product_brand":0,"wds_primary_product_cat":0},"product_brand":[],"product_cat":[18,20,321,21],"product_tag":[],"class_list":{"0":"post-3604","1":"product","2":"type-product","3":"status-publish","4":"has-post-thumbnail","6":"product_cat-dosificadoras","7":"product_cat-dosificadoras-de-pastosos","8":"product_cat-llenadoras-de-piston","9":"product_cat-maquinas-llenadoras","10":"product_shipping_class-express","12":"first","13":"instock","14":"sale","15":"taxable","16":"shipping-taxable","17":"purchasable","18":"product-type-simple"},"yoast_head":"<!-- This site is optimized with the Yoast SEO Premium plugin v24.9 (Yoast SEO v26.1) - https:\/\/yoast.com\/wordpress\/plugins\/seo\/ -->\n<title>Dosificadora, Embotelladora, con batidor y doble llenador 100 ml ? 1000 ml - distribuci\u00f3n ARC<\/title>\n<meta name=\"robots\" content=\"index, follow, max-snippet:-1, max-image-preview:large, max-video-preview:-1\" \/>\n<link rel=\"canonical\" href=\"https:\/\/distribucionarc.com\/lt\/produktas\/ispilstymo-dozatorius-su-maisytuvu-ir-dvigubu-uzpildu-100-ml-\ud83d\udd1b-1000-ml\/\" \/>\n<meta property=\"og:locale\" content=\"lt_LT\" \/>\n<meta property=\"og:type\" content=\"article\" \/>\n<meta property=\"og:title\" content=\"Dosificadora, Embotelladora, con batidor y doble llenador 100 ml ? 1000 ml\" \/>\n<meta property=\"og:description\" content=\"Dosificadora, Embotelladora, con batidor y doble llenador 100 ml ? 1000 ml M\u00e1quina para llenado de l\u00edquidos muy viscosos semiautom\u00e1tica, impulsada por un pist\u00f3n neum\u00e1tico, fabricada con materiales de primera calidad. Equipada con cinco v\u00e1lvulas que controlan el flujo de los productos adem\u00e1s, cuenta con doble dosificador para un llenado m\u00e1s eficaz y r\u00e1pido. Estructura con dise\u00f1o superior y todos los modelos son f\u00e1ciles de operar. Los componentes neum\u00e1ticos utilizados son hechos en Alemania y Taiwan. Todos los materiales de contacto utilizados, son de acero inoxidable 316 de acuerdo con los requisitos de GMP. La cantidad de volumen y la velocidad de llenado pueden ser regulados con una gran precisi\u00f3n.  &nbsp;\" \/>\n<meta property=\"og:url\" content=\"https:\/\/distribucionarc.com\/lt\/produktas\/ispilstymo-dozatorius-su-maisytuvu-ir-dvigubu-uzpildu-100-ml-\ud83d\udd1b-1000-ml\/\" \/>\n<meta property=\"og:site_name\" content=\"distribuci\u00f3n ARC\" \/>\n<meta property=\"article:modified_time\" content=\"2025-05-08T20:19:18+00:00\" \/>\n<meta property=\"og:image\" content=\"https:\/\/distribucionarc.com\/wp-content\/uploads\/2020\/10\/Dosificadora-Embotelladora-con-batidor-y-doble-llenador-100-ml-1000-ml-0.jpg\" \/>\n\t<meta property=\"og:image:width\" content=\"1600\" \/>\n\t<meta property=\"og:image:height\" content=\"1600\" \/>\n\t<meta property=\"og:image:type\" content=\"image\/jpeg\" \/>\n<meta name=\"twitter:card\" content=\"summary_large_image\" \/>\n<meta name=\"twitter:label1\" content=\"Est. reading time\" \/>\n\t<meta name=\"twitter:data1\" content=\"2 minut\u0117s\" \/>\n<script type=\"application\/ld+json\" class=\"yoast-schema-graph\">{\"@context\":\"https:\/\/schema.org\",\"@graph\":[{\"@type\":\"WebPage\",\"@id\":\"https:\/\/distribucionarc.com\/fr\/producto\/dosificadora-embotelladora-con-batidor-y-doble-llenador-100-ml-%f0%9f%94%9b-1000-ml\/\",\"url\":\"https:\/\/distribucionarc.com\/fr\/producto\/dosificadora-embotelladora-con-batidor-y-doble-llenador-100-ml-%f0%9f%94%9b-1000-ml\/\",\"name\":\"Dosificadora, Embotelladora, con batidor y doble llenador 100 ml ? 1000 ml - distribuci\u00f3n ARC\",\"isPartOf\":{\"@id\":\"https:\/\/www.distribucionarc.com\/tr\/#website\"},\"primaryImageOfPage\":{\"@id\":\"https:\/\/distribucionarc.com\/fr\/producto\/dosificadora-embotelladora-con-batidor-y-doble-llenador-100-ml-%f0%9f%94%9b-1000-ml\/#primaryimage\"},\"image\":{\"@id\":\"https:\/\/distribucionarc.com\/fr\/producto\/dosificadora-embotelladora-con-batidor-y-doble-llenador-100-ml-%f0%9f%94%9b-1000-ml\/#primaryimage\"},\"thumbnailUrl\":\"https:\/\/distribucionarc.com\/wp-content\/uploads\/2020\/10\/Dosificadora-Embotelladora-con-batidor-y-doble-llenador-100-ml-1000-ml-0.jpg\",\"datePublished\":\"2020-10-05T14:10:27+00:00\",\"dateModified\":\"2025-05-08T20:19:18+00:00\",\"breadcrumb\":{\"@id\":\"https:\/\/distribucionarc.com\/fr\/producto\/dosificadora-embotelladora-con-batidor-y-doble-llenador-100-ml-%f0%9f%94%9b-1000-ml\/#breadcrumb\"},\"inLanguage\":\"lt-LT\",\"potentialAction\":[{\"@type\":\"ReadAction\",\"target\":[\"https:\/\/distribucionarc.com\/fr\/producto\/dosificadora-embotelladora-con-batidor-y-doble-llenador-100-ml-%f0%9f%94%9b-1000-ml\/\"]}]},{\"@type\":\"ImageObject\",\"inLanguage\":\"lt-LT\",\"@id\":\"https:\/\/distribucionarc.com\/fr\/producto\/dosificadora-embotelladora-con-batidor-y-doble-llenador-100-ml-%f0%9f%94%9b-1000-ml\/#primaryimage\",\"url\":\"https:\/\/distribucionarc.com\/wp-content\/uploads\/2020\/10\/Dosificadora-Embotelladora-con-batidor-y-doble-llenador-100-ml-1000-ml-0.jpg\",\"contentUrl\":\"https:\/\/distribucionarc.com\/wp-content\/uploads\/2020\/10\/Dosificadora-Embotelladora-con-batidor-y-doble-llenador-100-ml-1000-ml-0.jpg\",\"width\":1600,\"height\":1600,\"caption\":\"Dosificadora, Embotelladora, con batidor y doble llenador 100 ml 1000 ml\"},{\"@type\":\"BreadcrumbList\",\"@id\":\"https:\/\/distribucionarc.com\/fr\/producto\/dosificadora-embotelladora-con-batidor-y-doble-llenador-100-ml-%f0%9f%94%9b-1000-ml\/#breadcrumb\",\"itemListElement\":[{\"@type\":\"ListItem\",\"position\":1,\"name\":\"Portada\",\"item\":\"https:\/\/www.distribucionarc.com\/tr\/\"},{\"@type\":\"ListItem\",\"position\":2,\"name\":\"Produktai\",\"item\":\"https:\/\/distribucionarc.com\/lt\/parduotuve\/\"},{\"@type\":\"ListItem\",\"position\":3,\"name\":\"Dosificadora, Embotelladora, con batidor y doble llenador 100 ml ? 1000 ml\"}]},{\"@type\":\"WebSite\",\"@id\":\"https:\/\/www.distribucionarc.com\/tr\/#website\",\"url\":\"https:\/\/www.distribucionarc.com\/tr\/\",\"name\":\"distribuci\u00f3n ARC\",\"description\":\"Empresa especializada en la fabricaci\u00f3n y distribuci\u00f3n de maquinaria industrial, selladoras de latas, Maquinas de hacer pastillas, Maquinas de cortar carne...\",\"publisher\":{\"@id\":\"https:\/\/www.distribucionarc.com\/tr\/#organization\"},\"potentialAction\":[{\"@type\":\"SearchAction\",\"target\":{\"@type\":\"EntryPoint\",\"urlTemplate\":\"https:\/\/www.distribucionarc.com\/tr\/?s={search_term_string}\"},\"query-input\":{\"@type\":\"PropertyValueSpecification\",\"valueRequired\":true,\"valueName\":\"search_term_string\"}}],\"inLanguage\":\"lt-LT\"},{\"@type\":\"Organization\",\"@id\":\"https:\/\/www.distribucionarc.com\/tr\/#organization\",\"name\":\"Distribuci\u00f3n ARC\",\"url\":\"https:\/\/www.distribucionarc.com\/tr\/\",\"logo\":{\"@type\":\"ImageObject\",\"inLanguage\":\"lt-LT\",\"@id\":\"https:\/\/www.distribucionarc.com\/tr\/#\/schema\/logo\/image\/\",\"url\":\"https:\/\/distribucionarc.com\/wp-content\/uploads\/2024\/10\/distribucion-ARC-COLOR-SIN-FONDO-e1732295305345.png\",\"contentUrl\":\"https:\/\/distribucionarc.com\/wp-content\/uploads\/2024\/10\/distribucion-ARC-COLOR-SIN-FONDO-e1732295305345.png\",\"width\":1164,\"height\":558,\"caption\":\"Distribuci\u00f3n ARC\"},\"image\":{\"@id\":\"https:\/\/www.distribucionarc.com\/tr\/#\/schema\/logo\/image\/\"},\"description\":\"Empresa especializada en la fabricaci\u00f3n y distribuci\u00f3n de maquinaria industrial para los sectores alimentario y farmac\u00e9utico. Nos especializamos en: M\u00e1quinas de cortar carne Fabricaci\u00f3n de comprimidos Sistemas de transporte industrial L\u00edneas de embotellado Dosificadores Y mucho m\u00e1s... Ofrecemos soluciones innovadoras y personalizadas para optimizar los procesos productivos de tu empresa.\",\"email\":\"Admistracion@distribucionarc.com\",\"telephone\":\"+34 643496664\",\"legalName\":\"ARC TECH SOLUTIONS\",\"foundingDate\":\"2024-04-09\",\"vatID\":\"B55480172\",\"numberOfEmployees\":{\"@type\":\"QuantitativeValue\",\"minValue\":\"1\",\"maxValue\":\"10\"}}]}<\/script>\n<!-- \/ Yoast SEO Premium plugin. -->","yoast_head_json":{"title":"Dozatorius, pilstymas, su mai\u0161ytuvu ir dvigubu u\u017epildu 100 ml? 1000 ml - ARC paskirstymas","robots":{"index":"index","follow":"follow","max-snippet":"max-snippet:-1","max-image-preview":"max-image-preview:large","max-video-preview":"max-video-preview:-1"},"canonical":"https:\/\/distribucionarc.com\/lt\/produktas\/ispilstymo-dozatorius-su-maisytuvu-ir-dvigubu-uzpildu-100-ml-\ud83d\udd1b-1000-ml\/","og_locale":"lt_LT","og_type":"article","og_title":"Dosificadora, Embotelladora, con batidor y doble llenador 100 ml ? 1000 ml","og_description":"Dosificadora, Embotelladora, con batidor y doble llenador 100 ml ? 1000 ml M\u00e1quina para llenado de l\u00edquidos muy viscosos semiautom\u00e1tica, impulsada por un pist\u00f3n neum\u00e1tico, fabricada con materiales de primera calidad. Equipada con cinco v\u00e1lvulas que controlan el flujo de los productos adem\u00e1s, cuenta con doble dosificador para un llenado m\u00e1s eficaz y r\u00e1pido. Estructura con dise\u00f1o superior y todos los modelos son f\u00e1ciles de operar. Los componentes neum\u00e1ticos utilizados son hechos en Alemania y Taiwan. Todos los materiales de contacto utilizados, son de acero inoxidable 316 de acuerdo con los requisitos de GMP. La cantidad de volumen y la velocidad de llenado pueden ser regulados con una gran precisi\u00f3n.  &nbsp;","og_url":"https:\/\/distribucionarc.com\/lt\/produktas\/ispilstymo-dozatorius-su-maisytuvu-ir-dvigubu-uzpildu-100-ml-\ud83d\udd1b-1000-ml\/","og_site_name":"distribuci\u00f3n ARC","article_modified_time":"2025-05-08T20:19:18+00:00","og_image":[{"width":1600,"height":1600,"url":"https:\/\/distribucionarc.com\/wp-content\/uploads\/2020\/10\/Dosificadora-Embotelladora-con-batidor-y-doble-llenador-100-ml-1000-ml-0.jpg","type":"image\/jpeg"}],"twitter_card":"summary_large_image","twitter_misc":{"Est. reading time":"2 minut\u0117s"},"schema":{"@context":"https:\/\/schema.org","@graph":[{"@type":"WebPage","@id":"https:\/\/distribucionarc.com\/fr\/producto\/dosificadora-embotelladora-con-batidor-y-doble-llenador-100-ml-%f0%9f%94%9b-1000-ml\/","url":"https:\/\/distribucionarc.com\/fr\/producto\/dosificadora-embotelladora-con-batidor-y-doble-llenador-100-ml-%f0%9f%94%9b-1000-ml\/","name":"Dozatorius, pilstymas, su mai\u0161ytuvu ir dvigubu u\u017epildu 100 ml? 1000 ml - ARC paskirstymas","isPartOf":{"@id":"https:\/\/www.distribucionarc.com\/tr\/#website"},"primaryImageOfPage":{"@id":"https:\/\/distribucionarc.com\/fr\/producto\/dosificadora-embotelladora-con-batidor-y-doble-llenador-100-ml-%f0%9f%94%9b-1000-ml\/#primaryimage"},"image":{"@id":"https:\/\/distribucionarc.com\/fr\/producto\/dosificadora-embotelladora-con-batidor-y-doble-llenador-100-ml-%f0%9f%94%9b-1000-ml\/#primaryimage"},"thumbnailUrl":"https:\/\/distribucionarc.com\/wp-content\/uploads\/2020\/10\/Dosificadora-Embotelladora-con-batidor-y-doble-llenador-100-ml-1000-ml-0.jpg","datePublished":"2020-10-05T14:10:27+00:00","dateModified":"2025-05-08T20:19:18+00:00","breadcrumb":{"@id":"https:\/\/distribucionarc.com\/fr\/producto\/dosificadora-embotelladora-con-batidor-y-doble-llenador-100-ml-%f0%9f%94%9b-1000-ml\/#breadcrumb"},"inLanguage":"lt-LT","potentialAction":[{"@type":"ReadAction","target":["https:\/\/distribucionarc.com\/fr\/producto\/dosificadora-embotelladora-con-batidor-y-doble-llenador-100-ml-%f0%9f%94%9b-1000-ml\/"]}]},{"@type":"ImageObject","inLanguage":"lt-LT","@id":"https:\/\/distribucionarc.com\/fr\/producto\/dosificadora-embotelladora-con-batidor-y-doble-llenador-100-ml-%f0%9f%94%9b-1000-ml\/#primaryimage","url":"https:\/\/distribucionarc.com\/wp-content\/uploads\/2020\/10\/Dosificadora-Embotelladora-con-batidor-y-doble-llenador-100-ml-1000-ml-0.jpg","contentUrl":"https:\/\/distribucionarc.com\/wp-content\/uploads\/2020\/10\/Dosificadora-Embotelladora-con-batidor-y-doble-llenador-100-ml-1000-ml-0.jpg","width":1600,"height":1600,"caption":"Dosificadora, Embotelladora, con batidor y doble llenador 100 ml 1000 ml"},{"@type":"BreadcrumbList","@id":"https:\/\/distribucionarc.com\/fr\/producto\/dosificadora-embotelladora-con-batidor-y-doble-llenador-100-ml-%f0%9f%94%9b-1000-ml\/#breadcrumb","itemListElement":[{"@type":"ListItem","position":1,"name":"Portada","item":"https:\/\/www.distribucionarc.com\/tr\/"},{"@type":"ListItem","position":2,"name":"Produktai","item":"https:\/\/distribucionarc.com\/lt\/parduotuve\/"},{"@type":"ListItem","position":3,"name":"Dosificadora, Embotelladora, con batidor y doble llenador 100 ml ? 1000 ml"}]},{"@type":"WebSite","@id":"https:\/\/www.distribucionarc.com\/tr\/#website","url":"https:\/\/www.distribucionarc.com\/tr\/","name":"ARC paskirstymas","description":"\u012emon\u0117 specializuojasi pramonini\u0173 ma\u0161in\u0173, skardini\u0173 sandarinimo ma\u0161in\u0173, table\u010di\u0173 gamybos ma\u0161in\u0173, m\u0117sos pjaustymo ma\u0161in\u0173 gamyboje ir platinime...","publisher":{"@id":"https:\/\/www.distribucionarc.com\/tr\/#organization"},"potentialAction":[{"@type":"SearchAction","target":{"@type":"EntryPoint","urlTemplate":"https:\/\/www.distribucionarc.com\/tr\/?s={search_term_string}"},"query-input":{"@type":"PropertyValueSpecification","valueRequired":true,"valueName":"search_term_string"}}],"inLanguage":"lt-LT"},{"@type":"Organization","@id":"https:\/\/www.distribucionarc.com\/tr\/#organization","name":"ARC platinimas","url":"https:\/\/www.distribucionarc.com\/tr\/","logo":{"@type":"ImageObject","inLanguage":"lt-LT","@id":"https:\/\/www.distribucionarc.com\/tr\/#\/schema\/logo\/image\/","url":"https:\/\/distribucionarc.com\/wp-content\/uploads\/2024\/10\/distribucion-ARC-COLOR-SIN-FONDO-e1732295305345.png","contentUrl":"https:\/\/distribucionarc.com\/wp-content\/uploads\/2024\/10\/distribucion-ARC-COLOR-SIN-FONDO-e1732295305345.png","width":1164,"height":558,"caption":"Distribuci\u00f3n ARC"},"image":{"@id":"https:\/\/www.distribucionarc.com\/tr\/#\/schema\/logo\/image\/"},"description":"\u012emon\u0117 specializuojasi maisto ir farmacijos sektoriams skirt\u0173 pramonini\u0173 ma\u0161in\u0173 gamyboje ir platinime. M\u016bs\u0173 specializacija: M\u0117sos pjaustymo ma\u0161inos Table\u010di\u0173 gamyba Pramonin\u0117s transportavimo sistemos I\u0161pilstymo linijos Dozatoriai Ir dar daugiau... Si\u016blome novatori\u0161kus ir individualiems poreikiams pritaikytus sprendimus, kad optimizuotume j\u016bs\u0173 \u012fmon\u0117s gamybos procesus.","email":"Admistracion@distribucionarc.com","telephone":"+34 643496664","legalName":"ARC TECH SOLUTIONS","foundingDate":"2024-04-09","vatID":"B55480172","numberOfEmployees":{"@type":"QuantitativeValue","minValue":"1","maxValue":"10"}}]}},"_links":{"self":[{"href":"https:\/\/distribucionarc.com\/lt\/wp-json\/wp\/v2\/product\/3604","targetHints":{"allow":["GET"]}}],"collection":[{"href":"https:\/\/distribucionarc.com\/lt\/wp-json\/wp\/v2\/product"}],"about":[{"href":"https:\/\/distribucionarc.com\/lt\/wp-json\/wp\/v2\/types\/product"}],"replies":[{"embeddable":true,"href":"https:\/\/distribucionarc.com\/lt\/wp-json\/wp\/v2\/comments?post=3604"}],"version-history":[{"count":3,"href":"https:\/\/distribucionarc.com\/lt\/wp-json\/wp\/v2\/product\/3604\/revisions"}],"predecessor-version":[{"id":17467,"href":"https:\/\/distribucionarc.com\/lt\/wp-json\/wp\/v2\/product\/3604\/revisions\/17467"}],"wp:featuredmedia":[{"embeddable":true,"href":"https:\/\/distribucionarc.com\/lt\/wp-json\/wp\/v2\/media\/3612"}],"wp:attachment":[{"href":"https:\/\/distribucionarc.com\/lt\/wp-json\/wp\/v2\/media?parent=3604"}],"wp:term":[{"taxonomy":"product_brand","embeddable":true,"href":"https:\/\/distribucionarc.com\/lt\/wp-json\/wp\/v2\/product_brand?post=3604"},{"taxonomy":"product_cat","embeddable":true,"href":"https:\/\/distribucionarc.com\/lt\/wp-json\/wp\/v2\/product_cat?post=3604"},{"taxonomy":"product_tag","embeddable":true,"href":"https:\/\/distribucionarc.com\/lt\/wp-json\/wp\/v2\/product_tag?post=3604"}],"curies":[{"name":"wp","href":"https:\/\/api.w.org\/{rel}","templated":true}]}}