{"id":3631,"date":"2020-10-05T14:55:53","date_gmt":"2020-10-05T14:55:53","guid":{"rendered":"https:\/\/distribucionarc.com\/?post_type=product&#038;p=3631"},"modified":"2025-05-08T22:48:16","modified_gmt":"2025-05-08T20:48:16","slug":"ispilstymo-masina-klampus-skysciai-aliejus-ploviklis-500-5000-ml","status":"publish","type":"product","link":"https:\/\/distribucionarc.com\/lt\/producto\/embotelladora-liquidos-viscosos-aceite-detergente-500-a-5000ml\/","title":{"rendered":"Klampi\u0173 skys\u010di\u0173 i\u0161pilstymas, aliejus, ploviklis, nuo 500 iki 5000 ml"},"content":{"rendered":"<h2 data-start=\"438\" data-end=\"518\">\ud83e\uddfc Valymo priemoni\u0173 dozavimo ir i\u0161pilstymo aparatas \u2013 nuo 500 ml iki 5000 ml<\/h2>\n<p data-start=\"520\" data-end=\"870\">The <strong data-start=\"523\" data-end=\"573\">didelio na\u0161umo dozavimo ir i\u0161pilstymo ma\u0161ina<\/strong> Tai ma\u0161ina, specialiai sukurta chemikal\u0173 ir valymo priemoni\u0173 pildymui \u012f dideles talpyklas, tokias kaip 3\u20135 litr\u0173 \u0105so\u010diai arba 1 litro buteliai. D\u0117l savo sistemos <strong data-start=\"761\" data-end=\"803\">pneumatinis st\u016bmoklis su rotaciniu vo\u017etuvu<\/strong>, u\u017etikrina tiksl\u0173 ir \u0161var\u0173 dozavim\u0105, be la\u0161\u0117jimo ar atliek\u0173.<\/p>\n<p data-start=\"872\" data-end=\"1197\">Tai idealiai tinka produktams <strong data-start=\"896\" data-end=\"912\">neputojantis<\/strong>, kai jis pildosi i\u0161 indo vir\u0161aus. Produktams, kurie pildymo metu putoja (pvz., kai kuriems putojantiems muilams ar putojantiems plovikliams), rekomenduojama naudoti kitokio tipo aparat\u0105. <strong data-start=\"1114\" data-end=\"1137\">panardinamas antgalis<\/strong> palaipsniui kildinkite, kad nesusidaryt\u0173 burbuliuk\u0173.<\/p>\n<p data-start=\"1199\" data-end=\"1483\">\u0160i ma\u0161ina <strong data-start=\"1212\" data-end=\"1234\">\u012e komplekt\u0105 ne\u012feina \u0161luotel\u0117<\/strong>, ta\u010diau leid\u017eia du produkt\u0173 tiekimo b\u016bdus: rankin\u012f bunkerio (50 l) pildym\u0105 arba tiesiogin\u012f prijungim\u0105 naudojant <strong data-start=\"1354\" data-end=\"1388\">\u017earna prie i\u0161orinio bako<\/strong>, kaip a <strong data-start=\"1398\" data-end=\"1444\">1000 litr\u0173 IBC konteineriai arba 200 litr\u0173 statin\u0117s<\/strong>, idealiai tinka pramoninei gamybai.<\/p>\n<p data-start=\"1485\" data-end=\"1527\">Keletas suderinam\u0173 produkt\u0173 pavyzd\u017ei\u0173:<\/p>\n<ul data-start=\"1529\" data-end=\"1835\">\n<li data-start=\"1529\" data-end=\"1563\">\n<p data-start=\"1531\" data-end=\"1563\">\ud83e\uddfc <strong data-start=\"1534\" data-end=\"1563\">Neputojantis skystas muilas<\/strong><\/p>\n<\/li>\n<li data-start=\"1564\" data-end=\"1596\">\n<p data-start=\"1566\" data-end=\"1596\">\ud83e\uddfd <strong data-start=\"1569\" data-end=\"1596\">Grind\u0173 plovikliai<\/strong><\/p>\n<\/li>\n<li data-start=\"1597\" data-end=\"1629\">\n<p data-start=\"1599\" data-end=\"1629\">\ud83e\uddf4 <strong data-start=\"1602\" data-end=\"1629\">Skystos dezinfekavimo priemon\u0117s<\/strong><\/p>\n<\/li>\n<li data-start=\"1630\" data-end=\"1670\">\n<p data-start=\"1632\" data-end=\"1670\">\ud83e\uddea <strong data-start=\"1635\" data-end=\"1670\">Pramonin\u0117s chemin\u0117s med\u017eiagos<\/strong><\/p>\n<\/li>\n<li data-start=\"1671\" data-end=\"1733\">\n<p data-start=\"1673\" data-end=\"1733\">\ud83d\udee2\ufe0f <strong data-start=\"1677\" data-end=\"1733\">Skystas va\u0161kas, poliravimo priemon\u0117s, universal\u016bs valikliai<\/strong><\/p>\n<\/li>\n<li data-start=\"1734\" data-end=\"1785\">\n<p data-start=\"1736\" data-end=\"1785\">\u2744\ufe0f <strong data-start=\"1739\" data-end=\"1785\">Antifrizas ir automobili\u0173 skys\u010diai<\/strong><\/p>\n<\/li>\n<li data-start=\"1786\" data-end=\"1835\">\n<p data-start=\"1788\" data-end=\"1835\">\ud83e\uddf4 <strong data-start=\"1791\" data-end=\"1835\">Mink\u0161tikliai arba tir\u0161ti techniniai tirpalai<\/strong><\/p>\n<\/li>\n<\/ul>\n<p data-start=\"1837\" data-end=\"2162\">Pagamintas i\u0161 304\/316 ner\u016bdijan\u010dio plieno, \u0161is aparatas leid\u017eia reguliuoti tiek t\u016br\u012f, tiek u\u017epildymo greit\u012f, pasiekiant iki <strong data-start=\"1969\" data-end=\"1994\">30 konteineri\u0173 per minut\u0119<\/strong>ir gali dirbti re\u017eimu <strong data-start=\"2021\" data-end=\"2052\">automatinis arba pusiau automatinis<\/strong>. Modulin\u0117 konstrukcija leid\u017eia greitai atlikti technin\u0119 prie\u017ei\u016br\u0105, tod\u0117l gedimo atveju lengva pakeisti dalis.<\/p>\n<p data-start=\"2164\" data-end=\"2251\">\u012eskaitant <strong data-start=\"2172\" data-end=\"2192\">CE sertifikavimas<\/strong>, <strong data-start=\"2194\" data-end=\"2216\">2 met\u0173 garantija<\/strong> ir <strong data-start=\"2219\" data-end=\"2250\">profesionali technin\u0117 pagalba<\/strong>.<\/p>\n<hr data-start=\"2253\" data-end=\"2256\" \/>\n<h3 data-start=\"2258\" data-end=\"2287\">Technin\u0117s specifikacijos<\/h3>\n<div class=\"_tableContainer_16hzy_1\">\n<div class=\"_tableWrapper_16hzy_14 group flex w-fit flex-col-reverse\" tabindex=\"-1\">\n<table class=\"w-fit min-w-(--thread-content-width)\" data-start=\"2289\" data-end=\"4035\">\n<thead data-start=\"2289\" data-end=\"2364\">\n<tr data-start=\"2289\" data-end=\"2364\">\n<th data-start=\"2289\" data-end=\"2323\" data-col-size=\"sm\">Funkcija<\/th>\n<th data-start=\"2323\" data-end=\"2364\" data-col-size=\"md\">Detal\u0117<\/th>\n<\/tr>\n<\/thead>\n<tbody data-start=\"2441\" data-end=\"4035\">\n<tr data-start=\"2441\" data-end=\"2531\">\n<td data-start=\"2441\" data-end=\"2475\" data-col-size=\"sm\">Ma\u0161inos tipas<\/td>\n<td data-col-size=\"md\" data-start=\"2475\" data-end=\"2531\">Skys\u010di\u0173 valymo buteli\u0173 i\u0161pilstymo ir dozavimo aparatas<\/td>\n<\/tr>\n<tr data-start=\"2532\" data-end=\"2607\">\n<td data-start=\"2532\" data-end=\"2566\" data-col-size=\"sm\">Produkt\u0173 tipas<\/td>\n<td data-col-size=\"md\" data-start=\"2566\" data-end=\"2607\">Neputojantys klamp\u016bs skys\u010diai<\/td>\n<\/tr>\n<tr data-start=\"2608\" data-end=\"2685\">\n<td data-start=\"2608\" data-end=\"2642\" data-col-size=\"sm\">Parai\u0161kos<\/td>\n<td data-col-size=\"md\" data-start=\"2642\" data-end=\"2685\">Chemijos, valymo ir automobili\u0173 pramon\u0117<\/td>\n<\/tr>\n<tr data-start=\"2686\" data-end=\"2797\">\n<td data-start=\"2686\" data-end=\"2720\" data-col-size=\"sm\">Suderinami produktai<\/td>\n<td data-col-size=\"md\" data-start=\"2720\" data-end=\"2797\">Skystas muilas, plovikliai, dezinfekavimo priemon\u0117s, skystas va\u0161kas, antifrizas<\/td>\n<\/tr>\n<tr data-start=\"2798\" data-end=\"2874\">\n<td data-start=\"2798\" data-end=\"2832\" data-col-size=\"sm\">Pripildymo sistema<\/td>\n<td data-col-size=\"md\" data-start=\"2832\" data-end=\"2874\">Pneumatinis st\u016bmoklis su rotaciniu vo\u017etuvu<\/td>\n<\/tr>\n<tr data-start=\"2875\" data-end=\"2950\">\n<td data-start=\"2875\" data-end=\"2909\" data-col-size=\"sm\">U\u017epildymo tikslumas<\/td>\n<td data-col-size=\"md\" data-start=\"2909\" data-end=\"2950\">\u00b11%<\/td>\n<\/tr>\n<tr data-start=\"2951\" data-end=\"3027\">\n<td data-start=\"2951\" data-end=\"2985\" data-col-size=\"sm\">U\u017epildymo diapazonas<\/td>\n<td data-col-size=\"md\" data-start=\"2985\" data-end=\"3027\">500 ml \u2013 5000 ml<\/td>\n<\/tr>\n<tr data-start=\"3028\" data-end=\"3107\">\n<td data-start=\"3028\" data-end=\"3061\" data-col-size=\"sm\">Bunkerio talpa<\/td>\n<td data-col-size=\"md\" data-start=\"3061\" data-end=\"3107\">50 litr\u0173 (arba i\u0161 IBC\/b\u016bgno)<\/td>\n<\/tr>\n<tr data-start=\"3108\" data-end=\"3183\">\n<td data-start=\"3108\" data-end=\"3142\" data-col-size=\"sm\">Gamybos greitis<\/td>\n<td data-col-size=\"md\" data-start=\"3142\" data-end=\"3183\">Iki 30 konteineri\u0173 per minut\u0119<\/td>\n<\/tr>\n<tr data-start=\"3184\" data-end=\"3263\">\n<td data-start=\"3184\" data-end=\"3218\" data-col-size=\"sm\">Pripildymo galvut\u0117<\/td>\n<td data-col-size=\"md\" data-start=\"3218\" data-end=\"3263\">Individualus antgalis su apsaugos nuo la\u0161\u0117jimo sistema<\/td>\n<\/tr>\n<tr data-start=\"3264\" data-end=\"3340\">\n<td data-start=\"3264\" data-end=\"3298\" data-col-size=\"sm\">Maitinimo \u0161altinis<\/td>\n<td data-col-size=\"md\" data-start=\"3298\" data-end=\"3340\">220 V<\/td>\n<\/tr>\n<tr data-start=\"3341\" data-end=\"3417\">\n<td data-start=\"3341\" data-end=\"3375\" data-col-size=\"sm\">Darbinis sl\u0117gis<\/td>\n<td data-col-size=\"md\" data-start=\"3375\" data-end=\"3417\">0,4\u20130,9 MPa<\/td>\n<\/tr>\n<tr data-start=\"3418\" data-end=\"3493\">\n<td data-start=\"3418\" data-end=\"3452\" data-col-size=\"sm\">Susilie\u010dianti med\u017eiaga<\/td>\n<td data-col-size=\"md\" data-start=\"3452\" data-end=\"3493\">Maistinio plieno<\/td>\n<\/tr>\n<tr data-start=\"3494\" data-end=\"3569\">\n<td data-start=\"3494\" data-end=\"3528\" data-col-size=\"sm\">Bendra med\u017eiaga<\/td>\n<td data-col-size=\"md\" data-start=\"3528\" data-end=\"3569\">Ner\u016bdijantis plienas 304\/316<\/td>\n<\/tr>\n<tr data-start=\"3570\" data-end=\"3645\">\n<td data-start=\"3570\" data-end=\"3604\" data-col-size=\"sm\">Veikimo re\u017eimai<\/td>\n<td data-col-size=\"md\" data-start=\"3604\" data-end=\"3645\">Pusiau automatinis \/ automatinis<\/td>\n<\/tr>\n<tr data-start=\"3646\" data-end=\"3728\">\n<td data-start=\"3646\" data-end=\"3680\" data-col-size=\"sm\">Indikatoriai ir valdikliai<\/td>\n<td data-col-size=\"md\" data-start=\"3680\" data-end=\"3728\">Sl\u0117gio matuoklis, t\u016brio ir grei\u010dio reguliavimas<\/td>\n<\/tr>\n<tr data-start=\"3729\" data-end=\"3804\">\n<td data-start=\"3729\" data-end=\"3763\" data-col-size=\"sm\">Valymas ir prie\u017ei\u016bra<\/td>\n<td data-col-size=\"md\" data-start=\"3763\" data-end=\"3804\">Lengvas i\u0161ardymas ir valymas<\/td>\n<\/tr>\n<tr data-start=\"3805\" data-end=\"3881\">\n<td data-start=\"3805\" data-end=\"3839\" data-col-size=\"sm\">Sertifikavimas<\/td>\n<td data-col-size=\"md\" data-start=\"3839\" data-end=\"3881\">EB<\/td>\n<\/tr>\n<tr data-start=\"3882\" data-end=\"3958\">\n<td data-start=\"3882\" data-end=\"3916\" data-col-size=\"sm\">Garantija<\/td>\n<td data-col-size=\"md\" data-start=\"3916\" data-end=\"3958\">2 metai<\/td>\n<\/tr>\n<tr data-start=\"3959\" data-end=\"4035\">\n<td data-start=\"3959\" data-end=\"3993\" data-col-size=\"sm\">Technin\u0117 pagalba<\/td>\n<td data-col-size=\"md\" data-start=\"3993\" data-end=\"4035\">\u012eskaitant<\/td>\n<\/tr>\n<\/tbody>\n<\/table>\n<div class=\"sticky end-(--thread-content-margin) h-0 self-end select-none\">\n<div class=\"absolute end-0 flex items-end\"><\/div>\n<\/div>\n<\/div>\n<\/div>\n<p>&nbsp;<\/p>","protected":false},"excerpt":{"rendered":"<h2>Dozavimo, i\u0161pilstymo, pildymo ma\u0161ina su \u0161luotele 500 ml? 5000 ml<\/h2>\n<p><b>Skalbimo priemoni\u0173, chemikal\u0173, uogieni\u0173 pildymo ma\u0161ina<\/b>\u00a0labai klampus pusiau automatinis, varomas pneumatiniu st\u016bmokliu, pagamintas i\u0161 auk\u0161\u010diausios kokyb\u0117s med\u017eiag\u0173. \u012erengti penki vo\u017etuvai, kurie kontroliuoja produkt\u0173 sraut\u0105. Puikios konstrukcijos konstrukcija ir visi modeliai yra lengvai valdomi. Naudojami pneumatiniai komponentai pagaminti Vokietijoje ir Taivane. Visos naudojamos kontaktin\u0117s med\u017eiagos yra 316 ner\u016bdijantis plienas, atitinkantis GMP reikalavimus. T\u016brio kiek\u012f ir pildymo greit\u012f galima reguliuoti labai tiksliai.<\/p>","protected":false},"featured_media":3632,"comment_status":"open","ping_status":"closed","template":"","meta":{"wds_primary_product_brand":0,"wds_primary_product_cat":0},"product_brand":[],"product_cat":[18,19,321,21],"product_tag":[],"class_list":{"0":"post-3631","1":"product","2":"type-product","3":"status-publish","4":"has-post-thumbnail","6":"product_cat-dosificadoras","7":"product_cat-dosificadoras-de-liquidos","8":"product_cat-llenadoras-de-piston","9":"product_cat-maquinas-llenadoras","10":"product_shipping_class-express","12":"first","13":"instock","14":"sale","15":"taxable","16":"shipping-taxable","17":"purchasable","18":"product-type-simple"},"yoast_head":"<!-- This site is optimized with the Yoast SEO Premium plugin v24.9 (Yoast SEO v26.1) - https:\/\/yoast.com\/wordpress\/plugins\/seo\/ -->\n<title>Embotelladora l\u00edquidos viscosos, aceite, detergente, 500 a 5000ml - distribuci\u00f3n ARC<\/title>\n<meta name=\"robots\" content=\"index, follow, max-snippet:-1, max-image-preview:large, max-video-preview:-1\" \/>\n<link rel=\"canonical\" href=\"https:\/\/distribucionarc.com\/lt\/produktas\/ispilstymo-masina-klampus-skysciai-aliejus-ploviklis-500-5000-ml\/\" \/>\n<meta property=\"og:locale\" content=\"lt_LT\" \/>\n<meta property=\"og:type\" content=\"article\" \/>\n<meta property=\"og:title\" content=\"Embotelladora l\u00edquidos viscosos, aceite, detergente, 500 a 5000ml\" \/>\n<meta property=\"og:description\" content=\"Dosificadora, Embotelladora, Llenadora con Batidor 500 ml ? 5000 ml M\u00e1quina para llenado detergente, qu\u00edmicos, mermeladas\u00a0muy viscosos semiautom\u00e1tica, impulsada por un pist\u00f3n neum\u00e1tico, fabricada con materiales de primera calidad. Equipada con cinco v\u00e1lvulas que controlan el flujo de los productos. Estructura con dise\u00f1o superior y todos los modelos son f\u00e1ciles de operar. Los componentes neum\u00e1ticos utilizados son hechos en Alemania y Taiwan. Todos los materiales de contacto utilizados, son de acero inoxidable 316 de acuerdo con los requisitos de GMP. La cantidad de volumen y la velocidad de llenado pueden ser regulados con una gran precisi\u00f3n.\" \/>\n<meta property=\"og:url\" content=\"https:\/\/distribucionarc.com\/lt\/produktas\/ispilstymo-masina-klampus-skysciai-aliejus-ploviklis-500-5000-ml\/\" \/>\n<meta property=\"og:site_name\" content=\"distribuci\u00f3n ARC\" \/>\n<meta property=\"article:modified_time\" content=\"2025-05-08T20:48:16+00:00\" \/>\n<meta property=\"og:image\" content=\"https:\/\/distribucionarc.com\/wp-content\/uploads\/2020\/10\/Dosificadora-Embotelladora-Llenadora-con-Batidor-500-ml-3000-ml-0.jpg\" \/>\n\t<meta property=\"og:image:width\" content=\"1600\" \/>\n\t<meta property=\"og:image:height\" content=\"1600\" \/>\n\t<meta property=\"og:image:type\" content=\"image\/jpeg\" \/>\n<meta name=\"twitter:card\" content=\"summary_large_image\" \/>\n<meta name=\"twitter:label1\" content=\"Est. reading time\" \/>\n\t<meta name=\"twitter:data1\" content=\"2 minut\u0117s\" \/>\n<script type=\"application\/ld+json\" class=\"yoast-schema-graph\">{\"@context\":\"https:\/\/schema.org\",\"@graph\":[{\"@type\":\"WebPage\",\"@id\":\"https:\/\/distribucionarc.com\/bg\/producto\/embotelladora-liquidos-viscosos-aceite-detergente-500-a-5000ml\/\",\"url\":\"https:\/\/distribucionarc.com\/bg\/producto\/embotelladora-liquidos-viscosos-aceite-detergente-500-a-5000ml\/\",\"name\":\"Embotelladora l\u00edquidos viscosos, aceite, detergente, 500 a 5000ml - distribuci\u00f3n ARC\",\"isPartOf\":{\"@id\":\"https:\/\/www.distribucionarc.com\/sl\/#website\"},\"primaryImageOfPage\":{\"@id\":\"https:\/\/distribucionarc.com\/bg\/producto\/embotelladora-liquidos-viscosos-aceite-detergente-500-a-5000ml\/#primaryimage\"},\"image\":{\"@id\":\"https:\/\/distribucionarc.com\/bg\/producto\/embotelladora-liquidos-viscosos-aceite-detergente-500-a-5000ml\/#primaryimage\"},\"thumbnailUrl\":\"https:\/\/distribucionarc.com\/wp-content\/uploads\/2020\/10\/Dosificadora-Embotelladora-Llenadora-con-Batidor-500-ml-3000-ml-0.jpg\",\"datePublished\":\"2020-10-05T14:55:53+00:00\",\"dateModified\":\"2025-05-08T20:48:16+00:00\",\"breadcrumb\":{\"@id\":\"https:\/\/distribucionarc.com\/bg\/producto\/embotelladora-liquidos-viscosos-aceite-detergente-500-a-5000ml\/#breadcrumb\"},\"inLanguage\":\"lt-LT\",\"potentialAction\":[{\"@type\":\"ReadAction\",\"target\":[\"https:\/\/distribucionarc.com\/bg\/producto\/embotelladora-liquidos-viscosos-aceite-detergente-500-a-5000ml\/\"]}]},{\"@type\":\"ImageObject\",\"inLanguage\":\"lt-LT\",\"@id\":\"https:\/\/distribucionarc.com\/bg\/producto\/embotelladora-liquidos-viscosos-aceite-detergente-500-a-5000ml\/#primaryimage\",\"url\":\"https:\/\/distribucionarc.com\/wp-content\/uploads\/2020\/10\/Dosificadora-Embotelladora-Llenadora-con-Batidor-500-ml-3000-ml-0.jpg\",\"contentUrl\":\"https:\/\/distribucionarc.com\/wp-content\/uploads\/2020\/10\/Dosificadora-Embotelladora-Llenadora-con-Batidor-500-ml-3000-ml-0.jpg\",\"width\":1600,\"height\":1600,\"caption\":\"Dosificadora, Embotelladora, Llenadora con Batidor 500 ml 3000 ml\"},{\"@type\":\"BreadcrumbList\",\"@id\":\"https:\/\/distribucionarc.com\/bg\/producto\/embotelladora-liquidos-viscosos-aceite-detergente-500-a-5000ml\/#breadcrumb\",\"itemListElement\":[{\"@type\":\"ListItem\",\"position\":1,\"name\":\"Portada\",\"item\":\"https:\/\/www.distribucionarc.com\/\"},{\"@type\":\"ListItem\",\"position\":2,\"name\":\"\u00dcr\u00fcnler\",\"item\":\"https:\/\/www.distribucionarc.com\/tr\/magaza\/\"},{\"@type\":\"ListItem\",\"position\":3,\"name\":\"Embotelladora l\u00edquidos viscosos, aceite, detergente, 500 a 5000ml\"}]},{\"@type\":\"WebSite\",\"@id\":\"https:\/\/www.distribucionarc.com\/sl\/#website\",\"url\":\"https:\/\/www.distribucionarc.com\/sl\/\",\"name\":\"distribuci\u00f3n ARC\",\"description\":\"Empresa especializada en la fabricaci\u00f3n y distribuci\u00f3n de maquinaria industrial, selladoras de latas, Maquinas de hacer pastillas, Maquinas de cortar carne...\",\"publisher\":{\"@id\":\"https:\/\/www.distribucionarc.com\/sl\/#organization\"},\"potentialAction\":[{\"@type\":\"SearchAction\",\"target\":{\"@type\":\"EntryPoint\",\"urlTemplate\":\"https:\/\/www.distribucionarc.com\/sl\/?s={search_term_string}\"},\"query-input\":{\"@type\":\"PropertyValueSpecification\",\"valueRequired\":true,\"valueName\":\"search_term_string\"}}],\"inLanguage\":\"lt-LT\"},{\"@type\":\"Organization\",\"@id\":\"https:\/\/www.distribucionarc.com\/sl\/#organization\",\"name\":\"Distribuci\u00f3n ARC\",\"url\":\"https:\/\/www.distribucionarc.com\/sl\/\",\"logo\":{\"@type\":\"ImageObject\",\"inLanguage\":\"lt-LT\",\"@id\":\"https:\/\/www.distribucionarc.com\/sl\/#\/schema\/logo\/image\/\",\"url\":\"https:\/\/distribucionarc.com\/wp-content\/uploads\/2024\/10\/distribucion-ARC-COLOR-SIN-FONDO-e1732295305345.png\",\"contentUrl\":\"https:\/\/distribucionarc.com\/wp-content\/uploads\/2024\/10\/distribucion-ARC-COLOR-SIN-FONDO-e1732295305345.png\",\"width\":1164,\"height\":558,\"caption\":\"Distribuci\u00f3n ARC\"},\"image\":{\"@id\":\"https:\/\/www.distribucionarc.com\/sl\/#\/schema\/logo\/image\/\"},\"description\":\"Empresa especializada en la fabricaci\u00f3n y distribuci\u00f3n de maquinaria industrial para los sectores alimentario y farmac\u00e9utico. Nos especializamos en: M\u00e1quinas de cortar carne Fabricaci\u00f3n de comprimidos Sistemas de transporte industrial L\u00edneas de embotellado Dosificadores Y mucho m\u00e1s... Ofrecemos soluciones innovadoras y personalizadas para optimizar los procesos productivos de tu empresa.\",\"email\":\"Admistracion@distribucionarc.com\",\"telephone\":\"+34 643496664\",\"legalName\":\"ARC TECH SOLUTIONS\",\"foundingDate\":\"2024-04-09\",\"vatID\":\"B55480172\",\"numberOfEmployees\":{\"@type\":\"QuantitativeValue\",\"minValue\":\"1\",\"maxValue\":\"10\"}}]}<\/script>\n<!-- \/ Yoast SEO Premium plugin. -->","yoast_head_json":{"title":"Klampi\u0173 skys\u010di\u0173, aliejaus, ploviklio i\u0161pilstymo ma\u0161ina, 500\u20135000 ml \u2013 ARC paskirstymas","robots":{"index":"index","follow":"follow","max-snippet":"max-snippet:-1","max-image-preview":"max-image-preview:large","max-video-preview":"max-video-preview:-1"},"canonical":"https:\/\/distribucionarc.com\/lt\/produktas\/ispilstymo-masina-klampus-skysciai-aliejus-ploviklis-500-5000-ml\/","og_locale":"lt_LT","og_type":"article","og_title":"Embotelladora l\u00edquidos viscosos, aceite, detergente, 500 a 5000ml","og_description":"Dosificadora, Embotelladora, Llenadora con Batidor 500 ml ? 5000 ml M\u00e1quina para llenado detergente, qu\u00edmicos, mermeladas\u00a0muy viscosos semiautom\u00e1tica, impulsada por un pist\u00f3n neum\u00e1tico, fabricada con materiales de primera calidad. Equipada con cinco v\u00e1lvulas que controlan el flujo de los productos. Estructura con dise\u00f1o superior y todos los modelos son f\u00e1ciles de operar. Los componentes neum\u00e1ticos utilizados son hechos en Alemania y Taiwan. Todos los materiales de contacto utilizados, son de acero inoxidable 316 de acuerdo con los requisitos de GMP. La cantidad de volumen y la velocidad de llenado pueden ser regulados con una gran precisi\u00f3n.","og_url":"https:\/\/distribucionarc.com\/lt\/produktas\/ispilstymo-masina-klampus-skysciai-aliejus-ploviklis-500-5000-ml\/","og_site_name":"distribuci\u00f3n ARC","article_modified_time":"2025-05-08T20:48:16+00:00","og_image":[{"width":1600,"height":1600,"url":"https:\/\/distribucionarc.com\/wp-content\/uploads\/2020\/10\/Dosificadora-Embotelladora-Llenadora-con-Batidor-500-ml-3000-ml-0.jpg","type":"image\/jpeg"}],"twitter_card":"summary_large_image","twitter_misc":{"Est. reading time":"2 minut\u0117s"},"schema":{"@context":"https:\/\/schema.org","@graph":[{"@type":"WebPage","@id":"https:\/\/distribucionarc.com\/bg\/producto\/embotelladora-liquidos-viscosos-aceite-detergente-500-a-5000ml\/","url":"https:\/\/distribucionarc.com\/bg\/producto\/embotelladora-liquidos-viscosos-aceite-detergente-500-a-5000ml\/","name":"Klampi\u0173 skys\u010di\u0173, aliejaus, ploviklio i\u0161pilstymo ma\u0161ina, 500\u20135000 ml \u2013 ARC paskirstymas","isPartOf":{"@id":"https:\/\/www.distribucionarc.com\/sl\/#website"},"primaryImageOfPage":{"@id":"https:\/\/distribucionarc.com\/bg\/producto\/embotelladora-liquidos-viscosos-aceite-detergente-500-a-5000ml\/#primaryimage"},"image":{"@id":"https:\/\/distribucionarc.com\/bg\/producto\/embotelladora-liquidos-viscosos-aceite-detergente-500-a-5000ml\/#primaryimage"},"thumbnailUrl":"https:\/\/distribucionarc.com\/wp-content\/uploads\/2020\/10\/Dosificadora-Embotelladora-Llenadora-con-Batidor-500-ml-3000-ml-0.jpg","datePublished":"2020-10-05T14:55:53+00:00","dateModified":"2025-05-08T20:48:16+00:00","breadcrumb":{"@id":"https:\/\/distribucionarc.com\/bg\/producto\/embotelladora-liquidos-viscosos-aceite-detergente-500-a-5000ml\/#breadcrumb"},"inLanguage":"lt-LT","potentialAction":[{"@type":"ReadAction","target":["https:\/\/distribucionarc.com\/bg\/producto\/embotelladora-liquidos-viscosos-aceite-detergente-500-a-5000ml\/"]}]},{"@type":"ImageObject","inLanguage":"lt-LT","@id":"https:\/\/distribucionarc.com\/bg\/producto\/embotelladora-liquidos-viscosos-aceite-detergente-500-a-5000ml\/#primaryimage","url":"https:\/\/distribucionarc.com\/wp-content\/uploads\/2020\/10\/Dosificadora-Embotelladora-Llenadora-con-Batidor-500-ml-3000-ml-0.jpg","contentUrl":"https:\/\/distribucionarc.com\/wp-content\/uploads\/2020\/10\/Dosificadora-Embotelladora-Llenadora-con-Batidor-500-ml-3000-ml-0.jpg","width":1600,"height":1600,"caption":"Dosificadora, Embotelladora, Llenadora con Batidor 500 ml 3000 ml"},{"@type":"BreadcrumbList","@id":"https:\/\/distribucionarc.com\/bg\/producto\/embotelladora-liquidos-viscosos-aceite-detergente-500-a-5000ml\/#breadcrumb","itemListElement":[{"@type":"ListItem","position":1,"name":"Portada","item":"https:\/\/www.distribucionarc.com\/"},{"@type":"ListItem","position":2,"name":"\u00dcr\u00fcnler","item":"https:\/\/www.distribucionarc.com\/tr\/magaza\/"},{"@type":"ListItem","position":3,"name":"Embotelladora l\u00edquidos viscosos, aceite, detergente, 500 a 5000ml"}]},{"@type":"WebSite","@id":"https:\/\/www.distribucionarc.com\/sl\/#website","url":"https:\/\/www.distribucionarc.com\/sl\/","name":"ARC paskirstymas","description":"\u012emon\u0117 specializuojasi pramonini\u0173 ma\u0161in\u0173, skardini\u0173 sandarinimo ma\u0161in\u0173, table\u010di\u0173 gamybos ma\u0161in\u0173, m\u0117sos pjaustymo ma\u0161in\u0173 gamyboje ir platinime...","publisher":{"@id":"https:\/\/www.distribucionarc.com\/sl\/#organization"},"potentialAction":[{"@type":"SearchAction","target":{"@type":"EntryPoint","urlTemplate":"https:\/\/www.distribucionarc.com\/sl\/?s={search_term_string}"},"query-input":{"@type":"PropertyValueSpecification","valueRequired":true,"valueName":"search_term_string"}}],"inLanguage":"lt-LT"},{"@type":"Organization","@id":"https:\/\/www.distribucionarc.com\/sl\/#organization","name":"ARC platinimas","url":"https:\/\/www.distribucionarc.com\/sl\/","logo":{"@type":"ImageObject","inLanguage":"lt-LT","@id":"https:\/\/www.distribucionarc.com\/sl\/#\/schema\/logo\/image\/","url":"https:\/\/distribucionarc.com\/wp-content\/uploads\/2024\/10\/distribucion-ARC-COLOR-SIN-FONDO-e1732295305345.png","contentUrl":"https:\/\/distribucionarc.com\/wp-content\/uploads\/2024\/10\/distribucion-ARC-COLOR-SIN-FONDO-e1732295305345.png","width":1164,"height":558,"caption":"Distribuci\u00f3n ARC"},"image":{"@id":"https:\/\/www.distribucionarc.com\/sl\/#\/schema\/logo\/image\/"},"description":"\u012emon\u0117 specializuojasi maisto ir farmacijos sektoriams skirt\u0173 pramonini\u0173 ma\u0161in\u0173 gamyboje ir platinime. M\u016bs\u0173 specializacija: M\u0117sos pjaustymo ma\u0161inos Table\u010di\u0173 gamyba Pramonin\u0117s transportavimo sistemos I\u0161pilstymo linijos Dozatoriai Ir dar daugiau... Si\u016blome novatori\u0161kus ir individualiems poreikiams pritaikytus sprendimus, kad optimizuotume j\u016bs\u0173 \u012fmon\u0117s gamybos procesus.","email":"Admistracion@distribucionarc.com","telephone":"+34 643496664","legalName":"ARC TECH SOLUTIONS","foundingDate":"2024-04-09","vatID":"B55480172","numberOfEmployees":{"@type":"QuantitativeValue","minValue":"1","maxValue":"10"}}]}},"_links":{"self":[{"href":"https:\/\/distribucionarc.com\/lt\/wp-json\/wp\/v2\/product\/3631","targetHints":{"allow":["GET"]}}],"collection":[{"href":"https:\/\/distribucionarc.com\/lt\/wp-json\/wp\/v2\/product"}],"about":[{"href":"https:\/\/distribucionarc.com\/lt\/wp-json\/wp\/v2\/types\/product"}],"replies":[{"embeddable":true,"href":"https:\/\/distribucionarc.com\/lt\/wp-json\/wp\/v2\/comments?post=3631"}],"version-history":[{"count":2,"href":"https:\/\/distribucionarc.com\/lt\/wp-json\/wp\/v2\/product\/3631\/revisions"}],"predecessor-version":[{"id":17469,"href":"https:\/\/distribucionarc.com\/lt\/wp-json\/wp\/v2\/product\/3631\/revisions\/17469"}],"wp:featuredmedia":[{"embeddable":true,"href":"https:\/\/distribucionarc.com\/lt\/wp-json\/wp\/v2\/media\/3632"}],"wp:attachment":[{"href":"https:\/\/distribucionarc.com\/lt\/wp-json\/wp\/v2\/media?parent=3631"}],"wp:term":[{"taxonomy":"product_brand","embeddable":true,"href":"https:\/\/distribucionarc.com\/lt\/wp-json\/wp\/v2\/product_brand?post=3631"},{"taxonomy":"product_cat","embeddable":true,"href":"https:\/\/distribucionarc.com\/lt\/wp-json\/wp\/v2\/product_cat?post=3631"},{"taxonomy":"product_tag","embeddable":true,"href":"https:\/\/distribucionarc.com\/lt\/wp-json\/wp\/v2\/product_tag?post=3631"}],"curies":[{"name":"wp","href":"https:\/\/api.w.org\/{rel}","templated":true}]}}