{"id":3656,"date":"2020-10-06T08:43:12","date_gmt":"2020-10-06T08:43:12","guid":{"rendered":"https:\/\/distribucionarc.com\/?post_type=product&#038;p=3656"},"modified":"2023-11-13T10:16:14","modified_gmt":"2023-11-13T10:16:14","slug":"etikeciu-pervyniojimo-masina","status":"publish","type":"product","link":"https:\/\/distribucionarc.com\/lt\/producto\/maquina-para-rebobinar-etiquetas\/","title":{"rendered":"Etike\u010di\u0173 pervyniojimo ma\u0161ina"},"content":{"rendered":"<h3>Etike\u010di\u0173 pervyniojimo ma\u0161ina<\/h3>\n<p>The <strong>etike\u010di\u0173 vyniojimo ma\u0161ina <span style=\"color: #ff0000;\">KAM<\/span><span style=\"color: #0000ff;\">R<\/span>c<\/strong> Jis sukurtas su rankine grei\u010dio reguliavimo ranken\u0117le. Pasukite pagal laikrod\u017eio rodykl\u0119, kad padidintum\u0117te greit\u012f, ir prie\u0161 laikrod\u017eio rodykl\u0119, kad suma\u017eintum\u0117te greit\u012f. Slinkties juosta u\u017etikrina, kad etiket\u0117 b\u016bt\u0173 tvarkinga, ir apsaugo nuo nesutapim\u0173. Paprasta naudoti su vienu paspaudimu jungikliu saugiam veikimui.<\/p>\n<p>Tai <strong>elektrinis pervyniotuvas <span style=\"color: #ff0000;\">KAM<\/span><span style=\"color: #0000ff;\">R<\/span>CRE01<\/strong> Jis pagamintas i\u0161 ner\u016bdijan\u010dio plieno ir sustiprinto aliuminio. Suteikti jums stabil\u0173 ir patvar\u0173 \u012frengin\u012f. Etike\u010di\u0173 ritin\u0117li\u0173 dyd\u017ei\u0173 diapazonas yra: ritinio plotis 115 mm; maksimalus ried\u0117jimo i\u0161orinis skersmuo 218 mm.<\/p>\n<p>The <strong>automatin\u0117s etike\u010di\u0173 pervyniojimo ma\u0161inos<\/strong> Jie gali b\u016bti naudojami su \u012fvairi\u0173 gamintoj\u0173 spausdintuvais. Jie tinka daugeliui pramon\u0117s \u0161ak\u0173, kurioms reikia atsukti didel\u012f etike\u010di\u0173 kiek\u012f, pavyzd\u017eiui, logistikos, maisto, farmacijos ir elektros pramonei.<\/p>\n<h6><strong>Garantija\u00a0<span style=\"color: #ff0000;\">KAM<\/span><span style=\"color: #0000ff;\">R<\/span>C 2 METAI<\/strong><\/h6>\n<h6><span style=\"color: #008000;\">Efektyvus elektrinis pervyniotuvas, ma\u017eos s\u0105naudos 20w<\/span><\/h6>\n<h6><strong>\u012ftraukta technin\u0117 pagalba<\/strong><\/h6>\n<p>&nbsp;<\/p>\n<table role=\"presentation\" width=\"100%\" cellspacing=\"0\" cellpadding=\"0\">\n<tbody>\n<tr>\n<td class=\"attrLabels\">Prekinis \u017eenklas:<\/td>\n<td width=\"50.0%\">ARC<\/td>\n<\/tr>\n<tr>\n<td class=\"attrLabels\">Platinimo \u0161alis:<\/td>\n<td width=\"50.0%\">Ispanija, Vokietija, JAV<\/td>\n<td class=\"attrLabels\">Svoris:<\/td>\n<td width=\"50.0%\">3,5 kg<\/td>\n<\/tr>\n<tr>\n<td class=\"attrLabels\">Garantija:<\/td>\n<td width=\"50.0%\">2 metai<\/td>\n<td class=\"attrLabels\">Auk\u0161tis:<\/td>\n<td width=\"50.0%\">24,1 cm<\/td>\n<\/tr>\n<tr>\n<td class=\"attrLabels\">Spalva:<\/td>\n<td width=\"50.0%\">Sidabras<\/td>\n<td class=\"attrLabels\">Ilgas:<\/td>\n<td width=\"50.0%\">20,3 cm<\/td>\n<\/tr>\n<tr>\n<td class=\"attrLabels\">Produkto tipas:<\/td>\n<td width=\"50.0%\">Etike\u010di\u0173 pervyniojimo ma\u0161ina<\/td>\n<td class=\"attrLabels\">Platus:<\/td>\n<td width=\"50.0%\">24,1 cm<\/td>\n<\/tr>\n<tr>\n<td class=\"attrLabels\">Gamintojo numeris:<\/td>\n<td width=\"50.0%\">ARCRE01<\/td>\n<td class=\"attrLabels\">Galia:<\/td>\n<td width=\"50.0%\">20W<\/td>\n<\/tr>\n<tr>\n<td class=\"attrLabels\">Med\u017eiaga:<\/td>\n<td width=\"50.0%\">ner\u016bdijantis plienas, sustiprintas aliuminis, automatinis valdymas<\/td>\n<td class=\"attrLabels\">\u012f\u0117jimo \u012ftampa<\/td>\n<td width=\"50.0%\">220V \u2013 60Hz<\/td>\n<\/tr>\n<tr>\n<td class=\"attrLabels\">Montavimo \u012frankiai:<\/td>\n<td width=\"50.0%\">Taip<\/td>\n<td class=\"attrLabels\">Greitis:<\/td>\n<td width=\"50.0%\">Reguliuojamas 0-50 aps.\/min<\/td>\n<\/tr>\n<tr>\n<td class=\"attrLabels\">Veikimas:<\/td>\n<td width=\"50.0%\">Elektrinis\/rankinis<\/td>\n<td class=\"attrLabels\">Skai\u010diavimo paj\u0117gumas:<\/td>\n<td width=\"50.0%\">\u00a09999 apsisukimai<\/td>\n<\/tr>\n<\/tbody>\n<\/table>","protected":false},"excerpt":{"rendered":"<h2>Etike\u010di\u0173 pervyniojimo ma\u0161ina<\/h2>\n<p>Jis<strong> automatinis etike\u010di\u0173 atsukimas <span style=\"color: #ff0000;\">KAM<\/span><span style=\"color: #0000ff;\">R<\/span>c<\/strong> Tai tinkama ma\u0161ina pramon\u0117s \u0161akoms, kurios pa\u010dios gamina etiketes, partijas, br\u016bk\u0161ninius kodus ir kt.; Nustatykite \u012frengin\u012f ir suaktyvinkite j\u012f mygtuko paspaudimu, kad u\u017esakytum\u0117te juos per kelias minutes.  \u0160io panaudojimas<strong> etike\u010di\u0173 pervyniotuvas<\/strong> Tai sutaupys j\u016bs\u0173 darbo j\u0117gos ir suma\u017eins darbuotoj\u0173 darbo intensyvum\u0105. Tai savoti\u0161kas prakti\u0161kas \u012frenginys, tinkamas paketiniam apdorojimui ir etike\u010di\u0173 spausdinimui.<\/p>\n<h6><strong>Garantija\u00a0<span style=\"color: #ff0000;\">KAM<\/span><span style=\"color: #0000ff;\">R<\/span>C 2 METAI<\/strong><\/h6>\n<h6><span style=\"color: #008000;\">Efektyvus elektrinis pervyniotuvas, ma\u017eos s\u0105naudos 20w<\/span><\/h6>\n<h6><strong>\u012ftraukta technin\u0117 pagalba<\/strong><\/h6>","protected":false},"featured_media":3657,"comment_status":"open","ping_status":"closed","template":"","meta":{"wds_primary_product_brand":0,"wds_primary_product_cat":0},"product_brand":[],"product_cat":[44,69],"product_tag":[],"class_list":{"0":"post-3656","1":"product","2":"type-product","3":"status-publish","4":"has-post-thumbnail","6":"product_cat-etiquetadoras-de-botellas","7":"product_cat-maquinas-variadas","8":"product_shipping_class-hosteleria","10":"first","11":"instock","12":"taxable","13":"shipping-taxable","14":"purchasable","15":"product-type-simple"},"yoast_head":"<!-- This site is optimized with the Yoast SEO Premium plugin v24.9 (Yoast SEO v26.1) - https:\/\/yoast.com\/wordpress\/plugins\/seo\/ -->\n<title>M\u00e1quina para rebobinar etiquetas - distribuci\u00f3n ARC<\/title>\n<meta name=\"robots\" content=\"index, follow, max-snippet:-1, max-image-preview:large, max-video-preview:-1\" \/>\n<link rel=\"canonical\" href=\"https:\/\/distribucionarc.com\/lt\/produktas\/etikeciu-pervyniojimo-masina\/\" \/>\n<meta property=\"og:locale\" content=\"lt_LT\" \/>\n<meta property=\"og:type\" content=\"article\" \/>\n<meta property=\"og:title\" content=\"M\u00e1quina para rebobinar etiquetas\" \/>\n<meta property=\"og:description\" content=\"M\u00e1quina para rebobinar etiquetas El rebobinado autom\u00e1tico de etiquetas ARC es la m\u00e1quina adecuada para las industrias que elaboren sus propias etiquetas, lotes, c\u00f3digos de barras, etc; configure el dispositivo y acci\u00f3nelo pulsando un bot\u00f3n para ordenar las en unos minutos. \u00a0El uso de esta rebobinadora de etiquetas le ahorrar\u00e1 mano de obra y reducir\u00e1 la intensidad laboral de los trabajadores. Es un tipo de dispositivo pr\u00e1ctico adecuado para el procesamiento por lotes y la impresi\u00f3n de etiquetas. Garant\u00eda\u00a0ARC 2 A\u00d1OS Rebobinadora el\u00e9ctrica eficiente, bajo consumo 20w soporte t\u00e9cnico incluido\" \/>\n<meta property=\"og:url\" content=\"https:\/\/distribucionarc.com\/lt\/produktas\/etikeciu-pervyniojimo-masina\/\" \/>\n<meta property=\"og:site_name\" content=\"distribuci\u00f3n ARC\" \/>\n<meta property=\"article:modified_time\" content=\"2023-11-13T10:16:14+00:00\" \/>\n<meta property=\"og:image\" content=\"https:\/\/distribucionarc.com\/wp-content\/uploads\/2020\/10\/M\u00e1quina-para-rebobinar-etiquetas-0.jpg\" \/>\n\t<meta property=\"og:image:width\" content=\"1600\" \/>\n\t<meta property=\"og:image:height\" content=\"1600\" \/>\n\t<meta property=\"og:image:type\" content=\"image\/jpeg\" \/>\n<meta name=\"twitter:card\" content=\"summary_large_image\" \/>\n<meta name=\"twitter:label1\" content=\"Est. reading time\" \/>\n\t<meta name=\"twitter:data1\" content=\"1 minut\u0117\" \/>\n<script type=\"application\/ld+json\" class=\"yoast-schema-graph\">{\"@context\":\"https:\/\/schema.org\",\"@graph\":[{\"@type\":\"WebPage\",\"@id\":\"https:\/\/distribucionarc.com\/pl\/producto\/maquina-para-rebobinar-etiquetas\/\",\"url\":\"https:\/\/distribucionarc.com\/pl\/producto\/maquina-para-rebobinar-etiquetas\/\",\"name\":\"M\u00e1quina para rebobinar etiquetas - distribuci\u00f3n ARC\",\"isPartOf\":{\"@id\":\"https:\/\/distribucionarc.com\/pl\/#website\"},\"primaryImageOfPage\":{\"@id\":\"https:\/\/distribucionarc.com\/pl\/producto\/maquina-para-rebobinar-etiquetas\/#primaryimage\"},\"image\":{\"@id\":\"https:\/\/distribucionarc.com\/pl\/producto\/maquina-para-rebobinar-etiquetas\/#primaryimage\"},\"thumbnailUrl\":\"https:\/\/distribucionarc.com\/wp-content\/uploads\/2020\/10\/M\u00e1quina-para-rebobinar-etiquetas-0.jpg\",\"datePublished\":\"2020-10-06T08:43:12+00:00\",\"dateModified\":\"2023-11-13T10:16:14+00:00\",\"breadcrumb\":{\"@id\":\"https:\/\/distribucionarc.com\/pl\/producto\/maquina-para-rebobinar-etiquetas\/#breadcrumb\"},\"inLanguage\":\"lt-LT\",\"potentialAction\":[{\"@type\":\"ReadAction\",\"target\":[\"https:\/\/distribucionarc.com\/pl\/producto\/maquina-para-rebobinar-etiquetas\/\"]}]},{\"@type\":\"ImageObject\",\"inLanguage\":\"lt-LT\",\"@id\":\"https:\/\/distribucionarc.com\/pl\/producto\/maquina-para-rebobinar-etiquetas\/#primaryimage\",\"url\":\"https:\/\/distribucionarc.com\/wp-content\/uploads\/2020\/10\/M\u00e1quina-para-rebobinar-etiquetas-0.jpg\",\"contentUrl\":\"https:\/\/distribucionarc.com\/wp-content\/uploads\/2020\/10\/M\u00e1quina-para-rebobinar-etiquetas-0.jpg\",\"width\":1600,\"height\":1600,\"caption\":\"M\u00e1quina para rebobinar etiquetas\"},{\"@type\":\"BreadcrumbList\",\"@id\":\"https:\/\/distribucionarc.com\/pl\/producto\/maquina-para-rebobinar-etiquetas\/#breadcrumb\",\"itemListElement\":[{\"@type\":\"ListItem\",\"position\":1,\"name\":\"Portada\",\"item\":\"https:\/\/www.distribucionarc.com\/tr\/\"},{\"@type\":\"ListItem\",\"position\":2,\"name\":\"Izdelki\",\"item\":\"https:\/\/www.distribucionarc.com\/sl\/trgovina\/\"},{\"@type\":\"ListItem\",\"position\":3,\"name\":\"M\u00e1quina para rebobinar etiquetas\"}]},{\"@type\":\"WebSite\",\"@id\":\"https:\/\/distribucionarc.com\/pl\/#website\",\"url\":\"https:\/\/distribucionarc.com\/pl\/\",\"name\":\"distribuci\u00f3n ARC\",\"description\":\"Empresa especializada en la fabricaci\u00f3n y distribuci\u00f3n de maquinaria industrial, selladoras de latas, Maquinas de hacer pastillas, Maquinas de cortar carne...\",\"publisher\":{\"@id\":\"https:\/\/distribucionarc.com\/pl\/#organization\"},\"potentialAction\":[{\"@type\":\"SearchAction\",\"target\":{\"@type\":\"EntryPoint\",\"urlTemplate\":\"https:\/\/distribucionarc.com\/pl\/?s={search_term_string}\"},\"query-input\":{\"@type\":\"PropertyValueSpecification\",\"valueRequired\":true,\"valueName\":\"search_term_string\"}}],\"inLanguage\":\"lt-LT\"},{\"@type\":\"Organization\",\"@id\":\"https:\/\/distribucionarc.com\/pl\/#organization\",\"name\":\"Distribuci\u00f3n ARC\",\"url\":\"https:\/\/distribucionarc.com\/pl\/\",\"logo\":{\"@type\":\"ImageObject\",\"inLanguage\":\"lt-LT\",\"@id\":\"https:\/\/distribucionarc.com\/pl\/#\/schema\/logo\/image\/\",\"url\":\"https:\/\/distribucionarc.com\/wp-content\/uploads\/2024\/10\/distribucion-ARC-COLOR-SIN-FONDO-e1732295305345.png\",\"contentUrl\":\"https:\/\/distribucionarc.com\/wp-content\/uploads\/2024\/10\/distribucion-ARC-COLOR-SIN-FONDO-e1732295305345.png\",\"width\":1164,\"height\":558,\"caption\":\"Distribuci\u00f3n ARC\"},\"image\":{\"@id\":\"https:\/\/distribucionarc.com\/pl\/#\/schema\/logo\/image\/\"},\"description\":\"Empresa especializada en la fabricaci\u00f3n y distribuci\u00f3n de maquinaria industrial para los sectores alimentario y farmac\u00e9utico. Nos especializamos en: M\u00e1quinas de cortar carne Fabricaci\u00f3n de comprimidos Sistemas de transporte industrial L\u00edneas de embotellado Dosificadores Y mucho m\u00e1s... Ofrecemos soluciones innovadoras y personalizadas para optimizar los procesos productivos de tu empresa.\",\"email\":\"Admistracion@distribucionarc.com\",\"telephone\":\"+34 643496664\",\"legalName\":\"ARC TECH SOLUTIONS\",\"foundingDate\":\"2024-04-09\",\"vatID\":\"B55480172\",\"numberOfEmployees\":{\"@type\":\"QuantitativeValue\",\"minValue\":\"1\",\"maxValue\":\"10\"}}]}<\/script>\n<!-- \/ Yoast SEO Premium plugin. -->","yoast_head_json":{"title":"Etike\u010di\u0173 pervyniojimo ma\u0161ina \u2013 ARC platinimas","robots":{"index":"index","follow":"follow","max-snippet":"max-snippet:-1","max-image-preview":"max-image-preview:large","max-video-preview":"max-video-preview:-1"},"canonical":"https:\/\/distribucionarc.com\/lt\/produktas\/etikeciu-pervyniojimo-masina\/","og_locale":"lt_LT","og_type":"article","og_title":"M\u00e1quina para rebobinar etiquetas","og_description":"M\u00e1quina para rebobinar etiquetas El rebobinado autom\u00e1tico de etiquetas ARC es la m\u00e1quina adecuada para las industrias que elaboren sus propias etiquetas, lotes, c\u00f3digos de barras, etc; configure el dispositivo y acci\u00f3nelo pulsando un bot\u00f3n para ordenar las en unos minutos. \u00a0El uso de esta rebobinadora de etiquetas le ahorrar\u00e1 mano de obra y reducir\u00e1 la intensidad laboral de los trabajadores. Es un tipo de dispositivo pr\u00e1ctico adecuado para el procesamiento por lotes y la impresi\u00f3n de etiquetas. Garant\u00eda\u00a0ARC 2 A\u00d1OS Rebobinadora el\u00e9ctrica eficiente, bajo consumo 20w soporte t\u00e9cnico incluido","og_url":"https:\/\/distribucionarc.com\/lt\/produktas\/etikeciu-pervyniojimo-masina\/","og_site_name":"distribuci\u00f3n ARC","article_modified_time":"2023-11-13T10:16:14+00:00","og_image":[{"width":1600,"height":1600,"url":"https:\/\/distribucionarc.com\/wp-content\/uploads\/2020\/10\/M\u00e1quina-para-rebobinar-etiquetas-0.jpg","type":"image\/jpeg"}],"twitter_card":"summary_large_image","twitter_misc":{"Est. reading time":"1 minut\u0117"},"schema":{"@context":"https:\/\/schema.org","@graph":[{"@type":"WebPage","@id":"https:\/\/distribucionarc.com\/pl\/producto\/maquina-para-rebobinar-etiquetas\/","url":"https:\/\/distribucionarc.com\/pl\/producto\/maquina-para-rebobinar-etiquetas\/","name":"Etike\u010di\u0173 pervyniojimo ma\u0161ina \u2013 ARC platinimas","isPartOf":{"@id":"https:\/\/distribucionarc.com\/pl\/#website"},"primaryImageOfPage":{"@id":"https:\/\/distribucionarc.com\/pl\/producto\/maquina-para-rebobinar-etiquetas\/#primaryimage"},"image":{"@id":"https:\/\/distribucionarc.com\/pl\/producto\/maquina-para-rebobinar-etiquetas\/#primaryimage"},"thumbnailUrl":"https:\/\/distribucionarc.com\/wp-content\/uploads\/2020\/10\/M\u00e1quina-para-rebobinar-etiquetas-0.jpg","datePublished":"2020-10-06T08:43:12+00:00","dateModified":"2023-11-13T10:16:14+00:00","breadcrumb":{"@id":"https:\/\/distribucionarc.com\/pl\/producto\/maquina-para-rebobinar-etiquetas\/#breadcrumb"},"inLanguage":"lt-LT","potentialAction":[{"@type":"ReadAction","target":["https:\/\/distribucionarc.com\/pl\/producto\/maquina-para-rebobinar-etiquetas\/"]}]},{"@type":"ImageObject","inLanguage":"lt-LT","@id":"https:\/\/distribucionarc.com\/pl\/producto\/maquina-para-rebobinar-etiquetas\/#primaryimage","url":"https:\/\/distribucionarc.com\/wp-content\/uploads\/2020\/10\/M\u00e1quina-para-rebobinar-etiquetas-0.jpg","contentUrl":"https:\/\/distribucionarc.com\/wp-content\/uploads\/2020\/10\/M\u00e1quina-para-rebobinar-etiquetas-0.jpg","width":1600,"height":1600,"caption":"M\u00e1quina para rebobinar etiquetas"},{"@type":"BreadcrumbList","@id":"https:\/\/distribucionarc.com\/pl\/producto\/maquina-para-rebobinar-etiquetas\/#breadcrumb","itemListElement":[{"@type":"ListItem","position":1,"name":"Portada","item":"https:\/\/www.distribucionarc.com\/tr\/"},{"@type":"ListItem","position":2,"name":"Izdelki","item":"https:\/\/www.distribucionarc.com\/sl\/trgovina\/"},{"@type":"ListItem","position":3,"name":"M\u00e1quina para rebobinar etiquetas"}]},{"@type":"WebSite","@id":"https:\/\/distribucionarc.com\/pl\/#website","url":"https:\/\/distribucionarc.com\/pl\/","name":"ARC paskirstymas","description":"\u012emon\u0117 specializuojasi pramonini\u0173 ma\u0161in\u0173, skardini\u0173 sandarinimo ma\u0161in\u0173, table\u010di\u0173 gamybos ma\u0161in\u0173, m\u0117sos pjaustymo ma\u0161in\u0173 gamyboje ir platinime...","publisher":{"@id":"https:\/\/distribucionarc.com\/pl\/#organization"},"potentialAction":[{"@type":"SearchAction","target":{"@type":"EntryPoint","urlTemplate":"https:\/\/distribucionarc.com\/pl\/?s={search_term_string}"},"query-input":{"@type":"PropertyValueSpecification","valueRequired":true,"valueName":"search_term_string"}}],"inLanguage":"lt-LT"},{"@type":"Organization","@id":"https:\/\/distribucionarc.com\/pl\/#organization","name":"ARC platinimas","url":"https:\/\/distribucionarc.com\/pl\/","logo":{"@type":"ImageObject","inLanguage":"lt-LT","@id":"https:\/\/distribucionarc.com\/pl\/#\/schema\/logo\/image\/","url":"https:\/\/distribucionarc.com\/wp-content\/uploads\/2024\/10\/distribucion-ARC-COLOR-SIN-FONDO-e1732295305345.png","contentUrl":"https:\/\/distribucionarc.com\/wp-content\/uploads\/2024\/10\/distribucion-ARC-COLOR-SIN-FONDO-e1732295305345.png","width":1164,"height":558,"caption":"Distribuci\u00f3n ARC"},"image":{"@id":"https:\/\/distribucionarc.com\/pl\/#\/schema\/logo\/image\/"},"description":"\u012emon\u0117 specializuojasi maisto ir farmacijos sektoriams skirt\u0173 pramonini\u0173 ma\u0161in\u0173 gamyboje ir platinime. M\u016bs\u0173 specializacija: M\u0117sos pjaustymo ma\u0161inos Table\u010di\u0173 gamyba Pramonin\u0117s transportavimo sistemos I\u0161pilstymo linijos Dozatoriai Ir dar daugiau... Si\u016blome novatori\u0161kus ir individualiems poreikiams pritaikytus sprendimus, kad optimizuotume j\u016bs\u0173 \u012fmon\u0117s gamybos procesus.","email":"Admistracion@distribucionarc.com","telephone":"+34 643496664","legalName":"ARC TECH SOLUTIONS","foundingDate":"2024-04-09","vatID":"B55480172","numberOfEmployees":{"@type":"QuantitativeValue","minValue":"1","maxValue":"10"}}]}},"_links":{"self":[{"href":"https:\/\/distribucionarc.com\/lt\/wp-json\/wp\/v2\/product\/3656","targetHints":{"allow":["GET"]}}],"collection":[{"href":"https:\/\/distribucionarc.com\/lt\/wp-json\/wp\/v2\/product"}],"about":[{"href":"https:\/\/distribucionarc.com\/lt\/wp-json\/wp\/v2\/types\/product"}],"replies":[{"embeddable":true,"href":"https:\/\/distribucionarc.com\/lt\/wp-json\/wp\/v2\/comments?post=3656"}],"version-history":[{"count":0,"href":"https:\/\/distribucionarc.com\/lt\/wp-json\/wp\/v2\/product\/3656\/revisions"}],"wp:featuredmedia":[{"embeddable":true,"href":"https:\/\/distribucionarc.com\/lt\/wp-json\/wp\/v2\/media\/3657"}],"wp:attachment":[{"href":"https:\/\/distribucionarc.com\/lt\/wp-json\/wp\/v2\/media?parent=3656"}],"wp:term":[{"taxonomy":"product_brand","embeddable":true,"href":"https:\/\/distribucionarc.com\/lt\/wp-json\/wp\/v2\/product_brand?post=3656"},{"taxonomy":"product_cat","embeddable":true,"href":"https:\/\/distribucionarc.com\/lt\/wp-json\/wp\/v2\/product_cat?post=3656"},{"taxonomy":"product_tag","embeddable":true,"href":"https:\/\/distribucionarc.com\/lt\/wp-json\/wp\/v2\/product_tag?post=3656"}],"curies":[{"name":"wp","href":"https:\/\/api.w.org\/{rel}","templated":true}]}}