{"id":3821,"date":"2020-10-09T14:05:43","date_gmt":"2020-10-09T14:05:43","guid":{"rendered":"https:\/\/distribucionarc.com\/?post_type=product&#038;p=3821"},"modified":"2020-10-09T14:05:44","modified_gmt":"2020-10-09T14:05:44","slug":"sleginis-dazu-bakas-30l","status":"publish","type":"product","link":"https:\/\/distribucionarc.com\/lt\/producto\/tanque-de-pintura-a-presion-30l\/","title":{"rendered":"30L sl\u0117gio da\u017e\u0173 bakas"},"content":{"rendered":"<h3>30L rankinio sl\u0117gio da\u017e\u0173 mai\u0161ytuvo bakas<\/h3>\n<p>Dizainas <strong>da\u017e\u0173 bakas <span style=\"color: #ff0000;\">KAM<\/span><span style=\"color: #0000ff;\">R<\/span>c<\/strong> Tvirtas sandarinimas pagamintas i\u0161 sutir\u0161tinto ir sustiprinto ner\u016bdijan\u010dio plieno; Tiksliai apdirbtas, atsparus korozijai, r\u016bg\u0161tims ir \u0161armin\u0117ms med\u017eiagoms. 30L sl\u0117ginis bakas turi izoliacin\u012f tinkl\u0105 ne\u0161varumams izoliuoti; Mai\u0161ymo peiliukas mai\u0161o da\u017eus, kad i\u0161vengt\u0173 netolygi\u0173 krituli\u0173<\/p>\n<p>Tiekimo \u012fvadas su kokybi\u0161ku sandarikliu ir itin storu padavimu gali b\u016bti atidarytas, kai sl\u0117gio vo\u017etuvas i\u0161eikvotas. \u012erengtas manometras ir skys\u010dio sl\u0117gio reguliatorius, u\u017etikrinantis puik\u0173 prigludim\u0105, matuoklis tiksliai rodo statin\u0117s sl\u0117g\u012f. Reguliavimo vo\u017etuvas reguliuoja manometro \u012ftak\u0105.<\/p>\n<p>Jis<strong> da\u017e\u0173 sl\u0117gio bakas <span style=\"color: #ff0000;\">KAM<\/span><span style=\"color: #0000ff;\">R<\/span>CTPP30<\/strong> Jis tinkamas naudoti komerciniam da\u017eymui arba ten, kur reikalingas didelis pur\u0161kimo kiekis. Jame yra apsauginis vo\u017etuvas, skirtas saugiai ir patikimai i\u0161leisti dujas, kai oro sl\u0117gis vir\u0161ija saug\u0173 oro sl\u0117g\u012f.<\/p>\n<h6><strong>Garantija\u00a0<span style=\"color: #ff0000;\">KAM<\/span><span style=\"color: #0000ff;\">R<\/span>C 2 METAI<\/strong><\/h6>\n<h6><strong>\u012ftraukta technin\u0117 pagalba<\/strong><\/h6>\n<p>&nbsp;<\/p>\n<table width=\"100%\">\n<tbody>\n<tr>\n<td>Platinimo \u0161alis:<\/td>\n<td width=\"33%\">Ispanija, Vokietija, JAV<\/td>\n<td width=\"15%\">Svoris:<\/td>\n<td width=\"32%\">30 kg<\/td>\n<\/tr>\n<tr>\n<td>Prekinis \u017eenklas:<\/td>\n<td width=\"33%\">ARC<\/td>\n<td width=\"15%\">Auk\u0161tis:<\/td>\n<td width=\"32%\">83,2 cm<\/td>\n<\/tr>\n<tr>\n<td>Spalva:<\/td>\n<td width=\"33%\">Juoda<\/td>\n<td width=\"15%\">Ilgas:<\/td>\n<td width=\"32%\">31 cm<\/td>\n<\/tr>\n<tr>\n<td>Produkto tipas:<\/td>\n<td width=\"33%\">Sl\u0117gio da\u017e\u0173 bakas<\/td>\n<td width=\"15%\">Platus:<\/td>\n<td width=\"32%\">31 cm<\/td>\n<\/tr>\n<tr>\n<td>Gamintojo numeris:<\/td>\n<td width=\"33%\">ARCTPP30<\/td>\n<td width=\"15%\">Maksimalus sl\u0117gis:<\/td>\n<td width=\"32%\">6,2 baro<\/td>\n<\/tr>\n<tr>\n<td>Med\u017eiaga:<\/td>\n<td width=\"33%\">ner\u016bdijan\u010dio plieno<\/td>\n<td width=\"15%\">Sl\u0117gio ma\u017einimo vo\u017etuvas<\/td>\n<td width=\"32%\">4 barai saugumui<\/td>\n<\/tr>\n<tr>\n<td>Garantija:<\/td>\n<td width=\"33%\">2 METAI<\/td>\n<td width=\"15%\">Skys\u010dio i\u0161\u0117jimas:<\/td>\n<td width=\"32%\">\u00a09,5 mm<\/td>\n<\/tr>\n<tr>\n<td>Montavimo \u012frankiai:<\/td>\n<td width=\"33%\">Taip<\/td>\n<td width=\"15%\">Optimalus darbinis sl\u0117gis:<\/td>\n<td width=\"32%\">1,4\u20132,1 baro<\/td>\n<\/tr>\n<tr>\n<td>Bako talpa:<\/td>\n<td width=\"33%\">30L<\/td>\n<td width=\"15%\">Sl\u0117ginis indas:<\/td>\n<td width=\"32%\">6,35 mm<\/td>\n<\/tr>\n<tr>\n<td>Dangos matmenys:<\/td>\n<td width=\"33%\">30 x 33 cm<\/td>\n<td width=\"15%\">Kau\u0161o gylio skersmuo:<\/td>\n<td width=\"32%\">31,2 x 38,1 cm<\/td>\n<\/tr>\n<\/tbody>\n<\/table>\n<p>&nbsp;<\/p>","protected":false},"excerpt":{"rendered":"<h2>30L rankinio sl\u0117gio da\u017e\u0173 mai\u0161ytuvo bakas<\/h2>\n<p>Tai <strong>ARC da\u017e\u0173 sl\u0117gio bakas<\/strong> Pur\u0161kiklis naudoja auk\u0161\u010diausios kokyb\u0117s med\u017eiagas, atsparias korozijai, r\u016bg\u0161tims, \u0161armini\u0173 savybi\u0173 turin\u010dioms med\u017eiagoms ir kt. Da\u017e\u0173 mai\u0161ykl\u0117je yra skys\u010dio sl\u0117gio reguliatorius, kur\u012f galima tiksliai nustatyti. Nuimamas ner\u016bdijan\u010dio plieno bakas ir rankenos konstrukcija u\u017etikrina skland\u0173 veikim\u0105. \u0160i da\u017eymo ma\u0161ina tinka automobili\u0173 pramonei, aliejiniams da\u017eams, lateksui, lakui, gruntui, medienos dangai, klijams ir kitoms dangoms.<\/p>\n<h6><strong>Garantija\u00a0<span style=\"color: #ff0000;\">KAM<\/span><span style=\"color: #0000ff;\">R<\/span>C 2 METAI<\/strong><\/h6>\n<h6><strong>\u012ftraukta technin\u0117 pagalba<\/strong><\/h6>","protected":false},"featured_media":3829,"comment_status":"open","ping_status":"closed","template":"","meta":{"wds_primary_product_brand":0,"wds_primary_product_cat":0},"product_brand":[],"product_cat":[71,69],"product_tag":[],"class_list":{"0":"post-3821","1":"product","2":"type-product","3":"status-publish","4":"has-post-thumbnail","6":"product_cat-maquinas-para-pintar","7":"product_cat-maquinas-variadas","8":"product_shipping_class-express","10":"first","11":"instock","12":"sale","13":"taxable","14":"shipping-taxable","15":"purchasable","16":"product-type-simple"},"yoast_head":"<!-- This site is optimized with the Yoast SEO Premium plugin v24.9 (Yoast SEO v26.1) - https:\/\/yoast.com\/wordpress\/plugins\/seo\/ -->\n<title>Tanque de pintura a presi\u00f3n 30L - distribuci\u00f3n ARC<\/title>\n<meta name=\"robots\" content=\"index, follow, max-snippet:-1, max-image-preview:large, max-video-preview:-1\" \/>\n<link rel=\"canonical\" href=\"https:\/\/www.distribucionarc.com\/lt\/producto\/tanque-de-pintura-a-presion-30l\/\" \/>\n<meta property=\"og:locale\" content=\"lt_LT\" \/>\n<meta property=\"og:type\" content=\"article\" \/>\n<meta property=\"og:title\" content=\"Tanque de pintura a presi\u00f3n 30L\" \/>\n<meta property=\"og:description\" content=\"Tanque agitador de pintura a presi\u00f3n manual\u00a0 30L Este Tanque de presi\u00f3n para pintura ARC en aerosol adopta materiales de primera calidad, resistentes a la corrosi\u00f3n, \u00e1cidos, sustancias con propiedades alcalinas, etc. El agitador de pintura est\u00e1 equipado con un regulador de presi\u00f3n de fluido, que se puede configurar con precisi\u00f3n. Dise\u00f1o de dep\u00f3sito y mango de acero inoxidable extra\u00edble para un funcionamiento suave. Esta m\u00e1quina para pintar es la adecuada para la industria automotriz, pinturas con base de aceite, l\u00e1tex, barniz, imprimaci\u00f3n, revestimiento de madera, adhesivo y dem\u00e1s revestimientos. Garant\u00eda\u00a0ARC 2 A\u00d1OS soporte t\u00e9cnico incluido\" \/>\n<meta property=\"og:url\" content=\"https:\/\/www.distribucionarc.com\/lt\/producto\/tanque-de-pintura-a-presion-30l\/\" \/>\n<meta property=\"og:site_name\" content=\"distribuci\u00f3n ARC\" \/>\n<meta property=\"article:modified_time\" content=\"2020-10-09T14:05:44+00:00\" \/>\n<meta property=\"og:image\" content=\"https:\/\/distribucionarc.com\/wp-content\/uploads\/2020\/10\/Tanque-de-pintura-a-presi\u00f3n-30L-0.jpg\" \/>\n\t<meta property=\"og:image:width\" content=\"1600\" \/>\n\t<meta property=\"og:image:height\" content=\"1600\" \/>\n\t<meta property=\"og:image:type\" content=\"image\/jpeg\" \/>\n<meta name=\"twitter:card\" content=\"summary_large_image\" \/>\n<meta name=\"twitter:label1\" content=\"Est. reading time\" \/>\n\t<meta name=\"twitter:data1\" content=\"1 minut\u0117\" \/>\n<script type=\"application\/ld+json\" class=\"yoast-schema-graph\">{\"@context\":\"https:\/\/schema.org\",\"@graph\":[{\"@type\":\"WebPage\",\"@id\":\"https:\/\/www.distribucionarc.com\/lt\/producto\/tanque-de-pintura-a-presion-30l\/\",\"url\":\"https:\/\/www.distribucionarc.com\/lt\/producto\/tanque-de-pintura-a-presion-30l\/\",\"name\":\"Tanque de pintura a presi\u00f3n 30L - distribuci\u00f3n ARC\",\"isPartOf\":{\"@id\":\"https:\/\/www.distribucionarc.com\/tr\/#website\"},\"primaryImageOfPage\":{\"@id\":\"https:\/\/www.distribucionarc.com\/lt\/producto\/tanque-de-pintura-a-presion-30l\/#primaryimage\"},\"image\":{\"@id\":\"https:\/\/www.distribucionarc.com\/lt\/producto\/tanque-de-pintura-a-presion-30l\/#primaryimage\"},\"thumbnailUrl\":\"https:\/\/distribucionarc.com\/wp-content\/uploads\/2020\/10\/Tanque-de-pintura-a-presi\u00f3n-30L-0.jpg\",\"datePublished\":\"2020-10-09T14:05:43+00:00\",\"dateModified\":\"2020-10-09T14:05:44+00:00\",\"breadcrumb\":{\"@id\":\"https:\/\/www.distribucionarc.com\/lt\/producto\/tanque-de-pintura-a-presion-30l\/#breadcrumb\"},\"inLanguage\":\"lt-LT\",\"potentialAction\":[{\"@type\":\"ReadAction\",\"target\":[\"https:\/\/www.distribucionarc.com\/lt\/producto\/tanque-de-pintura-a-presion-30l\/\"]}]},{\"@type\":\"ImageObject\",\"inLanguage\":\"lt-LT\",\"@id\":\"https:\/\/www.distribucionarc.com\/lt\/producto\/tanque-de-pintura-a-presion-30l\/#primaryimage\",\"url\":\"https:\/\/distribucionarc.com\/wp-content\/uploads\/2020\/10\/Tanque-de-pintura-a-presi\u00f3n-30L-0.jpg\",\"contentUrl\":\"https:\/\/distribucionarc.com\/wp-content\/uploads\/2020\/10\/Tanque-de-pintura-a-presi\u00f3n-30L-0.jpg\",\"width\":1600,\"height\":1600,\"caption\":\"Tanque de pintura a presi\u00f3n 30L\"},{\"@type\":\"BreadcrumbList\",\"@id\":\"https:\/\/www.distribucionarc.com\/lt\/producto\/tanque-de-pintura-a-presion-30l\/#breadcrumb\",\"itemListElement\":[{\"@type\":\"ListItem\",\"position\":1,\"name\":\"Portada\",\"item\":\"https:\/\/www.distribucionarc.com\/tr\/\"},{\"@type\":\"ListItem\",\"position\":2,\"name\":\"Produktai\",\"item\":\"https:\/\/distribucionarc.com\/lt\/parduotuve\/\"},{\"@type\":\"ListItem\",\"position\":3,\"name\":\"Tanque de pintura a presi\u00f3n 30L\"}]},{\"@type\":\"WebSite\",\"@id\":\"https:\/\/www.distribucionarc.com\/tr\/#website\",\"url\":\"https:\/\/www.distribucionarc.com\/tr\/\",\"name\":\"distribuci\u00f3n ARC\",\"description\":\"Empresa especializada en la fabricaci\u00f3n y distribuci\u00f3n de maquinaria industrial, selladoras de latas, Maquinas de hacer pastillas, Maquinas de cortar carne...\",\"publisher\":{\"@id\":\"https:\/\/www.distribucionarc.com\/tr\/#organization\"},\"potentialAction\":[{\"@type\":\"SearchAction\",\"target\":{\"@type\":\"EntryPoint\",\"urlTemplate\":\"https:\/\/www.distribucionarc.com\/tr\/?s={search_term_string}\"},\"query-input\":{\"@type\":\"PropertyValueSpecification\",\"valueRequired\":true,\"valueName\":\"search_term_string\"}}],\"inLanguage\":\"lt-LT\"},{\"@type\":\"Organization\",\"@id\":\"https:\/\/www.distribucionarc.com\/tr\/#organization\",\"name\":\"Distribuci\u00f3n ARC\",\"url\":\"https:\/\/www.distribucionarc.com\/tr\/\",\"logo\":{\"@type\":\"ImageObject\",\"inLanguage\":\"lt-LT\",\"@id\":\"https:\/\/www.distribucionarc.com\/tr\/#\/schema\/logo\/image\/\",\"url\":\"https:\/\/distribucionarc.com\/wp-content\/uploads\/2024\/10\/distribucion-ARC-COLOR-SIN-FONDO-e1732295305345.png\",\"contentUrl\":\"https:\/\/distribucionarc.com\/wp-content\/uploads\/2024\/10\/distribucion-ARC-COLOR-SIN-FONDO-e1732295305345.png\",\"width\":1164,\"height\":558,\"caption\":\"Distribuci\u00f3n ARC\"},\"image\":{\"@id\":\"https:\/\/www.distribucionarc.com\/tr\/#\/schema\/logo\/image\/\"},\"description\":\"Empresa especializada en la fabricaci\u00f3n y distribuci\u00f3n de maquinaria industrial para los sectores alimentario y farmac\u00e9utico. Nos especializamos en: M\u00e1quinas de cortar carne Fabricaci\u00f3n de comprimidos Sistemas de transporte industrial L\u00edneas de embotellado Dosificadores Y mucho m\u00e1s... Ofrecemos soluciones innovadoras y personalizadas para optimizar los procesos productivos de tu empresa.\",\"email\":\"Admistracion@distribucionarc.com\",\"telephone\":\"+34 643496664\",\"legalName\":\"ARC TECH SOLUTIONS\",\"foundingDate\":\"2024-04-09\",\"vatID\":\"B55480172\",\"numberOfEmployees\":{\"@type\":\"QuantitativeValue\",\"minValue\":\"1\",\"maxValue\":\"10\"}}]}<\/script>\n<!-- \/ Yoast SEO Premium plugin. -->","yoast_head_json":{"title":"30L sl\u0117gio da\u017e\u0173 bakas - ARC paskirstymas","robots":{"index":"index","follow":"follow","max-snippet":"max-snippet:-1","max-image-preview":"max-image-preview:large","max-video-preview":"max-video-preview:-1"},"canonical":"https:\/\/www.distribucionarc.com\/lt\/producto\/tanque-de-pintura-a-presion-30l\/","og_locale":"lt_LT","og_type":"article","og_title":"Tanque de pintura a presi\u00f3n 30L","og_description":"Tanque agitador de pintura a presi\u00f3n manual\u00a0 30L Este Tanque de presi\u00f3n para pintura ARC en aerosol adopta materiales de primera calidad, resistentes a la corrosi\u00f3n, \u00e1cidos, sustancias con propiedades alcalinas, etc. El agitador de pintura est\u00e1 equipado con un regulador de presi\u00f3n de fluido, que se puede configurar con precisi\u00f3n. Dise\u00f1o de dep\u00f3sito y mango de acero inoxidable extra\u00edble para un funcionamiento suave. Esta m\u00e1quina para pintar es la adecuada para la industria automotriz, pinturas con base de aceite, l\u00e1tex, barniz, imprimaci\u00f3n, revestimiento de madera, adhesivo y dem\u00e1s revestimientos. Garant\u00eda\u00a0ARC 2 A\u00d1OS soporte t\u00e9cnico incluido","og_url":"https:\/\/www.distribucionarc.com\/lt\/producto\/tanque-de-pintura-a-presion-30l\/","og_site_name":"distribuci\u00f3n ARC","article_modified_time":"2020-10-09T14:05:44+00:00","og_image":[{"width":1600,"height":1600,"url":"https:\/\/distribucionarc.com\/wp-content\/uploads\/2020\/10\/Tanque-de-pintura-a-presi\u00f3n-30L-0.jpg","type":"image\/jpeg"}],"twitter_card":"summary_large_image","twitter_misc":{"Est. reading time":"1 minut\u0117"},"schema":{"@context":"https:\/\/schema.org","@graph":[{"@type":"WebPage","@id":"https:\/\/www.distribucionarc.com\/lt\/producto\/tanque-de-pintura-a-presion-30l\/","url":"https:\/\/www.distribucionarc.com\/lt\/producto\/tanque-de-pintura-a-presion-30l\/","name":"30L sl\u0117gio da\u017e\u0173 bakas - ARC paskirstymas","isPartOf":{"@id":"https:\/\/www.distribucionarc.com\/tr\/#website"},"primaryImageOfPage":{"@id":"https:\/\/www.distribucionarc.com\/lt\/producto\/tanque-de-pintura-a-presion-30l\/#primaryimage"},"image":{"@id":"https:\/\/www.distribucionarc.com\/lt\/producto\/tanque-de-pintura-a-presion-30l\/#primaryimage"},"thumbnailUrl":"https:\/\/distribucionarc.com\/wp-content\/uploads\/2020\/10\/Tanque-de-pintura-a-presi\u00f3n-30L-0.jpg","datePublished":"2020-10-09T14:05:43+00:00","dateModified":"2020-10-09T14:05:44+00:00","breadcrumb":{"@id":"https:\/\/www.distribucionarc.com\/lt\/producto\/tanque-de-pintura-a-presion-30l\/#breadcrumb"},"inLanguage":"lt-LT","potentialAction":[{"@type":"ReadAction","target":["https:\/\/www.distribucionarc.com\/lt\/producto\/tanque-de-pintura-a-presion-30l\/"]}]},{"@type":"ImageObject","inLanguage":"lt-LT","@id":"https:\/\/www.distribucionarc.com\/lt\/producto\/tanque-de-pintura-a-presion-30l\/#primaryimage","url":"https:\/\/distribucionarc.com\/wp-content\/uploads\/2020\/10\/Tanque-de-pintura-a-presi\u00f3n-30L-0.jpg","contentUrl":"https:\/\/distribucionarc.com\/wp-content\/uploads\/2020\/10\/Tanque-de-pintura-a-presi\u00f3n-30L-0.jpg","width":1600,"height":1600,"caption":"Tanque de pintura a presi\u00f3n 30L"},{"@type":"BreadcrumbList","@id":"https:\/\/www.distribucionarc.com\/lt\/producto\/tanque-de-pintura-a-presion-30l\/#breadcrumb","itemListElement":[{"@type":"ListItem","position":1,"name":"Portada","item":"https:\/\/www.distribucionarc.com\/tr\/"},{"@type":"ListItem","position":2,"name":"Produktai","item":"https:\/\/distribucionarc.com\/lt\/parduotuve\/"},{"@type":"ListItem","position":3,"name":"Tanque de pintura a presi\u00f3n 30L"}]},{"@type":"WebSite","@id":"https:\/\/www.distribucionarc.com\/tr\/#website","url":"https:\/\/www.distribucionarc.com\/tr\/","name":"ARC paskirstymas","description":"\u012emon\u0117 specializuojasi pramonini\u0173 ma\u0161in\u0173, skardini\u0173 sandarinimo ma\u0161in\u0173, table\u010di\u0173 gamybos ma\u0161in\u0173, m\u0117sos pjaustymo ma\u0161in\u0173 gamyboje ir platinime...","publisher":{"@id":"https:\/\/www.distribucionarc.com\/tr\/#organization"},"potentialAction":[{"@type":"SearchAction","target":{"@type":"EntryPoint","urlTemplate":"https:\/\/www.distribucionarc.com\/tr\/?s={search_term_string}"},"query-input":{"@type":"PropertyValueSpecification","valueRequired":true,"valueName":"search_term_string"}}],"inLanguage":"lt-LT"},{"@type":"Organization","@id":"https:\/\/www.distribucionarc.com\/tr\/#organization","name":"ARC platinimas","url":"https:\/\/www.distribucionarc.com\/tr\/","logo":{"@type":"ImageObject","inLanguage":"lt-LT","@id":"https:\/\/www.distribucionarc.com\/tr\/#\/schema\/logo\/image\/","url":"https:\/\/distribucionarc.com\/wp-content\/uploads\/2024\/10\/distribucion-ARC-COLOR-SIN-FONDO-e1732295305345.png","contentUrl":"https:\/\/distribucionarc.com\/wp-content\/uploads\/2024\/10\/distribucion-ARC-COLOR-SIN-FONDO-e1732295305345.png","width":1164,"height":558,"caption":"Distribuci\u00f3n ARC"},"image":{"@id":"https:\/\/www.distribucionarc.com\/tr\/#\/schema\/logo\/image\/"},"description":"\u012emon\u0117 specializuojasi maisto ir farmacijos sektoriams skirt\u0173 pramonini\u0173 ma\u0161in\u0173 gamyboje ir platinime. M\u016bs\u0173 specializacija: M\u0117sos pjaustymo ma\u0161inos Table\u010di\u0173 gamyba Pramonin\u0117s transportavimo sistemos I\u0161pilstymo linijos Dozatoriai Ir dar daugiau... Si\u016blome novatori\u0161kus ir individualiems poreikiams pritaikytus sprendimus, kad optimizuotume j\u016bs\u0173 \u012fmon\u0117s gamybos procesus.","email":"Admistracion@distribucionarc.com","telephone":"+34 643496664","legalName":"ARC TECH SOLUTIONS","foundingDate":"2024-04-09","vatID":"B55480172","numberOfEmployees":{"@type":"QuantitativeValue","minValue":"1","maxValue":"10"}}]}},"_links":{"self":[{"href":"https:\/\/distribucionarc.com\/lt\/wp-json\/wp\/v2\/product\/3821","targetHints":{"allow":["GET"]}}],"collection":[{"href":"https:\/\/distribucionarc.com\/lt\/wp-json\/wp\/v2\/product"}],"about":[{"href":"https:\/\/distribucionarc.com\/lt\/wp-json\/wp\/v2\/types\/product"}],"replies":[{"embeddable":true,"href":"https:\/\/distribucionarc.com\/lt\/wp-json\/wp\/v2\/comments?post=3821"}],"version-history":[{"count":0,"href":"https:\/\/distribucionarc.com\/lt\/wp-json\/wp\/v2\/product\/3821\/revisions"}],"wp:featuredmedia":[{"embeddable":true,"href":"https:\/\/distribucionarc.com\/lt\/wp-json\/wp\/v2\/media\/3829"}],"wp:attachment":[{"href":"https:\/\/distribucionarc.com\/lt\/wp-json\/wp\/v2\/media?parent=3821"}],"wp:term":[{"taxonomy":"product_brand","embeddable":true,"href":"https:\/\/distribucionarc.com\/lt\/wp-json\/wp\/v2\/product_brand?post=3821"},{"taxonomy":"product_cat","embeddable":true,"href":"https:\/\/distribucionarc.com\/lt\/wp-json\/wp\/v2\/product_cat?post=3821"},{"taxonomy":"product_tag","embeddable":true,"href":"https:\/\/distribucionarc.com\/lt\/wp-json\/wp\/v2\/product_tag?post=3821"}],"curies":[{"name":"wp","href":"https:\/\/api.w.org\/{rel}","templated":true}]}}