{"id":3874,"date":"2020-10-10T13:23:22","date_gmt":"2020-10-10T13:23:22","guid":{"rendered":"https:\/\/distribucionarc.com\/?post_type=product&#038;p=3874"},"modified":"2023-01-04T17:20:22","modified_gmt":"2023-01-04T17:20:22","slug":"rankinis-desreliu-risimo-aparatas","status":"publish","type":"product","link":"https:\/\/distribucionarc.com\/lt\/producto\/atadora-de-embutidos-manual\/","title":{"rendered":"Rankinis de\u0161r\u0173 ri\u0161imo aparatas\u00a0"},"content":{"rendered":"<h3>Rankinis de\u0161r\u0173 ri\u0161imo aparatas 32mm<\/h3>\n<p>Tai <strong>ma\u0161ina skirta de\u0161roms ri\u0161ti<span style=\"color: #ff0000;\"> KAM<\/span><span style=\"color: #0000ff;\">R<\/span>c<\/strong> Jis pagamintas i\u0161 auk\u0161tos kokyb\u0117s 304 ner\u016bdijan\u010dio plieno, atsparus r\u016bdijimui, atsparus dilimui, lengvai valomas ir atitinka sveikatos ir higienos reikalavimus. Galite reguliuoti de\u0161reli\u0173 ilg\u012f, priimti a <strong>skersmuo 0 \u2013 32mm<\/strong>.<\/p>\n<p>Jis turi ergonomi\u0161k\u0105 ranken\u0105 ir tiksli\u0105 pavar\u0105, kad procesas b\u016bt\u0173 greitas ir tikslus. \u0160i rankin\u0117 ma\u0161ina lengvai i\u0161sivynioja be pastang\u0173 ir taupo energij\u0105, palyginti su kitomis ri\u0161imo ma\u0161inomis. Stalo dizainas taupo erdv\u0119 ir u\u017etikrina stabil\u0173 proces\u0105 naudojimo metu. Tai<strong> de\u0161r\u0173 stalius <span style=\"color: #ff0000;\">KAM<\/span><span style=\"color: #0000ff;\">R<\/span>CAS32<\/strong> naudoja apskrito tako sistem\u0105, o ne pjausto si\u016blus rankomis. Pagerinti smulkios apdirbamosios pramon\u0117s produkt\u0173 gamybos temp\u0105. \u0160ios sistemos d\u0117ka ji gali gaminti<span style=\"color: #ff0000;\"><strong> 50-60 vienet\u0173 per minut\u0119<\/strong><\/span>, be to, sutaupysite materialini\u0173 ir fizini\u0173 pastang\u0173.<\/p>\n<h6><strong>Garantija\u00a0<span style=\"color: #ff0000;\">KAM<\/span><span style=\"color: #0000ff;\">R<\/span>C 2 METAI<\/strong><\/h6>\n<h6><strong>\u012ftraukta technin\u0117 pagalba<\/strong><\/h6>\n<p>&nbsp;<\/p>\n<table width=\"100%\">\n<tbody>\n<tr>\n<td>Prekinis \u017eenklas:<\/td>\n<td width=\"32%\">ARC<\/td>\n<td>Svoris:<\/td>\n<td width=\"30%\">5,5 kg<\/td>\n<\/tr>\n<tr>\n<td>Platinimo \u0161alis:<\/td>\n<td width=\"32%\">Ispanija, Vokietija, JAV<\/td>\n<td>Auk\u0161tis:<\/td>\n<td width=\"30%\">18,7 cm<\/td>\n<\/tr>\n<tr>\n<td>Spalva:<\/td>\n<td width=\"32%\">Sidabras<\/td>\n<td>Ilgas:<\/td>\n<td width=\"30%\">35,5 cm<\/td>\n<\/tr>\n<tr>\n<td>Produkto tipas:<\/td>\n<td width=\"32%\">Nitro kavos dozatorius<\/td>\n<td>Platus:<\/td>\n<td width=\"30%\">16,7 cm<\/td>\n<\/tr>\n<tr>\n<td>Gamintojo numeris:<\/td>\n<td width=\"32%\">ARCDCN2<\/td>\n<td>De\u0161ros skersmuo:<\/td>\n<td width=\"30%\">32 mm<\/td>\n<\/tr>\n<tr>\n<td>Med\u017eiaga:<\/td>\n<td width=\"32%\">304 ner\u016bdijantis plienas<\/td>\n<td>Gamyba:<\/td>\n<td width=\"30%\">50-60 vnt<\/td>\n<\/tr>\n<tr>\n<td>Vaikinas:<\/td>\n<td width=\"32%\">vadovas<\/td>\n<td>\u00a0Garantija:<\/td>\n<td width=\"30%\">2 METAI<\/td>\n<\/tr>\n<\/tbody>\n<\/table>\n<p>&nbsp;<\/p>","protected":false},"excerpt":{"rendered":"<h2>\u00a0Rankinis de\u0161r\u0173 ri\u0161imo aparatas 32mm<\/h2>\n<p>Tai<strong> rankin\u0117 de\u0161r\u0173 ir de\u0161r\u0173 ri\u0161imo ma\u0161ina <span style=\"color: #ff0000;\">KAM<\/span><span style=\"color: #0000ff;\">R<\/span>c<\/strong> Jis pagamintas i\u0161 auk\u0161tos kokyb\u0117s med\u017eiag\u0173; 304 ner\u016bdijan\u010dio plieno d\u0117ka <strong>de\u0161r\u0173 ri\u0161iklis<\/strong> gali pagerinti j\u016bs\u0173 produkt\u0173 gamyb\u0105. Kompakti\u0161ka ir ma\u017ea konstrukcija leid\u017eia sutaupyti i\u0161laid\u0173 suma\u017einant nereikaling\u0173 problem\u0173, susijusi\u0173 su dideliais \u012frenginiais. Jis sukurtas de\u0161reli\u0173 ri\u0161imui apskritu b\u016bdu, neperpjaunant si\u016bl\u0173, taip pagreitinant proces\u0105 ir suteikiant j\u016bs\u0173 gaminiui meistri\u0161k\u0105 dizain\u0105.<\/p>\n<h6><strong>Garantija\u00a0<span style=\"color: #ff0000;\">KAM<\/span><span style=\"color: #0000ff;\">R<\/span>C 2 METAI<\/strong><\/h6>\n<h6><strong>\u012ftraukta technin\u0117 pagalba<\/strong><\/h6>\n<p>&nbsp;<\/p>","protected":false},"featured_media":3882,"comment_status":"open","ping_status":"closed","template":"","meta":{"wds_primary_product_brand":0,"wds_primary_product_cat":0},"product_brand":[],"product_cat":[50],"product_tag":[],"class_list":{"0":"post-3874","1":"product","2":"type-product","3":"status-publish","4":"has-post-thumbnail","6":"product_cat-elaboradoras-de-croquetas-y-albondigas","7":"product_shipping_class-hosteleria","9":"first","10":"instock","11":"sale","12":"taxable","13":"shipping-taxable","14":"purchasable","15":"product-type-simple"},"yoast_head":"<!-- This site is optimized with the Yoast SEO Premium plugin v24.9 (Yoast SEO v26.1) - https:\/\/yoast.com\/wordpress\/plugins\/seo\/ -->\n<title>Atadora de embutidos manual\u00a0 - distribuci\u00f3n ARC<\/title>\n<meta name=\"robots\" content=\"index, follow, max-snippet:-1, max-image-preview:large, max-video-preview:-1\" \/>\n<link rel=\"canonical\" href=\"https:\/\/www.distribucionarc.com\/tr\/producto\/atadora-de-embutidos-manual\/\" \/>\n<meta property=\"og:locale\" content=\"lt_LT\" \/>\n<meta property=\"og:type\" content=\"article\" \/>\n<meta property=\"og:title\" content=\"Atadora de embutidos manual\u00a0\" \/>\n<meta property=\"og:description\" content=\"\u00a0Atadora de embutidos manual 32mm Esta m\u00e1quina manual para el atado de salchichas y embutidos ARC est\u00e1 fabricada con materiales de alta calidad; acero inoxidable 304. Gracias a esta atadora de salchichas puede mejorar la producci\u00f3n de sus productos. Su dise\u00f1o compacto y peque\u00f1o le permite ahorrar as\u00ed costes reduciendo problemas innecesarios con dispositivos grandes. Est\u00e1 dise\u00f1ada para atar los embutidos de forma circular sin necesidad de cortar hilos, acelerando el proceso d\u00e1ndole a su producto un dise\u00f1o artesanal. Garant\u00eda\u00a0ARC 2 A\u00d1OS soporte t\u00e9cnico incluido &nbsp;\" \/>\n<meta property=\"og:url\" content=\"https:\/\/www.distribucionarc.com\/tr\/producto\/atadora-de-embutidos-manual\/\" \/>\n<meta property=\"og:site_name\" content=\"distribuci\u00f3n ARC\" \/>\n<meta property=\"article:modified_time\" content=\"2023-01-04T17:20:22+00:00\" \/>\n<meta property=\"og:image\" content=\"https:\/\/www.distribucionarc.com\/wp-content\/uploads\/2020\/10\/Atadora-de-embutidos-manual-32mm-0.jpg\" \/>\n\t<meta property=\"og:image:width\" content=\"1600\" \/>\n\t<meta property=\"og:image:height\" content=\"1600\" \/>\n\t<meta property=\"og:image:type\" content=\"image\/jpeg\" \/>\n<meta name=\"twitter:card\" content=\"summary_large_image\" \/>\n<meta name=\"twitter:label1\" content=\"Est. reading time\" \/>\n\t<meta name=\"twitter:data1\" content=\"1 minut\u0117\" \/>\n<script type=\"application\/ld+json\" class=\"yoast-schema-graph\">{\"@context\":\"https:\/\/schema.org\",\"@graph\":[{\"@type\":\"WebPage\",\"@id\":\"https:\/\/www.distribucionarc.com\/tr\/producto\/atadora-de-embutidos-manual\/\",\"url\":\"https:\/\/www.distribucionarc.com\/tr\/producto\/atadora-de-embutidos-manual\/\",\"name\":\"Atadora de embutidos manual\u00a0 - distribuci\u00f3n ARC\",\"isPartOf\":{\"@id\":\"https:\/\/distribucionarc.com\/de\/#website\"},\"primaryImageOfPage\":{\"@id\":\"https:\/\/www.distribucionarc.com\/tr\/producto\/atadora-de-embutidos-manual\/#primaryimage\"},\"image\":{\"@id\":\"https:\/\/www.distribucionarc.com\/tr\/producto\/atadora-de-embutidos-manual\/#primaryimage\"},\"thumbnailUrl\":\"https:\/\/distribucionarc.com\/wp-content\/uploads\/2020\/10\/Atadora-de-embutidos-manual-32mm-0.jpg\",\"datePublished\":\"2020-10-10T13:23:22+00:00\",\"dateModified\":\"2023-01-04T17:20:22+00:00\",\"breadcrumb\":{\"@id\":\"https:\/\/www.distribucionarc.com\/tr\/producto\/atadora-de-embutidos-manual\/#breadcrumb\"},\"inLanguage\":\"lt-LT\",\"potentialAction\":[{\"@type\":\"ReadAction\",\"target\":[\"https:\/\/www.distribucionarc.com\/tr\/producto\/atadora-de-embutidos-manual\/\"]}]},{\"@type\":\"ImageObject\",\"inLanguage\":\"lt-LT\",\"@id\":\"https:\/\/www.distribucionarc.com\/tr\/producto\/atadora-de-embutidos-manual\/#primaryimage\",\"url\":\"https:\/\/distribucionarc.com\/wp-content\/uploads\/2020\/10\/Atadora-de-embutidos-manual-32mm-0.jpg\",\"contentUrl\":\"https:\/\/distribucionarc.com\/wp-content\/uploads\/2020\/10\/Atadora-de-embutidos-manual-32mm-0.jpg\",\"width\":1600,\"height\":1600,\"caption\":\"Atadora de embutidos manual\u00a0\"},{\"@type\":\"BreadcrumbList\",\"@id\":\"https:\/\/www.distribucionarc.com\/tr\/producto\/atadora-de-embutidos-manual\/#breadcrumb\",\"itemListElement\":[{\"@type\":\"ListItem\",\"position\":1,\"name\":\"Portada\",\"item\":\"https:\/\/distribucionarc.com\/pl\/\"},{\"@type\":\"ListItem\",\"position\":2,\"name\":\"Produkty\",\"item\":\"https:\/\/distribucionarc.com\/pl\/shop\/\"},{\"@type\":\"ListItem\",\"position\":3,\"name\":\"Atadora de embutidos manual\u00a0\"}]},{\"@type\":\"WebSite\",\"@id\":\"https:\/\/distribucionarc.com\/de\/#website\",\"url\":\"https:\/\/distribucionarc.com\/de\/\",\"name\":\"distribuci\u00f3n ARC\",\"description\":\"Empresa especializada en la fabricaci\u00f3n y distribuci\u00f3n de maquinaria industrial, selladoras de latas, Maquinas de hacer pastillas, Maquinas de cortar carne...\",\"publisher\":{\"@id\":\"https:\/\/distribucionarc.com\/de\/#organization\"},\"potentialAction\":[{\"@type\":\"SearchAction\",\"target\":{\"@type\":\"EntryPoint\",\"urlTemplate\":\"https:\/\/distribucionarc.com\/de\/?s={search_term_string}\"},\"query-input\":{\"@type\":\"PropertyValueSpecification\",\"valueRequired\":true,\"valueName\":\"search_term_string\"}}],\"inLanguage\":\"lt-LT\"},{\"@type\":\"Organization\",\"@id\":\"https:\/\/distribucionarc.com\/de\/#organization\",\"name\":\"Distribuci\u00f3n ARC\",\"url\":\"https:\/\/distribucionarc.com\/de\/\",\"logo\":{\"@type\":\"ImageObject\",\"inLanguage\":\"lt-LT\",\"@id\":\"https:\/\/distribucionarc.com\/de\/#\/schema\/logo\/image\/\",\"url\":\"https:\/\/distribucionarc.com\/wp-content\/uploads\/2024\/10\/distribucion-ARC-COLOR-SIN-FONDO-e1732295305345.png\",\"contentUrl\":\"https:\/\/distribucionarc.com\/wp-content\/uploads\/2024\/10\/distribucion-ARC-COLOR-SIN-FONDO-e1732295305345.png\",\"width\":1164,\"height\":558,\"caption\":\"Distribuci\u00f3n ARC\"},\"image\":{\"@id\":\"https:\/\/distribucionarc.com\/de\/#\/schema\/logo\/image\/\"},\"description\":\"Empresa especializada en la fabricaci\u00f3n y distribuci\u00f3n de maquinaria industrial para los sectores alimentario y farmac\u00e9utico. Nos especializamos en: M\u00e1quinas de cortar carne Fabricaci\u00f3n de comprimidos Sistemas de transporte industrial L\u00edneas de embotellado Dosificadores Y mucho m\u00e1s... Ofrecemos soluciones innovadoras y personalizadas para optimizar los procesos productivos de tu empresa.\",\"email\":\"Admistracion@distribucionarc.com\",\"telephone\":\"+34 643496664\",\"legalName\":\"ARC TECH SOLUTIONS\",\"foundingDate\":\"2024-04-09\",\"vatID\":\"B55480172\",\"numberOfEmployees\":{\"@type\":\"QuantitativeValue\",\"minValue\":\"1\",\"maxValue\":\"10\"}}]}<\/script>\n<!-- \/ Yoast SEO Premium plugin. -->","yoast_head_json":{"title":"Rankinis de\u0161r\u0173 ri\u0161imo aparatas \u2013 ARC platinimas","robots":{"index":"index","follow":"follow","max-snippet":"max-snippet:-1","max-image-preview":"max-image-preview:large","max-video-preview":"max-video-preview:-1"},"canonical":"https:\/\/www.distribucionarc.com\/tr\/producto\/atadora-de-embutidos-manual\/","og_locale":"lt_LT","og_type":"article","og_title":"Atadora de embutidos manual\u00a0","og_description":"\u00a0Atadora de embutidos manual 32mm Esta m\u00e1quina manual para el atado de salchichas y embutidos ARC est\u00e1 fabricada con materiales de alta calidad; acero inoxidable 304. Gracias a esta atadora de salchichas puede mejorar la producci\u00f3n de sus productos. Su dise\u00f1o compacto y peque\u00f1o le permite ahorrar as\u00ed costes reduciendo problemas innecesarios con dispositivos grandes. Est\u00e1 dise\u00f1ada para atar los embutidos de forma circular sin necesidad de cortar hilos, acelerando el proceso d\u00e1ndole a su producto un dise\u00f1o artesanal. Garant\u00eda\u00a0ARC 2 A\u00d1OS soporte t\u00e9cnico incluido &nbsp;","og_url":"https:\/\/www.distribucionarc.com\/tr\/producto\/atadora-de-embutidos-manual\/","og_site_name":"distribuci\u00f3n ARC","article_modified_time":"2023-01-04T17:20:22+00:00","og_image":[{"width":1600,"height":1600,"url":"https:\/\/www.distribucionarc.com\/wp-content\/uploads\/2020\/10\/Atadora-de-embutidos-manual-32mm-0.jpg","type":"image\/jpeg"}],"twitter_card":"summary_large_image","twitter_misc":{"Est. reading time":"1 minut\u0117"},"schema":{"@context":"https:\/\/schema.org","@graph":[{"@type":"WebPage","@id":"https:\/\/www.distribucionarc.com\/tr\/producto\/atadora-de-embutidos-manual\/","url":"https:\/\/www.distribucionarc.com\/tr\/producto\/atadora-de-embutidos-manual\/","name":"Rankinis de\u0161r\u0173 ri\u0161imo aparatas \u2013 ARC platinimas","isPartOf":{"@id":"https:\/\/distribucionarc.com\/de\/#website"},"primaryImageOfPage":{"@id":"https:\/\/www.distribucionarc.com\/tr\/producto\/atadora-de-embutidos-manual\/#primaryimage"},"image":{"@id":"https:\/\/www.distribucionarc.com\/tr\/producto\/atadora-de-embutidos-manual\/#primaryimage"},"thumbnailUrl":"https:\/\/distribucionarc.com\/wp-content\/uploads\/2020\/10\/Atadora-de-embutidos-manual-32mm-0.jpg","datePublished":"2020-10-10T13:23:22+00:00","dateModified":"2023-01-04T17:20:22+00:00","breadcrumb":{"@id":"https:\/\/www.distribucionarc.com\/tr\/producto\/atadora-de-embutidos-manual\/#breadcrumb"},"inLanguage":"lt-LT","potentialAction":[{"@type":"ReadAction","target":["https:\/\/www.distribucionarc.com\/tr\/producto\/atadora-de-embutidos-manual\/"]}]},{"@type":"ImageObject","inLanguage":"lt-LT","@id":"https:\/\/www.distribucionarc.com\/tr\/producto\/atadora-de-embutidos-manual\/#primaryimage","url":"https:\/\/distribucionarc.com\/wp-content\/uploads\/2020\/10\/Atadora-de-embutidos-manual-32mm-0.jpg","contentUrl":"https:\/\/distribucionarc.com\/wp-content\/uploads\/2020\/10\/Atadora-de-embutidos-manual-32mm-0.jpg","width":1600,"height":1600,"caption":"Atadora de embutidos manual\u00a0"},{"@type":"BreadcrumbList","@id":"https:\/\/www.distribucionarc.com\/tr\/producto\/atadora-de-embutidos-manual\/#breadcrumb","itemListElement":[{"@type":"ListItem","position":1,"name":"Portada","item":"https:\/\/distribucionarc.com\/pl\/"},{"@type":"ListItem","position":2,"name":"Produkty","item":"https:\/\/distribucionarc.com\/pl\/shop\/"},{"@type":"ListItem","position":3,"name":"Atadora de embutidos manual\u00a0"}]},{"@type":"WebSite","@id":"https:\/\/distribucionarc.com\/de\/#website","url":"https:\/\/distribucionarc.com\/de\/","name":"ARC paskirstymas","description":"\u012emon\u0117 specializuojasi pramonini\u0173 ma\u0161in\u0173, skardini\u0173 sandarinimo ma\u0161in\u0173, table\u010di\u0173 gamybos ma\u0161in\u0173, m\u0117sos pjaustymo ma\u0161in\u0173 gamyboje ir platinime...","publisher":{"@id":"https:\/\/distribucionarc.com\/de\/#organization"},"potentialAction":[{"@type":"SearchAction","target":{"@type":"EntryPoint","urlTemplate":"https:\/\/distribucionarc.com\/de\/?s={search_term_string}"},"query-input":{"@type":"PropertyValueSpecification","valueRequired":true,"valueName":"search_term_string"}}],"inLanguage":"lt-LT"},{"@type":"Organization","@id":"https:\/\/distribucionarc.com\/de\/#organization","name":"ARC platinimas","url":"https:\/\/distribucionarc.com\/de\/","logo":{"@type":"ImageObject","inLanguage":"lt-LT","@id":"https:\/\/distribucionarc.com\/de\/#\/schema\/logo\/image\/","url":"https:\/\/distribucionarc.com\/wp-content\/uploads\/2024\/10\/distribucion-ARC-COLOR-SIN-FONDO-e1732295305345.png","contentUrl":"https:\/\/distribucionarc.com\/wp-content\/uploads\/2024\/10\/distribucion-ARC-COLOR-SIN-FONDO-e1732295305345.png","width":1164,"height":558,"caption":"Distribuci\u00f3n ARC"},"image":{"@id":"https:\/\/distribucionarc.com\/de\/#\/schema\/logo\/image\/"},"description":"\u012emon\u0117 specializuojasi maisto ir farmacijos sektoriams skirt\u0173 pramonini\u0173 ma\u0161in\u0173 gamyboje ir platinime. M\u016bs\u0173 specializacija: M\u0117sos pjaustymo ma\u0161inos Table\u010di\u0173 gamyba Pramonin\u0117s transportavimo sistemos I\u0161pilstymo linijos Dozatoriai Ir dar daugiau... Si\u016blome novatori\u0161kus ir individualiems poreikiams pritaikytus sprendimus, kad optimizuotume j\u016bs\u0173 \u012fmon\u0117s gamybos procesus.","email":"Admistracion@distribucionarc.com","telephone":"+34 643496664","legalName":"ARC TECH SOLUTIONS","foundingDate":"2024-04-09","vatID":"B55480172","numberOfEmployees":{"@type":"QuantitativeValue","minValue":"1","maxValue":"10"}}]}},"_links":{"self":[{"href":"https:\/\/distribucionarc.com\/lt\/wp-json\/wp\/v2\/product\/3874","targetHints":{"allow":["GET"]}}],"collection":[{"href":"https:\/\/distribucionarc.com\/lt\/wp-json\/wp\/v2\/product"}],"about":[{"href":"https:\/\/distribucionarc.com\/lt\/wp-json\/wp\/v2\/types\/product"}],"replies":[{"embeddable":true,"href":"https:\/\/distribucionarc.com\/lt\/wp-json\/wp\/v2\/comments?post=3874"}],"version-history":[{"count":0,"href":"https:\/\/distribucionarc.com\/lt\/wp-json\/wp\/v2\/product\/3874\/revisions"}],"wp:featuredmedia":[{"embeddable":true,"href":"https:\/\/distribucionarc.com\/lt\/wp-json\/wp\/v2\/media\/3882"}],"wp:attachment":[{"href":"https:\/\/distribucionarc.com\/lt\/wp-json\/wp\/v2\/media?parent=3874"}],"wp:term":[{"taxonomy":"product_brand","embeddable":true,"href":"https:\/\/distribucionarc.com\/lt\/wp-json\/wp\/v2\/product_brand?post=3874"},{"taxonomy":"product_cat","embeddable":true,"href":"https:\/\/distribucionarc.com\/lt\/wp-json\/wp\/v2\/product_cat?post=3874"},{"taxonomy":"product_tag","embeddable":true,"href":"https:\/\/distribucionarc.com\/lt\/wp-json\/wp\/v2\/product_tag?post=3874"}],"curies":[{"name":"wp","href":"https:\/\/api.w.org\/{rel}","templated":true}]}}