{"id":4167,"date":"2020-12-20T18:40:47","date_gmt":"2020-12-20T18:40:47","guid":{"rendered":"https:\/\/distribucionarc.com\/?post_type=product&#038;p=4167"},"modified":"2020-12-20T18:40:47","modified_gmt":"2020-12-20T18:40:47","slug":"elektrinis-vezimelis-lipti-laiptais-2","status":"publish","type":"product","link":"https:\/\/distribucionarc.com\/lt\/producto\/silla-ruedas-electrica-para-subir-escaleras-2\/","title":{"rendered":"Elektrinis ve\u017eim\u0117lis lipimui laiptais"},"content":{"rendered":"<h3 class=\"product_title entry-title\">Elektrinis ve\u017eim\u0117lis lipimui laiptais<\/h3>\n<p>Su \u0161iuo\u00a0<strong>elektrinis ve\u017eim\u0117lis\u00a0<span style=\"color: #ff0000;\">KAM<\/span><span style=\"color: #0000ff;\">R<\/span>c<\/strong>\u00a0d\u0117l\u00a0<strong>galingas 120W variklis<\/strong>\u00a0gali padaryti transportavim\u0105 saugesn\u012f tiek k\u0117d\u0117s naudotojui, tiek asmeniui, atsakingam u\u017e transportavim\u0105. Tvirtas aliuminio r\u0117mas yra pakankamai tvirtas, kad i\u0161laikyt\u0173 iki galo\u00a0<strong>160 kg<\/strong>. K\u016bno saugos dir\u017eas ir kiti ergonomi\u0161ki dizainai u\u017etikrina naudotoj\u0173 komfort\u0105 ir saugum\u0105. Skirting\u0173 funkcij\u0173 rankenos leid\u017eia tai manevruoti\u00a0<strong>laiptin\u0117 k\u0117d\u0117<\/strong>\u00a0lengvai.<\/p>\n<h6><strong>Garantija\u00a0<\/strong><span style=\"color: #ff0000;\"><strong>KAM<\/strong><\/span><span style=\"color: #0000ff;\"><strong>R<\/strong><\/span><strong>C 2 METAI<\/strong><\/h6>\n<h6><span style=\"color: #008000;\">Efektyvus elektrinis ve\u017eim\u0117lis, elektros s\u0105naudos 100W<\/span><\/h6>\n<h6><strong>\u012ftraukta technin\u0117 pagalba<\/strong><\/h6>\n<p>&nbsp;<\/p>\n<table width=\"100%\">\n<tbody>\n<tr>\n<td>Vaikinas:<\/td>\n<td width=\"50%\">Elektrinis\/rankinis<\/td>\n<td colspan=\"2\" width=\"327\"><\/td>\n<\/tr>\n<tr>\n<td>Platinimo \u0161alis:<\/td>\n<td width=\"50%\">Ispanija, Vokietija, JAV<\/td>\n<td>Svoris:<\/td>\n<td width=\"50%\">30 kg<\/td>\n<\/tr>\n<tr>\n<td>Prekinis \u017eenklas:<\/td>\n<td width=\"50%\">ARC<\/td>\n<td>Auk\u0161tis:<\/td>\n<td width=\"50%\">115 cm<\/td>\n<\/tr>\n<tr>\n<td>Spalva:<\/td>\n<td width=\"50%\">\u017dalia, juoda<\/td>\n<td>Ilgas:<\/td>\n<td width=\"50%\">65 cm<\/td>\n<\/tr>\n<tr>\n<td>Produkto tipas:<\/td>\n<td width=\"50%\">laiptinis ve\u017eim\u0117lis<\/td>\n<td>Platus:<\/td>\n<td width=\"50%\">50 cm<\/td>\n<\/tr>\n<tr>\n<td>Gamintojo numeris:<\/td>\n<td width=\"50%\">ARCSRE3<\/td>\n<td>Alpinisto tipas:<\/td>\n<td width=\"50%\">sustiprinti takeliai<\/td>\n<\/tr>\n<tr>\n<td>Med\u017eiaga:<\/td>\n<td width=\"50%\">\u00a0aliuminio lydinys, sutir\u0161tinta guma, efektyvus variklis<\/td>\n<td>Maksimalus auk\u0161tis:<\/td>\n<td width=\"50%\">162 cm<\/td>\n<\/tr>\n<tr>\n<td>Garantija:<\/td>\n<td width=\"50%\">2 METAI<\/td>\n<td>S\u0117dyn\u0117s med\u017eiaga:<\/td>\n<td width=\"50%\">Pamink\u0161tintas putplastis<\/td>\n<\/tr>\n<tr>\n<td>Montavimo \u012frankiai:<\/td>\n<td width=\"50%\">Taip<\/td>\n<td>Rat\u0173 med\u017eiaga:<\/td>\n<td width=\"50%\">gumos<\/td>\n<\/tr>\n<\/tbody>\n<\/table>","protected":false},"excerpt":{"rendered":"<h2 class=\"product_title entry-title\">Elektrinis ve\u017eim\u0117lis lipimui laiptais<\/h2>\n<p><!--more--><\/p>\n<p><!--more--><\/p>\n<p>S\u0117dyn\u0117 ir atlo\u0161as\u00a0<strong>ve\u017eim\u0117lis\u00a0<span style=\"color: #ff0000;\">KAM<\/span><span style=\"color: #0000ff;\">R<\/span>c<\/strong>\u00a0Jie yra pur\u016bs, mink\u0161ti ir patog\u016bs, taip pat lengvai sterilizuojami ir valomi. Du dir\u017eai u\u017etikrina naudotoj\u0173 saugum\u0105 lipant\/\u017eeminant laiptais. Sulankstomas porankis ir koj\u0173 atrama yra ergonomi\u0161ki.  Atlaiko didel\u0119 apkrov\u0105 iki 160 kg<\/p>\n<p>Guminiai vik\u0161rai sustor\u0117jo ir pailg\u0117jo. Jie atidaromi ir u\u017esidaro tiesiog lengvai paspaudus. Jie skirti trin\u010diai neutralizuoti gravitacij\u0105 ir l\u0117t\u0105 nusileidim\u0105; Jie atlieka trinties judesius, kuriuos varo 120 W variklis, kad b\u016bt\u0173 minimalios pastangos ir didesnis saugumas. Jame yra 24 V li\u010dio baterija, galinti pakilti ir nusileisti 15 auk\u0161t\u0173 15 kart\u0173 maksimaliu na\u0161umu,\u00a0<strong>2-3h trukm\u0117<\/strong>. Ratai pagaminti i\u0161 gumos, atspar\u016bs \u012fbr\u0117\u017eimams ir patvar\u016bs.<\/p>\n<p>U\u017epakalin\u0117 dalis\u00a0<strong>evakuacijos k\u0117d\u0117 <span style=\"color: #ff0000;\">KAM<\/span><span style=\"color: #0000ff;\">R<\/span>CSRE3<\/strong>\u00a0Jis sukurtas su dviem sulankstytomis rankenomis, kurios u\u017esifiksuoja, tod\u0117l operatoriai turi neslystan\u010dius ranken\u0117lius, kad b\u016bt\u0173 galima saugiai valdyti ir lengvai valdyti. Priekin\u0117s rankenos i\u0161traukiamos paspaudus raudon\u0105 mygtuk\u0105, skirt\u0105 pakelti k\u0117d\u0119.<\/p>\n<h6><strong>Garantija\u00a0<\/strong><span style=\"color: #ff0000;\"><strong>KAM<\/strong><\/span><span style=\"color: #0000ff;\"><strong>R<\/strong><\/span><strong>C 2 METAI<\/strong><\/h6>\n<h6><span style=\"color: #008000;\">Efektyvus elektrinis ve\u017eim\u0117lis, elektros s\u0105naudos 100W<\/span><\/h6>\n<h6><strong>\u012ftraukta technin\u0117 pagalba<\/strong><\/h6>\n<p>&nbsp;<\/p>","protected":false},"featured_media":4177,"comment_status":"open","ping_status":"closed","template":"","meta":{"wds_primary_product_brand":0,"wds_primary_product_cat":0},"product_brand":[],"product_cat":[69],"product_tag":[],"class_list":{"0":"post-4167","1":"product","2":"type-product","3":"status-publish","4":"has-post-thumbnail","6":"product_cat-maquinas-variadas","7":"product_shipping_class-express","9":"first","10":"instock","11":"sale","12":"taxable","13":"shipping-taxable","14":"purchasable","15":"product-type-simple"},"yoast_head":"<!-- This site is optimized with the Yoast SEO Premium plugin v24.9 (Yoast SEO v26.1) - https:\/\/yoast.com\/wordpress\/plugins\/seo\/ -->\n<title>Silla ruedas el\u00e9ctrica para subir escaleras - distribuci\u00f3n ARC<\/title>\n<meta name=\"robots\" content=\"index, follow, max-snippet:-1, max-image-preview:large, max-video-preview:-1\" \/>\n<link rel=\"canonical\" href=\"https:\/\/www.distribucionarc.com\/nl\/producto\/silla-ruedas-electrica-para-subir-escaleras-2\/\" \/>\n<meta property=\"og:locale\" content=\"lt_LT\" \/>\n<meta property=\"og:type\" content=\"article\" \/>\n<meta property=\"og:title\" content=\"Silla ruedas el\u00e9ctrica para subir escaleras\" \/>\n<meta property=\"og:description\" content=\"Silla ruedas el\u00e9ctrica para subir escaleras     El asiento y el respaldo de la\u00a0silla de ruedas\u00a0ARC\u00a0son esponjosos, suaves y c\u00f3modos tambi\u00e9n f\u00e1ciles de esterilizar y limpiar. Dos cinturones garantizan la seguridad de los usuarios cuando suben \/ bajan escaleras. El reposabrazos y el reposapi\u00e9s plegables son ergon\u00f3micos. \u00a0Soporta gran capacidad de hasta 160 kg  Las orugas de goma engrosadas y alargadas. Se abren y cierran sencillamente con una prensa ligera. Est\u00e1n dise\u00f1adas para contrarrestar la gravedad y ralentizar el descenso con fricci\u00f3n; estas realizan el movimiento de fricci\u00f3n impulsadas por un motor de 120W para un m\u00ednimo esfuerzo y mayor seguridad. Dispone una una bater\u00eda de litio 24V capaz de subir y bajar 15 pisos 15 veces a m\u00e1ximo rendimiento aportandole de\u00a02-3 H duraci\u00f3n. Las ruedas est\u00e1n hechas de goma, son resistentes a los ara\u00f1azos y duraderas.  La parte posterior de la\u00a0silla de evacuaci\u00f3n ARCSRE3\u00a0est\u00e1 dise\u00f1ada con dos manijas plegadas que se bloquean en su posici\u00f3n, lo que permite a los operadores agarres antideslizantes para un manejo seguro y una direcci\u00f3n f\u00e1cil. Las manijas delanteras son retr\u00e1ctiles presionando el bot\u00f3n rojo, usado para levantar la silla. Garant\u00eda\u00a0ARC 2 A\u00d1OS Silla de ruedas el\u00e9ctrica eficiente,\u00a0 consumo el\u00e9ctrico 100W soporte t\u00e9cnico\u00a0incluido &nbsp;\" \/>\n<meta property=\"og:url\" content=\"https:\/\/www.distribucionarc.com\/nl\/producto\/silla-ruedas-electrica-para-subir-escaleras-2\/\" \/>\n<meta property=\"og:site_name\" content=\"distribuci\u00f3n ARC\" \/>\n<meta property=\"og:image\" content=\"https:\/\/www.distribucionarc.com\/wp-content\/uploads\/2020\/12\/Silla-electrica-ARC-1.jpg\" \/>\n\t<meta property=\"og:image:width\" content=\"1001\" \/>\n\t<meta property=\"og:image:height\" content=\"1001\" \/>\n\t<meta property=\"og:image:type\" content=\"image\/jpeg\" \/>\n<meta name=\"twitter:card\" content=\"summary_large_image\" \/>\n<meta name=\"twitter:label1\" content=\"Est. reading time\" \/>\n\t<meta name=\"twitter:data1\" content=\"1 minut\u0117\" \/>\n<script type=\"application\/ld+json\" class=\"yoast-schema-graph\">{\"@context\":\"https:\/\/schema.org\",\"@graph\":[{\"@type\":\"WebPage\",\"@id\":\"https:\/\/www.distribucionarc.com\/nl\/producto\/silla-ruedas-electrica-para-subir-escaleras-2\/\",\"url\":\"https:\/\/www.distribucionarc.com\/nl\/producto\/silla-ruedas-electrica-para-subir-escaleras-2\/\",\"name\":\"Silla ruedas el\u00e9ctrica para subir escaleras - distribuci\u00f3n ARC\",\"isPartOf\":{\"@id\":\"https:\/\/distribucionarc.com\/ro\/#website\"},\"primaryImageOfPage\":{\"@id\":\"https:\/\/www.distribucionarc.com\/nl\/producto\/silla-ruedas-electrica-para-subir-escaleras-2\/#primaryimage\"},\"image\":{\"@id\":\"https:\/\/www.distribucionarc.com\/nl\/producto\/silla-ruedas-electrica-para-subir-escaleras-2\/#primaryimage\"},\"thumbnailUrl\":\"https:\/\/distribucionarc.com\/wp-content\/uploads\/2020\/12\/Silla-electrica-ARC-1.jpg\",\"datePublished\":\"2020-12-20T18:40:47+00:00\",\"breadcrumb\":{\"@id\":\"https:\/\/www.distribucionarc.com\/nl\/producto\/silla-ruedas-electrica-para-subir-escaleras-2\/#breadcrumb\"},\"inLanguage\":\"lt-LT\",\"potentialAction\":[{\"@type\":\"ReadAction\",\"target\":[\"https:\/\/www.distribucionarc.com\/nl\/producto\/silla-ruedas-electrica-para-subir-escaleras-2\/\"]}]},{\"@type\":\"ImageObject\",\"inLanguage\":\"lt-LT\",\"@id\":\"https:\/\/www.distribucionarc.com\/nl\/producto\/silla-ruedas-electrica-para-subir-escaleras-2\/#primaryimage\",\"url\":\"https:\/\/distribucionarc.com\/wp-content\/uploads\/2020\/12\/Silla-electrica-ARC-1.jpg\",\"contentUrl\":\"https:\/\/distribucionarc.com\/wp-content\/uploads\/2020\/12\/Silla-electrica-ARC-1.jpg\",\"width\":1001,\"height\":1001},{\"@type\":\"BreadcrumbList\",\"@id\":\"https:\/\/www.distribucionarc.com\/nl\/producto\/silla-ruedas-electrica-para-subir-escaleras-2\/#breadcrumb\",\"itemListElement\":[{\"@type\":\"ListItem\",\"position\":1,\"name\":\"Portada\",\"item\":\"https:\/\/distribucionarc.com\/ar\/\"},{\"@type\":\"ListItem\",\"position\":2,\"name\":\"Proizvodi\",\"item\":\"https:\/\/www.distribucionarc.com\/hr\/ducan\/\"},{\"@type\":\"ListItem\",\"position\":3,\"name\":\"Silla ruedas el\u00e9ctrica para subir escaleras\"}]},{\"@type\":\"WebSite\",\"@id\":\"https:\/\/distribucionarc.com\/ro\/#website\",\"url\":\"https:\/\/distribucionarc.com\/ro\/\",\"name\":\"distribuci\u00f3n ARC\",\"description\":\"Empresa especializada en la fabricaci\u00f3n y distribuci\u00f3n de maquinaria industrial, selladoras de latas, Maquinas de hacer pastillas, Maquinas de cortar carne...\",\"publisher\":{\"@id\":\"https:\/\/distribucionarc.com\/ro\/#organization\"},\"potentialAction\":[{\"@type\":\"SearchAction\",\"target\":{\"@type\":\"EntryPoint\",\"urlTemplate\":\"https:\/\/distribucionarc.com\/ro\/?s={search_term_string}\"},\"query-input\":{\"@type\":\"PropertyValueSpecification\",\"valueRequired\":true,\"valueName\":\"search_term_string\"}}],\"inLanguage\":\"lt-LT\"},{\"@type\":\"Organization\",\"@id\":\"https:\/\/distribucionarc.com\/ro\/#organization\",\"name\":\"Distribuci\u00f3n ARC\",\"url\":\"https:\/\/distribucionarc.com\/ro\/\",\"logo\":{\"@type\":\"ImageObject\",\"inLanguage\":\"lt-LT\",\"@id\":\"https:\/\/distribucionarc.com\/ro\/#\/schema\/logo\/image\/\",\"url\":\"https:\/\/distribucionarc.com\/wp-content\/uploads\/2024\/10\/distribucion-ARC-COLOR-SIN-FONDO-e1732295305345.png\",\"contentUrl\":\"https:\/\/distribucionarc.com\/wp-content\/uploads\/2024\/10\/distribucion-ARC-COLOR-SIN-FONDO-e1732295305345.png\",\"width\":1164,\"height\":558,\"caption\":\"Distribuci\u00f3n ARC\"},\"image\":{\"@id\":\"https:\/\/distribucionarc.com\/ro\/#\/schema\/logo\/image\/\"},\"description\":\"Empresa especializada en la fabricaci\u00f3n y distribuci\u00f3n de maquinaria industrial para los sectores alimentario y farmac\u00e9utico. Nos especializamos en: M\u00e1quinas de cortar carne Fabricaci\u00f3n de comprimidos Sistemas de transporte industrial L\u00edneas de embotellado Dosificadores Y mucho m\u00e1s... Ofrecemos soluciones innovadoras y personalizadas para optimizar los procesos productivos de tu empresa.\",\"email\":\"Admistracion@distribucionarc.com\",\"telephone\":\"+34 643496664\",\"legalName\":\"ARC TECH SOLUTIONS\",\"foundingDate\":\"2024-04-09\",\"vatID\":\"B55480172\",\"numberOfEmployees\":{\"@type\":\"QuantitativeValue\",\"minValue\":\"1\",\"maxValue\":\"10\"}}]}<\/script>\n<!-- \/ Yoast SEO Premium plugin. -->","yoast_head_json":{"title":"Elektrinis ve\u017eim\u0117lis lipimui laiptais - ARC paskirstymas","robots":{"index":"index","follow":"follow","max-snippet":"max-snippet:-1","max-image-preview":"max-image-preview:large","max-video-preview":"max-video-preview:-1"},"canonical":"https:\/\/www.distribucionarc.com\/nl\/producto\/silla-ruedas-electrica-para-subir-escaleras-2\/","og_locale":"lt_LT","og_type":"article","og_title":"Silla ruedas el\u00e9ctrica para subir escaleras","og_description":"Silla ruedas el\u00e9ctrica para subir escaleras     El asiento y el respaldo de la\u00a0silla de ruedas\u00a0ARC\u00a0son esponjosos, suaves y c\u00f3modos tambi\u00e9n f\u00e1ciles de esterilizar y limpiar. Dos cinturones garantizan la seguridad de los usuarios cuando suben \/ bajan escaleras. El reposabrazos y el reposapi\u00e9s plegables son ergon\u00f3micos. \u00a0Soporta gran capacidad de hasta 160 kg  Las orugas de goma engrosadas y alargadas. Se abren y cierran sencillamente con una prensa ligera. Est\u00e1n dise\u00f1adas para contrarrestar la gravedad y ralentizar el descenso con fricci\u00f3n; estas realizan el movimiento de fricci\u00f3n impulsadas por un motor de 120W para un m\u00ednimo esfuerzo y mayor seguridad. Dispone una una bater\u00eda de litio 24V capaz de subir y bajar 15 pisos 15 veces a m\u00e1ximo rendimiento aportandole de\u00a02-3 H duraci\u00f3n. Las ruedas est\u00e1n hechas de goma, son resistentes a los ara\u00f1azos y duraderas.  La parte posterior de la\u00a0silla de evacuaci\u00f3n ARCSRE3\u00a0est\u00e1 dise\u00f1ada con dos manijas plegadas que se bloquean en su posici\u00f3n, lo que permite a los operadores agarres antideslizantes para un manejo seguro y una direcci\u00f3n f\u00e1cil. Las manijas delanteras son retr\u00e1ctiles presionando el bot\u00f3n rojo, usado para levantar la silla. Garant\u00eda\u00a0ARC 2 A\u00d1OS Silla de ruedas el\u00e9ctrica eficiente,\u00a0 consumo el\u00e9ctrico 100W soporte t\u00e9cnico\u00a0incluido &nbsp;","og_url":"https:\/\/www.distribucionarc.com\/nl\/producto\/silla-ruedas-electrica-para-subir-escaleras-2\/","og_site_name":"distribuci\u00f3n ARC","og_image":[{"width":1001,"height":1001,"url":"https:\/\/www.distribucionarc.com\/wp-content\/uploads\/2020\/12\/Silla-electrica-ARC-1.jpg","type":"image\/jpeg"}],"twitter_card":"summary_large_image","twitter_misc":{"Est. reading time":"1 minut\u0117"},"schema":{"@context":"https:\/\/schema.org","@graph":[{"@type":"WebPage","@id":"https:\/\/www.distribucionarc.com\/nl\/producto\/silla-ruedas-electrica-para-subir-escaleras-2\/","url":"https:\/\/www.distribucionarc.com\/nl\/producto\/silla-ruedas-electrica-para-subir-escaleras-2\/","name":"Elektrinis ve\u017eim\u0117lis lipimui laiptais - ARC paskirstymas","isPartOf":{"@id":"https:\/\/distribucionarc.com\/ro\/#website"},"primaryImageOfPage":{"@id":"https:\/\/www.distribucionarc.com\/nl\/producto\/silla-ruedas-electrica-para-subir-escaleras-2\/#primaryimage"},"image":{"@id":"https:\/\/www.distribucionarc.com\/nl\/producto\/silla-ruedas-electrica-para-subir-escaleras-2\/#primaryimage"},"thumbnailUrl":"https:\/\/distribucionarc.com\/wp-content\/uploads\/2020\/12\/Silla-electrica-ARC-1.jpg","datePublished":"2020-12-20T18:40:47+00:00","breadcrumb":{"@id":"https:\/\/www.distribucionarc.com\/nl\/producto\/silla-ruedas-electrica-para-subir-escaleras-2\/#breadcrumb"},"inLanguage":"lt-LT","potentialAction":[{"@type":"ReadAction","target":["https:\/\/www.distribucionarc.com\/nl\/producto\/silla-ruedas-electrica-para-subir-escaleras-2\/"]}]},{"@type":"ImageObject","inLanguage":"lt-LT","@id":"https:\/\/www.distribucionarc.com\/nl\/producto\/silla-ruedas-electrica-para-subir-escaleras-2\/#primaryimage","url":"https:\/\/distribucionarc.com\/wp-content\/uploads\/2020\/12\/Silla-electrica-ARC-1.jpg","contentUrl":"https:\/\/distribucionarc.com\/wp-content\/uploads\/2020\/12\/Silla-electrica-ARC-1.jpg","width":1001,"height":1001},{"@type":"BreadcrumbList","@id":"https:\/\/www.distribucionarc.com\/nl\/producto\/silla-ruedas-electrica-para-subir-escaleras-2\/#breadcrumb","itemListElement":[{"@type":"ListItem","position":1,"name":"Portada","item":"https:\/\/distribucionarc.com\/ar\/"},{"@type":"ListItem","position":2,"name":"Proizvodi","item":"https:\/\/www.distribucionarc.com\/hr\/ducan\/"},{"@type":"ListItem","position":3,"name":"Silla ruedas el\u00e9ctrica para subir escaleras"}]},{"@type":"WebSite","@id":"https:\/\/distribucionarc.com\/ro\/#website","url":"https:\/\/distribucionarc.com\/ro\/","name":"ARC paskirstymas","description":"\u012emon\u0117 specializuojasi pramonini\u0173 ma\u0161in\u0173, skardini\u0173 sandarinimo ma\u0161in\u0173, table\u010di\u0173 gamybos ma\u0161in\u0173, m\u0117sos pjaustymo ma\u0161in\u0173 gamyboje ir platinime...","publisher":{"@id":"https:\/\/distribucionarc.com\/ro\/#organization"},"potentialAction":[{"@type":"SearchAction","target":{"@type":"EntryPoint","urlTemplate":"https:\/\/distribucionarc.com\/ro\/?s={search_term_string}"},"query-input":{"@type":"PropertyValueSpecification","valueRequired":true,"valueName":"search_term_string"}}],"inLanguage":"lt-LT"},{"@type":"Organization","@id":"https:\/\/distribucionarc.com\/ro\/#organization","name":"ARC platinimas","url":"https:\/\/distribucionarc.com\/ro\/","logo":{"@type":"ImageObject","inLanguage":"lt-LT","@id":"https:\/\/distribucionarc.com\/ro\/#\/schema\/logo\/image\/","url":"https:\/\/distribucionarc.com\/wp-content\/uploads\/2024\/10\/distribucion-ARC-COLOR-SIN-FONDO-e1732295305345.png","contentUrl":"https:\/\/distribucionarc.com\/wp-content\/uploads\/2024\/10\/distribucion-ARC-COLOR-SIN-FONDO-e1732295305345.png","width":1164,"height":558,"caption":"Distribuci\u00f3n ARC"},"image":{"@id":"https:\/\/distribucionarc.com\/ro\/#\/schema\/logo\/image\/"},"description":"\u012emon\u0117 specializuojasi maisto ir farmacijos sektoriams skirt\u0173 pramonini\u0173 ma\u0161in\u0173 gamyboje ir platinime. M\u016bs\u0173 specializacija: M\u0117sos pjaustymo ma\u0161inos Table\u010di\u0173 gamyba Pramonin\u0117s transportavimo sistemos I\u0161pilstymo linijos Dozatoriai Ir dar daugiau... Si\u016blome novatori\u0161kus ir individualiems poreikiams pritaikytus sprendimus, kad optimizuotume j\u016bs\u0173 \u012fmon\u0117s gamybos procesus.","email":"Admistracion@distribucionarc.com","telephone":"+34 643496664","legalName":"ARC TECH SOLUTIONS","foundingDate":"2024-04-09","vatID":"B55480172","numberOfEmployees":{"@type":"QuantitativeValue","minValue":"1","maxValue":"10"}}]}},"_links":{"self":[{"href":"https:\/\/distribucionarc.com\/lt\/wp-json\/wp\/v2\/product\/4167","targetHints":{"allow":["GET"]}}],"collection":[{"href":"https:\/\/distribucionarc.com\/lt\/wp-json\/wp\/v2\/product"}],"about":[{"href":"https:\/\/distribucionarc.com\/lt\/wp-json\/wp\/v2\/types\/product"}],"replies":[{"embeddable":true,"href":"https:\/\/distribucionarc.com\/lt\/wp-json\/wp\/v2\/comments?post=4167"}],"version-history":[{"count":0,"href":"https:\/\/distribucionarc.com\/lt\/wp-json\/wp\/v2\/product\/4167\/revisions"}],"wp:featuredmedia":[{"embeddable":true,"href":"https:\/\/distribucionarc.com\/lt\/wp-json\/wp\/v2\/media\/4177"}],"wp:attachment":[{"href":"https:\/\/distribucionarc.com\/lt\/wp-json\/wp\/v2\/media?parent=4167"}],"wp:term":[{"taxonomy":"product_brand","embeddable":true,"href":"https:\/\/distribucionarc.com\/lt\/wp-json\/wp\/v2\/product_brand?post=4167"},{"taxonomy":"product_cat","embeddable":true,"href":"https:\/\/distribucionarc.com\/lt\/wp-json\/wp\/v2\/product_cat?post=4167"},{"taxonomy":"product_tag","embeddable":true,"href":"https:\/\/distribucionarc.com\/lt\/wp-json\/wp\/v2\/product_tag?post=4167"}],"curies":[{"name":"wp","href":"https:\/\/api.w.org\/{rel}","templated":true}]}}