{"id":4303,"date":"2021-01-28T11:21:17","date_gmt":"2021-01-28T11:21:17","guid":{"rendered":"https:\/\/distribucionarc.com\/?post_type=product&#038;p=4303"},"modified":"2021-01-28T11:21:18","modified_gmt":"2021-01-28T11:21:18","slug":"skrudintuvas-grilis-su-konvejeriu","status":"publish","type":"product","link":"https:\/\/distribucionarc.com\/lt\/producto\/tostador-grill-con-cinta-transportadora\/","title":{"rendered":"Grilio skrudintuvas su konvejeriu"},"content":{"rendered":"<h3>Grilio skrudintuvas su konvejeriu<\/h3>\n<p>Tai<strong> konvejerio juostinis skrudintuvas<\/strong> i\u0161 <strong><span style=\"color: #ff0000;\">KAM<\/span><span style=\"color: #0000ff;\">R<\/span>c<\/strong> Jis tinka beveik visoms komercin\u0117ms virtuv\u0117ms, greitas, efektyvus ir paprastas naudoti. Per valand\u0105 galima paruo\u0161ti iki 300 riekeli\u0173 duonos. Tai <strong>Grilio skrudintuvas<\/strong> Jame yra septyni reguliuojami grei\u010diai ir trys skrudinimo re\u017eimai, leid\u017eiantys kontroliuoti duonos spalv\u0105 ir \u0161vie\u017eum\u0105. Tegul nenugalimas \u0161ilto, auksinio skrebu\u010dio aromatas suvilioja savo klientus. Tai <strong>Skrudintuvas<\/strong> Puikiai tinka kavin\u0117ms, bufetams ir kavin\u0117ms. Neleiskite savo klientams laukti!<\/p>\n<p>Jis <strong>grilis su juostele <span style=\"color: #ff0000;\">KAM<\/span><span style=\"color: #0000ff;\">R<\/span>CTPC300<\/strong> \u00a0Jis pagamintas i\u0161 maistui saugios med\u017eiagos ir yra sustiprintas ilg\u0105 naudojimo laik\u0105 ir garantuoja atsparum\u0105 korozijai. Su \u0161iuo <strong>pramoninis skrudintuvas<\/strong> Gaminimo, prie\u017ei\u016bros ir valymo procesas bus lengvas d\u0117l nuimam\u0173 dali\u0173.<\/p>\n<p>M\u016bs\u0173 <strong>duonos skrudintuvo dir\u017eas <span style=\"color: #ff0000;\">KAM<\/span><span style=\"color: #0000ff;\">R<\/span>c<\/strong> per valand\u0105 galima paskrudinti iki 300 riekeli\u0173 duonos. Galite reguliuoti juostos greit\u012f, kad gal\u0117tum\u0117te valdyti duonos skrudinim\u0105, pasirinkti i\u0161 7 skirting\u0173 duonos tekst\u016br\u0173. Jis <strong>grilis su juostele<\/strong> Jis pritaikytas 3 skirtingiems skrudinimo re\u017eimams, kad duona b\u016bt\u0173 idealiai tra\u0161ki.<\/p>\n<p>Jame yra ventiliacijos angos, u\u017etikrinan\u010dios efektyv\u0173 \u0161ilumos i\u0161sklaidym\u0105. Su \u0161iuo <strong>Grilio skrudintuvas <span style=\"color: #ff0000;\">KAM<\/span><span style=\"color: #0000ff;\">R<\/span>CTPC300<\/strong> Komplekte yra nuimamas trupini\u0173 pad\u0117klas, kad b\u016bt\u0173 lengviau valyti. Tai <strong>skrudinimo krosnis<\/strong> Jame yra maisto grandin\u0117s tinklelis, kuris gali greitai ir skland\u017eiai i\u0161pilstyti duon\u0105. Keturios neslid\u017eios kojel\u0117s i\u0161laiko stal\u0105 stabil\u0173. <strong>virykl\u0117 su juostele<\/strong>. Jame yra galimyb\u0117 i\u0161pilstyti duon\u0105 i\u0161 priekinio arba galinio bunkerio, tod\u0117l vartotojai gali persijungti, kad patenkint\u0173 \u012fvairius poreikius.<\/p>\n<h6><strong>Garantija\u00a0<span style=\"color: #ff0000;\">KAM<\/span><span style=\"color: #0000ff;\">R<\/span>C 2 METAI<\/strong><\/h6>\n<h6>\u00a0<span style=\"color: #008000;\">Efektyvus juostinis skrudintuvas, ma\u017eas suvartojimas 1800w<\/span><\/h6>\n<h6><strong>\u012ftraukta technin\u0117 pagalba<\/strong><\/h6>\n<p>&nbsp;<\/p>\n<table role=\"presentation\" width=\"100%\" cellspacing=\"0\" cellpadding=\"0\">\n<tbody>\n<tr>\n<td class=\"attrLabels\">Prekinis \u017eenklas:<\/td>\n<td width=\"50.0%\">ARC<\/td>\n<\/tr>\n<tr>\n<td class=\"attrLabels\">Garantija:<\/td>\n<td width=\"50.0%\">2 metai<\/td>\n<td class=\"attrLabels\">Svoris:<\/td>\n<td width=\"50.0%\">16 kg<\/td>\n<\/tr>\n<tr>\n<td class=\"attrLabels\">Platinimo \u0161alis:<\/td>\n<td width=\"50.0%\">Ispanija, Vokietija, JAV<\/td>\n<td class=\"attrLabels\">Auk\u0161tis:<\/td>\n<td width=\"50.0%\">38,7 cm<\/td>\n<\/tr>\n<tr>\n<td class=\"attrLabels\">Spalva:<\/td>\n<td width=\"50.0%\">Sidabras<\/td>\n<td class=\"attrLabels\">Ilgas:<\/td>\n<td width=\"50.0%\">36,8 cm<\/td>\n<\/tr>\n<tr>\n<td class=\"attrLabels\">Produkto tipas:<\/td>\n<td width=\"50.0%\">Skrudintuvas su dir\u017eeliu<\/td>\n<td class=\"attrLabels\">Platus:<\/td>\n<td width=\"50.0%\">\u00a041,8 cm<\/td>\n<\/tr>\n<tr>\n<td class=\"attrLabels\">Gamintojo numeris:<\/td>\n<td width=\"50.0%\">ARCTPC300<\/td>\n<td class=\"attrLabels\">Gamyba:<\/td>\n<td width=\"50.0%\">300 vienet\u0173 per valand\u0105<\/td>\n<\/tr>\n<tr>\n<td class=\"attrLabels\">Med\u017eiaga:<\/td>\n<td width=\"50.0%\">Ner\u016bdijantis plienas, konvejerio juosta, infraraudon\u0173j\u0173 spinduli\u0173 \u0161ildytuvas, trupini\u0173 pad\u0117klas<\/td>\n<td class=\"attrLabels\">Temperat\u016bros diapazonas:<\/td>\n<td width=\"50.0%\">30\u00baC \u2013 250\u00baC<\/td>\n<\/tr>\n<tr>\n<td class=\"attrLabels\">Galia:<\/td>\n<td width=\"50.0%\">1800W<\/td>\n<td class=\"attrLabels\">Reglamentas:<\/td>\n<td width=\"50.0%\">7 temperat\u016bros skirtingam kepimui<\/td>\n<\/tr>\n<tr>\n<td class=\"attrLabels\">\u012etampa:<\/td>\n<td width=\"50.0%\">220V nuo 50Hz iki 60Hz<\/td>\n<td class=\"attrLabels\">Montavimo \u012frankiai:<\/td>\n<td width=\"50.0%\">Taip<\/td>\n<\/tr>\n<\/tbody>\n<\/table>\n<p>&nbsp;<\/p>","protected":false},"excerpt":{"rendered":"<h2>Grilio skrudintuvas su konvejeriu<\/h2>\n<p>Tai <strong>konvejerio juostinis skrudintuvas<\/strong> i\u0161 <strong><span style=\"color: #ff0000;\">KAM<\/span><span style=\"color: #0000ff;\">R<\/span>c<\/strong> Jis tinka beveik visoms komercin\u0117ms virtuv\u0117ms, greitas, efektyvus ir paprastas naudoti. Per valand\u0105 galima paruo\u0161ti iki 300 riekeli\u0173 duonos. Tai <strong>Grilio skrudintuvas<\/strong> Jame yra septyni reguliuojami grei\u010diai ir trys skrudinimo re\u017eimai, leid\u017eiantys kontroliuoti duonos spalv\u0105 ir \u0161vie\u017eum\u0105. Tegul nenugalimas \u0161ilto, auksinio skrebu\u010dio aromatas suvilioja savo klientus. Tai <strong>Skrudintuvas<\/strong> Puikiai tinka kavin\u0117ms, bufetams ir kavin\u0117ms. Neleiskite savo klientams laukti!<\/p>\n<h6><strong>Garantija\u00a0<span style=\"color: #ff0000;\">KAM<\/span><span style=\"color: #0000ff;\">R<\/span>C 2 METAI<\/strong><\/h6>\n<h6>\u00a0<span style=\"color: #008000;\">Efektyvus juostinis skrudintuvas, ma\u017eas suvartojimas 1800w<\/span><\/h6>\n<h6><strong>\u012ftraukta technin\u0117 pagalba<\/strong><\/h6>","protected":false},"featured_media":4305,"comment_status":"open","ping_status":"closed","template":"","meta":{"wds_primary_product_brand":0,"wds_primary_product_cat":0},"product_brand":[],"product_cat":[40,53],"product_tag":[],"class_list":{"0":"post-4303","1":"product","2":"type-product","3":"status-publish","4":"has-post-thumbnail","6":"product_cat-hornos","7":"product_cat-panaderia-y-pasteleria-industrial","8":"product_shipping_class-hosteleria","10":"first","11":"instock","12":"sale","13":"taxable","14":"shipping-taxable","15":"purchasable","16":"product-type-simple"},"yoast_head":"<!-- This site is optimized with the Yoast SEO Premium plugin v24.9 (Yoast SEO v26.1) - https:\/\/yoast.com\/wordpress\/plugins\/seo\/ -->\n<title>Tostador grill con cinta transportadora - distribuci\u00f3n ARC<\/title>\n<meta name=\"robots\" content=\"index, follow, max-snippet:-1, max-image-preview:large, max-video-preview:-1\" \/>\n<link rel=\"canonical\" href=\"https:\/\/distribucionarc.com\/lt\/produktas\/skrudintuvas-grilis-su-konvejeriu\/\" \/>\n<meta property=\"og:locale\" content=\"lt_LT\" \/>\n<meta property=\"og:type\" content=\"article\" \/>\n<meta property=\"og:title\" content=\"Tostador grill con cinta transportadora\" \/>\n<meta property=\"og:description\" content=\"Tostador grill con cinta transportadora Esta tostadora con cinta transportadora de ARC es adecuada para pr\u00e1cticamente todas las cocinas comerciales r\u00e1pida, eficiente y f\u00e1cil de usar. Puede preparar hasta 300 rebanadas de pan por hora. Este Grill tostador dispone de siete velocidades ajustables y tres modos de tostado para controlar el color y la frescura del pan. Deje que el aroma irresistible del pan tostado c\u00e1lido y dorado tiente a sus clientes. Esta Tostadora de pan es ideal para caf\u00e9s, buf\u00e9s y cafeter\u00edas. \u00a1Evite que sus clientes esperen! Garant\u00eda\u00a0ARC 2 A\u00d1OS \u00a0Tostadora con cinta eficiente, bajo consumo 1800w soporte t\u00e9cnico incluido\" \/>\n<meta property=\"og:url\" content=\"https:\/\/distribucionarc.com\/lt\/produktas\/skrudintuvas-grilis-su-konvejeriu\/\" \/>\n<meta property=\"og:site_name\" content=\"distribuci\u00f3n ARC\" \/>\n<meta property=\"article:modified_time\" content=\"2021-01-28T11:21:18+00:00\" \/>\n<meta property=\"og:image\" content=\"https:\/\/distribucionarc.com\/wp-content\/uploads\/2021\/01\/Tostador-grill-con-cinta-transportadora-0.jpg\" \/>\n\t<meta property=\"og:image:width\" content=\"1600\" \/>\n\t<meta property=\"og:image:height\" content=\"1600\" \/>\n\t<meta property=\"og:image:type\" content=\"image\/jpeg\" \/>\n<meta name=\"twitter:card\" content=\"summary_large_image\" \/>\n<meta name=\"twitter:label1\" content=\"Est. reading time\" \/>\n\t<meta name=\"twitter:data1\" content=\"2 minut\u0117s\" \/>\n<script type=\"application\/ld+json\" class=\"yoast-schema-graph\">{\"@context\":\"https:\/\/schema.org\",\"@graph\":[{\"@type\":\"WebPage\",\"@id\":\"https:\/\/distribucionarc.com\/sk\/producto\/tostador-grill-con-cinta-transportadora\/\",\"url\":\"https:\/\/distribucionarc.com\/sk\/producto\/tostador-grill-con-cinta-transportadora\/\",\"name\":\"Tostador grill con cinta transportadora - distribuci\u00f3n ARC\",\"isPartOf\":{\"@id\":\"https:\/\/distribucionarc.com\/ro\/#website\"},\"primaryImageOfPage\":{\"@id\":\"https:\/\/distribucionarc.com\/sk\/producto\/tostador-grill-con-cinta-transportadora\/#primaryimage\"},\"image\":{\"@id\":\"https:\/\/distribucionarc.com\/sk\/producto\/tostador-grill-con-cinta-transportadora\/#primaryimage\"},\"thumbnailUrl\":\"https:\/\/distribucionarc.com\/wp-content\/uploads\/2021\/01\/Tostador-grill-con-cinta-transportadora-0.jpg\",\"datePublished\":\"2021-01-28T11:21:17+00:00\",\"dateModified\":\"2021-01-28T11:21:18+00:00\",\"breadcrumb\":{\"@id\":\"https:\/\/distribucionarc.com\/sk\/producto\/tostador-grill-con-cinta-transportadora\/#breadcrumb\"},\"inLanguage\":\"lt-LT\",\"potentialAction\":[{\"@type\":\"ReadAction\",\"target\":[\"https:\/\/distribucionarc.com\/sk\/producto\/tostador-grill-con-cinta-transportadora\/\"]}]},{\"@type\":\"ImageObject\",\"inLanguage\":\"lt-LT\",\"@id\":\"https:\/\/distribucionarc.com\/sk\/producto\/tostador-grill-con-cinta-transportadora\/#primaryimage\",\"url\":\"https:\/\/distribucionarc.com\/wp-content\/uploads\/2021\/01\/Tostador-grill-con-cinta-transportadora-0.jpg\",\"contentUrl\":\"https:\/\/distribucionarc.com\/wp-content\/uploads\/2021\/01\/Tostador-grill-con-cinta-transportadora-0.jpg\",\"width\":1600,\"height\":1600,\"caption\":\"Tostador grill con cinta transportadora\"},{\"@type\":\"BreadcrumbList\",\"@id\":\"https:\/\/distribucionarc.com\/sk\/producto\/tostador-grill-con-cinta-transportadora\/#breadcrumb\",\"itemListElement\":[{\"@type\":\"ListItem\",\"position\":1,\"name\":\"Portada\",\"item\":\"https:\/\/distribucionarc.com\/ar\/\"},{\"@type\":\"ListItem\",\"position\":2,\"name\":\"Proizvodi\",\"item\":\"https:\/\/www.distribucionarc.com\/hr\/ducan\/\"},{\"@type\":\"ListItem\",\"position\":3,\"name\":\"Tostador grill con cinta transportadora\"}]},{\"@type\":\"WebSite\",\"@id\":\"https:\/\/distribucionarc.com\/ro\/#website\",\"url\":\"https:\/\/distribucionarc.com\/ro\/\",\"name\":\"distribuci\u00f3n ARC\",\"description\":\"Empresa especializada en la fabricaci\u00f3n y distribuci\u00f3n de maquinaria industrial, selladoras de latas, Maquinas de hacer pastillas, Maquinas de cortar carne...\",\"publisher\":{\"@id\":\"https:\/\/distribucionarc.com\/ro\/#organization\"},\"potentialAction\":[{\"@type\":\"SearchAction\",\"target\":{\"@type\":\"EntryPoint\",\"urlTemplate\":\"https:\/\/distribucionarc.com\/ro\/?s={search_term_string}\"},\"query-input\":{\"@type\":\"PropertyValueSpecification\",\"valueRequired\":true,\"valueName\":\"search_term_string\"}}],\"inLanguage\":\"lt-LT\"},{\"@type\":\"Organization\",\"@id\":\"https:\/\/distribucionarc.com\/ro\/#organization\",\"name\":\"Distribuci\u00f3n ARC\",\"url\":\"https:\/\/distribucionarc.com\/ro\/\",\"logo\":{\"@type\":\"ImageObject\",\"inLanguage\":\"lt-LT\",\"@id\":\"https:\/\/distribucionarc.com\/ro\/#\/schema\/logo\/image\/\",\"url\":\"https:\/\/distribucionarc.com\/wp-content\/uploads\/2024\/10\/distribucion-ARC-COLOR-SIN-FONDO-e1732295305345.png\",\"contentUrl\":\"https:\/\/distribucionarc.com\/wp-content\/uploads\/2024\/10\/distribucion-ARC-COLOR-SIN-FONDO-e1732295305345.png\",\"width\":1164,\"height\":558,\"caption\":\"Distribuci\u00f3n ARC\"},\"image\":{\"@id\":\"https:\/\/distribucionarc.com\/ro\/#\/schema\/logo\/image\/\"},\"description\":\"Empresa especializada en la fabricaci\u00f3n y distribuci\u00f3n de maquinaria industrial para los sectores alimentario y farmac\u00e9utico. Nos especializamos en: M\u00e1quinas de cortar carne Fabricaci\u00f3n de comprimidos Sistemas de transporte industrial L\u00edneas de embotellado Dosificadores Y mucho m\u00e1s... Ofrecemos soluciones innovadoras y personalizadas para optimizar los procesos productivos de tu empresa.\",\"email\":\"Admistracion@distribucionarc.com\",\"telephone\":\"+34 643496664\",\"legalName\":\"ARC TECH SOLUTIONS\",\"foundingDate\":\"2024-04-09\",\"vatID\":\"B55480172\",\"numberOfEmployees\":{\"@type\":\"QuantitativeValue\",\"minValue\":\"1\",\"maxValue\":\"10\"}}]}<\/script>\n<!-- \/ Yoast SEO Premium plugin. -->","yoast_head_json":{"title":"Grilio skrudintuvas su konvejeriu - ARC paskirstymas","robots":{"index":"index","follow":"follow","max-snippet":"max-snippet:-1","max-image-preview":"max-image-preview:large","max-video-preview":"max-video-preview:-1"},"canonical":"https:\/\/distribucionarc.com\/lt\/produktas\/skrudintuvas-grilis-su-konvejeriu\/","og_locale":"lt_LT","og_type":"article","og_title":"Tostador grill con cinta transportadora","og_description":"Tostador grill con cinta transportadora Esta tostadora con cinta transportadora de ARC es adecuada para pr\u00e1cticamente todas las cocinas comerciales r\u00e1pida, eficiente y f\u00e1cil de usar. Puede preparar hasta 300 rebanadas de pan por hora. Este Grill tostador dispone de siete velocidades ajustables y tres modos de tostado para controlar el color y la frescura del pan. Deje que el aroma irresistible del pan tostado c\u00e1lido y dorado tiente a sus clientes. Esta Tostadora de pan es ideal para caf\u00e9s, buf\u00e9s y cafeter\u00edas. \u00a1Evite que sus clientes esperen! Garant\u00eda\u00a0ARC 2 A\u00d1OS \u00a0Tostadora con cinta eficiente, bajo consumo 1800w soporte t\u00e9cnico incluido","og_url":"https:\/\/distribucionarc.com\/lt\/produktas\/skrudintuvas-grilis-su-konvejeriu\/","og_site_name":"distribuci\u00f3n ARC","article_modified_time":"2021-01-28T11:21:18+00:00","og_image":[{"width":1600,"height":1600,"url":"https:\/\/distribucionarc.com\/wp-content\/uploads\/2021\/01\/Tostador-grill-con-cinta-transportadora-0.jpg","type":"image\/jpeg"}],"twitter_card":"summary_large_image","twitter_misc":{"Est. reading time":"2 minut\u0117s"},"schema":{"@context":"https:\/\/schema.org","@graph":[{"@type":"WebPage","@id":"https:\/\/distribucionarc.com\/sk\/producto\/tostador-grill-con-cinta-transportadora\/","url":"https:\/\/distribucionarc.com\/sk\/producto\/tostador-grill-con-cinta-transportadora\/","name":"Grilio skrudintuvas su konvejeriu - ARC paskirstymas","isPartOf":{"@id":"https:\/\/distribucionarc.com\/ro\/#website"},"primaryImageOfPage":{"@id":"https:\/\/distribucionarc.com\/sk\/producto\/tostador-grill-con-cinta-transportadora\/#primaryimage"},"image":{"@id":"https:\/\/distribucionarc.com\/sk\/producto\/tostador-grill-con-cinta-transportadora\/#primaryimage"},"thumbnailUrl":"https:\/\/distribucionarc.com\/wp-content\/uploads\/2021\/01\/Tostador-grill-con-cinta-transportadora-0.jpg","datePublished":"2021-01-28T11:21:17+00:00","dateModified":"2021-01-28T11:21:18+00:00","breadcrumb":{"@id":"https:\/\/distribucionarc.com\/sk\/producto\/tostador-grill-con-cinta-transportadora\/#breadcrumb"},"inLanguage":"lt-LT","potentialAction":[{"@type":"ReadAction","target":["https:\/\/distribucionarc.com\/sk\/producto\/tostador-grill-con-cinta-transportadora\/"]}]},{"@type":"ImageObject","inLanguage":"lt-LT","@id":"https:\/\/distribucionarc.com\/sk\/producto\/tostador-grill-con-cinta-transportadora\/#primaryimage","url":"https:\/\/distribucionarc.com\/wp-content\/uploads\/2021\/01\/Tostador-grill-con-cinta-transportadora-0.jpg","contentUrl":"https:\/\/distribucionarc.com\/wp-content\/uploads\/2021\/01\/Tostador-grill-con-cinta-transportadora-0.jpg","width":1600,"height":1600,"caption":"Tostador grill con cinta transportadora"},{"@type":"BreadcrumbList","@id":"https:\/\/distribucionarc.com\/sk\/producto\/tostador-grill-con-cinta-transportadora\/#breadcrumb","itemListElement":[{"@type":"ListItem","position":1,"name":"Portada","item":"https:\/\/distribucionarc.com\/ar\/"},{"@type":"ListItem","position":2,"name":"Proizvodi","item":"https:\/\/www.distribucionarc.com\/hr\/ducan\/"},{"@type":"ListItem","position":3,"name":"Tostador grill con cinta transportadora"}]},{"@type":"WebSite","@id":"https:\/\/distribucionarc.com\/ro\/#website","url":"https:\/\/distribucionarc.com\/ro\/","name":"ARC paskirstymas","description":"\u012emon\u0117 specializuojasi pramonini\u0173 ma\u0161in\u0173, skardini\u0173 sandarinimo ma\u0161in\u0173, table\u010di\u0173 gamybos ma\u0161in\u0173, m\u0117sos pjaustymo ma\u0161in\u0173 gamyboje ir platinime...","publisher":{"@id":"https:\/\/distribucionarc.com\/ro\/#organization"},"potentialAction":[{"@type":"SearchAction","target":{"@type":"EntryPoint","urlTemplate":"https:\/\/distribucionarc.com\/ro\/?s={search_term_string}"},"query-input":{"@type":"PropertyValueSpecification","valueRequired":true,"valueName":"search_term_string"}}],"inLanguage":"lt-LT"},{"@type":"Organization","@id":"https:\/\/distribucionarc.com\/ro\/#organization","name":"ARC platinimas","url":"https:\/\/distribucionarc.com\/ro\/","logo":{"@type":"ImageObject","inLanguage":"lt-LT","@id":"https:\/\/distribucionarc.com\/ro\/#\/schema\/logo\/image\/","url":"https:\/\/distribucionarc.com\/wp-content\/uploads\/2024\/10\/distribucion-ARC-COLOR-SIN-FONDO-e1732295305345.png","contentUrl":"https:\/\/distribucionarc.com\/wp-content\/uploads\/2024\/10\/distribucion-ARC-COLOR-SIN-FONDO-e1732295305345.png","width":1164,"height":558,"caption":"Distribuci\u00f3n ARC"},"image":{"@id":"https:\/\/distribucionarc.com\/ro\/#\/schema\/logo\/image\/"},"description":"\u012emon\u0117 specializuojasi maisto ir farmacijos sektoriams skirt\u0173 pramonini\u0173 ma\u0161in\u0173 gamyboje ir platinime. M\u016bs\u0173 specializacija: M\u0117sos pjaustymo ma\u0161inos Table\u010di\u0173 gamyba Pramonin\u0117s transportavimo sistemos I\u0161pilstymo linijos Dozatoriai Ir dar daugiau... Si\u016blome novatori\u0161kus ir individualiems poreikiams pritaikytus sprendimus, kad optimizuotume j\u016bs\u0173 \u012fmon\u0117s gamybos procesus.","email":"Admistracion@distribucionarc.com","telephone":"+34 643496664","legalName":"ARC TECH SOLUTIONS","foundingDate":"2024-04-09","vatID":"B55480172","numberOfEmployees":{"@type":"QuantitativeValue","minValue":"1","maxValue":"10"}}]}},"_links":{"self":[{"href":"https:\/\/distribucionarc.com\/lt\/wp-json\/wp\/v2\/product\/4303","targetHints":{"allow":["GET"]}}],"collection":[{"href":"https:\/\/distribucionarc.com\/lt\/wp-json\/wp\/v2\/product"}],"about":[{"href":"https:\/\/distribucionarc.com\/lt\/wp-json\/wp\/v2\/types\/product"}],"replies":[{"embeddable":true,"href":"https:\/\/distribucionarc.com\/lt\/wp-json\/wp\/v2\/comments?post=4303"}],"version-history":[{"count":0,"href":"https:\/\/distribucionarc.com\/lt\/wp-json\/wp\/v2\/product\/4303\/revisions"}],"wp:featuredmedia":[{"embeddable":true,"href":"https:\/\/distribucionarc.com\/lt\/wp-json\/wp\/v2\/media\/4305"}],"wp:attachment":[{"href":"https:\/\/distribucionarc.com\/lt\/wp-json\/wp\/v2\/media?parent=4303"}],"wp:term":[{"taxonomy":"product_brand","embeddable":true,"href":"https:\/\/distribucionarc.com\/lt\/wp-json\/wp\/v2\/product_brand?post=4303"},{"taxonomy":"product_cat","embeddable":true,"href":"https:\/\/distribucionarc.com\/lt\/wp-json\/wp\/v2\/product_cat?post=4303"},{"taxonomy":"product_tag","embeddable":true,"href":"https:\/\/distribucionarc.com\/lt\/wp-json\/wp\/v2\/product_tag?post=4303"}],"curies":[{"name":"wp","href":"https:\/\/api.w.org\/{rel}","templated":true}]}}