{"id":4318,"date":"2021-01-28T14:12:22","date_gmt":"2021-01-28T14:12:22","guid":{"rendered":"https:\/\/distribucionarc.com\/?post_type=product&#038;p=4318"},"modified":"2021-01-28T14:12:22","modified_gmt":"2021-01-28T14:12:22","slug":"automatinis-juostos-pjaustytuvas","status":"publish","type":"product","link":"https:\/\/distribucionarc.com\/lt\/producto\/cortadora-de-cinta-automatica\/","title":{"rendered":"Automatinis juostos pjaustytuvas\u00a0"},"content":{"rendered":"<h3>Automatinis juostos pjaustytuvas<\/h3>\n<p>The <strong>pjaustytuvas\u00a0<\/strong><b>\u0161alta<\/b>\u00a0Jis pagamintas i\u0161 ner\u016bdijan\u010dio plieno ir auk\u0161tos kokyb\u0117s plastiko, pasi\u017eymintis auk\u0161ta kokybe ir ilgaam\u017ei\u0161kumu. Saugumo sumetimais tai <strong>juost\u0173 pjovimo ma\u0161ina <span style=\"color: #ff0000;\">KAM<\/span><span style=\"color: #0000ff;\">R<\/span>CCCA175<\/strong> Jame yra \u012f\u017eeminimo ki\u0161tukai ir kelios \u0161ilumos i\u0161sklaidymo angos.<\/p>\n<p>Tai <strong>juosteli\u0173 pjovimo ma\u0161ina<\/strong> Jame yra mikrokompiuterio valdymas <strong>juostos pjaustytuvas <span style=\"color: #ff0000;\">KAM<\/span><span style=\"color: #0000ff;\">R<\/span>c<\/strong> Jis yra visi\u0161kai automatinis. Skaidrus valdymo pultas leid\u017eia lengvai ir patogiai valdyti. <strong>Milimetrinis pjaustytuvas<\/strong> atlikti sinchronin\u012f 100mm pjovimo plo\u010dio juost\u0173 pjovim\u0105. Reguliuojamas pjovimo ir padavimo greitis. Balto plieno suvirinimo peilis turi puik\u0173 pjovimo efekt\u0105.<\/p>\n<p>D\u0117l didelio tikslumo indukcijos, tai <strong>\u0161alto pjovimo ma\u0161ina <span style=\"color: #ff0000;\">KAM<\/span><span style=\"color: #0000ff;\">R<\/span>CCCA175<\/strong> Jis automati\u0161kai sustoja, kai baigiamas pjovimas. Taupykite energij\u0105 ir elektr\u0105. Tuo pa\u010diu garantuojamas saugumas. \u0160io gnybtas <strong>Milimetrinis elektrinis pjaustytuvas<\/strong> Palaiko du juostos ritinius, kurie gali veikti vienu metu. Atstumas tarp plok\u0161\u010di\u0173 reguliuojamas. Jei dir\u017eeliai atsilaisvina arba pj\u016bvis n\u0117ra lygus, juos pritvirtinkite. Tai<strong> juostos pjovimo \u012ftaisas<\/strong> Tinka \u012fvairioms juostoms, pavyzd\u017eiui, trikota\u017einiams audiniams, Velcro dir\u017eeliais, odai, kaspinams, kuprin\u0117s dir\u017eams, bat\u0173 rai\u0161t\u0117ms, plastikui, elastin\u0117ms juostoms, u\u017etrauktukams ir kt.<\/p>\n<h6><strong>Garantija\u00a0<span style=\"color: #ff0000;\">KAM<\/span><span style=\"color: #0000ff;\">R<\/span>C 2 METAI<\/strong><\/h6>\n<h6><span style=\"color: #008000;\">Efektyvus automatinis juostos pjoviklis, ma\u017eos s\u0105naudos 225w<\/span><\/h6>\n<h6><strong>\u012ftraukta technin\u0117 pagalba<\/strong><\/h6>\n<p>&nbsp;<\/p>\n<table role=\"presentation\" width=\"100%\" cellspacing=\"0\" cellpadding=\"0\">\n<tbody>\n<tr>\n<td class=\"attrLabels\">Prekinis \u017eenklas:<\/td>\n<td width=\"50.0%\">ARC<\/td>\n<\/tr>\n<tr>\n<td class=\"attrLabels\">Garantija:<\/td>\n<td width=\"50.0%\">2 metai<\/td>\n<td class=\"attrLabels\">Svoris:<\/td>\n<td width=\"50.0%\">22,5 kg<\/td>\n<\/tr>\n<tr>\n<td class=\"attrLabels\">Platinimo \u0161alis:<\/td>\n<td width=\"50.0%\">Ispanija, Vokietija, JAV<\/td>\n<td class=\"attrLabels\">Auk\u0161tis:<\/td>\n<td width=\"50.0%\">42,5 cm<\/td>\n<\/tr>\n<tr>\n<td class=\"attrLabels\">Spalva:<\/td>\n<td width=\"50.0%\">Sidabras<\/td>\n<td class=\"attrLabels\">Ilgas:<\/td>\n<td width=\"50.0%\">96 cm<\/td>\n<\/tr>\n<tr>\n<td class=\"attrLabels\">Produkto tipas:<\/td>\n<td width=\"50.0%\">juostos pjaustytuvas<\/td>\n<td class=\"attrLabels\">Platus:<\/td>\n<td width=\"50.0%\">31,5 cm<\/td>\n<\/tr>\n<tr>\n<td class=\"attrLabels\">Gamintojo numeris:<\/td>\n<td width=\"50.0%\">ARCCCA175<\/td>\n<td class=\"attrLabels\">Pjovimo ilgis:<\/td>\n<td width=\"50.0%\">1-99999 mm<\/td>\n<\/tr>\n<tr>\n<td class=\"attrLabels\">Med\u017eiaga:<\/td>\n<td width=\"50.0%\">ner\u016bdijan\u010dio plieno, mikrokompiuteris<\/td>\n<td class=\"attrLabels\">Pjovimo greitis:<\/td>\n<td width=\"50.0%\">110 juosteli\u0173 per minut\u0119 (ilgis 50 mm)<\/td>\n<\/tr>\n<tr>\n<td class=\"attrLabels\">Galia:<\/td>\n<td width=\"50.0%\">225W<\/td>\n<td class=\"attrLabels\">Pjovimo plotis:<\/td>\n<td width=\"50.0%\">100 mm<\/td>\n<\/tr>\n<tr>\n<td class=\"attrLabels\">\u012etampa:<\/td>\n<td width=\"50.0%\">220V nuo 50Hz iki 60Hz<\/td>\n<td class=\"attrLabels\">Pjovimo storis:<\/td>\n<td width=\"50.0%\">2 mm<\/td>\n<\/tr>\n<\/tbody>\n<\/table>","protected":false},"excerpt":{"rendered":"<h2>Automatinis juostos pjaustytuvas<\/h2>\n<p>Tai <strong>dir\u017e\u0173 pjaustytuvas <span style=\"color: #ff0000;\">KAM<\/span><span style=\"color: #0000ff;\">R<\/span>c<\/strong> su \u0161alto pjovimo funkcija. J\u012f valdo mikrokompiuterio valdymo sistema. Visas pjovimo procesas yra automatinis, paprastas ir saugus. The <strong>juostos pjaustytuvas<\/strong> Galima naudoti daugeliui skirtingo ilgio dir\u017eeli\u0173, toki\u0173 kaip Velcro dir\u017eeliai, nailoniniai dir\u017eeliai ir kt. The <strong>juosteli\u0173 pjovimo ma\u0161ina <span style=\"color: #ff0000;\">KAM<\/span><span style=\"color: #0000ff;\">R<\/span>c<\/strong> Jis turi \u0161alto pjovimo funkcij\u0105, j\u012f lengva ir patogu naudoti. Tai <strong>elektrinis juostinis pjoviklis<\/strong> Jam b\u016bdingas puikus pjovimo efektas, efektyvumas ir apdorojimas be \u012ftr\u016bkim\u0173. Juostos ilgis gali b\u016bti 50 mm, \u0161i milimetrin\u0117 pjaustykl\u0117 gali nupjauti iki 110 vienet\u0173 per minut\u0119.<\/p>\n<h6><strong>Garantija\u00a0<span style=\"color: #ff0000;\">KAM<\/span><span style=\"color: #0000ff;\">R<\/span>C 2 METAI<\/strong><\/h6>\n<h6><span style=\"color: #008000;\">Efektyvus automatinis juostos pjoviklis, ma\u017eos s\u0105naudos 225w<\/span><\/h6>\n<h6><strong>\u012ftraukta technin\u0117 pagalba<\/strong><\/h6>","protected":false},"featured_media":4319,"comment_status":"open","ping_status":"closed","template":"","meta":{"wds_primary_product_brand":0,"wds_primary_product_cat":0},"product_brand":[],"product_cat":[69],"product_tag":[],"class_list":{"0":"post-4318","1":"product","2":"type-product","3":"status-publish","4":"has-post-thumbnail","6":"product_cat-maquinas-variadas","7":"product_shipping_class-express","9":"first","10":"instock","11":"sale","12":"taxable","13":"shipping-taxable","14":"purchasable","15":"product-type-simple"},"yoast_head":"<!-- This site is optimized with the Yoast SEO Premium plugin v24.9 (Yoast SEO v26.1) - https:\/\/yoast.com\/wordpress\/plugins\/seo\/ -->\n<title>Cortadora de cinta autom\u00e1tica\u00a0 - distribuci\u00f3n ARC<\/title>\n<meta name=\"robots\" content=\"index, follow, max-snippet:-1, max-image-preview:large, max-video-preview:-1\" \/>\n<link rel=\"canonical\" href=\"https:\/\/distribucionarc.com\/lt\/produktas\/automatinis-juostos-pjaustytuvas\/\" \/>\n<meta property=\"og:locale\" content=\"lt_LT\" \/>\n<meta property=\"og:type\" content=\"article\" \/>\n<meta property=\"og:title\" content=\"Cortadora de cinta autom\u00e1tica\u00a0\" \/>\n<meta property=\"og:description\" content=\"Cortadora de cinta autom\u00e1tica Esta cortadora de correas ARC con funci\u00f3n de corte en fr\u00edo. Est\u00e1 controlado por un sistema de control por microordenador. Todo el proceso de corte es autom\u00e1tico, sencillo y seguro. La cortadora de cintas se puede utilizar para muchas correas de diferentes longitudes, tales como correas de velcro, correas de nailon, etc. La m\u00e1quina para corte de cintas ARC cuenta con funci\u00f3n de corte en fr\u00edo, es f\u00e1cil y c\u00f3modo de usar. Esta cortadora el\u00e9ctrica de correas se caracteriza por su excelente efecto de corte, eficiencia y procesamiento sin rebabas. La longitud de la cinta puede ser de 50 mm, esta cortadora milim\u00e9trica puede cortar hasta 110 piezas por minuto. Garant\u00eda\u00a0ARC 2 A\u00d1OS Cortador de cinta autom\u00e1tico eficiente, bajo consumo 225w soporte t\u00e9cnico incluido\" \/>\n<meta property=\"og:url\" content=\"https:\/\/distribucionarc.com\/lt\/produktas\/automatinis-juostos-pjaustytuvas\/\" \/>\n<meta property=\"og:site_name\" content=\"distribuci\u00f3n ARC\" \/>\n<meta property=\"og:image\" content=\"https:\/\/distribucionarc.com\/wp-content\/uploads\/2021\/01\/Cortadora-de-cinta-automatica-0.jpg\" \/>\n\t<meta property=\"og:image:width\" content=\"1600\" \/>\n\t<meta property=\"og:image:height\" content=\"1600\" \/>\n\t<meta property=\"og:image:type\" content=\"image\/jpeg\" \/>\n<meta name=\"twitter:card\" content=\"summary_large_image\" \/>\n<meta name=\"twitter:label1\" content=\"Est. reading time\" \/>\n\t<meta name=\"twitter:data1\" content=\"2 minut\u0117s\" \/>\n<script type=\"application\/ld+json\" class=\"yoast-schema-graph\">{\"@context\":\"https:\/\/schema.org\",\"@graph\":[{\"@type\":\"WebPage\",\"@id\":\"https:\/\/distribucionarc.com\/pl\/producto\/cortadora-de-cinta-automatica\/\",\"url\":\"https:\/\/distribucionarc.com\/pl\/producto\/cortadora-de-cinta-automatica\/\",\"name\":\"Cortadora de cinta autom\u00e1tica\u00a0 - distribuci\u00f3n ARC\",\"isPartOf\":{\"@id\":\"https:\/\/distribucionarc.com\/de\/#website\"},\"primaryImageOfPage\":{\"@id\":\"https:\/\/distribucionarc.com\/pl\/producto\/cortadora-de-cinta-automatica\/#primaryimage\"},\"image\":{\"@id\":\"https:\/\/distribucionarc.com\/pl\/producto\/cortadora-de-cinta-automatica\/#primaryimage\"},\"thumbnailUrl\":\"https:\/\/distribucionarc.com\/wp-content\/uploads\/2021\/01\/Cortadora-de-cinta-automatica-0.jpg\",\"datePublished\":\"2021-01-28T14:12:22+00:00\",\"breadcrumb\":{\"@id\":\"https:\/\/distribucionarc.com\/pl\/producto\/cortadora-de-cinta-automatica\/#breadcrumb\"},\"inLanguage\":\"lt-LT\",\"potentialAction\":[{\"@type\":\"ReadAction\",\"target\":[\"https:\/\/distribucionarc.com\/pl\/producto\/cortadora-de-cinta-automatica\/\"]}]},{\"@type\":\"ImageObject\",\"inLanguage\":\"lt-LT\",\"@id\":\"https:\/\/distribucionarc.com\/pl\/producto\/cortadora-de-cinta-automatica\/#primaryimage\",\"url\":\"https:\/\/distribucionarc.com\/wp-content\/uploads\/2021\/01\/Cortadora-de-cinta-automatica-0.jpg\",\"contentUrl\":\"https:\/\/distribucionarc.com\/wp-content\/uploads\/2021\/01\/Cortadora-de-cinta-automatica-0.jpg\",\"width\":1600,\"height\":1600,\"caption\":\"Cortadora de cinta autom\u00e1tica\u00a0\"},{\"@type\":\"BreadcrumbList\",\"@id\":\"https:\/\/distribucionarc.com\/pl\/producto\/cortadora-de-cinta-automatica\/#breadcrumb\",\"itemListElement\":[{\"@type\":\"ListItem\",\"position\":1,\"name\":\"Portada\",\"item\":\"https:\/\/distribucionarc.com\/pl\/\"},{\"@type\":\"ListItem\",\"position\":2,\"name\":\"Produkty\",\"item\":\"https:\/\/distribucionarc.com\/pl\/shop\/\"},{\"@type\":\"ListItem\",\"position\":3,\"name\":\"Cortadora de cinta autom\u00e1tica\u00a0\"}]},{\"@type\":\"WebSite\",\"@id\":\"https:\/\/distribucionarc.com\/de\/#website\",\"url\":\"https:\/\/distribucionarc.com\/de\/\",\"name\":\"distribuci\u00f3n ARC\",\"description\":\"Empresa especializada en la fabricaci\u00f3n y distribuci\u00f3n de maquinaria industrial, selladoras de latas, Maquinas de hacer pastillas, Maquinas de cortar carne...\",\"publisher\":{\"@id\":\"https:\/\/distribucionarc.com\/de\/#organization\"},\"potentialAction\":[{\"@type\":\"SearchAction\",\"target\":{\"@type\":\"EntryPoint\",\"urlTemplate\":\"https:\/\/distribucionarc.com\/de\/?s={search_term_string}\"},\"query-input\":{\"@type\":\"PropertyValueSpecification\",\"valueRequired\":true,\"valueName\":\"search_term_string\"}}],\"inLanguage\":\"lt-LT\"},{\"@type\":\"Organization\",\"@id\":\"https:\/\/distribucionarc.com\/de\/#organization\",\"name\":\"Distribuci\u00f3n ARC\",\"url\":\"https:\/\/distribucionarc.com\/de\/\",\"logo\":{\"@type\":\"ImageObject\",\"inLanguage\":\"lt-LT\",\"@id\":\"https:\/\/distribucionarc.com\/de\/#\/schema\/logo\/image\/\",\"url\":\"https:\/\/distribucionarc.com\/wp-content\/uploads\/2024\/10\/distribucion-ARC-COLOR-SIN-FONDO-e1732295305345.png\",\"contentUrl\":\"https:\/\/distribucionarc.com\/wp-content\/uploads\/2024\/10\/distribucion-ARC-COLOR-SIN-FONDO-e1732295305345.png\",\"width\":1164,\"height\":558,\"caption\":\"Distribuci\u00f3n ARC\"},\"image\":{\"@id\":\"https:\/\/distribucionarc.com\/de\/#\/schema\/logo\/image\/\"},\"description\":\"Empresa especializada en la fabricaci\u00f3n y distribuci\u00f3n de maquinaria industrial para los sectores alimentario y farmac\u00e9utico. Nos especializamos en: M\u00e1quinas de cortar carne Fabricaci\u00f3n de comprimidos Sistemas de transporte industrial L\u00edneas de embotellado Dosificadores Y mucho m\u00e1s... Ofrecemos soluciones innovadoras y personalizadas para optimizar los procesos productivos de tu empresa.\",\"email\":\"Admistracion@distribucionarc.com\",\"telephone\":\"+34 643496664\",\"legalName\":\"ARC TECH SOLUTIONS\",\"foundingDate\":\"2024-04-09\",\"vatID\":\"B55480172\",\"numberOfEmployees\":{\"@type\":\"QuantitativeValue\",\"minValue\":\"1\",\"maxValue\":\"10\"}}]}<\/script>\n<!-- \/ Yoast SEO Premium plugin. -->","yoast_head_json":{"title":"Automatinis juostos pjoviklis - ARC paskirstymas","robots":{"index":"index","follow":"follow","max-snippet":"max-snippet:-1","max-image-preview":"max-image-preview:large","max-video-preview":"max-video-preview:-1"},"canonical":"https:\/\/distribucionarc.com\/lt\/produktas\/automatinis-juostos-pjaustytuvas\/","og_locale":"lt_LT","og_type":"article","og_title":"Cortadora de cinta autom\u00e1tica\u00a0","og_description":"Cortadora de cinta autom\u00e1tica Esta cortadora de correas ARC con funci\u00f3n de corte en fr\u00edo. Est\u00e1 controlado por un sistema de control por microordenador. Todo el proceso de corte es autom\u00e1tico, sencillo y seguro. La cortadora de cintas se puede utilizar para muchas correas de diferentes longitudes, tales como correas de velcro, correas de nailon, etc. La m\u00e1quina para corte de cintas ARC cuenta con funci\u00f3n de corte en fr\u00edo, es f\u00e1cil y c\u00f3modo de usar. Esta cortadora el\u00e9ctrica de correas se caracteriza por su excelente efecto de corte, eficiencia y procesamiento sin rebabas. La longitud de la cinta puede ser de 50 mm, esta cortadora milim\u00e9trica puede cortar hasta 110 piezas por minuto. Garant\u00eda\u00a0ARC 2 A\u00d1OS Cortador de cinta autom\u00e1tico eficiente, bajo consumo 225w soporte t\u00e9cnico incluido","og_url":"https:\/\/distribucionarc.com\/lt\/produktas\/automatinis-juostos-pjaustytuvas\/","og_site_name":"distribuci\u00f3n ARC","og_image":[{"width":1600,"height":1600,"url":"https:\/\/distribucionarc.com\/wp-content\/uploads\/2021\/01\/Cortadora-de-cinta-automatica-0.jpg","type":"image\/jpeg"}],"twitter_card":"summary_large_image","twitter_misc":{"Est. reading time":"2 minut\u0117s"},"schema":{"@context":"https:\/\/schema.org","@graph":[{"@type":"WebPage","@id":"https:\/\/distribucionarc.com\/pl\/producto\/cortadora-de-cinta-automatica\/","url":"https:\/\/distribucionarc.com\/pl\/producto\/cortadora-de-cinta-automatica\/","name":"Automatinis juostos pjoviklis - ARC paskirstymas","isPartOf":{"@id":"https:\/\/distribucionarc.com\/de\/#website"},"primaryImageOfPage":{"@id":"https:\/\/distribucionarc.com\/pl\/producto\/cortadora-de-cinta-automatica\/#primaryimage"},"image":{"@id":"https:\/\/distribucionarc.com\/pl\/producto\/cortadora-de-cinta-automatica\/#primaryimage"},"thumbnailUrl":"https:\/\/distribucionarc.com\/wp-content\/uploads\/2021\/01\/Cortadora-de-cinta-automatica-0.jpg","datePublished":"2021-01-28T14:12:22+00:00","breadcrumb":{"@id":"https:\/\/distribucionarc.com\/pl\/producto\/cortadora-de-cinta-automatica\/#breadcrumb"},"inLanguage":"lt-LT","potentialAction":[{"@type":"ReadAction","target":["https:\/\/distribucionarc.com\/pl\/producto\/cortadora-de-cinta-automatica\/"]}]},{"@type":"ImageObject","inLanguage":"lt-LT","@id":"https:\/\/distribucionarc.com\/pl\/producto\/cortadora-de-cinta-automatica\/#primaryimage","url":"https:\/\/distribucionarc.com\/wp-content\/uploads\/2021\/01\/Cortadora-de-cinta-automatica-0.jpg","contentUrl":"https:\/\/distribucionarc.com\/wp-content\/uploads\/2021\/01\/Cortadora-de-cinta-automatica-0.jpg","width":1600,"height":1600,"caption":"Cortadora de cinta autom\u00e1tica\u00a0"},{"@type":"BreadcrumbList","@id":"https:\/\/distribucionarc.com\/pl\/producto\/cortadora-de-cinta-automatica\/#breadcrumb","itemListElement":[{"@type":"ListItem","position":1,"name":"Portada","item":"https:\/\/distribucionarc.com\/pl\/"},{"@type":"ListItem","position":2,"name":"Produkty","item":"https:\/\/distribucionarc.com\/pl\/shop\/"},{"@type":"ListItem","position":3,"name":"Cortadora de cinta autom\u00e1tica\u00a0"}]},{"@type":"WebSite","@id":"https:\/\/distribucionarc.com\/de\/#website","url":"https:\/\/distribucionarc.com\/de\/","name":"ARC paskirstymas","description":"\u012emon\u0117 specializuojasi pramonini\u0173 ma\u0161in\u0173, skardini\u0173 sandarinimo ma\u0161in\u0173, table\u010di\u0173 gamybos ma\u0161in\u0173, m\u0117sos pjaustymo ma\u0161in\u0173 gamyboje ir platinime...","publisher":{"@id":"https:\/\/distribucionarc.com\/de\/#organization"},"potentialAction":[{"@type":"SearchAction","target":{"@type":"EntryPoint","urlTemplate":"https:\/\/distribucionarc.com\/de\/?s={search_term_string}"},"query-input":{"@type":"PropertyValueSpecification","valueRequired":true,"valueName":"search_term_string"}}],"inLanguage":"lt-LT"},{"@type":"Organization","@id":"https:\/\/distribucionarc.com\/de\/#organization","name":"ARC platinimas","url":"https:\/\/distribucionarc.com\/de\/","logo":{"@type":"ImageObject","inLanguage":"lt-LT","@id":"https:\/\/distribucionarc.com\/de\/#\/schema\/logo\/image\/","url":"https:\/\/distribucionarc.com\/wp-content\/uploads\/2024\/10\/distribucion-ARC-COLOR-SIN-FONDO-e1732295305345.png","contentUrl":"https:\/\/distribucionarc.com\/wp-content\/uploads\/2024\/10\/distribucion-ARC-COLOR-SIN-FONDO-e1732295305345.png","width":1164,"height":558,"caption":"Distribuci\u00f3n ARC"},"image":{"@id":"https:\/\/distribucionarc.com\/de\/#\/schema\/logo\/image\/"},"description":"\u012emon\u0117 specializuojasi maisto ir farmacijos sektoriams skirt\u0173 pramonini\u0173 ma\u0161in\u0173 gamyboje ir platinime. M\u016bs\u0173 specializacija: M\u0117sos pjaustymo ma\u0161inos Table\u010di\u0173 gamyba Pramonin\u0117s transportavimo sistemos I\u0161pilstymo linijos Dozatoriai Ir dar daugiau... Si\u016blome novatori\u0161kus ir individualiems poreikiams pritaikytus sprendimus, kad optimizuotume j\u016bs\u0173 \u012fmon\u0117s gamybos procesus.","email":"Admistracion@distribucionarc.com","telephone":"+34 643496664","legalName":"ARC TECH SOLUTIONS","foundingDate":"2024-04-09","vatID":"B55480172","numberOfEmployees":{"@type":"QuantitativeValue","minValue":"1","maxValue":"10"}}]}},"_links":{"self":[{"href":"https:\/\/distribucionarc.com\/lt\/wp-json\/wp\/v2\/product\/4318","targetHints":{"allow":["GET"]}}],"collection":[{"href":"https:\/\/distribucionarc.com\/lt\/wp-json\/wp\/v2\/product"}],"about":[{"href":"https:\/\/distribucionarc.com\/lt\/wp-json\/wp\/v2\/types\/product"}],"replies":[{"embeddable":true,"href":"https:\/\/distribucionarc.com\/lt\/wp-json\/wp\/v2\/comments?post=4318"}],"version-history":[{"count":0,"href":"https:\/\/distribucionarc.com\/lt\/wp-json\/wp\/v2\/product\/4318\/revisions"}],"wp:featuredmedia":[{"embeddable":true,"href":"https:\/\/distribucionarc.com\/lt\/wp-json\/wp\/v2\/media\/4319"}],"wp:attachment":[{"href":"https:\/\/distribucionarc.com\/lt\/wp-json\/wp\/v2\/media?parent=4318"}],"wp:term":[{"taxonomy":"product_brand","embeddable":true,"href":"https:\/\/distribucionarc.com\/lt\/wp-json\/wp\/v2\/product_brand?post=4318"},{"taxonomy":"product_cat","embeddable":true,"href":"https:\/\/distribucionarc.com\/lt\/wp-json\/wp\/v2\/product_cat?post=4318"},{"taxonomy":"product_tag","embeddable":true,"href":"https:\/\/distribucionarc.com\/lt\/wp-json\/wp\/v2\/product_tag?post=4318"}],"curies":[{"name":"wp","href":"https:\/\/api.w.org\/{rel}","templated":true}]}}