{"id":4345,"date":"2021-01-29T10:05:10","date_gmt":"2021-01-29T10:05:10","guid":{"rendered":"https:\/\/distribucionarc.com\/?post_type=product&#038;p=4345"},"modified":"2021-01-29T10:05:10","modified_gmt":"2021-01-29T10:05:10","slug":"priputimas-kukuruzu-grudu-kvieciu-ryziu","status":"publish","type":"product","link":"https:\/\/distribucionarc.com\/lt\/producto\/inflador-para-maiz-cereales-trigo-arroz\/","title":{"rendered":"Kukur\u016bz\u0173, gr\u016bd\u0173, kvie\u010di\u0173, ry\u017ei\u0173 prip\u016btimas"},"content":{"rendered":"<h3>Kukur\u016bz\u0173, gr\u016bd\u0173, kvie\u010di\u0173, ry\u017ei\u0173 prip\u016btimas<\/h3>\n<p>Su \u0161iuo <strong>u\u017ekand\u017ei\u0173 prip\u016btimas <span style=\"color: #ff0000;\">KAM<\/span><span style=\"color: #0000ff;\">R<\/span>c<\/strong> galite gaminti \u012fvairius dribsnius ar u\u017ekand\u017eius. A\u010di\u016b j\u016bs\u0173 <strong>kar\u0161tai prip\u016bstos<\/strong> gali pagerinti j\u016bs\u0173 te\u0161los, pagamintos i\u0161 ry\u017ei\u0173, kvie\u010di\u0173, kukur\u016bz\u0173 ir kt., skon\u012f. Su \u0161iuo <strong>jav\u0173 ekstruderis <span style=\"color: #ff0000;\">KAM<\/span><span style=\"color: #0000ff;\">R<\/span>CIC35<\/strong> Galite derinti skirtingus skonius, kad pritaikytum\u0117te savo produkt\u0105. Tam reikalingas 6 AG dyzelinis variklis arba 3,5 kW elektrinis variklis.<\/p>\n<p>Tai <strong>u\u017ekand\u017ei\u0173 prip\u016btimas<\/strong> Jame yra 7 formel\u0117s, skirtos \u012fvairiems dribsniams ar u\u017ekand\u017eiams gaminti. D\u0117l \u0161ildymo sistemos tai <strong>u\u017ekand\u017ei\u0173 ekstruderis <span style=\"color: #ff0000;\">KAM<\/span><span style=\"color: #0000ff;\">R<\/span>c<\/strong> Galite patobulinti savo gamin\u012f ir sukurti unikalius u\u017ekand\u017eius ar dribsnius su savo unikaliu antspaudu.<\/p>\n<h6><\/h6>\n<h6><strong>Garantija\u00a0<span style=\"color: #ff0000;\">KAM<\/span><span style=\"color: #0000ff;\">R<\/span>C 2 METAI<\/strong><\/h6>\n<h6><span style=\"color: #008000;\">Efektyvus jav\u0173 puodas, ma\u017eos s\u0105naudos 3,5 kW<\/span><\/h6>\n<h6><strong>\u012ftraukta technin\u0117 pagalba<\/strong><\/h6>\n<hr \/>\n<p>Reikalinga galia: 4-5,5 kW variklis arba 6 AG dyzelinis variklis<\/p>\n<p>Reikalingas variklio greitis: 1400r\/m<\/p>\n<p>Ma\u0161inos greitis: 440-500r\/m<\/p>\n<p>Motocikl\u0173 skersmuo: 90-100mm<\/p>\n<p>Na\u0161umas: apie 20kg\/val<\/p>\n<p>\u017daliava: kvietiniai miltai, ry\u017eiai ir kukur\u016bzai.<\/p>\n<p>7 formos, 1 bunkeris, 2 poros var\u017et\u0173, 2 krumpliara\u010diai, 1 ratas, 1 pjaustytuvas<\/p>\n<p>&nbsp;<\/p>\n<table role=\"presentation\" width=\"100%\" cellspacing=\"0\" cellpadding=\"0\">\n<tbody>\n<tr>\n<td class=\"attrLabels\">Prekinis \u017eenklas:<\/td>\n<td width=\"50.0%\">ARC<\/td>\n<\/tr>\n<tr>\n<td class=\"attrLabels\">Garantija:<\/td>\n<td width=\"50.0%\">2 metai<\/td>\n<td class=\"attrLabels\">Auk\u0161tis:<\/td>\n<td width=\"50.0%\">72 cm<\/td>\n<\/tr>\n<tr>\n<td class=\"attrLabels\">Platinimo \u0161alis:<\/td>\n<td width=\"50.0%\">Ispanija, Vokietija, JAV<\/td>\n<td class=\"attrLabels\">Ilgas:<\/td>\n<td width=\"50.0%\">85 cm<\/td>\n<\/tr>\n<tr>\n<td class=\"attrLabels\">Spalva:<\/td>\n<td width=\"50.0%\">\u017ealias<\/td>\n<td class=\"attrLabels\">Platus:<\/td>\n<td width=\"50.0%\">45 cm<\/td>\n<\/tr>\n<tr>\n<td class=\"attrLabels\">Produkto tipas:<\/td>\n<td width=\"50.0%\">U\u017ekand\u017ei\u0173 prip\u016btimas<\/td>\n<td class=\"attrLabels\">Bunkerio talpa:<\/td>\n<td width=\"50.0%\">20 kg<\/td>\n<\/tr>\n<tr>\n<td class=\"attrLabels\">Gamintojo numeris:<\/td>\n<td width=\"50.0%\">ARCIC35<\/td>\n<td class=\"attrLabels\">Elektros galia:<\/td>\n<td width=\"50.0%\">3500W<\/td>\n<\/tr>\n<tr>\n<td class=\"attrLabels\">Med\u017eiaga:<\/td>\n<td width=\"50.0%\">304 maisto ner\u016bdijantis plienas<\/td>\n<td class=\"attrLabels\">Variklio galia:<\/td>\n<td width=\"50.0%\">Dyzelinas 6 AG<\/td>\n<\/tr>\n<tr>\n<td class=\"attrLabels\">Veikimas:<\/td>\n<td width=\"50.0%\">Energijos arba dyzelinis variklis<\/td>\n<td class=\"attrLabels\">Infliacijos tipas:<\/td>\n<td width=\"50.0%\">Kar\u0161tas ekstruderis<\/td>\n<\/tr>\n<tr>\n<td class=\"attrLabels\">Svoris:<\/td>\n<td width=\"50.0%\">15 kg<\/td>\n<td class=\"attrLabels\">Rit\u0117s skersmuo:<\/td>\n<td width=\"50.0%\">90 \u2013 100 mm<\/td>\n<\/tr>\n<\/tbody>\n<\/table>\n<p>&nbsp;<\/p>\n<p>&nbsp;<\/p>\n<p>&nbsp;<\/p>","protected":false},"excerpt":{"rendered":"<h2>Kukur\u016bz\u0173, gr\u016bd\u0173, kvie\u010di\u0173, ry\u017ei\u0173 prip\u016btimas<\/h2>\n<p>Tai <strong>jav\u0173 puderis<span style=\"color: #ff0000;\"> KAM<\/span><span style=\"color: #0000ff;\">R<\/span>c<\/strong> Jis turi prana\u0161um\u0173 d\u0117l savo ma\u017eo dyd\u017eio, lengvo svorio, kokybi\u0161kos strukt\u016bros, o eksploatavimo paprastumas. Su \u0161iuo<strong> ekstruderis<\/strong> <strong>ry\u017ei\u0173<\/strong> Galite naudoti \u012fvairius produktus, tokius kaip ry\u017eiai, kukur\u016bz\u0173 te\u0161la, kaip \u017ealiavas ir prid\u0117ti \u012fvairi\u0173 skoni\u0173, kad gamintum\u0117te skirtingus gr\u016bdus ar u\u017ekand\u017eius. Tai <strong>pramoninis infliatorius <\/strong>Jame yra \u0161ildytuvas, skirtas surinkti original\u0173 produkt\u0105 ir padidinti skon\u012f iki 90 kart\u0173. The <strong>kukur\u016bz\u0173 ekstruderis <span style=\"color: #ff0000;\">KAM<\/span><span style=\"color: #0000ff;\">R<\/span>c<\/strong> Naudodami \u012fvairias formeles galite pagaminti \u012fvairi\u0173 form\u0173, kad pagamintum\u0117te a\u0161tri\u0173, sald\u017ei\u0173 ir s\u016bri\u0173 u\u017ekand\u017ei\u0173.<\/p>\n<h6><strong>Garantija\u00a0<span style=\"color: #ff0000;\">KAM<\/span><span style=\"color: #0000ff;\">R<\/span>C 2 METAI<\/strong><\/h6>\n<h6><span style=\"color: #008000;\">Efektyvus jav\u0173 puodas, ma\u017eos s\u0105naudos 3,5 kW<\/span><\/h6>\n<h6><strong>\u012ftraukta technin\u0117 pagalba<\/strong><\/h6>","protected":false},"featured_media":4348,"comment_status":"open","ping_status":"closed","template":"","meta":{"wds_primary_product_brand":0,"wds_primary_product_cat":0},"product_brand":[],"product_cat":[266],"product_tag":[],"class_list":{"0":"post-4345","1":"product","2":"type-product","3":"status-publish","4":"has-post-thumbnail","6":"product_cat-accessories","7":"product_shipping_class-express","9":"first","10":"instock","11":"sale","12":"taxable","13":"shipping-taxable","14":"purchasable","15":"product-type-simple"},"yoast_head":"<!-- This site is optimized with the Yoast SEO Premium plugin v24.9 (Yoast SEO v26.1) - https:\/\/yoast.com\/wordpress\/plugins\/seo\/ -->\n<title>Inflador para ma\u00edz, cereales, trigo, arroz - distribuci\u00f3n ARC<\/title>\n<meta name=\"robots\" content=\"index, follow, max-snippet:-1, max-image-preview:large, max-video-preview:-1\" \/>\n<link rel=\"canonical\" href=\"https:\/\/distribucionarc.com\/lt\/produktas\/priputimas-kukuruzu-grudu-kvieciu-ryziu\/\" \/>\n<meta property=\"og:locale\" content=\"lt_LT\" \/>\n<meta property=\"og:type\" content=\"article\" \/>\n<meta property=\"og:title\" content=\"Inflador para ma\u00edz, cereales, trigo, arroz\" \/>\n<meta property=\"og:description\" content=\"Inflador para ma\u00edz, cereales, trigo, arroz Esta infladora de cereales ARC tiene ventajas debido a su reducido tama\u00f1o, peso ligero, estructura de calidad, a su vez que el funcionamiento es sencillo. Con este extrusora de arroz puede utilizar diferentes productos como arroz, masa de ma\u00edz como materia prima y agregar varios sabores para producir diferentes cereales o aperitivos. Este inflador industrial incorpora un calentador para recoger el producto original e incrementar el sabor hasta 90 veces. La extrusora de ma\u00edz ARC puede hacer diferentes formas con la variedad de moldes que incorpora, para elaborar aperitivos picantes, dulces, salados. Garant\u00eda\u00a0ARC 2 A\u00d1OS Infladora para cereales eficiente, bajo consumo\u00a0 3,5 kW soporte t\u00e9cnico incluido\" \/>\n<meta property=\"og:url\" content=\"https:\/\/distribucionarc.com\/lt\/produktas\/priputimas-kukuruzu-grudu-kvieciu-ryziu\/\" \/>\n<meta property=\"og:site_name\" content=\"distribuci\u00f3n ARC\" \/>\n<meta property=\"og:image\" content=\"https:\/\/distribucionarc.com\/wp-content\/uploads\/2021\/01\/Inflador-para-maiz-cereales-trigo-arroz-0.jpg\" \/>\n\t<meta property=\"og:image:width\" content=\"1000\" \/>\n\t<meta property=\"og:image:height\" content=\"1000\" \/>\n\t<meta property=\"og:image:type\" content=\"image\/jpeg\" \/>\n<meta name=\"twitter:card\" content=\"summary_large_image\" \/>\n<meta name=\"twitter:label1\" content=\"Est. reading time\" \/>\n\t<meta name=\"twitter:data1\" content=\"1 minut\u0117\" \/>\n<script type=\"application\/ld+json\" class=\"yoast-schema-graph\">{\"@context\":\"https:\/\/schema.org\",\"@graph\":[{\"@type\":\"WebPage\",\"@id\":\"https:\/\/distribucionarc.com\/it\/producto\/inflador-para-maiz-cereales-trigo-arroz\/\",\"url\":\"https:\/\/distribucionarc.com\/it\/producto\/inflador-para-maiz-cereales-trigo-arroz\/\",\"name\":\"Inflador para ma\u00edz, cereales, trigo, arroz - distribuci\u00f3n ARC\",\"isPartOf\":{\"@id\":\"https:\/\/www.distribucionarc.com\/sl\/#website\"},\"primaryImageOfPage\":{\"@id\":\"https:\/\/distribucionarc.com\/it\/producto\/inflador-para-maiz-cereales-trigo-arroz\/#primaryimage\"},\"image\":{\"@id\":\"https:\/\/distribucionarc.com\/it\/producto\/inflador-para-maiz-cereales-trigo-arroz\/#primaryimage\"},\"thumbnailUrl\":\"https:\/\/distribucionarc.com\/wp-content\/uploads\/2021\/01\/Inflador-para-maiz-cereales-trigo-arroz-0.jpg\",\"datePublished\":\"2021-01-29T10:05:10+00:00\",\"breadcrumb\":{\"@id\":\"https:\/\/distribucionarc.com\/it\/producto\/inflador-para-maiz-cereales-trigo-arroz\/#breadcrumb\"},\"inLanguage\":\"lt-LT\",\"potentialAction\":[{\"@type\":\"ReadAction\",\"target\":[\"https:\/\/distribucionarc.com\/it\/producto\/inflador-para-maiz-cereales-trigo-arroz\/\"]}]},{\"@type\":\"ImageObject\",\"inLanguage\":\"lt-LT\",\"@id\":\"https:\/\/distribucionarc.com\/it\/producto\/inflador-para-maiz-cereales-trigo-arroz\/#primaryimage\",\"url\":\"https:\/\/distribucionarc.com\/wp-content\/uploads\/2021\/01\/Inflador-para-maiz-cereales-trigo-arroz-0.jpg\",\"contentUrl\":\"https:\/\/distribucionarc.com\/wp-content\/uploads\/2021\/01\/Inflador-para-maiz-cereales-trigo-arroz-0.jpg\",\"width\":1000,\"height\":1000,\"caption\":\"Inflador para ma\u00edz, cereales, trigo, arroz\"},{\"@type\":\"BreadcrumbList\",\"@id\":\"https:\/\/distribucionarc.com\/it\/producto\/inflador-para-maiz-cereales-trigo-arroz\/#breadcrumb\",\"itemListElement\":[{\"@type\":\"ListItem\",\"position\":1,\"name\":\"Portada\",\"item\":\"https:\/\/www.distribucionarc.com\/\"},{\"@type\":\"ListItem\",\"position\":2,\"name\":\"\u00dcr\u00fcnler\",\"item\":\"https:\/\/www.distribucionarc.com\/tr\/magaza\/\"},{\"@type\":\"ListItem\",\"position\":3,\"name\":\"Inflador para ma\u00edz, cereales, trigo, arroz\"}]},{\"@type\":\"WebSite\",\"@id\":\"https:\/\/www.distribucionarc.com\/sl\/#website\",\"url\":\"https:\/\/www.distribucionarc.com\/sl\/\",\"name\":\"distribuci\u00f3n ARC\",\"description\":\"Empresa especializada en la fabricaci\u00f3n y distribuci\u00f3n de maquinaria industrial, selladoras de latas, Maquinas de hacer pastillas, Maquinas de cortar carne...\",\"publisher\":{\"@id\":\"https:\/\/www.distribucionarc.com\/sl\/#organization\"},\"potentialAction\":[{\"@type\":\"SearchAction\",\"target\":{\"@type\":\"EntryPoint\",\"urlTemplate\":\"https:\/\/www.distribucionarc.com\/sl\/?s={search_term_string}\"},\"query-input\":{\"@type\":\"PropertyValueSpecification\",\"valueRequired\":true,\"valueName\":\"search_term_string\"}}],\"inLanguage\":\"lt-LT\"},{\"@type\":\"Organization\",\"@id\":\"https:\/\/www.distribucionarc.com\/sl\/#organization\",\"name\":\"Distribuci\u00f3n ARC\",\"url\":\"https:\/\/www.distribucionarc.com\/sl\/\",\"logo\":{\"@type\":\"ImageObject\",\"inLanguage\":\"lt-LT\",\"@id\":\"https:\/\/www.distribucionarc.com\/sl\/#\/schema\/logo\/image\/\",\"url\":\"https:\/\/distribucionarc.com\/wp-content\/uploads\/2024\/10\/distribucion-ARC-COLOR-SIN-FONDO-e1732295305345.png\",\"contentUrl\":\"https:\/\/distribucionarc.com\/wp-content\/uploads\/2024\/10\/distribucion-ARC-COLOR-SIN-FONDO-e1732295305345.png\",\"width\":1164,\"height\":558,\"caption\":\"Distribuci\u00f3n ARC\"},\"image\":{\"@id\":\"https:\/\/www.distribucionarc.com\/sl\/#\/schema\/logo\/image\/\"},\"description\":\"Empresa especializada en la fabricaci\u00f3n y distribuci\u00f3n de maquinaria industrial para los sectores alimentario y farmac\u00e9utico. Nos especializamos en: M\u00e1quinas de cortar carne Fabricaci\u00f3n de comprimidos Sistemas de transporte industrial L\u00edneas de embotellado Dosificadores Y mucho m\u00e1s... Ofrecemos soluciones innovadoras y personalizadas para optimizar los procesos productivos de tu empresa.\",\"email\":\"Admistracion@distribucionarc.com\",\"telephone\":\"+34 643496664\",\"legalName\":\"ARC TECH SOLUTIONS\",\"foundingDate\":\"2024-04-09\",\"vatID\":\"B55480172\",\"numberOfEmployees\":{\"@type\":\"QuantitativeValue\",\"minValue\":\"1\",\"maxValue\":\"10\"}}]}<\/script>\n<!-- \/ Yoast SEO Premium plugin. -->","yoast_head_json":{"title":"Kukur\u016bz\u0173, jav\u0173, kvie\u010di\u0173, ry\u017ei\u0173 prip\u016btimas - ARC paskirstymas","robots":{"index":"index","follow":"follow","max-snippet":"max-snippet:-1","max-image-preview":"max-image-preview:large","max-video-preview":"max-video-preview:-1"},"canonical":"https:\/\/distribucionarc.com\/lt\/produktas\/priputimas-kukuruzu-grudu-kvieciu-ryziu\/","og_locale":"lt_LT","og_type":"article","og_title":"Inflador para ma\u00edz, cereales, trigo, arroz","og_description":"Inflador para ma\u00edz, cereales, trigo, arroz Esta infladora de cereales ARC tiene ventajas debido a su reducido tama\u00f1o, peso ligero, estructura de calidad, a su vez que el funcionamiento es sencillo. Con este extrusora de arroz puede utilizar diferentes productos como arroz, masa de ma\u00edz como materia prima y agregar varios sabores para producir diferentes cereales o aperitivos. Este inflador industrial incorpora un calentador para recoger el producto original e incrementar el sabor hasta 90 veces. La extrusora de ma\u00edz ARC puede hacer diferentes formas con la variedad de moldes que incorpora, para elaborar aperitivos picantes, dulces, salados. Garant\u00eda\u00a0ARC 2 A\u00d1OS Infladora para cereales eficiente, bajo consumo\u00a0 3,5 kW soporte t\u00e9cnico incluido","og_url":"https:\/\/distribucionarc.com\/lt\/produktas\/priputimas-kukuruzu-grudu-kvieciu-ryziu\/","og_site_name":"distribuci\u00f3n ARC","og_image":[{"width":1000,"height":1000,"url":"https:\/\/distribucionarc.com\/wp-content\/uploads\/2021\/01\/Inflador-para-maiz-cereales-trigo-arroz-0.jpg","type":"image\/jpeg"}],"twitter_card":"summary_large_image","twitter_misc":{"Est. reading time":"1 minut\u0117"},"schema":{"@context":"https:\/\/schema.org","@graph":[{"@type":"WebPage","@id":"https:\/\/distribucionarc.com\/it\/producto\/inflador-para-maiz-cereales-trigo-arroz\/","url":"https:\/\/distribucionarc.com\/it\/producto\/inflador-para-maiz-cereales-trigo-arroz\/","name":"Kukur\u016bz\u0173, jav\u0173, kvie\u010di\u0173, ry\u017ei\u0173 prip\u016btimas - ARC paskirstymas","isPartOf":{"@id":"https:\/\/www.distribucionarc.com\/sl\/#website"},"primaryImageOfPage":{"@id":"https:\/\/distribucionarc.com\/it\/producto\/inflador-para-maiz-cereales-trigo-arroz\/#primaryimage"},"image":{"@id":"https:\/\/distribucionarc.com\/it\/producto\/inflador-para-maiz-cereales-trigo-arroz\/#primaryimage"},"thumbnailUrl":"https:\/\/distribucionarc.com\/wp-content\/uploads\/2021\/01\/Inflador-para-maiz-cereales-trigo-arroz-0.jpg","datePublished":"2021-01-29T10:05:10+00:00","breadcrumb":{"@id":"https:\/\/distribucionarc.com\/it\/producto\/inflador-para-maiz-cereales-trigo-arroz\/#breadcrumb"},"inLanguage":"lt-LT","potentialAction":[{"@type":"ReadAction","target":["https:\/\/distribucionarc.com\/it\/producto\/inflador-para-maiz-cereales-trigo-arroz\/"]}]},{"@type":"ImageObject","inLanguage":"lt-LT","@id":"https:\/\/distribucionarc.com\/it\/producto\/inflador-para-maiz-cereales-trigo-arroz\/#primaryimage","url":"https:\/\/distribucionarc.com\/wp-content\/uploads\/2021\/01\/Inflador-para-maiz-cereales-trigo-arroz-0.jpg","contentUrl":"https:\/\/distribucionarc.com\/wp-content\/uploads\/2021\/01\/Inflador-para-maiz-cereales-trigo-arroz-0.jpg","width":1000,"height":1000,"caption":"Inflador para ma\u00edz, cereales, trigo, arroz"},{"@type":"BreadcrumbList","@id":"https:\/\/distribucionarc.com\/it\/producto\/inflador-para-maiz-cereales-trigo-arroz\/#breadcrumb","itemListElement":[{"@type":"ListItem","position":1,"name":"Portada","item":"https:\/\/www.distribucionarc.com\/"},{"@type":"ListItem","position":2,"name":"\u00dcr\u00fcnler","item":"https:\/\/www.distribucionarc.com\/tr\/magaza\/"},{"@type":"ListItem","position":3,"name":"Inflador para ma\u00edz, cereales, trigo, arroz"}]},{"@type":"WebSite","@id":"https:\/\/www.distribucionarc.com\/sl\/#website","url":"https:\/\/www.distribucionarc.com\/sl\/","name":"ARC paskirstymas","description":"\u012emon\u0117 specializuojasi pramonini\u0173 ma\u0161in\u0173, skardini\u0173 sandarinimo ma\u0161in\u0173, table\u010di\u0173 gamybos ma\u0161in\u0173, m\u0117sos pjaustymo ma\u0161in\u0173 gamyboje ir platinime...","publisher":{"@id":"https:\/\/www.distribucionarc.com\/sl\/#organization"},"potentialAction":[{"@type":"SearchAction","target":{"@type":"EntryPoint","urlTemplate":"https:\/\/www.distribucionarc.com\/sl\/?s={search_term_string}"},"query-input":{"@type":"PropertyValueSpecification","valueRequired":true,"valueName":"search_term_string"}}],"inLanguage":"lt-LT"},{"@type":"Organization","@id":"https:\/\/www.distribucionarc.com\/sl\/#organization","name":"ARC platinimas","url":"https:\/\/www.distribucionarc.com\/sl\/","logo":{"@type":"ImageObject","inLanguage":"lt-LT","@id":"https:\/\/www.distribucionarc.com\/sl\/#\/schema\/logo\/image\/","url":"https:\/\/distribucionarc.com\/wp-content\/uploads\/2024\/10\/distribucion-ARC-COLOR-SIN-FONDO-e1732295305345.png","contentUrl":"https:\/\/distribucionarc.com\/wp-content\/uploads\/2024\/10\/distribucion-ARC-COLOR-SIN-FONDO-e1732295305345.png","width":1164,"height":558,"caption":"Distribuci\u00f3n ARC"},"image":{"@id":"https:\/\/www.distribucionarc.com\/sl\/#\/schema\/logo\/image\/"},"description":"\u012emon\u0117 specializuojasi maisto ir farmacijos sektoriams skirt\u0173 pramonini\u0173 ma\u0161in\u0173 gamyboje ir platinime. M\u016bs\u0173 specializacija: M\u0117sos pjaustymo ma\u0161inos Table\u010di\u0173 gamyba Pramonin\u0117s transportavimo sistemos I\u0161pilstymo linijos Dozatoriai Ir dar daugiau... Si\u016blome novatori\u0161kus ir individualiems poreikiams pritaikytus sprendimus, kad optimizuotume j\u016bs\u0173 \u012fmon\u0117s gamybos procesus.","email":"Admistracion@distribucionarc.com","telephone":"+34 643496664","legalName":"ARC TECH SOLUTIONS","foundingDate":"2024-04-09","vatID":"B55480172","numberOfEmployees":{"@type":"QuantitativeValue","minValue":"1","maxValue":"10"}}]}},"_links":{"self":[{"href":"https:\/\/distribucionarc.com\/lt\/wp-json\/wp\/v2\/product\/4345","targetHints":{"allow":["GET"]}}],"collection":[{"href":"https:\/\/distribucionarc.com\/lt\/wp-json\/wp\/v2\/product"}],"about":[{"href":"https:\/\/distribucionarc.com\/lt\/wp-json\/wp\/v2\/types\/product"}],"replies":[{"embeddable":true,"href":"https:\/\/distribucionarc.com\/lt\/wp-json\/wp\/v2\/comments?post=4345"}],"version-history":[{"count":0,"href":"https:\/\/distribucionarc.com\/lt\/wp-json\/wp\/v2\/product\/4345\/revisions"}],"wp:featuredmedia":[{"embeddable":true,"href":"https:\/\/distribucionarc.com\/lt\/wp-json\/wp\/v2\/media\/4348"}],"wp:attachment":[{"href":"https:\/\/distribucionarc.com\/lt\/wp-json\/wp\/v2\/media?parent=4345"}],"wp:term":[{"taxonomy":"product_brand","embeddable":true,"href":"https:\/\/distribucionarc.com\/lt\/wp-json\/wp\/v2\/product_brand?post=4345"},{"taxonomy":"product_cat","embeddable":true,"href":"https:\/\/distribucionarc.com\/lt\/wp-json\/wp\/v2\/product_cat?post=4345"},{"taxonomy":"product_tag","embeddable":true,"href":"https:\/\/distribucionarc.com\/lt\/wp-json\/wp\/v2\/product_tag?post=4345"}],"curies":[{"name":"wp","href":"https:\/\/api.w.org\/{rel}","templated":true}]}}