{"id":4366,"date":"2021-01-29T12:46:54","date_gmt":"2021-01-29T12:46:54","guid":{"rendered":"https:\/\/distribucionarc.com\/?post_type=product&#038;p=4366"},"modified":"2022-11-03T23:48:20","modified_gmt":"2022-11-03T23:48:20","slug":"greitai-paruosiamu-svieziu-gerimu-sandariklis","status":"publish","type":"product","link":"https:\/\/distribucionarc.com\/lt\/producto\/selladora-de-bebidas-frescas-instantanea\/","title":{"rendered":"Momentinis \u0161vie\u017ei\u0173 g\u0117rim\u0173 sandariklis"},"content":{"rendered":"<h3>Momentinis \u0161vie\u017ei\u0173 g\u0117rim\u0173 sandariklis<\/h3>\n<p>Su\u00a0<strong>konteinerio dangtelis\u00a0<span style=\"color: #ff0000;\">KAM<\/span><span style=\"color: #0000ff;\">R<\/span>c<\/strong> J\u016bs\u0173 klientai nelauks ilgai ir gal\u0117s m\u0117gautis J\u016bs\u0173 rekomenduojamu produktu prie nat\u016brali\u0173 sul\u010di\u0173, pieno kokteili\u0173, kokteili\u0173, kavos, perlin\u0117s arbatos, g\u0117rim\u0173 su aromatizuotais perlais ir kt. Tai <strong>\u0160ilumos sandariklis<\/strong> Geriausia alternatyva j\u016bs\u0173 klientams atsigaivinti bet kur. Be to, kad i\u0161saugomas visas produkto skonis ir maistin\u0117s med\u017eiagos, <strong>sandariklis nuo la\u0161\u0117jimo<\/strong>\u00a0u\u017etikrins prek\u0119 bet kokioje situacijoje.<\/p>\n<p>Procesas su\u00a0<strong>kokteili\u0173 sandariklis\u00a0 <span style=\"color: #ff0000;\">KAM<\/span><span style=\"color: #0000ff;\">R<\/span>CSES225<\/strong> Jis yra visi\u0161kai automatinis ir i\u0161manus, tiesiog \u012fd\u0117kite sandarinimo ritin\u012f, kur\u012f norite paruo\u0161ti u\u017edengimo ma\u0161inai, nustatykite norim\u0105 dyd\u012f ir temperat\u016br\u0105, nustatykite talpykl\u0105 ir paspauskite vykdymo mygtuk\u0105. Tai\u00a0<strong>sandarinimo ma\u0161ina<\/strong>\u00a0Jis sukurtas taip, kad veikt\u0173, kai reikia, taupyt\u0173 energij\u0105, kai jo funkcija nereikalinga.<\/p>\n<p>The <strong>Terminis sul\u010di\u0173 u\u017edarymo aparatas<\/strong> Jis pagamintas i\u0161 ner\u016bdijan\u010dio plieno, kad b\u016bt\u0173 u\u017etikrintas ilgaam\u017ei\u0161kumas ir stabilumas, turi ventiliacijos groteles, apsaugan\u010dias nuo variklio perkaitimo, taip pat sandarinimo tarpikl\u012f. Jis\u00a0 <span style=\"color: #008000;\"><strong>efektyvus \u0161io variklis <span style=\"color: #000000;\">\u0160ilumos sandariklis konteineriams<\/span> padeda ma\u017einti energijos suvartojim\u0105<\/strong><\/span>.<\/p>\n<h6>Garantija<strong>\u00a0<\/strong><span style=\"color: #ff0000;\"><strong>KAM<\/strong><\/span><span style=\"color: #0000ff;\"><strong>R<\/strong><\/span><strong>C 2 METAI<\/strong><\/h6>\n<h6><span style=\"color: #008000;\">Efektyvus \u0161ilumos sandariklis, ma\u017eas suvartojimas 225 W<\/span><\/h6>\n<h6>\u012ftraukta technin\u0117 pagalba<\/h6>\n<p>&nbsp;<\/p>\n<hr \/>\n<ul>\n<li>Temperat\u016bros reguliavimo diapazonas: 0\u00baC-250\u00baC<\/li>\n<li>\u012e\u0117jimo \u012ftampa: AC220V<\/li>\n<li>Bendras svoris: 14 kg<\/li>\n<li>Tinkamas puodelio skersmuo: 9,5 cm<\/li>\n<li>Tinkamas puodelio auk\u0161tis: ma\u017eesnis nei 17 cm<\/li>\n<\/ul>\n<p>&nbsp;<\/p>\n<table role=\"presentation\" width=\"100%\" cellspacing=\"0\" cellpadding=\"0\">\n<tbody>\n<tr>\n<td class=\"attrLabels\">Garantija:<\/td>\n<td width=\"50.0%\">2 METAI<\/td>\n<\/tr>\n<tr>\n<td class=\"attrLabels\">Spalva:<\/td>\n<td width=\"50.0%\">Sidabras<\/td>\n<td class=\"attrLabels\">Auk\u0161tis:<\/td>\n<td width=\"50.0%\">65 cm<\/td>\n<\/tr>\n<tr>\n<td class=\"attrLabels\">Platinimo \u0161alis:<\/td>\n<td width=\"50.0%\">Ispanija, Vokietija, JAV<\/td>\n<td class=\"attrLabels\">Ilgas:<\/td>\n<td width=\"50.0%\">27 cm<\/td>\n<\/tr>\n<tr>\n<td class=\"attrLabels\">Prekinis \u017eenklas:<\/td>\n<td width=\"50.0%\">ARC<\/td>\n<td class=\"attrLabels\">Platus:<\/td>\n<td width=\"50.0%\">\u00a027 cm<\/td>\n<\/tr>\n<tr>\n<td class=\"attrLabels\">Produkto tipas:<\/td>\n<td width=\"50.0%\">Profesionalus g\u0117rim\u0173 sandariklis<\/td>\n<td class=\"attrLabels\">Galia:<\/td>\n<td width=\"50.0%\">225 W<\/td>\n<\/tr>\n<tr>\n<td class=\"attrLabels\">Gamintojo numeris:<\/td>\n<td width=\"50.0%\">ARKAS225<\/td>\n<td class=\"attrLabels\">\u012etampa:<\/td>\n<td width=\"50.0%\">220V 50Hz<\/td>\n<\/tr>\n<tr>\n<td class=\"attrLabels\">Med\u017eiaga:<\/td>\n<td width=\"50.0%\">304 ner\u016bdijantis plienas, efektyvus variklis, temperat\u016bros valdymas<\/td>\n<td class=\"attrLabels\">Puodelio skersmuo:<\/td>\n<td width=\"50.0%\">\u00a09,5 cm<\/td>\n<\/tr>\n<tr>\n<td class=\"attrLabels\">Montavimo \u012frankiai:<\/td>\n<td width=\"50.0%\">Taip<\/td>\n<td class=\"attrLabels\">Sandarinimo greitis:<\/td>\n<td width=\"50.0%\">10\u201320 per minut\u0119 (priklauso nuo operatoriaus)<\/td>\n<\/tr>\n<tr>\n<td class=\"attrLabels\">Svoris:<\/td>\n<td width=\"50.0%\">14 kg<\/td>\n<td class=\"attrLabels\">Temperat\u016bros diapazonai:<\/td>\n<td width=\"50.0%\">50\u00baC \u2013 250\u00baC<\/td>\n<\/tr>\n<\/tbody>\n<\/table>\n<p>&nbsp;<\/p>","protected":false},"excerpt":{"rendered":"<h2>Momentinis \u0161vie\u017ei\u0173 g\u0117rim\u0173 sandariklis<\/h2>\n<p>Jei norite, kad j\u016bs\u0173 klientai i\u0161laikyt\u0173 visas savo sul\u010di\u0173, kokteili\u0173, arbatos su priedais savybes ir pan. The\u00a0<strong>pusiau automatinis sandariklis <span style=\"color: #ff0000;\">KAM<\/span><span style=\"color: #0000ff;\">R<\/span>c<\/strong> pad\u0117s jums d\u0117l savo grei\u010dio. Procesas su \u0161iuo <strong>Suplakite sandarikl\u012f<\/strong> pusiau automatinis sandarinimas priklauso tik nuo mygtuko, kuriuo suaktyvinamas <strong>konteinerio dangtelis.<\/strong> Termoplastin\u0117 pavara <strong>Tirpi\u0173j\u0173 g\u0117rim\u0173 \u0161ilumos sandariklis<\/strong> J\u016bs\u0173 klientams idealu bet kuriuo metu m\u0117gautis nat\u016braliomis sultimis, kokteiliais ir pan.<\/p>\n<h6>Garantija<strong>\u00a0<\/strong><span style=\"color: #ff0000;\"><strong>KAM<\/strong><\/span><span style=\"color: #0000ff;\"><strong>R<\/strong><\/span><strong>C 2 METAI<\/strong><\/h6>\n<h6><span style=\"color: #008000;\">Efektyvus \u0161ilumos sandariklis, ma\u017eas suvartojimas 225 W<\/span><\/h6>\n<h6>\u012ftraukta technin\u0117 pagalba<\/h6>","protected":false},"featured_media":4367,"comment_status":"open","ping_status":"closed","template":"","meta":{"wds_primary_product_brand":0,"wds_primary_product_cat":0},"product_brand":[],"product_cat":[45,28],"product_tag":[],"class_list":{"0":"post-4366","1":"product","2":"type-product","3":"status-publish","4":"has-post-thumbnail","6":"product_cat-selladoras-de-induccion","7":"product_cat-tapadoras","8":"product_shipping_class-express","10":"first","11":"instock","12":"sale","13":"taxable","14":"shipping-taxable","15":"purchasable","16":"product-type-simple"},"yoast_head":"<!-- This site is optimized with the Yoast SEO Premium plugin v24.9 (Yoast SEO v26.1) - https:\/\/yoast.com\/wordpress\/plugins\/seo\/ -->\n<title>Selladora de bebidas frescas instant\u00e1nea - distribuci\u00f3n ARC<\/title>\n<meta name=\"robots\" content=\"index, follow, max-snippet:-1, max-image-preview:large, max-video-preview:-1\" \/>\n<link rel=\"canonical\" href=\"https:\/\/www.distribucionarc.com\/sl\/producto\/selladora-de-bebidas-frescas-instantanea\/\" \/>\n<meta property=\"og:locale\" content=\"lt_LT\" \/>\n<meta property=\"og:type\" content=\"article\" \/>\n<meta property=\"og:title\" content=\"Selladora de bebidas frescas instant\u00e1nea\" \/>\n<meta property=\"og:description\" content=\"Selladora de bebidas frescas instant\u00e1nea Si quiere que sus clientes conserven todas las propiedades de sus zumos, batidos, t\u00e9 con toppings, etc. La\u00a0selladora semiautom\u00e1tica ARC le ayudar\u00e1 gracias a su velocidad. El proceso con esta Cerradora de batidos de sellado semiautom\u00e1tico solo depende de un bot\u00f3n para accionar la tapadora de envases. El accionamiento termopl\u00e1stico de esta Termoselladora\u00a0de bebidas instant\u00e1nea es ideal para que sus clientes disfruten de sus zumos naturales, batidos, etc, en cualquier momento. Garant\u00eda\u00a0ARC 2 A\u00d1OS Selladora t\u00e9rmica eficiente, bajo consumo 225W soporte t\u00e9cnico\u00a0incluido\" \/>\n<meta property=\"og:url\" content=\"https:\/\/www.distribucionarc.com\/sl\/producto\/selladora-de-bebidas-frescas-instantanea\/\" \/>\n<meta property=\"og:site_name\" content=\"distribuci\u00f3n ARC\" \/>\n<meta property=\"article:modified_time\" content=\"2022-11-03T23:48:20+00:00\" \/>\n<meta property=\"og:image\" content=\"https:\/\/www.distribucionarc.com\/wp-content\/uploads\/2021\/01\/Selladora-de-bebidas-frescas-instantanea-0.jpg\" \/>\n\t<meta property=\"og:image:width\" content=\"500\" \/>\n\t<meta property=\"og:image:height\" content=\"500\" \/>\n\t<meta property=\"og:image:type\" content=\"image\/jpeg\" \/>\n<meta name=\"twitter:card\" content=\"summary_large_image\" \/>\n<meta name=\"twitter:label1\" content=\"Est. reading time\" \/>\n\t<meta name=\"twitter:data1\" content=\"2 minut\u0117s\" \/>\n<script type=\"application\/ld+json\" class=\"yoast-schema-graph\">{\"@context\":\"https:\/\/schema.org\",\"@graph\":[{\"@type\":\"WebPage\",\"@id\":\"https:\/\/www.distribucionarc.com\/sl\/producto\/selladora-de-bebidas-frescas-instantanea\/\",\"url\":\"https:\/\/www.distribucionarc.com\/sl\/producto\/selladora-de-bebidas-frescas-instantanea\/\",\"name\":\"Selladora de bebidas frescas instant\u00e1nea - distribuci\u00f3n ARC\",\"isPartOf\":{\"@id\":\"https:\/\/www.distribucionarc.com\/sl\/#website\"},\"primaryImageOfPage\":{\"@id\":\"https:\/\/www.distribucionarc.com\/sl\/producto\/selladora-de-bebidas-frescas-instantanea\/#primaryimage\"},\"image\":{\"@id\":\"https:\/\/www.distribucionarc.com\/sl\/producto\/selladora-de-bebidas-frescas-instantanea\/#primaryimage\"},\"thumbnailUrl\":\"https:\/\/distribucionarc.com\/wp-content\/uploads\/2021\/01\/Selladora-de-bebidas-frescas-instantanea-0.jpg\",\"datePublished\":\"2021-01-29T12:46:54+00:00\",\"dateModified\":\"2022-11-03T23:48:20+00:00\",\"breadcrumb\":{\"@id\":\"https:\/\/www.distribucionarc.com\/sl\/producto\/selladora-de-bebidas-frescas-instantanea\/#breadcrumb\"},\"inLanguage\":\"lt-LT\",\"potentialAction\":[{\"@type\":\"ReadAction\",\"target\":[\"https:\/\/www.distribucionarc.com\/sl\/producto\/selladora-de-bebidas-frescas-instantanea\/\"]}]},{\"@type\":\"ImageObject\",\"inLanguage\":\"lt-LT\",\"@id\":\"https:\/\/www.distribucionarc.com\/sl\/producto\/selladora-de-bebidas-frescas-instantanea\/#primaryimage\",\"url\":\"https:\/\/distribucionarc.com\/wp-content\/uploads\/2021\/01\/Selladora-de-bebidas-frescas-instantanea-0.jpg\",\"contentUrl\":\"https:\/\/distribucionarc.com\/wp-content\/uploads\/2021\/01\/Selladora-de-bebidas-frescas-instantanea-0.jpg\",\"width\":500,\"height\":500,\"caption\":\"Selladora de bebidas frescas instant\u00e1nea\"},{\"@type\":\"BreadcrumbList\",\"@id\":\"https:\/\/www.distribucionarc.com\/sl\/producto\/selladora-de-bebidas-frescas-instantanea\/#breadcrumb\",\"itemListElement\":[{\"@type\":\"ListItem\",\"position\":1,\"name\":\"Portada\",\"item\":\"https:\/\/www.distribucionarc.com\/\"},{\"@type\":\"ListItem\",\"position\":2,\"name\":\"\u00dcr\u00fcnler\",\"item\":\"https:\/\/www.distribucionarc.com\/tr\/magaza\/\"},{\"@type\":\"ListItem\",\"position\":3,\"name\":\"Selladora de bebidas frescas instant\u00e1nea\"}]},{\"@type\":\"WebSite\",\"@id\":\"https:\/\/www.distribucionarc.com\/sl\/#website\",\"url\":\"https:\/\/www.distribucionarc.com\/sl\/\",\"name\":\"distribuci\u00f3n ARC\",\"description\":\"Empresa especializada en la fabricaci\u00f3n y distribuci\u00f3n de maquinaria industrial, selladoras de latas, Maquinas de hacer pastillas, Maquinas de cortar carne...\",\"publisher\":{\"@id\":\"https:\/\/www.distribucionarc.com\/sl\/#organization\"},\"potentialAction\":[{\"@type\":\"SearchAction\",\"target\":{\"@type\":\"EntryPoint\",\"urlTemplate\":\"https:\/\/www.distribucionarc.com\/sl\/?s={search_term_string}\"},\"query-input\":{\"@type\":\"PropertyValueSpecification\",\"valueRequired\":true,\"valueName\":\"search_term_string\"}}],\"inLanguage\":\"lt-LT\"},{\"@type\":\"Organization\",\"@id\":\"https:\/\/www.distribucionarc.com\/sl\/#organization\",\"name\":\"Distribuci\u00f3n ARC\",\"url\":\"https:\/\/www.distribucionarc.com\/sl\/\",\"logo\":{\"@type\":\"ImageObject\",\"inLanguage\":\"lt-LT\",\"@id\":\"https:\/\/www.distribucionarc.com\/sl\/#\/schema\/logo\/image\/\",\"url\":\"https:\/\/distribucionarc.com\/wp-content\/uploads\/2024\/10\/distribucion-ARC-COLOR-SIN-FONDO-e1732295305345.png\",\"contentUrl\":\"https:\/\/distribucionarc.com\/wp-content\/uploads\/2024\/10\/distribucion-ARC-COLOR-SIN-FONDO-e1732295305345.png\",\"width\":1164,\"height\":558,\"caption\":\"Distribuci\u00f3n ARC\"},\"image\":{\"@id\":\"https:\/\/www.distribucionarc.com\/sl\/#\/schema\/logo\/image\/\"},\"description\":\"Empresa especializada en la fabricaci\u00f3n y distribuci\u00f3n de maquinaria industrial para los sectores alimentario y farmac\u00e9utico. Nos especializamos en: M\u00e1quinas de cortar carne Fabricaci\u00f3n de comprimidos Sistemas de transporte industrial L\u00edneas de embotellado Dosificadores Y mucho m\u00e1s... Ofrecemos soluciones innovadoras y personalizadas para optimizar los procesos productivos de tu empresa.\",\"email\":\"Admistracion@distribucionarc.com\",\"telephone\":\"+34 643496664\",\"legalName\":\"ARC TECH SOLUTIONS\",\"foundingDate\":\"2024-04-09\",\"vatID\":\"B55480172\",\"numberOfEmployees\":{\"@type\":\"QuantitativeValue\",\"minValue\":\"1\",\"maxValue\":\"10\"}}]}<\/script>\n<!-- \/ Yoast SEO Premium plugin. -->","yoast_head_json":{"title":"Momentinis \u0161vie\u017ei\u0173 g\u0117rim\u0173 sandariklis \u2013 ARC paskirstymas","robots":{"index":"index","follow":"follow","max-snippet":"max-snippet:-1","max-image-preview":"max-image-preview:large","max-video-preview":"max-video-preview:-1"},"canonical":"https:\/\/www.distribucionarc.com\/sl\/producto\/selladora-de-bebidas-frescas-instantanea\/","og_locale":"lt_LT","og_type":"article","og_title":"Selladora de bebidas frescas instant\u00e1nea","og_description":"Selladora de bebidas frescas instant\u00e1nea Si quiere que sus clientes conserven todas las propiedades de sus zumos, batidos, t\u00e9 con toppings, etc. La\u00a0selladora semiautom\u00e1tica ARC le ayudar\u00e1 gracias a su velocidad. El proceso con esta Cerradora de batidos de sellado semiautom\u00e1tico solo depende de un bot\u00f3n para accionar la tapadora de envases. El accionamiento termopl\u00e1stico de esta Termoselladora\u00a0de bebidas instant\u00e1nea es ideal para que sus clientes disfruten de sus zumos naturales, batidos, etc, en cualquier momento. Garant\u00eda\u00a0ARC 2 A\u00d1OS Selladora t\u00e9rmica eficiente, bajo consumo 225W soporte t\u00e9cnico\u00a0incluido","og_url":"https:\/\/www.distribucionarc.com\/sl\/producto\/selladora-de-bebidas-frescas-instantanea\/","og_site_name":"distribuci\u00f3n ARC","article_modified_time":"2022-11-03T23:48:20+00:00","og_image":[{"width":500,"height":500,"url":"https:\/\/www.distribucionarc.com\/wp-content\/uploads\/2021\/01\/Selladora-de-bebidas-frescas-instantanea-0.jpg","type":"image\/jpeg"}],"twitter_card":"summary_large_image","twitter_misc":{"Est. reading time":"2 minut\u0117s"},"schema":{"@context":"https:\/\/schema.org","@graph":[{"@type":"WebPage","@id":"https:\/\/www.distribucionarc.com\/sl\/producto\/selladora-de-bebidas-frescas-instantanea\/","url":"https:\/\/www.distribucionarc.com\/sl\/producto\/selladora-de-bebidas-frescas-instantanea\/","name":"Momentinis \u0161vie\u017ei\u0173 g\u0117rim\u0173 sandariklis \u2013 ARC paskirstymas","isPartOf":{"@id":"https:\/\/www.distribucionarc.com\/sl\/#website"},"primaryImageOfPage":{"@id":"https:\/\/www.distribucionarc.com\/sl\/producto\/selladora-de-bebidas-frescas-instantanea\/#primaryimage"},"image":{"@id":"https:\/\/www.distribucionarc.com\/sl\/producto\/selladora-de-bebidas-frescas-instantanea\/#primaryimage"},"thumbnailUrl":"https:\/\/distribucionarc.com\/wp-content\/uploads\/2021\/01\/Selladora-de-bebidas-frescas-instantanea-0.jpg","datePublished":"2021-01-29T12:46:54+00:00","dateModified":"2022-11-03T23:48:20+00:00","breadcrumb":{"@id":"https:\/\/www.distribucionarc.com\/sl\/producto\/selladora-de-bebidas-frescas-instantanea\/#breadcrumb"},"inLanguage":"lt-LT","potentialAction":[{"@type":"ReadAction","target":["https:\/\/www.distribucionarc.com\/sl\/producto\/selladora-de-bebidas-frescas-instantanea\/"]}]},{"@type":"ImageObject","inLanguage":"lt-LT","@id":"https:\/\/www.distribucionarc.com\/sl\/producto\/selladora-de-bebidas-frescas-instantanea\/#primaryimage","url":"https:\/\/distribucionarc.com\/wp-content\/uploads\/2021\/01\/Selladora-de-bebidas-frescas-instantanea-0.jpg","contentUrl":"https:\/\/distribucionarc.com\/wp-content\/uploads\/2021\/01\/Selladora-de-bebidas-frescas-instantanea-0.jpg","width":500,"height":500,"caption":"Selladora de bebidas frescas instant\u00e1nea"},{"@type":"BreadcrumbList","@id":"https:\/\/www.distribucionarc.com\/sl\/producto\/selladora-de-bebidas-frescas-instantanea\/#breadcrumb","itemListElement":[{"@type":"ListItem","position":1,"name":"Portada","item":"https:\/\/www.distribucionarc.com\/"},{"@type":"ListItem","position":2,"name":"\u00dcr\u00fcnler","item":"https:\/\/www.distribucionarc.com\/tr\/magaza\/"},{"@type":"ListItem","position":3,"name":"Selladora de bebidas frescas instant\u00e1nea"}]},{"@type":"WebSite","@id":"https:\/\/www.distribucionarc.com\/sl\/#website","url":"https:\/\/www.distribucionarc.com\/sl\/","name":"ARC paskirstymas","description":"\u012emon\u0117 specializuojasi pramonini\u0173 ma\u0161in\u0173, skardini\u0173 sandarinimo ma\u0161in\u0173, table\u010di\u0173 gamybos ma\u0161in\u0173, m\u0117sos pjaustymo ma\u0161in\u0173 gamyboje ir platinime...","publisher":{"@id":"https:\/\/www.distribucionarc.com\/sl\/#organization"},"potentialAction":[{"@type":"SearchAction","target":{"@type":"EntryPoint","urlTemplate":"https:\/\/www.distribucionarc.com\/sl\/?s={search_term_string}"},"query-input":{"@type":"PropertyValueSpecification","valueRequired":true,"valueName":"search_term_string"}}],"inLanguage":"lt-LT"},{"@type":"Organization","@id":"https:\/\/www.distribucionarc.com\/sl\/#organization","name":"ARC platinimas","url":"https:\/\/www.distribucionarc.com\/sl\/","logo":{"@type":"ImageObject","inLanguage":"lt-LT","@id":"https:\/\/www.distribucionarc.com\/sl\/#\/schema\/logo\/image\/","url":"https:\/\/distribucionarc.com\/wp-content\/uploads\/2024\/10\/distribucion-ARC-COLOR-SIN-FONDO-e1732295305345.png","contentUrl":"https:\/\/distribucionarc.com\/wp-content\/uploads\/2024\/10\/distribucion-ARC-COLOR-SIN-FONDO-e1732295305345.png","width":1164,"height":558,"caption":"Distribuci\u00f3n ARC"},"image":{"@id":"https:\/\/www.distribucionarc.com\/sl\/#\/schema\/logo\/image\/"},"description":"\u012emon\u0117 specializuojasi maisto ir farmacijos sektoriams skirt\u0173 pramonini\u0173 ma\u0161in\u0173 gamyboje ir platinime. M\u016bs\u0173 specializacija: M\u0117sos pjaustymo ma\u0161inos Table\u010di\u0173 gamyba Pramonin\u0117s transportavimo sistemos I\u0161pilstymo linijos Dozatoriai Ir dar daugiau... Si\u016blome novatori\u0161kus ir individualiems poreikiams pritaikytus sprendimus, kad optimizuotume j\u016bs\u0173 \u012fmon\u0117s gamybos procesus.","email":"Admistracion@distribucionarc.com","telephone":"+34 643496664","legalName":"ARC TECH SOLUTIONS","foundingDate":"2024-04-09","vatID":"B55480172","numberOfEmployees":{"@type":"QuantitativeValue","minValue":"1","maxValue":"10"}}]}},"_links":{"self":[{"href":"https:\/\/distribucionarc.com\/lt\/wp-json\/wp\/v2\/product\/4366","targetHints":{"allow":["GET"]}}],"collection":[{"href":"https:\/\/distribucionarc.com\/lt\/wp-json\/wp\/v2\/product"}],"about":[{"href":"https:\/\/distribucionarc.com\/lt\/wp-json\/wp\/v2\/types\/product"}],"replies":[{"embeddable":true,"href":"https:\/\/distribucionarc.com\/lt\/wp-json\/wp\/v2\/comments?post=4366"}],"version-history":[{"count":0,"href":"https:\/\/distribucionarc.com\/lt\/wp-json\/wp\/v2\/product\/4366\/revisions"}],"wp:featuredmedia":[{"embeddable":true,"href":"https:\/\/distribucionarc.com\/lt\/wp-json\/wp\/v2\/media\/4367"}],"wp:attachment":[{"href":"https:\/\/distribucionarc.com\/lt\/wp-json\/wp\/v2\/media?parent=4366"}],"wp:term":[{"taxonomy":"product_brand","embeddable":true,"href":"https:\/\/distribucionarc.com\/lt\/wp-json\/wp\/v2\/product_brand?post=4366"},{"taxonomy":"product_cat","embeddable":true,"href":"https:\/\/distribucionarc.com\/lt\/wp-json\/wp\/v2\/product_cat?post=4366"},{"taxonomy":"product_tag","embeddable":true,"href":"https:\/\/distribucionarc.com\/lt\/wp-json\/wp\/v2\/product_tag?post=4366"}],"curies":[{"name":"wp","href":"https:\/\/api.w.org\/{rel}","templated":true}]}}