{"id":4586,"date":"2021-05-04T09:34:24","date_gmt":"2021-05-04T09:34:24","guid":{"rendered":"https:\/\/distribucionarc.com\/?post_type=product&#038;p=4586"},"modified":"2023-06-05T11:10:16","modified_gmt":"2023-06-05T11:10:16","slug":"pramonine-ledu-masina","status":"publish","type":"product","link":"https:\/\/distribucionarc.com\/lt\/producto\/maquina-de-helados-industrial\/","title":{"rendered":"pramonin\u0117 led\u0173 ma\u0161ina"},"content":{"rendered":"<h3>pramonin\u0117 led\u0173 ma\u0161ina<\/h3>\n<p><strong>led\u0173 ma\u0161ina<\/strong>\u00a0i\u0161\u00a0<strong><span style=\"color: #ff0000;\">KAM<\/span><span style=\"color: #0000ff;\">R<\/span>c<\/strong>\u00a0Jis pla\u010diai taikomas restoranuose, kavin\u0117se, ledain\u0117se, poilsiui. greitas maistas. Be sud\u0117ting\u0173 \u017eingsni\u0173 galite\u00a0<strong>greitai paruo\u0161kite ledus<\/strong>,\u00a0<strong>jogurtas<\/strong>\u00a0arba\u00a0<strong>\u0161erbetas. <\/strong>The\u00a0<strong><span style=\"color: #ff0000;\">KAM<\/span><span style=\"color: #0000ff;\">R<\/span>CMH400<\/strong> Jame sumontuotas didelio na\u0161umo kompresorius, u\u017etikrinantis greit\u0105 au\u0161inim\u0105, skatinantis energijos suvartojim\u0105 ir triuk\u0161mo tar\u0161\u0105, du 6 l ner\u016bdijan\u010dio plieno bunkeriai, didel\u0117s energijos radiatorius ir R410a \u0161altne\u0161is su i\u0161ankstinio au\u0161inimo funkcija, kad pagreitint\u0173 led\u0173 gamyb\u0105 ir gamyb\u0105 nuo 25 l\/h iki 35 l\/h.<\/p>\n<p>The\u00a0<strong>led\u0173 ma\u0161ina<\/strong>\u00a0Jame yra du \u012fmontuoti ner\u016bdijan\u010dio plieno konteineriai, tai\u00a0<strong>led\u0173 ma\u0161ina<\/strong>\u00a0i\u0161\u00a0<strong><span style=\"color: #ff0000;\">KAM<\/span><span style=\"color: #0000ff;\">R<\/span>c<\/strong> Juo galima sukurti trij\u0173 skoni\u0173 ledus, \u012fskaitant du paprastus skonius ir vien\u0105 mi\u0161raus skonio, skirt\u0105 \u012fvairiems skoniams. LCD jutikliniame ekrane galima nuolat steb\u0117ti led\u0173 laik\u0105, temperat\u016br\u0105, kietum\u0105 ir kiek\u012f. Galite laisvai moduliuoti pagal savo skon\u012f. Be to, valymas vienu mygtuku leid\u017eia greitai ir automati\u0161kai i\u0161valyti led\u0173 gaminimo aparat\u0105.<\/p>\n<p>Sudedamosios dalys,\u00a0<strong>led\u0173 ma\u0161ina<\/strong>\u00a0Juos galima i\u0161 anksto at\u0161aldyti, kad ledai b\u016bt\u0173\u00a0<strong>greitai pasiruo\u0161ti<\/strong> paleidus ma\u0161in\u0105 prisidedant prie med\u017eiag\u0173 taupymo. Nakties laikymo funkcija suma\u017eina valymo da\u017enum\u0105 ir taupo ingredientus. Patobulintas k\u016bgio laikiklis dedamas i\u0161or\u0117je<strong>\u00a0led\u0173 ma\u0161ina<\/strong>, kad led\u0173 k\u016bgiai lengvai nesu\u0161lapt\u0173 ir i\u0161likt\u0173 kugeli\u0173 skonis.<\/p>\n<h6><\/h6>\n<h6><strong>Garantija\u00a0<span style=\"color: #ff0000;\">KAM<\/span><span style=\"color: #0000ff;\">R<\/span>C 2 METAI<\/strong><\/h6>\n<h6><span style=\"color: #008000;\">Efektyvi led\u0173 gaminimo aparatas, ma\u017eas suvartojimas 2150w<\/span><\/h6>\n<h6><strong>\u012ftraukta technin\u0117 pagalba<\/strong><\/h6>\n<p>&nbsp;<\/p>\n<table role=\"presentation\" width=\"100%\" cellspacing=\"0\" cellpadding=\"0\">\n<tbody>\n<tr>\n<td class=\"attrLabels\">\u0160aldymo agentas:<\/td>\n<td width=\"50.0%\">R410a<\/td>\n<\/tr>\n<tr>\n<td class=\"attrLabels\">Platinimo \u0161alis:<\/td>\n<td width=\"50.0%\">Ispanija, Vokietija, JAV<\/td>\n<td class=\"attrLabels\">Svoris:<\/td>\n<td width=\"50.0%\">133 kg<\/td>\n<\/tr>\n<tr>\n<td class=\"attrLabels\">Prekinis \u017eenklas:<\/td>\n<td width=\"50.0%\">ARC<\/td>\n<td class=\"attrLabels\">Auk\u0161tis:<\/td>\n<td width=\"50.0%\">136 cm<\/td>\n<\/tr>\n<tr>\n<td class=\"attrLabels\">Spalva:<\/td>\n<td width=\"50.0%\">Sidabras<\/td>\n<td class=\"attrLabels\">Ilgas:<\/td>\n<td width=\"50.0%\">54 cm<\/td>\n<\/tr>\n<tr>\n<td class=\"attrLabels\">Produkto tipas:<\/td>\n<td width=\"50.0%\">Led\u0173 gaminimo aparatas<\/td>\n<td class=\"attrLabels\">Platus:<\/td>\n<td width=\"50.0%\">\u00a067,6 cm<\/td>\n<\/tr>\n<tr>\n<td class=\"attrLabels\">Gamintojo numeris:<\/td>\n<td width=\"50.0%\">ARCMH400<\/td>\n<td class=\"attrLabels\">Galia:<\/td>\n<td width=\"50.0%\">2150 W<\/td>\n<\/tr>\n<tr>\n<td class=\"attrLabels\">Med\u017eiaga:<\/td>\n<td width=\"50.0%\">Ner\u016bdijantis plienas, i\u0161manus valdymas, jutiklinis LCD skydelis, didelio na\u0161umo pramoninis kompresorius<\/td>\n<td class=\"attrLabels\">\u012f\u0117jimo \u012ftampa<\/td>\n<td width=\"50.0%\">220V \u2013 60Hz<\/td>\n<\/tr>\n<tr>\n<td class=\"attrLabels\">Geb\u0117jimas:<\/td>\n<td width=\"50.0%\">\u00a025 \u2013 35 l\/val<\/td>\n<td class=\"attrLabels\">Dydis:<\/td>\n<td width=\"50.0%\">6 l x 1<\/td>\n<\/tr>\n<tr>\n<td class=\"attrLabels\">Montavimo \u012frankiai:<\/td>\n<td width=\"50.0%\">Taip<\/td>\n<td class=\"attrLabels\">Garantija:<\/td>\n<td width=\"50.0%\">2 METAI<\/td>\n<\/tr>\n<\/tbody>\n<\/table>","protected":false},"excerpt":{"rendered":"<h2>pramonin\u0117 led\u0173 ma\u0161ina<\/h2>\n<p>\u012e\u00a0<strong><span style=\"color: #ff0000;\">KAM<\/span><span style=\"color: #0000ff;\">R<\/span>c<\/strong>\u00a0visada rasite\u00a0<strong>led\u0173 ma\u0161ina<\/strong>\u00a0naudojimui\u00a0<strong>profesionali reklama<\/strong>\u00a0novatori\u0161kiausias rinkoje d\u0117l savo eleganti\u0161k\u0173 detali\u0173, r\u016bpestingumo skatinant gamyb\u0105 ir, savo ruo\u017etu, gaminio kokyb\u0119, be to, padeda sunaudoti energij\u0105<strong>\u00a0<span style=\"color: #008000;\">energij\u0105 taupan\u010di\u0173 led\u0173 aparat\u0173<\/span><\/strong>.<\/p>\n<p>Tai\u00a0<strong>jogurto led\u0173 aparatas<\/strong> su vertikalia strukt\u016bra gali gaminti<span style=\"color: #ff6600;\"> <strong>3 skoniai<\/strong><\/span> led\u0173, pasinaudojant tre\u010diuoju antgaliu, kad led\u0173 mi\u0161iniai b\u016bt\u0173 pagaminti papras\u010diausiu b\u016bdu, su i\u0161ankstinio au\u0161inimo ir valymo funkcija. Led\u0173 aparatas <strong><span style=\"color: #ff0000;\">KAM<\/span><span style=\"color: #0000ff;\">R<\/span>CMH400<\/strong>\u00a0Jame yra du kompresoriai, du 6 l ner\u016bdijan\u010dio plieno bakai, i\u0161orinis dr\u0117gm\u0117s k\u016bgio laikiklis ir<strong>\u00a0LCD jutiklinis ekranas<\/strong>\u00a0tiesiogiai steb\u0117ti \u012frenginio veikim\u0105<strong>\u00a0led\u0173 ma\u0161ina<\/strong>, d\u0117l ko tai daroma\u00a0<strong>led\u0173 aparatas<\/strong>\u00a0i\u0161\u00a0<strong><span style=\"color: #ff0000;\">KAM<\/span><span style=\"color: #0000ff;\">R<\/span>c<\/strong> idealus \u012frankis didel\u0117s paklausos vietose d\u0117l galimos gamybos <span style=\"color: #ff0000;\"><strong>400 k\u016bgi\u0173 per minut\u0119.<\/strong><\/span> Jis turi ratus su stabd\u017eiais, tod\u0117l ma\u0161in\u0105 lengva pasiimti kur tik norite.<\/p>\n<h6><strong>Garantija<span style=\"color: #ff0000;\">\u00a0KAM<\/span><span style=\"color: #0000ff;\">R<\/span>C 2 METAI<\/strong><\/h6>\n<h6><span style=\"color: #008000;\">Efektyvi led\u0173 gaminimo aparatas, ma\u017eas suvartojimas 2150w<\/span><\/h6>\n<h6><strong>\u012ftraukta technin\u0117 pagalba<\/strong><\/h6>","protected":false},"featured_media":6059,"comment_status":"open","ping_status":"closed","template":"","meta":{"wds_primary_product_brand":0,"wds_primary_product_cat":0},"product_brand":[],"product_cat":[58],"product_tag":[],"class_list":{"0":"post-4586","1":"product","2":"type-product","3":"status-publish","4":"has-post-thumbnail","6":"product_cat-maquinaria-para-heladerias-profesionales","7":"product_shipping_class-express","9":"first","10":"instock","11":"sale","12":"taxable","13":"shipping-taxable","14":"purchasable","15":"product-type-simple"},"yoast_head":"<!-- This site is optimized with the Yoast SEO Premium plugin v24.9 (Yoast SEO v26.1) - https:\/\/yoast.com\/wordpress\/plugins\/seo\/ -->\n<title>M\u00e1quina de helados industrial - distribuci\u00f3n ARC<\/title>\n<meta name=\"robots\" content=\"index, follow, max-snippet:-1, max-image-preview:large, max-video-preview:-1\" \/>\n<link rel=\"canonical\" href=\"https:\/\/www.distribucionarc.com\/producto\/maquina-de-helados-industrial\/\" \/>\n<meta property=\"og:locale\" content=\"lt_LT\" \/>\n<meta property=\"og:type\" content=\"article\" \/>\n<meta property=\"og:title\" content=\"M\u00e1quina de helados industrial\" \/>\n<meta property=\"og:description\" content=\"M\u00e1quina de helados industrial En\u00a0ARC\u00a0siempre encontrar\u00e1s la\u00a0maquinaria para helados\u00a0para uso\u00a0comercial profesional\u00a0m\u00e1s innovadora del mercado por sus detalles elegantes, su cuidado en favorecer la producci\u00f3n y a su vez la calidad del producto, adem\u00e1s de ayudar en el consumo energ\u00e9tico con\u00a0m\u00e1quinas de helado de\u00a0bajo consumo energ\u00e9tico.  Esta\u00a0m\u00e1quina para helado yogurt con estructura vertical es capaz de producir 3 sabores de helado aprovechando su tercera boquilla para elaborar uno mixto de la formas mas sencilla, con una funci\u00f3n de pre enfriamiento y limpieza. La m\u00e1quina de helados ARCMH400\u00a0Viene con compresores duales, dos dep\u00f3sitos de acero inoxidable de 6L, un soporte de cono de humedad externo y una\u00a0pantalla LCD t\u00e1ctil\u00a0para observar directamente el funcionamiento de la\u00a0m\u00e1quina heladera, lo que convierte a\u00a0la m\u00e1quina de helados\u00a0de\u00a0ARC en una herramienta ideal para ubicaciones de alta demanda gracias a su posible producci\u00f3n de 400 conos por minuto. Dispone de ruedas con frenos lo que hace que la m\u00e1quina sea f\u00e1cil de llevar a donde quiera. Garant\u00eda\u00a0ARC 2 A\u00d1OS Maquina para hacer helados eficiente, bajo consumo 2150w soporte t\u00e9cnico incluido\" \/>\n<meta property=\"og:url\" content=\"https:\/\/www.distribucionarc.com\/producto\/maquina-de-helados-industrial\/\" \/>\n<meta property=\"og:site_name\" content=\"distribuci\u00f3n ARC\" \/>\n<meta property=\"article:modified_time\" content=\"2023-06-05T11:10:16+00:00\" \/>\n<meta property=\"og:image\" content=\"https:\/\/www.distribucionarc.com\/wp-content\/uploads\/2021\/05\/Maquina-helados-cremosos-400xmin-.jpg\" \/>\n\t<meta property=\"og:image:width\" content=\"1600\" \/>\n\t<meta property=\"og:image:height\" content=\"1600\" \/>\n\t<meta property=\"og:image:type\" content=\"image\/jpeg\" \/>\n<meta name=\"twitter:card\" content=\"summary_large_image\" \/>\n<meta name=\"twitter:label1\" content=\"Est. reading time\" \/>\n\t<meta name=\"twitter:data1\" content=\"2 minut\u0117s\" \/>\n<script type=\"application\/ld+json\" class=\"yoast-schema-graph\">{\"@context\":\"https:\/\/schema.org\",\"@graph\":[{\"@type\":\"WebPage\",\"@id\":\"https:\/\/www.distribucionarc.com\/producto\/maquina-de-helados-industrial\/\",\"url\":\"https:\/\/www.distribucionarc.com\/producto\/maquina-de-helados-industrial\/\",\"name\":\"M\u00e1quina de helados industrial - distribuci\u00f3n ARC\",\"isPartOf\":{\"@id\":\"https:\/\/www.distribucionarc.com\/tr\/#website\"},\"primaryImageOfPage\":{\"@id\":\"https:\/\/www.distribucionarc.com\/producto\/maquina-de-helados-industrial\/#primaryimage\"},\"image\":{\"@id\":\"https:\/\/www.distribucionarc.com\/producto\/maquina-de-helados-industrial\/#primaryimage\"},\"thumbnailUrl\":\"https:\/\/distribucionarc.com\/wp-content\/uploads\/2021\/05\/Maquina-helados-cremosos-400xmin-.jpg\",\"datePublished\":\"2021-05-04T09:34:24+00:00\",\"dateModified\":\"2023-06-05T11:10:16+00:00\",\"breadcrumb\":{\"@id\":\"https:\/\/www.distribucionarc.com\/producto\/maquina-de-helados-industrial\/#breadcrumb\"},\"inLanguage\":\"lt-LT\",\"potentialAction\":[{\"@type\":\"ReadAction\",\"target\":[\"https:\/\/www.distribucionarc.com\/producto\/maquina-de-helados-industrial\/\"]}]},{\"@type\":\"ImageObject\",\"inLanguage\":\"lt-LT\",\"@id\":\"https:\/\/www.distribucionarc.com\/producto\/maquina-de-helados-industrial\/#primaryimage\",\"url\":\"https:\/\/distribucionarc.com\/wp-content\/uploads\/2021\/05\/Maquina-helados-cremosos-400xmin-.jpg\",\"contentUrl\":\"https:\/\/distribucionarc.com\/wp-content\/uploads\/2021\/05\/Maquina-helados-cremosos-400xmin-.jpg\",\"width\":1600,\"height\":1600},{\"@type\":\"BreadcrumbList\",\"@id\":\"https:\/\/www.distribucionarc.com\/producto\/maquina-de-helados-industrial\/#breadcrumb\",\"itemListElement\":[{\"@type\":\"ListItem\",\"position\":1,\"name\":\"Portada\",\"item\":\"https:\/\/www.distribucionarc.com\/tr\/\"},{\"@type\":\"ListItem\",\"position\":2,\"name\":\"Produktai\",\"item\":\"https:\/\/distribucionarc.com\/lt\/parduotuve\/\"},{\"@type\":\"ListItem\",\"position\":3,\"name\":\"M\u00e1quina de helados industrial\"}]},{\"@type\":\"WebSite\",\"@id\":\"https:\/\/www.distribucionarc.com\/tr\/#website\",\"url\":\"https:\/\/www.distribucionarc.com\/tr\/\",\"name\":\"distribuci\u00f3n ARC\",\"description\":\"Empresa especializada en la fabricaci\u00f3n y distribuci\u00f3n de maquinaria industrial, selladoras de latas, Maquinas de hacer pastillas, Maquinas de cortar carne...\",\"publisher\":{\"@id\":\"https:\/\/www.distribucionarc.com\/tr\/#organization\"},\"potentialAction\":[{\"@type\":\"SearchAction\",\"target\":{\"@type\":\"EntryPoint\",\"urlTemplate\":\"https:\/\/www.distribucionarc.com\/tr\/?s={search_term_string}\"},\"query-input\":{\"@type\":\"PropertyValueSpecification\",\"valueRequired\":true,\"valueName\":\"search_term_string\"}}],\"inLanguage\":\"lt-LT\"},{\"@type\":\"Organization\",\"@id\":\"https:\/\/www.distribucionarc.com\/tr\/#organization\",\"name\":\"Distribuci\u00f3n ARC\",\"url\":\"https:\/\/www.distribucionarc.com\/tr\/\",\"logo\":{\"@type\":\"ImageObject\",\"inLanguage\":\"lt-LT\",\"@id\":\"https:\/\/www.distribucionarc.com\/tr\/#\/schema\/logo\/image\/\",\"url\":\"https:\/\/distribucionarc.com\/wp-content\/uploads\/2024\/10\/distribucion-ARC-COLOR-SIN-FONDO-e1732295305345.png\",\"contentUrl\":\"https:\/\/distribucionarc.com\/wp-content\/uploads\/2024\/10\/distribucion-ARC-COLOR-SIN-FONDO-e1732295305345.png\",\"width\":1164,\"height\":558,\"caption\":\"Distribuci\u00f3n ARC\"},\"image\":{\"@id\":\"https:\/\/www.distribucionarc.com\/tr\/#\/schema\/logo\/image\/\"},\"description\":\"Empresa especializada en la fabricaci\u00f3n y distribuci\u00f3n de maquinaria industrial para los sectores alimentario y farmac\u00e9utico. Nos especializamos en: M\u00e1quinas de cortar carne Fabricaci\u00f3n de comprimidos Sistemas de transporte industrial L\u00edneas de embotellado Dosificadores Y mucho m\u00e1s... Ofrecemos soluciones innovadoras y personalizadas para optimizar los procesos productivos de tu empresa.\",\"email\":\"Admistracion@distribucionarc.com\",\"telephone\":\"+34 643496664\",\"legalName\":\"ARC TECH SOLUTIONS\",\"foundingDate\":\"2024-04-09\",\"vatID\":\"B55480172\",\"numberOfEmployees\":{\"@type\":\"QuantitativeValue\",\"minValue\":\"1\",\"maxValue\":\"10\"}}]}<\/script>\n<!-- \/ Yoast SEO Premium plugin. -->","yoast_head_json":{"title":"Pramoninis led\u0173 aparatas - ARC platinimas","robots":{"index":"index","follow":"follow","max-snippet":"max-snippet:-1","max-image-preview":"max-image-preview:large","max-video-preview":"max-video-preview:-1"},"canonical":"https:\/\/www.distribucionarc.com\/producto\/maquina-de-helados-industrial\/","og_locale":"lt_LT","og_type":"article","og_title":"M\u00e1quina de helados industrial","og_description":"M\u00e1quina de helados industrial En\u00a0ARC\u00a0siempre encontrar\u00e1s la\u00a0maquinaria para helados\u00a0para uso\u00a0comercial profesional\u00a0m\u00e1s innovadora del mercado por sus detalles elegantes, su cuidado en favorecer la producci\u00f3n y a su vez la calidad del producto, adem\u00e1s de ayudar en el consumo energ\u00e9tico con\u00a0m\u00e1quinas de helado de\u00a0bajo consumo energ\u00e9tico.  Esta\u00a0m\u00e1quina para helado yogurt con estructura vertical es capaz de producir 3 sabores de helado aprovechando su tercera boquilla para elaborar uno mixto de la formas mas sencilla, con una funci\u00f3n de pre enfriamiento y limpieza. La m\u00e1quina de helados ARCMH400\u00a0Viene con compresores duales, dos dep\u00f3sitos de acero inoxidable de 6L, un soporte de cono de humedad externo y una\u00a0pantalla LCD t\u00e1ctil\u00a0para observar directamente el funcionamiento de la\u00a0m\u00e1quina heladera, lo que convierte a\u00a0la m\u00e1quina de helados\u00a0de\u00a0ARC en una herramienta ideal para ubicaciones de alta demanda gracias a su posible producci\u00f3n de 400 conos por minuto. Dispone de ruedas con frenos lo que hace que la m\u00e1quina sea f\u00e1cil de llevar a donde quiera. Garant\u00eda\u00a0ARC 2 A\u00d1OS Maquina para hacer helados eficiente, bajo consumo 2150w soporte t\u00e9cnico incluido","og_url":"https:\/\/www.distribucionarc.com\/producto\/maquina-de-helados-industrial\/","og_site_name":"distribuci\u00f3n ARC","article_modified_time":"2023-06-05T11:10:16+00:00","og_image":[{"width":1600,"height":1600,"url":"https:\/\/www.distribucionarc.com\/wp-content\/uploads\/2021\/05\/Maquina-helados-cremosos-400xmin-.jpg","type":"image\/jpeg"}],"twitter_card":"summary_large_image","twitter_misc":{"Est. reading time":"2 minut\u0117s"},"schema":{"@context":"https:\/\/schema.org","@graph":[{"@type":"WebPage","@id":"https:\/\/www.distribucionarc.com\/producto\/maquina-de-helados-industrial\/","url":"https:\/\/www.distribucionarc.com\/producto\/maquina-de-helados-industrial\/","name":"Pramoninis led\u0173 aparatas - ARC platinimas","isPartOf":{"@id":"https:\/\/www.distribucionarc.com\/tr\/#website"},"primaryImageOfPage":{"@id":"https:\/\/www.distribucionarc.com\/producto\/maquina-de-helados-industrial\/#primaryimage"},"image":{"@id":"https:\/\/www.distribucionarc.com\/producto\/maquina-de-helados-industrial\/#primaryimage"},"thumbnailUrl":"https:\/\/distribucionarc.com\/wp-content\/uploads\/2021\/05\/Maquina-helados-cremosos-400xmin-.jpg","datePublished":"2021-05-04T09:34:24+00:00","dateModified":"2023-06-05T11:10:16+00:00","breadcrumb":{"@id":"https:\/\/www.distribucionarc.com\/producto\/maquina-de-helados-industrial\/#breadcrumb"},"inLanguage":"lt-LT","potentialAction":[{"@type":"ReadAction","target":["https:\/\/www.distribucionarc.com\/producto\/maquina-de-helados-industrial\/"]}]},{"@type":"ImageObject","inLanguage":"lt-LT","@id":"https:\/\/www.distribucionarc.com\/producto\/maquina-de-helados-industrial\/#primaryimage","url":"https:\/\/distribucionarc.com\/wp-content\/uploads\/2021\/05\/Maquina-helados-cremosos-400xmin-.jpg","contentUrl":"https:\/\/distribucionarc.com\/wp-content\/uploads\/2021\/05\/Maquina-helados-cremosos-400xmin-.jpg","width":1600,"height":1600},{"@type":"BreadcrumbList","@id":"https:\/\/www.distribucionarc.com\/producto\/maquina-de-helados-industrial\/#breadcrumb","itemListElement":[{"@type":"ListItem","position":1,"name":"Portada","item":"https:\/\/www.distribucionarc.com\/tr\/"},{"@type":"ListItem","position":2,"name":"Produktai","item":"https:\/\/distribucionarc.com\/lt\/parduotuve\/"},{"@type":"ListItem","position":3,"name":"M\u00e1quina de helados industrial"}]},{"@type":"WebSite","@id":"https:\/\/www.distribucionarc.com\/tr\/#website","url":"https:\/\/www.distribucionarc.com\/tr\/","name":"ARC paskirstymas","description":"\u012emon\u0117 specializuojasi pramonini\u0173 ma\u0161in\u0173, skardini\u0173 sandarinimo ma\u0161in\u0173, table\u010di\u0173 gamybos ma\u0161in\u0173, m\u0117sos pjaustymo ma\u0161in\u0173 gamyboje ir platinime...","publisher":{"@id":"https:\/\/www.distribucionarc.com\/tr\/#organization"},"potentialAction":[{"@type":"SearchAction","target":{"@type":"EntryPoint","urlTemplate":"https:\/\/www.distribucionarc.com\/tr\/?s={search_term_string}"},"query-input":{"@type":"PropertyValueSpecification","valueRequired":true,"valueName":"search_term_string"}}],"inLanguage":"lt-LT"},{"@type":"Organization","@id":"https:\/\/www.distribucionarc.com\/tr\/#organization","name":"ARC platinimas","url":"https:\/\/www.distribucionarc.com\/tr\/","logo":{"@type":"ImageObject","inLanguage":"lt-LT","@id":"https:\/\/www.distribucionarc.com\/tr\/#\/schema\/logo\/image\/","url":"https:\/\/distribucionarc.com\/wp-content\/uploads\/2024\/10\/distribucion-ARC-COLOR-SIN-FONDO-e1732295305345.png","contentUrl":"https:\/\/distribucionarc.com\/wp-content\/uploads\/2024\/10\/distribucion-ARC-COLOR-SIN-FONDO-e1732295305345.png","width":1164,"height":558,"caption":"Distribuci\u00f3n ARC"},"image":{"@id":"https:\/\/www.distribucionarc.com\/tr\/#\/schema\/logo\/image\/"},"description":"\u012emon\u0117 specializuojasi maisto ir farmacijos sektoriams skirt\u0173 pramonini\u0173 ma\u0161in\u0173 gamyboje ir platinime. M\u016bs\u0173 specializacija: M\u0117sos pjaustymo ma\u0161inos Table\u010di\u0173 gamyba Pramonin\u0117s transportavimo sistemos I\u0161pilstymo linijos Dozatoriai Ir dar daugiau... Si\u016blome novatori\u0161kus ir individualiems poreikiams pritaikytus sprendimus, kad optimizuotume j\u016bs\u0173 \u012fmon\u0117s gamybos procesus.","email":"Admistracion@distribucionarc.com","telephone":"+34 643496664","legalName":"ARC TECH SOLUTIONS","foundingDate":"2024-04-09","vatID":"B55480172","numberOfEmployees":{"@type":"QuantitativeValue","minValue":"1","maxValue":"10"}}]}},"_links":{"self":[{"href":"https:\/\/distribucionarc.com\/lt\/wp-json\/wp\/v2\/product\/4586","targetHints":{"allow":["GET"]}}],"collection":[{"href":"https:\/\/distribucionarc.com\/lt\/wp-json\/wp\/v2\/product"}],"about":[{"href":"https:\/\/distribucionarc.com\/lt\/wp-json\/wp\/v2\/types\/product"}],"replies":[{"embeddable":true,"href":"https:\/\/distribucionarc.com\/lt\/wp-json\/wp\/v2\/comments?post=4586"}],"version-history":[{"count":0,"href":"https:\/\/distribucionarc.com\/lt\/wp-json\/wp\/v2\/product\/4586\/revisions"}],"wp:featuredmedia":[{"embeddable":true,"href":"https:\/\/distribucionarc.com\/lt\/wp-json\/wp\/v2\/media\/6059"}],"wp:attachment":[{"href":"https:\/\/distribucionarc.com\/lt\/wp-json\/wp\/v2\/media?parent=4586"}],"wp:term":[{"taxonomy":"product_brand","embeddable":true,"href":"https:\/\/distribucionarc.com\/lt\/wp-json\/wp\/v2\/product_brand?post=4586"},{"taxonomy":"product_cat","embeddable":true,"href":"https:\/\/distribucionarc.com\/lt\/wp-json\/wp\/v2\/product_cat?post=4586"},{"taxonomy":"product_tag","embeddable":true,"href":"https:\/\/distribucionarc.com\/lt\/wp-json\/wp\/v2\/product_tag?post=4586"}],"curies":[{"name":"wp","href":"https:\/\/api.w.org\/{rel}","templated":true}]}}