{"id":472,"date":"2020-04-19T14:01:14","date_gmt":"2020-04-19T14:01:14","guid":{"rendered":"https:\/\/distribucionarc.com\/?post_type=product&#038;p=472"},"modified":"2023-03-31T07:43:15","modified_gmt":"2023-03-31T07:43:15","slug":"elektrinis-buteliu-zenklinimo-aparatas-5%ef%b8%8f%e2%83%a30%ef%b8%8f%e2%83%a3-etikeciu-per-minute-%f0%9f%a7%b4","status":"publish","type":"product","link":"https:\/\/distribucionarc.com\/lt\/producto\/maquina-etiquetadora-de-botellas-electrica-5%ef%b8%8f%e2%83%a30%ef%b8%8f%e2%83%a3-etiquetas-por-minuto-%f0%9f%a7%b4\/","title":{"rendered":"Elektrinis buteli\u0173 \u017eenklinimo aparatas 5\ufe0f\u20e30\ufe0f\u20e3 Etike\u010di\u0173 per minut\u0119?"},"content":{"rendered":"<h2>Elektrinis buteli\u0173 \u017eenklinimo aparatas 5\ufe0f\u20e30\ufe0f\u20e3 Etike\u010di\u0173 per minut\u0119?<strong>\u00a0<\/strong><\/h2>\n<p>&nbsp;<\/p>\n<p>Pusiau automatinis aparatas, tinkantis \u012fvairi\u0173 dyd\u017ei\u0173 lipnioms etiket\u0117ms, taip pat vis\u0173 tip\u0173 apvaliems buteliams. Jis gali b\u016bti naudojamas ant PET buteli\u0173, plastikini\u0173 buteli\u0173, stiklini\u0173 buteli\u0173, metalini\u0173 buteli\u0173 ir kt.<\/p>\n<ul class=\"_1V4Ij\" data-hook=\"collapse-info-section\">\n<li class=\"_2knBS undefined\" data-hook=\"collapse-info-item\">\n<div class=\"rah-static rah-static--height-auto\" aria-hidden=\"false\">\n<div>\n<div class=\"_1yvxJ cell\">\n<div class=\"WncCi\" data-hook=\"info-section-description\">\n<ul>\n<li>Patogu \u017eenklinti skirting\u0173 dyd\u017ei\u0173 apvalius butelius.<\/li>\n<li>Reguliuojamas \u017eenklinimas pagal ruo\u0161inio poreikius.<\/li>\n<li>\u017denklinimo efektyvumas yra labai didelis.<\/li>\n<li>Tiesiog rankiniu b\u016bdu pastatykite buteliuk\u0105 \u012f reikiam\u0105 pad\u0117t\u012f ir paspauskite.<\/li>\n<li>Tobulas \u017eenklinimas, be klos\u010di\u0173, rauk\u0161li\u0173 ar burbuliuk\u0173, padidinantis gaminio konkurencingum\u0105.<\/li>\n<li>Jutikliai ir elektroniniai komponentai yra valdomi PLC, tod\u0117l j\u0173 veikimas yra stabilesnis.<\/li>\n<li>Prie\u017ei\u016bra ir remontas yra pig\u016bs.<\/li>\n<li>Tai labai paprasta naudoti.<\/li>\n<\/ul>\n<\/div>\n<\/div>\n<\/div>\n<\/div>\n<\/li>\n<li class=\"_2knBS\" data-hook=\"collapse-info-item\">\n<h3 class=\"s8gg2 _2UIKs\" data-hook=\"info-section-title\">Specifikacijos:<\/h3>\n<\/li>\n<li>\u012etampa: 220V<\/li>\n<li>Variklio galia: 120W<\/li>\n<li>Butelio skersmuo: nuo 15 iki 120 mm.<\/li>\n<li>Maksimalus i\u0161orinis rit\u0117s skersmuo: 275 mm.<\/li>\n<li>Vidinis ritinio skersmuo: 75 mm.<\/li>\n<li>Minimalus etiket\u0117s dydis: 26 mm (plotis) x 25 mm (ilgis)<\/li>\n<li>Maksimalus etiket\u0117s dydis: 150 mm (plotis) x 180 mm (ilgis)<\/li>\n<li>\u017denklinimo greitis: nuo 20 iki 40 buteli\u0173\/min.<\/li>\n<li>Tikslumas: +\/- 0,5 mm.<\/li>\n<\/ul>\n<h3>\u0160iame vaizdo \u012fra\u0161e galite pamatyti buteli\u0173 \u017eenklinimo ma\u0161inos surinkim\u0105. Ar galime j\u012f pamatyti ir veikiant?<\/h3>\n<p><iframe loading=\"lazy\" src=\"https:\/\/www.youtube.com\/embed\/_gJQm-YM1Cc\" width=\"560\" height=\"315\" frameborder=\"0\" allowfullscreen=\"allowfullscreen\"><\/iframe><\/p>","protected":false},"excerpt":{"rendered":"<p>buteli\u0173 \u017eenklinimo ma\u0161ina<\/p>\n<p>Su \u0161ia ma\u0161ina galime \u017eenklinti \u012fvairi\u0173 tip\u0173 butelius, jie gali b\u016bti aliuminio, stiklo ar plastiko.<\/p>\n<p>Butelio dydis (ilgis) maksimalus 15mm\u2796120mm<\/p>\n<p>Visai m\u016bs\u0173 technikai suteikiama 2\ufe0f\u20e3 met\u0173 garantija.<\/p>\n<p>Technin\u0117 pagalba gedimo atveju.<\/p>","protected":false},"featured_media":483,"comment_status":"open","ping_status":"closed","template":"","meta":{"wds_primary_product_brand":0,"wds_primary_product_cat":0},"product_brand":[],"product_cat":[44],"product_tag":[],"class_list":{"0":"post-472","1":"product","2":"type-product","3":"status-publish","4":"has-post-thumbnail","6":"product_cat-etiquetadoras-de-botellas","8":"first","9":"instock","10":"taxable","11":"shipping-taxable","12":"purchasable","13":"product-type-simple"},"yoast_head":"<!-- This site is optimized with the Yoast SEO Premium plugin v24.9 (Yoast SEO v26.1) - https:\/\/yoast.com\/wordpress\/plugins\/seo\/ -->\n<title>M\u00e1quina Etiquetadora de Botellas El\u00e9ctrica 5\ufe0f\u20e30\ufe0f\u20e3 Etiquetas por Minuto ? - distribuci\u00f3n ARC<\/title>\n<meta name=\"robots\" content=\"index, follow, max-snippet:-1, max-image-preview:large, max-video-preview:-1\" \/>\n<link rel=\"canonical\" href=\"https:\/\/distribucionarc.com\/lt\/produktas\/elektrinis-buteliu-zenklinimo-aparatas-5\ufe0f\u20e30\ufe0f\u20e3-etikeciu-per-minute-\ud83e\uddf4\/\" \/>\n<meta property=\"og:locale\" content=\"lt_LT\" \/>\n<meta property=\"og:type\" content=\"article\" \/>\n<meta property=\"og:title\" content=\"M\u00e1quina Etiquetadora de Botellas El\u00e9ctrica 5\ufe0f\u20e30\ufe0f\u20e3 Etiquetas por Minuto ?\" \/>\n<meta property=\"og:description\" content=\"M\u00e1quina etiquetadora de botellas  Con \u00e9sta m\u00e1quina podemos etiquetar diferentes tipos de botellas pueden ser de aluminio,cristal o pl\u00e1stico.  Tama\u00f1o de la botella (largo) maximo 15mm\u2796120mm  Toda nuestra maquinaria tiene garant\u00eda de 2\ufe0f\u20e3 a\u00f1os.  Soporte t\u00e9cnico en caso de aver\u00eda.\" \/>\n<meta property=\"og:url\" content=\"https:\/\/distribucionarc.com\/lt\/produktas\/elektrinis-buteliu-zenklinimo-aparatas-5\ufe0f\u20e30\ufe0f\u20e3-etikeciu-per-minute-\ud83e\uddf4\/\" \/>\n<meta property=\"og:site_name\" content=\"distribuci\u00f3n ARC\" \/>\n<meta property=\"article:modified_time\" content=\"2023-03-31T07:43:15+00:00\" \/>\n<meta property=\"og:image\" content=\"https:\/\/distribucionarc.com\/wp-content\/uploads\/2020\/04\/etiquetadora_de_botellas_plastico_cristal_aluminio_0.jpg\" \/>\n\t<meta property=\"og:image:width\" content=\"1001\" \/>\n\t<meta property=\"og:image:height\" content=\"1001\" \/>\n\t<meta property=\"og:image:type\" content=\"image\/jpeg\" \/>\n<meta name=\"twitter:card\" content=\"summary_large_image\" \/>\n<meta name=\"twitter:label1\" content=\"Est. reading time\" \/>\n\t<meta name=\"twitter:data1\" content=\"1 minut\u0117\" \/>\n<script type=\"application\/ld+json\" class=\"yoast-schema-graph\">{\"@context\":\"https:\/\/schema.org\",\"@graph\":[{\"@type\":\"WebPage\",\"@id\":\"https:\/\/distribucionarc.com\/producto\/maquina-etiquetadora-de-botellas-electrica-5%ef%b8%8f%e2%83%a30%ef%b8%8f%e2%83%a3-etiquetas-por-minuto-%f0%9f%a7%b4\/\",\"url\":\"https:\/\/distribucionarc.com\/producto\/maquina-etiquetadora-de-botellas-electrica-5%ef%b8%8f%e2%83%a30%ef%b8%8f%e2%83%a3-etiquetas-por-minuto-%f0%9f%a7%b4\/\",\"name\":\"M\u00e1quina Etiquetadora de Botellas El\u00e9ctrica 5\ufe0f\u20e30\ufe0f\u20e3 Etiquetas por Minuto ? - distribuci\u00f3n ARC\",\"isPartOf\":{\"@id\":\"https:\/\/www.distribucionarc.com\/sl\/#website\"},\"primaryImageOfPage\":{\"@id\":\"https:\/\/distribucionarc.com\/producto\/maquina-etiquetadora-de-botellas-electrica-5%ef%b8%8f%e2%83%a30%ef%b8%8f%e2%83%a3-etiquetas-por-minuto-%f0%9f%a7%b4\/#primaryimage\"},\"image\":{\"@id\":\"https:\/\/distribucionarc.com\/producto\/maquina-etiquetadora-de-botellas-electrica-5%ef%b8%8f%e2%83%a30%ef%b8%8f%e2%83%a3-etiquetas-por-minuto-%f0%9f%a7%b4\/#primaryimage\"},\"thumbnailUrl\":\"https:\/\/distribucionarc.com\/wp-content\/uploads\/2020\/04\/etiquetadora_de_botellas_plastico_cristal_aluminio_0.jpg\",\"datePublished\":\"2020-04-19T14:01:14+00:00\",\"dateModified\":\"2023-03-31T07:43:15+00:00\",\"breadcrumb\":{\"@id\":\"https:\/\/distribucionarc.com\/producto\/maquina-etiquetadora-de-botellas-electrica-5%ef%b8%8f%e2%83%a30%ef%b8%8f%e2%83%a3-etiquetas-por-minuto-%f0%9f%a7%b4\/#breadcrumb\"},\"inLanguage\":\"lt-LT\",\"potentialAction\":[{\"@type\":\"ReadAction\",\"target\":[\"https:\/\/distribucionarc.com\/producto\/maquina-etiquetadora-de-botellas-electrica-5%ef%b8%8f%e2%83%a30%ef%b8%8f%e2%83%a3-etiquetas-por-minuto-%f0%9f%a7%b4\/\"]}]},{\"@type\":\"ImageObject\",\"inLanguage\":\"lt-LT\",\"@id\":\"https:\/\/distribucionarc.com\/producto\/maquina-etiquetadora-de-botellas-electrica-5%ef%b8%8f%e2%83%a30%ef%b8%8f%e2%83%a3-etiquetas-por-minuto-%f0%9f%a7%b4\/#primaryimage\",\"url\":\"https:\/\/distribucionarc.com\/wp-content\/uploads\/2020\/04\/etiquetadora_de_botellas_plastico_cristal_aluminio_0.jpg\",\"contentUrl\":\"https:\/\/distribucionarc.com\/wp-content\/uploads\/2020\/04\/etiquetadora_de_botellas_plastico_cristal_aluminio_0.jpg\",\"width\":1001,\"height\":1001},{\"@type\":\"BreadcrumbList\",\"@id\":\"https:\/\/distribucionarc.com\/producto\/maquina-etiquetadora-de-botellas-electrica-5%ef%b8%8f%e2%83%a30%ef%b8%8f%e2%83%a3-etiquetas-por-minuto-%f0%9f%a7%b4\/#breadcrumb\",\"itemListElement\":[{\"@type\":\"ListItem\",\"position\":1,\"name\":\"Portada\",\"item\":\"https:\/\/www.distribucionarc.com\/\"},{\"@type\":\"ListItem\",\"position\":2,\"name\":\"\u00dcr\u00fcnler\",\"item\":\"https:\/\/www.distribucionarc.com\/tr\/magaza\/\"},{\"@type\":\"ListItem\",\"position\":3,\"name\":\"M\u00e1quina Etiquetadora de Botellas El\u00e9ctrica 5\ufe0f\u20e30\ufe0f\u20e3 Etiquetas por Minuto ?\"}]},{\"@type\":\"WebSite\",\"@id\":\"https:\/\/www.distribucionarc.com\/sl\/#website\",\"url\":\"https:\/\/www.distribucionarc.com\/sl\/\",\"name\":\"distribuci\u00f3n ARC\",\"description\":\"Empresa especializada en la fabricaci\u00f3n y distribuci\u00f3n de maquinaria industrial, selladoras de latas, Maquinas de hacer pastillas, Maquinas de cortar carne...\",\"publisher\":{\"@id\":\"https:\/\/www.distribucionarc.com\/sl\/#organization\"},\"potentialAction\":[{\"@type\":\"SearchAction\",\"target\":{\"@type\":\"EntryPoint\",\"urlTemplate\":\"https:\/\/www.distribucionarc.com\/sl\/?s={search_term_string}\"},\"query-input\":{\"@type\":\"PropertyValueSpecification\",\"valueRequired\":true,\"valueName\":\"search_term_string\"}}],\"inLanguage\":\"lt-LT\"},{\"@type\":\"Organization\",\"@id\":\"https:\/\/www.distribucionarc.com\/sl\/#organization\",\"name\":\"Distribuci\u00f3n ARC\",\"url\":\"https:\/\/www.distribucionarc.com\/sl\/\",\"logo\":{\"@type\":\"ImageObject\",\"inLanguage\":\"lt-LT\",\"@id\":\"https:\/\/www.distribucionarc.com\/sl\/#\/schema\/logo\/image\/\",\"url\":\"https:\/\/distribucionarc.com\/wp-content\/uploads\/2024\/10\/distribucion-ARC-COLOR-SIN-FONDO-e1732295305345.png\",\"contentUrl\":\"https:\/\/distribucionarc.com\/wp-content\/uploads\/2024\/10\/distribucion-ARC-COLOR-SIN-FONDO-e1732295305345.png\",\"width\":1164,\"height\":558,\"caption\":\"Distribuci\u00f3n ARC\"},\"image\":{\"@id\":\"https:\/\/www.distribucionarc.com\/sl\/#\/schema\/logo\/image\/\"},\"description\":\"Empresa especializada en la fabricaci\u00f3n y distribuci\u00f3n de maquinaria industrial para los sectores alimentario y farmac\u00e9utico. Nos especializamos en: M\u00e1quinas de cortar carne Fabricaci\u00f3n de comprimidos Sistemas de transporte industrial L\u00edneas de embotellado Dosificadores Y mucho m\u00e1s... Ofrecemos soluciones innovadoras y personalizadas para optimizar los procesos productivos de tu empresa.\",\"email\":\"Admistracion@distribucionarc.com\",\"telephone\":\"+34 643496664\",\"legalName\":\"ARC TECH SOLUTIONS\",\"foundingDate\":\"2024-04-09\",\"vatID\":\"B55480172\",\"numberOfEmployees\":{\"@type\":\"QuantitativeValue\",\"minValue\":\"1\",\"maxValue\":\"10\"}}]}<\/script>\n<!-- \/ Yoast SEO Premium plugin. -->","yoast_head_json":{"title":"Elektrinis buteli\u0173 \u017eenklinimo aparatas 5\ufe0f\u20e30\ufe0f\u20e3 Etike\u010di\u0173 per minut\u0119? - ARC platinimas","robots":{"index":"index","follow":"follow","max-snippet":"max-snippet:-1","max-image-preview":"max-image-preview:large","max-video-preview":"max-video-preview:-1"},"canonical":"https:\/\/distribucionarc.com\/lt\/produktas\/elektrinis-buteliu-zenklinimo-aparatas-5\ufe0f\u20e30\ufe0f\u20e3-etikeciu-per-minute-\ud83e\uddf4\/","og_locale":"lt_LT","og_type":"article","og_title":"M\u00e1quina Etiquetadora de Botellas El\u00e9ctrica 5\ufe0f\u20e30\ufe0f\u20e3 Etiquetas por Minuto ?","og_description":"M\u00e1quina etiquetadora de botellas  Con \u00e9sta m\u00e1quina podemos etiquetar diferentes tipos de botellas pueden ser de aluminio,cristal o pl\u00e1stico.  Tama\u00f1o de la botella (largo) maximo 15mm\u2796120mm  Toda nuestra maquinaria tiene garant\u00eda de 2\ufe0f\u20e3 a\u00f1os.  Soporte t\u00e9cnico en caso de aver\u00eda.","og_url":"https:\/\/distribucionarc.com\/lt\/produktas\/elektrinis-buteliu-zenklinimo-aparatas-5\ufe0f\u20e30\ufe0f\u20e3-etikeciu-per-minute-\ud83e\uddf4\/","og_site_name":"distribuci\u00f3n ARC","article_modified_time":"2023-03-31T07:43:15+00:00","og_image":[{"width":1001,"height":1001,"url":"https:\/\/distribucionarc.com\/wp-content\/uploads\/2020\/04\/etiquetadora_de_botellas_plastico_cristal_aluminio_0.jpg","type":"image\/jpeg"}],"twitter_card":"summary_large_image","twitter_misc":{"Est. reading time":"1 minut\u0117"},"schema":{"@context":"https:\/\/schema.org","@graph":[{"@type":"WebPage","@id":"https:\/\/distribucionarc.com\/producto\/maquina-etiquetadora-de-botellas-electrica-5%ef%b8%8f%e2%83%a30%ef%b8%8f%e2%83%a3-etiquetas-por-minuto-%f0%9f%a7%b4\/","url":"https:\/\/distribucionarc.com\/producto\/maquina-etiquetadora-de-botellas-electrica-5%ef%b8%8f%e2%83%a30%ef%b8%8f%e2%83%a3-etiquetas-por-minuto-%f0%9f%a7%b4\/","name":"Elektrinis buteli\u0173 \u017eenklinimo aparatas 5\ufe0f\u20e30\ufe0f\u20e3 Etike\u010di\u0173 per minut\u0119? - ARC platinimas","isPartOf":{"@id":"https:\/\/www.distribucionarc.com\/sl\/#website"},"primaryImageOfPage":{"@id":"https:\/\/distribucionarc.com\/producto\/maquina-etiquetadora-de-botellas-electrica-5%ef%b8%8f%e2%83%a30%ef%b8%8f%e2%83%a3-etiquetas-por-minuto-%f0%9f%a7%b4\/#primaryimage"},"image":{"@id":"https:\/\/distribucionarc.com\/producto\/maquina-etiquetadora-de-botellas-electrica-5%ef%b8%8f%e2%83%a30%ef%b8%8f%e2%83%a3-etiquetas-por-minuto-%f0%9f%a7%b4\/#primaryimage"},"thumbnailUrl":"https:\/\/distribucionarc.com\/wp-content\/uploads\/2020\/04\/etiquetadora_de_botellas_plastico_cristal_aluminio_0.jpg","datePublished":"2020-04-19T14:01:14+00:00","dateModified":"2023-03-31T07:43:15+00:00","breadcrumb":{"@id":"https:\/\/distribucionarc.com\/producto\/maquina-etiquetadora-de-botellas-electrica-5%ef%b8%8f%e2%83%a30%ef%b8%8f%e2%83%a3-etiquetas-por-minuto-%f0%9f%a7%b4\/#breadcrumb"},"inLanguage":"lt-LT","potentialAction":[{"@type":"ReadAction","target":["https:\/\/distribucionarc.com\/producto\/maquina-etiquetadora-de-botellas-electrica-5%ef%b8%8f%e2%83%a30%ef%b8%8f%e2%83%a3-etiquetas-por-minuto-%f0%9f%a7%b4\/"]}]},{"@type":"ImageObject","inLanguage":"lt-LT","@id":"https:\/\/distribucionarc.com\/producto\/maquina-etiquetadora-de-botellas-electrica-5%ef%b8%8f%e2%83%a30%ef%b8%8f%e2%83%a3-etiquetas-por-minuto-%f0%9f%a7%b4\/#primaryimage","url":"https:\/\/distribucionarc.com\/wp-content\/uploads\/2020\/04\/etiquetadora_de_botellas_plastico_cristal_aluminio_0.jpg","contentUrl":"https:\/\/distribucionarc.com\/wp-content\/uploads\/2020\/04\/etiquetadora_de_botellas_plastico_cristal_aluminio_0.jpg","width":1001,"height":1001},{"@type":"BreadcrumbList","@id":"https:\/\/distribucionarc.com\/producto\/maquina-etiquetadora-de-botellas-electrica-5%ef%b8%8f%e2%83%a30%ef%b8%8f%e2%83%a3-etiquetas-por-minuto-%f0%9f%a7%b4\/#breadcrumb","itemListElement":[{"@type":"ListItem","position":1,"name":"Portada","item":"https:\/\/www.distribucionarc.com\/"},{"@type":"ListItem","position":2,"name":"\u00dcr\u00fcnler","item":"https:\/\/www.distribucionarc.com\/tr\/magaza\/"},{"@type":"ListItem","position":3,"name":"M\u00e1quina Etiquetadora de Botellas El\u00e9ctrica 5\ufe0f\u20e30\ufe0f\u20e3 Etiquetas por Minuto ?"}]},{"@type":"WebSite","@id":"https:\/\/www.distribucionarc.com\/sl\/#website","url":"https:\/\/www.distribucionarc.com\/sl\/","name":"ARC paskirstymas","description":"\u012emon\u0117 specializuojasi pramonini\u0173 ma\u0161in\u0173, skardini\u0173 sandarinimo ma\u0161in\u0173, table\u010di\u0173 gamybos ma\u0161in\u0173, m\u0117sos pjaustymo ma\u0161in\u0173 gamyboje ir platinime...","publisher":{"@id":"https:\/\/www.distribucionarc.com\/sl\/#organization"},"potentialAction":[{"@type":"SearchAction","target":{"@type":"EntryPoint","urlTemplate":"https:\/\/www.distribucionarc.com\/sl\/?s={search_term_string}"},"query-input":{"@type":"PropertyValueSpecification","valueRequired":true,"valueName":"search_term_string"}}],"inLanguage":"lt-LT"},{"@type":"Organization","@id":"https:\/\/www.distribucionarc.com\/sl\/#organization","name":"ARC platinimas","url":"https:\/\/www.distribucionarc.com\/sl\/","logo":{"@type":"ImageObject","inLanguage":"lt-LT","@id":"https:\/\/www.distribucionarc.com\/sl\/#\/schema\/logo\/image\/","url":"https:\/\/distribucionarc.com\/wp-content\/uploads\/2024\/10\/distribucion-ARC-COLOR-SIN-FONDO-e1732295305345.png","contentUrl":"https:\/\/distribucionarc.com\/wp-content\/uploads\/2024\/10\/distribucion-ARC-COLOR-SIN-FONDO-e1732295305345.png","width":1164,"height":558,"caption":"Distribuci\u00f3n ARC"},"image":{"@id":"https:\/\/www.distribucionarc.com\/sl\/#\/schema\/logo\/image\/"},"description":"\u012emon\u0117 specializuojasi maisto ir farmacijos sektoriams skirt\u0173 pramonini\u0173 ma\u0161in\u0173 gamyboje ir platinime. M\u016bs\u0173 specializacija: M\u0117sos pjaustymo ma\u0161inos Table\u010di\u0173 gamyba Pramonin\u0117s transportavimo sistemos I\u0161pilstymo linijos Dozatoriai Ir dar daugiau... Si\u016blome novatori\u0161kus ir individualiems poreikiams pritaikytus sprendimus, kad optimizuotume j\u016bs\u0173 \u012fmon\u0117s gamybos procesus.","email":"Admistracion@distribucionarc.com","telephone":"+34 643496664","legalName":"ARC TECH SOLUTIONS","foundingDate":"2024-04-09","vatID":"B55480172","numberOfEmployees":{"@type":"QuantitativeValue","minValue":"1","maxValue":"10"}}]}},"_links":{"self":[{"href":"https:\/\/distribucionarc.com\/lt\/wp-json\/wp\/v2\/product\/472","targetHints":{"allow":["GET"]}}],"collection":[{"href":"https:\/\/distribucionarc.com\/lt\/wp-json\/wp\/v2\/product"}],"about":[{"href":"https:\/\/distribucionarc.com\/lt\/wp-json\/wp\/v2\/types\/product"}],"replies":[{"embeddable":true,"href":"https:\/\/distribucionarc.com\/lt\/wp-json\/wp\/v2\/comments?post=472"}],"version-history":[{"count":0,"href":"https:\/\/distribucionarc.com\/lt\/wp-json\/wp\/v2\/product\/472\/revisions"}],"wp:featuredmedia":[{"embeddable":true,"href":"https:\/\/distribucionarc.com\/lt\/wp-json\/wp\/v2\/media\/483"}],"wp:attachment":[{"href":"https:\/\/distribucionarc.com\/lt\/wp-json\/wp\/v2\/media?parent=472"}],"wp:term":[{"taxonomy":"product_brand","embeddable":true,"href":"https:\/\/distribucionarc.com\/lt\/wp-json\/wp\/v2\/product_brand?post=472"},{"taxonomy":"product_cat","embeddable":true,"href":"https:\/\/distribucionarc.com\/lt\/wp-json\/wp\/v2\/product_cat?post=472"},{"taxonomy":"product_tag","embeddable":true,"href":"https:\/\/distribucionarc.com\/lt\/wp-json\/wp\/v2\/product_tag?post=472"}],"curies":[{"name":"wp","href":"https:\/\/api.w.org\/{rel}","templated":true}]}}