{"id":502,"date":"2020-04-19T15:15:10","date_gmt":"2020-04-19T15:15:10","guid":{"rendered":"https:\/\/distribucionarc.com\/?post_type=product&#038;p=502"},"modified":"2023-03-31T07:42:33","modified_gmt":"2023-03-31T07:42:33","slug":"profesionalus-buteliu-zenklinimo-aparatas-%f0%9f%a7%b4-partijos-numerio-zenklinimas","status":"publish","type":"product","link":"https:\/\/distribucionarc.com\/lt\/producto\/maquina-etiquetadora-de-botellas-profesional-%f0%9f%a7%b4-etiquetado-numero-de-lote\/","title":{"rendered":"Profesionali buteli\u0173 \u017eenklinimo ma\u0161ina? Partijos numerio \u017eenklinimas\u00a0"},"content":{"rendered":"<h2>Profesionali buteli\u0173 \u017eenklinimo ma\u0161ina?<strong>\u00a0 Partijos numerio \u017eenklinimas\u00a0<\/strong><\/h2>\n<p>&nbsp;<\/p>\n<p>Pusiau automatinis aparatas, tinkantis \u012fvairi\u0173 dyd\u017ei\u0173 lipnioms etiket\u0117ms, taip pat vis\u0173 tip\u0173 apvaliems buteliams. Jis gali b\u016bti naudojamas ant PET buteli\u0173, plastikini\u0173 buteli\u0173, stiklini\u0173 buteli\u0173, metalini\u0173 buteli\u0173 ir kt.<\/p>\n<ul class=\"_1V4Ij\" data-hook=\"collapse-info-section\">\n<li class=\"_2knBS undefined\" data-hook=\"collapse-info-item\">\n<div class=\"rah-static rah-static--height-auto\" aria-hidden=\"false\">\n<div class=\"_1yvxJ cell\">\n<div class=\"WncCi\" data-hook=\"info-section-description\">\n<ul>\n<li>Patogu \u017eenklinti skirting\u0173 dyd\u017ei\u0173 apvalius butelius.<\/li>\n<li>Reguliuojamas \u017eenklinimas pagal ruo\u0161inio poreikius.<\/li>\n<li>\u017denklinimo efektyvumas yra labai didelis.<\/li>\n<li>Tiesiog rankiniu b\u016bdu pastatykite butel\u012f reikiama kryptimi<\/li>\n<li>Tobulas \u017eenklinimas, be klos\u010di\u0173, rauk\u0161li\u0173 ar burbuliuk\u0173, padidinantis gaminio konkurencingum\u0105.<\/li>\n<li>Jutikliai ir elektroniniai komponentai yra valdomi PLC, tod\u0117l j\u0173 veikimas yra stabilesnis.<\/li>\n<li>Prie\u017ei\u016bra ir remontas yra pig\u016bs.<\/li>\n<li>Tai labai paprasta naudoti.<\/li>\n<\/ul>\n<p><strong>Specifikacija<\/strong><\/p>\n<p>SL130 pusiau automatin\u0117 apvali\u0173 buteli\u0173 \u017eenklinimo ma\u0161ina su kodavimo spausdintuvo funkcija<br \/>\n\u0160i ma\u0161ina pa\u017eenklina 1 apval\u0173 butel\u012f 2 etiket\u0117mis, jei 2 etike\u010di\u0173 ilgis yra vienodas.<br \/>\n\u0160is etike\u010di\u0173 aparatas naudojamas \u012fvairi\u0173 apvali\u0173 buteli\u0173 \u017eenklinimui ir kodavimui, kodavimui, pavyzd\u017eiui: stikliniams buteliams, plastikiniams buteliams, skardin\u0117ms, kri\u0161tolo ir kt.<\/p>\n<p>\u0160i ma\u0161ina sukonfig\u016bruota su kodavimo funkcija. Etiketuodami galite vienu metu atspausdinti gamybos partijos numer\u012f ir dat\u0105, o tai supaprastina gamybos proces\u0105 ir padidina efektyvum\u0105.<\/p>\n<p>Naudojame elektromagnetin\u0119 sistem\u0105, kuri pagerina tikslum\u0105. Ant ma\u0161inos yra anoduotas auk\u0161tos klas\u0117s aliuminio lydinys, tod\u0117l ma\u0161inos tarnavimo laikas ilgesnis.<\/p>\n<p>Visos standartizuotos ma\u0161inos dalys ir komponentai yra kruop\u0161\u010diai pagaminti i\u0161 ner\u016bdijan\u010dio plieno. Tuo tarpu su PLC valdymo skydeliu ir skyst\u0173j\u0173 kristal\u0173 ekranu i\u0161vaizda yra labai moderni.<\/p>\n<p>DUOMENYS:<\/p>\n<p>\u012etampa: 200~240V arba 110V<\/p>\n<p>Galia: 150W<\/p>\n<p>Etiket\u0117s matmenys (maks.): 120 (plotis) x 400 (ilgis) mm<\/p>\n<p>Etiket\u0117s matmenys (MINI): 10 (plotis) x 30 (ilgis) mm<\/p>\n<h3>Butelio dydis.<\/h3>\n<p>Did\u017eiausias matmuo (maks.): 125\u00a0125 mm (4,92 \u00bb)<\/p>\n<p>Ma\u017eiausias matmuo (MINI): 20\u00a020 mm (0,8 \u00bb)<\/p>\n<p>I\u0161oriniai matmenys: 580x680x860mm (22,84 \u00d7 26,77 \u00d7 33,86 colio)<\/p>\n<p>Grynasis svoris: 42 kg<\/p>\n<p>Paketo turinys:<br \/>\n1X\u03a64 dir\u017eas<\/p>\n<p>1 x 3A apsauginis vamzdelis<\/p>\n<p>1 X naudojimo instrukcija<\/p>\n<p>1 X stabd\u017ei\u0173 spyruokl\u0117<\/p>\n<p>1 x M4 vidinis \u0161e\u0161iakampis ver\u017eliaraktis<\/p>\n<p>1 x M5 vidinis \u0161e\u0161iakampis ver\u017eliaraktis<\/p>\n<p>1 x M6 vidinis \u0161e\u0161iakampis ver\u017eliaraktis<\/p>\n<p>1 x M8 vidinis \u0161e\u0161iakampis ver\u017eliaraktis<\/p>\n<p>1 X HP-241 kodavimo aparatas<\/p>\n<\/div>\n<p>&nbsp;<\/p>\n<div class=\"WncCi\" data-hook=\"info-section-description\">\n<p>&nbsp;<\/p>\n<\/div>\n<\/div>\n<\/div>\n<\/li>\n<\/ul>\n<p><iframe loading=\"lazy\" src=\"https:\/\/www.youtube.com\/embed\/-ImYO2i-Ji0\" width=\"560\" height=\"315\" frameborder=\"0\" allowfullscreen=\"allowfullscreen\"><\/iframe><\/p>","protected":false},"excerpt":{"rendered":"<p>Buteli\u0173 \u017eenklinimo ma\u0161ina<\/p>\n<p>SL130 pusiau automatin\u0117 apvali\u0173 buteli\u0173 \u017eenklinimo ma\u0161ina su partijos ir galiojimo pabaigos spausdintuvo funkcija<br \/>\n\u0160i ma\u0161ina pa\u017eenklina 1 apval\u0173 butel\u012f 2 etiket\u0117mis, jei 2 etike\u010di\u0173 ilgis yra vienodas.<br \/>\n\u0160is etike\u010di\u0173 aparatas naudojamas \u012fvairi\u0173 apvali\u0173 buteli\u0173 \u017eenklinimui ir kodavimui, kodavimui, pvz.: stikliniams buteliams, plastikiniams buteliams, skardin\u0117ms ir kt.<br \/>\nmaksimalus etiket\u0117s dydis (120 mm plotis \u2796 400 mm ilgis)<\/p>\n<p>Visai m\u016bs\u0173 technikai suteikiama 2\ufe0f\u20e3 met\u0173 garantija.<\/p>\n<p>Technin\u0117 pagalba gedimo atveju.<\/p>","protected":false},"featured_media":506,"comment_status":"open","ping_status":"closed","template":"","meta":{"wds_primary_product_brand":0,"wds_primary_product_cat":0},"product_brand":[],"product_cat":[44],"product_tag":[],"class_list":{"0":"post-502","1":"product","2":"type-product","3":"status-publish","4":"has-post-thumbnail","6":"product_cat-etiquetadoras-de-botellas","8":"first","9":"instock","10":"taxable","11":"shipping-taxable","12":"purchasable","13":"product-type-simple"},"yoast_head":"<!-- This site is optimized with the Yoast SEO Premium plugin v24.9 (Yoast SEO v26.1) - https:\/\/yoast.com\/wordpress\/plugins\/seo\/ -->\n<title>M\u00e1quina Etiquetadora de Botellas Profesional ?\u00a0 Etiquetado N\u00famero de Lote\u00a0 - distribuci\u00f3n ARC<\/title>\n<meta name=\"robots\" content=\"index, follow, max-snippet:-1, max-image-preview:large, max-video-preview:-1\" \/>\n<link rel=\"canonical\" href=\"https:\/\/distribucionarc.com\/lt\/produktas\/profesionalus-buteliu-zenklinimo-aparatas-\ud83e\uddf4-partijos-numerio-zenklinimas\/\" \/>\n<meta property=\"og:locale\" content=\"lt_LT\" \/>\n<meta property=\"og:type\" content=\"article\" \/>\n<meta property=\"og:title\" content=\"M\u00e1quina Etiquetadora de Botellas Profesional ?\u00a0 Etiquetado N\u00famero de Lote\u00a0\" \/>\n<meta property=\"og:description\" content=\"M\u00e1quina Etiquetadora de Botellas  Etiquetadora de botellas redondas semiautom\u00e1tica SL130 con funci\u00f3n de impresora de lote y caducidad Esta m\u00e1quina etiqueta 1 botella redonda con 2 etiquetas, siempre y cuando la longitud de las 2 etiquetas sea la misma. Esta m\u00e1quina de etiquetas se utiliza para etiquetar y codificar en varias botellas redondas, codificaci\u00f3n, como: botellas de vidrio, botellas de pl\u00e1stico, latas, etc. tama\u00f1o de la etiqueta\u00a0 maximo (120mm ancho \u2796400mm largo)  Toda nuestra maquinaria tiene garant\u00eda de 2\ufe0f\u20e3 a\u00f1os.  Soporte t\u00e9cnico en caso de aver\u00eda.\" \/>\n<meta property=\"og:url\" content=\"https:\/\/distribucionarc.com\/lt\/produktas\/profesionalus-buteliu-zenklinimo-aparatas-\ud83e\uddf4-partijos-numerio-zenklinimas\/\" \/>\n<meta property=\"og:site_name\" content=\"distribuci\u00f3n ARC\" \/>\n<meta property=\"article:modified_time\" content=\"2023-03-31T07:42:33+00:00\" \/>\n<meta property=\"og:image\" content=\"https:\/\/distribucionarc.com\/wp-content\/uploads\/2020\/04\/maquina_Etiquetadora_de_botellas_profesional_0.jpg\" \/>\n\t<meta property=\"og:image:width\" content=\"1600\" \/>\n\t<meta property=\"og:image:height\" content=\"1600\" \/>\n\t<meta property=\"og:image:type\" content=\"image\/jpeg\" \/>\n<meta name=\"twitter:card\" content=\"summary_large_image\" \/>\n<meta name=\"twitter:label1\" content=\"Est. reading time\" \/>\n\t<meta name=\"twitter:data1\" content=\"2 minut\u0117s\" \/>\n<script type=\"application\/ld+json\" class=\"yoast-schema-graph\">{\"@context\":\"https:\/\/schema.org\",\"@graph\":[{\"@type\":\"WebPage\",\"@id\":\"https:\/\/distribucionarc.com\/el\/producto\/maquina-etiquetadora-de-botellas-profesional-%f0%9f%a7%b4-etiquetado-numero-de-lote\/\",\"url\":\"https:\/\/distribucionarc.com\/el\/producto\/maquina-etiquetadora-de-botellas-profesional-%f0%9f%a7%b4-etiquetado-numero-de-lote\/\",\"name\":\"M\u00e1quina Etiquetadora de Botellas Profesional ?\u00a0 Etiquetado N\u00famero de Lote\u00a0 - distribuci\u00f3n ARC\",\"isPartOf\":{\"@id\":\"https:\/\/www.distribucionarc.com\/sl\/#website\"},\"primaryImageOfPage\":{\"@id\":\"https:\/\/distribucionarc.com\/el\/producto\/maquina-etiquetadora-de-botellas-profesional-%f0%9f%a7%b4-etiquetado-numero-de-lote\/#primaryimage\"},\"image\":{\"@id\":\"https:\/\/distribucionarc.com\/el\/producto\/maquina-etiquetadora-de-botellas-profesional-%f0%9f%a7%b4-etiquetado-numero-de-lote\/#primaryimage\"},\"thumbnailUrl\":\"https:\/\/distribucionarc.com\/wp-content\/uploads\/2020\/04\/maquina_Etiquetadora_de_botellas_profesional_0.jpg\",\"datePublished\":\"2020-04-19T15:15:10+00:00\",\"dateModified\":\"2023-03-31T07:42:33+00:00\",\"breadcrumb\":{\"@id\":\"https:\/\/distribucionarc.com\/el\/producto\/maquina-etiquetadora-de-botellas-profesional-%f0%9f%a7%b4-etiquetado-numero-de-lote\/#breadcrumb\"},\"inLanguage\":\"lt-LT\",\"potentialAction\":[{\"@type\":\"ReadAction\",\"target\":[\"https:\/\/distribucionarc.com\/el\/producto\/maquina-etiquetadora-de-botellas-profesional-%f0%9f%a7%b4-etiquetado-numero-de-lote\/\"]}]},{\"@type\":\"ImageObject\",\"inLanguage\":\"lt-LT\",\"@id\":\"https:\/\/distribucionarc.com\/el\/producto\/maquina-etiquetadora-de-botellas-profesional-%f0%9f%a7%b4-etiquetado-numero-de-lote\/#primaryimage\",\"url\":\"https:\/\/distribucionarc.com\/wp-content\/uploads\/2020\/04\/maquina_Etiquetadora_de_botellas_profesional_0.jpg\",\"contentUrl\":\"https:\/\/distribucionarc.com\/wp-content\/uploads\/2020\/04\/maquina_Etiquetadora_de_botellas_profesional_0.jpg\",\"width\":1600,\"height\":1600},{\"@type\":\"BreadcrumbList\",\"@id\":\"https:\/\/distribucionarc.com\/el\/producto\/maquina-etiquetadora-de-botellas-profesional-%f0%9f%a7%b4-etiquetado-numero-de-lote\/#breadcrumb\",\"itemListElement\":[{\"@type\":\"ListItem\",\"position\":1,\"name\":\"Portada\",\"item\":\"https:\/\/www.distribucionarc.com\/\"},{\"@type\":\"ListItem\",\"position\":2,\"name\":\"\u00dcr\u00fcnler\",\"item\":\"https:\/\/www.distribucionarc.com\/tr\/magaza\/\"},{\"@type\":\"ListItem\",\"position\":3,\"name\":\"M\u00e1quina Etiquetadora de Botellas Profesional ?\u00a0 Etiquetado N\u00famero de Lote\u00a0\"}]},{\"@type\":\"WebSite\",\"@id\":\"https:\/\/www.distribucionarc.com\/sl\/#website\",\"url\":\"https:\/\/www.distribucionarc.com\/sl\/\",\"name\":\"distribuci\u00f3n ARC\",\"description\":\"Empresa especializada en la fabricaci\u00f3n y distribuci\u00f3n de maquinaria industrial, selladoras de latas, Maquinas de hacer pastillas, Maquinas de cortar carne...\",\"publisher\":{\"@id\":\"https:\/\/www.distribucionarc.com\/sl\/#organization\"},\"potentialAction\":[{\"@type\":\"SearchAction\",\"target\":{\"@type\":\"EntryPoint\",\"urlTemplate\":\"https:\/\/www.distribucionarc.com\/sl\/?s={search_term_string}\"},\"query-input\":{\"@type\":\"PropertyValueSpecification\",\"valueRequired\":true,\"valueName\":\"search_term_string\"}}],\"inLanguage\":\"lt-LT\"},{\"@type\":\"Organization\",\"@id\":\"https:\/\/www.distribucionarc.com\/sl\/#organization\",\"name\":\"Distribuci\u00f3n ARC\",\"url\":\"https:\/\/www.distribucionarc.com\/sl\/\",\"logo\":{\"@type\":\"ImageObject\",\"inLanguage\":\"lt-LT\",\"@id\":\"https:\/\/www.distribucionarc.com\/sl\/#\/schema\/logo\/image\/\",\"url\":\"https:\/\/distribucionarc.com\/wp-content\/uploads\/2024\/10\/distribucion-ARC-COLOR-SIN-FONDO-e1732295305345.png\",\"contentUrl\":\"https:\/\/distribucionarc.com\/wp-content\/uploads\/2024\/10\/distribucion-ARC-COLOR-SIN-FONDO-e1732295305345.png\",\"width\":1164,\"height\":558,\"caption\":\"Distribuci\u00f3n ARC\"},\"image\":{\"@id\":\"https:\/\/www.distribucionarc.com\/sl\/#\/schema\/logo\/image\/\"},\"description\":\"Empresa especializada en la fabricaci\u00f3n y distribuci\u00f3n de maquinaria industrial para los sectores alimentario y farmac\u00e9utico. Nos especializamos en: M\u00e1quinas de cortar carne Fabricaci\u00f3n de comprimidos Sistemas de transporte industrial L\u00edneas de embotellado Dosificadores Y mucho m\u00e1s... Ofrecemos soluciones innovadoras y personalizadas para optimizar los procesos productivos de tu empresa.\",\"email\":\"Admistracion@distribucionarc.com\",\"telephone\":\"+34 643496664\",\"legalName\":\"ARC TECH SOLUTIONS\",\"foundingDate\":\"2024-04-09\",\"vatID\":\"B55480172\",\"numberOfEmployees\":{\"@type\":\"QuantitativeValue\",\"minValue\":\"1\",\"maxValue\":\"10\"}}]}<\/script>\n<!-- \/ Yoast SEO Premium plugin. -->","yoast_head_json":{"title":"Profesionali buteli\u0173 \u017eenklinimo ma\u0161ina? Partijos numerio \u017eenklinimas \u2013 ARC paskirstymas","robots":{"index":"index","follow":"follow","max-snippet":"max-snippet:-1","max-image-preview":"max-image-preview:large","max-video-preview":"max-video-preview:-1"},"canonical":"https:\/\/distribucionarc.com\/lt\/produktas\/profesionalus-buteliu-zenklinimo-aparatas-\ud83e\uddf4-partijos-numerio-zenklinimas\/","og_locale":"lt_LT","og_type":"article","og_title":"M\u00e1quina Etiquetadora de Botellas Profesional ?\u00a0 Etiquetado N\u00famero de Lote\u00a0","og_description":"M\u00e1quina Etiquetadora de Botellas  Etiquetadora de botellas redondas semiautom\u00e1tica SL130 con funci\u00f3n de impresora de lote y caducidad Esta m\u00e1quina etiqueta 1 botella redonda con 2 etiquetas, siempre y cuando la longitud de las 2 etiquetas sea la misma. Esta m\u00e1quina de etiquetas se utiliza para etiquetar y codificar en varias botellas redondas, codificaci\u00f3n, como: botellas de vidrio, botellas de pl\u00e1stico, latas, etc. tama\u00f1o de la etiqueta\u00a0 maximo (120mm ancho \u2796400mm largo)  Toda nuestra maquinaria tiene garant\u00eda de 2\ufe0f\u20e3 a\u00f1os.  Soporte t\u00e9cnico en caso de aver\u00eda.","og_url":"https:\/\/distribucionarc.com\/lt\/produktas\/profesionalus-buteliu-zenklinimo-aparatas-\ud83e\uddf4-partijos-numerio-zenklinimas\/","og_site_name":"distribuci\u00f3n ARC","article_modified_time":"2023-03-31T07:42:33+00:00","og_image":[{"width":1600,"height":1600,"url":"https:\/\/distribucionarc.com\/wp-content\/uploads\/2020\/04\/maquina_Etiquetadora_de_botellas_profesional_0.jpg","type":"image\/jpeg"}],"twitter_card":"summary_large_image","twitter_misc":{"Est. reading time":"2 minut\u0117s"},"schema":{"@context":"https:\/\/schema.org","@graph":[{"@type":"WebPage","@id":"https:\/\/distribucionarc.com\/el\/producto\/maquina-etiquetadora-de-botellas-profesional-%f0%9f%a7%b4-etiquetado-numero-de-lote\/","url":"https:\/\/distribucionarc.com\/el\/producto\/maquina-etiquetadora-de-botellas-profesional-%f0%9f%a7%b4-etiquetado-numero-de-lote\/","name":"Profesionali buteli\u0173 \u017eenklinimo ma\u0161ina? Partijos numerio \u017eenklinimas \u2013 ARC paskirstymas","isPartOf":{"@id":"https:\/\/www.distribucionarc.com\/sl\/#website"},"primaryImageOfPage":{"@id":"https:\/\/distribucionarc.com\/el\/producto\/maquina-etiquetadora-de-botellas-profesional-%f0%9f%a7%b4-etiquetado-numero-de-lote\/#primaryimage"},"image":{"@id":"https:\/\/distribucionarc.com\/el\/producto\/maquina-etiquetadora-de-botellas-profesional-%f0%9f%a7%b4-etiquetado-numero-de-lote\/#primaryimage"},"thumbnailUrl":"https:\/\/distribucionarc.com\/wp-content\/uploads\/2020\/04\/maquina_Etiquetadora_de_botellas_profesional_0.jpg","datePublished":"2020-04-19T15:15:10+00:00","dateModified":"2023-03-31T07:42:33+00:00","breadcrumb":{"@id":"https:\/\/distribucionarc.com\/el\/producto\/maquina-etiquetadora-de-botellas-profesional-%f0%9f%a7%b4-etiquetado-numero-de-lote\/#breadcrumb"},"inLanguage":"lt-LT","potentialAction":[{"@type":"ReadAction","target":["https:\/\/distribucionarc.com\/el\/producto\/maquina-etiquetadora-de-botellas-profesional-%f0%9f%a7%b4-etiquetado-numero-de-lote\/"]}]},{"@type":"ImageObject","inLanguage":"lt-LT","@id":"https:\/\/distribucionarc.com\/el\/producto\/maquina-etiquetadora-de-botellas-profesional-%f0%9f%a7%b4-etiquetado-numero-de-lote\/#primaryimage","url":"https:\/\/distribucionarc.com\/wp-content\/uploads\/2020\/04\/maquina_Etiquetadora_de_botellas_profesional_0.jpg","contentUrl":"https:\/\/distribucionarc.com\/wp-content\/uploads\/2020\/04\/maquina_Etiquetadora_de_botellas_profesional_0.jpg","width":1600,"height":1600},{"@type":"BreadcrumbList","@id":"https:\/\/distribucionarc.com\/el\/producto\/maquina-etiquetadora-de-botellas-profesional-%f0%9f%a7%b4-etiquetado-numero-de-lote\/#breadcrumb","itemListElement":[{"@type":"ListItem","position":1,"name":"Portada","item":"https:\/\/www.distribucionarc.com\/"},{"@type":"ListItem","position":2,"name":"\u00dcr\u00fcnler","item":"https:\/\/www.distribucionarc.com\/tr\/magaza\/"},{"@type":"ListItem","position":3,"name":"M\u00e1quina Etiquetadora de Botellas Profesional ?\u00a0 Etiquetado N\u00famero de Lote\u00a0"}]},{"@type":"WebSite","@id":"https:\/\/www.distribucionarc.com\/sl\/#website","url":"https:\/\/www.distribucionarc.com\/sl\/","name":"ARC paskirstymas","description":"\u012emon\u0117 specializuojasi pramonini\u0173 ma\u0161in\u0173, skardini\u0173 sandarinimo ma\u0161in\u0173, table\u010di\u0173 gamybos ma\u0161in\u0173, m\u0117sos pjaustymo ma\u0161in\u0173 gamyboje ir platinime...","publisher":{"@id":"https:\/\/www.distribucionarc.com\/sl\/#organization"},"potentialAction":[{"@type":"SearchAction","target":{"@type":"EntryPoint","urlTemplate":"https:\/\/www.distribucionarc.com\/sl\/?s={search_term_string}"},"query-input":{"@type":"PropertyValueSpecification","valueRequired":true,"valueName":"search_term_string"}}],"inLanguage":"lt-LT"},{"@type":"Organization","@id":"https:\/\/www.distribucionarc.com\/sl\/#organization","name":"ARC platinimas","url":"https:\/\/www.distribucionarc.com\/sl\/","logo":{"@type":"ImageObject","inLanguage":"lt-LT","@id":"https:\/\/www.distribucionarc.com\/sl\/#\/schema\/logo\/image\/","url":"https:\/\/distribucionarc.com\/wp-content\/uploads\/2024\/10\/distribucion-ARC-COLOR-SIN-FONDO-e1732295305345.png","contentUrl":"https:\/\/distribucionarc.com\/wp-content\/uploads\/2024\/10\/distribucion-ARC-COLOR-SIN-FONDO-e1732295305345.png","width":1164,"height":558,"caption":"Distribuci\u00f3n ARC"},"image":{"@id":"https:\/\/www.distribucionarc.com\/sl\/#\/schema\/logo\/image\/"},"description":"\u012emon\u0117 specializuojasi maisto ir farmacijos sektoriams skirt\u0173 pramonini\u0173 ma\u0161in\u0173 gamyboje ir platinime. M\u016bs\u0173 specializacija: M\u0117sos pjaustymo ma\u0161inos Table\u010di\u0173 gamyba Pramonin\u0117s transportavimo sistemos I\u0161pilstymo linijos Dozatoriai Ir dar daugiau... Si\u016blome novatori\u0161kus ir individualiems poreikiams pritaikytus sprendimus, kad optimizuotume j\u016bs\u0173 \u012fmon\u0117s gamybos procesus.","email":"Admistracion@distribucionarc.com","telephone":"+34 643496664","legalName":"ARC TECH SOLUTIONS","foundingDate":"2024-04-09","vatID":"B55480172","numberOfEmployees":{"@type":"QuantitativeValue","minValue":"1","maxValue":"10"}}]}},"_links":{"self":[{"href":"https:\/\/distribucionarc.com\/lt\/wp-json\/wp\/v2\/product\/502","targetHints":{"allow":["GET"]}}],"collection":[{"href":"https:\/\/distribucionarc.com\/lt\/wp-json\/wp\/v2\/product"}],"about":[{"href":"https:\/\/distribucionarc.com\/lt\/wp-json\/wp\/v2\/types\/product"}],"replies":[{"embeddable":true,"href":"https:\/\/distribucionarc.com\/lt\/wp-json\/wp\/v2\/comments?post=502"}],"version-history":[{"count":0,"href":"https:\/\/distribucionarc.com\/lt\/wp-json\/wp\/v2\/product\/502\/revisions"}],"wp:featuredmedia":[{"embeddable":true,"href":"https:\/\/distribucionarc.com\/lt\/wp-json\/wp\/v2\/media\/506"}],"wp:attachment":[{"href":"https:\/\/distribucionarc.com\/lt\/wp-json\/wp\/v2\/media?parent=502"}],"wp:term":[{"taxonomy":"product_brand","embeddable":true,"href":"https:\/\/distribucionarc.com\/lt\/wp-json\/wp\/v2\/product_brand?post=502"},{"taxonomy":"product_cat","embeddable":true,"href":"https:\/\/distribucionarc.com\/lt\/wp-json\/wp\/v2\/product_cat?post=502"},{"taxonomy":"product_tag","embeddable":true,"href":"https:\/\/distribucionarc.com\/lt\/wp-json\/wp\/v2\/product_tag?post=502"}],"curies":[{"name":"wp","href":"https:\/\/api.w.org\/{rel}","templated":true}]}}