{"id":525,"date":"2020-04-21T14:25:35","date_gmt":"2020-04-21T14:25:35","guid":{"rendered":"https:\/\/distribucionarc.com\/?post_type=product&#038;p=525"},"modified":"2024-09-04T15:31:31","modified_gmt":"2024-09-04T15:31:31","slug":"buteliu-kamsteliu-skardines-10mm-%e2%9e%a1%ef%b8%8f-50mm","status":"publish","type":"product","link":"https:\/\/distribucionarc.com\/lt\/producto\/maquina-tapadora-de-botellas-botes-10mm-%e2%9e%a1%ef%b8%8f-50mm\/","title":{"rendered":"Buteli\u0173 u\u017edarymo ma\u0161ina, 10mm \u27a1\ufe0f 50mm stiklainiai"},"content":{"rendered":"<h2><strong>Buteli\u0173 u\u017edarymo ma\u0161ina, 10mm \u27a1\ufe0f 50mm stiklainiai<\/strong><\/h2>\n<p>Gaminant produktus, kurie turi b\u016bti supakuoti \u012f butelius, buteli\u0173 u\u017edarymas gali b\u016bti gana sud\u0117tingas d\u0117l reglament\u0173, nes vienas i\u0161 reikalavim\u0173 yra, kad jie turi b\u016bti sandariai u\u017esukami. Stiklaini\u0173 dangteliai yra i\u0161radingo dizaino, tod\u0117l juos lengva atidaryti ir u\u017edaryti ranka, ta\u010diau \u012fd\u0117ti j\u012f \u012f gamybos linij\u0105 yra visi\u0161kai kita istorija. \u010cia debiutuoja \u0161i u\u017edengimo ma\u0161ina. \u0160i ma\u0161ina leis operatoriui pakankamai stipriai u\u017ever\u017eti buteli\u0173 dangtelius, kad transportavimo ar sand\u0117liavimo metu j\u0173 neb\u016bt\u0173 galima atsitiktinai atidaryti.<br \/>\nBe jokios abejon\u0117s, tai ideali ma\u0161ina ma\u017eoms ir vidutin\u0117ms \u012fmon\u0117ms, padedanti i\u0161vengti varginan\u010dio rankinio darbo u\u017ever\u017eiant kiekvieno konteinerio dangtelius po vien\u0105.<\/p>\n<p>Kadangi tai rankinis elektrinis aparatas, tai rei\u0161kia, kad su ja galite dirbti bet kur, kur yra elektros lizdas.<br \/>\nLaikydami j\u012f tik viena ranka, operatorius gali geriau sukibti ir pad\u0117ti, tod\u0117l darbas tampa tikslesnis.<br \/>\nSankabos j\u0117g\u0105 galima reguliuoti, kad b\u016bt\u0173 i\u0161vengta per didelio priver\u017eimo ir taip nepa\u017eeistum\u0117te konteinerio sriegio.<\/p>\n<p>M\u016bs\u0173 ma\u0161inos praeina grie\u017et\u0105 kokyb\u0117s kontrol\u0119 prie\u0161 jas deponuojant \u012f m\u016bs\u0173 sand\u0117lius. Visoms m\u016bs\u0173 ma\u0161inoms suteikiama 2 met\u0173 garantija.<\/p>\n<p>Gedim\u0173 atveju garantuojame technin\u0119 pagalb\u0105.<\/p>\n<h3 class=\"s8gg2 _2UIKs\" data-hook=\"info-section-title\">Specifikacijos:<\/h3>\n<div class=\"_2tV5m cell\"><\/div>\n<div class=\"rah-static rah-static--height-auto\" aria-hidden=\"false\">\n<div>\n<div class=\"_1yvxJ cell\">\n<div class=\"WncCi\" data-hook=\"info-section-description\">\n<ul>\n<li>\u012etampa: 220V.<\/li>\n<li>Galia: 80W.<\/li>\n<li>Valdymas: rankinis.<\/li>\n<li>Sriegio dangtelio skersmuo: 10 \u2796 50 mm. iki 120 mm<\/li>\n<li>Vidutinis greitis: 20 buteli\u0173 per minut\u0119.<\/li>\n<li>Sankabos j\u0117ga: Reguliuojama.<\/li>\n<\/ul>\n<p>vaizdo \u012fra\u0161as apie ma\u0161inos veikim\u0105?<\/p>\n<\/div>\n<\/div>\n<\/div>\n<\/div>","protected":false},"excerpt":{"rendered":"<p>Rankin\u0117 ma\u0161ina <strong>ARC platinimas<\/strong> Tai puikus sprendimas \u012fvairi\u0173 dyd\u017ei\u0173 stiklainiams ir buteliams sandarinti. Jis yra labai pritaikomas, su galimybe dirbti su dangteliais nuo <strong>10<\/strong> <strong>de\u0161imt milimetr\u0173<\/strong>, idealiai tinka ma\u017eoms skys\u010di\u0173 ir produkt\u0173 talpykloms su ma\u017eais dangteliais, iki <strong>120<\/strong> <strong>\u0161imtas dvide\u0161imt milimetr\u0173<\/strong>, tod\u0117l puikiai tinka didesniems stiklainiams, pavyzd\u017eiui, baltym\u0173 indeliams.<\/p>\n<p>\u0160i ma\u0161ina taip pat tinka tipi\u0161k\u0173 table\u010di\u0173 buteliuk\u0173 kam\u0161teliui u\u017edengti, tod\u0117l labai universaliai galima sandarinti tar\u0105 farmacijos, maisto ir kosmetikos pramon\u0117je. Nesvarbu, ar dirbate su ma\u017eais produkt\u0173 stiklainiais, ar dideliais papild\u0173 buteliais, \u0161i ma\u0161ina prisitaiko prie j\u016bs\u0173 poreiki\u0173.<\/p>\n<p><strong>Svarbi pastaba<\/strong>: Ma\u0161inoje yra standartin\u0117s formos, kurios dengia did\u017eiausi\u0105 dangtelio dyd\u012f <strong>50<\/strong> <strong>penkiasde\u0161imt milimetr\u0173<\/strong>. Didesniems dangteliams a <strong>pasirinktinis \u0161tampas<\/strong> kuris atitinka j\u016bs\u0173 konteinerio dyd\u012f ir garantuoja saug\u0173 ir tiksl\u0173 sandarinim\u0105.<\/p>","protected":false},"featured_media":526,"comment_status":"open","ping_status":"closed","template":"","meta":{"wds_primary_product_brand":0,"wds_primary_product_cat":0},"product_brand":[],"product_cat":[45,28],"product_tag":[],"class_list":{"0":"post-525","1":"product","2":"type-product","3":"status-publish","4":"has-post-thumbnail","6":"product_cat-selladoras-de-induccion","7":"product_cat-tapadoras","9":"first","10":"instock","11":"taxable","12":"shipping-taxable","13":"purchasable","14":"product-type-simple"},"yoast_head":"<!-- This site is optimized with the Yoast SEO Premium plugin v24.9 (Yoast SEO v26.1) - https:\/\/yoast.com\/wordpress\/plugins\/seo\/ -->\n<title>M\u00e1quina Tapadora de Botellas, Botes 10mm \u27a1\ufe0f 50mm - distribuci\u00f3n ARC<\/title>\n<meta name=\"robots\" content=\"index, follow, max-snippet:-1, max-image-preview:large, max-video-preview:-1\" \/>\n<link rel=\"canonical\" href=\"https:\/\/www.distribucionarc.com\/en\/producto\/maquina-tapadora-de-botellas-botes-10mm-\u27a1\ufe0f-50mm\/\" \/>\n<meta property=\"og:locale\" content=\"lt_LT\" \/>\n<meta property=\"og:type\" content=\"article\" \/>\n<meta property=\"og:title\" content=\"M\u00e1quina Tapadora de Botellas, Botes 10mm \u27a1\ufe0f 50mm\" \/>\n<meta property=\"og:description\" content=\"La m\u00e1quina manual de Distribuci\u00f3n ARC es la soluci\u00f3n perfecta para el sellado de botes y botellas de diversos tama\u00f1os. Es altamente personalizable, con la capacidad de trabajar con tapas que var\u00edan desde 10 diez mil\u00edmetros, ideal para peque\u00f1os envases de l\u00edquidos y productos con tapones peque\u00f1os, hasta 120 ciento veinte mil\u00edmetros, lo que la hace perfecta para botes m\u00e1s grandes, como los de prote\u00ednas.  Esta m\u00e1quina tambi\u00e9n es apta para tapar botes t\u00edpicos de pastillas, brindando una gran versatilidad para sellar envases en la industria farmac\u00e9utica, alimentaria y cosm\u00e9tica. Ya sea que trabajes con peque\u00f1os frascos de productos o grandes botes de suplementos, esta m\u00e1quina se adapta a tus necesidades.  Nota importante: La m\u00e1quina est\u00e1 equipada con moldes est\u00e1ndar que cubren un tama\u00f1o m\u00e1ximo de tapa de 50 cincuenta mil\u00edmetros. Para tapas m\u00e1s grandes, se requiere un troquel personalizado que se ajuste al tama\u00f1o de tu envase, garantizando un sellado seguro y preciso.\" \/>\n<meta property=\"og:url\" content=\"https:\/\/www.distribucionarc.com\/en\/producto\/maquina-tapadora-de-botellas-botes-10mm-\u27a1\ufe0f-50mm\/\" \/>\n<meta property=\"og:site_name\" content=\"distribuci\u00f3n ARC\" \/>\n<meta property=\"article:modified_time\" content=\"2024-09-04T15:31:31+00:00\" \/>\n<meta property=\"og:image\" content=\"https:\/\/www.distribucionarc.com\/wp-content\/uploads\/2020\/04\/maquina_tapadora_de_botellas_botes-_10mm_50mm_0.jpg\" \/>\n\t<meta property=\"og:image:width\" content=\"1600\" \/>\n\t<meta property=\"og:image:height\" content=\"1600\" \/>\n\t<meta property=\"og:image:type\" content=\"image\/jpeg\" \/>\n<meta name=\"twitter:card\" content=\"summary_large_image\" \/>\n<meta name=\"twitter:label1\" content=\"Est. reading time\" \/>\n\t<meta name=\"twitter:data1\" content=\"2 minut\u0117s\" \/>\n<script type=\"application\/ld+json\" class=\"yoast-schema-graph\">{\"@context\":\"https:\/\/schema.org\",\"@graph\":[{\"@type\":\"WebPage\",\"@id\":\"https:\/\/www.distribucionarc.com\/en\/producto\/maquina-tapadora-de-botellas-botes-10mm-%e2%9e%a1%ef%b8%8f-50mm\/\",\"url\":\"https:\/\/www.distribucionarc.com\/en\/producto\/maquina-tapadora-de-botellas-botes-10mm-%e2%9e%a1%ef%b8%8f-50mm\/\",\"name\":\"M\u00e1quina Tapadora de Botellas, Botes 10mm \u27a1\ufe0f 50mm - distribuci\u00f3n ARC\",\"isPartOf\":{\"@id\":\"https:\/\/www.distribucionarc.com\/sl\/#website\"},\"primaryImageOfPage\":{\"@id\":\"https:\/\/www.distribucionarc.com\/en\/producto\/maquina-tapadora-de-botellas-botes-10mm-%e2%9e%a1%ef%b8%8f-50mm\/#primaryimage\"},\"image\":{\"@id\":\"https:\/\/www.distribucionarc.com\/en\/producto\/maquina-tapadora-de-botellas-botes-10mm-%e2%9e%a1%ef%b8%8f-50mm\/#primaryimage\"},\"thumbnailUrl\":\"https:\/\/distribucionarc.com\/wp-content\/uploads\/2020\/04\/maquina_tapadora_de_botellas_botes-_10mm_50mm_0.jpg\",\"datePublished\":\"2020-04-21T14:25:35+00:00\",\"dateModified\":\"2024-09-04T15:31:31+00:00\",\"breadcrumb\":{\"@id\":\"https:\/\/www.distribucionarc.com\/en\/producto\/maquina-tapadora-de-botellas-botes-10mm-%e2%9e%a1%ef%b8%8f-50mm\/#breadcrumb\"},\"inLanguage\":\"lt-LT\",\"potentialAction\":[{\"@type\":\"ReadAction\",\"target\":[\"https:\/\/www.distribucionarc.com\/en\/producto\/maquina-tapadora-de-botellas-botes-10mm-%e2%9e%a1%ef%b8%8f-50mm\/\"]}]},{\"@type\":\"ImageObject\",\"inLanguage\":\"lt-LT\",\"@id\":\"https:\/\/www.distribucionarc.com\/en\/producto\/maquina-tapadora-de-botellas-botes-10mm-%e2%9e%a1%ef%b8%8f-50mm\/#primaryimage\",\"url\":\"https:\/\/distribucionarc.com\/wp-content\/uploads\/2020\/04\/maquina_tapadora_de_botellas_botes-_10mm_50mm_0.jpg\",\"contentUrl\":\"https:\/\/distribucionarc.com\/wp-content\/uploads\/2020\/04\/maquina_tapadora_de_botellas_botes-_10mm_50mm_0.jpg\",\"width\":1600,\"height\":1600},{\"@type\":\"BreadcrumbList\",\"@id\":\"https:\/\/www.distribucionarc.com\/en\/producto\/maquina-tapadora-de-botellas-botes-10mm-%e2%9e%a1%ef%b8%8f-50mm\/#breadcrumb\",\"itemListElement\":[{\"@type\":\"ListItem\",\"position\":1,\"name\":\"Portada\",\"item\":\"https:\/\/www.distribucionarc.com\/\"},{\"@type\":\"ListItem\",\"position\":2,\"name\":\"\u00dcr\u00fcnler\",\"item\":\"https:\/\/www.distribucionarc.com\/tr\/magaza\/\"},{\"@type\":\"ListItem\",\"position\":3,\"name\":\"M\u00e1quina Tapadora de Botellas, Botes 10mm \u27a1\ufe0f 50mm\"}]},{\"@type\":\"WebSite\",\"@id\":\"https:\/\/www.distribucionarc.com\/sl\/#website\",\"url\":\"https:\/\/www.distribucionarc.com\/sl\/\",\"name\":\"distribuci\u00f3n ARC\",\"description\":\"Empresa especializada en la fabricaci\u00f3n y distribuci\u00f3n de maquinaria industrial, selladoras de latas, Maquinas de hacer pastillas, Maquinas de cortar carne...\",\"publisher\":{\"@id\":\"https:\/\/www.distribucionarc.com\/sl\/#organization\"},\"potentialAction\":[{\"@type\":\"SearchAction\",\"target\":{\"@type\":\"EntryPoint\",\"urlTemplate\":\"https:\/\/www.distribucionarc.com\/sl\/?s={search_term_string}\"},\"query-input\":{\"@type\":\"PropertyValueSpecification\",\"valueRequired\":true,\"valueName\":\"search_term_string\"}}],\"inLanguage\":\"lt-LT\"},{\"@type\":\"Organization\",\"@id\":\"https:\/\/www.distribucionarc.com\/sl\/#organization\",\"name\":\"Distribuci\u00f3n ARC\",\"url\":\"https:\/\/www.distribucionarc.com\/sl\/\",\"logo\":{\"@type\":\"ImageObject\",\"inLanguage\":\"lt-LT\",\"@id\":\"https:\/\/www.distribucionarc.com\/sl\/#\/schema\/logo\/image\/\",\"url\":\"https:\/\/distribucionarc.com\/wp-content\/uploads\/2024\/10\/distribucion-ARC-COLOR-SIN-FONDO-e1732295305345.png\",\"contentUrl\":\"https:\/\/distribucionarc.com\/wp-content\/uploads\/2024\/10\/distribucion-ARC-COLOR-SIN-FONDO-e1732295305345.png\",\"width\":1164,\"height\":558,\"caption\":\"Distribuci\u00f3n ARC\"},\"image\":{\"@id\":\"https:\/\/www.distribucionarc.com\/sl\/#\/schema\/logo\/image\/\"},\"description\":\"Empresa especializada en la fabricaci\u00f3n y distribuci\u00f3n de maquinaria industrial para los sectores alimentario y farmac\u00e9utico. Nos especializamos en: M\u00e1quinas de cortar carne Fabricaci\u00f3n de comprimidos Sistemas de transporte industrial L\u00edneas de embotellado Dosificadores Y mucho m\u00e1s... Ofrecemos soluciones innovadoras y personalizadas para optimizar los procesos productivos de tu empresa.\",\"email\":\"Admistracion@distribucionarc.com\",\"telephone\":\"+34 643496664\",\"legalName\":\"ARC TECH SOLUTIONS\",\"foundingDate\":\"2024-04-09\",\"vatID\":\"B55480172\",\"numberOfEmployees\":{\"@type\":\"QuantitativeValue\",\"minValue\":\"1\",\"maxValue\":\"10\"}}]}<\/script>\n<!-- \/ Yoast SEO Premium plugin. -->","yoast_head_json":{"title":"Buteli\u0173 u\u017edarymo ma\u0161ina, 10 mm \u27a1\ufe0f 50 mm skardin\u0117s - ARC paskirstymas","robots":{"index":"index","follow":"follow","max-snippet":"max-snippet:-1","max-image-preview":"max-image-preview:large","max-video-preview":"max-video-preview:-1"},"canonical":"https:\/\/www.distribucionarc.com\/en\/producto\/maquina-tapadora-de-botellas-botes-10mm-\u27a1\ufe0f-50mm\/","og_locale":"lt_LT","og_type":"article","og_title":"M\u00e1quina Tapadora de Botellas, Botes 10mm \u27a1\ufe0f 50mm","og_description":"La m\u00e1quina manual de Distribuci\u00f3n ARC es la soluci\u00f3n perfecta para el sellado de botes y botellas de diversos tama\u00f1os. Es altamente personalizable, con la capacidad de trabajar con tapas que var\u00edan desde 10 diez mil\u00edmetros, ideal para peque\u00f1os envases de l\u00edquidos y productos con tapones peque\u00f1os, hasta 120 ciento veinte mil\u00edmetros, lo que la hace perfecta para botes m\u00e1s grandes, como los de prote\u00ednas.  Esta m\u00e1quina tambi\u00e9n es apta para tapar botes t\u00edpicos de pastillas, brindando una gran versatilidad para sellar envases en la industria farmac\u00e9utica, alimentaria y cosm\u00e9tica. Ya sea que trabajes con peque\u00f1os frascos de productos o grandes botes de suplementos, esta m\u00e1quina se adapta a tus necesidades.  Nota importante: La m\u00e1quina est\u00e1 equipada con moldes est\u00e1ndar que cubren un tama\u00f1o m\u00e1ximo de tapa de 50 cincuenta mil\u00edmetros. Para tapas m\u00e1s grandes, se requiere un troquel personalizado que se ajuste al tama\u00f1o de tu envase, garantizando un sellado seguro y preciso.","og_url":"https:\/\/www.distribucionarc.com\/en\/producto\/maquina-tapadora-de-botellas-botes-10mm-\u27a1\ufe0f-50mm\/","og_site_name":"distribuci\u00f3n ARC","article_modified_time":"2024-09-04T15:31:31+00:00","og_image":[{"width":1600,"height":1600,"url":"https:\/\/www.distribucionarc.com\/wp-content\/uploads\/2020\/04\/maquina_tapadora_de_botellas_botes-_10mm_50mm_0.jpg","type":"image\/jpeg"}],"twitter_card":"summary_large_image","twitter_misc":{"Est. reading time":"2 minut\u0117s"},"schema":{"@context":"https:\/\/schema.org","@graph":[{"@type":"WebPage","@id":"https:\/\/www.distribucionarc.com\/en\/producto\/maquina-tapadora-de-botellas-botes-10mm-%e2%9e%a1%ef%b8%8f-50mm\/","url":"https:\/\/www.distribucionarc.com\/en\/producto\/maquina-tapadora-de-botellas-botes-10mm-%e2%9e%a1%ef%b8%8f-50mm\/","name":"Buteli\u0173 u\u017edarymo ma\u0161ina, 10 mm \u27a1\ufe0f 50 mm skardin\u0117s - ARC paskirstymas","isPartOf":{"@id":"https:\/\/www.distribucionarc.com\/sl\/#website"},"primaryImageOfPage":{"@id":"https:\/\/www.distribucionarc.com\/en\/producto\/maquina-tapadora-de-botellas-botes-10mm-%e2%9e%a1%ef%b8%8f-50mm\/#primaryimage"},"image":{"@id":"https:\/\/www.distribucionarc.com\/en\/producto\/maquina-tapadora-de-botellas-botes-10mm-%e2%9e%a1%ef%b8%8f-50mm\/#primaryimage"},"thumbnailUrl":"https:\/\/distribucionarc.com\/wp-content\/uploads\/2020\/04\/maquina_tapadora_de_botellas_botes-_10mm_50mm_0.jpg","datePublished":"2020-04-21T14:25:35+00:00","dateModified":"2024-09-04T15:31:31+00:00","breadcrumb":{"@id":"https:\/\/www.distribucionarc.com\/en\/producto\/maquina-tapadora-de-botellas-botes-10mm-%e2%9e%a1%ef%b8%8f-50mm\/#breadcrumb"},"inLanguage":"lt-LT","potentialAction":[{"@type":"ReadAction","target":["https:\/\/www.distribucionarc.com\/en\/producto\/maquina-tapadora-de-botellas-botes-10mm-%e2%9e%a1%ef%b8%8f-50mm\/"]}]},{"@type":"ImageObject","inLanguage":"lt-LT","@id":"https:\/\/www.distribucionarc.com\/en\/producto\/maquina-tapadora-de-botellas-botes-10mm-%e2%9e%a1%ef%b8%8f-50mm\/#primaryimage","url":"https:\/\/distribucionarc.com\/wp-content\/uploads\/2020\/04\/maquina_tapadora_de_botellas_botes-_10mm_50mm_0.jpg","contentUrl":"https:\/\/distribucionarc.com\/wp-content\/uploads\/2020\/04\/maquina_tapadora_de_botellas_botes-_10mm_50mm_0.jpg","width":1600,"height":1600},{"@type":"BreadcrumbList","@id":"https:\/\/www.distribucionarc.com\/en\/producto\/maquina-tapadora-de-botellas-botes-10mm-%e2%9e%a1%ef%b8%8f-50mm\/#breadcrumb","itemListElement":[{"@type":"ListItem","position":1,"name":"Portada","item":"https:\/\/www.distribucionarc.com\/"},{"@type":"ListItem","position":2,"name":"\u00dcr\u00fcnler","item":"https:\/\/www.distribucionarc.com\/tr\/magaza\/"},{"@type":"ListItem","position":3,"name":"M\u00e1quina Tapadora de Botellas, Botes 10mm \u27a1\ufe0f 50mm"}]},{"@type":"WebSite","@id":"https:\/\/www.distribucionarc.com\/sl\/#website","url":"https:\/\/www.distribucionarc.com\/sl\/","name":"ARC paskirstymas","description":"\u012emon\u0117 specializuojasi pramonini\u0173 ma\u0161in\u0173, skardini\u0173 sandarinimo ma\u0161in\u0173, table\u010di\u0173 gamybos ma\u0161in\u0173, m\u0117sos pjaustymo ma\u0161in\u0173 gamyboje ir platinime...","publisher":{"@id":"https:\/\/www.distribucionarc.com\/sl\/#organization"},"potentialAction":[{"@type":"SearchAction","target":{"@type":"EntryPoint","urlTemplate":"https:\/\/www.distribucionarc.com\/sl\/?s={search_term_string}"},"query-input":{"@type":"PropertyValueSpecification","valueRequired":true,"valueName":"search_term_string"}}],"inLanguage":"lt-LT"},{"@type":"Organization","@id":"https:\/\/www.distribucionarc.com\/sl\/#organization","name":"ARC platinimas","url":"https:\/\/www.distribucionarc.com\/sl\/","logo":{"@type":"ImageObject","inLanguage":"lt-LT","@id":"https:\/\/www.distribucionarc.com\/sl\/#\/schema\/logo\/image\/","url":"https:\/\/distribucionarc.com\/wp-content\/uploads\/2024\/10\/distribucion-ARC-COLOR-SIN-FONDO-e1732295305345.png","contentUrl":"https:\/\/distribucionarc.com\/wp-content\/uploads\/2024\/10\/distribucion-ARC-COLOR-SIN-FONDO-e1732295305345.png","width":1164,"height":558,"caption":"Distribuci\u00f3n ARC"},"image":{"@id":"https:\/\/www.distribucionarc.com\/sl\/#\/schema\/logo\/image\/"},"description":"\u012emon\u0117 specializuojasi maisto ir farmacijos sektoriams skirt\u0173 pramonini\u0173 ma\u0161in\u0173 gamyboje ir platinime. M\u016bs\u0173 specializacija: M\u0117sos pjaustymo ma\u0161inos Table\u010di\u0173 gamyba Pramonin\u0117s transportavimo sistemos I\u0161pilstymo linijos Dozatoriai Ir dar daugiau... Si\u016blome novatori\u0161kus ir individualiems poreikiams pritaikytus sprendimus, kad optimizuotume j\u016bs\u0173 \u012fmon\u0117s gamybos procesus.","email":"Admistracion@distribucionarc.com","telephone":"+34 643496664","legalName":"ARC TECH SOLUTIONS","foundingDate":"2024-04-09","vatID":"B55480172","numberOfEmployees":{"@type":"QuantitativeValue","minValue":"1","maxValue":"10"}}]}},"_links":{"self":[{"href":"https:\/\/distribucionarc.com\/lt\/wp-json\/wp\/v2\/product\/525","targetHints":{"allow":["GET"]}}],"collection":[{"href":"https:\/\/distribucionarc.com\/lt\/wp-json\/wp\/v2\/product"}],"about":[{"href":"https:\/\/distribucionarc.com\/lt\/wp-json\/wp\/v2\/types\/product"}],"replies":[{"embeddable":true,"href":"https:\/\/distribucionarc.com\/lt\/wp-json\/wp\/v2\/comments?post=525"}],"version-history":[{"count":0,"href":"https:\/\/distribucionarc.com\/lt\/wp-json\/wp\/v2\/product\/525\/revisions"}],"wp:featuredmedia":[{"embeddable":true,"href":"https:\/\/distribucionarc.com\/lt\/wp-json\/wp\/v2\/media\/526"}],"wp:attachment":[{"href":"https:\/\/distribucionarc.com\/lt\/wp-json\/wp\/v2\/media?parent=525"}],"wp:term":[{"taxonomy":"product_brand","embeddable":true,"href":"https:\/\/distribucionarc.com\/lt\/wp-json\/wp\/v2\/product_brand?post=525"},{"taxonomy":"product_cat","embeddable":true,"href":"https:\/\/distribucionarc.com\/lt\/wp-json\/wp\/v2\/product_cat?post=525"},{"taxonomy":"product_tag","embeddable":true,"href":"https:\/\/distribucionarc.com\/lt\/wp-json\/wp\/v2\/product_tag?post=525"}],"curies":[{"name":"wp","href":"https:\/\/api.w.org\/{rel}","templated":true}]}}