{"id":5393,"date":"2023-03-31T09:36:10","date_gmt":"2023-03-31T09:36:10","guid":{"rendered":"https:\/\/distribucionarc.com\/?post_type=product&#038;p=5393"},"modified":"2023-03-31T12:11:29","modified_gmt":"2023-03-31T12:11:29","slug":"pusiau-automatine-alaus-vyno-aliejaus-butelio-stikla-zymejimo-masina","status":"publish","type":"product","link":"https:\/\/distribucionarc.com\/lt\/producto\/maquina-etiquetadora-de-botellas-tarros-semi-automatica-cerveza-vino-aceite\/","title":{"rendered":"Pusiau automatinis buteli\u0173, stiklaini\u0173 \u017eenklinimo alui, vynui, aliejui aparatas"},"content":{"rendered":"<p>Technin\u0117s specifikacijos Pusiau automatin\u0117 buteli\u0173 \u017eenklinimo ma\u0161ina, Pet<\/p>\n<table style=\"height: 1306px;\" width=\"829\">\n<tbody>\n<tr>\n<td><span style=\"font-weight: 400;\">Parametras<\/span><\/td>\n<td><span style=\"font-weight: 400;\">Duomenys<\/span><\/td>\n<\/tr>\n<tr>\n<td><span style=\"font-weight: 400;\">Etiket\u0117s specifikacija<\/span><\/td>\n<td><span style=\"font-weight: 400;\">Lipnus lipdukas, skaidrus arba nepermatomas<\/span><\/td>\n<\/tr>\n<tr>\n<td><span style=\"font-weight: 400;\">\u017denklinimo tolerancija<\/span><\/td>\n<td><span style=\"font-weight: 400;\">\u00b1 0,5 mm<\/span><\/td>\n<\/tr>\n<tr>\n<td><span style=\"font-weight: 400;\">Na\u0161umas (vnt.\/min.)<\/span><\/td>\n<td><span style=\"font-weight: 400;\">15 ~ 30<\/span><\/td>\n<\/tr>\n<tr>\n<td><span style=\"font-weight: 400;\">Butelio dydis (mm)<\/span><\/td>\n<td><span style=\"font-weight: 400;\">\u00d8 15 ~ \u00d8155 Reguliuojamas<\/span><\/td>\n<\/tr>\n<tr>\n<td><span style=\"font-weight: 400;\">Etiket\u0117s dydis (mm)<\/span><\/td>\n<td><span style=\"font-weight: 400;\">L: 20-400; W(H): 20-220<\/span><\/td>\n<\/tr>\n<tr>\n<td><span style=\"font-weight: 400;\">Ma\u0161inos dydis (L*P*A)<\/span><\/td>\n<td><span style=\"font-weight: 400;\">\u2248 920 x 470 x 560 (mm)<\/span><\/td>\n<\/tr>\n<tr>\n<td><span style=\"font-weight: 400;\">Pakuot\u0117s dydis (L*P*A)<\/span><\/td>\n<td><span style=\"font-weight: 400;\">\u2248 1020*660*740 (mm)<\/span><\/td>\n<\/tr>\n<tr>\n<td><span style=\"font-weight: 400;\">\u012etampa<\/span><\/td>\n<td><span style=\"font-weight: 400;\">220V\/110V 50(60)HZ;<\/span><\/td>\n<\/tr>\n<tr>\n<td><span style=\"font-weight: 400;\">Galia<\/span><\/td>\n<td><span style=\"font-weight: 400;\">120W<\/span><\/td>\n<\/tr>\n<tr>\n<td><span style=\"font-weight: 400;\">\u0160V (KG)<\/span><\/td>\n<td><span style=\"font-weight: 400;\">\u2248 45,0<\/span><\/td>\n<\/tr>\n<tr>\n<td><span style=\"font-weight: 400;\">GW (KG)<\/span><\/td>\n<td><span style=\"font-weight: 400;\">\u2248 67,5<\/span><\/td>\n<\/tr>\n<tr>\n<td><span style=\"font-weight: 400;\">Etike\u010di\u0173 ritinys<\/span><\/td>\n<td><span style=\"font-weight: 400;\">ID: \u00d876 mm; OD: \u2264 300 mm<\/span><\/td>\n<\/tr>\n<tr>\n<td><span style=\"font-weight: 400;\">Oro padavimas<\/span><\/td>\n<td><span style=\"font-weight: 400;\">0,4\u20130,6 MPa<\/span><\/td>\n<\/tr>\n<tr>\n<td><span style=\"font-weight: 400;\">Pagrindin\u0117 programa<\/span><\/td>\n<td><span style=\"font-weight: 400;\">* Visiems tipams <\/span><b>cilindrini\u0173 objekt\u0173 \u017eenklinimas<\/b><span style=\"font-weight: 400;\"> ir k\u016bginiai, tokie kaip ksilitolis, <\/span><b>kosmetikos buteliukai<\/b><span style=\"font-weight: 400;\">, <\/span><b>vyno buteliai<\/b><span style=\"font-weight: 400;\">.<\/span><\/p>\n<p><span style=\"font-weight: 400;\">* Galima apvynioti vien\u0105 etiket\u0119 aplink etiket\u0119, dvi etiketes ant priekin\u0117s ir galin\u0117s etiket\u0117s ir orientacijos etiket\u0117s.<\/span><\/p>\n<p><span style=\"font-weight: 400;\">* Datos spausdintuvas gali b\u016bti prid\u0117tas prie spausdinimo pagaminimo datos, partijos ir galiojimo datos \u017eenklinant etiket\u0119.<\/span><\/p>\n<p><span style=\"font-weight: 400;\">* Pla\u010diai naudojamas maisto, kosmetikos, chemijos, farmacijos ir kitose pramon\u0117s \u0161akose.<\/span><\/p>\n<p><span style=\"font-weight: 400;\">* Palaiko pritaikym\u0105. Sand\u0117lyje.<\/span><\/td>\n<\/tr>\n<\/tbody>\n<\/table>\n<p>&nbsp;<\/p>","protected":false},"excerpt":{"rendered":"<p><span style=\"font-weight: 400;\">The <strong>buteli\u0173 \u017eenklinimo ma\u0161ina<\/strong> o pusiau automatinis stiklaini\u0173 pildymas yra esmin\u0117 priemon\u0117 gaminant ir pakuojant skystus g\u0117rimus ir maisto produktus, tokius kaip alus, vynas ir aliejus. \u0160i ma\u0161ina yra atsakinga u\u017e <strong>pa\u017eenklinkite konteinerius<\/strong> greitai ir efektyviai, didinant na\u0161um\u0105 ir ma\u017einant darbo s\u0105naudas.<\/span><\/p>\n<p><span style=\"font-weight: 400;\">Ma\u0161ina <strong>pusiau automatin\u0117 \u017eenklinimo ma\u0161ina<\/strong> J\u012f lengva naudoti ir jis skirtas \u012fvairi\u0173 dyd\u017ei\u0173 ir form\u0173 buteliams ir stiklainiams.<\/span><\/p>\n<div style=\"width: 520px;\" class=\"wp-video\"><video class=\"wp-video-shortcode\" id=\"video-5393-1\" width=\"520\" height=\"560\" preload=\"metadata\" controls=\"controls\"><source type=\"video\/mp4\" src=\"https:\/\/distribucionarc.com\/wp-content\/uploads\/2023\/03\/etiquetadoras-manuales.mp4?_=1\" \/><a href=\"https:\/\/distribucionarc.com\/wp-content\/uploads\/2023\/03\/etiquetadoras-manuales.mp4\">https:\/\/distribucionarc.com\/wp-content\/uploads\/2023\/03\/etiquetadoras-manuales.mp4<\/a><\/video><\/div>","protected":false},"featured_media":5398,"comment_status":"open","ping_status":"closed","template":"","meta":{"wds_primary_product_brand":0,"wds_primary_product_cat":0},"product_brand":[],"product_cat":[44],"product_tag":[],"class_list":{"0":"post-5393","1":"product","2":"type-product","3":"status-publish","4":"has-post-thumbnail","6":"product_cat-etiquetadoras-de-botellas","7":"product_shipping_class-express","9":"first","10":"instock","11":"sale","12":"taxable","13":"shipping-taxable","14":"purchasable","15":"product-type-simple"},"yoast_head":"<!-- This site is optimized with the Yoast SEO Premium plugin v24.9 (Yoast SEO v26.1) - https:\/\/yoast.com\/wordpress\/plugins\/seo\/ -->\n<title>Maquina Etiquetadora de botellas, tarros semi automatica cerveza, vino, aceite - distribuci\u00f3n ARC<\/title>\n<meta name=\"robots\" content=\"index, follow, max-snippet:-1, max-image-preview:large, max-video-preview:-1\" \/>\n<link rel=\"canonical\" href=\"https:\/\/www.distribucionarc.com\/sl\/producto\/maquina-etiquetadora-de-botellas-tarros-semi-automatica-cerveza-vino-aceite\/\" \/>\n<meta property=\"og:locale\" content=\"lt_LT\" \/>\n<meta property=\"og:type\" content=\"article\" \/>\n<meta property=\"og:title\" content=\"Maquina Etiquetadora de botellas, tarros semi automatica cerveza, vino, aceite\" \/>\n<meta property=\"og:description\" content=\"La m\u00e1quina etiquetadora de botellas y tarros semi-autom\u00e1tica es una herramienta esencial en la producci\u00f3n y envasado de bebidas y alimentos l\u00edquidos como cerveza, vino y aceite. Esta m\u00e1quina se encarga de etiquetar los envases de manera r\u00e1pida y eficiente, lo que aumenta la productividad y reduce los costos de mano de obra.  La m\u00e1quina etiquetadora semi-autom\u00e1tica es f\u00e1cil de usar y est\u00e1 dise\u00f1ada para adaptarse a diferentes tama\u00f1os y formas de botellas y tarros.\" \/>\n<meta property=\"og:url\" content=\"https:\/\/www.distribucionarc.com\/sl\/producto\/maquina-etiquetadora-de-botellas-tarros-semi-automatica-cerveza-vino-aceite\/\" \/>\n<meta property=\"og:site_name\" content=\"distribuci\u00f3n ARC\" \/>\n<meta property=\"article:modified_time\" content=\"2023-03-31T12:11:29+00:00\" \/>\n<meta property=\"og:image\" content=\"https:\/\/www.distribucionarc.com\/wp-content\/uploads\/2023\/03\/etiquetadora-de-botellas.jpg\" \/>\n\t<meta property=\"og:image:width\" content=\"480\" \/>\n\t<meta property=\"og:image:height\" content=\"480\" \/>\n\t<meta property=\"og:image:type\" content=\"image\/jpeg\" \/>\n<meta name=\"twitter:card\" content=\"summary_large_image\" \/>\n<meta name=\"twitter:label1\" content=\"Est. reading time\" \/>\n\t<meta name=\"twitter:data1\" content=\"1 minut\u0117\" \/>\n<script type=\"application\/ld+json\" class=\"yoast-schema-graph\">{\"@context\":\"https:\/\/schema.org\",\"@graph\":[{\"@type\":\"WebPage\",\"@id\":\"https:\/\/www.distribucionarc.com\/sl\/producto\/maquina-etiquetadora-de-botellas-tarros-semi-automatica-cerveza-vino-aceite\/\",\"url\":\"https:\/\/www.distribucionarc.com\/sl\/producto\/maquina-etiquetadora-de-botellas-tarros-semi-automatica-cerveza-vino-aceite\/\",\"name\":\"Maquina Etiquetadora de botellas, tarros semi automatica cerveza, vino, aceite - distribuci\u00f3n ARC\",\"isPartOf\":{\"@id\":\"https:\/\/distribucionarc.com\/ar\/#website\"},\"primaryImageOfPage\":{\"@id\":\"https:\/\/www.distribucionarc.com\/sl\/producto\/maquina-etiquetadora-de-botellas-tarros-semi-automatica-cerveza-vino-aceite\/#primaryimage\"},\"image\":{\"@id\":\"https:\/\/www.distribucionarc.com\/sl\/producto\/maquina-etiquetadora-de-botellas-tarros-semi-automatica-cerveza-vino-aceite\/#primaryimage\"},\"thumbnailUrl\":\"https:\/\/distribucionarc.com\/wp-content\/uploads\/2023\/03\/etiquetadora-de-botellas.jpg\",\"datePublished\":\"2023-03-31T09:36:10+00:00\",\"dateModified\":\"2023-03-31T12:11:29+00:00\",\"breadcrumb\":{\"@id\":\"https:\/\/www.distribucionarc.com\/sl\/producto\/maquina-etiquetadora-de-botellas-tarros-semi-automatica-cerveza-vino-aceite\/#breadcrumb\"},\"inLanguage\":\"lt-LT\",\"potentialAction\":[{\"@type\":\"ReadAction\",\"target\":[\"https:\/\/www.distribucionarc.com\/sl\/producto\/maquina-etiquetadora-de-botellas-tarros-semi-automatica-cerveza-vino-aceite\/\"]}]},{\"@type\":\"ImageObject\",\"inLanguage\":\"lt-LT\",\"@id\":\"https:\/\/www.distribucionarc.com\/sl\/producto\/maquina-etiquetadora-de-botellas-tarros-semi-automatica-cerveza-vino-aceite\/#primaryimage\",\"url\":\"https:\/\/distribucionarc.com\/wp-content\/uploads\/2023\/03\/etiquetadora-de-botellas.jpg\",\"contentUrl\":\"https:\/\/distribucionarc.com\/wp-content\/uploads\/2023\/03\/etiquetadora-de-botellas.jpg\",\"width\":480,\"height\":480},{\"@type\":\"BreadcrumbList\",\"@id\":\"https:\/\/www.distribucionarc.com\/sl\/producto\/maquina-etiquetadora-de-botellas-tarros-semi-automatica-cerveza-vino-aceite\/#breadcrumb\",\"itemListElement\":[{\"@type\":\"ListItem\",\"position\":1,\"name\":\"Portada\",\"item\":\"https:\/\/www.distribucionarc.com\/pt\/\"},{\"@type\":\"ListItem\",\"position\":2,\"name\":\"Produtos\",\"item\":\"https:\/\/www.distribucionarc.com\/pt\/shop\/\"},{\"@type\":\"ListItem\",\"position\":3,\"name\":\"Maquina Etiquetadora de botellas, tarros semi automatica cerveza, vino, aceite\"}]},{\"@type\":\"WebSite\",\"@id\":\"https:\/\/distribucionarc.com\/ar\/#website\",\"url\":\"https:\/\/distribucionarc.com\/ar\/\",\"name\":\"distribuci\u00f3n ARC\",\"description\":\"Empresa especializada en la fabricaci\u00f3n y distribuci\u00f3n de maquinaria industrial, selladoras de latas, Maquinas de hacer pastillas, Maquinas de cortar carne...\",\"publisher\":{\"@id\":\"https:\/\/distribucionarc.com\/ar\/#organization\"},\"potentialAction\":[{\"@type\":\"SearchAction\",\"target\":{\"@type\":\"EntryPoint\",\"urlTemplate\":\"https:\/\/distribucionarc.com\/ar\/?s={search_term_string}\"},\"query-input\":{\"@type\":\"PropertyValueSpecification\",\"valueRequired\":true,\"valueName\":\"search_term_string\"}}],\"inLanguage\":\"lt-LT\"},{\"@type\":\"Organization\",\"@id\":\"https:\/\/distribucionarc.com\/ar\/#organization\",\"name\":\"Distribuci\u00f3n ARC\",\"url\":\"https:\/\/distribucionarc.com\/ar\/\",\"logo\":{\"@type\":\"ImageObject\",\"inLanguage\":\"lt-LT\",\"@id\":\"https:\/\/distribucionarc.com\/ar\/#\/schema\/logo\/image\/\",\"url\":\"https:\/\/distribucionarc.com\/wp-content\/uploads\/2024\/10\/distribucion-ARC-COLOR-SIN-FONDO-e1732295305345.png\",\"contentUrl\":\"https:\/\/distribucionarc.com\/wp-content\/uploads\/2024\/10\/distribucion-ARC-COLOR-SIN-FONDO-e1732295305345.png\",\"width\":1164,\"height\":558,\"caption\":\"Distribuci\u00f3n ARC\"},\"image\":{\"@id\":\"https:\/\/distribucionarc.com\/ar\/#\/schema\/logo\/image\/\"},\"description\":\"Empresa especializada en la fabricaci\u00f3n y distribuci\u00f3n de maquinaria industrial para los sectores alimentario y farmac\u00e9utico. Nos especializamos en: M\u00e1quinas de cortar carne Fabricaci\u00f3n de comprimidos Sistemas de transporte industrial L\u00edneas de embotellado Dosificadores Y mucho m\u00e1s... Ofrecemos soluciones innovadoras y personalizadas para optimizar los procesos productivos de tu empresa.\",\"email\":\"Admistracion@distribucionarc.com\",\"telephone\":\"+34 643496664\",\"legalName\":\"ARC TECH SOLUTIONS\",\"foundingDate\":\"2024-04-09\",\"vatID\":\"B55480172\",\"numberOfEmployees\":{\"@type\":\"QuantitativeValue\",\"minValue\":\"1\",\"maxValue\":\"10\"}}]}<\/script>\n<!-- \/ Yoast SEO Premium plugin. -->","yoast_head_json":{"title":"Pusiau automatinis buteli\u0173, stiklaini\u0173, alaus, vyno, aliejaus \u017eenklinimo aparatas - ARC platinimas","robots":{"index":"index","follow":"follow","max-snippet":"max-snippet:-1","max-image-preview":"max-image-preview:large","max-video-preview":"max-video-preview:-1"},"canonical":"https:\/\/www.distribucionarc.com\/sl\/producto\/maquina-etiquetadora-de-botellas-tarros-semi-automatica-cerveza-vino-aceite\/","og_locale":"lt_LT","og_type":"article","og_title":"Maquina Etiquetadora de botellas, tarros semi automatica cerveza, vino, aceite","og_description":"La m\u00e1quina etiquetadora de botellas y tarros semi-autom\u00e1tica es una herramienta esencial en la producci\u00f3n y envasado de bebidas y alimentos l\u00edquidos como cerveza, vino y aceite. Esta m\u00e1quina se encarga de etiquetar los envases de manera r\u00e1pida y eficiente, lo que aumenta la productividad y reduce los costos de mano de obra.  La m\u00e1quina etiquetadora semi-autom\u00e1tica es f\u00e1cil de usar y est\u00e1 dise\u00f1ada para adaptarse a diferentes tama\u00f1os y formas de botellas y tarros.","og_url":"https:\/\/www.distribucionarc.com\/sl\/producto\/maquina-etiquetadora-de-botellas-tarros-semi-automatica-cerveza-vino-aceite\/","og_site_name":"distribuci\u00f3n ARC","article_modified_time":"2023-03-31T12:11:29+00:00","og_image":[{"width":480,"height":480,"url":"https:\/\/www.distribucionarc.com\/wp-content\/uploads\/2023\/03\/etiquetadora-de-botellas.jpg","type":"image\/jpeg"}],"twitter_card":"summary_large_image","twitter_misc":{"Est. reading time":"1 minut\u0117"},"schema":{"@context":"https:\/\/schema.org","@graph":[{"@type":"WebPage","@id":"https:\/\/www.distribucionarc.com\/sl\/producto\/maquina-etiquetadora-de-botellas-tarros-semi-automatica-cerveza-vino-aceite\/","url":"https:\/\/www.distribucionarc.com\/sl\/producto\/maquina-etiquetadora-de-botellas-tarros-semi-automatica-cerveza-vino-aceite\/","name":"Pusiau automatinis buteli\u0173, stiklaini\u0173, alaus, vyno, aliejaus \u017eenklinimo aparatas - ARC platinimas","isPartOf":{"@id":"https:\/\/distribucionarc.com\/ar\/#website"},"primaryImageOfPage":{"@id":"https:\/\/www.distribucionarc.com\/sl\/producto\/maquina-etiquetadora-de-botellas-tarros-semi-automatica-cerveza-vino-aceite\/#primaryimage"},"image":{"@id":"https:\/\/www.distribucionarc.com\/sl\/producto\/maquina-etiquetadora-de-botellas-tarros-semi-automatica-cerveza-vino-aceite\/#primaryimage"},"thumbnailUrl":"https:\/\/distribucionarc.com\/wp-content\/uploads\/2023\/03\/etiquetadora-de-botellas.jpg","datePublished":"2023-03-31T09:36:10+00:00","dateModified":"2023-03-31T12:11:29+00:00","breadcrumb":{"@id":"https:\/\/www.distribucionarc.com\/sl\/producto\/maquina-etiquetadora-de-botellas-tarros-semi-automatica-cerveza-vino-aceite\/#breadcrumb"},"inLanguage":"lt-LT","potentialAction":[{"@type":"ReadAction","target":["https:\/\/www.distribucionarc.com\/sl\/producto\/maquina-etiquetadora-de-botellas-tarros-semi-automatica-cerveza-vino-aceite\/"]}]},{"@type":"ImageObject","inLanguage":"lt-LT","@id":"https:\/\/www.distribucionarc.com\/sl\/producto\/maquina-etiquetadora-de-botellas-tarros-semi-automatica-cerveza-vino-aceite\/#primaryimage","url":"https:\/\/distribucionarc.com\/wp-content\/uploads\/2023\/03\/etiquetadora-de-botellas.jpg","contentUrl":"https:\/\/distribucionarc.com\/wp-content\/uploads\/2023\/03\/etiquetadora-de-botellas.jpg","width":480,"height":480},{"@type":"BreadcrumbList","@id":"https:\/\/www.distribucionarc.com\/sl\/producto\/maquina-etiquetadora-de-botellas-tarros-semi-automatica-cerveza-vino-aceite\/#breadcrumb","itemListElement":[{"@type":"ListItem","position":1,"name":"Portada","item":"https:\/\/www.distribucionarc.com\/pt\/"},{"@type":"ListItem","position":2,"name":"Produtos","item":"https:\/\/www.distribucionarc.com\/pt\/shop\/"},{"@type":"ListItem","position":3,"name":"Maquina Etiquetadora de botellas, tarros semi automatica cerveza, vino, aceite"}]},{"@type":"WebSite","@id":"https:\/\/distribucionarc.com\/ar\/#website","url":"https:\/\/distribucionarc.com\/ar\/","name":"ARC paskirstymas","description":"\u012emon\u0117 specializuojasi pramonini\u0173 ma\u0161in\u0173, skardini\u0173 sandarinimo ma\u0161in\u0173, table\u010di\u0173 gamybos ma\u0161in\u0173, m\u0117sos pjaustymo ma\u0161in\u0173 gamyboje ir platinime...","publisher":{"@id":"https:\/\/distribucionarc.com\/ar\/#organization"},"potentialAction":[{"@type":"SearchAction","target":{"@type":"EntryPoint","urlTemplate":"https:\/\/distribucionarc.com\/ar\/?s={search_term_string}"},"query-input":{"@type":"PropertyValueSpecification","valueRequired":true,"valueName":"search_term_string"}}],"inLanguage":"lt-LT"},{"@type":"Organization","@id":"https:\/\/distribucionarc.com\/ar\/#organization","name":"ARC platinimas","url":"https:\/\/distribucionarc.com\/ar\/","logo":{"@type":"ImageObject","inLanguage":"lt-LT","@id":"https:\/\/distribucionarc.com\/ar\/#\/schema\/logo\/image\/","url":"https:\/\/distribucionarc.com\/wp-content\/uploads\/2024\/10\/distribucion-ARC-COLOR-SIN-FONDO-e1732295305345.png","contentUrl":"https:\/\/distribucionarc.com\/wp-content\/uploads\/2024\/10\/distribucion-ARC-COLOR-SIN-FONDO-e1732295305345.png","width":1164,"height":558,"caption":"Distribuci\u00f3n ARC"},"image":{"@id":"https:\/\/distribucionarc.com\/ar\/#\/schema\/logo\/image\/"},"description":"\u012emon\u0117 specializuojasi maisto ir farmacijos sektoriams skirt\u0173 pramonini\u0173 ma\u0161in\u0173 gamyboje ir platinime. M\u016bs\u0173 specializacija: M\u0117sos pjaustymo ma\u0161inos Table\u010di\u0173 gamyba Pramonin\u0117s transportavimo sistemos I\u0161pilstymo linijos Dozatoriai Ir dar daugiau... Si\u016blome novatori\u0161kus ir individualiems poreikiams pritaikytus sprendimus, kad optimizuotume j\u016bs\u0173 \u012fmon\u0117s gamybos procesus.","email":"Admistracion@distribucionarc.com","telephone":"+34 643496664","legalName":"ARC TECH SOLUTIONS","foundingDate":"2024-04-09","vatID":"B55480172","numberOfEmployees":{"@type":"QuantitativeValue","minValue":"1","maxValue":"10"}}]}},"_links":{"self":[{"href":"https:\/\/distribucionarc.com\/lt\/wp-json\/wp\/v2\/product\/5393","targetHints":{"allow":["GET"]}}],"collection":[{"href":"https:\/\/distribucionarc.com\/lt\/wp-json\/wp\/v2\/product"}],"about":[{"href":"https:\/\/distribucionarc.com\/lt\/wp-json\/wp\/v2\/types\/product"}],"replies":[{"embeddable":true,"href":"https:\/\/distribucionarc.com\/lt\/wp-json\/wp\/v2\/comments?post=5393"}],"version-history":[{"count":0,"href":"https:\/\/distribucionarc.com\/lt\/wp-json\/wp\/v2\/product\/5393\/revisions"}],"wp:featuredmedia":[{"embeddable":true,"href":"https:\/\/distribucionarc.com\/lt\/wp-json\/wp\/v2\/media\/5398"}],"wp:attachment":[{"href":"https:\/\/distribucionarc.com\/lt\/wp-json\/wp\/v2\/media?parent=5393"}],"wp:term":[{"taxonomy":"product_brand","embeddable":true,"href":"https:\/\/distribucionarc.com\/lt\/wp-json\/wp\/v2\/product_brand?post=5393"},{"taxonomy":"product_cat","embeddable":true,"href":"https:\/\/distribucionarc.com\/lt\/wp-json\/wp\/v2\/product_cat?post=5393"},{"taxonomy":"product_tag","embeddable":true,"href":"https:\/\/distribucionarc.com\/lt\/wp-json\/wp\/v2\/product_tag?post=5393"}],"curies":[{"name":"wp","href":"https:\/\/api.w.org\/{rel}","templated":true}]}}