{"id":5404,"date":"2023-03-31T15:50:20","date_gmt":"2023-03-31T15:50:20","guid":{"rendered":"https:\/\/distribucionarc.com\/?post_type=product&#038;p=5404"},"modified":"2023-03-31T15:59:39","modified_gmt":"2023-03-31T15:59:39","slug":"pusiau-automatine-stikliniu-ir-plastikiniu-buteliu-kamsteliu-masina","status":"publish","type":"product","link":"https:\/\/distribucionarc.com\/lt\/producto\/maquina-tapadora-de-botellas-de-plastico-y-cristal-semi-automatica\/","title":{"rendered":"Pusiau automatin\u0117 plastikini\u0173 ir stiklini\u0173 buteli\u0173 u\u017edarymo ma\u0161ina"},"content":{"rendered":"<h3><b>Plastikini\u0173 ir metalini\u0173 dangteli\u0173 u\u017edengimo ma\u0161inos ypatyb\u0117<\/b><\/h3>\n<ol>\n<li><span style=\"font-weight: 400;\"> Ma\u0161ina turi pad\u0117ties nustatymo \u012frengin\u012f, veikimas standartizuotas.<\/span><\/li>\n<li><span style=\"font-weight: 400;\"> U\u017edengimo asortimentas platus, galima naudoti \u012fvairiems plastikiniams ir metaliniams apvaliems u\u017esukamiems dangteliams.<\/span><\/li>\n<li><span style=\"font-weight: 400;\"> U\u017edengimo greit\u012f galima reguliuoti.<\/span><\/li>\n<li><span style=\"font-weight: 400;\"> Asortimente ma\u0161in\u0105 galima reguliuoti taip, kad b\u016bt\u0173 u\u017edengtas atitinkamas butelio dangtelis.<\/span><\/li>\n<\/ol>\n<table>\n<tbody>\n<tr>\n<td><span style=\"font-weight: 400;\">Modelis<\/span><\/td>\n<td><span style=\"font-weight: 400;\">ARDX-450<\/span><\/td>\n<\/tr>\n<tr>\n<td><span style=\"font-weight: 400;\">\u012etampa<\/span><\/td>\n<td><span style=\"font-weight: 400;\">220V\/50Hz 110V\/60Hz<\/span><\/td>\n<\/tr>\n<tr>\n<td><span style=\"font-weight: 400;\">Gali<\/span><\/td>\n<td><span style=\"font-weight: 400;\">50W<\/span><\/td>\n<\/tr>\n<tr>\n<td><span style=\"font-weight: 400;\">Varomas pagal tip\u0105<\/span><\/td>\n<td><span style=\"font-weight: 400;\">Elektrinis<\/span><\/td>\n<\/tr>\n<tr>\n<td><span style=\"font-weight: 400;\">Galimas dangtelio skersmuo<\/span><\/td>\n<td><span style=\"font-weight: 400;\">10-50 mm (papildomai iki 100 mm)<\/span><\/td>\n<\/tr>\n<tr>\n<td><span style=\"font-weight: 400;\">Galimas buteliuko auk\u0161tis (su dangteliu)<\/span><\/td>\n<td><span style=\"font-weight: 400;\">100-220 mm<\/span><\/td>\n<\/tr>\n<tr>\n<td><span style=\"font-weight: 400;\">Gamybos paj\u0117gumai<\/span><\/td>\n<td><span style=\"font-weight: 400;\">20-40 kart\u0173\/min<\/span><\/td>\n<\/tr>\n<tr>\n<td><span style=\"font-weight: 400;\">Pakuot\u0117s dydis<\/span><\/td>\n<td><span style=\"font-weight: 400;\">52cm*30cm*53cm<\/span><\/td>\n<\/tr>\n<tr>\n<td><span style=\"font-weight: 400;\">Bendras svoris<\/span><\/td>\n<td><span style=\"font-weight: 400;\">40 kg<\/span><\/td>\n<\/tr>\n<\/tbody>\n<\/table>\n<p>&nbsp;<\/p>\n<div style=\"width: 640px;\" class=\"wp-video\"><video class=\"wp-video-shortcode\" id=\"video-5404-2\" width=\"640\" height=\"368\" preload=\"metadata\" controls=\"controls\"><source type=\"video\/mp4\" src=\"https:\/\/distribucionarc.com\/wp-content\/uploads\/2023\/03\/tapadora-de-botes-de-plastico-semiautomatica.mp4?_=2\" \/><a href=\"https:\/\/distribucionarc.com\/wp-content\/uploads\/2023\/03\/tapadora-de-botes-de-plastico-semiautomatica.mp4\">https:\/\/distribucionarc.com\/wp-content\/uploads\/2023\/03\/tapadora-de-botes-de-plastico-semiautomatica.mp4<\/a><\/video><\/div>","protected":false},"excerpt":{"rendered":"<p><span style=\"font-weight: 400;\">Pusiau automatin\u0117 u\u017edengimo ma\u0161ina yra efektyvus sprendimas <\/span><b>plastikini\u0173 buteli\u0173 u\u017edarymas<\/b><span style=\"font-weight: 400;\"> ir i\u0161 <\/span><b>stiklo<\/b><span style=\"font-weight: 400;\"> ant gamybos linijos. Tokio tipo ma\u0161inos da\u017eniausiai naudojamos ma\u017eose ir vidutin\u0117se \u012fmon\u0117se, kurioms reikalinga nuolatin\u0117 ir kontroliuojama u\u017edengt\u0173 konteineri\u0173 gamyba.<\/span><\/p>\n<p>&nbsp;<\/p>\n<p><span style=\"font-weight: 400;\">Vienas i\u0161 pagrindini\u0173 \u0161io tipo privalum\u0173 <\/span><b>u\u017edengimo ma\u0161ina<\/b><span style=\"font-weight: 400;\"> yra universalumas, nes gali b\u016bti pritaikytas prie \u012fvairi\u0173 dyd\u017ei\u0173 ir form\u0173 buteli\u0173, taip pat \u012fvairi\u0173 tip\u0173 kam\u0161teli\u0173. Be to, jo kompakti\u0161ka, patogi konstrukcija leid\u017eia greitai sumontuoti ir prad\u0117ti eksploatuoti, taip suma\u017einant gamybos prastov\u0105.<\/span><\/p>\n<div style=\"width: 444px;\" class=\"wp-video\"><video class=\"wp-video-shortcode\" id=\"video-5404-1\" width=\"444\" height=\"460\" preload=\"metadata\" controls=\"controls\"><source type=\"video\/mp4\" src=\"https:\/\/distribucionarc.com\/wp-content\/uploads\/2023\/03\/maquina-Tapadora-para-frascos-de-cristal.mp4?_=1\" \/><a href=\"https:\/\/distribucionarc.com\/wp-content\/uploads\/2023\/03\/maquina-Tapadora-para-frascos-de-cristal.mp4\">https:\/\/distribucionarc.com\/wp-content\/uploads\/2023\/03\/maquina-Tapadora-para-frascos-de-cristal.mp4<\/a><\/video><\/div>\n<p>&nbsp;<\/p>","protected":false},"featured_media":5407,"comment_status":"open","ping_status":"closed","template":"","meta":{"wds_primary_product_brand":0,"wds_primary_product_cat":0},"product_brand":[],"product_cat":[28],"product_tag":[],"class_list":{"0":"post-5404","1":"product","2":"type-product","3":"status-publish","4":"has-post-thumbnail","6":"product_cat-tapadoras","7":"product_shipping_class-express","9":"first","10":"instock","11":"taxable","12":"shipping-taxable","13":"purchasable","14":"product-type-simple"},"yoast_head":"<!-- This site is optimized with the Yoast SEO Premium plugin v24.9 (Yoast SEO v26.1) - https:\/\/yoast.com\/wordpress\/plugins\/seo\/ -->\n<title>Maquina tapadora de botellas de pl\u00e1stico y cristal semi autom\u00e1tica - distribuci\u00f3n ARC<\/title>\n<meta name=\"robots\" content=\"index, follow, max-snippet:-1, max-image-preview:large, max-video-preview:-1\" \/>\n<link rel=\"canonical\" href=\"https:\/\/distribucionarc.com\/lt\/produktas\/pusiau-automatine-stikliniu-ir-plastikiniu-buteliu-kamsteliu-masina\/\" \/>\n<meta property=\"og:locale\" content=\"lt_LT\" \/>\n<meta property=\"og:type\" content=\"article\" \/>\n<meta property=\"og:title\" content=\"Maquina tapadora de botellas de pl\u00e1stico y cristal semi autom\u00e1tica\" \/>\n<meta property=\"og:description\" content=\"Una m\u00e1quina tapadora semi autom\u00e1tica es una soluci\u00f3n eficiente para el cierre de botellas de pl\u00e1stico y de cristal en una l\u00ednea de producci\u00f3n. Este tipo de m\u00e1quinas se utilizan com\u00fanmente en peque\u00f1as y medianas empresas que requieren una producci\u00f3n constante y controlada de envases con tapa.  &nbsp;  Una de las principales ventajas de este tipo de m\u00e1quina tapadora es su versatilidad, ya que se puede adaptar a diferentes tama\u00f1os y formas de botellas, as\u00ed como a diversos tipos de tapas. Adem\u00e1s, su dise\u00f1o compacto y f\u00e1cil de usar permite una r\u00e1pida instalaci\u00f3n y puesta en marcha, lo que reduce los tiempos de inactividad en la producci\u00f3n.    &nbsp;\" \/>\n<meta property=\"og:url\" content=\"https:\/\/distribucionarc.com\/lt\/produktas\/pusiau-automatine-stikliniu-ir-plastikiniu-buteliu-kamsteliu-masina\/\" \/>\n<meta property=\"og:site_name\" content=\"distribuci\u00f3n ARC\" \/>\n<meta property=\"article:modified_time\" content=\"2023-03-31T15:59:39+00:00\" \/>\n<meta property=\"og:image\" content=\"https:\/\/distribucionarc.com\/wp-content\/uploads\/2023\/03\/tapadora-para-botes-de-cristal.jpg\" \/>\n\t<meta property=\"og:image:width\" content=\"960\" \/>\n\t<meta property=\"og:image:height\" content=\"770\" \/>\n\t<meta property=\"og:image:type\" content=\"image\/jpeg\" \/>\n<meta name=\"twitter:card\" content=\"summary_large_image\" \/>\n<meta name=\"twitter:label1\" content=\"Est. reading time\" \/>\n\t<meta name=\"twitter:data1\" content=\"1 minut\u0117\" \/>\n<script type=\"application\/ld+json\" class=\"yoast-schema-graph\">{\"@context\":\"https:\/\/schema.org\",\"@graph\":[{\"@type\":\"WebPage\",\"@id\":\"https:\/\/distribucionarc.com\/en\/producto\/maquina-tapadora-de-botellas-de-plastico-y-cristal-semi-automatica\/\",\"url\":\"https:\/\/distribucionarc.com\/en\/producto\/maquina-tapadora-de-botellas-de-plastico-y-cristal-semi-automatica\/\",\"name\":\"Maquina tapadora de botellas de pl\u00e1stico y cristal semi autom\u00e1tica - distribuci\u00f3n ARC\",\"isPartOf\":{\"@id\":\"https:\/\/www.distribucionarc.com\/sl\/#website\"},\"primaryImageOfPage\":{\"@id\":\"https:\/\/distribucionarc.com\/en\/producto\/maquina-tapadora-de-botellas-de-plastico-y-cristal-semi-automatica\/#primaryimage\"},\"image\":{\"@id\":\"https:\/\/distribucionarc.com\/en\/producto\/maquina-tapadora-de-botellas-de-plastico-y-cristal-semi-automatica\/#primaryimage\"},\"thumbnailUrl\":\"https:\/\/distribucionarc.com\/wp-content\/uploads\/2023\/03\/tapadora-para-botes-de-cristal.jpg\",\"datePublished\":\"2023-03-31T15:50:20+00:00\",\"dateModified\":\"2023-03-31T15:59:39+00:00\",\"breadcrumb\":{\"@id\":\"https:\/\/distribucionarc.com\/en\/producto\/maquina-tapadora-de-botellas-de-plastico-y-cristal-semi-automatica\/#breadcrumb\"},\"inLanguage\":\"lt-LT\",\"potentialAction\":[{\"@type\":\"ReadAction\",\"target\":[\"https:\/\/distribucionarc.com\/en\/producto\/maquina-tapadora-de-botellas-de-plastico-y-cristal-semi-automatica\/\"]}]},{\"@type\":\"ImageObject\",\"inLanguage\":\"lt-LT\",\"@id\":\"https:\/\/distribucionarc.com\/en\/producto\/maquina-tapadora-de-botellas-de-plastico-y-cristal-semi-automatica\/#primaryimage\",\"url\":\"https:\/\/distribucionarc.com\/wp-content\/uploads\/2023\/03\/tapadora-para-botes-de-cristal.jpg\",\"contentUrl\":\"https:\/\/distribucionarc.com\/wp-content\/uploads\/2023\/03\/tapadora-para-botes-de-cristal.jpg\",\"width\":960,\"height\":770},{\"@type\":\"BreadcrumbList\",\"@id\":\"https:\/\/distribucionarc.com\/en\/producto\/maquina-tapadora-de-botellas-de-plastico-y-cristal-semi-automatica\/#breadcrumb\",\"itemListElement\":[{\"@type\":\"ListItem\",\"position\":1,\"name\":\"Portada\",\"item\":\"https:\/\/www.distribucionarc.com\/\"},{\"@type\":\"ListItem\",\"position\":2,\"name\":\"\u00dcr\u00fcnler\",\"item\":\"https:\/\/www.distribucionarc.com\/tr\/magaza\/\"},{\"@type\":\"ListItem\",\"position\":3,\"name\":\"Maquina tapadora de botellas de pl\u00e1stico y cristal semi autom\u00e1tica\"}]},{\"@type\":\"WebSite\",\"@id\":\"https:\/\/www.distribucionarc.com\/sl\/#website\",\"url\":\"https:\/\/www.distribucionarc.com\/sl\/\",\"name\":\"distribuci\u00f3n ARC\",\"description\":\"Empresa especializada en la fabricaci\u00f3n y distribuci\u00f3n de maquinaria industrial, selladoras de latas, Maquinas de hacer pastillas, Maquinas de cortar carne...\",\"publisher\":{\"@id\":\"https:\/\/www.distribucionarc.com\/sl\/#organization\"},\"potentialAction\":[{\"@type\":\"SearchAction\",\"target\":{\"@type\":\"EntryPoint\",\"urlTemplate\":\"https:\/\/www.distribucionarc.com\/sl\/?s={search_term_string}\"},\"query-input\":{\"@type\":\"PropertyValueSpecification\",\"valueRequired\":true,\"valueName\":\"search_term_string\"}}],\"inLanguage\":\"lt-LT\"},{\"@type\":\"Organization\",\"@id\":\"https:\/\/www.distribucionarc.com\/sl\/#organization\",\"name\":\"Distribuci\u00f3n ARC\",\"url\":\"https:\/\/www.distribucionarc.com\/sl\/\",\"logo\":{\"@type\":\"ImageObject\",\"inLanguage\":\"lt-LT\",\"@id\":\"https:\/\/www.distribucionarc.com\/sl\/#\/schema\/logo\/image\/\",\"url\":\"https:\/\/distribucionarc.com\/wp-content\/uploads\/2024\/10\/distribucion-ARC-COLOR-SIN-FONDO-e1732295305345.png\",\"contentUrl\":\"https:\/\/distribucionarc.com\/wp-content\/uploads\/2024\/10\/distribucion-ARC-COLOR-SIN-FONDO-e1732295305345.png\",\"width\":1164,\"height\":558,\"caption\":\"Distribuci\u00f3n ARC\"},\"image\":{\"@id\":\"https:\/\/www.distribucionarc.com\/sl\/#\/schema\/logo\/image\/\"},\"description\":\"Empresa especializada en la fabricaci\u00f3n y distribuci\u00f3n de maquinaria industrial para los sectores alimentario y farmac\u00e9utico. Nos especializamos en: M\u00e1quinas de cortar carne Fabricaci\u00f3n de comprimidos Sistemas de transporte industrial L\u00edneas de embotellado Dosificadores Y mucho m\u00e1s... Ofrecemos soluciones innovadoras y personalizadas para optimizar los procesos productivos de tu empresa.\",\"email\":\"Admistracion@distribucionarc.com\",\"telephone\":\"+34 643496664\",\"legalName\":\"ARC TECH SOLUTIONS\",\"foundingDate\":\"2024-04-09\",\"vatID\":\"B55480172\",\"numberOfEmployees\":{\"@type\":\"QuantitativeValue\",\"minValue\":\"1\",\"maxValue\":\"10\"}}]}<\/script>\n<!-- \/ Yoast SEO Premium plugin. -->","yoast_head_json":{"title":"Pusiau automatin\u0117 plastikini\u0173 ir stiklini\u0173 buteli\u0173 u\u017ekim\u0161imo ma\u0161ina - ARC platinimas","robots":{"index":"index","follow":"follow","max-snippet":"max-snippet:-1","max-image-preview":"max-image-preview:large","max-video-preview":"max-video-preview:-1"},"canonical":"https:\/\/distribucionarc.com\/lt\/produktas\/pusiau-automatine-stikliniu-ir-plastikiniu-buteliu-kamsteliu-masina\/","og_locale":"lt_LT","og_type":"article","og_title":"Maquina tapadora de botellas de pl\u00e1stico y cristal semi autom\u00e1tica","og_description":"Una m\u00e1quina tapadora semi autom\u00e1tica es una soluci\u00f3n eficiente para el cierre de botellas de pl\u00e1stico y de cristal en una l\u00ednea de producci\u00f3n. Este tipo de m\u00e1quinas se utilizan com\u00fanmente en peque\u00f1as y medianas empresas que requieren una producci\u00f3n constante y controlada de envases con tapa.  &nbsp;  Una de las principales ventajas de este tipo de m\u00e1quina tapadora es su versatilidad, ya que se puede adaptar a diferentes tama\u00f1os y formas de botellas, as\u00ed como a diversos tipos de tapas. Adem\u00e1s, su dise\u00f1o compacto y f\u00e1cil de usar permite una r\u00e1pida instalaci\u00f3n y puesta en marcha, lo que reduce los tiempos de inactividad en la producci\u00f3n.    &nbsp;","og_url":"https:\/\/distribucionarc.com\/lt\/produktas\/pusiau-automatine-stikliniu-ir-plastikiniu-buteliu-kamsteliu-masina\/","og_site_name":"distribuci\u00f3n ARC","article_modified_time":"2023-03-31T15:59:39+00:00","og_image":[{"width":960,"height":770,"url":"https:\/\/distribucionarc.com\/wp-content\/uploads\/2023\/03\/tapadora-para-botes-de-cristal.jpg","type":"image\/jpeg"}],"twitter_card":"summary_large_image","twitter_misc":{"Est. reading time":"1 minut\u0117"},"schema":{"@context":"https:\/\/schema.org","@graph":[{"@type":"WebPage","@id":"https:\/\/distribucionarc.com\/en\/producto\/maquina-tapadora-de-botellas-de-plastico-y-cristal-semi-automatica\/","url":"https:\/\/distribucionarc.com\/en\/producto\/maquina-tapadora-de-botellas-de-plastico-y-cristal-semi-automatica\/","name":"Pusiau automatin\u0117 plastikini\u0173 ir stiklini\u0173 buteli\u0173 u\u017ekim\u0161imo ma\u0161ina - ARC platinimas","isPartOf":{"@id":"https:\/\/www.distribucionarc.com\/sl\/#website"},"primaryImageOfPage":{"@id":"https:\/\/distribucionarc.com\/en\/producto\/maquina-tapadora-de-botellas-de-plastico-y-cristal-semi-automatica\/#primaryimage"},"image":{"@id":"https:\/\/distribucionarc.com\/en\/producto\/maquina-tapadora-de-botellas-de-plastico-y-cristal-semi-automatica\/#primaryimage"},"thumbnailUrl":"https:\/\/distribucionarc.com\/wp-content\/uploads\/2023\/03\/tapadora-para-botes-de-cristal.jpg","datePublished":"2023-03-31T15:50:20+00:00","dateModified":"2023-03-31T15:59:39+00:00","breadcrumb":{"@id":"https:\/\/distribucionarc.com\/en\/producto\/maquina-tapadora-de-botellas-de-plastico-y-cristal-semi-automatica\/#breadcrumb"},"inLanguage":"lt-LT","potentialAction":[{"@type":"ReadAction","target":["https:\/\/distribucionarc.com\/en\/producto\/maquina-tapadora-de-botellas-de-plastico-y-cristal-semi-automatica\/"]}]},{"@type":"ImageObject","inLanguage":"lt-LT","@id":"https:\/\/distribucionarc.com\/en\/producto\/maquina-tapadora-de-botellas-de-plastico-y-cristal-semi-automatica\/#primaryimage","url":"https:\/\/distribucionarc.com\/wp-content\/uploads\/2023\/03\/tapadora-para-botes-de-cristal.jpg","contentUrl":"https:\/\/distribucionarc.com\/wp-content\/uploads\/2023\/03\/tapadora-para-botes-de-cristal.jpg","width":960,"height":770},{"@type":"BreadcrumbList","@id":"https:\/\/distribucionarc.com\/en\/producto\/maquina-tapadora-de-botellas-de-plastico-y-cristal-semi-automatica\/#breadcrumb","itemListElement":[{"@type":"ListItem","position":1,"name":"Portada","item":"https:\/\/www.distribucionarc.com\/"},{"@type":"ListItem","position":2,"name":"\u00dcr\u00fcnler","item":"https:\/\/www.distribucionarc.com\/tr\/magaza\/"},{"@type":"ListItem","position":3,"name":"Maquina tapadora de botellas de pl\u00e1stico y cristal semi autom\u00e1tica"}]},{"@type":"WebSite","@id":"https:\/\/www.distribucionarc.com\/sl\/#website","url":"https:\/\/www.distribucionarc.com\/sl\/","name":"ARC paskirstymas","description":"\u012emon\u0117 specializuojasi pramonini\u0173 ma\u0161in\u0173, skardini\u0173 sandarinimo ma\u0161in\u0173, table\u010di\u0173 gamybos ma\u0161in\u0173, m\u0117sos pjaustymo ma\u0161in\u0173 gamyboje ir platinime...","publisher":{"@id":"https:\/\/www.distribucionarc.com\/sl\/#organization"},"potentialAction":[{"@type":"SearchAction","target":{"@type":"EntryPoint","urlTemplate":"https:\/\/www.distribucionarc.com\/sl\/?s={search_term_string}"},"query-input":{"@type":"PropertyValueSpecification","valueRequired":true,"valueName":"search_term_string"}}],"inLanguage":"lt-LT"},{"@type":"Organization","@id":"https:\/\/www.distribucionarc.com\/sl\/#organization","name":"ARC platinimas","url":"https:\/\/www.distribucionarc.com\/sl\/","logo":{"@type":"ImageObject","inLanguage":"lt-LT","@id":"https:\/\/www.distribucionarc.com\/sl\/#\/schema\/logo\/image\/","url":"https:\/\/distribucionarc.com\/wp-content\/uploads\/2024\/10\/distribucion-ARC-COLOR-SIN-FONDO-e1732295305345.png","contentUrl":"https:\/\/distribucionarc.com\/wp-content\/uploads\/2024\/10\/distribucion-ARC-COLOR-SIN-FONDO-e1732295305345.png","width":1164,"height":558,"caption":"Distribuci\u00f3n ARC"},"image":{"@id":"https:\/\/www.distribucionarc.com\/sl\/#\/schema\/logo\/image\/"},"description":"\u012emon\u0117 specializuojasi maisto ir farmacijos sektoriams skirt\u0173 pramonini\u0173 ma\u0161in\u0173 gamyboje ir platinime. M\u016bs\u0173 specializacija: M\u0117sos pjaustymo ma\u0161inos Table\u010di\u0173 gamyba Pramonin\u0117s transportavimo sistemos I\u0161pilstymo linijos Dozatoriai Ir dar daugiau... Si\u016blome novatori\u0161kus ir individualiems poreikiams pritaikytus sprendimus, kad optimizuotume j\u016bs\u0173 \u012fmon\u0117s gamybos procesus.","email":"Admistracion@distribucionarc.com","telephone":"+34 643496664","legalName":"ARC TECH SOLUTIONS","foundingDate":"2024-04-09","vatID":"B55480172","numberOfEmployees":{"@type":"QuantitativeValue","minValue":"1","maxValue":"10"}}]}},"_links":{"self":[{"href":"https:\/\/distribucionarc.com\/lt\/wp-json\/wp\/v2\/product\/5404","targetHints":{"allow":["GET"]}}],"collection":[{"href":"https:\/\/distribucionarc.com\/lt\/wp-json\/wp\/v2\/product"}],"about":[{"href":"https:\/\/distribucionarc.com\/lt\/wp-json\/wp\/v2\/types\/product"}],"replies":[{"embeddable":true,"href":"https:\/\/distribucionarc.com\/lt\/wp-json\/wp\/v2\/comments?post=5404"}],"version-history":[{"count":0,"href":"https:\/\/distribucionarc.com\/lt\/wp-json\/wp\/v2\/product\/5404\/revisions"}],"wp:featuredmedia":[{"embeddable":true,"href":"https:\/\/distribucionarc.com\/lt\/wp-json\/wp\/v2\/media\/5407"}],"wp:attachment":[{"href":"https:\/\/distribucionarc.com\/lt\/wp-json\/wp\/v2\/media?parent=5404"}],"wp:term":[{"taxonomy":"product_brand","embeddable":true,"href":"https:\/\/distribucionarc.com\/lt\/wp-json\/wp\/v2\/product_brand?post=5404"},{"taxonomy":"product_cat","embeddable":true,"href":"https:\/\/distribucionarc.com\/lt\/wp-json\/wp\/v2\/product_cat?post=5404"},{"taxonomy":"product_tag","embeddable":true,"href":"https:\/\/distribucionarc.com\/lt\/wp-json\/wp\/v2\/product_tag?post=5404"}],"curies":[{"name":"wp","href":"https:\/\/api.w.org\/{rel}","templated":true}]}}