{"id":5695,"date":"2023-05-11T11:45:26","date_gmt":"2023-05-11T11:45:26","guid":{"rendered":"https:\/\/distribucionarc.com\/?post_type=product&#038;p=5695"},"modified":"2023-05-11T14:12:49","modified_gmt":"2023-05-11T14:12:49","slug":"dvipusis-pramoninis-maisytuvas-nuo-87l-iki-175l","status":"publish","type":"product","link":"https:\/\/distribucionarc.com\/lt\/producto\/amasadora-industrial-de-doble-brazo-de-87l-a-175l\/","title":{"rendered":"Pramoninis dvigubas mai\u0161ytuvas nuo 87 litr\u0173 iki 175 litr\u0173"},"content":{"rendered":"<h2>Pramoninis duonos mai\u0161ytuvas 87l<\/h2>\n<p><a href=\"https:\/\/distribucionarc.com\/wp-content\/uploads\/2023\/05\/amasadora-industrial-panaderia.jpg\"><img loading=\"lazy\" decoding=\"async\" class=\"alignnone size-medium wp-image-5696\" src=\"https:\/\/distribucionarc.com\/wp-content\/uploads\/2023\/05\/amasadora-industrial-panaderia-300x300.jpg\" alt=\"\" width=\"300\" height=\"300\" srcset=\"https:\/\/distribucionarc.com\/wp-content\/uploads\/2023\/05\/amasadora-industrial-panaderia-300x300.jpg 300w, https:\/\/distribucionarc.com\/wp-content\/uploads\/2023\/05\/amasadora-industrial-panaderia-430x430.jpg 430w, https:\/\/distribucionarc.com\/wp-content\/uploads\/2023\/05\/amasadora-industrial-panaderia-150x150.jpg 150w, https:\/\/distribucionarc.com\/wp-content\/uploads\/2023\/05\/amasadora-industrial-panaderia-700x700.jpg 700w, https:\/\/distribucionarc.com\/wp-content\/uploads\/2023\/05\/amasadora-industrial-panaderia-768x768.jpg 768w, https:\/\/distribucionarc.com\/wp-content\/uploads\/2023\/05\/amasadora-industrial-panaderia-12x12.jpg 12w, https:\/\/distribucionarc.com\/wp-content\/uploads\/2023\/05\/amasadora-industrial-panaderia-48x48.jpg 48w, https:\/\/distribucionarc.com\/wp-content\/uploads\/2023\/05\/amasadora-industrial-panaderia.jpg 1000w\" sizes=\"auto, (max-width: 300px) 100vw, 300px\" \/><\/a><\/p>\n<p>Tai yra a <strong>pramoninis duonos mai\u0161ytuvas<\/strong> auk\u0161tos kokyb\u0117s pagaminta Europoje. Te\u0161los talpa iki 60 kg. Turi jutiklin\u012f ekran\u0105 ir veikia tyliai su 2 reguliuojamais grei\u010dio lygiais. Be to, jis turi laikmat\u012f, avarin\u012f stabdym\u0105 ir gali b\u016bti valdomas automati\u0161kai, pusiau automati\u0161kai arba rankiniu b\u016bdu. Jo korpusas pagamintas i\u0161 ner\u016bdijan\u010dio plieno, tod\u0117l jis yra tvirtas ir patvarus. Jis turi 3N\/PE \/ N \/ PE volt\u0173 \/ 50 Hz elektros jungt\u012f, o i\u0161oriniai matmenys yra 610 mm x 860 mm x 1 440 mm.<\/p>\n<p><a href=\"https:\/\/distribucionarc.com\/wp-content\/uploads\/2023\/05\/amasadora-de-pan.jpeg\"><img loading=\"lazy\" decoding=\"async\" class=\"alignnone size-medium wp-image-5698\" src=\"https:\/\/distribucionarc.com\/wp-content\/uploads\/2023\/05\/amasadora-de-pan-300x300.jpeg\" alt=\"\" width=\"300\" height=\"300\" srcset=\"https:\/\/distribucionarc.com\/wp-content\/uploads\/2023\/05\/amasadora-de-pan-300x300.jpeg 300w, https:\/\/distribucionarc.com\/wp-content\/uploads\/2023\/05\/amasadora-de-pan-430x430.jpeg 430w, https:\/\/distribucionarc.com\/wp-content\/uploads\/2023\/05\/amasadora-de-pan-150x150.jpeg 150w, https:\/\/distribucionarc.com\/wp-content\/uploads\/2023\/05\/amasadora-de-pan-700x700.jpeg 700w, https:\/\/distribucionarc.com\/wp-content\/uploads\/2023\/05\/amasadora-de-pan-768x768.jpeg 768w, https:\/\/distribucionarc.com\/wp-content\/uploads\/2023\/05\/amasadora-de-pan-12x12.jpeg 12w, https:\/\/distribucionarc.com\/wp-content\/uploads\/2023\/05\/amasadora-de-pan-48x48.jpeg 48w, https:\/\/distribucionarc.com\/wp-content\/uploads\/2023\/05\/amasadora-de-pan.jpeg 1000w\" sizes=\"auto, (max-width: 300px) 100vw, 300px\" \/><\/a><a href=\"https:\/\/distribucionarc.com\/wp-content\/uploads\/2023\/05\/amasadora-industrial-87l.jpeg\"><img loading=\"lazy\" decoding=\"async\" class=\"alignnone size-medium wp-image-5699\" src=\"https:\/\/distribucionarc.com\/wp-content\/uploads\/2023\/05\/amasadora-industrial-87l-300x300.jpeg\" alt=\"\" width=\"300\" height=\"300\" srcset=\"https:\/\/distribucionarc.com\/wp-content\/uploads\/2023\/05\/amasadora-industrial-87l-300x300.jpeg 300w, https:\/\/distribucionarc.com\/wp-content\/uploads\/2023\/05\/amasadora-industrial-87l-430x430.jpeg 430w, https:\/\/distribucionarc.com\/wp-content\/uploads\/2023\/05\/amasadora-industrial-87l-150x150.jpeg 150w, https:\/\/distribucionarc.com\/wp-content\/uploads\/2023\/05\/amasadora-industrial-87l-12x12.jpeg 12w, https:\/\/distribucionarc.com\/wp-content\/uploads\/2023\/05\/amasadora-industrial-87l-48x48.jpeg 48w, https:\/\/distribucionarc.com\/wp-content\/uploads\/2023\/05\/amasadora-industrial-87l.jpeg 600w\" sizes=\"auto, (max-width: 300px) 100vw, 300px\" \/><\/a><\/p>\n<p>Technin\u0117s specifikacijos <strong>AR00905<\/strong><\/p>\n<ul>\n<li>\u00a0Talpyklos talpa 87 litrai<\/li>\n<li>\u00a0Te\u0161los talpa iki 60 kg<\/li>\n<li>\u00a0Galia nuo 1,1 iki 1,5 kW<\/li>\n<li>\u00a0400V \u012ftampa<\/li>\n<li>\u00a03 fazi\u0173 elektros jungtis 3N\/PE<\/li>\n<li>\u00a050 Hz da\u017enis<\/li>\n<li>\u00a0I\u0161oriniai matmenys yra 610 mm plo\u010dio, 860 mm gylio ir 1 440 mm auk\u0161\u010dio<\/li>\n<\/ul>\n<p>&nbsp;<\/p>\n<h3>Pramoninis mai\u0161ytuvas kepyklai 140l<\/h3>\n<p>&nbsp;<\/p>\n<p><a href=\"https:\/\/distribucionarc.com\/wp-content\/uploads\/2023\/05\/amasadora-panaderia-medidas.jpg\"><img loading=\"lazy\" decoding=\"async\" class=\"alignnone wp-image-5700 size-medium\" src=\"https:\/\/distribucionarc.com\/wp-content\/uploads\/2023\/05\/amasadora-panaderia-medidas-300x300.jpg\" alt=\"Pramoninis mai\u0161ytuvas kepyklai\" width=\"300\" height=\"300\" srcset=\"https:\/\/distribucionarc.com\/wp-content\/uploads\/2023\/05\/amasadora-panaderia-medidas-300x300.jpg 300w, https:\/\/distribucionarc.com\/wp-content\/uploads\/2023\/05\/amasadora-panaderia-medidas-430x430.jpg 430w, https:\/\/distribucionarc.com\/wp-content\/uploads\/2023\/05\/amasadora-panaderia-medidas-150x150.jpg 150w, https:\/\/distribucionarc.com\/wp-content\/uploads\/2023\/05\/amasadora-panaderia-medidas-700x700.jpg 700w, https:\/\/distribucionarc.com\/wp-content\/uploads\/2023\/05\/amasadora-panaderia-medidas-768x768.jpg 768w, https:\/\/distribucionarc.com\/wp-content\/uploads\/2023\/05\/amasadora-panaderia-medidas-12x12.jpg 12w, https:\/\/distribucionarc.com\/wp-content\/uploads\/2023\/05\/amasadora-panaderia-medidas-48x48.jpg 48w, https:\/\/distribucionarc.com\/wp-content\/uploads\/2023\/05\/amasadora-panaderia-medidas.jpg 1000w\" sizes=\"auto, (max-width: 300px) 100vw, 300px\" \/><\/a><\/p>\n<p>Tai <strong>pramoninis mai\u0161ytuvas<\/strong> Auk\u0161tos kokyb\u0117s mai\u0161ytuvas turi iki 80 kg te\u0161los talp\u0105, turi jutiklin\u012f ekran\u0105, tyl\u0173 veikim\u0105, 2 grei\u010dio lygius, reguliuojam\u0105 veikimo laik\u0105, laikmat\u012f ir avarin\u012f stabdym\u0105, gali dirbti automatiniu, pusiau automatiniu arba rankiniu re\u017eimu. Jo ner\u016bdijan\u010dio plieno komponentai, \u012fskaitant korpus\u0105, apsaugines groteles, katil\u0105 ir svirtis, garantuoja jo patvarum\u0105 ir atsparum\u0105. Jo i\u0161oriniai matmenys yra 710 mm plo\u010dio, 1 020 mm gylio ir 1 660 mm auk\u0161\u010dio, o jo galia yra nuo 1,5 iki 2,2 kW su 3N\/PE arba N\/PE 50 volt\u0173 da\u017eniu.<\/p>\n<p>Technin\u0117s specifikacijos <strong>AR00906<\/strong><\/p>\n<ul>\n<li>Talpa 140 litr\u0173 ir gali apdoroti iki 80 kg te\u0161los<\/li>\n<li>Jo galia yra nuo 1,5 iki 2,2 kW<\/li>\n<li>400V \u012ftampa<\/li>\n<li>3 faz\u0117s su 50 Hz jungtimi<\/li>\n<li>I\u0161oriniai matmenys yra 710 mm x 1 020 mm x 1 660 mm<\/li>\n<li>Svoris 458kg<\/li>\n<\/ul>\n<h3>Pramoninis picos te\u0161los mai\u0161ytuvas 160l<\/h3>\n<p><a href=\"https:\/\/distribucionarc.com\/wp-content\/uploads\/2023\/05\/amasadora-pizza-medidas.jpg\"><img loading=\"lazy\" decoding=\"async\" class=\"alignnone size-medium wp-image-5701\" src=\"https:\/\/distribucionarc.com\/wp-content\/uploads\/2023\/05\/amasadora-pizza-medidas-300x300.jpg\" alt=\"\" width=\"300\" height=\"300\" srcset=\"https:\/\/distribucionarc.com\/wp-content\/uploads\/2023\/05\/amasadora-pizza-medidas-300x300.jpg 300w, https:\/\/distribucionarc.com\/wp-content\/uploads\/2023\/05\/amasadora-pizza-medidas-430x430.jpg 430w, https:\/\/distribucionarc.com\/wp-content\/uploads\/2023\/05\/amasadora-pizza-medidas-150x150.jpg 150w, https:\/\/distribucionarc.com\/wp-content\/uploads\/2023\/05\/amasadora-pizza-medidas-700x700.jpg 700w, https:\/\/distribucionarc.com\/wp-content\/uploads\/2023\/05\/amasadora-pizza-medidas-768x768.jpg 768w, https:\/\/distribucionarc.com\/wp-content\/uploads\/2023\/05\/amasadora-pizza-medidas-12x12.jpg 12w, https:\/\/distribucionarc.com\/wp-content\/uploads\/2023\/05\/amasadora-pizza-medidas-48x48.jpg 48w, https:\/\/distribucionarc.com\/wp-content\/uploads\/2023\/05\/amasadora-pizza-medidas.jpg 1000w\" sizes=\"auto, (max-width: 300px) 100vw, 300px\" \/><\/a><\/p>\n<p>Tai <strong>pramoninis picos te\u0161los mai\u0161ytuvas<\/strong> Tai kokybi\u0161kas Europoje pagamintas produktas, kurio te\u0161los talpa iki 100 kg. Jame yra jutiklinis ekranas, tylus veikimas, du grei\u010dio lygiai, reguliuojamas veikimo laikas, laikmatis ir avarinis stabdymas. Jis gali b\u016bti valdomas automati\u0161kai, pusiau automati\u0161kai arba rankiniu b\u016bdu. Jo i\u0161oriniai matmenys yra 710 mm x 1 020 mm x 1 700 mm, o elektros jungtis yra 3N\/PE \/ N \/ PE voltai \/ 50 Hz, galia 1,5 -2,2 kW.<\/p>\n<p>Technin\u0117s specifikacijos <strong>AR00907<\/strong><\/p>\n<ul>\n<li>Plotis: 710 mm<\/li>\n<li>Gylis: 1 020 mm<\/li>\n<li>Auk\u0161tis: 1700 mm<\/li>\n<li>Prietaiso tipas: te\u0161los mai\u0161ytuvas<\/li>\n<li>Talpyklos talpa: 160 l<\/li>\n<li>Keliamoji galia: 100kg<\/li>\n<li>Galia: 1,5 \u2013 2,2 kW<\/li>\n<li>\u012etampa: 400V<\/li>\n<li>Faz\u0117s: 3N\/PE<\/li>\n<li>Da\u017enis: 50Hz<\/li>\n<li>Svoris 615 kg<\/li>\n<\/ul>\n<p>&nbsp;<\/p>\n<h3>Pramoninis dvigubas mai\u0161ytuvas 175l<\/h3>\n<p><a href=\"https:\/\/distribucionarc.com\/wp-content\/uploads\/2023\/05\/amasadora-doble-brazo.jpg\"><img loading=\"lazy\" decoding=\"async\" class=\"alignnone size-medium wp-image-5702\" src=\"https:\/\/distribucionarc.com\/wp-content\/uploads\/2023\/05\/amasadora-doble-brazo-300x300.jpg\" alt=\"\" width=\"300\" height=\"300\" srcset=\"https:\/\/distribucionarc.com\/wp-content\/uploads\/2023\/05\/amasadora-doble-brazo-300x300.jpg 300w, https:\/\/distribucionarc.com\/wp-content\/uploads\/2023\/05\/amasadora-doble-brazo-430x430.jpg 430w, https:\/\/distribucionarc.com\/wp-content\/uploads\/2023\/05\/amasadora-doble-brazo-150x150.jpg 150w, https:\/\/distribucionarc.com\/wp-content\/uploads\/2023\/05\/amasadora-doble-brazo-700x700.jpg 700w, https:\/\/distribucionarc.com\/wp-content\/uploads\/2023\/05\/amasadora-doble-brazo-768x768.jpg 768w, https:\/\/distribucionarc.com\/wp-content\/uploads\/2023\/05\/amasadora-doble-brazo-12x12.jpg 12w, https:\/\/distribucionarc.com\/wp-content\/uploads\/2023\/05\/amasadora-doble-brazo-48x48.jpg 48w, https:\/\/distribucionarc.com\/wp-content\/uploads\/2023\/05\/amasadora-doble-brazo.jpg 1000w\" sizes=\"auto, (max-width: 300px) 100vw, 300px\" \/><\/a><\/p>\n<p>The <strong>dvipusis mai\u0161ytuvas<\/strong> Tai kokybi\u0161kas gaminys, pagamintas Europoje. Jis turi jutiklin\u012f ekran\u0105, tyl\u0173 veikim\u0105, 2 grei\u010dio lygius, reguliuojam\u0105 veikimo laik\u0105, laikmat\u012f ir avarin\u012f stabdym\u0105. Jis gali veikti automatiniu, pusiau automatiniu arba rankiniu re\u017eimu ir yra lengvai valomas. Mai\u0161ytuvas pagamintas i\u0161 auk\u0161tos kokyb\u0117s ner\u016bdijan\u010dio plieno AISI 316L. Su 3N\/PE \/ N \/ PE volt\u0173 \/ 50 Hz elektros jungtimi ir 2,5 \u2013 4,0 kW galia, jo i\u0161oriniai matmenys yra 850 mm x 1 050 mm x 1 700 mm.<\/p>\n<p>Technin\u0117s specifikacijos <strong>AR00908<\/strong><\/p>\n<ul>\n<li>Prietaiso tipas: te\u0161los mai\u0161ytuvas<\/li>\n<li>Talpyklos talpa: 175 l<\/li>\n<li>Keliamoji galia: 120 kg<\/li>\n<li>Plotis: 850 mm<\/li>\n<li>Gylis: 1 050 mm<\/li>\n<li>Auk\u0161tis: 1700 mm<\/li>\n<li>Galia: 2,5 \u2013 4,0 kW<\/li>\n<li>\u012etampa: 400V<\/li>\n<li>Faz\u0117s: 3N\/PE<\/li>\n<li>Da\u017enis: 50Hz<\/li>\n<li>Svoris: 765 kg<\/li>\n<\/ul>\n<p>&nbsp;<\/p>","protected":false},"excerpt":{"rendered":"<p>The <strong>dvipusiai mai\u0161ytuvai<\/strong> Tai didel\u0117s galios ma\u0161inos, naudojamos maisto pramon\u0117je dideliems te\u0161los kiekiams mai\u0161yti. Ar <a href=\"https:\/\/distribucionarc.com\/lt\/produkto-kategorija\/svetingumas\/pramoniniai-maisytuvai\/\">pramoniniai mai\u0161ytuvai<\/a> Jie turi dvi mai\u0161ymo svirtis, kurios veikia kartu, kad gaut\u0173 homogeni\u0161k\u0105 ir vienod\u0105 mi\u0161in\u012f. Jie skirti dirbti su tankia ir sunkia te\u0161la, o j\u0173 dydis ir talpa skiriasi priklausomai nuo vartotojo poreiki\u0173. Dviej\u0173 svir\u010di\u0173 mai\u0161ytuvai idealiai tinka <strong>kepyklos<\/strong>, <strong>konditerijos parduotuv\u0117s<\/strong> ir kiti <strong>maisto pramon\u0117s<\/strong> kuriems reikalingas efektyvus ir kokybi\u0161kas mai\u0161ymas.<\/p>","protected":false},"featured_media":5696,"comment_status":"open","ping_status":"closed","template":"","meta":{"wds_primary_product_brand":0,"wds_primary_product_cat":0},"product_brand":[],"product_cat":[95],"product_tag":[],"class_list":{"0":"post-5695","1":"product","2":"type-product","3":"status-publish","4":"has-post-thumbnail","6":"product_cat-amasadoras-industriales","7":"product_shipping_class-express","9":"first","10":"instock","11":"taxable","12":"shipping-taxable","13":"purchasable","14":"product-type-simple"},"yoast_head":"<!-- This site is optimized with the Yoast SEO Premium plugin v24.9 (Yoast SEO v26.1) - https:\/\/yoast.com\/wordpress\/plugins\/seo\/ -->\n<title>Amasadora industrial de doble brazo de 87 litros a 175litros - distribuci\u00f3n ARC<\/title>\n<meta name=\"robots\" content=\"index, follow, max-snippet:-1, max-image-preview:large, max-video-preview:-1\" \/>\n<link rel=\"canonical\" href=\"https:\/\/distribucionarc.com\/lt\/produktas\/dvipusis-pramoninis-maisytuvas-nuo-87l-iki-175l\/\" \/>\n<meta property=\"og:locale\" content=\"lt_LT\" \/>\n<meta property=\"og:type\" content=\"article\" \/>\n<meta property=\"og:title\" content=\"Amasadora industrial de doble brazo de 87 litros a 175litros\" \/>\n<meta property=\"og:description\" content=\"Las amasadoras de doble brazo son m\u00e1quinas de alta capacidad utilizadas en la industria alimentaria para mezclar grandes cantidades de masa. Estas amasadoras industriales cuentan con dos brazos mezcladores que trabajan en conjunto para lograr una mezcla homog\u00e9nea y uniforme. Est\u00e1n dise\u00f1adas para trabajar con masas densas y pesadas, y su tama\u00f1o y capacidad var\u00edan seg\u00fan las necesidades del usuario. Las amasadoras de doble brazo son ideales para panader\u00edas, pasteler\u00edas y otras industrias alimentarias que requieren una mezcla eficiente y de alta calidad.\" \/>\n<meta property=\"og:url\" content=\"https:\/\/distribucionarc.com\/lt\/produktas\/dvipusis-pramoninis-maisytuvas-nuo-87l-iki-175l\/\" \/>\n<meta property=\"og:site_name\" content=\"distribuci\u00f3n ARC\" \/>\n<meta property=\"article:modified_time\" content=\"2023-05-11T14:12:49+00:00\" \/>\n<meta property=\"og:image\" content=\"https:\/\/distribucionarc.com\/wp-content\/uploads\/2023\/05\/amasadora-industrial-panaderia.jpg\" \/>\n\t<meta property=\"og:image:width\" content=\"1000\" \/>\n\t<meta property=\"og:image:height\" content=\"1000\" \/>\n\t<meta property=\"og:image:type\" content=\"image\/jpeg\" \/>\n<meta name=\"twitter:card\" content=\"summary_large_image\" \/>\n<meta name=\"twitter:label1\" content=\"Est. reading time\" \/>\n\t<meta name=\"twitter:data1\" content=\"3 minut\u0117s\" \/>\n<script type=\"application\/ld+json\" class=\"yoast-schema-graph\">{\"@context\":\"https:\/\/schema.org\",\"@graph\":[{\"@type\":\"WebPage\",\"@id\":\"https:\/\/distribucionarc.com\/lt\/producto\/amasadora-industrial-de-doble-brazo-de-87l-a-175l\/\",\"url\":\"https:\/\/distribucionarc.com\/lt\/producto\/amasadora-industrial-de-doble-brazo-de-87l-a-175l\/\",\"name\":\"Amasadora industrial de doble brazo de 87 litros a 175litros - distribuci\u00f3n ARC\",\"isPartOf\":{\"@id\":\"https:\/\/distribucionarc.com\/ro\/#website\"},\"primaryImageOfPage\":{\"@id\":\"https:\/\/distribucionarc.com\/lt\/producto\/amasadora-industrial-de-doble-brazo-de-87l-a-175l\/#primaryimage\"},\"image\":{\"@id\":\"https:\/\/distribucionarc.com\/lt\/producto\/amasadora-industrial-de-doble-brazo-de-87l-a-175l\/#primaryimage\"},\"thumbnailUrl\":\"https:\/\/distribucionarc.com\/wp-content\/uploads\/2023\/05\/amasadora-industrial-panaderia.jpg\",\"datePublished\":\"2023-05-11T11:45:26+00:00\",\"dateModified\":\"2023-05-11T14:12:49+00:00\",\"breadcrumb\":{\"@id\":\"https:\/\/distribucionarc.com\/lt\/producto\/amasadora-industrial-de-doble-brazo-de-87l-a-175l\/#breadcrumb\"},\"inLanguage\":\"lt-LT\",\"potentialAction\":[{\"@type\":\"ReadAction\",\"target\":[\"https:\/\/distribucionarc.com\/lt\/producto\/amasadora-industrial-de-doble-brazo-de-87l-a-175l\/\"]}]},{\"@type\":\"ImageObject\",\"inLanguage\":\"lt-LT\",\"@id\":\"https:\/\/distribucionarc.com\/lt\/producto\/amasadora-industrial-de-doble-brazo-de-87l-a-175l\/#primaryimage\",\"url\":\"https:\/\/distribucionarc.com\/wp-content\/uploads\/2023\/05\/amasadora-industrial-panaderia.jpg\",\"contentUrl\":\"https:\/\/distribucionarc.com\/wp-content\/uploads\/2023\/05\/amasadora-industrial-panaderia.jpg\",\"width\":1000,\"height\":1000},{\"@type\":\"BreadcrumbList\",\"@id\":\"https:\/\/distribucionarc.com\/lt\/producto\/amasadora-industrial-de-doble-brazo-de-87l-a-175l\/#breadcrumb\",\"itemListElement\":[{\"@type\":\"ListItem\",\"position\":1,\"name\":\"Portada\",\"item\":\"https:\/\/distribucionarc.com\/ar\/\"},{\"@type\":\"ListItem\",\"position\":2,\"name\":\"Proizvodi\",\"item\":\"https:\/\/www.distribucionarc.com\/hr\/ducan\/\"},{\"@type\":\"ListItem\",\"position\":3,\"name\":\"Amasadora industrial de doble brazo de 87 litros a 175litros\"}]},{\"@type\":\"WebSite\",\"@id\":\"https:\/\/distribucionarc.com\/ro\/#website\",\"url\":\"https:\/\/distribucionarc.com\/ro\/\",\"name\":\"distribuci\u00f3n ARC\",\"description\":\"Empresa especializada en la fabricaci\u00f3n y distribuci\u00f3n de maquinaria industrial, selladoras de latas, Maquinas de hacer pastillas, Maquinas de cortar carne...\",\"publisher\":{\"@id\":\"https:\/\/distribucionarc.com\/ro\/#organization\"},\"potentialAction\":[{\"@type\":\"SearchAction\",\"target\":{\"@type\":\"EntryPoint\",\"urlTemplate\":\"https:\/\/distribucionarc.com\/ro\/?s={search_term_string}\"},\"query-input\":{\"@type\":\"PropertyValueSpecification\",\"valueRequired\":true,\"valueName\":\"search_term_string\"}}],\"inLanguage\":\"lt-LT\"},{\"@type\":\"Organization\",\"@id\":\"https:\/\/distribucionarc.com\/ro\/#organization\",\"name\":\"Distribuci\u00f3n ARC\",\"url\":\"https:\/\/distribucionarc.com\/ro\/\",\"logo\":{\"@type\":\"ImageObject\",\"inLanguage\":\"lt-LT\",\"@id\":\"https:\/\/distribucionarc.com\/ro\/#\/schema\/logo\/image\/\",\"url\":\"https:\/\/distribucionarc.com\/wp-content\/uploads\/2024\/10\/distribucion-ARC-COLOR-SIN-FONDO-e1732295305345.png\",\"contentUrl\":\"https:\/\/distribucionarc.com\/wp-content\/uploads\/2024\/10\/distribucion-ARC-COLOR-SIN-FONDO-e1732295305345.png\",\"width\":1164,\"height\":558,\"caption\":\"Distribuci\u00f3n ARC\"},\"image\":{\"@id\":\"https:\/\/distribucionarc.com\/ro\/#\/schema\/logo\/image\/\"},\"description\":\"Empresa especializada en la fabricaci\u00f3n y distribuci\u00f3n de maquinaria industrial para los sectores alimentario y farmac\u00e9utico. Nos especializamos en: M\u00e1quinas de cortar carne Fabricaci\u00f3n de comprimidos Sistemas de transporte industrial L\u00edneas de embotellado Dosificadores Y mucho m\u00e1s... Ofrecemos soluciones innovadoras y personalizadas para optimizar los procesos productivos de tu empresa.\",\"email\":\"Admistracion@distribucionarc.com\",\"telephone\":\"+34 643496664\",\"legalName\":\"ARC TECH SOLUTIONS\",\"foundingDate\":\"2024-04-09\",\"vatID\":\"B55480172\",\"numberOfEmployees\":{\"@type\":\"QuantitativeValue\",\"minValue\":\"1\",\"maxValue\":\"10\"}}]}<\/script>\n<!-- \/ Yoast SEO Premium plugin. -->","yoast_head_json":{"title":"Pramoninis dvigubas mai\u0161ytuvas nuo 87 litr\u0173 iki 175 litr\u0173 - ARC paskirstymas","robots":{"index":"index","follow":"follow","max-snippet":"max-snippet:-1","max-image-preview":"max-image-preview:large","max-video-preview":"max-video-preview:-1"},"canonical":"https:\/\/distribucionarc.com\/lt\/produktas\/dvipusis-pramoninis-maisytuvas-nuo-87l-iki-175l\/","og_locale":"lt_LT","og_type":"article","og_title":"Amasadora industrial de doble brazo de 87 litros a 175litros","og_description":"Las amasadoras de doble brazo son m\u00e1quinas de alta capacidad utilizadas en la industria alimentaria para mezclar grandes cantidades de masa. Estas amasadoras industriales cuentan con dos brazos mezcladores que trabajan en conjunto para lograr una mezcla homog\u00e9nea y uniforme. Est\u00e1n dise\u00f1adas para trabajar con masas densas y pesadas, y su tama\u00f1o y capacidad var\u00edan seg\u00fan las necesidades del usuario. Las amasadoras de doble brazo son ideales para panader\u00edas, pasteler\u00edas y otras industrias alimentarias que requieren una mezcla eficiente y de alta calidad.","og_url":"https:\/\/distribucionarc.com\/lt\/produktas\/dvipusis-pramoninis-maisytuvas-nuo-87l-iki-175l\/","og_site_name":"distribuci\u00f3n ARC","article_modified_time":"2023-05-11T14:12:49+00:00","og_image":[{"width":1000,"height":1000,"url":"https:\/\/distribucionarc.com\/wp-content\/uploads\/2023\/05\/amasadora-industrial-panaderia.jpg","type":"image\/jpeg"}],"twitter_card":"summary_large_image","twitter_misc":{"Est. reading time":"3 minut\u0117s"},"schema":{"@context":"https:\/\/schema.org","@graph":[{"@type":"WebPage","@id":"https:\/\/distribucionarc.com\/lt\/producto\/amasadora-industrial-de-doble-brazo-de-87l-a-175l\/","url":"https:\/\/distribucionarc.com\/lt\/producto\/amasadora-industrial-de-doble-brazo-de-87l-a-175l\/","name":"Pramoninis dvigubas mai\u0161ytuvas nuo 87 litr\u0173 iki 175 litr\u0173 - ARC paskirstymas","isPartOf":{"@id":"https:\/\/distribucionarc.com\/ro\/#website"},"primaryImageOfPage":{"@id":"https:\/\/distribucionarc.com\/lt\/producto\/amasadora-industrial-de-doble-brazo-de-87l-a-175l\/#primaryimage"},"image":{"@id":"https:\/\/distribucionarc.com\/lt\/producto\/amasadora-industrial-de-doble-brazo-de-87l-a-175l\/#primaryimage"},"thumbnailUrl":"https:\/\/distribucionarc.com\/wp-content\/uploads\/2023\/05\/amasadora-industrial-panaderia.jpg","datePublished":"2023-05-11T11:45:26+00:00","dateModified":"2023-05-11T14:12:49+00:00","breadcrumb":{"@id":"https:\/\/distribucionarc.com\/lt\/producto\/amasadora-industrial-de-doble-brazo-de-87l-a-175l\/#breadcrumb"},"inLanguage":"lt-LT","potentialAction":[{"@type":"ReadAction","target":["https:\/\/distribucionarc.com\/lt\/producto\/amasadora-industrial-de-doble-brazo-de-87l-a-175l\/"]}]},{"@type":"ImageObject","inLanguage":"lt-LT","@id":"https:\/\/distribucionarc.com\/lt\/producto\/amasadora-industrial-de-doble-brazo-de-87l-a-175l\/#primaryimage","url":"https:\/\/distribucionarc.com\/wp-content\/uploads\/2023\/05\/amasadora-industrial-panaderia.jpg","contentUrl":"https:\/\/distribucionarc.com\/wp-content\/uploads\/2023\/05\/amasadora-industrial-panaderia.jpg","width":1000,"height":1000},{"@type":"BreadcrumbList","@id":"https:\/\/distribucionarc.com\/lt\/producto\/amasadora-industrial-de-doble-brazo-de-87l-a-175l\/#breadcrumb","itemListElement":[{"@type":"ListItem","position":1,"name":"Portada","item":"https:\/\/distribucionarc.com\/ar\/"},{"@type":"ListItem","position":2,"name":"Proizvodi","item":"https:\/\/www.distribucionarc.com\/hr\/ducan\/"},{"@type":"ListItem","position":3,"name":"Amasadora industrial de doble brazo de 87 litros a 175litros"}]},{"@type":"WebSite","@id":"https:\/\/distribucionarc.com\/ro\/#website","url":"https:\/\/distribucionarc.com\/ro\/","name":"ARC paskirstymas","description":"\u012emon\u0117 specializuojasi pramonini\u0173 ma\u0161in\u0173, skardini\u0173 sandarinimo ma\u0161in\u0173, table\u010di\u0173 gamybos ma\u0161in\u0173, m\u0117sos pjaustymo ma\u0161in\u0173 gamyboje ir platinime...","publisher":{"@id":"https:\/\/distribucionarc.com\/ro\/#organization"},"potentialAction":[{"@type":"SearchAction","target":{"@type":"EntryPoint","urlTemplate":"https:\/\/distribucionarc.com\/ro\/?s={search_term_string}"},"query-input":{"@type":"PropertyValueSpecification","valueRequired":true,"valueName":"search_term_string"}}],"inLanguage":"lt-LT"},{"@type":"Organization","@id":"https:\/\/distribucionarc.com\/ro\/#organization","name":"ARC platinimas","url":"https:\/\/distribucionarc.com\/ro\/","logo":{"@type":"ImageObject","inLanguage":"lt-LT","@id":"https:\/\/distribucionarc.com\/ro\/#\/schema\/logo\/image\/","url":"https:\/\/distribucionarc.com\/wp-content\/uploads\/2024\/10\/distribucion-ARC-COLOR-SIN-FONDO-e1732295305345.png","contentUrl":"https:\/\/distribucionarc.com\/wp-content\/uploads\/2024\/10\/distribucion-ARC-COLOR-SIN-FONDO-e1732295305345.png","width":1164,"height":558,"caption":"Distribuci\u00f3n ARC"},"image":{"@id":"https:\/\/distribucionarc.com\/ro\/#\/schema\/logo\/image\/"},"description":"\u012emon\u0117 specializuojasi maisto ir farmacijos sektoriams skirt\u0173 pramonini\u0173 ma\u0161in\u0173 gamyboje ir platinime. M\u016bs\u0173 specializacija: M\u0117sos pjaustymo ma\u0161inos Table\u010di\u0173 gamyba Pramonin\u0117s transportavimo sistemos I\u0161pilstymo linijos Dozatoriai Ir dar daugiau... Si\u016blome novatori\u0161kus ir individualiems poreikiams pritaikytus sprendimus, kad optimizuotume j\u016bs\u0173 \u012fmon\u0117s gamybos procesus.","email":"Admistracion@distribucionarc.com","telephone":"+34 643496664","legalName":"ARC TECH SOLUTIONS","foundingDate":"2024-04-09","vatID":"B55480172","numberOfEmployees":{"@type":"QuantitativeValue","minValue":"1","maxValue":"10"}}]}},"_links":{"self":[{"href":"https:\/\/distribucionarc.com\/lt\/wp-json\/wp\/v2\/product\/5695","targetHints":{"allow":["GET"]}}],"collection":[{"href":"https:\/\/distribucionarc.com\/lt\/wp-json\/wp\/v2\/product"}],"about":[{"href":"https:\/\/distribucionarc.com\/lt\/wp-json\/wp\/v2\/types\/product"}],"replies":[{"embeddable":true,"href":"https:\/\/distribucionarc.com\/lt\/wp-json\/wp\/v2\/comments?post=5695"}],"version-history":[{"count":0,"href":"https:\/\/distribucionarc.com\/lt\/wp-json\/wp\/v2\/product\/5695\/revisions"}],"wp:featuredmedia":[{"embeddable":true,"href":"https:\/\/distribucionarc.com\/lt\/wp-json\/wp\/v2\/media\/5696"}],"wp:attachment":[{"href":"https:\/\/distribucionarc.com\/lt\/wp-json\/wp\/v2\/media?parent=5695"}],"wp:term":[{"taxonomy":"product_brand","embeddable":true,"href":"https:\/\/distribucionarc.com\/lt\/wp-json\/wp\/v2\/product_brand?post=5695"},{"taxonomy":"product_cat","embeddable":true,"href":"https:\/\/distribucionarc.com\/lt\/wp-json\/wp\/v2\/product_cat?post=5695"},{"taxonomy":"product_tag","embeddable":true,"href":"https:\/\/distribucionarc.com\/lt\/wp-json\/wp\/v2\/product_tag?post=5695"}],"curies":[{"name":"wp","href":"https:\/\/api.w.org\/{rel}","templated":true}]}}