{"id":5787,"date":"2023-05-14T11:31:10","date_gmt":"2023-05-14T11:31:10","guid":{"rendered":"https:\/\/distribucionarc.com\/?post_type=product&#038;p=5787"},"modified":"2024-10-05T03:02:53","modified_gmt":"2024-10-05T03:02:53","slug":"kaulai-mesoje-koteliai-pjaustymo-masina","status":"publish","type":"product","link":"https:\/\/distribucionarc.com\/lt\/producto\/maquina-cortadora-chuletas-de-carne-con-hueso\/","title":{"rendered":"m\u0117sos pjaustymo ma\u0161ina su kaulais"},"content":{"rendered":"<h2>\u0116rienos pjaustymo ma\u0161ina<\/h2>\n<p><a href=\"https:\/\/distribucionarc.com\/wp-content\/uploads\/2023\/05\/maquina-para-cortar-carne-en-filetes.webp\"><img loading=\"lazy\" decoding=\"async\" src=\"https:\/\/distribucionarc.com\/wp-content\/uploads\/2023\/05\/maquina-para-cortar-carne-en-filetes-300x300.webp\" alt=\"\" width=\"300\" height=\"300\" \/><\/a><br \/>\nJARY-25K fil\u0117 pjaustytuvas su kaulais yra ma\u0161ina, naudojama pjaustyti <strong>\u0161aldyta m\u0117sa<\/strong>, <strong>\u0161onkauliai<\/strong>, <strong>la\u0161ini\u0173<\/strong>, <strong>de\u0161rel\u0117s<\/strong>, <strong>\u0117riena<\/strong>ir pan., supjaustytas grie\u017ein\u0117liais. Jis turi tiksl\u0173 skaitmenin\u012f pjovimo storio reguliavim\u0105 ir atitinka vartotoj\u0173 reikalavimus ma\u017eiems pj\u016bviams. Jis pagamintas i\u0161 ner\u016bdijan\u010dio plieno med\u017eiag\u0173 ir turi auk\u0161tos kokyb\u0117s komponentus, tokius kaip pjovimo variklis, reduktorius, servovariklis ir pjaustytuvas. I\u0161 Vokietijos atve\u017etas specialus peiliukas yra a\u0161trus ir ilgaam\u017eis, specialiai sukurtas briaunoms pjauti ir atlaikyti ilg\u0105 darbo laik\u0105 nepa\u017eeistas. Ma\u0161ina taip pat si\u016blo patikimas laiko nustatymo funkcijas ir saugos priemones.<br \/>\n<a href=\"https:\/\/distribucionarc.com\/wp-content\/uploads\/2023\/05\/maquina-para-cortar-chuletas-de-cordero.webp\"><img loading=\"lazy\" decoding=\"async\" src=\"https:\/\/distribucionarc.com\/wp-content\/uploads\/2023\/05\/maquina-para-cortar-chuletas-de-cordero-300x300.webp\" alt=\"\" width=\"300\" height=\"300\" \/><\/a><a href=\"https:\/\/distribucionarc.com\/wp-content\/uploads\/2023\/05\/maquina-para-cortar-chuletas-de-cordero-linea.jpg\"><img loading=\"lazy\" decoding=\"async\" src=\"https:\/\/distribucionarc.com\/wp-content\/uploads\/2023\/05\/maquina-para-cortar-chuletas-de-cordero-linea-300x156.jpg\" alt=\"\" width=\"300\" height=\"156\" \/><\/a><a href=\"https:\/\/distribucionarc.com\/wp-content\/uploads\/2023\/05\/cortadora-de-carne-peneles-de-contrrol.webp\"><img loading=\"lazy\" decoding=\"async\" src=\"https:\/\/distribucionarc.com\/wp-content\/uploads\/2023\/05\/cortadora-de-carne-peneles-de-contrrol-163x300.webp\" alt=\"\" width=\"163\" height=\"300\" \/><\/a><br \/>\nTechnin\u0117s specifikacijos:<\/p>\n<table role=\"presentation\" width=\"100%\" cellspacing=\"0\" cellpadding=\"0\">\n<tbody>\n<tr>\n<td>Galia:<\/td>\n<td width=\"50.0%\">4,84 kW<\/td>\n<\/tr>\n<tr>\n<td>\u012etampa:<\/td>\n<td width=\"50.0%\">380\/220v<\/td>\n<td>Svoris:<\/td>\n<td width=\"50.0%\">500 kg<\/td>\n<\/tr>\n<tr>\n<td>Tiekimo auk\u0161tis:<\/td>\n<td width=\"50.0%\">180 mm<\/td>\n<td>Auk\u0161tis:<\/td>\n<td width=\"50.0%\">1850 mm<\/td>\n<\/tr>\n<tr>\n<td>\u017demiausia temperat\u016bra m\u0117sos pjaustymui:<\/td>\n<td width=\"50.0%\">-4 \u2103<\/td>\n<td>Ilgas:<\/td>\n<td width=\"50.0%\">950 mm<\/td>\n<\/tr>\n<tr>\n<td>Perskirstymo funkcija:<\/td>\n<td width=\"50.0%\">Kiekvienos dalies numeris nustatomas skaitmeniniu b\u016bdu<\/td>\n<td>Platus:<\/td>\n<td width=\"50.0%\">\u00a01480 mm<\/td>\n<\/tr>\n<tr>\n<td>Gamintojo numeris:<\/td>\n<td width=\"50.0%\">ARCMHE100<\/td>\n<td>Darbo greitis:<\/td>\n<td width=\"50.0%\">\u00a0200 kg per min<\/td>\n<\/tr>\n<tr>\n<td>Auk\u0161tos kokyb\u0117s med\u017eiagos:<\/td>\n<td width=\"50.0%\">\u00a0Variklis<br \/>\nPLC skydelis<br \/>\nA\u0161menys pagaminti Vokietijoje<br \/>\n,<\/td>\n<td>Pj\u016bvio storis:<\/td>\n<td width=\"50.0%\">1-32 mm \u017eaidimas skaitmeniniu b\u016bdu<\/td>\n<\/tr>\n<tr>\n<td>M\u0117sos pjovimo ilgis:<\/td>\n<td width=\"50.0%\">apytiksliai 600 mm<\/td>\n<td>Saugykla:<\/td>\n<td width=\"50.0%\">30 kg<\/td>\n<\/tr>\n<tr>\n<td>Pj\u016bvio storis:<\/td>\n<td width=\"50.0%\">1-32 mm \u017eaidimas skaitmeniniu b\u016bdu<\/td>\n<td>Garantija:<\/td>\n<td width=\"50.0%\">2 METAI<\/td>\n<\/tr>\n<\/tbody>\n<\/table>\n<div style=\"width: 720px;\" class=\"wp-video\"><video class=\"wp-video-shortcode\" id=\"video-5787-1\" width=\"720\" height=\"1280\" preload=\"metadata\" controls=\"controls\"><source type=\"video\/mp4\" src=\"https:\/\/distribucionarc.com\/wp-content\/uploads\/2023\/05\/69A34BEB-597A-45CE-89B9-E55AC367D4C7_L0_001.mp4?_=1\" \/><a href=\"https:\/\/distribucionarc.com\/wp-content\/uploads\/2023\/05\/69A34BEB-597A-45CE-89B9-E55AC367D4C7_L0_001.mp4\">https:\/\/distribucionarc.com\/wp-content\/uploads\/2023\/05\/69A34BEB-597A-45CE-89B9-E55AC367D4C7_L0_001.mp4<\/a><\/video><\/div>\n<p>&nbsp;<\/p>\n<p>Statybin\u0117s med\u017eiagos:<\/p>\n<ul>\n<li>Voki\u0161ko prek\u0117s \u017eenklo NORD variklis.<\/li>\n<li>Inovance jutiklinis ekranas.<\/li>\n<li>plc, servo pavara<\/li>\n<li>Schneider kontaktoriaus rel\u0117 omron<\/li>\n<li>Siemens grandin\u0117s pertraukikliai<\/li>\n<li>Japoni\u0161kas paskirstymo dir\u017eas<\/li>\n<li>NSK guoliai<\/li>\n<\/ul>\n<h3>Pra\u0161yti daugiau informacijos<\/h3>\n<p>\u012e\u00a0<b>ARC paskirstymas<\/b>\u00a0Konsultuojame d\u0117l gamyklos optimizavimo ar naujos pramon\u0117s k\u016brimo<\/p>","protected":false},"excerpt":{"rendered":"<p>\u0116rienos kepsnio pjaustymo ma\u0161ina JARY-25K jautienos su kaulais pjaustykl\u0117 yra ma\u0161ina, naudojama<\/p>","protected":false},"featured_media":5790,"comment_status":"open","ping_status":"closed","template":"","meta":{"wds_primary_product_brand":0,"wds_primary_product_cat":0},"product_brand":[],"product_cat":[121,116,117],"product_tag":[],"class_list":{"0":"post-5787","1":"product","2":"type-product","3":"status-publish","4":"has-post-thumbnail","6":"product_cat-carne-y-hueso","7":"product_cat-coartadoras-de-carne","8":"product_cat-filetes","9":"product_shipping_class-express","11":"first","12":"instock","13":"taxable","14":"shipping-taxable","15":"purchasable","16":"product-type-simple"},"yoast_head":"<!-- This site is optimized with the Yoast SEO Premium plugin v24.9 (Yoast SEO v26.1) - https:\/\/yoast.com\/wordpress\/plugins\/seo\/ -->\n<title>maquina cortadora chuletas de carne con hueso - distribuci\u00f3n ARC<\/title>\n<meta name=\"robots\" content=\"index, follow, max-snippet:-1, max-image-preview:large, max-video-preview:-1\" \/>\n<link rel=\"canonical\" href=\"https:\/\/jagdesd.tempurl.host\/sk\/producto\/maquina-cortadora-chuletas-de-carne-con-hueso\/\" \/>\n<meta property=\"og:locale\" content=\"lt_LT\" \/>\n<meta property=\"og:type\" content=\"article\" \/>\n<meta property=\"og:title\" content=\"maquina cortadora chuletas de carne con hueso\" \/>\n<meta property=\"og:description\" content=\"Maquina para cortar chuletas de cordero La cortadora de filetes con hueso JARY-25K es una maquina que se utiliza para\" \/>\n<meta property=\"og:url\" content=\"https:\/\/jagdesd.tempurl.host\/sk\/producto\/maquina-cortadora-chuletas-de-carne-con-hueso\/\" \/>\n<meta property=\"og:site_name\" content=\"distribuci\u00f3n ARC\" \/>\n<meta property=\"article:modified_time\" content=\"2024-10-05T03:02:53+00:00\" \/>\n<meta property=\"og:image\" content=\"https:\/\/jagdesd.tempurl.host\/wp-content\/uploads\/2023\/05\/cortadora-fileteadora-de3-crane-iagem-producto.webp\" \/>\n\t<meta property=\"og:image:width\" content=\"743\" \/>\n\t<meta property=\"og:image:height\" content=\"775\" \/>\n\t<meta property=\"og:image:type\" content=\"image\/webp\" \/>\n<meta name=\"twitter:card\" content=\"summary_large_image\" \/>\n<meta name=\"twitter:label1\" content=\"Est. reading time\" \/>\n\t<meta name=\"twitter:data1\" content=\"3 minut\u0117s\" \/>\n<script type=\"application\/ld+json\" class=\"yoast-schema-graph\">{\"@context\":\"https:\/\/schema.org\",\"@graph\":[{\"@type\":\"WebPage\",\"@id\":\"https:\/\/jagdesd.tempurl.host\/sk\/producto\/maquina-cortadora-chuletas-de-carne-con-hueso\/\",\"url\":\"https:\/\/jagdesd.tempurl.host\/sk\/producto\/maquina-cortadora-chuletas-de-carne-con-hueso\/\",\"name\":\"maquina cortadora chuletas de carne con hueso - distribuci\u00f3n ARC\",\"isPartOf\":{\"@id\":\"https:\/\/jagdesd.tempurl.host\/ar\/#website\"},\"primaryImageOfPage\":{\"@id\":\"https:\/\/jagdesd.tempurl.host\/sk\/producto\/maquina-cortadora-chuletas-de-carne-con-hueso\/#primaryimage\"},\"image\":{\"@id\":\"https:\/\/jagdesd.tempurl.host\/sk\/producto\/maquina-cortadora-chuletas-de-carne-con-hueso\/#primaryimage\"},\"thumbnailUrl\":\"https:\/\/distribucionarc.com\/wp-content\/uploads\/2023\/05\/cortadora-fileteadora-de3-crane-iagem-producto.webp\",\"datePublished\":\"2023-05-14T11:31:10+00:00\",\"dateModified\":\"2024-10-05T03:02:53+00:00\",\"breadcrumb\":{\"@id\":\"https:\/\/jagdesd.tempurl.host\/sk\/producto\/maquina-cortadora-chuletas-de-carne-con-hueso\/#breadcrumb\"},\"inLanguage\":\"lt-LT\",\"potentialAction\":[{\"@type\":\"ReadAction\",\"target\":[\"https:\/\/jagdesd.tempurl.host\/sk\/producto\/maquina-cortadora-chuletas-de-carne-con-hueso\/\"]}]},{\"@type\":\"ImageObject\",\"inLanguage\":\"lt-LT\",\"@id\":\"https:\/\/jagdesd.tempurl.host\/sk\/producto\/maquina-cortadora-chuletas-de-carne-con-hueso\/#primaryimage\",\"url\":\"https:\/\/distribucionarc.com\/wp-content\/uploads\/2023\/05\/cortadora-fileteadora-de3-crane-iagem-producto.webp\",\"contentUrl\":\"https:\/\/distribucionarc.com\/wp-content\/uploads\/2023\/05\/cortadora-fileteadora-de3-crane-iagem-producto.webp\",\"width\":743,\"height\":775},{\"@type\":\"BreadcrumbList\",\"@id\":\"https:\/\/jagdesd.tempurl.host\/sk\/producto\/maquina-cortadora-chuletas-de-carne-con-hueso\/#breadcrumb\",\"itemListElement\":[{\"@type\":\"ListItem\",\"position\":1,\"name\":\"Portada\",\"item\":\"https:\/\/distribucionarc.com\/sk\/\"},{\"@type\":\"ListItem\",\"position\":2,\"name\":\"\u03a0\u03c1\u03bf\u03ca\u03cc\u03bd\u03c4\u03b1\",\"item\":\"https:\/\/jagdesd.tempurl.host\/el\/%ce%ba%ce%b1%cf%84%ce%ac%cf%83%cf%84%ce%b7%ce%bc%ce%b1\/\"},{\"@type\":\"ListItem\",\"position\":3,\"name\":\"maquina cortadora chuletas de carne con hueso\"}]},{\"@type\":\"WebSite\",\"@id\":\"https:\/\/jagdesd.tempurl.host\/ar\/#website\",\"url\":\"https:\/\/jagdesd.tempurl.host\/ar\/\",\"name\":\"distribuci\u00f3n ARC\",\"description\":\"Empresa especializada en la fabricaci\u00f3n y distribuci\u00f3n de maquinaria industrial, selladoras de latas, Maquinas de hacer pastillas, Maquinas de cortar carne...\",\"publisher\":{\"@id\":\"https:\/\/jagdesd.tempurl.host\/ar\/#organization\"},\"potentialAction\":[{\"@type\":\"SearchAction\",\"target\":{\"@type\":\"EntryPoint\",\"urlTemplate\":\"https:\/\/jagdesd.tempurl.host\/ar\/?s={search_term_string}\"},\"query-input\":{\"@type\":\"PropertyValueSpecification\",\"valueRequired\":true,\"valueName\":\"search_term_string\"}}],\"inLanguage\":\"lt-LT\"},{\"@type\":\"Organization\",\"@id\":\"https:\/\/jagdesd.tempurl.host\/ar\/#organization\",\"name\":\"Distribuci\u00f3n ARC\",\"url\":\"https:\/\/jagdesd.tempurl.host\/ar\/\",\"logo\":{\"@type\":\"ImageObject\",\"inLanguage\":\"lt-LT\",\"@id\":\"https:\/\/jagdesd.tempurl.host\/ar\/#\/schema\/logo\/image\/\",\"url\":\"https:\/\/distribucionarc.com\/wp-content\/uploads\/2024\/10\/distribucion-ARC-COLOR-SIN-FONDO-e1732295305345.png\",\"contentUrl\":\"https:\/\/distribucionarc.com\/wp-content\/uploads\/2024\/10\/distribucion-ARC-COLOR-SIN-FONDO-e1732295305345.png\",\"width\":1164,\"height\":558,\"caption\":\"Distribuci\u00f3n ARC\"},\"image\":{\"@id\":\"https:\/\/jagdesd.tempurl.host\/ar\/#\/schema\/logo\/image\/\"},\"description\":\"Empresa especializada en la fabricaci\u00f3n y distribuci\u00f3n de maquinaria industrial para los sectores alimentario y farmac\u00e9utico. Nos especializamos en: M\u00e1quinas de cortar carne Fabricaci\u00f3n de comprimidos Sistemas de transporte industrial L\u00edneas de embotellado Dosificadores Y mucho m\u00e1s... Ofrecemos soluciones innovadoras y personalizadas para optimizar los procesos productivos de tu empresa.\",\"email\":\"Admistracion@distribucionarc.com\",\"telephone\":\"+34 643496664\",\"legalName\":\"ARC TECH SOLUTIONS\",\"foundingDate\":\"2024-04-09\",\"vatID\":\"B55480172\",\"numberOfEmployees\":{\"@type\":\"QuantitativeValue\",\"minValue\":\"1\",\"maxValue\":\"10\"}}]}<\/script>\n<!-- \/ Yoast SEO Premium plugin. -->","yoast_head_json":{"title":"M\u0117sos pjaustymo su kaulais pjaustymo ma\u0161ina - ARC paskirstymas","robots":{"index":"index","follow":"follow","max-snippet":"max-snippet:-1","max-image-preview":"max-image-preview:large","max-video-preview":"max-video-preview:-1"},"canonical":"https:\/\/jagdesd.tempurl.host\/sk\/producto\/maquina-cortadora-chuletas-de-carne-con-hueso\/","og_locale":"lt_LT","og_type":"article","og_title":"maquina cortadora chuletas de carne con hueso","og_description":"Maquina para cortar chuletas de cordero La cortadora de filetes con hueso JARY-25K es una maquina que se utiliza para","og_url":"https:\/\/jagdesd.tempurl.host\/sk\/producto\/maquina-cortadora-chuletas-de-carne-con-hueso\/","og_site_name":"distribuci\u00f3n ARC","article_modified_time":"2024-10-05T03:02:53+00:00","og_image":[{"width":743,"height":775,"url":"https:\/\/jagdesd.tempurl.host\/wp-content\/uploads\/2023\/05\/cortadora-fileteadora-de3-crane-iagem-producto.webp","type":"image\/webp"}],"twitter_card":"summary_large_image","twitter_misc":{"Est. reading time":"3 minut\u0117s"},"schema":{"@context":"https:\/\/schema.org","@graph":[{"@type":"WebPage","@id":"https:\/\/jagdesd.tempurl.host\/sk\/producto\/maquina-cortadora-chuletas-de-carne-con-hueso\/","url":"https:\/\/jagdesd.tempurl.host\/sk\/producto\/maquina-cortadora-chuletas-de-carne-con-hueso\/","name":"M\u0117sos pjaustymo su kaulais pjaustymo ma\u0161ina - ARC paskirstymas","isPartOf":{"@id":"https:\/\/jagdesd.tempurl.host\/ar\/#website"},"primaryImageOfPage":{"@id":"https:\/\/jagdesd.tempurl.host\/sk\/producto\/maquina-cortadora-chuletas-de-carne-con-hueso\/#primaryimage"},"image":{"@id":"https:\/\/jagdesd.tempurl.host\/sk\/producto\/maquina-cortadora-chuletas-de-carne-con-hueso\/#primaryimage"},"thumbnailUrl":"https:\/\/distribucionarc.com\/wp-content\/uploads\/2023\/05\/cortadora-fileteadora-de3-crane-iagem-producto.webp","datePublished":"2023-05-14T11:31:10+00:00","dateModified":"2024-10-05T03:02:53+00:00","breadcrumb":{"@id":"https:\/\/jagdesd.tempurl.host\/sk\/producto\/maquina-cortadora-chuletas-de-carne-con-hueso\/#breadcrumb"},"inLanguage":"lt-LT","potentialAction":[{"@type":"ReadAction","target":["https:\/\/jagdesd.tempurl.host\/sk\/producto\/maquina-cortadora-chuletas-de-carne-con-hueso\/"]}]},{"@type":"ImageObject","inLanguage":"lt-LT","@id":"https:\/\/jagdesd.tempurl.host\/sk\/producto\/maquina-cortadora-chuletas-de-carne-con-hueso\/#primaryimage","url":"https:\/\/distribucionarc.com\/wp-content\/uploads\/2023\/05\/cortadora-fileteadora-de3-crane-iagem-producto.webp","contentUrl":"https:\/\/distribucionarc.com\/wp-content\/uploads\/2023\/05\/cortadora-fileteadora-de3-crane-iagem-producto.webp","width":743,"height":775},{"@type":"BreadcrumbList","@id":"https:\/\/jagdesd.tempurl.host\/sk\/producto\/maquina-cortadora-chuletas-de-carne-con-hueso\/#breadcrumb","itemListElement":[{"@type":"ListItem","position":1,"name":"Portada","item":"https:\/\/distribucionarc.com\/sk\/"},{"@type":"ListItem","position":2,"name":"\u03a0\u03c1\u03bf\u03ca\u03cc\u03bd\u03c4\u03b1","item":"https:\/\/jagdesd.tempurl.host\/el\/%ce%ba%ce%b1%cf%84%ce%ac%cf%83%cf%84%ce%b7%ce%bc%ce%b1\/"},{"@type":"ListItem","position":3,"name":"maquina cortadora chuletas de carne con hueso"}]},{"@type":"WebSite","@id":"https:\/\/jagdesd.tempurl.host\/ar\/#website","url":"https:\/\/jagdesd.tempurl.host\/ar\/","name":"ARC paskirstymas","description":"\u012emon\u0117 specializuojasi pramonini\u0173 ma\u0161in\u0173, skardini\u0173 sandarinimo ma\u0161in\u0173, table\u010di\u0173 gamybos ma\u0161in\u0173, m\u0117sos pjaustymo ma\u0161in\u0173 gamyboje ir platinime...","publisher":{"@id":"https:\/\/jagdesd.tempurl.host\/ar\/#organization"},"potentialAction":[{"@type":"SearchAction","target":{"@type":"EntryPoint","urlTemplate":"https:\/\/jagdesd.tempurl.host\/ar\/?s={search_term_string}"},"query-input":{"@type":"PropertyValueSpecification","valueRequired":true,"valueName":"search_term_string"}}],"inLanguage":"lt-LT"},{"@type":"Organization","@id":"https:\/\/jagdesd.tempurl.host\/ar\/#organization","name":"ARC platinimas","url":"https:\/\/jagdesd.tempurl.host\/ar\/","logo":{"@type":"ImageObject","inLanguage":"lt-LT","@id":"https:\/\/jagdesd.tempurl.host\/ar\/#\/schema\/logo\/image\/","url":"https:\/\/distribucionarc.com\/wp-content\/uploads\/2024\/10\/distribucion-ARC-COLOR-SIN-FONDO-e1732295305345.png","contentUrl":"https:\/\/distribucionarc.com\/wp-content\/uploads\/2024\/10\/distribucion-ARC-COLOR-SIN-FONDO-e1732295305345.png","width":1164,"height":558,"caption":"Distribuci\u00f3n ARC"},"image":{"@id":"https:\/\/jagdesd.tempurl.host\/ar\/#\/schema\/logo\/image\/"},"description":"\u012emon\u0117 specializuojasi maisto ir farmacijos sektoriams skirt\u0173 pramonini\u0173 ma\u0161in\u0173 gamyboje ir platinime. M\u016bs\u0173 specializacija: M\u0117sos pjaustymo ma\u0161inos Table\u010di\u0173 gamyba Pramonin\u0117s transportavimo sistemos I\u0161pilstymo linijos Dozatoriai Ir dar daugiau... Si\u016blome novatori\u0161kus ir individualiems poreikiams pritaikytus sprendimus, kad optimizuotume j\u016bs\u0173 \u012fmon\u0117s gamybos procesus.","email":"Admistracion@distribucionarc.com","telephone":"+34 643496664","legalName":"ARC TECH SOLUTIONS","foundingDate":"2024-04-09","vatID":"B55480172","numberOfEmployees":{"@type":"QuantitativeValue","minValue":"1","maxValue":"10"}}]}},"_links":{"self":[{"href":"https:\/\/distribucionarc.com\/lt\/wp-json\/wp\/v2\/product\/5787","targetHints":{"allow":["GET"]}}],"collection":[{"href":"https:\/\/distribucionarc.com\/lt\/wp-json\/wp\/v2\/product"}],"about":[{"href":"https:\/\/distribucionarc.com\/lt\/wp-json\/wp\/v2\/types\/product"}],"replies":[{"embeddable":true,"href":"https:\/\/distribucionarc.com\/lt\/wp-json\/wp\/v2\/comments?post=5787"}],"version-history":[{"count":0,"href":"https:\/\/distribucionarc.com\/lt\/wp-json\/wp\/v2\/product\/5787\/revisions"}],"wp:featuredmedia":[{"embeddable":true,"href":"https:\/\/distribucionarc.com\/lt\/wp-json\/wp\/v2\/media\/5790"}],"wp:attachment":[{"href":"https:\/\/distribucionarc.com\/lt\/wp-json\/wp\/v2\/media?parent=5787"}],"wp:term":[{"taxonomy":"product_brand","embeddable":true,"href":"https:\/\/distribucionarc.com\/lt\/wp-json\/wp\/v2\/product_brand?post=5787"},{"taxonomy":"product_cat","embeddable":true,"href":"https:\/\/distribucionarc.com\/lt\/wp-json\/wp\/v2\/product_cat?post=5787"},{"taxonomy":"product_tag","embeddable":true,"href":"https:\/\/distribucionarc.com\/lt\/wp-json\/wp\/v2\/product_tag?post=5787"}],"curies":[{"name":"wp","href":"https:\/\/api.w.org\/{rel}","templated":true}]}}