{"id":6649,"date":"2024-04-24T18:12:18","date_gmt":"2024-04-24T18:12:18","guid":{"rendered":"https:\/\/distribucionarc.com\/?post_type=product&#038;p=6649"},"modified":"2024-04-24T18:12:20","modified_gmt":"2024-04-24T18:12:20","slug":"zarp-17b-tableciu-ciulpimo-masina-mitybai-pagerinti","status":"publish","type":"product","link":"https:\/\/distribucionarc.com\/lt\/producto\/maquina-zarp-17b-para-tabletas-de-comprimidos-para-chupar-de-enrequicimiento-nutricional\/","title":{"rendered":"ZARP-17B MA\u0160INAS, SKIRTA MAISTINIO \u012e\u0116JIMO TA\u0160EL\u0116MS"},"content":{"rendered":"<p>Pristatome ZARP17B, a<strong> moderniausia ma\u0161ina, skirta maistini\u0173 med\u017eiag\u0173 praturtinan\u010di\u0173 pastili\u0173 table\u010di\u0173 gamybai.<\/strong> Su galimybe \u012ftraukti tabletes <strong>dvigubas sluoksnis,<\/strong> \u0160i ma\u0161ina pasi\u017eymi i\u0161skirtine kokybe ir pla\u010dia form\u0173 \u012fvairove, suteikdama neprilygstam\u0105 universalum\u0105 \u012fvairioms reikm\u0117ms. Be to, jis turi automatinio stabdymo funkcij\u0105 esant pertekliniam sl\u0117giui, garantuojan\u010di\u0105 saugum\u0105 ir optimal\u0173 \u012frangos veikim\u0105.<\/p>\n<p>&nbsp;<\/p>\n<table>\n<tbody>\n<tr>\n<td width=\"283\">Modelis<\/td>\n<td width=\"283\">ZARP-17B<\/td>\n<\/tr>\n<tr>\n<td width=\"283\">Perforavimo \u0161tampai<\/td>\n<td width=\"283\">17<\/td>\n<\/tr>\n<tr>\n<td width=\"283\">Maksimalus sl\u0117gis (kn)<\/td>\n<td width=\"283\">100<\/td>\n<\/tr>\n<tr>\n<td width=\"283\">Maksimalus plan\u0161etinio kompiuterio skersmuo (mm)<\/td>\n<td width=\"283\">35<\/td>\n<\/tr>\n<tr>\n<td width=\"283\">Did\u017eiausias u\u017epildymo gylis (mm)<\/td>\n<td width=\"283\">25<\/td>\n<\/tr>\n<tr>\n<td width=\"283\">Maksimalus tablet\u0117s storis (mm)<\/td>\n<td width=\"283\">12<\/td>\n<\/tr>\n<tr>\n<td width=\"283\">Bok\u0161telio greitis (min.)<\/td>\n<td width=\"283\">10-30<\/td>\n<\/tr>\n<tr>\n<td width=\"283\">Gamybos paj\u0117gumas (vnt.\/h)<\/td>\n<td width=\"283\">30600<\/td>\n<\/tr>\n<tr>\n<td width=\"283\">Variklio galia (kw)<\/td>\n<td width=\"283\">7.5<\/td>\n<\/tr>\n<tr>\n<td width=\"283\">Bendras dydis (mm)<\/td>\n<td width=\"283\">900*<\/p>\n<p>800*<\/p>\n<p>1640*<\/td>\n<\/tr>\n<tr>\n<td width=\"283\">Grynasis svoris kg<\/td>\n<td width=\"283\">1500<\/td>\n<\/tr>\n<\/tbody>\n<\/table>","protected":false},"excerpt":{"rendered":"<p>Pristatome ZARP17B \u2013 moderniausi\u0105 ma\u0161in\u0105, skirt\u0105 sodrinamosioms pastil\u0117ms gaminti.<\/p>","protected":false},"featured_media":6657,"comment_status":"open","ping_status":"closed","template":"","meta":{"wds_primary_product_brand":0,"wds_primary_product_cat":0},"product_brand":[],"product_cat":[84],"product_tag":[],"class_list":{"0":"post-6649","1":"product","2":"type-product","3":"status-publish","4":"has-post-thumbnail","6":"product_cat-maquinas-para-hacer-pastillas","8":"first","9":"instock","10":"taxable","11":"shipping-taxable","12":"purchasable","13":"product-type-simple"},"yoast_head":"<!-- This site is optimized with the Yoast SEO Premium plugin v24.9 (Yoast SEO v26.1) - https:\/\/yoast.com\/wordpress\/plugins\/seo\/ -->\n<title>MAQUINA ZARP-17B PARA TABLETAS DE COMPRIMIDOS PARA CHUPAR DE ENREQUICIMIENTO NUTRICIONAL - distribuci\u00f3n ARC<\/title>\n<meta name=\"robots\" content=\"index, follow, max-snippet:-1, max-image-preview:large, max-video-preview:-1\" \/>\n<link rel=\"canonical\" href=\"https:\/\/distribucionarc.com\/lt\/produktas\/zarp-17b-tableciu-ciulpimo-masina-mitybai-pagerinti\/\" \/>\n<meta property=\"og:locale\" content=\"lt_LT\" \/>\n<meta property=\"og:type\" content=\"article\" \/>\n<meta property=\"og:title\" content=\"MAQUINA ZARP-17B PARA TABLETAS DE COMPRIMIDOS PARA CHUPAR DE ENREQUICIMIENTO NUTRICIONAL\" \/>\n<meta property=\"og:description\" content=\"Presentamos la ZARP17B, una m\u00e1quina de \u00faltima generaci\u00f3n dise\u00f1ada para la producci\u00f3n de tabletas de comprimidos para chupar de enriquecimiento\" \/>\n<meta property=\"og:url\" content=\"https:\/\/distribucionarc.com\/lt\/produktas\/zarp-17b-tableciu-ciulpimo-masina-mitybai-pagerinti\/\" \/>\n<meta property=\"og:site_name\" content=\"distribuci\u00f3n ARC\" \/>\n<meta property=\"article:modified_time\" content=\"2024-04-24T18:12:20+00:00\" \/>\n<meta property=\"og:image\" content=\"https:\/\/distribucionarc.com\/wp-content\/uploads\/2024\/04\/MAQUINA-ZARP-17B-PARA-TABLETAS-DE-COMPRIMIDOS-PARA-CHUPAR-DE-ENREQUICIMIENTO-NUTRICIONAL.jpg\" \/>\n\t<meta property=\"og:image:width\" content=\"680\" \/>\n\t<meta property=\"og:image:height\" content=\"960\" \/>\n\t<meta property=\"og:image:type\" content=\"image\/jpeg\" \/>\n<meta name=\"twitter:card\" content=\"summary_large_image\" \/>\n<meta name=\"twitter:label1\" content=\"Est. reading time\" \/>\n\t<meta name=\"twitter:data1\" content=\"1 minut\u0117\" \/>\n<script type=\"application\/ld+json\" class=\"yoast-schema-graph\">{\"@context\":\"https:\/\/schema.org\",\"@graph\":[{\"@type\":\"WebPage\",\"@id\":\"https:\/\/distribucionarc.com\/nl\/producto\/maquina-zarp-17b-para-tabletas-de-comprimidos-para-chupar-de-enrequicimiento-nutricional\/\",\"url\":\"https:\/\/distribucionarc.com\/nl\/producto\/maquina-zarp-17b-para-tabletas-de-comprimidos-para-chupar-de-enrequicimiento-nutricional\/\",\"name\":\"MAQUINA ZARP-17B PARA TABLETAS DE COMPRIMIDOS PARA CHUPAR DE ENREQUICIMIENTO NUTRICIONAL - distribuci\u00f3n ARC\",\"isPartOf\":{\"@id\":\"https:\/\/www.distribucionarc.com\/sl\/#website\"},\"primaryImageOfPage\":{\"@id\":\"https:\/\/distribucionarc.com\/nl\/producto\/maquina-zarp-17b-para-tabletas-de-comprimidos-para-chupar-de-enrequicimiento-nutricional\/#primaryimage\"},\"image\":{\"@id\":\"https:\/\/distribucionarc.com\/nl\/producto\/maquina-zarp-17b-para-tabletas-de-comprimidos-para-chupar-de-enrequicimiento-nutricional\/#primaryimage\"},\"thumbnailUrl\":\"https:\/\/distribucionarc.com\/wp-content\/uploads\/2024\/04\/MAQUINA-ZARP-17B-PARA-TABLETAS-DE-COMPRIMIDOS-PARA-CHUPAR-DE-ENREQUICIMIENTO-NUTRICIONAL.jpg\",\"datePublished\":\"2024-04-24T18:12:18+00:00\",\"dateModified\":\"2024-04-24T18:12:20+00:00\",\"breadcrumb\":{\"@id\":\"https:\/\/distribucionarc.com\/nl\/producto\/maquina-zarp-17b-para-tabletas-de-comprimidos-para-chupar-de-enrequicimiento-nutricional\/#breadcrumb\"},\"inLanguage\":\"lt-LT\",\"potentialAction\":[{\"@type\":\"ReadAction\",\"target\":[\"https:\/\/distribucionarc.com\/nl\/producto\/maquina-zarp-17b-para-tabletas-de-comprimidos-para-chupar-de-enrequicimiento-nutricional\/\"]}]},{\"@type\":\"ImageObject\",\"inLanguage\":\"lt-LT\",\"@id\":\"https:\/\/distribucionarc.com\/nl\/producto\/maquina-zarp-17b-para-tabletas-de-comprimidos-para-chupar-de-enrequicimiento-nutricional\/#primaryimage\",\"url\":\"https:\/\/distribucionarc.com\/wp-content\/uploads\/2024\/04\/MAQUINA-ZARP-17B-PARA-TABLETAS-DE-COMPRIMIDOS-PARA-CHUPAR-DE-ENREQUICIMIENTO-NUTRICIONAL.jpg\",\"contentUrl\":\"https:\/\/distribucionarc.com\/wp-content\/uploads\/2024\/04\/MAQUINA-ZARP-17B-PARA-TABLETAS-DE-COMPRIMIDOS-PARA-CHUPAR-DE-ENREQUICIMIENTO-NUTRICIONAL.jpg\",\"width\":680,\"height\":960,\"caption\":\"#image_title\"},{\"@type\":\"BreadcrumbList\",\"@id\":\"https:\/\/distribucionarc.com\/nl\/producto\/maquina-zarp-17b-para-tabletas-de-comprimidos-para-chupar-de-enrequicimiento-nutricional\/#breadcrumb\",\"itemListElement\":[{\"@type\":\"ListItem\",\"position\":1,\"name\":\"Portada\",\"item\":\"https:\/\/www.distribucionarc.com\/\"},{\"@type\":\"ListItem\",\"position\":2,\"name\":\"\u00dcr\u00fcnler\",\"item\":\"https:\/\/www.distribucionarc.com\/tr\/magaza\/\"},{\"@type\":\"ListItem\",\"position\":3,\"name\":\"MAQUINA ZARP-17B PARA TABLETAS DE COMPRIMIDOS PARA CHUPAR DE ENREQUICIMIENTO NUTRICIONAL\"}]},{\"@type\":\"WebSite\",\"@id\":\"https:\/\/www.distribucionarc.com\/sl\/#website\",\"url\":\"https:\/\/www.distribucionarc.com\/sl\/\",\"name\":\"distribuci\u00f3n ARC\",\"description\":\"Empresa especializada en la fabricaci\u00f3n y distribuci\u00f3n de maquinaria industrial, selladoras de latas, Maquinas de hacer pastillas, Maquinas de cortar carne...\",\"publisher\":{\"@id\":\"https:\/\/www.distribucionarc.com\/sl\/#organization\"},\"potentialAction\":[{\"@type\":\"SearchAction\",\"target\":{\"@type\":\"EntryPoint\",\"urlTemplate\":\"https:\/\/www.distribucionarc.com\/sl\/?s={search_term_string}\"},\"query-input\":{\"@type\":\"PropertyValueSpecification\",\"valueRequired\":true,\"valueName\":\"search_term_string\"}}],\"inLanguage\":\"lt-LT\"},{\"@type\":\"Organization\",\"@id\":\"https:\/\/www.distribucionarc.com\/sl\/#organization\",\"name\":\"Distribuci\u00f3n ARC\",\"url\":\"https:\/\/www.distribucionarc.com\/sl\/\",\"logo\":{\"@type\":\"ImageObject\",\"inLanguage\":\"lt-LT\",\"@id\":\"https:\/\/www.distribucionarc.com\/sl\/#\/schema\/logo\/image\/\",\"url\":\"https:\/\/distribucionarc.com\/wp-content\/uploads\/2024\/10\/distribucion-ARC-COLOR-SIN-FONDO-e1732295305345.png\",\"contentUrl\":\"https:\/\/distribucionarc.com\/wp-content\/uploads\/2024\/10\/distribucion-ARC-COLOR-SIN-FONDO-e1732295305345.png\",\"width\":1164,\"height\":558,\"caption\":\"Distribuci\u00f3n ARC\"},\"image\":{\"@id\":\"https:\/\/www.distribucionarc.com\/sl\/#\/schema\/logo\/image\/\"},\"description\":\"Empresa especializada en la fabricaci\u00f3n y distribuci\u00f3n de maquinaria industrial para los sectores alimentario y farmac\u00e9utico. Nos especializamos en: M\u00e1quinas de cortar carne Fabricaci\u00f3n de comprimidos Sistemas de transporte industrial L\u00edneas de embotellado Dosificadores Y mucho m\u00e1s... Ofrecemos soluciones innovadoras y personalizadas para optimizar los procesos productivos de tu empresa.\",\"email\":\"Admistracion@distribucionarc.com\",\"telephone\":\"+34 643496664\",\"legalName\":\"ARC TECH SOLUTIONS\",\"foundingDate\":\"2024-04-09\",\"vatID\":\"B55480172\",\"numberOfEmployees\":{\"@type\":\"QuantitativeValue\",\"minValue\":\"1\",\"maxValue\":\"10\"}}]}<\/script>\n<!-- \/ Yoast SEO Premium plugin. -->","yoast_head_json":{"title":"ZARP-17B MA\u0160INA, SKIRTA MAITINIO \u012e\u0116JIMO I\u0160SIURBIMO TABLET\u0116MS \u2013 ARC paskirstymas","robots":{"index":"index","follow":"follow","max-snippet":"max-snippet:-1","max-image-preview":"max-image-preview:large","max-video-preview":"max-video-preview:-1"},"canonical":"https:\/\/distribucionarc.com\/lt\/produktas\/zarp-17b-tableciu-ciulpimo-masina-mitybai-pagerinti\/","og_locale":"lt_LT","og_type":"article","og_title":"MAQUINA ZARP-17B PARA TABLETAS DE COMPRIMIDOS PARA CHUPAR DE ENREQUICIMIENTO NUTRICIONAL","og_description":"Presentamos la ZARP17B, una m\u00e1quina de \u00faltima generaci\u00f3n dise\u00f1ada para la producci\u00f3n de tabletas de comprimidos para chupar de enriquecimiento","og_url":"https:\/\/distribucionarc.com\/lt\/produktas\/zarp-17b-tableciu-ciulpimo-masina-mitybai-pagerinti\/","og_site_name":"distribuci\u00f3n ARC","article_modified_time":"2024-04-24T18:12:20+00:00","og_image":[{"width":680,"height":960,"url":"https:\/\/distribucionarc.com\/wp-content\/uploads\/2024\/04\/MAQUINA-ZARP-17B-PARA-TABLETAS-DE-COMPRIMIDOS-PARA-CHUPAR-DE-ENREQUICIMIENTO-NUTRICIONAL.jpg","type":"image\/jpeg"}],"twitter_card":"summary_large_image","twitter_misc":{"Est. reading time":"1 minut\u0117"},"schema":{"@context":"https:\/\/schema.org","@graph":[{"@type":"WebPage","@id":"https:\/\/distribucionarc.com\/nl\/producto\/maquina-zarp-17b-para-tabletas-de-comprimidos-para-chupar-de-enrequicimiento-nutricional\/","url":"https:\/\/distribucionarc.com\/nl\/producto\/maquina-zarp-17b-para-tabletas-de-comprimidos-para-chupar-de-enrequicimiento-nutricional\/","name":"ZARP-17B MA\u0160INA, SKIRTA MAITINIO \u012e\u0116JIMO I\u0160SIURBIMO TABLET\u0116MS \u2013 ARC paskirstymas","isPartOf":{"@id":"https:\/\/www.distribucionarc.com\/sl\/#website"},"primaryImageOfPage":{"@id":"https:\/\/distribucionarc.com\/nl\/producto\/maquina-zarp-17b-para-tabletas-de-comprimidos-para-chupar-de-enrequicimiento-nutricional\/#primaryimage"},"image":{"@id":"https:\/\/distribucionarc.com\/nl\/producto\/maquina-zarp-17b-para-tabletas-de-comprimidos-para-chupar-de-enrequicimiento-nutricional\/#primaryimage"},"thumbnailUrl":"https:\/\/distribucionarc.com\/wp-content\/uploads\/2024\/04\/MAQUINA-ZARP-17B-PARA-TABLETAS-DE-COMPRIMIDOS-PARA-CHUPAR-DE-ENREQUICIMIENTO-NUTRICIONAL.jpg","datePublished":"2024-04-24T18:12:18+00:00","dateModified":"2024-04-24T18:12:20+00:00","breadcrumb":{"@id":"https:\/\/distribucionarc.com\/nl\/producto\/maquina-zarp-17b-para-tabletas-de-comprimidos-para-chupar-de-enrequicimiento-nutricional\/#breadcrumb"},"inLanguage":"lt-LT","potentialAction":[{"@type":"ReadAction","target":["https:\/\/distribucionarc.com\/nl\/producto\/maquina-zarp-17b-para-tabletas-de-comprimidos-para-chupar-de-enrequicimiento-nutricional\/"]}]},{"@type":"ImageObject","inLanguage":"lt-LT","@id":"https:\/\/distribucionarc.com\/nl\/producto\/maquina-zarp-17b-para-tabletas-de-comprimidos-para-chupar-de-enrequicimiento-nutricional\/#primaryimage","url":"https:\/\/distribucionarc.com\/wp-content\/uploads\/2024\/04\/MAQUINA-ZARP-17B-PARA-TABLETAS-DE-COMPRIMIDOS-PARA-CHUPAR-DE-ENREQUICIMIENTO-NUTRICIONAL.jpg","contentUrl":"https:\/\/distribucionarc.com\/wp-content\/uploads\/2024\/04\/MAQUINA-ZARP-17B-PARA-TABLETAS-DE-COMPRIMIDOS-PARA-CHUPAR-DE-ENREQUICIMIENTO-NUTRICIONAL.jpg","width":680,"height":960,"caption":"#image_title"},{"@type":"BreadcrumbList","@id":"https:\/\/distribucionarc.com\/nl\/producto\/maquina-zarp-17b-para-tabletas-de-comprimidos-para-chupar-de-enrequicimiento-nutricional\/#breadcrumb","itemListElement":[{"@type":"ListItem","position":1,"name":"Portada","item":"https:\/\/www.distribucionarc.com\/"},{"@type":"ListItem","position":2,"name":"\u00dcr\u00fcnler","item":"https:\/\/www.distribucionarc.com\/tr\/magaza\/"},{"@type":"ListItem","position":3,"name":"MAQUINA ZARP-17B PARA TABLETAS DE COMPRIMIDOS PARA CHUPAR DE ENREQUICIMIENTO NUTRICIONAL"}]},{"@type":"WebSite","@id":"https:\/\/www.distribucionarc.com\/sl\/#website","url":"https:\/\/www.distribucionarc.com\/sl\/","name":"ARC paskirstymas","description":"\u012emon\u0117 specializuojasi pramonini\u0173 ma\u0161in\u0173, skardini\u0173 sandarinimo ma\u0161in\u0173, table\u010di\u0173 gamybos ma\u0161in\u0173, m\u0117sos pjaustymo ma\u0161in\u0173 gamyboje ir platinime...","publisher":{"@id":"https:\/\/www.distribucionarc.com\/sl\/#organization"},"potentialAction":[{"@type":"SearchAction","target":{"@type":"EntryPoint","urlTemplate":"https:\/\/www.distribucionarc.com\/sl\/?s={search_term_string}"},"query-input":{"@type":"PropertyValueSpecification","valueRequired":true,"valueName":"search_term_string"}}],"inLanguage":"lt-LT"},{"@type":"Organization","@id":"https:\/\/www.distribucionarc.com\/sl\/#organization","name":"ARC platinimas","url":"https:\/\/www.distribucionarc.com\/sl\/","logo":{"@type":"ImageObject","inLanguage":"lt-LT","@id":"https:\/\/www.distribucionarc.com\/sl\/#\/schema\/logo\/image\/","url":"https:\/\/distribucionarc.com\/wp-content\/uploads\/2024\/10\/distribucion-ARC-COLOR-SIN-FONDO-e1732295305345.png","contentUrl":"https:\/\/distribucionarc.com\/wp-content\/uploads\/2024\/10\/distribucion-ARC-COLOR-SIN-FONDO-e1732295305345.png","width":1164,"height":558,"caption":"Distribuci\u00f3n ARC"},"image":{"@id":"https:\/\/www.distribucionarc.com\/sl\/#\/schema\/logo\/image\/"},"description":"\u012emon\u0117 specializuojasi maisto ir farmacijos sektoriams skirt\u0173 pramonini\u0173 ma\u0161in\u0173 gamyboje ir platinime. M\u016bs\u0173 specializacija: M\u0117sos pjaustymo ma\u0161inos Table\u010di\u0173 gamyba Pramonin\u0117s transportavimo sistemos I\u0161pilstymo linijos Dozatoriai Ir dar daugiau... Si\u016blome novatori\u0161kus ir individualiems poreikiams pritaikytus sprendimus, kad optimizuotume j\u016bs\u0173 \u012fmon\u0117s gamybos procesus.","email":"Admistracion@distribucionarc.com","telephone":"+34 643496664","legalName":"ARC TECH SOLUTIONS","foundingDate":"2024-04-09","vatID":"B55480172","numberOfEmployees":{"@type":"QuantitativeValue","minValue":"1","maxValue":"10"}}]}},"_links":{"self":[{"href":"https:\/\/distribucionarc.com\/lt\/wp-json\/wp\/v2\/product\/6649","targetHints":{"allow":["GET"]}}],"collection":[{"href":"https:\/\/distribucionarc.com\/lt\/wp-json\/wp\/v2\/product"}],"about":[{"href":"https:\/\/distribucionarc.com\/lt\/wp-json\/wp\/v2\/types\/product"}],"replies":[{"embeddable":true,"href":"https:\/\/distribucionarc.com\/lt\/wp-json\/wp\/v2\/comments?post=6649"}],"version-history":[{"count":0,"href":"https:\/\/distribucionarc.com\/lt\/wp-json\/wp\/v2\/product\/6649\/revisions"}],"wp:featuredmedia":[{"embeddable":true,"href":"https:\/\/distribucionarc.com\/lt\/wp-json\/wp\/v2\/media\/6657"}],"wp:attachment":[{"href":"https:\/\/distribucionarc.com\/lt\/wp-json\/wp\/v2\/media?parent=6649"}],"wp:term":[{"taxonomy":"product_brand","embeddable":true,"href":"https:\/\/distribucionarc.com\/lt\/wp-json\/wp\/v2\/product_brand?post=6649"},{"taxonomy":"product_cat","embeddable":true,"href":"https:\/\/distribucionarc.com\/lt\/wp-json\/wp\/v2\/product_cat?post=6649"},{"taxonomy":"product_tag","embeddable":true,"href":"https:\/\/distribucionarc.com\/lt\/wp-json\/wp\/v2\/product_tag?post=6649"}],"curies":[{"name":"wp","href":"https:\/\/api.w.org\/{rel}","templated":true}]}}