{"id":6660,"date":"2024-04-24T18:26:04","date_gmt":"2024-04-24T18:26:04","guid":{"rendered":"https:\/\/distribucionarc.com\/?post_type=product&#038;p=6660"},"modified":"2024-04-24T18:26:06","modified_gmt":"2024-04-24T18:26:06","slug":"pramonine-rotacine-presavimo-masina-vitamino-acy-b12-tabletems","status":"publish","type":"product","link":"https:\/\/distribucionarc.com\/lt\/producto\/maquina-prensa-rotativa-industrial-para-tabletas-de-vitaminas-a-c-y-b12\/","title":{"rendered":"PRAMONIN\u0116 SUKIAMOSIOS SPAUDOS MA\u0160INOS VITAMINO A, CY B12 TABLET\u0116MS"},"content":{"rendered":"<p><strong>Pramonin\u0117 rotacinio preso ma\u0161ina ZRAP15\/17\/19D<\/strong>. Skirtas spausti miltelius, granules ir ma\u017eas granules <strong>vitamin\u0173 A, C ir B12 tablet\u0117s<\/strong>. Atitinka GMP standartus, lengva valyti ir pri\u017ei\u016br\u0117ti, su apsauga nuo sl\u0117gio perkrovos. Optimizuokite savo gamyb\u0105 ir u\u017etikrinkite kokyb\u0119 su mumis. Pagerinkite savo kokyb\u0119 <strong>vitamino A, CY B12 tablet\u0117s<\/strong> su m\u016bs\u0173 pa\u017eangiomis technologijomis.<\/p>\n<p>&nbsp;<\/p>\n<table>\n<tbody>\n<tr>\n<td width=\"135\">Modelis<\/td>\n<td width=\"135\">ZARP-15D<\/td>\n<td width=\"135\">ZARP-17D<\/td>\n<td width=\"135\">ZARP-19D<\/td>\n<\/tr>\n<tr>\n<td width=\"135\">Perforavimo \u0161tampai<\/td>\n<td width=\"135\">15<\/td>\n<td width=\"135\">17<\/td>\n<td width=\"135\">19<\/td>\n<\/tr>\n<tr>\n<td width=\"135\">maksimalus sl\u0117gis (kn)<\/td>\n<td width=\"135\">60<\/td>\n<td width=\"135\">60<\/td>\n<td width=\"135\">60<\/td>\n<\/tr>\n<tr>\n<td width=\"135\">Tablet\u0117s skersmuo (mm)<\/td>\n<td width=\"135\">25<\/td>\n<td width=\"135\">20<\/td>\n<td width=\"135\">13<\/td>\n<\/tr>\n<tr>\n<td width=\"135\">U\u017epildymo gylis (mm)<\/td>\n<td width=\"135\">15<\/td>\n<td width=\"135\">15<\/td>\n<td width=\"135\">15<\/td>\n<\/tr>\n<tr>\n<td width=\"135\">Maks. tablet\u0117s storis (mm)<\/td>\n<td width=\"135\">6<\/td>\n<td width=\"135\">6<\/td>\n<td width=\"135\">6<\/td>\n<\/tr>\n<tr>\n<td width=\"135\">Bok\u0161telio greitis (r-min.)<\/td>\n<td width=\"135\">0-35<\/td>\n<td width=\"135\">0-35<\/td>\n<td width=\"135\">0-35<\/td>\n<\/tr>\n<tr>\n<td width=\"135\">Gamybos paj\u0117gumas (vnt.\/h)<\/td>\n<td width=\"135\">31500<\/td>\n<td width=\"135\">35700<\/td>\n<td width=\"135\">39900<\/td>\n<\/tr>\n<tr>\n<td width=\"135\">Variklio galia (kw)<\/td>\n<td width=\"135\">2.2<\/td>\n<td width=\"135\">2.2<\/td>\n<td width=\"135\">2.2<\/td>\n<\/tr>\n<tr>\n<td width=\"135\">Bendras dydis (mm)<\/td>\n<td width=\"135\">615*<\/p>\n<p>890*<\/p>\n<p>1415*<\/td>\n<td width=\"135\">615*<\/p>\n<p>890*<\/p>\n<p>1415*<\/td>\n<td width=\"135\">615*<\/p>\n<p>890*<\/p>\n<p>1415*<\/td>\n<\/tr>\n<tr>\n<td width=\"135\">Grynasis svoris kg<\/td>\n<td width=\"135\">1000<\/td>\n<td width=\"135\">1000<\/td>\n<td width=\"135\">1000<\/td>\n<\/tr>\n<\/tbody>\n<\/table>","protected":false},"excerpt":{"rendered":"<p>ZRAP15\/17\/19D pramonin\u0117 rotacin\u0117 spaudos ma\u0161ina. Skirta milteli\u0173, granuli\u0173 ir ma\u017e\u0173 granuli\u0173 presavimui vitamin\u0173 A, C tablet\u0117ms ir kt.<\/p>","protected":false},"featured_media":6663,"comment_status":"open","ping_status":"closed","template":"","meta":{"wds_primary_product_brand":0,"wds_primary_product_cat":0},"product_brand":[],"product_cat":[84],"product_tag":[],"class_list":{"0":"post-6660","1":"product","2":"type-product","3":"status-publish","4":"has-post-thumbnail","6":"product_cat-maquinas-para-hacer-pastillas","8":"first","9":"instock","10":"taxable","11":"shipping-taxable","12":"purchasable","13":"product-type-simple"},"yoast_head":"<!-- This site is optimized with the Yoast SEO Premium plugin v24.9 (Yoast SEO v26.1) - https:\/\/yoast.com\/wordpress\/plugins\/seo\/ -->\n<title>MAQUINA PRENSA ROTATIVA INDUSTRIAL PARA TABLETAS DE VITAMINAS A, C Y B12 - distribuci\u00f3n ARC<\/title>\n<meta name=\"robots\" content=\"index, follow, max-snippet:-1, max-image-preview:large, max-video-preview:-1\" \/>\n<link rel=\"canonical\" href=\"https:\/\/distribucionarc.com\/lt\/produktas\/pramonine-rotacine-presavimo-masina-vitamino-acy-b12-tabletems\/\" \/>\n<meta property=\"og:locale\" content=\"lt_LT\" \/>\n<meta property=\"og:type\" content=\"article\" \/>\n<meta property=\"og:title\" content=\"MAQUINA PRENSA ROTATIVA INDUSTRIAL PARA TABLETAS DE VITAMINAS A, C Y B12\" \/>\n<meta property=\"og:description\" content=\"Maquina prensa rotativa industrial ZRAP15\/17\/19D. Dise\u00f1ada para prensar polvo, granulado y gr\u00e1nulos peque\u00f1os para tabletas de vitaminas A, C y\" \/>\n<meta property=\"og:url\" content=\"https:\/\/distribucionarc.com\/lt\/produktas\/pramonine-rotacine-presavimo-masina-vitamino-acy-b12-tabletems\/\" \/>\n<meta property=\"og:site_name\" content=\"distribuci\u00f3n ARC\" \/>\n<meta property=\"article:modified_time\" content=\"2024-04-24T18:26:06+00:00\" \/>\n<meta property=\"og:image\" content=\"https:\/\/distribucionarc.com\/wp-content\/uploads\/2024\/04\/MAQUINA-PRENSA-ROTATIVA-ZARP15_17_19D-PARA-TABLETAS-DE-VITAMINAS-A-C-Y-B12.jpg\" \/>\n\t<meta property=\"og:image:width\" content=\"608\" \/>\n\t<meta property=\"og:image:height\" content=\"904\" \/>\n\t<meta property=\"og:image:type\" content=\"image\/jpeg\" \/>\n<meta name=\"twitter:card\" content=\"summary_large_image\" \/>\n<meta name=\"twitter:label1\" content=\"Est. reading time\" \/>\n\t<meta name=\"twitter:data1\" content=\"1 minut\u0117\" \/>\n<script type=\"application\/ld+json\" class=\"yoast-schema-graph\">{\"@context\":\"https:\/\/schema.org\",\"@graph\":[{\"@type\":\"WebPage\",\"@id\":\"https:\/\/distribucionarc.com\/pt\/producto\/maquina-prensa-rotativa-industrial-para-tabletas-de-vitaminas-a-c-y-b12\/\",\"url\":\"https:\/\/distribucionarc.com\/pt\/producto\/maquina-prensa-rotativa-industrial-para-tabletas-de-vitaminas-a-c-y-b12\/\",\"name\":\"MAQUINA PRENSA ROTATIVA INDUSTRIAL PARA TABLETAS DE VITAMINAS A, C Y B12 - distribuci\u00f3n ARC\",\"isPartOf\":{\"@id\":\"https:\/\/distribucionarc.com\/de\/#website\"},\"primaryImageOfPage\":{\"@id\":\"https:\/\/distribucionarc.com\/pt\/producto\/maquina-prensa-rotativa-industrial-para-tabletas-de-vitaminas-a-c-y-b12\/#primaryimage\"},\"image\":{\"@id\":\"https:\/\/distribucionarc.com\/pt\/producto\/maquina-prensa-rotativa-industrial-para-tabletas-de-vitaminas-a-c-y-b12\/#primaryimage\"},\"thumbnailUrl\":\"https:\/\/distribucionarc.com\/wp-content\/uploads\/2024\/04\/MAQUINA-PRENSA-ROTATIVA-ZARP15_17_19D-PARA-TABLETAS-DE-VITAMINAS-A-C-Y-B12.jpg\",\"datePublished\":\"2024-04-24T18:26:04+00:00\",\"dateModified\":\"2024-04-24T18:26:06+00:00\",\"breadcrumb\":{\"@id\":\"https:\/\/distribucionarc.com\/pt\/producto\/maquina-prensa-rotativa-industrial-para-tabletas-de-vitaminas-a-c-y-b12\/#breadcrumb\"},\"inLanguage\":\"lt-LT\",\"potentialAction\":[{\"@type\":\"ReadAction\",\"target\":[\"https:\/\/distribucionarc.com\/pt\/producto\/maquina-prensa-rotativa-industrial-para-tabletas-de-vitaminas-a-c-y-b12\/\"]}]},{\"@type\":\"ImageObject\",\"inLanguage\":\"lt-LT\",\"@id\":\"https:\/\/distribucionarc.com\/pt\/producto\/maquina-prensa-rotativa-industrial-para-tabletas-de-vitaminas-a-c-y-b12\/#primaryimage\",\"url\":\"https:\/\/distribucionarc.com\/wp-content\/uploads\/2024\/04\/MAQUINA-PRENSA-ROTATIVA-ZARP15_17_19D-PARA-TABLETAS-DE-VITAMINAS-A-C-Y-B12.jpg\",\"contentUrl\":\"https:\/\/distribucionarc.com\/wp-content\/uploads\/2024\/04\/MAQUINA-PRENSA-ROTATIVA-ZARP15_17_19D-PARA-TABLETAS-DE-VITAMINAS-A-C-Y-B12.jpg\",\"width\":608,\"height\":904,\"caption\":\"#image_title\"},{\"@type\":\"BreadcrumbList\",\"@id\":\"https:\/\/distribucionarc.com\/pt\/producto\/maquina-prensa-rotativa-industrial-para-tabletas-de-vitaminas-a-c-y-b12\/#breadcrumb\",\"itemListElement\":[{\"@type\":\"ListItem\",\"position\":1,\"name\":\"Portada\",\"item\":\"https:\/\/distribucionarc.com\/pl\/\"},{\"@type\":\"ListItem\",\"position\":2,\"name\":\"Produkty\",\"item\":\"https:\/\/distribucionarc.com\/pl\/shop\/\"},{\"@type\":\"ListItem\",\"position\":3,\"name\":\"MAQUINA PRENSA ROTATIVA INDUSTRIAL PARA TABLETAS DE VITAMINAS A, C Y B12\"}]},{\"@type\":\"WebSite\",\"@id\":\"https:\/\/distribucionarc.com\/de\/#website\",\"url\":\"https:\/\/distribucionarc.com\/de\/\",\"name\":\"distribuci\u00f3n ARC\",\"description\":\"Empresa especializada en la fabricaci\u00f3n y distribuci\u00f3n de maquinaria industrial, selladoras de latas, Maquinas de hacer pastillas, Maquinas de cortar carne...\",\"publisher\":{\"@id\":\"https:\/\/distribucionarc.com\/de\/#organization\"},\"potentialAction\":[{\"@type\":\"SearchAction\",\"target\":{\"@type\":\"EntryPoint\",\"urlTemplate\":\"https:\/\/distribucionarc.com\/de\/?s={search_term_string}\"},\"query-input\":{\"@type\":\"PropertyValueSpecification\",\"valueRequired\":true,\"valueName\":\"search_term_string\"}}],\"inLanguage\":\"lt-LT\"},{\"@type\":\"Organization\",\"@id\":\"https:\/\/distribucionarc.com\/de\/#organization\",\"name\":\"Distribuci\u00f3n ARC\",\"url\":\"https:\/\/distribucionarc.com\/de\/\",\"logo\":{\"@type\":\"ImageObject\",\"inLanguage\":\"lt-LT\",\"@id\":\"https:\/\/distribucionarc.com\/de\/#\/schema\/logo\/image\/\",\"url\":\"https:\/\/distribucionarc.com\/wp-content\/uploads\/2024\/10\/distribucion-ARC-COLOR-SIN-FONDO-e1732295305345.png\",\"contentUrl\":\"https:\/\/distribucionarc.com\/wp-content\/uploads\/2024\/10\/distribucion-ARC-COLOR-SIN-FONDO-e1732295305345.png\",\"width\":1164,\"height\":558,\"caption\":\"Distribuci\u00f3n ARC\"},\"image\":{\"@id\":\"https:\/\/distribucionarc.com\/de\/#\/schema\/logo\/image\/\"},\"description\":\"Empresa especializada en la fabricaci\u00f3n y distribuci\u00f3n de maquinaria industrial para los sectores alimentario y farmac\u00e9utico. Nos especializamos en: M\u00e1quinas de cortar carne Fabricaci\u00f3n de comprimidos Sistemas de transporte industrial L\u00edneas de embotellado Dosificadores Y mucho m\u00e1s... Ofrecemos soluciones innovadoras y personalizadas para optimizar los procesos productivos de tu empresa.\",\"email\":\"Admistracion@distribucionarc.com\",\"telephone\":\"+34 643496664\",\"legalName\":\"ARC TECH SOLUTIONS\",\"foundingDate\":\"2024-04-09\",\"vatID\":\"B55480172\",\"numberOfEmployees\":{\"@type\":\"QuantitativeValue\",\"minValue\":\"1\",\"maxValue\":\"10\"}}]}<\/script>\n<!-- \/ Yoast SEO Premium plugin. -->","yoast_head_json":{"title":"PRAMONIN\u0116 SUKAMOJI PRESAUDOJIMO MA\u0160INA VITAMINO A, CY B12 PLASTET\u0116MS \u2013 ARC paskirstymas","robots":{"index":"index","follow":"follow","max-snippet":"max-snippet:-1","max-image-preview":"max-image-preview:large","max-video-preview":"max-video-preview:-1"},"canonical":"https:\/\/distribucionarc.com\/lt\/produktas\/pramonine-rotacine-presavimo-masina-vitamino-acy-b12-tabletems\/","og_locale":"lt_LT","og_type":"article","og_title":"MAQUINA PRENSA ROTATIVA INDUSTRIAL PARA TABLETAS DE VITAMINAS A, C Y B12","og_description":"Maquina prensa rotativa industrial ZRAP15\/17\/19D. Dise\u00f1ada para prensar polvo, granulado y gr\u00e1nulos peque\u00f1os para tabletas de vitaminas A, C y","og_url":"https:\/\/distribucionarc.com\/lt\/produktas\/pramonine-rotacine-presavimo-masina-vitamino-acy-b12-tabletems\/","og_site_name":"distribuci\u00f3n ARC","article_modified_time":"2024-04-24T18:26:06+00:00","og_image":[{"width":608,"height":904,"url":"https:\/\/distribucionarc.com\/wp-content\/uploads\/2024\/04\/MAQUINA-PRENSA-ROTATIVA-ZARP15_17_19D-PARA-TABLETAS-DE-VITAMINAS-A-C-Y-B12.jpg","type":"image\/jpeg"}],"twitter_card":"summary_large_image","twitter_misc":{"Est. reading time":"1 minut\u0117"},"schema":{"@context":"https:\/\/schema.org","@graph":[{"@type":"WebPage","@id":"https:\/\/distribucionarc.com\/pt\/producto\/maquina-prensa-rotativa-industrial-para-tabletas-de-vitaminas-a-c-y-b12\/","url":"https:\/\/distribucionarc.com\/pt\/producto\/maquina-prensa-rotativa-industrial-para-tabletas-de-vitaminas-a-c-y-b12\/","name":"PRAMONIN\u0116 SUKAMOJI PRESAUDOJIMO MA\u0160INA VITAMINO A, CY B12 PLASTET\u0116MS \u2013 ARC paskirstymas","isPartOf":{"@id":"https:\/\/distribucionarc.com\/de\/#website"},"primaryImageOfPage":{"@id":"https:\/\/distribucionarc.com\/pt\/producto\/maquina-prensa-rotativa-industrial-para-tabletas-de-vitaminas-a-c-y-b12\/#primaryimage"},"image":{"@id":"https:\/\/distribucionarc.com\/pt\/producto\/maquina-prensa-rotativa-industrial-para-tabletas-de-vitaminas-a-c-y-b12\/#primaryimage"},"thumbnailUrl":"https:\/\/distribucionarc.com\/wp-content\/uploads\/2024\/04\/MAQUINA-PRENSA-ROTATIVA-ZARP15_17_19D-PARA-TABLETAS-DE-VITAMINAS-A-C-Y-B12.jpg","datePublished":"2024-04-24T18:26:04+00:00","dateModified":"2024-04-24T18:26:06+00:00","breadcrumb":{"@id":"https:\/\/distribucionarc.com\/pt\/producto\/maquina-prensa-rotativa-industrial-para-tabletas-de-vitaminas-a-c-y-b12\/#breadcrumb"},"inLanguage":"lt-LT","potentialAction":[{"@type":"ReadAction","target":["https:\/\/distribucionarc.com\/pt\/producto\/maquina-prensa-rotativa-industrial-para-tabletas-de-vitaminas-a-c-y-b12\/"]}]},{"@type":"ImageObject","inLanguage":"lt-LT","@id":"https:\/\/distribucionarc.com\/pt\/producto\/maquina-prensa-rotativa-industrial-para-tabletas-de-vitaminas-a-c-y-b12\/#primaryimage","url":"https:\/\/distribucionarc.com\/wp-content\/uploads\/2024\/04\/MAQUINA-PRENSA-ROTATIVA-ZARP15_17_19D-PARA-TABLETAS-DE-VITAMINAS-A-C-Y-B12.jpg","contentUrl":"https:\/\/distribucionarc.com\/wp-content\/uploads\/2024\/04\/MAQUINA-PRENSA-ROTATIVA-ZARP15_17_19D-PARA-TABLETAS-DE-VITAMINAS-A-C-Y-B12.jpg","width":608,"height":904,"caption":"#image_title"},{"@type":"BreadcrumbList","@id":"https:\/\/distribucionarc.com\/pt\/producto\/maquina-prensa-rotativa-industrial-para-tabletas-de-vitaminas-a-c-y-b12\/#breadcrumb","itemListElement":[{"@type":"ListItem","position":1,"name":"Portada","item":"https:\/\/distribucionarc.com\/pl\/"},{"@type":"ListItem","position":2,"name":"Produkty","item":"https:\/\/distribucionarc.com\/pl\/shop\/"},{"@type":"ListItem","position":3,"name":"MAQUINA PRENSA ROTATIVA INDUSTRIAL PARA TABLETAS DE VITAMINAS A, C Y B12"}]},{"@type":"WebSite","@id":"https:\/\/distribucionarc.com\/de\/#website","url":"https:\/\/distribucionarc.com\/de\/","name":"ARC paskirstymas","description":"\u012emon\u0117 specializuojasi pramonini\u0173 ma\u0161in\u0173, skardini\u0173 sandarinimo ma\u0161in\u0173, table\u010di\u0173 gamybos ma\u0161in\u0173, m\u0117sos pjaustymo ma\u0161in\u0173 gamyboje ir platinime...","publisher":{"@id":"https:\/\/distribucionarc.com\/de\/#organization"},"potentialAction":[{"@type":"SearchAction","target":{"@type":"EntryPoint","urlTemplate":"https:\/\/distribucionarc.com\/de\/?s={search_term_string}"},"query-input":{"@type":"PropertyValueSpecification","valueRequired":true,"valueName":"search_term_string"}}],"inLanguage":"lt-LT"},{"@type":"Organization","@id":"https:\/\/distribucionarc.com\/de\/#organization","name":"ARC platinimas","url":"https:\/\/distribucionarc.com\/de\/","logo":{"@type":"ImageObject","inLanguage":"lt-LT","@id":"https:\/\/distribucionarc.com\/de\/#\/schema\/logo\/image\/","url":"https:\/\/distribucionarc.com\/wp-content\/uploads\/2024\/10\/distribucion-ARC-COLOR-SIN-FONDO-e1732295305345.png","contentUrl":"https:\/\/distribucionarc.com\/wp-content\/uploads\/2024\/10\/distribucion-ARC-COLOR-SIN-FONDO-e1732295305345.png","width":1164,"height":558,"caption":"Distribuci\u00f3n ARC"},"image":{"@id":"https:\/\/distribucionarc.com\/de\/#\/schema\/logo\/image\/"},"description":"\u012emon\u0117 specializuojasi maisto ir farmacijos sektoriams skirt\u0173 pramonini\u0173 ma\u0161in\u0173 gamyboje ir platinime. M\u016bs\u0173 specializacija: M\u0117sos pjaustymo ma\u0161inos Table\u010di\u0173 gamyba Pramonin\u0117s transportavimo sistemos I\u0161pilstymo linijos Dozatoriai Ir dar daugiau... Si\u016blome novatori\u0161kus ir individualiems poreikiams pritaikytus sprendimus, kad optimizuotume j\u016bs\u0173 \u012fmon\u0117s gamybos procesus.","email":"Admistracion@distribucionarc.com","telephone":"+34 643496664","legalName":"ARC TECH SOLUTIONS","foundingDate":"2024-04-09","vatID":"B55480172","numberOfEmployees":{"@type":"QuantitativeValue","minValue":"1","maxValue":"10"}}]}},"_links":{"self":[{"href":"https:\/\/distribucionarc.com\/lt\/wp-json\/wp\/v2\/product\/6660","targetHints":{"allow":["GET"]}}],"collection":[{"href":"https:\/\/distribucionarc.com\/lt\/wp-json\/wp\/v2\/product"}],"about":[{"href":"https:\/\/distribucionarc.com\/lt\/wp-json\/wp\/v2\/types\/product"}],"replies":[{"embeddable":true,"href":"https:\/\/distribucionarc.com\/lt\/wp-json\/wp\/v2\/comments?post=6660"}],"version-history":[{"count":0,"href":"https:\/\/distribucionarc.com\/lt\/wp-json\/wp\/v2\/product\/6660\/revisions"}],"wp:featuredmedia":[{"embeddable":true,"href":"https:\/\/distribucionarc.com\/lt\/wp-json\/wp\/v2\/media\/6663"}],"wp:attachment":[{"href":"https:\/\/distribucionarc.com\/lt\/wp-json\/wp\/v2\/media?parent=6660"}],"wp:term":[{"taxonomy":"product_brand","embeddable":true,"href":"https:\/\/distribucionarc.com\/lt\/wp-json\/wp\/v2\/product_brand?post=6660"},{"taxonomy":"product_cat","embeddable":true,"href":"https:\/\/distribucionarc.com\/lt\/wp-json\/wp\/v2\/product_cat?post=6660"},{"taxonomy":"product_tag","embeddable":true,"href":"https:\/\/distribucionarc.com\/lt\/wp-json\/wp\/v2\/product_tag?post=6660"}],"curies":[{"name":"wp","href":"https:\/\/api.w.org\/{rel}","templated":true}]}}