{"id":6753,"date":"2024-04-25T15:59:13","date_gmt":"2024-04-25T15:59:13","guid":{"rendered":"https:\/\/distribucionarc.com\/?post_type=product&#038;p=6753"},"modified":"2024-04-25T15:59:15","modified_gmt":"2024-04-25T15:59:15","slug":"kiausiniu-baltymu-kramtomosios-tabletes-sukamoji-presavimo-masina","status":"publish","type":"product","link":"https:\/\/distribucionarc.com\/lt\/producto\/maquina-prensadora-rotativa-de-tabletas-masticables-de-proteinas-de-huevo\/","title":{"rendered":"KRAMTOMOJO KIAU\u0160INIO BALTYM\u0172 TABLET\u0116S SUKOMAS SPAUDAS"},"content":{"rendered":"<p>Atraskite <strong>HARSZP rotacin\u0117 presavimo ma\u0161ina<\/strong>, pagrindin\u0117 dalis gaminant <strong>kiau\u0161ini\u0173 baltym\u0173 kramtomosios tablet\u0117s<\/strong> farmacijos pramon\u0117je. D\u0117l neprilygstamo universalumo \u0161i ma\u0161ina gali spausti daugyb\u0119 med\u017eiag\u0173, nuo milteli\u0173 iki granuli\u0173, paversdama jas <strong>tablet\u0117s<\/strong> su tiksliomis, pritaikytomis formomis. Did\u017eiausi\u0105 d\u0117mes\u012f skirdami saugai ir tikslumui, <strong>HARSZP rotacin\u0117 presavimo ma\u0161ina<\/strong> u\u017etikrina visi\u0161k\u0105 kontrol\u0119 bet kuriuo metu. Jo funkcijos apima galimyb\u0119 reguliuoti da\u017enio keitimo greit\u012f, vidutin\u012f sl\u0117g\u012f realiuoju laiku ir visapusi\u0161k\u0105 apsaug\u0105 nuo perkrovos. Be to, jo integruota avarinio stabdymo sistema u\u017etikrina saug\u0173 ir patikim\u0105 veikim\u0105 bet kokioje situacijoje.<\/p>\n<p>&nbsp;<\/p>\n<table>\n<tbody>\n<tr>\n<td width=\"113\">Modelis<\/td>\n<td width=\"113\">HARSZP35<\/td>\n<td width=\"113\">HARSPZ43<\/td>\n<td width=\"113\">HARSPZ53<\/td>\n<td width=\"113\">HARSPZ57<\/td>\n<\/tr>\n<tr>\n<td width=\"113\">Mirk (\u017eaidimai)<\/td>\n<td width=\"113\">35<\/td>\n<td width=\"113\">43<\/td>\n<td width=\"113\">53<\/td>\n<td width=\"113\">57<\/td>\n<\/tr>\n<tr>\n<td width=\"113\">\u012eranki\u0173 tipas<\/td>\n<td width=\"113\">IPT<\/td>\n<td width=\"113\">IPT<\/td>\n<td width=\"113\">IPT<\/td>\n<td width=\"113\">IPT<\/td>\n<\/tr>\n<tr>\n<td width=\"113\">maksimalus sl\u0117gis (tonos)<\/td>\n<td width=\"113\">100<\/td>\n<td width=\"113\">100<\/td>\n<td width=\"113\">100<\/td>\n<td width=\"113\">100<\/td>\n<\/tr>\n<tr>\n<td width=\"113\">Maksimalus sl\u0117gis (tonomis)<\/td>\n<td width=\"113\">60<\/td>\n<td width=\"113\">60<\/td>\n<td width=\"113\">60<\/td>\n<td width=\"113\">60<\/td>\n<\/tr>\n<tr>\n<td width=\"113\">Tablet\u0117s skersmuo (mm)<\/td>\n<td width=\"113\">25<\/td>\n<td width=\"113\">18<\/td>\n<td width=\"113\">13<\/td>\n<td width=\"113\">11<\/td>\n<\/tr>\n<tr>\n<td width=\"113\">U\u017epildymo gylis (mm)<\/td>\n<td width=\"113\">18<\/td>\n<td width=\"113\">18<\/td>\n<td width=\"113\">18<\/td>\n<td width=\"113\">18<\/td>\n<\/tr>\n<tr>\n<td width=\"113\">Did\u017eiausias tablet\u0117s storis (mm)<\/td>\n<td width=\"113\">9<\/td>\n<td width=\"113\">9<\/td>\n<td width=\"113\">9<\/td>\n<td width=\"113\">9<\/td>\n<\/tr>\n<tr>\n<td width=\"113\">Bok\u0161telio greitis (r\/min)<\/td>\n<td width=\"113\">45<\/td>\n<td width=\"113\">45<\/td>\n<td width=\"113\">45<\/td>\n<td width=\"113\">45<\/td>\n<\/tr>\n<tr>\n<td width=\"113\">Gamybos paj\u0117gumas (vnt.\/h)<\/td>\n<td width=\"113\">189000<\/td>\n<td width=\"113\">232200<\/td>\n<td width=\"113\">286200<\/td>\n<td width=\"113\">307800<\/td>\n<\/tr>\n<tr>\n<td width=\"113\">Variklio galia (kw)<\/td>\n<td width=\"113\">11<\/td>\n<td width=\"113\">11<\/td>\n<td width=\"113\">11<\/td>\n<td width=\"113\">11<\/td>\n<\/tr>\n<tr>\n<td width=\"113\">Bendras dydis (mm)<\/td>\n<td width=\"113\">1170*<\/p>\n<p>1290*<\/p>\n<p>1750*<\/td>\n<td width=\"113\">1170*<\/p>\n<p>1290*<\/p>\n<p>1750*<\/td>\n<td width=\"113\">1170*<\/p>\n<p>1290*<\/p>\n<p>1190*<\/td>\n<td width=\"113\">1170*<\/p>\n<p>1290*<\/p>\n<p>1190*<\/td>\n<\/tr>\n<tr>\n<td width=\"113\">Grynasis svoris<\/td>\n<td width=\"113\">3500<\/td>\n<td width=\"113\">3500<\/td>\n<td width=\"113\">3500<\/td>\n<td width=\"113\">3500<\/td>\n<\/tr>\n<\/tbody>\n<\/table>\n<p>&nbsp;<\/p>\n<p>&nbsp;<\/p>","protected":false},"excerpt":{"rendered":"<p>Atraskite HARSZP rotacin\u012f pres\u0105 \u2013 esmin\u012f kramtom\u0173j\u0173 kiau\u0161ini\u0173 baltym\u0173 table\u010di\u0173 gamybos element\u0105.<\/p>","protected":false},"featured_media":6754,"comment_status":"open","ping_status":"closed","template":"","meta":{"wds_primary_product_brand":0,"wds_primary_product_cat":0},"product_brand":[],"product_cat":[84],"product_tag":[],"class_list":{"0":"post-6753","1":"product","2":"type-product","3":"status-publish","4":"has-post-thumbnail","6":"product_cat-maquinas-para-hacer-pastillas","8":"first","9":"instock","10":"taxable","11":"shipping-taxable","12":"purchasable","13":"product-type-simple"},"yoast_head":"<!-- This site is optimized with the Yoast SEO Premium plugin v24.9 (Yoast SEO v26.1) - https:\/\/yoast.com\/wordpress\/plugins\/seo\/ -->\n<title>MAQUINA PRENSADORA ROTATIVA DE TABLETAS MASTICABLES DE PROTEINAS DE HUEVO - distribuci\u00f3n ARC<\/title>\n<meta name=\"robots\" content=\"index, follow, max-snippet:-1, max-image-preview:large, max-video-preview:-1\" \/>\n<link rel=\"canonical\" href=\"https:\/\/distribucionarc.com\/lt\/produktas\/kiausiniu-baltymu-kramtomosios-tabletes-sukamoji-presavimo-masina\/\" \/>\n<meta property=\"og:locale\" content=\"lt_LT\" \/>\n<meta property=\"og:type\" content=\"article\" \/>\n<meta property=\"og:title\" content=\"MAQUINA PRENSADORA ROTATIVA DE TABLETAS MASTICABLES DE PROTEINAS DE HUEVO\" \/>\n<meta property=\"og:description\" content=\"Descubre la M\u00e1quina Prensadora Rotativa HARSZP, una pieza fundamental en la producci\u00f3n de tabletas masticables de prote\u00ednas de huevo en\" \/>\n<meta property=\"og:url\" content=\"https:\/\/distribucionarc.com\/lt\/produktas\/kiausiniu-baltymu-kramtomosios-tabletes-sukamoji-presavimo-masina\/\" \/>\n<meta property=\"og:site_name\" content=\"distribuci\u00f3n ARC\" \/>\n<meta property=\"article:modified_time\" content=\"2024-04-25T15:59:15+00:00\" \/>\n<meta property=\"og:image\" content=\"https:\/\/distribucionarc.com\/wp-content\/uploads\/2024\/04\/MAQUINA-PRENSADORA-ROTATIVA-DE-TABLETAS-MASTICABLES-DE-PROTEINAS-DE-HUEVO.jpg\" \/>\n\t<meta property=\"og:image:width\" content=\"624\" \/>\n\t<meta property=\"og:image:height\" content=\"904\" \/>\n\t<meta property=\"og:image:type\" content=\"image\/jpeg\" \/>\n<meta name=\"twitter:card\" content=\"summary_large_image\" \/>\n<meta name=\"twitter:label1\" content=\"Est. reading time\" \/>\n\t<meta name=\"twitter:data1\" content=\"1 minut\u0117\" \/>\n<script type=\"application\/ld+json\" class=\"yoast-schema-graph\">{\"@context\":\"https:\/\/schema.org\",\"@graph\":[{\"@type\":\"WebPage\",\"@id\":\"https:\/\/distribucionarc.com\/producto\/maquina-prensadora-rotativa-de-tabletas-masticables-de-proteinas-de-huevo\/\",\"url\":\"https:\/\/distribucionarc.com\/producto\/maquina-prensadora-rotativa-de-tabletas-masticables-de-proteinas-de-huevo\/\",\"name\":\"MAQUINA PRENSADORA ROTATIVA DE TABLETAS MASTICABLES DE PROTEINAS DE HUEVO - distribuci\u00f3n ARC\",\"isPartOf\":{\"@id\":\"https:\/\/www.distribucionarc.com\/de\/#website\"},\"primaryImageOfPage\":{\"@id\":\"https:\/\/distribucionarc.com\/producto\/maquina-prensadora-rotativa-de-tabletas-masticables-de-proteinas-de-huevo\/#primaryimage\"},\"image\":{\"@id\":\"https:\/\/distribucionarc.com\/producto\/maquina-prensadora-rotativa-de-tabletas-masticables-de-proteinas-de-huevo\/#primaryimage\"},\"thumbnailUrl\":\"https:\/\/distribucionarc.com\/wp-content\/uploads\/2024\/04\/MAQUINA-PRENSADORA-ROTATIVA-DE-TABLETAS-MASTICABLES-DE-PROTEINAS-DE-HUEVO.jpg\",\"datePublished\":\"2024-04-25T15:59:13+00:00\",\"dateModified\":\"2024-04-25T15:59:15+00:00\",\"breadcrumb\":{\"@id\":\"https:\/\/distribucionarc.com\/producto\/maquina-prensadora-rotativa-de-tabletas-masticables-de-proteinas-de-huevo\/#breadcrumb\"},\"inLanguage\":\"lt-LT\",\"potentialAction\":[{\"@type\":\"ReadAction\",\"target\":[\"https:\/\/distribucionarc.com\/producto\/maquina-prensadora-rotativa-de-tabletas-masticables-de-proteinas-de-huevo\/\"]}]},{\"@type\":\"ImageObject\",\"inLanguage\":\"lt-LT\",\"@id\":\"https:\/\/distribucionarc.com\/producto\/maquina-prensadora-rotativa-de-tabletas-masticables-de-proteinas-de-huevo\/#primaryimage\",\"url\":\"https:\/\/distribucionarc.com\/wp-content\/uploads\/2024\/04\/MAQUINA-PRENSADORA-ROTATIVA-DE-TABLETAS-MASTICABLES-DE-PROTEINAS-DE-HUEVO.jpg\",\"contentUrl\":\"https:\/\/distribucionarc.com\/wp-content\/uploads\/2024\/04\/MAQUINA-PRENSADORA-ROTATIVA-DE-TABLETAS-MASTICABLES-DE-PROTEINAS-DE-HUEVO.jpg\",\"width\":624,\"height\":904,\"caption\":\"#image_title\"},{\"@type\":\"BreadcrumbList\",\"@id\":\"https:\/\/distribucionarc.com\/producto\/maquina-prensadora-rotativa-de-tabletas-masticables-de-proteinas-de-huevo\/#breadcrumb\",\"itemListElement\":[{\"@type\":\"ListItem\",\"position\":1,\"name\":\"Portada\",\"item\":\"https:\/\/www.distribucionarc.com\/en\/\"},{\"@type\":\"ListItem\",\"position\":2,\"name\":\"Products\",\"item\":\"https:\/\/www.distribucionarc.com\/en\/shop\/\"},{\"@type\":\"ListItem\",\"position\":3,\"name\":\"MAQUINA PRENSADORA ROTATIVA DE TABLETAS MASTICABLES DE PROTEINAS DE HUEVO\"}]},{\"@type\":\"WebSite\",\"@id\":\"https:\/\/www.distribucionarc.com\/de\/#website\",\"url\":\"https:\/\/www.distribucionarc.com\/de\/\",\"name\":\"distribuci\u00f3n ARC\",\"description\":\"Empresa especializada en la fabricaci\u00f3n y distribuci\u00f3n de maquinaria industrial, selladoras de latas, Maquinas de hacer pastillas, Maquinas de cortar carne...\",\"publisher\":{\"@id\":\"https:\/\/www.distribucionarc.com\/de\/#organization\"},\"potentialAction\":[{\"@type\":\"SearchAction\",\"target\":{\"@type\":\"EntryPoint\",\"urlTemplate\":\"https:\/\/www.distribucionarc.com\/de\/?s={search_term_string}\"},\"query-input\":{\"@type\":\"PropertyValueSpecification\",\"valueRequired\":true,\"valueName\":\"search_term_string\"}}],\"inLanguage\":\"lt-LT\"},{\"@type\":\"Organization\",\"@id\":\"https:\/\/www.distribucionarc.com\/de\/#organization\",\"name\":\"Distribuci\u00f3n ARC\",\"url\":\"https:\/\/www.distribucionarc.com\/de\/\",\"logo\":{\"@type\":\"ImageObject\",\"inLanguage\":\"lt-LT\",\"@id\":\"https:\/\/www.distribucionarc.com\/de\/#\/schema\/logo\/image\/\",\"url\":\"https:\/\/distribucionarc.com\/wp-content\/uploads\/2024\/10\/distribucion-ARC-COLOR-SIN-FONDO-e1732295305345.png\",\"contentUrl\":\"https:\/\/distribucionarc.com\/wp-content\/uploads\/2024\/10\/distribucion-ARC-COLOR-SIN-FONDO-e1732295305345.png\",\"width\":1164,\"height\":558,\"caption\":\"Distribuci\u00f3n ARC\"},\"image\":{\"@id\":\"https:\/\/www.distribucionarc.com\/de\/#\/schema\/logo\/image\/\"},\"description\":\"Empresa especializada en la fabricaci\u00f3n y distribuci\u00f3n de maquinaria industrial para los sectores alimentario y farmac\u00e9utico. Nos especializamos en: M\u00e1quinas de cortar carne Fabricaci\u00f3n de comprimidos Sistemas de transporte industrial L\u00edneas de embotellado Dosificadores Y mucho m\u00e1s... Ofrecemos soluciones innovadoras y personalizadas para optimizar los procesos productivos de tu empresa.\",\"email\":\"Admistracion@distribucionarc.com\",\"telephone\":\"+34 643496664\",\"legalName\":\"ARC TECH SOLUTIONS\",\"foundingDate\":\"2024-04-09\",\"vatID\":\"B55480172\",\"numberOfEmployees\":{\"@type\":\"QuantitativeValue\",\"minValue\":\"1\",\"maxValue\":\"10\"}}]}<\/script>\n<!-- \/ Yoast SEO Premium plugin. -->","yoast_head_json":{"title":"KRAMOM\u0172J\u0172 KIAU\u0160INI\u0172 BALTYM\u0172 TABLET\u0172 SUKIMASIS SPAUDAVIMAS \u2013 LANKINIS paskirstymas","robots":{"index":"index","follow":"follow","max-snippet":"max-snippet:-1","max-image-preview":"max-image-preview:large","max-video-preview":"max-video-preview:-1"},"canonical":"https:\/\/distribucionarc.com\/lt\/produktas\/kiausiniu-baltymu-kramtomosios-tabletes-sukamoji-presavimo-masina\/","og_locale":"lt_LT","og_type":"article","og_title":"MAQUINA PRENSADORA ROTATIVA DE TABLETAS MASTICABLES DE PROTEINAS DE HUEVO","og_description":"Descubre la M\u00e1quina Prensadora Rotativa HARSZP, una pieza fundamental en la producci\u00f3n de tabletas masticables de prote\u00ednas de huevo en","og_url":"https:\/\/distribucionarc.com\/lt\/produktas\/kiausiniu-baltymu-kramtomosios-tabletes-sukamoji-presavimo-masina\/","og_site_name":"distribuci\u00f3n ARC","article_modified_time":"2024-04-25T15:59:15+00:00","og_image":[{"width":624,"height":904,"url":"https:\/\/distribucionarc.com\/wp-content\/uploads\/2024\/04\/MAQUINA-PRENSADORA-ROTATIVA-DE-TABLETAS-MASTICABLES-DE-PROTEINAS-DE-HUEVO.jpg","type":"image\/jpeg"}],"twitter_card":"summary_large_image","twitter_misc":{"Est. reading time":"1 minut\u0117"},"schema":{"@context":"https:\/\/schema.org","@graph":[{"@type":"WebPage","@id":"https:\/\/distribucionarc.com\/producto\/maquina-prensadora-rotativa-de-tabletas-masticables-de-proteinas-de-huevo\/","url":"https:\/\/distribucionarc.com\/producto\/maquina-prensadora-rotativa-de-tabletas-masticables-de-proteinas-de-huevo\/","name":"KRAMOM\u0172J\u0172 KIAU\u0160INI\u0172 BALTYM\u0172 TABLET\u0172 SUKIMASIS SPAUDAVIMAS \u2013 LANKINIS paskirstymas","isPartOf":{"@id":"https:\/\/www.distribucionarc.com\/de\/#website"},"primaryImageOfPage":{"@id":"https:\/\/distribucionarc.com\/producto\/maquina-prensadora-rotativa-de-tabletas-masticables-de-proteinas-de-huevo\/#primaryimage"},"image":{"@id":"https:\/\/distribucionarc.com\/producto\/maquina-prensadora-rotativa-de-tabletas-masticables-de-proteinas-de-huevo\/#primaryimage"},"thumbnailUrl":"https:\/\/distribucionarc.com\/wp-content\/uploads\/2024\/04\/MAQUINA-PRENSADORA-ROTATIVA-DE-TABLETAS-MASTICABLES-DE-PROTEINAS-DE-HUEVO.jpg","datePublished":"2024-04-25T15:59:13+00:00","dateModified":"2024-04-25T15:59:15+00:00","breadcrumb":{"@id":"https:\/\/distribucionarc.com\/producto\/maquina-prensadora-rotativa-de-tabletas-masticables-de-proteinas-de-huevo\/#breadcrumb"},"inLanguage":"lt-LT","potentialAction":[{"@type":"ReadAction","target":["https:\/\/distribucionarc.com\/producto\/maquina-prensadora-rotativa-de-tabletas-masticables-de-proteinas-de-huevo\/"]}]},{"@type":"ImageObject","inLanguage":"lt-LT","@id":"https:\/\/distribucionarc.com\/producto\/maquina-prensadora-rotativa-de-tabletas-masticables-de-proteinas-de-huevo\/#primaryimage","url":"https:\/\/distribucionarc.com\/wp-content\/uploads\/2024\/04\/MAQUINA-PRENSADORA-ROTATIVA-DE-TABLETAS-MASTICABLES-DE-PROTEINAS-DE-HUEVO.jpg","contentUrl":"https:\/\/distribucionarc.com\/wp-content\/uploads\/2024\/04\/MAQUINA-PRENSADORA-ROTATIVA-DE-TABLETAS-MASTICABLES-DE-PROTEINAS-DE-HUEVO.jpg","width":624,"height":904,"caption":"#image_title"},{"@type":"BreadcrumbList","@id":"https:\/\/distribucionarc.com\/producto\/maquina-prensadora-rotativa-de-tabletas-masticables-de-proteinas-de-huevo\/#breadcrumb","itemListElement":[{"@type":"ListItem","position":1,"name":"Portada","item":"https:\/\/www.distribucionarc.com\/en\/"},{"@type":"ListItem","position":2,"name":"Products","item":"https:\/\/www.distribucionarc.com\/en\/shop\/"},{"@type":"ListItem","position":3,"name":"MAQUINA PRENSADORA ROTATIVA DE TABLETAS MASTICABLES DE PROTEINAS DE HUEVO"}]},{"@type":"WebSite","@id":"https:\/\/www.distribucionarc.com\/de\/#website","url":"https:\/\/www.distribucionarc.com\/de\/","name":"ARC paskirstymas","description":"\u012emon\u0117 specializuojasi pramonini\u0173 ma\u0161in\u0173, skardini\u0173 sandarinimo ma\u0161in\u0173, table\u010di\u0173 gamybos ma\u0161in\u0173, m\u0117sos pjaustymo ma\u0161in\u0173 gamyboje ir platinime...","publisher":{"@id":"https:\/\/www.distribucionarc.com\/de\/#organization"},"potentialAction":[{"@type":"SearchAction","target":{"@type":"EntryPoint","urlTemplate":"https:\/\/www.distribucionarc.com\/de\/?s={search_term_string}"},"query-input":{"@type":"PropertyValueSpecification","valueRequired":true,"valueName":"search_term_string"}}],"inLanguage":"lt-LT"},{"@type":"Organization","@id":"https:\/\/www.distribucionarc.com\/de\/#organization","name":"ARC platinimas","url":"https:\/\/www.distribucionarc.com\/de\/","logo":{"@type":"ImageObject","inLanguage":"lt-LT","@id":"https:\/\/www.distribucionarc.com\/de\/#\/schema\/logo\/image\/","url":"https:\/\/distribucionarc.com\/wp-content\/uploads\/2024\/10\/distribucion-ARC-COLOR-SIN-FONDO-e1732295305345.png","contentUrl":"https:\/\/distribucionarc.com\/wp-content\/uploads\/2024\/10\/distribucion-ARC-COLOR-SIN-FONDO-e1732295305345.png","width":1164,"height":558,"caption":"Distribuci\u00f3n ARC"},"image":{"@id":"https:\/\/www.distribucionarc.com\/de\/#\/schema\/logo\/image\/"},"description":"\u012emon\u0117 specializuojasi maisto ir farmacijos sektoriams skirt\u0173 pramonini\u0173 ma\u0161in\u0173 gamyboje ir platinime. M\u016bs\u0173 specializacija: M\u0117sos pjaustymo ma\u0161inos Table\u010di\u0173 gamyba Pramonin\u0117s transportavimo sistemos I\u0161pilstymo linijos Dozatoriai Ir dar daugiau... Si\u016blome novatori\u0161kus ir individualiems poreikiams pritaikytus sprendimus, kad optimizuotume j\u016bs\u0173 \u012fmon\u0117s gamybos procesus.","email":"Admistracion@distribucionarc.com","telephone":"+34 643496664","legalName":"ARC TECH SOLUTIONS","foundingDate":"2024-04-09","vatID":"B55480172","numberOfEmployees":{"@type":"QuantitativeValue","minValue":"1","maxValue":"10"}}]}},"_links":{"self":[{"href":"https:\/\/distribucionarc.com\/lt\/wp-json\/wp\/v2\/product\/6753","targetHints":{"allow":["GET"]}}],"collection":[{"href":"https:\/\/distribucionarc.com\/lt\/wp-json\/wp\/v2\/product"}],"about":[{"href":"https:\/\/distribucionarc.com\/lt\/wp-json\/wp\/v2\/types\/product"}],"replies":[{"embeddable":true,"href":"https:\/\/distribucionarc.com\/lt\/wp-json\/wp\/v2\/comments?post=6753"}],"version-history":[{"count":0,"href":"https:\/\/distribucionarc.com\/lt\/wp-json\/wp\/v2\/product\/6753\/revisions"}],"wp:featuredmedia":[{"embeddable":true,"href":"https:\/\/distribucionarc.com\/lt\/wp-json\/wp\/v2\/media\/6754"}],"wp:attachment":[{"href":"https:\/\/distribucionarc.com\/lt\/wp-json\/wp\/v2\/media?parent=6753"}],"wp:term":[{"taxonomy":"product_brand","embeddable":true,"href":"https:\/\/distribucionarc.com\/lt\/wp-json\/wp\/v2\/product_brand?post=6753"},{"taxonomy":"product_cat","embeddable":true,"href":"https:\/\/distribucionarc.com\/lt\/wp-json\/wp\/v2\/product_cat?post=6753"},{"taxonomy":"product_tag","embeddable":true,"href":"https:\/\/distribucionarc.com\/lt\/wp-json\/wp\/v2\/product_tag?post=6753"}],"curies":[{"name":"wp","href":"https:\/\/api.w.org\/{rel}","templated":true}]}}