{"id":6759,"date":"2024-04-25T16:15:18","date_gmt":"2024-04-25T16:15:18","guid":{"rendered":"https:\/\/distribucionarc.com\/?post_type=product&#038;p=6759"},"modified":"2024-04-25T16:15:20","modified_gmt":"2024-04-25T16:15:20","slug":"putojancios-tabletes-sutankinimo-masina","status":"publish","type":"product","link":"https:\/\/distribucionarc.com\/lt\/producto\/maquina-compactadora-de-tabletas-esfervescentes\/","title":{"rendered":"\u0160VYN\u010cIOSIOS PLASTET\u0116S KOMPAKTORIAUS MA\u0160INOS"},"content":{"rendered":"<p>Atraskite tobulum\u0105 <strong>\u0161nyp\u0161\u010di\u0173j\u0173 table\u010di\u0173 gamyba<\/strong> su <strong>ZARP-5E\/7E\/9E serijos sukamoji presavimo ma\u0161ina,<\/strong> specialiai sukurtas farmacijos pramonei. \u012erengta PLC valdymo technologija ir pagaminta i\u0161 SS304 ner\u016bdijan\u010dio plieno, \u0161i ma\u0161ina si\u016blo neprilygstam\u0105 kokyb\u0117s ir ilgaam\u017ei\u0161kumo derin\u012f.<strong> ZARP-5E\/7E\/9E serijos rotacinis presavimo aparatas<\/strong> visada u\u017etikrina j\u016bs\u0173 farmacijos produkt\u0173 vientisum\u0105. Be to, jo apsaugos nuo perkrovos sistema u\u017etikrina saug\u0173 ir be problem\u0173 veikim\u0105. Pasitik\u0117kite jos tikslumu ir patikimumu <strong>Rotorinis spaudos aparatas<\/strong> pakelti savo gamybos standart\u0105<strong> putojan\u010dios tablet\u0117s<\/strong> kuris pasiekia naujus efektyvumo ir kokyb\u0117s lygius j\u016bs\u0173 vaist\u0173 gamybos procese.<\/p>\n<p>&nbsp;<\/p>\n<table>\n<tbody>\n<tr>\n<td width=\"142\">Modelis<\/td>\n<td width=\"142\">ZARP-5E<\/td>\n<td width=\"142\">ZARP-7E<\/td>\n<td width=\"142\">ZARP-9E<\/td>\n<\/tr>\n<tr>\n<td width=\"142\">\u017daidimai<\/td>\n<td width=\"142\">5<\/td>\n<td width=\"142\">7<\/td>\n<td width=\"142\">9<\/td>\n<\/tr>\n<tr>\n<td width=\"142\">Maksimalus sl\u0117gis (tonos)<\/td>\n<td width=\"142\">50<\/td>\n<td width=\"142\">50<\/td>\n<td width=\"142\">50<\/td>\n<\/tr>\n<tr>\n<td width=\"142\">Tablet\u0117s skersmuo (mm)<\/td>\n<td width=\"142\">12(14)<\/td>\n<td width=\"142\">12(14)<\/td>\n<td width=\"142\">12(14)<\/td>\n<\/tr>\n<tr>\n<td width=\"142\">Did\u017eiausias u\u017epildymo gylis (mm)<\/td>\n<td width=\"142\">15<\/td>\n<td width=\"142\">15<\/td>\n<td width=\"142\">15<\/td>\n<\/tr>\n<tr>\n<td width=\"142\">Maksimalus tablet\u0117s storis (mm)<\/td>\n<td width=\"142\">6<\/td>\n<td width=\"142\">6<\/td>\n<td width=\"142\">6<\/td>\n<\/tr>\n<tr>\n<td width=\"142\">Bok\u0161telio greitis (r-min.)<\/td>\n<td width=\"142\">30<\/td>\n<td width=\"142\">30<\/td>\n<td width=\"142\">30<\/td>\n<\/tr>\n<tr>\n<td width=\"142\">Gamybos paj\u0117gumas (vnt.\/h)<\/td>\n<td width=\"142\">9000<\/td>\n<td width=\"142\">12600<\/td>\n<td width=\"142\">16200<\/td>\n<\/tr>\n<tr>\n<td width=\"142\">Variklio galia (kw)<\/td>\n<td width=\"142\">1.5<\/td>\n<td width=\"142\">1.5<\/td>\n<td width=\"142\">1.5<\/td>\n<\/tr>\n<tr>\n<td width=\"142\">Bendras dydis (mm)<\/td>\n<td width=\"142\">480*<\/p>\n<p>630*<\/p>\n<p>1100*<\/td>\n<td width=\"142\">480*<\/p>\n<p>630*<\/p>\n<p>1100*<\/td>\n<td width=\"142\">480*<\/p>\n<p>630*<\/p>\n<p>1100*<\/td>\n<\/tr>\n<tr>\n<td width=\"142\">Svoris<\/td>\n<td width=\"142\">220 kg<\/td>\n<td width=\"142\">&nbsp;<\/td>\n<td width=\"142\">&nbsp;<\/td>\n<\/tr>\n<\/tbody>\n<\/table>","protected":false},"excerpt":{"rendered":"<p>Atraskite putojan\u010di\u0173 table\u010di\u0173 gamybos meistri\u0161kum\u0105 su ZARP-5E\/7E\/9E serijos rotaciniu table\u010di\u0173 presavimo aparatu, sukurtu...<\/p>","protected":false},"featured_media":6761,"comment_status":"open","ping_status":"closed","template":"","meta":{"wds_primary_product_brand":0,"wds_primary_product_cat":0},"product_brand":[],"product_cat":[266],"product_tag":[],"class_list":{"0":"post-6759","1":"product","2":"type-product","3":"status-publish","4":"has-post-thumbnail","6":"product_cat-accessories","8":"first","9":"instock","10":"taxable","11":"shipping-taxable","12":"purchasable","13":"product-type-simple"},"yoast_head":"<!-- This site is optimized with the Yoast SEO Premium plugin v24.9 (Yoast SEO v26.1) - https:\/\/yoast.com\/wordpress\/plugins\/seo\/ -->\n<title>MAQUINA COMPACTADORA DE TABLETAS ESFERVESCENTES - distribuci\u00f3n ARC<\/title>\n<meta name=\"robots\" content=\"index, follow, max-snippet:-1, max-image-preview:large, max-video-preview:-1\" \/>\n<link rel=\"canonical\" href=\"https:\/\/distribucionarc.com\/lt\/produktas\/putojancios-tabletes-sutankinimo-masina\/\" \/>\n<meta property=\"og:locale\" content=\"lt_LT\" \/>\n<meta property=\"og:type\" content=\"article\" \/>\n<meta property=\"og:title\" content=\"MAQUINA COMPACTADORA DE TABLETAS ESFERVESCENTES\" \/>\n<meta property=\"og:description\" content=\"Descubre la excelencia en la producci\u00f3n de tabletas efervescentes con la M\u00e1quina Prensadora compactadora Rotativa de la serie ZARP-5E\/7E\/9E, dise\u00f1ada\" \/>\n<meta property=\"og:url\" content=\"https:\/\/distribucionarc.com\/lt\/produktas\/putojancios-tabletes-sutankinimo-masina\/\" \/>\n<meta property=\"og:site_name\" content=\"distribuci\u00f3n ARC\" \/>\n<meta property=\"article:modified_time\" content=\"2024-04-25T16:15:20+00:00\" \/>\n<meta property=\"og:image\" content=\"https:\/\/distribucionarc.com\/wp-content\/uploads\/2024\/04\/MAQUINA-COMPACTADORA-DE-TABLETAS-ESFERVESCENTES.jpg\" \/>\n\t<meta property=\"og:image:width\" content=\"496\" \/>\n\t<meta property=\"og:image:height\" content=\"856\" \/>\n\t<meta property=\"og:image:type\" content=\"image\/jpeg\" \/>\n<meta name=\"twitter:card\" content=\"summary_large_image\" \/>\n<meta name=\"twitter:label1\" content=\"Est. reading time\" \/>\n\t<meta name=\"twitter:data1\" content=\"1 minut\u0117\" \/>\n<script type=\"application\/ld+json\" class=\"yoast-schema-graph\">{\"@context\":\"https:\/\/schema.org\",\"@graph\":[{\"@type\":\"WebPage\",\"@id\":\"https:\/\/distribucionarc.com\/ro\/producto\/maquina-compactadora-de-tabletas-esfervescentes\/\",\"url\":\"https:\/\/distribucionarc.com\/ro\/producto\/maquina-compactadora-de-tabletas-esfervescentes\/\",\"name\":\"MAQUINA COMPACTADORA DE TABLETAS ESFERVESCENTES - distribuci\u00f3n ARC\",\"isPartOf\":{\"@id\":\"https:\/\/distribucionarc.com\/de\/#website\"},\"primaryImageOfPage\":{\"@id\":\"https:\/\/distribucionarc.com\/ro\/producto\/maquina-compactadora-de-tabletas-esfervescentes\/#primaryimage\"},\"image\":{\"@id\":\"https:\/\/distribucionarc.com\/ro\/producto\/maquina-compactadora-de-tabletas-esfervescentes\/#primaryimage\"},\"thumbnailUrl\":\"https:\/\/distribucionarc.com\/wp-content\/uploads\/2024\/04\/MAQUINA-COMPACTADORA-DE-TABLETAS-ESFERVESCENTES.jpg\",\"datePublished\":\"2024-04-25T16:15:18+00:00\",\"dateModified\":\"2024-04-25T16:15:20+00:00\",\"breadcrumb\":{\"@id\":\"https:\/\/distribucionarc.com\/ro\/producto\/maquina-compactadora-de-tabletas-esfervescentes\/#breadcrumb\"},\"inLanguage\":\"lt-LT\",\"potentialAction\":[{\"@type\":\"ReadAction\",\"target\":[\"https:\/\/distribucionarc.com\/ro\/producto\/maquina-compactadora-de-tabletas-esfervescentes\/\"]}]},{\"@type\":\"ImageObject\",\"inLanguage\":\"lt-LT\",\"@id\":\"https:\/\/distribucionarc.com\/ro\/producto\/maquina-compactadora-de-tabletas-esfervescentes\/#primaryimage\",\"url\":\"https:\/\/distribucionarc.com\/wp-content\/uploads\/2024\/04\/MAQUINA-COMPACTADORA-DE-TABLETAS-ESFERVESCENTES.jpg\",\"contentUrl\":\"https:\/\/distribucionarc.com\/wp-content\/uploads\/2024\/04\/MAQUINA-COMPACTADORA-DE-TABLETAS-ESFERVESCENTES.jpg\",\"width\":496,\"height\":856,\"caption\":\"#image_title\"},{\"@type\":\"BreadcrumbList\",\"@id\":\"https:\/\/distribucionarc.com\/ro\/producto\/maquina-compactadora-de-tabletas-esfervescentes\/#breadcrumb\",\"itemListElement\":[{\"@type\":\"ListItem\",\"position\":1,\"name\":\"Portada\",\"item\":\"https:\/\/distribucionarc.com\/pl\/\"},{\"@type\":\"ListItem\",\"position\":2,\"name\":\"Produkty\",\"item\":\"https:\/\/distribucionarc.com\/pl\/shop\/\"},{\"@type\":\"ListItem\",\"position\":3,\"name\":\"MAQUINA COMPACTADORA DE TABLETAS ESFERVESCENTES\"}]},{\"@type\":\"WebSite\",\"@id\":\"https:\/\/distribucionarc.com\/de\/#website\",\"url\":\"https:\/\/distribucionarc.com\/de\/\",\"name\":\"distribuci\u00f3n ARC\",\"description\":\"Empresa especializada en la fabricaci\u00f3n y distribuci\u00f3n de maquinaria industrial, selladoras de latas, Maquinas de hacer pastillas, Maquinas de cortar carne...\",\"publisher\":{\"@id\":\"https:\/\/distribucionarc.com\/de\/#organization\"},\"potentialAction\":[{\"@type\":\"SearchAction\",\"target\":{\"@type\":\"EntryPoint\",\"urlTemplate\":\"https:\/\/distribucionarc.com\/de\/?s={search_term_string}\"},\"query-input\":{\"@type\":\"PropertyValueSpecification\",\"valueRequired\":true,\"valueName\":\"search_term_string\"}}],\"inLanguage\":\"lt-LT\"},{\"@type\":\"Organization\",\"@id\":\"https:\/\/distribucionarc.com\/de\/#organization\",\"name\":\"Distribuci\u00f3n ARC\",\"url\":\"https:\/\/distribucionarc.com\/de\/\",\"logo\":{\"@type\":\"ImageObject\",\"inLanguage\":\"lt-LT\",\"@id\":\"https:\/\/distribucionarc.com\/de\/#\/schema\/logo\/image\/\",\"url\":\"https:\/\/distribucionarc.com\/wp-content\/uploads\/2024\/10\/distribucion-ARC-COLOR-SIN-FONDO-e1732295305345.png\",\"contentUrl\":\"https:\/\/distribucionarc.com\/wp-content\/uploads\/2024\/10\/distribucion-ARC-COLOR-SIN-FONDO-e1732295305345.png\",\"width\":1164,\"height\":558,\"caption\":\"Distribuci\u00f3n ARC\"},\"image\":{\"@id\":\"https:\/\/distribucionarc.com\/de\/#\/schema\/logo\/image\/\"},\"description\":\"Empresa especializada en la fabricaci\u00f3n y distribuci\u00f3n de maquinaria industrial para los sectores alimentario y farmac\u00e9utico. Nos especializamos en: M\u00e1quinas de cortar carne Fabricaci\u00f3n de comprimidos Sistemas de transporte industrial L\u00edneas de embotellado Dosificadores Y mucho m\u00e1s... Ofrecemos soluciones innovadoras y personalizadas para optimizar los procesos productivos de tu empresa.\",\"email\":\"Admistracion@distribucionarc.com\",\"telephone\":\"+34 643496664\",\"legalName\":\"ARC TECH SOLUTIONS\",\"foundingDate\":\"2024-04-09\",\"vatID\":\"B55480172\",\"numberOfEmployees\":{\"@type\":\"QuantitativeValue\",\"minValue\":\"1\",\"maxValue\":\"10\"}}]}<\/script>\n<!-- \/ Yoast SEO Premium plugin. -->","yoast_head_json":{"title":"\u0160VIRTIN\u0116S PLASTET\u0116S TANKINIMO MA\u0160INOS - ARC paskirstymas","robots":{"index":"index","follow":"follow","max-snippet":"max-snippet:-1","max-image-preview":"max-image-preview:large","max-video-preview":"max-video-preview:-1"},"canonical":"https:\/\/distribucionarc.com\/lt\/produktas\/putojancios-tabletes-sutankinimo-masina\/","og_locale":"lt_LT","og_type":"article","og_title":"MAQUINA COMPACTADORA DE TABLETAS ESFERVESCENTES","og_description":"Descubre la excelencia en la producci\u00f3n de tabletas efervescentes con la M\u00e1quina Prensadora compactadora Rotativa de la serie ZARP-5E\/7E\/9E, dise\u00f1ada","og_url":"https:\/\/distribucionarc.com\/lt\/produktas\/putojancios-tabletes-sutankinimo-masina\/","og_site_name":"distribuci\u00f3n ARC","article_modified_time":"2024-04-25T16:15:20+00:00","og_image":[{"width":496,"height":856,"url":"https:\/\/distribucionarc.com\/wp-content\/uploads\/2024\/04\/MAQUINA-COMPACTADORA-DE-TABLETAS-ESFERVESCENTES.jpg","type":"image\/jpeg"}],"twitter_card":"summary_large_image","twitter_misc":{"Est. reading time":"1 minut\u0117"},"schema":{"@context":"https:\/\/schema.org","@graph":[{"@type":"WebPage","@id":"https:\/\/distribucionarc.com\/ro\/producto\/maquina-compactadora-de-tabletas-esfervescentes\/","url":"https:\/\/distribucionarc.com\/ro\/producto\/maquina-compactadora-de-tabletas-esfervescentes\/","name":"\u0160VIRTIN\u0116S PLASTET\u0116S TANKINIMO MA\u0160INOS - ARC paskirstymas","isPartOf":{"@id":"https:\/\/distribucionarc.com\/de\/#website"},"primaryImageOfPage":{"@id":"https:\/\/distribucionarc.com\/ro\/producto\/maquina-compactadora-de-tabletas-esfervescentes\/#primaryimage"},"image":{"@id":"https:\/\/distribucionarc.com\/ro\/producto\/maquina-compactadora-de-tabletas-esfervescentes\/#primaryimage"},"thumbnailUrl":"https:\/\/distribucionarc.com\/wp-content\/uploads\/2024\/04\/MAQUINA-COMPACTADORA-DE-TABLETAS-ESFERVESCENTES.jpg","datePublished":"2024-04-25T16:15:18+00:00","dateModified":"2024-04-25T16:15:20+00:00","breadcrumb":{"@id":"https:\/\/distribucionarc.com\/ro\/producto\/maquina-compactadora-de-tabletas-esfervescentes\/#breadcrumb"},"inLanguage":"lt-LT","potentialAction":[{"@type":"ReadAction","target":["https:\/\/distribucionarc.com\/ro\/producto\/maquina-compactadora-de-tabletas-esfervescentes\/"]}]},{"@type":"ImageObject","inLanguage":"lt-LT","@id":"https:\/\/distribucionarc.com\/ro\/producto\/maquina-compactadora-de-tabletas-esfervescentes\/#primaryimage","url":"https:\/\/distribucionarc.com\/wp-content\/uploads\/2024\/04\/MAQUINA-COMPACTADORA-DE-TABLETAS-ESFERVESCENTES.jpg","contentUrl":"https:\/\/distribucionarc.com\/wp-content\/uploads\/2024\/04\/MAQUINA-COMPACTADORA-DE-TABLETAS-ESFERVESCENTES.jpg","width":496,"height":856,"caption":"#image_title"},{"@type":"BreadcrumbList","@id":"https:\/\/distribucionarc.com\/ro\/producto\/maquina-compactadora-de-tabletas-esfervescentes\/#breadcrumb","itemListElement":[{"@type":"ListItem","position":1,"name":"Portada","item":"https:\/\/distribucionarc.com\/pl\/"},{"@type":"ListItem","position":2,"name":"Produkty","item":"https:\/\/distribucionarc.com\/pl\/shop\/"},{"@type":"ListItem","position":3,"name":"MAQUINA COMPACTADORA DE TABLETAS ESFERVESCENTES"}]},{"@type":"WebSite","@id":"https:\/\/distribucionarc.com\/de\/#website","url":"https:\/\/distribucionarc.com\/de\/","name":"ARC paskirstymas","description":"\u012emon\u0117 specializuojasi pramonini\u0173 ma\u0161in\u0173, skardini\u0173 sandarinimo ma\u0161in\u0173, table\u010di\u0173 gamybos ma\u0161in\u0173, m\u0117sos pjaustymo ma\u0161in\u0173 gamyboje ir platinime...","publisher":{"@id":"https:\/\/distribucionarc.com\/de\/#organization"},"potentialAction":[{"@type":"SearchAction","target":{"@type":"EntryPoint","urlTemplate":"https:\/\/distribucionarc.com\/de\/?s={search_term_string}"},"query-input":{"@type":"PropertyValueSpecification","valueRequired":true,"valueName":"search_term_string"}}],"inLanguage":"lt-LT"},{"@type":"Organization","@id":"https:\/\/distribucionarc.com\/de\/#organization","name":"ARC platinimas","url":"https:\/\/distribucionarc.com\/de\/","logo":{"@type":"ImageObject","inLanguage":"lt-LT","@id":"https:\/\/distribucionarc.com\/de\/#\/schema\/logo\/image\/","url":"https:\/\/distribucionarc.com\/wp-content\/uploads\/2024\/10\/distribucion-ARC-COLOR-SIN-FONDO-e1732295305345.png","contentUrl":"https:\/\/distribucionarc.com\/wp-content\/uploads\/2024\/10\/distribucion-ARC-COLOR-SIN-FONDO-e1732295305345.png","width":1164,"height":558,"caption":"Distribuci\u00f3n ARC"},"image":{"@id":"https:\/\/distribucionarc.com\/de\/#\/schema\/logo\/image\/"},"description":"\u012emon\u0117 specializuojasi maisto ir farmacijos sektoriams skirt\u0173 pramonini\u0173 ma\u0161in\u0173 gamyboje ir platinime. M\u016bs\u0173 specializacija: M\u0117sos pjaustymo ma\u0161inos Table\u010di\u0173 gamyba Pramonin\u0117s transportavimo sistemos I\u0161pilstymo linijos Dozatoriai Ir dar daugiau... Si\u016blome novatori\u0161kus ir individualiems poreikiams pritaikytus sprendimus, kad optimizuotume j\u016bs\u0173 \u012fmon\u0117s gamybos procesus.","email":"Admistracion@distribucionarc.com","telephone":"+34 643496664","legalName":"ARC TECH SOLUTIONS","foundingDate":"2024-04-09","vatID":"B55480172","numberOfEmployees":{"@type":"QuantitativeValue","minValue":"1","maxValue":"10"}}]}},"_links":{"self":[{"href":"https:\/\/distribucionarc.com\/lt\/wp-json\/wp\/v2\/product\/6759","targetHints":{"allow":["GET"]}}],"collection":[{"href":"https:\/\/distribucionarc.com\/lt\/wp-json\/wp\/v2\/product"}],"about":[{"href":"https:\/\/distribucionarc.com\/lt\/wp-json\/wp\/v2\/types\/product"}],"replies":[{"embeddable":true,"href":"https:\/\/distribucionarc.com\/lt\/wp-json\/wp\/v2\/comments?post=6759"}],"version-history":[{"count":0,"href":"https:\/\/distribucionarc.com\/lt\/wp-json\/wp\/v2\/product\/6759\/revisions"}],"wp:featuredmedia":[{"embeddable":true,"href":"https:\/\/distribucionarc.com\/lt\/wp-json\/wp\/v2\/media\/6761"}],"wp:attachment":[{"href":"https:\/\/distribucionarc.com\/lt\/wp-json\/wp\/v2\/media?parent=6759"}],"wp:term":[{"taxonomy":"product_brand","embeddable":true,"href":"https:\/\/distribucionarc.com\/lt\/wp-json\/wp\/v2\/product_brand?post=6759"},{"taxonomy":"product_cat","embeddable":true,"href":"https:\/\/distribucionarc.com\/lt\/wp-json\/wp\/v2\/product_cat?post=6759"},{"taxonomy":"product_tag","embeddable":true,"href":"https:\/\/distribucionarc.com\/lt\/wp-json\/wp\/v2\/product_tag?post=6759"}],"curies":[{"name":"wp","href":"https:\/\/api.w.org\/{rel}","templated":true}]}}