{"id":6777,"date":"2024-04-25T17:03:46","date_gmt":"2024-04-25T17:03:46","guid":{"rendered":"https:\/\/distribucionarc.com\/?post_type=product&#038;p=6777"},"modified":"2024-04-25T17:03:49","modified_gmt":"2024-04-25T17:03:49","slug":"tableciu-spaudimo-masina-vitaminu-stiprinimui-tabletems","status":"publish","type":"product","link":"https:\/\/distribucionarc.com\/lt\/producto\/maquina-prensadora-de-tabletas-para-pildoras-potenciadoras-de-vitaminas\/","title":{"rendered":"Table\u010di\u0173 presavimo ma\u0161ina, skirta VITAMIN\u0172 STIPRINIMO TILIL\u0116MS"},"content":{"rendered":"<p>Supa\u017eindiname su<strong> ZARPW serijos rotacini\u0173 plan\u0161etini\u0173 kompiuteri\u0173 presavimo aparatas<\/strong>, skirtas efektyviai gaminti<strong> vitaminus stiprinan\u010dios tablet\u0117s<\/strong> farmacijos pramon\u0117je. \u0160i ma\u0161ina yra geriausias pasirinkimas milteliams ir gr\u016bdams presuoti <strong>tablet\u0117s<\/strong> \u012fvairi\u0173 form\u0173, u\u017etikrinan\u010di\u0173 nuosekli\u0105, kokybi\u0161k\u0105 gamyb\u0105. \u0160i ma\u0161ina u\u017etikrina saugi\u0105 ir sanitarin\u0119 darbo aplink\u0105. Pirmenyb\u0119 teikiant saugumui ir patikimumui, ma\u0161ina turi apsaugos nuo perkrovos \u012ftais\u0105, kuris automati\u0161kai sustabdo veikim\u0105 esant pertekliniam sl\u0117giui, u\u017etikrindamas \u012frangos vientisum\u0105 ir galutinio produkto kokyb\u0119. Atraskite tobulum\u0105 <strong>vitamin\u0173 stiprinimui skirt\u0173 table\u010di\u0173 gamyba<\/strong> su <strong>ZARPW rotacini\u0173 plan\u0161etini\u0173 kompiuteri\u0173 presavimo aparatas<\/strong>, patikima ir efektyvi investicija, atitinkanti reikliausius farmacijos rinkos poreikius.<\/p>\n<p>&nbsp;<\/p>\n<table>\n<tbody>\n<tr>\n<td width=\"142\">Modelis<\/td>\n<td width=\"142\">ZARPW-5A<\/td>\n<td width=\"142\">ZARPW-7A<\/td>\n<td width=\"142\">ZARPW-9A<\/td>\n<\/tr>\n<tr>\n<td width=\"142\">\u017daidimai<\/td>\n<td width=\"142\">6<\/td>\n<td width=\"142\">7<\/td>\n<td width=\"142\">9<\/td>\n<\/tr>\n<tr>\n<td width=\"142\">Maksimalus sl\u0117gis (tonos)<\/td>\n<td width=\"142\">80<\/td>\n<td width=\"142\">80<\/td>\n<td width=\"142\">80<\/td>\n<\/tr>\n<tr>\n<td width=\"142\">Maksimalus skersmuo U\u017epildymas (mm)<\/td>\n<td width=\"142\">20<\/td>\n<td width=\"142\">20<\/td>\n<td width=\"142\">20<\/td>\n<\/tr>\n<tr>\n<td width=\"142\">Maksimalus gylis U\u017epildymas (;mm)<\/td>\n<td width=\"142\">20<\/td>\n<td width=\"142\">20<\/td>\n<td width=\"142\">20<\/td>\n<\/tr>\n<tr>\n<td width=\"142\">Maksimalus tablet\u0117s storis (mm)<\/td>\n<td width=\"142\">9<\/td>\n<td width=\"142\">9<\/td>\n<td width=\"142\">9<\/td>\n<\/tr>\n<tr>\n<td width=\"142\">Bok\u0161telio greitis (r\/min)<\/td>\n<td width=\"142\">30<\/td>\n<td width=\"142\">30<\/td>\n<td width=\"142\">30<\/td>\n<\/tr>\n<tr>\n<td width=\"142\">Gamybos paj\u0117gumas (vnt.\/h)<\/td>\n<td width=\"142\">16200<\/td>\n<td width=\"142\">12600<\/p>\n<p>&nbsp;<\/td>\n<td width=\"142\">16200<\/td>\n<\/tr>\n<tr>\n<td width=\"142\">Variklio galia (kw)<\/td>\n<td width=\"142\">3.0<\/td>\n<td width=\"142\">3.0<\/td>\n<td width=\"142\">3.0<\/td>\n<\/tr>\n<tr>\n<td width=\"142\">Bendras dydis (mm)<\/td>\n<td width=\"142\">670*<\/p>\n<p>720*<\/p>\n<p>1200*<\/td>\n<td width=\"142\">670*<\/p>\n<p>720*<\/p>\n<p>1200*<\/td>\n<td width=\"142\">670*<\/p>\n<p>720*<\/p>\n<p>1200*<\/td>\n<\/tr>\n<tr>\n<td width=\"142\">Grynasis svoris (kg)<\/td>\n<td width=\"142\">230<\/td>\n<td width=\"142\">230<\/td>\n<td width=\"142\">230<\/td>\n<\/tr>\n<\/tbody>\n<\/table>","protected":false},"excerpt":{"rendered":"<p>Pristatome ZARPW serijos rotacin\u012f table\u010di\u0173 presavimo aparat\u0105, skirt\u0105 efektyviai energij\u0105 suteikian\u010di\u0173 table\u010di\u0173 gamybai.<\/p>","protected":false},"featured_media":6788,"comment_status":"open","ping_status":"closed","template":"","meta":{"wds_primary_product_brand":0,"wds_primary_product_cat":0},"product_brand":[],"product_cat":[84],"product_tag":[],"class_list":{"0":"post-6777","1":"product","2":"type-product","3":"status-publish","4":"has-post-thumbnail","6":"product_cat-maquinas-para-hacer-pastillas","8":"first","9":"instock","10":"taxable","11":"shipping-taxable","12":"purchasable","13":"product-type-simple"},"yoast_head":"<!-- This site is optimized with the Yoast SEO Premium plugin v24.9 (Yoast SEO v26.1) - https:\/\/yoast.com\/wordpress\/plugins\/seo\/ -->\n<title>MAQUINA PRENSADORA DE TABLETAS PARA PILDORAS POTENCIADORAS DE VITAMINAS - distribuci\u00f3n ARC<\/title>\n<meta name=\"robots\" content=\"index, follow, max-snippet:-1, max-image-preview:large, max-video-preview:-1\" \/>\n<link rel=\"canonical\" href=\"https:\/\/www.distribucionarc.com\/sl\/producto\/maquina-prensadora-de-tabletas-para-pildoras-potenciadoras-de-vitaminas\/\" \/>\n<meta property=\"og:locale\" content=\"lt_LT\" \/>\n<meta property=\"og:type\" content=\"article\" \/>\n<meta property=\"og:title\" content=\"MAQUINA PRENSADORA DE TABLETAS PARA PILDORAS POTENCIADORAS DE VITAMINAS\" \/>\n<meta property=\"og:description\" content=\"Introducimos la M\u00e1quina Prensadora de Tabletas Rotativa de la serie ZARPW, dise\u00f1ada para la fabricaci\u00f3n eficiente de p\u00edldoras potenciadoras de\" \/>\n<meta property=\"og:url\" content=\"https:\/\/www.distribucionarc.com\/sl\/producto\/maquina-prensadora-de-tabletas-para-pildoras-potenciadoras-de-vitaminas\/\" \/>\n<meta property=\"og:site_name\" content=\"distribuci\u00f3n ARC\" \/>\n<meta property=\"article:modified_time\" content=\"2024-04-25T17:03:49+00:00\" \/>\n<meta property=\"og:image\" content=\"https:\/\/www.distribucionarc.com\/wp-content\/uploads\/2024\/04\/MAQUINA-PRENSADORA-DE-TABLETAS-PARA-PILDORAS-POTENCIADORAS-DE-VITAMINAS.jpg\" \/>\n\t<meta property=\"og:image:width\" content=\"552\" \/>\n\t<meta property=\"og:image:height\" content=\"832\" \/>\n\t<meta property=\"og:image:type\" content=\"image\/jpeg\" \/>\n<meta name=\"twitter:card\" content=\"summary_large_image\" \/>\n<meta name=\"twitter:label1\" content=\"Est. reading time\" \/>\n\t<meta name=\"twitter:data1\" content=\"1 minut\u0117\" \/>\n<script type=\"application\/ld+json\" class=\"yoast-schema-graph\">{\"@context\":\"https:\/\/schema.org\",\"@graph\":[{\"@type\":\"WebPage\",\"@id\":\"https:\/\/www.distribucionarc.com\/sl\/producto\/maquina-prensadora-de-tabletas-para-pildoras-potenciadoras-de-vitaminas\/\",\"url\":\"https:\/\/www.distribucionarc.com\/sl\/producto\/maquina-prensadora-de-tabletas-para-pildoras-potenciadoras-de-vitaminas\/\",\"name\":\"MAQUINA PRENSADORA DE TABLETAS PARA PILDORAS POTENCIADORAS DE VITAMINAS - distribuci\u00f3n ARC\",\"isPartOf\":{\"@id\":\"https:\/\/distribucionarc.com\/de\/#website\"},\"primaryImageOfPage\":{\"@id\":\"https:\/\/www.distribucionarc.com\/sl\/producto\/maquina-prensadora-de-tabletas-para-pildoras-potenciadoras-de-vitaminas\/#primaryimage\"},\"image\":{\"@id\":\"https:\/\/www.distribucionarc.com\/sl\/producto\/maquina-prensadora-de-tabletas-para-pildoras-potenciadoras-de-vitaminas\/#primaryimage\"},\"thumbnailUrl\":\"https:\/\/distribucionarc.com\/wp-content\/uploads\/2024\/04\/MAQUINA-PRENSADORA-DE-TABLETAS-PARA-PILDORAS-POTENCIADORAS-DE-VITAMINAS.jpg\",\"datePublished\":\"2024-04-25T17:03:46+00:00\",\"dateModified\":\"2024-04-25T17:03:49+00:00\",\"breadcrumb\":{\"@id\":\"https:\/\/www.distribucionarc.com\/sl\/producto\/maquina-prensadora-de-tabletas-para-pildoras-potenciadoras-de-vitaminas\/#breadcrumb\"},\"inLanguage\":\"lt-LT\",\"potentialAction\":[{\"@type\":\"ReadAction\",\"target\":[\"https:\/\/www.distribucionarc.com\/sl\/producto\/maquina-prensadora-de-tabletas-para-pildoras-potenciadoras-de-vitaminas\/\"]}]},{\"@type\":\"ImageObject\",\"inLanguage\":\"lt-LT\",\"@id\":\"https:\/\/www.distribucionarc.com\/sl\/producto\/maquina-prensadora-de-tabletas-para-pildoras-potenciadoras-de-vitaminas\/#primaryimage\",\"url\":\"https:\/\/distribucionarc.com\/wp-content\/uploads\/2024\/04\/MAQUINA-PRENSADORA-DE-TABLETAS-PARA-PILDORAS-POTENCIADORAS-DE-VITAMINAS.jpg\",\"contentUrl\":\"https:\/\/distribucionarc.com\/wp-content\/uploads\/2024\/04\/MAQUINA-PRENSADORA-DE-TABLETAS-PARA-PILDORAS-POTENCIADORAS-DE-VITAMINAS.jpg\",\"width\":552,\"height\":832,\"caption\":\"#image_title\"},{\"@type\":\"BreadcrumbList\",\"@id\":\"https:\/\/www.distribucionarc.com\/sl\/producto\/maquina-prensadora-de-tabletas-para-pildoras-potenciadoras-de-vitaminas\/#breadcrumb\",\"itemListElement\":[{\"@type\":\"ListItem\",\"position\":1,\"name\":\"Portada\",\"item\":\"https:\/\/distribucionarc.com\/pl\/\"},{\"@type\":\"ListItem\",\"position\":2,\"name\":\"Produkty\",\"item\":\"https:\/\/distribucionarc.com\/pl\/shop\/\"},{\"@type\":\"ListItem\",\"position\":3,\"name\":\"MAQUINA PRENSADORA DE TABLETAS PARA PILDORAS POTENCIADORAS DE VITAMINAS\"}]},{\"@type\":\"WebSite\",\"@id\":\"https:\/\/distribucionarc.com\/de\/#website\",\"url\":\"https:\/\/distribucionarc.com\/de\/\",\"name\":\"distribuci\u00f3n ARC\",\"description\":\"Empresa especializada en la fabricaci\u00f3n y distribuci\u00f3n de maquinaria industrial, selladoras de latas, Maquinas de hacer pastillas, Maquinas de cortar carne...\",\"publisher\":{\"@id\":\"https:\/\/distribucionarc.com\/de\/#organization\"},\"potentialAction\":[{\"@type\":\"SearchAction\",\"target\":{\"@type\":\"EntryPoint\",\"urlTemplate\":\"https:\/\/distribucionarc.com\/de\/?s={search_term_string}\"},\"query-input\":{\"@type\":\"PropertyValueSpecification\",\"valueRequired\":true,\"valueName\":\"search_term_string\"}}],\"inLanguage\":\"lt-LT\"},{\"@type\":\"Organization\",\"@id\":\"https:\/\/distribucionarc.com\/de\/#organization\",\"name\":\"Distribuci\u00f3n ARC\",\"url\":\"https:\/\/distribucionarc.com\/de\/\",\"logo\":{\"@type\":\"ImageObject\",\"inLanguage\":\"lt-LT\",\"@id\":\"https:\/\/distribucionarc.com\/de\/#\/schema\/logo\/image\/\",\"url\":\"https:\/\/distribucionarc.com\/wp-content\/uploads\/2024\/10\/distribucion-ARC-COLOR-SIN-FONDO-e1732295305345.png\",\"contentUrl\":\"https:\/\/distribucionarc.com\/wp-content\/uploads\/2024\/10\/distribucion-ARC-COLOR-SIN-FONDO-e1732295305345.png\",\"width\":1164,\"height\":558,\"caption\":\"Distribuci\u00f3n ARC\"},\"image\":{\"@id\":\"https:\/\/distribucionarc.com\/de\/#\/schema\/logo\/image\/\"},\"description\":\"Empresa especializada en la fabricaci\u00f3n y distribuci\u00f3n de maquinaria industrial para los sectores alimentario y farmac\u00e9utico. Nos especializamos en: M\u00e1quinas de cortar carne Fabricaci\u00f3n de comprimidos Sistemas de transporte industrial L\u00edneas de embotellado Dosificadores Y mucho m\u00e1s... Ofrecemos soluciones innovadoras y personalizadas para optimizar los procesos productivos de tu empresa.\",\"email\":\"Admistracion@distribucionarc.com\",\"telephone\":\"+34 643496664\",\"legalName\":\"ARC TECH SOLUTIONS\",\"foundingDate\":\"2024-04-09\",\"vatID\":\"B55480172\",\"numberOfEmployees\":{\"@type\":\"QuantitativeValue\",\"minValue\":\"1\",\"maxValue\":\"10\"}}]}<\/script>\n<!-- \/ Yoast SEO Premium plugin. -->","yoast_head_json":{"title":"Table\u010di\u0173 presavimo aparatas, skirtas VITAMINUS STIPRINAN\u010cI\u0172 TILIELI\u0172 - ARC platinimas","robots":{"index":"index","follow":"follow","max-snippet":"max-snippet:-1","max-image-preview":"max-image-preview:large","max-video-preview":"max-video-preview:-1"},"canonical":"https:\/\/www.distribucionarc.com\/sl\/producto\/maquina-prensadora-de-tabletas-para-pildoras-potenciadoras-de-vitaminas\/","og_locale":"lt_LT","og_type":"article","og_title":"MAQUINA PRENSADORA DE TABLETAS PARA PILDORAS POTENCIADORAS DE VITAMINAS","og_description":"Introducimos la M\u00e1quina Prensadora de Tabletas Rotativa de la serie ZARPW, dise\u00f1ada para la fabricaci\u00f3n eficiente de p\u00edldoras potenciadoras de","og_url":"https:\/\/www.distribucionarc.com\/sl\/producto\/maquina-prensadora-de-tabletas-para-pildoras-potenciadoras-de-vitaminas\/","og_site_name":"distribuci\u00f3n ARC","article_modified_time":"2024-04-25T17:03:49+00:00","og_image":[{"width":552,"height":832,"url":"https:\/\/www.distribucionarc.com\/wp-content\/uploads\/2024\/04\/MAQUINA-PRENSADORA-DE-TABLETAS-PARA-PILDORAS-POTENCIADORAS-DE-VITAMINAS.jpg","type":"image\/jpeg"}],"twitter_card":"summary_large_image","twitter_misc":{"Est. reading time":"1 minut\u0117"},"schema":{"@context":"https:\/\/schema.org","@graph":[{"@type":"WebPage","@id":"https:\/\/www.distribucionarc.com\/sl\/producto\/maquina-prensadora-de-tabletas-para-pildoras-potenciadoras-de-vitaminas\/","url":"https:\/\/www.distribucionarc.com\/sl\/producto\/maquina-prensadora-de-tabletas-para-pildoras-potenciadoras-de-vitaminas\/","name":"Table\u010di\u0173 presavimo aparatas, skirtas VITAMINUS STIPRINAN\u010cI\u0172 TILIELI\u0172 - ARC platinimas","isPartOf":{"@id":"https:\/\/distribucionarc.com\/de\/#website"},"primaryImageOfPage":{"@id":"https:\/\/www.distribucionarc.com\/sl\/producto\/maquina-prensadora-de-tabletas-para-pildoras-potenciadoras-de-vitaminas\/#primaryimage"},"image":{"@id":"https:\/\/www.distribucionarc.com\/sl\/producto\/maquina-prensadora-de-tabletas-para-pildoras-potenciadoras-de-vitaminas\/#primaryimage"},"thumbnailUrl":"https:\/\/distribucionarc.com\/wp-content\/uploads\/2024\/04\/MAQUINA-PRENSADORA-DE-TABLETAS-PARA-PILDORAS-POTENCIADORAS-DE-VITAMINAS.jpg","datePublished":"2024-04-25T17:03:46+00:00","dateModified":"2024-04-25T17:03:49+00:00","breadcrumb":{"@id":"https:\/\/www.distribucionarc.com\/sl\/producto\/maquina-prensadora-de-tabletas-para-pildoras-potenciadoras-de-vitaminas\/#breadcrumb"},"inLanguage":"lt-LT","potentialAction":[{"@type":"ReadAction","target":["https:\/\/www.distribucionarc.com\/sl\/producto\/maquina-prensadora-de-tabletas-para-pildoras-potenciadoras-de-vitaminas\/"]}]},{"@type":"ImageObject","inLanguage":"lt-LT","@id":"https:\/\/www.distribucionarc.com\/sl\/producto\/maquina-prensadora-de-tabletas-para-pildoras-potenciadoras-de-vitaminas\/#primaryimage","url":"https:\/\/distribucionarc.com\/wp-content\/uploads\/2024\/04\/MAQUINA-PRENSADORA-DE-TABLETAS-PARA-PILDORAS-POTENCIADORAS-DE-VITAMINAS.jpg","contentUrl":"https:\/\/distribucionarc.com\/wp-content\/uploads\/2024\/04\/MAQUINA-PRENSADORA-DE-TABLETAS-PARA-PILDORAS-POTENCIADORAS-DE-VITAMINAS.jpg","width":552,"height":832,"caption":"#image_title"},{"@type":"BreadcrumbList","@id":"https:\/\/www.distribucionarc.com\/sl\/producto\/maquina-prensadora-de-tabletas-para-pildoras-potenciadoras-de-vitaminas\/#breadcrumb","itemListElement":[{"@type":"ListItem","position":1,"name":"Portada","item":"https:\/\/distribucionarc.com\/pl\/"},{"@type":"ListItem","position":2,"name":"Produkty","item":"https:\/\/distribucionarc.com\/pl\/shop\/"},{"@type":"ListItem","position":3,"name":"MAQUINA PRENSADORA DE TABLETAS PARA PILDORAS POTENCIADORAS DE VITAMINAS"}]},{"@type":"WebSite","@id":"https:\/\/distribucionarc.com\/de\/#website","url":"https:\/\/distribucionarc.com\/de\/","name":"ARC paskirstymas","description":"\u012emon\u0117 specializuojasi pramonini\u0173 ma\u0161in\u0173, skardini\u0173 sandarinimo ma\u0161in\u0173, table\u010di\u0173 gamybos ma\u0161in\u0173, m\u0117sos pjaustymo ma\u0161in\u0173 gamyboje ir platinime...","publisher":{"@id":"https:\/\/distribucionarc.com\/de\/#organization"},"potentialAction":[{"@type":"SearchAction","target":{"@type":"EntryPoint","urlTemplate":"https:\/\/distribucionarc.com\/de\/?s={search_term_string}"},"query-input":{"@type":"PropertyValueSpecification","valueRequired":true,"valueName":"search_term_string"}}],"inLanguage":"lt-LT"},{"@type":"Organization","@id":"https:\/\/distribucionarc.com\/de\/#organization","name":"ARC platinimas","url":"https:\/\/distribucionarc.com\/de\/","logo":{"@type":"ImageObject","inLanguage":"lt-LT","@id":"https:\/\/distribucionarc.com\/de\/#\/schema\/logo\/image\/","url":"https:\/\/distribucionarc.com\/wp-content\/uploads\/2024\/10\/distribucion-ARC-COLOR-SIN-FONDO-e1732295305345.png","contentUrl":"https:\/\/distribucionarc.com\/wp-content\/uploads\/2024\/10\/distribucion-ARC-COLOR-SIN-FONDO-e1732295305345.png","width":1164,"height":558,"caption":"Distribuci\u00f3n ARC"},"image":{"@id":"https:\/\/distribucionarc.com\/de\/#\/schema\/logo\/image\/"},"description":"\u012emon\u0117 specializuojasi maisto ir farmacijos sektoriams skirt\u0173 pramonini\u0173 ma\u0161in\u0173 gamyboje ir platinime. M\u016bs\u0173 specializacija: M\u0117sos pjaustymo ma\u0161inos Table\u010di\u0173 gamyba Pramonin\u0117s transportavimo sistemos I\u0161pilstymo linijos Dozatoriai Ir dar daugiau... Si\u016blome novatori\u0161kus ir individualiems poreikiams pritaikytus sprendimus, kad optimizuotume j\u016bs\u0173 \u012fmon\u0117s gamybos procesus.","email":"Admistracion@distribucionarc.com","telephone":"+34 643496664","legalName":"ARC TECH SOLUTIONS","foundingDate":"2024-04-09","vatID":"B55480172","numberOfEmployees":{"@type":"QuantitativeValue","minValue":"1","maxValue":"10"}}]}},"_links":{"self":[{"href":"https:\/\/distribucionarc.com\/lt\/wp-json\/wp\/v2\/product\/6777","targetHints":{"allow":["GET"]}}],"collection":[{"href":"https:\/\/distribucionarc.com\/lt\/wp-json\/wp\/v2\/product"}],"about":[{"href":"https:\/\/distribucionarc.com\/lt\/wp-json\/wp\/v2\/types\/product"}],"replies":[{"embeddable":true,"href":"https:\/\/distribucionarc.com\/lt\/wp-json\/wp\/v2\/comments?post=6777"}],"version-history":[{"count":0,"href":"https:\/\/distribucionarc.com\/lt\/wp-json\/wp\/v2\/product\/6777\/revisions"}],"wp:featuredmedia":[{"embeddable":true,"href":"https:\/\/distribucionarc.com\/lt\/wp-json\/wp\/v2\/media\/6788"}],"wp:attachment":[{"href":"https:\/\/distribucionarc.com\/lt\/wp-json\/wp\/v2\/media?parent=6777"}],"wp:term":[{"taxonomy":"product_brand","embeddable":true,"href":"https:\/\/distribucionarc.com\/lt\/wp-json\/wp\/v2\/product_brand?post=6777"},{"taxonomy":"product_cat","embeddable":true,"href":"https:\/\/distribucionarc.com\/lt\/wp-json\/wp\/v2\/product_cat?post=6777"},{"taxonomy":"product_tag","embeddable":true,"href":"https:\/\/distribucionarc.com\/lt\/wp-json\/wp\/v2\/product_tag?post=6777"}],"curies":[{"name":"wp","href":"https:\/\/api.w.org\/{rel}","templated":true}]}}