{"id":6837,"date":"2024-04-26T10:48:20","date_gmt":"2024-04-26T10:48:20","guid":{"rendered":"https:\/\/distribucionarc.com\/?post_type=product&#038;p=6837"},"modified":"2024-04-26T10:48:22","modified_gmt":"2024-04-26T10:48:22","slug":"kalcio-ir-folio-rugsties-tableciu-spaudimo-masina","status":"publish","type":"product","link":"https:\/\/distribucionarc.com\/lt\/producto\/maquina-prensadora-de-tabletas-de-calcio-y-acido-folico\/","title":{"rendered":"KALcio IR FOLIO R\u016aG\u0160TIES Table\u010di\u0173 presavimo ma\u0161ina"},"content":{"rendered":"<p>Supa\u017eindiname su <strong>DARP60A plan\u0161etini\u0173 kompiuteri\u0173 presavimo aparatas<\/strong>, skirtas<strong> Tiksli kalcio ir folio r\u016bg\u0161ties table\u010di\u0173 gamyba<\/strong>arba \u012fvairiomis formomis. Pla\u010diai naudojama farmacijos pramon\u0117je, taip pat chemijos ir maisto \u012fmon\u0117se, \u0161i ma\u0161ina pasi\u017eymi universalumu ir efektyvumu. Modelis<strong> DARP60B<\/strong>, turintis grei\u010dio da\u017enio valdym\u0105, leid\u017eia reguliuoti ma\u0161inos greit\u012f pagal gamybos poreikius. Be to, jis suteikia galimyb\u0119 lengvai reguliuoti sl\u0117g\u012f, tablet\u0117s stor\u012f ir milteli\u0173 u\u017epildymo kiek\u012f, kad b\u016bt\u0173 u\u017etikrintas optimalus kiekvienos gamybos rezultatas. Atraskite tobulum\u0105 <strong>Kalcio ir folio r\u016bg\u0161ties table\u010di\u0173 gamyba naudojant DARP60A table\u010di\u0173 presavimo ma\u0161in\u0105<\/strong>, patikima investicija \u012fvairi\u0173 sektori\u0173 \u012fmon\u0117ms.<\/p>\n<p>&nbsp;<\/p>\n<table>\n<tbody>\n<tr>\n<td width=\"189\">Modelis<\/td>\n<td width=\"189\">DARP-60A<\/td>\n<td width=\"189\">DARP-60B (DA\u017dNIO KONVERSIJA)<\/td>\n<\/tr>\n<tr>\n<td width=\"189\">\u017daidimai<\/td>\n<td width=\"189\">1<\/td>\n<td width=\"189\">1<\/td>\n<\/tr>\n<tr>\n<td width=\"189\">Maksimalus sl\u0117gis (tonos)<\/td>\n<td width=\"189\">60<\/td>\n<td width=\"189\">60<\/td>\n<\/tr>\n<tr>\n<td width=\"189\">Maksimalus plan\u0161etinio kompiuterio skersmuo (mm)<\/td>\n<td width=\"189\">25<\/td>\n<td width=\"189\">25<\/td>\n<\/tr>\n<tr>\n<td width=\"189\">Maksimalus u\u017epildymo gylis (milimetrais)<\/td>\n<td width=\"189\">18<\/td>\n<td width=\"189\">18<\/td>\n<\/tr>\n<tr>\n<td width=\"189\">Maksimalus tablet\u0117s storis (mm)<\/td>\n<td width=\"189\">8<\/td>\n<td width=\"189\">8<\/td>\n<\/tr>\n<tr>\n<td width=\"189\">Gamybos paj\u0117gumas (vnt.\/h)<\/td>\n<td width=\"189\">2150<\/td>\n<td width=\"189\">0-2150 (reguliuojamas greitis)<\/td>\n<\/tr>\n<tr>\n<td width=\"189\">Variklio galia (KW)<\/td>\n<td width=\"189\">1.5<\/td>\n<td width=\"189\">1.5<\/td>\n<\/tr>\n<tr>\n<td width=\"189\">Bendras dydis (milimetrais)<\/td>\n<td width=\"189\">470*<\/p>\n<p>420*<\/p>\n<p>680*<\/td>\n<td width=\"189\">470*<\/p>\n<p>420*<\/p>\n<p>680*<\/td>\n<\/tr>\n<tr>\n<td width=\"189\">Grynasis svoris (kg)<\/td>\n<td width=\"189\">85<\/td>\n<td width=\"189\">85<\/td>\n<\/tr>\n<\/tbody>\n<\/table>","protected":false},"excerpt":{"rendered":"<p>Pristatome DARP60A table\u010di\u0173 presavimo ma\u0161in\u0105, skirt\u0105 tiksliai kalcio ir folio r\u016bg\u0161ties table\u010di\u0173 gamybai.<\/p>","protected":false},"featured_media":6839,"comment_status":"open","ping_status":"closed","template":"","meta":{"wds_primary_product_brand":0,"wds_primary_product_cat":0},"product_brand":[],"product_cat":[84],"product_tag":[],"class_list":{"0":"post-6837","1":"product","2":"type-product","3":"status-publish","4":"has-post-thumbnail","6":"product_cat-maquinas-para-hacer-pastillas","8":"first","9":"instock","10":"taxable","11":"shipping-taxable","12":"purchasable","13":"product-type-simple"},"yoast_head":"<!-- This site is optimized with the Yoast SEO Premium plugin v24.9 (Yoast SEO v26.1) - https:\/\/yoast.com\/wordpress\/plugins\/seo\/ -->\n<title>MAQUINA PRENSADORA DE TABLETAS DE CALCIO Y ACIDO FOLICO - distribuci\u00f3n ARC<\/title>\n<meta name=\"robots\" content=\"index, follow, max-snippet:-1, max-image-preview:large, max-video-preview:-1\" \/>\n<link rel=\"canonical\" href=\"https:\/\/distribucionarc.com\/lt\/produktas\/kalcio-ir-folio-rugsties-tableciu-spaudimo-masina\/\" \/>\n<meta property=\"og:locale\" content=\"lt_LT\" \/>\n<meta property=\"og:type\" content=\"article\" \/>\n<meta property=\"og:title\" content=\"MAQUINA PRENSADORA DE TABLETAS DE CALCIO Y ACIDO FOLICO\" \/>\n<meta property=\"og:description\" content=\"Introducimos la M\u00e1quina Prensadora de Tabletas DARP60A, dise\u00f1ada para la producci\u00f3n precisa de tabletas de calcio y \u00e1cido f\u00f3lico en\" \/>\n<meta property=\"og:url\" content=\"https:\/\/distribucionarc.com\/lt\/produktas\/kalcio-ir-folio-rugsties-tableciu-spaudimo-masina\/\" \/>\n<meta property=\"og:site_name\" content=\"distribuci\u00f3n ARC\" \/>\n<meta property=\"article:modified_time\" content=\"2024-04-26T10:48:22+00:00\" \/>\n<meta property=\"og:image\" content=\"https:\/\/distribucionarc.com\/wp-content\/uploads\/2024\/04\/MAQUINA-PRENSADORA-DE-TABLETAS-DE-CALCIO-Y-ACIDO-FOLICO.jpg\" \/>\n\t<meta property=\"og:image:width\" content=\"544\" \/>\n\t<meta property=\"og:image:height\" content=\"488\" \/>\n\t<meta property=\"og:image:type\" content=\"image\/jpeg\" \/>\n<meta name=\"twitter:card\" content=\"summary_large_image\" \/>\n<meta name=\"twitter:label1\" content=\"Est. reading time\" \/>\n\t<meta name=\"twitter:data1\" content=\"1 minut\u0117\" \/>\n<script type=\"application\/ld+json\" class=\"yoast-schema-graph\">{\"@context\":\"https:\/\/schema.org\",\"@graph\":[{\"@type\":\"WebPage\",\"@id\":\"https:\/\/distribucionarc.com\/fr\/producto\/maquina-prensadora-de-tabletas-de-calcio-y-acido-folico\/\",\"url\":\"https:\/\/distribucionarc.com\/fr\/producto\/maquina-prensadora-de-tabletas-de-calcio-y-acido-folico\/\",\"name\":\"MAQUINA PRENSADORA DE TABLETAS DE CALCIO Y ACIDO FOLICO - distribuci\u00f3n ARC\",\"isPartOf\":{\"@id\":\"https:\/\/distribucionarc.com\/ro\/#website\"},\"primaryImageOfPage\":{\"@id\":\"https:\/\/distribucionarc.com\/fr\/producto\/maquina-prensadora-de-tabletas-de-calcio-y-acido-folico\/#primaryimage\"},\"image\":{\"@id\":\"https:\/\/distribucionarc.com\/fr\/producto\/maquina-prensadora-de-tabletas-de-calcio-y-acido-folico\/#primaryimage\"},\"thumbnailUrl\":\"https:\/\/distribucionarc.com\/wp-content\/uploads\/2024\/04\/MAQUINA-PRENSADORA-DE-TABLETAS-DE-CALCIO-Y-ACIDO-FOLICO.jpg\",\"datePublished\":\"2024-04-26T10:48:20+00:00\",\"dateModified\":\"2024-04-26T10:48:22+00:00\",\"breadcrumb\":{\"@id\":\"https:\/\/distribucionarc.com\/fr\/producto\/maquina-prensadora-de-tabletas-de-calcio-y-acido-folico\/#breadcrumb\"},\"inLanguage\":\"lt-LT\",\"potentialAction\":[{\"@type\":\"ReadAction\",\"target\":[\"https:\/\/distribucionarc.com\/fr\/producto\/maquina-prensadora-de-tabletas-de-calcio-y-acido-folico\/\"]}]},{\"@type\":\"ImageObject\",\"inLanguage\":\"lt-LT\",\"@id\":\"https:\/\/distribucionarc.com\/fr\/producto\/maquina-prensadora-de-tabletas-de-calcio-y-acido-folico\/#primaryimage\",\"url\":\"https:\/\/distribucionarc.com\/wp-content\/uploads\/2024\/04\/MAQUINA-PRENSADORA-DE-TABLETAS-DE-CALCIO-Y-ACIDO-FOLICO.jpg\",\"contentUrl\":\"https:\/\/distribucionarc.com\/wp-content\/uploads\/2024\/04\/MAQUINA-PRENSADORA-DE-TABLETAS-DE-CALCIO-Y-ACIDO-FOLICO.jpg\",\"width\":544,\"height\":488,\"caption\":\"#image_title\"},{\"@type\":\"BreadcrumbList\",\"@id\":\"https:\/\/distribucionarc.com\/fr\/producto\/maquina-prensadora-de-tabletas-de-calcio-y-acido-folico\/#breadcrumb\",\"itemListElement\":[{\"@type\":\"ListItem\",\"position\":1,\"name\":\"Portada\",\"item\":\"https:\/\/distribucionarc.com\/ar\/\"},{\"@type\":\"ListItem\",\"position\":2,\"name\":\"Proizvodi\",\"item\":\"https:\/\/www.distribucionarc.com\/hr\/ducan\/\"},{\"@type\":\"ListItem\",\"position\":3,\"name\":\"MAQUINA PRENSADORA DE TABLETAS DE CALCIO Y ACIDO FOLICO\"}]},{\"@type\":\"WebSite\",\"@id\":\"https:\/\/distribucionarc.com\/ro\/#website\",\"url\":\"https:\/\/distribucionarc.com\/ro\/\",\"name\":\"distribuci\u00f3n ARC\",\"description\":\"Empresa especializada en la fabricaci\u00f3n y distribuci\u00f3n de maquinaria industrial, selladoras de latas, Maquinas de hacer pastillas, Maquinas de cortar carne...\",\"publisher\":{\"@id\":\"https:\/\/distribucionarc.com\/ro\/#organization\"},\"potentialAction\":[{\"@type\":\"SearchAction\",\"target\":{\"@type\":\"EntryPoint\",\"urlTemplate\":\"https:\/\/distribucionarc.com\/ro\/?s={search_term_string}\"},\"query-input\":{\"@type\":\"PropertyValueSpecification\",\"valueRequired\":true,\"valueName\":\"search_term_string\"}}],\"inLanguage\":\"lt-LT\"},{\"@type\":\"Organization\",\"@id\":\"https:\/\/distribucionarc.com\/ro\/#organization\",\"name\":\"Distribuci\u00f3n ARC\",\"url\":\"https:\/\/distribucionarc.com\/ro\/\",\"logo\":{\"@type\":\"ImageObject\",\"inLanguage\":\"lt-LT\",\"@id\":\"https:\/\/distribucionarc.com\/ro\/#\/schema\/logo\/image\/\",\"url\":\"https:\/\/distribucionarc.com\/wp-content\/uploads\/2024\/10\/distribucion-ARC-COLOR-SIN-FONDO-e1732295305345.png\",\"contentUrl\":\"https:\/\/distribucionarc.com\/wp-content\/uploads\/2024\/10\/distribucion-ARC-COLOR-SIN-FONDO-e1732295305345.png\",\"width\":1164,\"height\":558,\"caption\":\"Distribuci\u00f3n ARC\"},\"image\":{\"@id\":\"https:\/\/distribucionarc.com\/ro\/#\/schema\/logo\/image\/\"},\"description\":\"Empresa especializada en la fabricaci\u00f3n y distribuci\u00f3n de maquinaria industrial para los sectores alimentario y farmac\u00e9utico. Nos especializamos en: M\u00e1quinas de cortar carne Fabricaci\u00f3n de comprimidos Sistemas de transporte industrial L\u00edneas de embotellado Dosificadores Y mucho m\u00e1s... Ofrecemos soluciones innovadoras y personalizadas para optimizar los procesos productivos de tu empresa.\",\"email\":\"Admistracion@distribucionarc.com\",\"telephone\":\"+34 643496664\",\"legalName\":\"ARC TECH SOLUTIONS\",\"foundingDate\":\"2024-04-09\",\"vatID\":\"B55480172\",\"numberOfEmployees\":{\"@type\":\"QuantitativeValue\",\"minValue\":\"1\",\"maxValue\":\"10\"}}]}<\/script>\n<!-- \/ Yoast SEO Premium plugin. -->","yoast_head_json":{"title":"KALcio IR FOLIO R\u016aG\u0160TIES Table\u010di\u0173 presavimo ma\u0161ina - LANKINIS paskirstymas","robots":{"index":"index","follow":"follow","max-snippet":"max-snippet:-1","max-image-preview":"max-image-preview:large","max-video-preview":"max-video-preview:-1"},"canonical":"https:\/\/distribucionarc.com\/lt\/produktas\/kalcio-ir-folio-rugsties-tableciu-spaudimo-masina\/","og_locale":"lt_LT","og_type":"article","og_title":"MAQUINA PRENSADORA DE TABLETAS DE CALCIO Y ACIDO FOLICO","og_description":"Introducimos la M\u00e1quina Prensadora de Tabletas DARP60A, dise\u00f1ada para la producci\u00f3n precisa de tabletas de calcio y \u00e1cido f\u00f3lico en","og_url":"https:\/\/distribucionarc.com\/lt\/produktas\/kalcio-ir-folio-rugsties-tableciu-spaudimo-masina\/","og_site_name":"distribuci\u00f3n ARC","article_modified_time":"2024-04-26T10:48:22+00:00","og_image":[{"width":544,"height":488,"url":"https:\/\/distribucionarc.com\/wp-content\/uploads\/2024\/04\/MAQUINA-PRENSADORA-DE-TABLETAS-DE-CALCIO-Y-ACIDO-FOLICO.jpg","type":"image\/jpeg"}],"twitter_card":"summary_large_image","twitter_misc":{"Est. reading time":"1 minut\u0117"},"schema":{"@context":"https:\/\/schema.org","@graph":[{"@type":"WebPage","@id":"https:\/\/distribucionarc.com\/fr\/producto\/maquina-prensadora-de-tabletas-de-calcio-y-acido-folico\/","url":"https:\/\/distribucionarc.com\/fr\/producto\/maquina-prensadora-de-tabletas-de-calcio-y-acido-folico\/","name":"KALcio IR FOLIO R\u016aG\u0160TIES Table\u010di\u0173 presavimo ma\u0161ina - LANKINIS paskirstymas","isPartOf":{"@id":"https:\/\/distribucionarc.com\/ro\/#website"},"primaryImageOfPage":{"@id":"https:\/\/distribucionarc.com\/fr\/producto\/maquina-prensadora-de-tabletas-de-calcio-y-acido-folico\/#primaryimage"},"image":{"@id":"https:\/\/distribucionarc.com\/fr\/producto\/maquina-prensadora-de-tabletas-de-calcio-y-acido-folico\/#primaryimage"},"thumbnailUrl":"https:\/\/distribucionarc.com\/wp-content\/uploads\/2024\/04\/MAQUINA-PRENSADORA-DE-TABLETAS-DE-CALCIO-Y-ACIDO-FOLICO.jpg","datePublished":"2024-04-26T10:48:20+00:00","dateModified":"2024-04-26T10:48:22+00:00","breadcrumb":{"@id":"https:\/\/distribucionarc.com\/fr\/producto\/maquina-prensadora-de-tabletas-de-calcio-y-acido-folico\/#breadcrumb"},"inLanguage":"lt-LT","potentialAction":[{"@type":"ReadAction","target":["https:\/\/distribucionarc.com\/fr\/producto\/maquina-prensadora-de-tabletas-de-calcio-y-acido-folico\/"]}]},{"@type":"ImageObject","inLanguage":"lt-LT","@id":"https:\/\/distribucionarc.com\/fr\/producto\/maquina-prensadora-de-tabletas-de-calcio-y-acido-folico\/#primaryimage","url":"https:\/\/distribucionarc.com\/wp-content\/uploads\/2024\/04\/MAQUINA-PRENSADORA-DE-TABLETAS-DE-CALCIO-Y-ACIDO-FOLICO.jpg","contentUrl":"https:\/\/distribucionarc.com\/wp-content\/uploads\/2024\/04\/MAQUINA-PRENSADORA-DE-TABLETAS-DE-CALCIO-Y-ACIDO-FOLICO.jpg","width":544,"height":488,"caption":"#image_title"},{"@type":"BreadcrumbList","@id":"https:\/\/distribucionarc.com\/fr\/producto\/maquina-prensadora-de-tabletas-de-calcio-y-acido-folico\/#breadcrumb","itemListElement":[{"@type":"ListItem","position":1,"name":"Portada","item":"https:\/\/distribucionarc.com\/ar\/"},{"@type":"ListItem","position":2,"name":"Proizvodi","item":"https:\/\/www.distribucionarc.com\/hr\/ducan\/"},{"@type":"ListItem","position":3,"name":"MAQUINA PRENSADORA DE TABLETAS DE CALCIO Y ACIDO FOLICO"}]},{"@type":"WebSite","@id":"https:\/\/distribucionarc.com\/ro\/#website","url":"https:\/\/distribucionarc.com\/ro\/","name":"ARC paskirstymas","description":"\u012emon\u0117 specializuojasi pramonini\u0173 ma\u0161in\u0173, skardini\u0173 sandarinimo ma\u0161in\u0173, table\u010di\u0173 gamybos ma\u0161in\u0173, m\u0117sos pjaustymo ma\u0161in\u0173 gamyboje ir platinime...","publisher":{"@id":"https:\/\/distribucionarc.com\/ro\/#organization"},"potentialAction":[{"@type":"SearchAction","target":{"@type":"EntryPoint","urlTemplate":"https:\/\/distribucionarc.com\/ro\/?s={search_term_string}"},"query-input":{"@type":"PropertyValueSpecification","valueRequired":true,"valueName":"search_term_string"}}],"inLanguage":"lt-LT"},{"@type":"Organization","@id":"https:\/\/distribucionarc.com\/ro\/#organization","name":"ARC platinimas","url":"https:\/\/distribucionarc.com\/ro\/","logo":{"@type":"ImageObject","inLanguage":"lt-LT","@id":"https:\/\/distribucionarc.com\/ro\/#\/schema\/logo\/image\/","url":"https:\/\/distribucionarc.com\/wp-content\/uploads\/2024\/10\/distribucion-ARC-COLOR-SIN-FONDO-e1732295305345.png","contentUrl":"https:\/\/distribucionarc.com\/wp-content\/uploads\/2024\/10\/distribucion-ARC-COLOR-SIN-FONDO-e1732295305345.png","width":1164,"height":558,"caption":"Distribuci\u00f3n ARC"},"image":{"@id":"https:\/\/distribucionarc.com\/ro\/#\/schema\/logo\/image\/"},"description":"\u012emon\u0117 specializuojasi maisto ir farmacijos sektoriams skirt\u0173 pramonini\u0173 ma\u0161in\u0173 gamyboje ir platinime. M\u016bs\u0173 specializacija: M\u0117sos pjaustymo ma\u0161inos Table\u010di\u0173 gamyba Pramonin\u0117s transportavimo sistemos I\u0161pilstymo linijos Dozatoriai Ir dar daugiau... Si\u016blome novatori\u0161kus ir individualiems poreikiams pritaikytus sprendimus, kad optimizuotume j\u016bs\u0173 \u012fmon\u0117s gamybos procesus.","email":"Admistracion@distribucionarc.com","telephone":"+34 643496664","legalName":"ARC TECH SOLUTIONS","foundingDate":"2024-04-09","vatID":"B55480172","numberOfEmployees":{"@type":"QuantitativeValue","minValue":"1","maxValue":"10"}}]}},"_links":{"self":[{"href":"https:\/\/distribucionarc.com\/lt\/wp-json\/wp\/v2\/product\/6837","targetHints":{"allow":["GET"]}}],"collection":[{"href":"https:\/\/distribucionarc.com\/lt\/wp-json\/wp\/v2\/product"}],"about":[{"href":"https:\/\/distribucionarc.com\/lt\/wp-json\/wp\/v2\/types\/product"}],"replies":[{"embeddable":true,"href":"https:\/\/distribucionarc.com\/lt\/wp-json\/wp\/v2\/comments?post=6837"}],"version-history":[{"count":0,"href":"https:\/\/distribucionarc.com\/lt\/wp-json\/wp\/v2\/product\/6837\/revisions"}],"wp:featuredmedia":[{"embeddable":true,"href":"https:\/\/distribucionarc.com\/lt\/wp-json\/wp\/v2\/media\/6839"}],"wp:attachment":[{"href":"https:\/\/distribucionarc.com\/lt\/wp-json\/wp\/v2\/media?parent=6837"}],"wp:term":[{"taxonomy":"product_brand","embeddable":true,"href":"https:\/\/distribucionarc.com\/lt\/wp-json\/wp\/v2\/product_brand?post=6837"},{"taxonomy":"product_cat","embeddable":true,"href":"https:\/\/distribucionarc.com\/lt\/wp-json\/wp\/v2\/product_cat?post=6837"},{"taxonomy":"product_tag","embeddable":true,"href":"https:\/\/distribucionarc.com\/lt\/wp-json\/wp\/v2\/product_tag?post=6837"}],"curies":[{"name":"wp","href":"https:\/\/api.w.org\/{rel}","templated":true}]}}