{"id":6848,"date":"2024-04-26T15:41:34","date_gmt":"2024-04-26T15:41:34","guid":{"rendered":"https:\/\/distribucionarc.com\/?post_type=product&#038;p=6848"},"modified":"2024-08-09T23:22:02","modified_gmt":"2024-08-09T23:22:02","slug":"vienkartinis-probiotinis-presas","status":"publish","type":"product","link":"https:\/\/distribucionarc.com\/lt\/producto\/prensadora-de-un-solo-golpe-de-probioticos\/","title":{"rendered":"ONE PUNCH PROBIOTICS PRESSER"},"content":{"rendered":"<p>Pristatome P<strong>TDP One-Hit Tablets rensa<\/strong>, yra \u012fvairi\u0173 modeli\u0173, \u012fskaitant<strong> TDP-1, TDP-1.5, TDP-2, TDP-5 ir TDP-6<\/strong>, su parinktimis <strong>rankinis, pusiau automatinis ir automatinis.<\/strong> \u0160i universali ma\u0161ina yra b\u016btina <strong>farmacini\u0173 probiotik\u0173 table\u010di\u0173 gamyba<\/strong> i\u0161 saus\u0173 milteli\u0173 ir granuli\u0173. TDP presas, galintis gaminti iki 25 mm skersmens tabletes, si\u016blo i\u0161skirtin\u012f tikslum\u0105 ir efektyvum\u0105 su kiekvienu judesiu. Jo elektrin\u0117 pusiau automatin\u0117 ir automatin\u0117 versija u\u017etikrina skland\u0173 ir patikim\u0105 veikim\u0105, o rankin\u0117 versija suteikia vartotojui visi\u0161k\u0105 valdym\u0105. Be to, TDP Press turi kei\u010diam\u0105 form\u0105, tod\u0117l j\u0105 lengva pritaikyti prie \u012fvairi\u0173 form\u0173 ir dyd\u017ei\u0173 plan\u0161etini\u0173 kompiuteri\u0173, atsi\u017evelgiant \u012f vartotojo poreikius. D\u0117l to tai labai pritaikoma priemon\u0117, atitinkanti \u012fvairius gamybos reikalavimus. Atraskite tobulum\u0105<strong> probiotini\u0173 farmacini\u0173 table\u010di\u0173 gamyba<\/strong> su <strong>TDP plan\u0161etinio kompiuterio presas<\/strong>, esmin\u0117 investicija laboratorijoms ir farmacijos \u012fmon\u0117ms, kurios savo gamybos procese siekia kokyb\u0117s, tikslumo ir universalumo.<\/p>\n<p>&nbsp;<\/p>\n<table>\n<tbody>\n<tr>\n<td width=\"81\">Modelis<\/td>\n<td width=\"81\">TARDP-0<\/td>\n<td width=\"81\">TARDP-1<\/td>\n<td width=\"81\">TARDP-1.5<\/td>\n<td width=\"81\">TARDP-2 (da\u017enio valdymas)<\/td>\n<td width=\"81\">TARDP-5<\/td>\n<td width=\"81\">TARDP-6<\/td>\n<\/tr>\n<tr>\n<td width=\"81\">\u017daidimas<\/td>\n<td width=\"81\">1<\/td>\n<td width=\"81\">1<\/td>\n<td width=\"81\">1<\/td>\n<td width=\"81\">1<\/td>\n<td width=\"81\">1<\/td>\n<td width=\"81\">1<\/td>\n<\/tr>\n<tr>\n<td width=\"81\">Maksimalus sl\u0117gis (tonos)<\/td>\n<td width=\"81\">15<\/td>\n<td width=\"81\">15<\/td>\n<td width=\"81\">15<\/td>\n<td width=\"81\">15<\/td>\n<td width=\"81\">50<\/td>\n<td width=\"81\">60<\/td>\n<\/tr>\n<tr>\n<td width=\"81\">Tablet\u0117s skersmuo (mm)<\/td>\n<td width=\"81\">12<\/td>\n<td width=\"81\">12<\/td>\n<td width=\"81\">3-12<\/td>\n<td width=\"81\">12<\/td>\n<td width=\"81\">5-18<\/td>\n<td width=\"81\">25<\/td>\n<\/tr>\n<tr>\n<td width=\"81\">Maksimalus gylis u\u017epildymas (mm)<\/td>\n<td width=\"81\">12<\/td>\n<td width=\"81\">12<\/td>\n<td width=\"81\">0-12<\/td>\n<td width=\"81\">12<\/td>\n<td width=\"81\">18<\/td>\n<td width=\"81\">16<\/td>\n<\/tr>\n<tr>\n<td width=\"81\">Maksimalus plan\u0161etinio kompiuterio storis (milimetras)<\/td>\n<td width=\"81\">6<\/td>\n<td width=\"81\">6<\/td>\n<td width=\"81\">0-6<\/td>\n<td width=\"81\">6<\/td>\n<td width=\"81\">7<\/td>\n<td width=\"81\">6<\/td>\n<\/tr>\n<tr>\n<td width=\"81\">Gamybos paj\u0117gumas (vnt.\/h)<\/td>\n<td width=\"81\">2000<\/td>\n<td width=\"81\">4000<\/td>\n<td width=\"81\">6000<\/td>\n<td width=\"81\">4000<\/td>\n<td width=\"81\">4000<\/td>\n<td width=\"81\">3500<\/td>\n<\/tr>\n<tr>\n<td width=\"81\">Variklio galia (kw)<\/td>\n<td width=\"81\">\u00a0\u00a0\u00a0\u00a0\u00a0\u00a0\u00a0\u00a0 \/<\/td>\n<td width=\"81\">0.75<\/td>\n<td width=\"81\">0.37<\/td>\n<td width=\"81\">0.75<\/td>\n<td width=\"81\">0.75<\/td>\n<td width=\"81\">Vienfazis1.5<\/p>\n<p>Trifazis0,75<\/td>\n<\/tr>\n<tr>\n<td width=\"81\">Bendras dydis (mm)<\/td>\n<td width=\"81\">350*<\/p>\n<p>220*<\/p>\n<p>520*<\/td>\n<td width=\"81\">480*<\/p>\n<p>420*<\/p>\n<p>650*<\/td>\n<td width=\"81\">650*<\/p>\n<p>330*<\/p>\n<p>620*<\/td>\n<td width=\"81\">480*<\/p>\n<p>430*<\/p>\n<p>650*<\/td>\n<td width=\"81\">700*<\/p>\n<p>340*<\/p>\n<p>600*<\/td>\n<td width=\"81\">780*<\/p>\n<p>450*<\/p>\n<p>690*<\/td>\n<\/tr>\n<tr>\n<td width=\"81\">Grynasis svoris (kg)<\/td>\n<td width=\"81\">21<\/td>\n<td width=\"81\">40<\/td>\n<td width=\"81\">45<\/td>\n<td width=\"81\">45<\/td>\n<td width=\"81\">110<\/td>\n<td width=\"81\">150<\/td>\n<\/tr>\n<\/tbody>\n<\/table>","protected":false},"excerpt":{"rendered":"<p>Pristatome TDP vieno perforavimo plan\u0161etini\u0173 kompiuteri\u0173 pres\u0105, kur\u012f galima \u012fsigyti \u012fvairi\u0173 modeli\u0173, \u012fskaitant TDP-1, TDP-1.5,<\/p>","protected":false},"featured_media":6856,"comment_status":"open","ping_status":"closed","template":"","meta":{"wds_primary_product_brand":0,"wds_primary_product_cat":0},"product_brand":[],"product_cat":[84],"product_tag":[],"class_list":{"0":"post-6848","1":"product","2":"type-product","3":"status-publish","4":"has-post-thumbnail","6":"product_cat-maquinas-para-hacer-pastillas","8":"first","9":"instock","10":"taxable","11":"shipping-taxable","12":"purchasable","13":"product-type-simple"},"yoast_head":"<!-- This site is optimized with the Yoast SEO Premium plugin v24.9 (Yoast SEO v26.1) - https:\/\/yoast.com\/wordpress\/plugins\/seo\/ -->\n<title>PRENSADORA DE UN SOLO GOLPE DE PROBIOTICOS - distribuci\u00f3n ARC<\/title>\n<meta name=\"robots\" content=\"index, follow, max-snippet:-1, max-image-preview:large, max-video-preview:-1\" \/>\n<link rel=\"canonical\" href=\"https:\/\/www.distribucionarc.com\/sk\/producto\/prensadora-de-un-solo-golpe-de-probioticos\/\" \/>\n<meta property=\"og:locale\" content=\"lt_LT\" \/>\n<meta property=\"og:type\" content=\"article\" \/>\n<meta property=\"og:title\" content=\"PRENSADORA DE UN SOLO GOLPE DE PROBIOTICOS\" \/>\n<meta property=\"og:description\" content=\"Presentamos la Prensa de Tabletas de un Solo Golpe TDP, disponible en una variedad de modelos que incluyen TDP-1, TDP-1.5,\" \/>\n<meta property=\"og:url\" content=\"https:\/\/www.distribucionarc.com\/sk\/producto\/prensadora-de-un-solo-golpe-de-probioticos\/\" \/>\n<meta property=\"og:site_name\" content=\"distribuci\u00f3n ARC\" \/>\n<meta property=\"article:modified_time\" content=\"2024-08-09T23:22:02+00:00\" \/>\n<meta property=\"og:image\" content=\"https:\/\/www.distribucionarc.com\/wp-content\/uploads\/2024\/04\/PRENSADORA-DE-UN-SOLO-GOLPE-DE-PROBIOTICOS-1.jpg\" \/>\n\t<meta property=\"og:image:width\" content=\"2016\" \/>\n\t<meta property=\"og:image:height\" content=\"328\" \/>\n\t<meta property=\"og:image:type\" content=\"image\/jpeg\" \/>\n<meta name=\"twitter:card\" content=\"summary_large_image\" \/>\n<meta name=\"twitter:label1\" content=\"Est. reading time\" \/>\n\t<meta name=\"twitter:data1\" content=\"1 minut\u0117\" \/>\n<script type=\"application\/ld+json\" class=\"yoast-schema-graph\">{\"@context\":\"https:\/\/schema.org\",\"@graph\":[{\"@type\":\"WebPage\",\"@id\":\"https:\/\/www.distribucionarc.com\/sk\/producto\/prensadora-de-un-solo-golpe-de-probioticos\/\",\"url\":\"https:\/\/www.distribucionarc.com\/sk\/producto\/prensadora-de-un-solo-golpe-de-probioticos\/\",\"name\":\"PRENSADORA DE UN SOLO GOLPE DE PROBIOTICOS - distribuci\u00f3n ARC\",\"isPartOf\":{\"@id\":\"https:\/\/distribucionarc.com\/bg\/#website\"},\"primaryImageOfPage\":{\"@id\":\"https:\/\/www.distribucionarc.com\/sk\/producto\/prensadora-de-un-solo-golpe-de-probioticos\/#primaryimage\"},\"image\":{\"@id\":\"https:\/\/www.distribucionarc.com\/sk\/producto\/prensadora-de-un-solo-golpe-de-probioticos\/#primaryimage\"},\"thumbnailUrl\":\"https:\/\/distribucionarc.com\/wp-content\/uploads\/2024\/04\/PRENSADORA-DE-UN-SOLO-GOLPE-DE-PROBIOTICOS-1.jpg\",\"datePublished\":\"2024-04-26T15:41:34+00:00\",\"dateModified\":\"2024-08-09T23:22:02+00:00\",\"breadcrumb\":{\"@id\":\"https:\/\/www.distribucionarc.com\/sk\/producto\/prensadora-de-un-solo-golpe-de-probioticos\/#breadcrumb\"},\"inLanguage\":\"lt-LT\",\"potentialAction\":[{\"@type\":\"ReadAction\",\"target\":[\"https:\/\/www.distribucionarc.com\/sk\/producto\/prensadora-de-un-solo-golpe-de-probioticos\/\"]}]},{\"@type\":\"ImageObject\",\"inLanguage\":\"lt-LT\",\"@id\":\"https:\/\/www.distribucionarc.com\/sk\/producto\/prensadora-de-un-solo-golpe-de-probioticos\/#primaryimage\",\"url\":\"https:\/\/distribucionarc.com\/wp-content\/uploads\/2024\/04\/PRENSADORA-DE-UN-SOLO-GOLPE-DE-PROBIOTICOS-1.jpg\",\"contentUrl\":\"https:\/\/distribucionarc.com\/wp-content\/uploads\/2024\/04\/PRENSADORA-DE-UN-SOLO-GOLPE-DE-PROBIOTICOS-1.jpg\",\"width\":2016,\"height\":328,\"caption\":\"#image_title\"},{\"@type\":\"BreadcrumbList\",\"@id\":\"https:\/\/www.distribucionarc.com\/sk\/producto\/prensadora-de-un-solo-golpe-de-probioticos\/#breadcrumb\",\"itemListElement\":[{\"@type\":\"ListItem\",\"position\":1,\"name\":\"Portada\",\"item\":\"https:\/\/distribucionarc.com\/nb\/\"},{\"@type\":\"ListItem\",\"position\":2,\"name\":\"Products\",\"item\":\"https:\/\/www.distribucionarc.com\/en\/shop\/\"},{\"@type\":\"ListItem\",\"position\":3,\"name\":\"PRENSADORA DE UN SOLO GOLPE DE PROBIOTICOS\"}]},{\"@type\":\"WebSite\",\"@id\":\"https:\/\/distribucionarc.com\/bg\/#website\",\"url\":\"https:\/\/distribucionarc.com\/bg\/\",\"name\":\"distribuci\u00f3n ARC\",\"description\":\"Empresa especializada en la fabricaci\u00f3n y distribuci\u00f3n de maquinaria industrial, selladoras de latas, Maquinas de hacer pastillas, Maquinas de cortar carne...\",\"publisher\":{\"@id\":\"https:\/\/distribucionarc.com\/bg\/#organization\"},\"potentialAction\":[{\"@type\":\"SearchAction\",\"target\":{\"@type\":\"EntryPoint\",\"urlTemplate\":\"https:\/\/distribucionarc.com\/bg\/?s={search_term_string}\"},\"query-input\":{\"@type\":\"PropertyValueSpecification\",\"valueRequired\":true,\"valueName\":\"search_term_string\"}}],\"inLanguage\":\"lt-LT\"},{\"@type\":\"Organization\",\"@id\":\"https:\/\/distribucionarc.com\/bg\/#organization\",\"name\":\"Distribuci\u00f3n ARC\",\"url\":\"https:\/\/distribucionarc.com\/bg\/\",\"logo\":{\"@type\":\"ImageObject\",\"inLanguage\":\"lt-LT\",\"@id\":\"https:\/\/distribucionarc.com\/bg\/#\/schema\/logo\/image\/\",\"url\":\"https:\/\/distribucionarc.com\/wp-content\/uploads\/2024\/10\/distribucion-ARC-COLOR-SIN-FONDO-e1732295305345.png\",\"contentUrl\":\"https:\/\/distribucionarc.com\/wp-content\/uploads\/2024\/10\/distribucion-ARC-COLOR-SIN-FONDO-e1732295305345.png\",\"width\":1164,\"height\":558,\"caption\":\"Distribuci\u00f3n ARC\"},\"image\":{\"@id\":\"https:\/\/distribucionarc.com\/bg\/#\/schema\/logo\/image\/\"},\"description\":\"Empresa especializada en la fabricaci\u00f3n y distribuci\u00f3n de maquinaria industrial para los sectores alimentario y farmac\u00e9utico. Nos especializamos en: M\u00e1quinas de cortar carne Fabricaci\u00f3n de comprimidos Sistemas de transporte industrial L\u00edneas de embotellado Dosificadores Y mucho m\u00e1s... Ofrecemos soluciones innovadoras y personalizadas para optimizar los procesos productivos de tu empresa.\",\"email\":\"Admistracion@distribucionarc.com\",\"telephone\":\"+34 643496664\",\"legalName\":\"ARC TECH SOLUTIONS\",\"foundingDate\":\"2024-04-09\",\"vatID\":\"B55480172\",\"numberOfEmployees\":{\"@type\":\"QuantitativeValue\",\"minValue\":\"1\",\"maxValue\":\"10\"}}]}<\/script>\n<!-- \/ Yoast SEO Premium plugin. -->","yoast_head_json":{"title":"SINGLE PUNCH PROBIOTICS PRESSER - ARC paskirstymas","robots":{"index":"index","follow":"follow","max-snippet":"max-snippet:-1","max-image-preview":"max-image-preview:large","max-video-preview":"max-video-preview:-1"},"canonical":"https:\/\/www.distribucionarc.com\/sk\/producto\/prensadora-de-un-solo-golpe-de-probioticos\/","og_locale":"lt_LT","og_type":"article","og_title":"PRENSADORA DE UN SOLO GOLPE DE PROBIOTICOS","og_description":"Presentamos la Prensa de Tabletas de un Solo Golpe TDP, disponible en una variedad de modelos que incluyen TDP-1, TDP-1.5,","og_url":"https:\/\/www.distribucionarc.com\/sk\/producto\/prensadora-de-un-solo-golpe-de-probioticos\/","og_site_name":"distribuci\u00f3n ARC","article_modified_time":"2024-08-09T23:22:02+00:00","og_image":[{"width":2016,"height":328,"url":"https:\/\/www.distribucionarc.com\/wp-content\/uploads\/2024\/04\/PRENSADORA-DE-UN-SOLO-GOLPE-DE-PROBIOTICOS-1.jpg","type":"image\/jpeg"}],"twitter_card":"summary_large_image","twitter_misc":{"Est. reading time":"1 minut\u0117"},"schema":{"@context":"https:\/\/schema.org","@graph":[{"@type":"WebPage","@id":"https:\/\/www.distribucionarc.com\/sk\/producto\/prensadora-de-un-solo-golpe-de-probioticos\/","url":"https:\/\/www.distribucionarc.com\/sk\/producto\/prensadora-de-un-solo-golpe-de-probioticos\/","name":"SINGLE PUNCH PROBIOTICS PRESSER - ARC paskirstymas","isPartOf":{"@id":"https:\/\/distribucionarc.com\/bg\/#website"},"primaryImageOfPage":{"@id":"https:\/\/www.distribucionarc.com\/sk\/producto\/prensadora-de-un-solo-golpe-de-probioticos\/#primaryimage"},"image":{"@id":"https:\/\/www.distribucionarc.com\/sk\/producto\/prensadora-de-un-solo-golpe-de-probioticos\/#primaryimage"},"thumbnailUrl":"https:\/\/distribucionarc.com\/wp-content\/uploads\/2024\/04\/PRENSADORA-DE-UN-SOLO-GOLPE-DE-PROBIOTICOS-1.jpg","datePublished":"2024-04-26T15:41:34+00:00","dateModified":"2024-08-09T23:22:02+00:00","breadcrumb":{"@id":"https:\/\/www.distribucionarc.com\/sk\/producto\/prensadora-de-un-solo-golpe-de-probioticos\/#breadcrumb"},"inLanguage":"lt-LT","potentialAction":[{"@type":"ReadAction","target":["https:\/\/www.distribucionarc.com\/sk\/producto\/prensadora-de-un-solo-golpe-de-probioticos\/"]}]},{"@type":"ImageObject","inLanguage":"lt-LT","@id":"https:\/\/www.distribucionarc.com\/sk\/producto\/prensadora-de-un-solo-golpe-de-probioticos\/#primaryimage","url":"https:\/\/distribucionarc.com\/wp-content\/uploads\/2024\/04\/PRENSADORA-DE-UN-SOLO-GOLPE-DE-PROBIOTICOS-1.jpg","contentUrl":"https:\/\/distribucionarc.com\/wp-content\/uploads\/2024\/04\/PRENSADORA-DE-UN-SOLO-GOLPE-DE-PROBIOTICOS-1.jpg","width":2016,"height":328,"caption":"#image_title"},{"@type":"BreadcrumbList","@id":"https:\/\/www.distribucionarc.com\/sk\/producto\/prensadora-de-un-solo-golpe-de-probioticos\/#breadcrumb","itemListElement":[{"@type":"ListItem","position":1,"name":"Portada","item":"https:\/\/distribucionarc.com\/nb\/"},{"@type":"ListItem","position":2,"name":"Products","item":"https:\/\/www.distribucionarc.com\/en\/shop\/"},{"@type":"ListItem","position":3,"name":"PRENSADORA DE UN SOLO GOLPE DE PROBIOTICOS"}]},{"@type":"WebSite","@id":"https:\/\/distribucionarc.com\/bg\/#website","url":"https:\/\/distribucionarc.com\/bg\/","name":"ARC paskirstymas","description":"\u012emon\u0117 specializuojasi pramonini\u0173 ma\u0161in\u0173, skardini\u0173 sandarinimo ma\u0161in\u0173, table\u010di\u0173 gamybos ma\u0161in\u0173, m\u0117sos pjaustymo ma\u0161in\u0173 gamyboje ir platinime...","publisher":{"@id":"https:\/\/distribucionarc.com\/bg\/#organization"},"potentialAction":[{"@type":"SearchAction","target":{"@type":"EntryPoint","urlTemplate":"https:\/\/distribucionarc.com\/bg\/?s={search_term_string}"},"query-input":{"@type":"PropertyValueSpecification","valueRequired":true,"valueName":"search_term_string"}}],"inLanguage":"lt-LT"},{"@type":"Organization","@id":"https:\/\/distribucionarc.com\/bg\/#organization","name":"ARC platinimas","url":"https:\/\/distribucionarc.com\/bg\/","logo":{"@type":"ImageObject","inLanguage":"lt-LT","@id":"https:\/\/distribucionarc.com\/bg\/#\/schema\/logo\/image\/","url":"https:\/\/distribucionarc.com\/wp-content\/uploads\/2024\/10\/distribucion-ARC-COLOR-SIN-FONDO-e1732295305345.png","contentUrl":"https:\/\/distribucionarc.com\/wp-content\/uploads\/2024\/10\/distribucion-ARC-COLOR-SIN-FONDO-e1732295305345.png","width":1164,"height":558,"caption":"Distribuci\u00f3n ARC"},"image":{"@id":"https:\/\/distribucionarc.com\/bg\/#\/schema\/logo\/image\/"},"description":"\u012emon\u0117 specializuojasi maisto ir farmacijos sektoriams skirt\u0173 pramonini\u0173 ma\u0161in\u0173 gamyboje ir platinime. M\u016bs\u0173 specializacija: M\u0117sos pjaustymo ma\u0161inos Table\u010di\u0173 gamyba Pramonin\u0117s transportavimo sistemos I\u0161pilstymo linijos Dozatoriai Ir dar daugiau... Si\u016blome novatori\u0161kus ir individualiems poreikiams pritaikytus sprendimus, kad optimizuotume j\u016bs\u0173 \u012fmon\u0117s gamybos procesus.","email":"Admistracion@distribucionarc.com","telephone":"+34 643496664","legalName":"ARC TECH SOLUTIONS","foundingDate":"2024-04-09","vatID":"B55480172","numberOfEmployees":{"@type":"QuantitativeValue","minValue":"1","maxValue":"10"}}]}},"_links":{"self":[{"href":"https:\/\/distribucionarc.com\/lt\/wp-json\/wp\/v2\/product\/6848","targetHints":{"allow":["GET"]}}],"collection":[{"href":"https:\/\/distribucionarc.com\/lt\/wp-json\/wp\/v2\/product"}],"about":[{"href":"https:\/\/distribucionarc.com\/lt\/wp-json\/wp\/v2\/types\/product"}],"replies":[{"embeddable":true,"href":"https:\/\/distribucionarc.com\/lt\/wp-json\/wp\/v2\/comments?post=6848"}],"version-history":[{"count":0,"href":"https:\/\/distribucionarc.com\/lt\/wp-json\/wp\/v2\/product\/6848\/revisions"}],"wp:featuredmedia":[{"embeddable":true,"href":"https:\/\/distribucionarc.com\/lt\/wp-json\/wp\/v2\/media\/6856"}],"wp:attachment":[{"href":"https:\/\/distribucionarc.com\/lt\/wp-json\/wp\/v2\/media?parent=6848"}],"wp:term":[{"taxonomy":"product_brand","embeddable":true,"href":"https:\/\/distribucionarc.com\/lt\/wp-json\/wp\/v2\/product_brand?post=6848"},{"taxonomy":"product_cat","embeddable":true,"href":"https:\/\/distribucionarc.com\/lt\/wp-json\/wp\/v2\/product_cat?post=6848"},{"taxonomy":"product_tag","embeddable":true,"href":"https:\/\/distribucionarc.com\/lt\/wp-json\/wp\/v2\/product_tag?post=6848"}],"curies":[{"name":"wp","href":"https:\/\/api.w.org\/{rel}","templated":true}]}}