{"id":6863,"date":"2024-04-26T16:23:43","date_gmt":"2024-04-26T16:23:43","guid":{"rendered":"https:\/\/distribucionarc.com\/?post_type=product&#038;p=6863"},"modified":"2024-04-26T16:23:45","modified_gmt":"2024-04-26T16:23:45","slug":"tankinimo-presavimo-masina-patobulintoms-baltyminems-tabletems","status":"publish","type":"product","link":"https:\/\/distribucionarc.com\/lt\/producto\/maquina-compactadora-prensadora-para-comprimidos-mejorados-de-proteinas\/","title":{"rendered":"KOMPAKTORIN\u0116 SPAUDA PATOBULINTOMS BALTYM\u0172 TABLET\u0116MS"},"content":{"rendered":"<p>Pristatome<strong> Tablet\u0117s preso sutankinimo ma\u0161inos modelis TARHDP<\/strong>, yra elektrini\u0173 modeli\u0173 <strong>TARHDP-3<\/strong>, elektrinis ir rankinis keitimas, <strong>TARHDP-5 ir TARHDP-6.<\/strong> \u0160i ma\u0161ina yra specialiai sukurta gaminti<strong> Patobulintos baltym\u0173 tablet\u0117s Tablet\u0117s<\/strong> i\u0161 granuli\u0173 ir smulki\u0173 milteli\u0173. Su galimybe apdoroti ma\u017eas milteli\u0173 granules,<strong> TARHDP ma\u0161ina<\/strong> si\u016blo i\u0161skirtin\u012f efektyvum\u0105 ir auk\u0161tos kokyb\u0117s rezultatus kiekviename gamybos cikle. Jo elektrin\u0117 konstrukcija u\u017etikrina skland\u0173 ir patikim\u0105 veikim\u0105, o elektrinio ir rankinio keitimo galimyb\u0117 suteikia universalumo, atsi\u017evelgiant \u012f vartotojo poreikius. Be to, <strong>TARHDP ma\u0161ina<\/strong> Jis apr\u016bpintas pa\u017eangiomis optimalios gamybos funkcijomis, tokiomis kaip tikslus sl\u0117gio ir tablet\u0117s storio reguliavimas. D\u0117l tvirtos ir patvarios konstrukcijos tai yra patikima investicija \u012fmon\u0117ms, norin\u010dioms tobulinti savo gamybos proces\u0105. <strong>baltym\u0173 table\u010di\u0173 gamyba.<\/strong><\/p>\n<p>&nbsp;<\/p>\n<table>\n<tbody>\n<tr>\n<td width=\"113\">Modelis<\/td>\n<td width=\"113\">TARHDP-3 elektrinis<\/td>\n<td width=\"113\">TARHDP-3 (elektrinis rankinis keitiklis)<\/td>\n<td width=\"113\">TARHDP-5<\/td>\n<td width=\"113\">TARHDP-6<\/td>\n<\/tr>\n<tr>\n<td width=\"113\">\u017daidimai<\/td>\n<td width=\"113\">1<\/td>\n<td width=\"113\">1<\/td>\n<td width=\"113\">1<\/td>\n<td width=\"113\">1<\/td>\n<\/tr>\n<tr>\n<td width=\"113\">Maksimalus sl\u0117gis (tonomis)<\/td>\n<td width=\"113\">30<\/td>\n<td width=\"113\">30<\/td>\n<td width=\"113\">50<\/td>\n<td width=\"113\">60<\/td>\n<\/tr>\n<tr>\n<td width=\"113\">Maksimalus skersmuo tablet\u0117s (mm)<\/td>\n<td width=\"113\">5-15<\/td>\n<td width=\"113\">12<\/td>\n<td width=\"113\">5.15<\/td>\n<td width=\"113\">20<\/td>\n<\/tr>\n<tr>\n<td width=\"113\">Maksimalus gylis u\u017epildymas (milimetrais)<\/td>\n<td width=\"113\">18<\/td>\n<td width=\"113\">12<\/td>\n<td width=\"113\">0.18<\/td>\n<td width=\"113\">18<\/td>\n<\/tr>\n<tr>\n<td width=\"113\">Maksimalus storis tablet\u0117 (milimetrais)<\/td>\n<td width=\"113\">6<\/td>\n<td width=\"113\">6<\/td>\n<td width=\"113\">0.7<\/td>\n<td width=\"113\">7<\/td>\n<\/tr>\n<tr>\n<td width=\"113\">Gamybos paj\u0117gumas (vnt.\/h)<\/td>\n<td width=\"113\">4000<\/td>\n<td width=\"113\">4000<\/td>\n<td width=\"113\">4200<\/td>\n<td width=\"113\">4000<\/td>\n<\/tr>\n<tr>\n<td width=\"113\">Variklio galia (kw)<\/td>\n<td width=\"113\">0.75<\/td>\n<td width=\"113\">4000<\/td>\n<td width=\"113\">0.78<\/td>\n<td width=\"113\">1.5<\/td>\n<\/tr>\n<tr>\n<td width=\"113\">Bendras dydis (milimetrais)<\/td>\n<td width=\"113\">450*<\/p>\n<p>300*<\/p>\n<p>550*<\/td>\n<td width=\"113\">450*<\/p>\n<p>300*<\/p>\n<p>550*<\/td>\n<td width=\"113\">480*<\/p>\n<p>460*<\/p>\n<p>620*<\/td>\n<td width=\"113\">500*<\/p>\n<p>410*<\/p>\n<p>680*<\/td>\n<\/tr>\n<tr>\n<td width=\"113\">Grynasis svoris (kg)<\/td>\n<td width=\"113\">50<\/td>\n<td width=\"113\">40<\/td>\n<td width=\"113\">55<\/td>\n<td width=\"113\">85<\/td>\n<\/tr>\n<\/tbody>\n<\/table>\n<p>&nbsp;<\/p>","protected":false},"excerpt":{"rendered":"<p>Pristatome plan\u0161etini\u0173 kompiuteri\u0173 presavimo kompaktoriaus model\u012f TARHDP, kur\u012f galima \u012fsigyti su elektriniais modeliais TARHDP-3, elektriniu perjungimo ir rankiniu modeliu TARHDP-5.<\/p>","protected":false},"featured_media":6864,"comment_status":"open","ping_status":"closed","template":"","meta":{"wds_primary_product_brand":0,"wds_primary_product_cat":0},"product_brand":[],"product_cat":[84],"product_tag":[],"class_list":{"0":"post-6863","1":"product","2":"type-product","3":"status-publish","4":"has-post-thumbnail","6":"product_cat-maquinas-para-hacer-pastillas","8":"first","9":"instock","10":"taxable","11":"shipping-taxable","12":"purchasable","13":"product-type-simple"},"yoast_head":"<!-- This site is optimized with the Yoast SEO Premium plugin v24.9 (Yoast SEO v26.1) - https:\/\/yoast.com\/wordpress\/plugins\/seo\/ -->\n<title>MAQUINA COMPACTADORA PRENSADORA PARA COMPRIMIDOS MEJORADOS DE PROTEINAS - distribuci\u00f3n ARC<\/title>\n<meta name=\"robots\" content=\"index, follow, max-snippet:-1, max-image-preview:large, max-video-preview:-1\" \/>\n<link rel=\"canonical\" href=\"https:\/\/www.distribucionarc.com\/producto\/maquina-compactadora-prensadora-para-comprimidos-mejorados-de-proteinas\/\" \/>\n<meta property=\"og:locale\" content=\"lt_LT\" \/>\n<meta property=\"og:type\" content=\"article\" \/>\n<meta property=\"og:title\" content=\"MAQUINA COMPACTADORA PRENSADORA PARA COMPRIMIDOS MEJORADOS DE PROTEINAS\" \/>\n<meta property=\"og:description\" content=\"Presentamos la M\u00e1quina Compactadora Prensadora de Tabletas Modelo TARHDP, disponible en los modelos el\u00e9ctricos TARHDP-3, intercambio el\u00e9ctrico y manual, TARHDP-5\" \/>\n<meta property=\"og:url\" content=\"https:\/\/www.distribucionarc.com\/producto\/maquina-compactadora-prensadora-para-comprimidos-mejorados-de-proteinas\/\" \/>\n<meta property=\"og:site_name\" content=\"distribuci\u00f3n ARC\" \/>\n<meta property=\"article:modified_time\" content=\"2024-04-26T16:23:45+00:00\" \/>\n<meta property=\"og:image\" content=\"https:\/\/www.distribucionarc.com\/wp-content\/uploads\/2024\/04\/MAQUINA-COMPACTADORA-PRENSADORA-PARA-COMPRIMIDOS-MEJORADOS-DE-PROTEINAS-TARHDP-6.jpg\" \/>\n\t<meta property=\"og:image:width\" content=\"1656\" \/>\n\t<meta property=\"og:image:height\" content=\"1160\" \/>\n\t<meta property=\"og:image:type\" content=\"image\/jpeg\" \/>\n<meta name=\"twitter:card\" content=\"summary_large_image\" \/>\n<meta name=\"twitter:label1\" content=\"Est. reading time\" \/>\n\t<meta name=\"twitter:data1\" content=\"1 minut\u0117\" \/>\n<script type=\"application\/ld+json\" class=\"yoast-schema-graph\">{\"@context\":\"https:\/\/schema.org\",\"@graph\":[{\"@type\":\"WebPage\",\"@id\":\"https:\/\/www.distribucionarc.com\/producto\/maquina-compactadora-prensadora-para-comprimidos-mejorados-de-proteinas\/\",\"url\":\"https:\/\/www.distribucionarc.com\/producto\/maquina-compactadora-prensadora-para-comprimidos-mejorados-de-proteinas\/\",\"name\":\"MAQUINA COMPACTADORA PRENSADORA PARA COMPRIMIDOS MEJORADOS DE PROTEINAS - distribuci\u00f3n ARC\",\"isPartOf\":{\"@id\":\"https:\/\/www.distribucionarc.com\/sl\/#website\"},\"primaryImageOfPage\":{\"@id\":\"https:\/\/www.distribucionarc.com\/producto\/maquina-compactadora-prensadora-para-comprimidos-mejorados-de-proteinas\/#primaryimage\"},\"image\":{\"@id\":\"https:\/\/www.distribucionarc.com\/producto\/maquina-compactadora-prensadora-para-comprimidos-mejorados-de-proteinas\/#primaryimage\"},\"thumbnailUrl\":\"https:\/\/distribucionarc.com\/wp-content\/uploads\/2024\/04\/MAQUINA-COMPACTADORA-PRENSADORA-PARA-COMPRIMIDOS-MEJORADOS-DE-PROTEINAS-TARHDP-6.jpg\",\"datePublished\":\"2024-04-26T16:23:43+00:00\",\"dateModified\":\"2024-04-26T16:23:45+00:00\",\"breadcrumb\":{\"@id\":\"https:\/\/www.distribucionarc.com\/producto\/maquina-compactadora-prensadora-para-comprimidos-mejorados-de-proteinas\/#breadcrumb\"},\"inLanguage\":\"lt-LT\",\"potentialAction\":[{\"@type\":\"ReadAction\",\"target\":[\"https:\/\/www.distribucionarc.com\/producto\/maquina-compactadora-prensadora-para-comprimidos-mejorados-de-proteinas\/\"]}]},{\"@type\":\"ImageObject\",\"inLanguage\":\"lt-LT\",\"@id\":\"https:\/\/www.distribucionarc.com\/producto\/maquina-compactadora-prensadora-para-comprimidos-mejorados-de-proteinas\/#primaryimage\",\"url\":\"https:\/\/distribucionarc.com\/wp-content\/uploads\/2024\/04\/MAQUINA-COMPACTADORA-PRENSADORA-PARA-COMPRIMIDOS-MEJORADOS-DE-PROTEINAS-TARHDP-6.jpg\",\"contentUrl\":\"https:\/\/distribucionarc.com\/wp-content\/uploads\/2024\/04\/MAQUINA-COMPACTADORA-PRENSADORA-PARA-COMPRIMIDOS-MEJORADOS-DE-PROTEINAS-TARHDP-6.jpg\",\"width\":1656,\"height\":1160,\"caption\":\"#image_title\"},{\"@type\":\"BreadcrumbList\",\"@id\":\"https:\/\/www.distribucionarc.com\/producto\/maquina-compactadora-prensadora-para-comprimidos-mejorados-de-proteinas\/#breadcrumb\",\"itemListElement\":[{\"@type\":\"ListItem\",\"position\":1,\"name\":\"Portada\",\"item\":\"https:\/\/www.distribucionarc.com\/\"},{\"@type\":\"ListItem\",\"position\":2,\"name\":\"\u00dcr\u00fcnler\",\"item\":\"https:\/\/www.distribucionarc.com\/tr\/magaza\/\"},{\"@type\":\"ListItem\",\"position\":3,\"name\":\"MAQUINA COMPACTADORA PRENSADORA PARA COMPRIMIDOS MEJORADOS DE PROTEINAS\"}]},{\"@type\":\"WebSite\",\"@id\":\"https:\/\/www.distribucionarc.com\/sl\/#website\",\"url\":\"https:\/\/www.distribucionarc.com\/sl\/\",\"name\":\"distribuci\u00f3n ARC\",\"description\":\"Empresa especializada en la fabricaci\u00f3n y distribuci\u00f3n de maquinaria industrial, selladoras de latas, Maquinas de hacer pastillas, Maquinas de cortar carne...\",\"publisher\":{\"@id\":\"https:\/\/www.distribucionarc.com\/sl\/#organization\"},\"potentialAction\":[{\"@type\":\"SearchAction\",\"target\":{\"@type\":\"EntryPoint\",\"urlTemplate\":\"https:\/\/www.distribucionarc.com\/sl\/?s={search_term_string}\"},\"query-input\":{\"@type\":\"PropertyValueSpecification\",\"valueRequired\":true,\"valueName\":\"search_term_string\"}}],\"inLanguage\":\"lt-LT\"},{\"@type\":\"Organization\",\"@id\":\"https:\/\/www.distribucionarc.com\/sl\/#organization\",\"name\":\"Distribuci\u00f3n ARC\",\"url\":\"https:\/\/www.distribucionarc.com\/sl\/\",\"logo\":{\"@type\":\"ImageObject\",\"inLanguage\":\"lt-LT\",\"@id\":\"https:\/\/www.distribucionarc.com\/sl\/#\/schema\/logo\/image\/\",\"url\":\"https:\/\/distribucionarc.com\/wp-content\/uploads\/2024\/10\/distribucion-ARC-COLOR-SIN-FONDO-e1732295305345.png\",\"contentUrl\":\"https:\/\/distribucionarc.com\/wp-content\/uploads\/2024\/10\/distribucion-ARC-COLOR-SIN-FONDO-e1732295305345.png\",\"width\":1164,\"height\":558,\"caption\":\"Distribuci\u00f3n ARC\"},\"image\":{\"@id\":\"https:\/\/www.distribucionarc.com\/sl\/#\/schema\/logo\/image\/\"},\"description\":\"Empresa especializada en la fabricaci\u00f3n y distribuci\u00f3n de maquinaria industrial para los sectores alimentario y farmac\u00e9utico. Nos especializamos en: M\u00e1quinas de cortar carne Fabricaci\u00f3n de comprimidos Sistemas de transporte industrial L\u00edneas de embotellado Dosificadores Y mucho m\u00e1s... Ofrecemos soluciones innovadoras y personalizadas para optimizar los procesos productivos de tu empresa.\",\"email\":\"Admistracion@distribucionarc.com\",\"telephone\":\"+34 643496664\",\"legalName\":\"ARC TECH SOLUTIONS\",\"foundingDate\":\"2024-04-09\",\"vatID\":\"B55480172\",\"numberOfEmployees\":{\"@type\":\"QuantitativeValue\",\"minValue\":\"1\",\"maxValue\":\"10\"}}]}<\/script>\n<!-- \/ Yoast SEO Premium plugin. -->","yoast_head_json":{"title":"KOMPAKTIN\u0116 PRES\u0116JIMO MA\u0160INA PATOBULINTOMS BALTYM\u0172 TABLET\u0116MS \u2013 ARC paskirstymas","robots":{"index":"index","follow":"follow","max-snippet":"max-snippet:-1","max-image-preview":"max-image-preview:large","max-video-preview":"max-video-preview:-1"},"canonical":"https:\/\/www.distribucionarc.com\/producto\/maquina-compactadora-prensadora-para-comprimidos-mejorados-de-proteinas\/","og_locale":"lt_LT","og_type":"article","og_title":"MAQUINA COMPACTADORA PRENSADORA PARA COMPRIMIDOS MEJORADOS DE PROTEINAS","og_description":"Presentamos la M\u00e1quina Compactadora Prensadora de Tabletas Modelo TARHDP, disponible en los modelos el\u00e9ctricos TARHDP-3, intercambio el\u00e9ctrico y manual, TARHDP-5","og_url":"https:\/\/www.distribucionarc.com\/producto\/maquina-compactadora-prensadora-para-comprimidos-mejorados-de-proteinas\/","og_site_name":"distribuci\u00f3n ARC","article_modified_time":"2024-04-26T16:23:45+00:00","og_image":[{"width":1656,"height":1160,"url":"https:\/\/www.distribucionarc.com\/wp-content\/uploads\/2024\/04\/MAQUINA-COMPACTADORA-PRENSADORA-PARA-COMPRIMIDOS-MEJORADOS-DE-PROTEINAS-TARHDP-6.jpg","type":"image\/jpeg"}],"twitter_card":"summary_large_image","twitter_misc":{"Est. reading time":"1 minut\u0117"},"schema":{"@context":"https:\/\/schema.org","@graph":[{"@type":"WebPage","@id":"https:\/\/www.distribucionarc.com\/producto\/maquina-compactadora-prensadora-para-comprimidos-mejorados-de-proteinas\/","url":"https:\/\/www.distribucionarc.com\/producto\/maquina-compactadora-prensadora-para-comprimidos-mejorados-de-proteinas\/","name":"KOMPAKTIN\u0116 PRES\u0116JIMO MA\u0160INA PATOBULINTOMS BALTYM\u0172 TABLET\u0116MS \u2013 ARC paskirstymas","isPartOf":{"@id":"https:\/\/www.distribucionarc.com\/sl\/#website"},"primaryImageOfPage":{"@id":"https:\/\/www.distribucionarc.com\/producto\/maquina-compactadora-prensadora-para-comprimidos-mejorados-de-proteinas\/#primaryimage"},"image":{"@id":"https:\/\/www.distribucionarc.com\/producto\/maquina-compactadora-prensadora-para-comprimidos-mejorados-de-proteinas\/#primaryimage"},"thumbnailUrl":"https:\/\/distribucionarc.com\/wp-content\/uploads\/2024\/04\/MAQUINA-COMPACTADORA-PRENSADORA-PARA-COMPRIMIDOS-MEJORADOS-DE-PROTEINAS-TARHDP-6.jpg","datePublished":"2024-04-26T16:23:43+00:00","dateModified":"2024-04-26T16:23:45+00:00","breadcrumb":{"@id":"https:\/\/www.distribucionarc.com\/producto\/maquina-compactadora-prensadora-para-comprimidos-mejorados-de-proteinas\/#breadcrumb"},"inLanguage":"lt-LT","potentialAction":[{"@type":"ReadAction","target":["https:\/\/www.distribucionarc.com\/producto\/maquina-compactadora-prensadora-para-comprimidos-mejorados-de-proteinas\/"]}]},{"@type":"ImageObject","inLanguage":"lt-LT","@id":"https:\/\/www.distribucionarc.com\/producto\/maquina-compactadora-prensadora-para-comprimidos-mejorados-de-proteinas\/#primaryimage","url":"https:\/\/distribucionarc.com\/wp-content\/uploads\/2024\/04\/MAQUINA-COMPACTADORA-PRENSADORA-PARA-COMPRIMIDOS-MEJORADOS-DE-PROTEINAS-TARHDP-6.jpg","contentUrl":"https:\/\/distribucionarc.com\/wp-content\/uploads\/2024\/04\/MAQUINA-COMPACTADORA-PRENSADORA-PARA-COMPRIMIDOS-MEJORADOS-DE-PROTEINAS-TARHDP-6.jpg","width":1656,"height":1160,"caption":"#image_title"},{"@type":"BreadcrumbList","@id":"https:\/\/www.distribucionarc.com\/producto\/maquina-compactadora-prensadora-para-comprimidos-mejorados-de-proteinas\/#breadcrumb","itemListElement":[{"@type":"ListItem","position":1,"name":"Portada","item":"https:\/\/www.distribucionarc.com\/"},{"@type":"ListItem","position":2,"name":"\u00dcr\u00fcnler","item":"https:\/\/www.distribucionarc.com\/tr\/magaza\/"},{"@type":"ListItem","position":3,"name":"MAQUINA COMPACTADORA PRENSADORA PARA COMPRIMIDOS MEJORADOS DE PROTEINAS"}]},{"@type":"WebSite","@id":"https:\/\/www.distribucionarc.com\/sl\/#website","url":"https:\/\/www.distribucionarc.com\/sl\/","name":"ARC paskirstymas","description":"\u012emon\u0117 specializuojasi pramonini\u0173 ma\u0161in\u0173, skardini\u0173 sandarinimo ma\u0161in\u0173, table\u010di\u0173 gamybos ma\u0161in\u0173, m\u0117sos pjaustymo ma\u0161in\u0173 gamyboje ir platinime...","publisher":{"@id":"https:\/\/www.distribucionarc.com\/sl\/#organization"},"potentialAction":[{"@type":"SearchAction","target":{"@type":"EntryPoint","urlTemplate":"https:\/\/www.distribucionarc.com\/sl\/?s={search_term_string}"},"query-input":{"@type":"PropertyValueSpecification","valueRequired":true,"valueName":"search_term_string"}}],"inLanguage":"lt-LT"},{"@type":"Organization","@id":"https:\/\/www.distribucionarc.com\/sl\/#organization","name":"ARC platinimas","url":"https:\/\/www.distribucionarc.com\/sl\/","logo":{"@type":"ImageObject","inLanguage":"lt-LT","@id":"https:\/\/www.distribucionarc.com\/sl\/#\/schema\/logo\/image\/","url":"https:\/\/distribucionarc.com\/wp-content\/uploads\/2024\/10\/distribucion-ARC-COLOR-SIN-FONDO-e1732295305345.png","contentUrl":"https:\/\/distribucionarc.com\/wp-content\/uploads\/2024\/10\/distribucion-ARC-COLOR-SIN-FONDO-e1732295305345.png","width":1164,"height":558,"caption":"Distribuci\u00f3n ARC"},"image":{"@id":"https:\/\/www.distribucionarc.com\/sl\/#\/schema\/logo\/image\/"},"description":"\u012emon\u0117 specializuojasi maisto ir farmacijos sektoriams skirt\u0173 pramonini\u0173 ma\u0161in\u0173 gamyboje ir platinime. M\u016bs\u0173 specializacija: M\u0117sos pjaustymo ma\u0161inos Table\u010di\u0173 gamyba Pramonin\u0117s transportavimo sistemos I\u0161pilstymo linijos Dozatoriai Ir dar daugiau... Si\u016blome novatori\u0161kus ir individualiems poreikiams pritaikytus sprendimus, kad optimizuotume j\u016bs\u0173 \u012fmon\u0117s gamybos procesus.","email":"Admistracion@distribucionarc.com","telephone":"+34 643496664","legalName":"ARC TECH SOLUTIONS","foundingDate":"2024-04-09","vatID":"B55480172","numberOfEmployees":{"@type":"QuantitativeValue","minValue":"1","maxValue":"10"}}]}},"_links":{"self":[{"href":"https:\/\/distribucionarc.com\/lt\/wp-json\/wp\/v2\/product\/6863","targetHints":{"allow":["GET"]}}],"collection":[{"href":"https:\/\/distribucionarc.com\/lt\/wp-json\/wp\/v2\/product"}],"about":[{"href":"https:\/\/distribucionarc.com\/lt\/wp-json\/wp\/v2\/types\/product"}],"replies":[{"embeddable":true,"href":"https:\/\/distribucionarc.com\/lt\/wp-json\/wp\/v2\/comments?post=6863"}],"version-history":[{"count":0,"href":"https:\/\/distribucionarc.com\/lt\/wp-json\/wp\/v2\/product\/6863\/revisions"}],"wp:featuredmedia":[{"embeddable":true,"href":"https:\/\/distribucionarc.com\/lt\/wp-json\/wp\/v2\/media\/6864"}],"wp:attachment":[{"href":"https:\/\/distribucionarc.com\/lt\/wp-json\/wp\/v2\/media?parent=6863"}],"wp:term":[{"taxonomy":"product_brand","embeddable":true,"href":"https:\/\/distribucionarc.com\/lt\/wp-json\/wp\/v2\/product_brand?post=6863"},{"taxonomy":"product_cat","embeddable":true,"href":"https:\/\/distribucionarc.com\/lt\/wp-json\/wp\/v2\/product_cat?post=6863"},{"taxonomy":"product_tag","embeddable":true,"href":"https:\/\/distribucionarc.com\/lt\/wp-json\/wp\/v2\/product_tag?post=6863"}],"curies":[{"name":"wp","href":"https:\/\/api.w.org\/{rel}","templated":true}]}}