{"id":6929,"date":"2024-04-26T19:21:57","date_gmt":"2024-04-26T19:21:57","guid":{"rendered":"https:\/\/distribucionarc.com\/?post_type=product&#038;p=6929"},"modified":"2024-04-27T03:46:38","modified_gmt":"2024-04-27T03:46:38","slug":"horizontalus-juostos-homogeninis-milteliu-mixer-vitaminams","status":"publish","type":"product","link":"https:\/\/distribucionarc.com\/lt\/producto\/mezclador-horizontal-de-cinta-polvo-homogenos-para-vitaminas\/","title":{"rendered":"HORIZONTALUS JUOSTINIS MIKSERIS HOMOGENINIAI MILTELIAI VITAMINAI"},"content":{"rendered":"<p>Atraskite<strong> CARH serijos horizontalus juostinis mai\u0161ytuvas<\/strong>, skirtas tiksliai sumai\u0161yti milteli\u0173 arba pastos med\u017eiagas, garantuojan\u010dias i\u0161skirtin\u012f homogeni\u0161kum\u0105, <strong>idealiai tinka vitaminams.<\/strong> \u0160is vieno a\u0161men\u0173 mai\u0161ytuvas, horizontalaus kanalo tipo, u\u017etikrina tolyg\u0173 paskirstym\u0105 d\u0117l mai\u0161ymo ment\u0117s, kertan\u010dios velen\u0105, tod\u0117l j\u012f lengva valyti. Dalinis kontaktas su SS304 \u017ealiava garantuoja maksimali\u0105 higien\u0105 ir kokyb\u0119 j\u016bs\u0173 gamybos procese. Optimizuokite savo veikl\u0105 ir pakelkite savo produkt\u0173 standart\u0105 naudodami m\u016bs\u0173 rinkoje pirmaujant\u012f mai\u0161ymo sprendim\u0105.<\/p>\n<p>&nbsp;<\/p>\n<table>\n<tbody>\n<tr>\n<td width=\"71\">modelis<\/td>\n<td width=\"71\">Tiektuvo talpa (kg)<\/td>\n<td width=\"71\">Suklio greitis (apsukimai-min.)<\/td>\n<td width=\"71\">Mai\u0161ymo ciklas (min.)<\/td>\n<td width=\"71\">Pagrindinis variklis (kilovatai)<\/td>\n<td width=\"71\">I\u0161krovimo variklis (kw)<\/td>\n<td width=\"71\">Svoris (kg)<\/td>\n<td width=\"71\">Bendras dydis (milimetrais)<\/td>\n<\/tr>\n<tr>\n<td width=\"71\">CARH 10<\/td>\n<td width=\"71\">10<\/td>\n<td width=\"71\">24<\/td>\n<td width=\"71\">5-20<\/td>\n<td width=\"71\">0.55<\/td>\n<td width=\"71\">Rankiniu b\u016bdu<\/td>\n<td width=\"71\">40<\/td>\n<td width=\"71\">600*<\/p>\n<p>280*<\/p>\n<p>450*<\/td>\n<\/tr>\n<tr>\n<td width=\"71\">CARH 50<\/td>\n<td width=\"71\">50<\/td>\n<td width=\"71\">24<\/td>\n<td width=\"71\">5-20<\/td>\n<td width=\"71\">1.1<\/td>\n<td width=\"71\">0.75<\/td>\n<td width=\"71\">200<\/td>\n<td width=\"71\">980*<\/p>\n<p>420*<\/p>\n<p>800*<\/td>\n<\/tr>\n<tr>\n<td width=\"71\">100 CARH<\/td>\n<td width=\"71\">100<\/td>\n<td width=\"71\">24<\/td>\n<td width=\"71\">5-20<\/td>\n<td width=\"71\">2.2<\/td>\n<td width=\"71\">0.75<\/td>\n<td width=\"71\">250<\/td>\n<td width=\"71\">1100*<\/p>\n<p>440*<\/p>\n<p>900*<\/td>\n<\/tr>\n<tr>\n<td width=\"71\">CARH 150<\/td>\n<td width=\"71\">150<\/td>\n<td width=\"71\">24<\/td>\n<td width=\"71\">5-20<\/td>\n<td width=\"71\">3<\/td>\n<td width=\"71\">0.75<\/td>\n<td width=\"71\">450<\/td>\n<td width=\"71\">1280*<\/p>\n<p>600*<\/p>\n<p>1100*<\/td>\n<\/tr>\n<tr>\n<td width=\"71\">200 CARH<\/td>\n<td width=\"71\">200<\/td>\n<td width=\"71\">24<\/td>\n<td width=\"71\">5-20<\/td>\n<td width=\"71\">4<\/td>\n<td width=\"71\">0.75<\/td>\n<td width=\"71\">520<\/td>\n<td width=\"71\">1400*<\/p>\n<p>600*<\/p>\n<p>1200*<\/td>\n<\/tr>\n<tr>\n<td width=\"71\">300 CARH<\/td>\n<td width=\"71\">300<\/td>\n<td width=\"71\">24<\/td>\n<td width=\"71\">5-20<\/td>\n<td width=\"71\">5.5<\/td>\n<td width=\"71\">1.1<\/td>\n<td width=\"71\">520<\/td>\n<td width=\"71\">1850*<\/p>\n<p>700*<\/p>\n<p>1200*<\/td>\n<\/tr>\n<tr>\n<td width=\"71\">500 CARH<\/td>\n<td width=\"71\">500<\/td>\n<td width=\"71\">24<\/td>\n<td width=\"71\">5-20<\/td>\n<td width=\"71\">4<\/td>\n<td width=\"71\">0.75<\/td>\n<td width=\"71\">750<\/td>\n<td width=\"71\">2280*<\/p>\n<p>750*<\/p>\n<p>1250*<\/td>\n<\/tr>\n<tr>\n<td width=\"71\">1000 CARH<\/td>\n<td width=\"71\">1000<\/td>\n<td width=\"71\">24<\/td>\n<td width=\"71\">5-20<\/td>\n<td width=\"71\">7.5<\/td>\n<td width=\"71\">0.75<\/td>\n<td width=\"71\">1200<\/td>\n<td width=\"71\">2280*<\/p>\n<p>1100*<\/p>\n<p>1500*<\/td>\n<\/tr>\n<\/tbody>\n<\/table>","protected":false},"excerpt":{"rendered":"<p>Atraskite CARH serijos horizontal\u0173 juostin\u012f mai\u0161ytuv\u0105, skirt\u0105 tiksliam milteli\u0173 arba pastos pavidalo med\u017eiag\u0173 mai\u0161ymui,<\/p>","protected":false},"featured_media":6942,"comment_status":"open","ping_status":"closed","template":"","meta":{"wds_primary_product_brand":0,"wds_primary_product_cat":0},"product_brand":[],"product_cat":[84],"product_tag":[],"class_list":{"0":"post-6929","1":"product","2":"type-product","3":"status-publish","4":"has-post-thumbnail","6":"product_cat-maquinas-para-hacer-pastillas","8":"first","9":"instock","10":"taxable","11":"shipping-taxable","12":"purchasable","13":"product-type-simple"},"yoast_head":"<!-- This site is optimized with the Yoast SEO Premium plugin v24.9 (Yoast SEO v26.1) - https:\/\/yoast.com\/wordpress\/plugins\/seo\/ -->\n<title>MEZCLADOR HORIZONTAL DE CINTA POLVO HOMOGENOS PARA VITAMINAS - distribuci\u00f3n ARC<\/title>\n<meta name=\"robots\" content=\"index, follow, max-snippet:-1, max-image-preview:large, max-video-preview:-1\" \/>\n<link rel=\"canonical\" href=\"https:\/\/distribucionarc.com\/lt\/produktas\/horizontalus-juostos-homogeninis-milteliu-mixer-vitaminams\/\" \/>\n<meta property=\"og:locale\" content=\"lt_LT\" \/>\n<meta property=\"og:type\" content=\"article\" \/>\n<meta property=\"og:title\" content=\"MEZCLADOR HORIZONTAL DE CINTA POLVO HOMOGENOS PARA VITAMINAS\" \/>\n<meta property=\"og:description\" content=\"Descubre el Mezclador Horizontal de Cinta artesa serie CARH, dise\u00f1ado para la mezcla precisa de materiales en polvo o pasta,\" \/>\n<meta property=\"og:url\" content=\"https:\/\/distribucionarc.com\/lt\/produktas\/horizontalus-juostos-homogeninis-milteliu-mixer-vitaminams\/\" \/>\n<meta property=\"og:site_name\" content=\"distribuci\u00f3n ARC\" \/>\n<meta property=\"article:modified_time\" content=\"2024-04-27T03:46:38+00:00\" \/>\n<meta property=\"og:image\" content=\"https:\/\/distribucionarc.com\/wp-content\/uploads\/2024\/04\/MEZCLADOR-HORIZONTAL-DE-CINTA-POLVO-HOMOGENOS-PARA-VITAMINAS.webp\" \/>\n\t<meta property=\"og:image:width\" content=\"1616\" \/>\n\t<meta property=\"og:image:height\" content=\"880\" \/>\n\t<meta property=\"og:image:type\" content=\"image\/webp\" \/>\n<meta name=\"twitter:card\" content=\"summary_large_image\" \/>\n<meta name=\"twitter:label1\" content=\"Est. reading time\" \/>\n\t<meta name=\"twitter:data1\" content=\"1 minut\u0117\" \/>\n<script type=\"application\/ld+json\" class=\"yoast-schema-graph\">{\"@context\":\"https:\/\/schema.org\",\"@graph\":[{\"@type\":\"WebPage\",\"@id\":\"https:\/\/distribucionarc.com\/hr\/producto\/mezclador-horizontal-de-cinta-polvo-homogenos-para-vitaminas\/\",\"url\":\"https:\/\/distribucionarc.com\/hr\/producto\/mezclador-horizontal-de-cinta-polvo-homogenos-para-vitaminas\/\",\"name\":\"MEZCLADOR HORIZONTAL DE CINTA POLVO HOMOGENOS PARA VITAMINAS - distribuci\u00f3n ARC\",\"isPartOf\":{\"@id\":\"https:\/\/www.distribucionarc.com\/sl\/#website\"},\"primaryImageOfPage\":{\"@id\":\"https:\/\/distribucionarc.com\/hr\/producto\/mezclador-horizontal-de-cinta-polvo-homogenos-para-vitaminas\/#primaryimage\"},\"image\":{\"@id\":\"https:\/\/distribucionarc.com\/hr\/producto\/mezclador-horizontal-de-cinta-polvo-homogenos-para-vitaminas\/#primaryimage\"},\"thumbnailUrl\":\"https:\/\/distribucionarc.com\/wp-content\/uploads\/2024\/04\/MEZCLADOR-HORIZONTAL-DE-CINTA-POLVO-HOMOGENOS-PARA-VITAMINAS.webp\",\"datePublished\":\"2024-04-26T19:21:57+00:00\",\"dateModified\":\"2024-04-27T03:46:38+00:00\",\"breadcrumb\":{\"@id\":\"https:\/\/distribucionarc.com\/hr\/producto\/mezclador-horizontal-de-cinta-polvo-homogenos-para-vitaminas\/#breadcrumb\"},\"inLanguage\":\"lt-LT\",\"potentialAction\":[{\"@type\":\"ReadAction\",\"target\":[\"https:\/\/distribucionarc.com\/hr\/producto\/mezclador-horizontal-de-cinta-polvo-homogenos-para-vitaminas\/\"]}]},{\"@type\":\"ImageObject\",\"inLanguage\":\"lt-LT\",\"@id\":\"https:\/\/distribucionarc.com\/hr\/producto\/mezclador-horizontal-de-cinta-polvo-homogenos-para-vitaminas\/#primaryimage\",\"url\":\"https:\/\/distribucionarc.com\/wp-content\/uploads\/2024\/04\/MEZCLADOR-HORIZONTAL-DE-CINTA-POLVO-HOMOGENOS-PARA-VITAMINAS.webp\",\"contentUrl\":\"https:\/\/distribucionarc.com\/wp-content\/uploads\/2024\/04\/MEZCLADOR-HORIZONTAL-DE-CINTA-POLVO-HOMOGENOS-PARA-VITAMINAS.webp\",\"width\":1616,\"height\":880,\"caption\":\"#image_title\"},{\"@type\":\"BreadcrumbList\",\"@id\":\"https:\/\/distribucionarc.com\/hr\/producto\/mezclador-horizontal-de-cinta-polvo-homogenos-para-vitaminas\/#breadcrumb\",\"itemListElement\":[{\"@type\":\"ListItem\",\"position\":1,\"name\":\"Portada\",\"item\":\"https:\/\/www.distribucionarc.com\/\"},{\"@type\":\"ListItem\",\"position\":2,\"name\":\"\u00dcr\u00fcnler\",\"item\":\"https:\/\/www.distribucionarc.com\/tr\/magaza\/\"},{\"@type\":\"ListItem\",\"position\":3,\"name\":\"MEZCLADOR HORIZONTAL DE CINTA POLVO HOMOGENOS PARA VITAMINAS\"}]},{\"@type\":\"WebSite\",\"@id\":\"https:\/\/www.distribucionarc.com\/sl\/#website\",\"url\":\"https:\/\/www.distribucionarc.com\/sl\/\",\"name\":\"distribuci\u00f3n ARC\",\"description\":\"Empresa especializada en la fabricaci\u00f3n y distribuci\u00f3n de maquinaria industrial, selladoras de latas, Maquinas de hacer pastillas, Maquinas de cortar carne...\",\"publisher\":{\"@id\":\"https:\/\/www.distribucionarc.com\/sl\/#organization\"},\"potentialAction\":[{\"@type\":\"SearchAction\",\"target\":{\"@type\":\"EntryPoint\",\"urlTemplate\":\"https:\/\/www.distribucionarc.com\/sl\/?s={search_term_string}\"},\"query-input\":{\"@type\":\"PropertyValueSpecification\",\"valueRequired\":true,\"valueName\":\"search_term_string\"}}],\"inLanguage\":\"lt-LT\"},{\"@type\":\"Organization\",\"@id\":\"https:\/\/www.distribucionarc.com\/sl\/#organization\",\"name\":\"Distribuci\u00f3n ARC\",\"url\":\"https:\/\/www.distribucionarc.com\/sl\/\",\"logo\":{\"@type\":\"ImageObject\",\"inLanguage\":\"lt-LT\",\"@id\":\"https:\/\/www.distribucionarc.com\/sl\/#\/schema\/logo\/image\/\",\"url\":\"https:\/\/distribucionarc.com\/wp-content\/uploads\/2024\/10\/distribucion-ARC-COLOR-SIN-FONDO-e1732295305345.png\",\"contentUrl\":\"https:\/\/distribucionarc.com\/wp-content\/uploads\/2024\/10\/distribucion-ARC-COLOR-SIN-FONDO-e1732295305345.png\",\"width\":1164,\"height\":558,\"caption\":\"Distribuci\u00f3n ARC\"},\"image\":{\"@id\":\"https:\/\/www.distribucionarc.com\/sl\/#\/schema\/logo\/image\/\"},\"description\":\"Empresa especializada en la fabricaci\u00f3n y distribuci\u00f3n de maquinaria industrial para los sectores alimentario y farmac\u00e9utico. Nos especializamos en: M\u00e1quinas de cortar carne Fabricaci\u00f3n de comprimidos Sistemas de transporte industrial L\u00edneas de embotellado Dosificadores Y mucho m\u00e1s... Ofrecemos soluciones innovadoras y personalizadas para optimizar los procesos productivos de tu empresa.\",\"email\":\"Admistracion@distribucionarc.com\",\"telephone\":\"+34 643496664\",\"legalName\":\"ARC TECH SOLUTIONS\",\"foundingDate\":\"2024-04-09\",\"vatID\":\"B55480172\",\"numberOfEmployees\":{\"@type\":\"QuantitativeValue\",\"minValue\":\"1\",\"maxValue\":\"10\"}}]}<\/script>\n<!-- \/ Yoast SEO Premium plugin. -->","yoast_head_json":{"title":"HORIZONTALUS JUOSTINIS MIKSERIS HOMOGENINIAI MILTELIAI VITAMINAI - ARC paskirstymas","robots":{"index":"index","follow":"follow","max-snippet":"max-snippet:-1","max-image-preview":"max-image-preview:large","max-video-preview":"max-video-preview:-1"},"canonical":"https:\/\/distribucionarc.com\/lt\/produktas\/horizontalus-juostos-homogeninis-milteliu-mixer-vitaminams\/","og_locale":"lt_LT","og_type":"article","og_title":"MEZCLADOR HORIZONTAL DE CINTA POLVO HOMOGENOS PARA VITAMINAS","og_description":"Descubre el Mezclador Horizontal de Cinta artesa serie CARH, dise\u00f1ado para la mezcla precisa de materiales en polvo o pasta,","og_url":"https:\/\/distribucionarc.com\/lt\/produktas\/horizontalus-juostos-homogeninis-milteliu-mixer-vitaminams\/","og_site_name":"distribuci\u00f3n ARC","article_modified_time":"2024-04-27T03:46:38+00:00","og_image":[{"width":1616,"height":880,"url":"https:\/\/distribucionarc.com\/wp-content\/uploads\/2024\/04\/MEZCLADOR-HORIZONTAL-DE-CINTA-POLVO-HOMOGENOS-PARA-VITAMINAS.webp","type":"image\/webp"}],"twitter_card":"summary_large_image","twitter_misc":{"Est. reading time":"1 minut\u0117"},"schema":{"@context":"https:\/\/schema.org","@graph":[{"@type":"WebPage","@id":"https:\/\/distribucionarc.com\/hr\/producto\/mezclador-horizontal-de-cinta-polvo-homogenos-para-vitaminas\/","url":"https:\/\/distribucionarc.com\/hr\/producto\/mezclador-horizontal-de-cinta-polvo-homogenos-para-vitaminas\/","name":"HORIZONTALUS JUOSTINIS MIKSERIS HOMOGENINIAI MILTELIAI VITAMINAI - ARC paskirstymas","isPartOf":{"@id":"https:\/\/www.distribucionarc.com\/sl\/#website"},"primaryImageOfPage":{"@id":"https:\/\/distribucionarc.com\/hr\/producto\/mezclador-horizontal-de-cinta-polvo-homogenos-para-vitaminas\/#primaryimage"},"image":{"@id":"https:\/\/distribucionarc.com\/hr\/producto\/mezclador-horizontal-de-cinta-polvo-homogenos-para-vitaminas\/#primaryimage"},"thumbnailUrl":"https:\/\/distribucionarc.com\/wp-content\/uploads\/2024\/04\/MEZCLADOR-HORIZONTAL-DE-CINTA-POLVO-HOMOGENOS-PARA-VITAMINAS.webp","datePublished":"2024-04-26T19:21:57+00:00","dateModified":"2024-04-27T03:46:38+00:00","breadcrumb":{"@id":"https:\/\/distribucionarc.com\/hr\/producto\/mezclador-horizontal-de-cinta-polvo-homogenos-para-vitaminas\/#breadcrumb"},"inLanguage":"lt-LT","potentialAction":[{"@type":"ReadAction","target":["https:\/\/distribucionarc.com\/hr\/producto\/mezclador-horizontal-de-cinta-polvo-homogenos-para-vitaminas\/"]}]},{"@type":"ImageObject","inLanguage":"lt-LT","@id":"https:\/\/distribucionarc.com\/hr\/producto\/mezclador-horizontal-de-cinta-polvo-homogenos-para-vitaminas\/#primaryimage","url":"https:\/\/distribucionarc.com\/wp-content\/uploads\/2024\/04\/MEZCLADOR-HORIZONTAL-DE-CINTA-POLVO-HOMOGENOS-PARA-VITAMINAS.webp","contentUrl":"https:\/\/distribucionarc.com\/wp-content\/uploads\/2024\/04\/MEZCLADOR-HORIZONTAL-DE-CINTA-POLVO-HOMOGENOS-PARA-VITAMINAS.webp","width":1616,"height":880,"caption":"#image_title"},{"@type":"BreadcrumbList","@id":"https:\/\/distribucionarc.com\/hr\/producto\/mezclador-horizontal-de-cinta-polvo-homogenos-para-vitaminas\/#breadcrumb","itemListElement":[{"@type":"ListItem","position":1,"name":"Portada","item":"https:\/\/www.distribucionarc.com\/"},{"@type":"ListItem","position":2,"name":"\u00dcr\u00fcnler","item":"https:\/\/www.distribucionarc.com\/tr\/magaza\/"},{"@type":"ListItem","position":3,"name":"MEZCLADOR HORIZONTAL DE CINTA POLVO HOMOGENOS PARA VITAMINAS"}]},{"@type":"WebSite","@id":"https:\/\/www.distribucionarc.com\/sl\/#website","url":"https:\/\/www.distribucionarc.com\/sl\/","name":"ARC paskirstymas","description":"\u012emon\u0117 specializuojasi pramonini\u0173 ma\u0161in\u0173, skardini\u0173 sandarinimo ma\u0161in\u0173, table\u010di\u0173 gamybos ma\u0161in\u0173, m\u0117sos pjaustymo ma\u0161in\u0173 gamyboje ir platinime...","publisher":{"@id":"https:\/\/www.distribucionarc.com\/sl\/#organization"},"potentialAction":[{"@type":"SearchAction","target":{"@type":"EntryPoint","urlTemplate":"https:\/\/www.distribucionarc.com\/sl\/?s={search_term_string}"},"query-input":{"@type":"PropertyValueSpecification","valueRequired":true,"valueName":"search_term_string"}}],"inLanguage":"lt-LT"},{"@type":"Organization","@id":"https:\/\/www.distribucionarc.com\/sl\/#organization","name":"ARC platinimas","url":"https:\/\/www.distribucionarc.com\/sl\/","logo":{"@type":"ImageObject","inLanguage":"lt-LT","@id":"https:\/\/www.distribucionarc.com\/sl\/#\/schema\/logo\/image\/","url":"https:\/\/distribucionarc.com\/wp-content\/uploads\/2024\/10\/distribucion-ARC-COLOR-SIN-FONDO-e1732295305345.png","contentUrl":"https:\/\/distribucionarc.com\/wp-content\/uploads\/2024\/10\/distribucion-ARC-COLOR-SIN-FONDO-e1732295305345.png","width":1164,"height":558,"caption":"Distribuci\u00f3n ARC"},"image":{"@id":"https:\/\/www.distribucionarc.com\/sl\/#\/schema\/logo\/image\/"},"description":"\u012emon\u0117 specializuojasi maisto ir farmacijos sektoriams skirt\u0173 pramonini\u0173 ma\u0161in\u0173 gamyboje ir platinime. M\u016bs\u0173 specializacija: M\u0117sos pjaustymo ma\u0161inos Table\u010di\u0173 gamyba Pramonin\u0117s transportavimo sistemos I\u0161pilstymo linijos Dozatoriai Ir dar daugiau... Si\u016blome novatori\u0161kus ir individualiems poreikiams pritaikytus sprendimus, kad optimizuotume j\u016bs\u0173 \u012fmon\u0117s gamybos procesus.","email":"Admistracion@distribucionarc.com","telephone":"+34 643496664","legalName":"ARC TECH SOLUTIONS","foundingDate":"2024-04-09","vatID":"B55480172","numberOfEmployees":{"@type":"QuantitativeValue","minValue":"1","maxValue":"10"}}]}},"_links":{"self":[{"href":"https:\/\/distribucionarc.com\/lt\/wp-json\/wp\/v2\/product\/6929","targetHints":{"allow":["GET"]}}],"collection":[{"href":"https:\/\/distribucionarc.com\/lt\/wp-json\/wp\/v2\/product"}],"about":[{"href":"https:\/\/distribucionarc.com\/lt\/wp-json\/wp\/v2\/types\/product"}],"replies":[{"embeddable":true,"href":"https:\/\/distribucionarc.com\/lt\/wp-json\/wp\/v2\/comments?post=6929"}],"version-history":[{"count":0,"href":"https:\/\/distribucionarc.com\/lt\/wp-json\/wp\/v2\/product\/6929\/revisions"}],"wp:featuredmedia":[{"embeddable":true,"href":"https:\/\/distribucionarc.com\/lt\/wp-json\/wp\/v2\/media\/6942"}],"wp:attachment":[{"href":"https:\/\/distribucionarc.com\/lt\/wp-json\/wp\/v2\/media?parent=6929"}],"wp:term":[{"taxonomy":"product_brand","embeddable":true,"href":"https:\/\/distribucionarc.com\/lt\/wp-json\/wp\/v2\/product_brand?post=6929"},{"taxonomy":"product_cat","embeddable":true,"href":"https:\/\/distribucionarc.com\/lt\/wp-json\/wp\/v2\/product_cat?post=6929"},{"taxonomy":"product_tag","embeddable":true,"href":"https:\/\/distribucionarc.com\/lt\/wp-json\/wp\/v2\/product_tag?post=6929"}],"curies":[{"name":"wp","href":"https:\/\/api.w.org\/{rel}","templated":true}]}}