{"id":6968,"date":"2024-04-27T06:43:40","date_gmt":"2024-04-27T06:43:40","guid":{"rendered":"https:\/\/distribucionarc.com\/?post_type=product&#038;p=6968"},"modified":"2024-04-27T06:43:42","modified_gmt":"2024-04-27T06:43:42","slug":"zarl-rotacinis-granuliatorius-gyvunu-pasarams","status":"publish","type":"product","link":"https:\/\/distribucionarc.com\/lt\/producto\/granulador-rotatorio-zarl-para-piensos-de-animales\/","title":{"rendered":"ZARL ROTARINIS GRANULIATORIAUS GYV\u016aN\u0172 \u0160ARUI"},"content":{"rendered":"<p>Atraskite <strong>ZARL rotacinis granuliatorius,<\/strong> b\u016btina priemon\u0117 farmacijos ir maisto pramon\u0117je <strong>granuli\u0173 gamyba<\/strong> auk\u0161tos kokyb\u0117s. \u0160i pla\u010diai naudojama \u012franga gali paversti mi\u0161rias med\u017eiagas tiksliomis ir efektyviomis granul\u0117mis. Be to, jis turi galimyb\u0119 susmulkinti atliek\u0173 gabal\u0117lius ir sausus granuli\u0173 blokus, puikiai tinkan\u010dius <strong>subalansuot\u0173 pa\u0161ar\u0173, da\u017eniausiai naudojam\u0173 gyv\u016bn\u0173 pa\u0161arams, pavyzd\u017eiui, \u017euvims, pauk\u0161\u010diams ir naminiams gyv\u016bn\u0117liams, gamyba ir gamyba. <\/strong>ZARL rotacinis granuliatorius, specialiai sukurtas didelio klampumo med\u017eiagoms, garantuoja skland\u0173 gamybos proces\u0105 ir i\u0161skirtinius rezultatus. Optimizuokite savo gamyb\u0105 ir u\u017etikrinkite savo gamini\u0173 kokyb\u0119 naudodami \u0161\u012f pa\u017eangiausi\u0105 sprendim\u0105!<\/p>\n<p>&nbsp;<\/p>\n<p>&nbsp;<\/p>\n<table>\n<tbody>\n<tr>\n<td width=\"283\">Modelis<\/td>\n<td width=\"283\">ZARK-300<\/td>\n<\/tr>\n<tr>\n<td width=\"283\">Sieto cilindro skersmuo (mm)<\/td>\n<td width=\"283\">300<\/td>\n<\/tr>\n<tr>\n<td width=\"283\">Granuliacijos skersmuo (milimetrais)<\/td>\n<td width=\"283\">1,8-2,5 galima pritaikyti pagal klient\u0173 poreikius<\/td>\n<\/tr>\n<tr>\n<td width=\"283\">Variklio galia (kw)<\/td>\n<td width=\"283\">140-400<\/td>\n<\/tr>\n<tr>\n<td width=\"283\">Gamybos paj\u0117gumas (kg\/h)<\/td>\n<td width=\"283\">5.5<\/td>\n<\/tr>\n<tr>\n<td width=\"283\">Bendras dydis (milimetrais)<\/td>\n<td width=\"283\">880*<\/p>\n<p>640*<\/p>\n<p>1300*<\/td>\n<\/tr>\n<tr>\n<td width=\"283\">Grynasis svoris (kg)<\/td>\n<td width=\"283\">400<\/td>\n<\/tr>\n<\/tbody>\n<\/table>\n<p>&nbsp;<\/p>","protected":false},"excerpt":{"rendered":"<p>Atraskite ZARL rotacin\u012f granuliatori\u0173 \u2013 b\u016btin\u0105 farmacijos ir maisto pramon\u0117s \u012frank\u012f granul\u0117ms gaminti.<\/p>","protected":false},"featured_media":6988,"comment_status":"open","ping_status":"closed","template":"","meta":{"wds_primary_product_brand":0,"wds_primary_product_cat":0},"product_brand":[],"product_cat":[84],"product_tag":[],"class_list":{"0":"post-6968","1":"product","2":"type-product","3":"status-publish","4":"has-post-thumbnail","6":"product_cat-maquinas-para-hacer-pastillas","8":"first","9":"instock","10":"taxable","11":"shipping-taxable","12":"purchasable","13":"product-type-simple"},"yoast_head":"<!-- This site is optimized with the Yoast SEO Premium plugin v24.9 (Yoast SEO v26.1) - https:\/\/yoast.com\/wordpress\/plugins\/seo\/ -->\n<title>GRANULADOR ROTATORIO ZARL PARA PIENSOS DE ANIMALES - distribuci\u00f3n ARC<\/title>\n<meta name=\"robots\" content=\"index, follow, max-snippet:-1, max-image-preview:large, max-video-preview:-1\" \/>\n<link rel=\"canonical\" href=\"https:\/\/www.distribucionarc.com\/fr\/producto\/granulador-rotatorio-zarl-para-piensos-de-animales\/\" \/>\n<meta property=\"og:locale\" content=\"lt_LT\" \/>\n<meta property=\"og:type\" content=\"article\" \/>\n<meta property=\"og:title\" content=\"GRANULADOR ROTATORIO ZARL PARA PIENSOS DE ANIMALES\" \/>\n<meta property=\"og:description\" content=\"Descubre el Granulador Rotatorio ZARL, una herramienta esencial en las industrias farmac\u00e9utica y alimentaria para la producci\u00f3n de gr\u00e1nulos de\" \/>\n<meta property=\"og:url\" content=\"https:\/\/www.distribucionarc.com\/fr\/producto\/granulador-rotatorio-zarl-para-piensos-de-animales\/\" \/>\n<meta property=\"og:site_name\" content=\"distribuci\u00f3n ARC\" \/>\n<meta property=\"article:modified_time\" content=\"2024-04-27T06:43:42+00:00\" \/>\n<meta property=\"og:image\" content=\"https:\/\/www.distribucionarc.com\/wp-content\/uploads\/2024\/04\/GRANULADOR-ROTATORIO-ZARL-PARA-PIENSOS-DE-ANIMALES.webp\" \/>\n\t<meta property=\"og:image:width\" content=\"1128\" \/>\n\t<meta property=\"og:image:height\" content=\"1136\" \/>\n\t<meta property=\"og:image:type\" content=\"image\/webp\" \/>\n<meta name=\"twitter:card\" content=\"summary_large_image\" \/>\n<meta name=\"twitter:label1\" content=\"Est. reading time\" \/>\n\t<meta name=\"twitter:data1\" content=\"1 minut\u0117\" \/>\n<script type=\"application\/ld+json\" class=\"yoast-schema-graph\">{\"@context\":\"https:\/\/schema.org\",\"@graph\":[{\"@type\":\"WebPage\",\"@id\":\"https:\/\/www.distribucionarc.com\/fr\/producto\/granulador-rotatorio-zarl-para-piensos-de-animales\/\",\"url\":\"https:\/\/www.distribucionarc.com\/fr\/producto\/granulador-rotatorio-zarl-para-piensos-de-animales\/\",\"name\":\"GRANULADOR ROTATORIO ZARL PARA PIENSOS DE ANIMALES - distribuci\u00f3n ARC\",\"isPartOf\":{\"@id\":\"https:\/\/distribucionarc.com\/bg\/#website\"},\"primaryImageOfPage\":{\"@id\":\"https:\/\/www.distribucionarc.com\/fr\/producto\/granulador-rotatorio-zarl-para-piensos-de-animales\/#primaryimage\"},\"image\":{\"@id\":\"https:\/\/www.distribucionarc.com\/fr\/producto\/granulador-rotatorio-zarl-para-piensos-de-animales\/#primaryimage\"},\"thumbnailUrl\":\"https:\/\/distribucionarc.com\/wp-content\/uploads\/2024\/04\/GRANULADOR-ROTATORIO-ZARL-PARA-PIENSOS-DE-ANIMALES.webp\",\"datePublished\":\"2024-04-27T06:43:40+00:00\",\"dateModified\":\"2024-04-27T06:43:42+00:00\",\"breadcrumb\":{\"@id\":\"https:\/\/www.distribucionarc.com\/fr\/producto\/granulador-rotatorio-zarl-para-piensos-de-animales\/#breadcrumb\"},\"inLanguage\":\"lt-LT\",\"potentialAction\":[{\"@type\":\"ReadAction\",\"target\":[\"https:\/\/www.distribucionarc.com\/fr\/producto\/granulador-rotatorio-zarl-para-piensos-de-animales\/\"]}]},{\"@type\":\"ImageObject\",\"inLanguage\":\"lt-LT\",\"@id\":\"https:\/\/www.distribucionarc.com\/fr\/producto\/granulador-rotatorio-zarl-para-piensos-de-animales\/#primaryimage\",\"url\":\"https:\/\/distribucionarc.com\/wp-content\/uploads\/2024\/04\/GRANULADOR-ROTATORIO-ZARL-PARA-PIENSOS-DE-ANIMALES.webp\",\"contentUrl\":\"https:\/\/distribucionarc.com\/wp-content\/uploads\/2024\/04\/GRANULADOR-ROTATORIO-ZARL-PARA-PIENSOS-DE-ANIMALES.webp\",\"width\":1128,\"height\":1136,\"caption\":\"#image_title\"},{\"@type\":\"BreadcrumbList\",\"@id\":\"https:\/\/www.distribucionarc.com\/fr\/producto\/granulador-rotatorio-zarl-para-piensos-de-animales\/#breadcrumb\",\"itemListElement\":[{\"@type\":\"ListItem\",\"position\":1,\"name\":\"Portada\",\"item\":\"https:\/\/distribucionarc.com\/nb\/\"},{\"@type\":\"ListItem\",\"position\":2,\"name\":\"Products\",\"item\":\"https:\/\/www.distribucionarc.com\/en\/shop\/\"},{\"@type\":\"ListItem\",\"position\":3,\"name\":\"GRANULADOR ROTATORIO ZARL PARA PIENSOS DE ANIMALES\"}]},{\"@type\":\"WebSite\",\"@id\":\"https:\/\/distribucionarc.com\/bg\/#website\",\"url\":\"https:\/\/distribucionarc.com\/bg\/\",\"name\":\"distribuci\u00f3n ARC\",\"description\":\"Empresa especializada en la fabricaci\u00f3n y distribuci\u00f3n de maquinaria industrial, selladoras de latas, Maquinas de hacer pastillas, Maquinas de cortar carne...\",\"publisher\":{\"@id\":\"https:\/\/distribucionarc.com\/bg\/#organization\"},\"potentialAction\":[{\"@type\":\"SearchAction\",\"target\":{\"@type\":\"EntryPoint\",\"urlTemplate\":\"https:\/\/distribucionarc.com\/bg\/?s={search_term_string}\"},\"query-input\":{\"@type\":\"PropertyValueSpecification\",\"valueRequired\":true,\"valueName\":\"search_term_string\"}}],\"inLanguage\":\"lt-LT\"},{\"@type\":\"Organization\",\"@id\":\"https:\/\/distribucionarc.com\/bg\/#organization\",\"name\":\"Distribuci\u00f3n ARC\",\"url\":\"https:\/\/distribucionarc.com\/bg\/\",\"logo\":{\"@type\":\"ImageObject\",\"inLanguage\":\"lt-LT\",\"@id\":\"https:\/\/distribucionarc.com\/bg\/#\/schema\/logo\/image\/\",\"url\":\"https:\/\/distribucionarc.com\/wp-content\/uploads\/2024\/10\/distribucion-ARC-COLOR-SIN-FONDO-e1732295305345.png\",\"contentUrl\":\"https:\/\/distribucionarc.com\/wp-content\/uploads\/2024\/10\/distribucion-ARC-COLOR-SIN-FONDO-e1732295305345.png\",\"width\":1164,\"height\":558,\"caption\":\"Distribuci\u00f3n ARC\"},\"image\":{\"@id\":\"https:\/\/distribucionarc.com\/bg\/#\/schema\/logo\/image\/\"},\"description\":\"Empresa especializada en la fabricaci\u00f3n y distribuci\u00f3n de maquinaria industrial para los sectores alimentario y farmac\u00e9utico. Nos especializamos en: M\u00e1quinas de cortar carne Fabricaci\u00f3n de comprimidos Sistemas de transporte industrial L\u00edneas de embotellado Dosificadores Y mucho m\u00e1s... Ofrecemos soluciones innovadoras y personalizadas para optimizar los procesos productivos de tu empresa.\",\"email\":\"Admistracion@distribucionarc.com\",\"telephone\":\"+34 643496664\",\"legalName\":\"ARC TECH SOLUTIONS\",\"foundingDate\":\"2024-04-09\",\"vatID\":\"B55480172\",\"numberOfEmployees\":{\"@type\":\"QuantitativeValue\",\"minValue\":\"1\",\"maxValue\":\"10\"}}]}<\/script>\n<!-- \/ Yoast SEO Premium plugin. -->","yoast_head_json":{"title":"ZARL ROTARINIS GRANULIATORIAUS GYV\u016aN\u0172 PA\u0160ARUI - ARC paskirstymas","robots":{"index":"index","follow":"follow","max-snippet":"max-snippet:-1","max-image-preview":"max-image-preview:large","max-video-preview":"max-video-preview:-1"},"canonical":"https:\/\/www.distribucionarc.com\/fr\/producto\/granulador-rotatorio-zarl-para-piensos-de-animales\/","og_locale":"lt_LT","og_type":"article","og_title":"GRANULADOR ROTATORIO ZARL PARA PIENSOS DE ANIMALES","og_description":"Descubre el Granulador Rotatorio ZARL, una herramienta esencial en las industrias farmac\u00e9utica y alimentaria para la producci\u00f3n de gr\u00e1nulos de","og_url":"https:\/\/www.distribucionarc.com\/fr\/producto\/granulador-rotatorio-zarl-para-piensos-de-animales\/","og_site_name":"distribuci\u00f3n ARC","article_modified_time":"2024-04-27T06:43:42+00:00","og_image":[{"width":1128,"height":1136,"url":"https:\/\/www.distribucionarc.com\/wp-content\/uploads\/2024\/04\/GRANULADOR-ROTATORIO-ZARL-PARA-PIENSOS-DE-ANIMALES.webp","type":"image\/webp"}],"twitter_card":"summary_large_image","twitter_misc":{"Est. reading time":"1 minut\u0117"},"schema":{"@context":"https:\/\/schema.org","@graph":[{"@type":"WebPage","@id":"https:\/\/www.distribucionarc.com\/fr\/producto\/granulador-rotatorio-zarl-para-piensos-de-animales\/","url":"https:\/\/www.distribucionarc.com\/fr\/producto\/granulador-rotatorio-zarl-para-piensos-de-animales\/","name":"ZARL ROTARINIS GRANULIATORIAUS GYV\u016aN\u0172 PA\u0160ARUI - ARC paskirstymas","isPartOf":{"@id":"https:\/\/distribucionarc.com\/bg\/#website"},"primaryImageOfPage":{"@id":"https:\/\/www.distribucionarc.com\/fr\/producto\/granulador-rotatorio-zarl-para-piensos-de-animales\/#primaryimage"},"image":{"@id":"https:\/\/www.distribucionarc.com\/fr\/producto\/granulador-rotatorio-zarl-para-piensos-de-animales\/#primaryimage"},"thumbnailUrl":"https:\/\/distribucionarc.com\/wp-content\/uploads\/2024\/04\/GRANULADOR-ROTATORIO-ZARL-PARA-PIENSOS-DE-ANIMALES.webp","datePublished":"2024-04-27T06:43:40+00:00","dateModified":"2024-04-27T06:43:42+00:00","breadcrumb":{"@id":"https:\/\/www.distribucionarc.com\/fr\/producto\/granulador-rotatorio-zarl-para-piensos-de-animales\/#breadcrumb"},"inLanguage":"lt-LT","potentialAction":[{"@type":"ReadAction","target":["https:\/\/www.distribucionarc.com\/fr\/producto\/granulador-rotatorio-zarl-para-piensos-de-animales\/"]}]},{"@type":"ImageObject","inLanguage":"lt-LT","@id":"https:\/\/www.distribucionarc.com\/fr\/producto\/granulador-rotatorio-zarl-para-piensos-de-animales\/#primaryimage","url":"https:\/\/distribucionarc.com\/wp-content\/uploads\/2024\/04\/GRANULADOR-ROTATORIO-ZARL-PARA-PIENSOS-DE-ANIMALES.webp","contentUrl":"https:\/\/distribucionarc.com\/wp-content\/uploads\/2024\/04\/GRANULADOR-ROTATORIO-ZARL-PARA-PIENSOS-DE-ANIMALES.webp","width":1128,"height":1136,"caption":"#image_title"},{"@type":"BreadcrumbList","@id":"https:\/\/www.distribucionarc.com\/fr\/producto\/granulador-rotatorio-zarl-para-piensos-de-animales\/#breadcrumb","itemListElement":[{"@type":"ListItem","position":1,"name":"Portada","item":"https:\/\/distribucionarc.com\/nb\/"},{"@type":"ListItem","position":2,"name":"Products","item":"https:\/\/www.distribucionarc.com\/en\/shop\/"},{"@type":"ListItem","position":3,"name":"GRANULADOR ROTATORIO ZARL PARA PIENSOS DE ANIMALES"}]},{"@type":"WebSite","@id":"https:\/\/distribucionarc.com\/bg\/#website","url":"https:\/\/distribucionarc.com\/bg\/","name":"ARC paskirstymas","description":"\u012emon\u0117 specializuojasi pramonini\u0173 ma\u0161in\u0173, skardini\u0173 sandarinimo ma\u0161in\u0173, table\u010di\u0173 gamybos ma\u0161in\u0173, m\u0117sos pjaustymo ma\u0161in\u0173 gamyboje ir platinime...","publisher":{"@id":"https:\/\/distribucionarc.com\/bg\/#organization"},"potentialAction":[{"@type":"SearchAction","target":{"@type":"EntryPoint","urlTemplate":"https:\/\/distribucionarc.com\/bg\/?s={search_term_string}"},"query-input":{"@type":"PropertyValueSpecification","valueRequired":true,"valueName":"search_term_string"}}],"inLanguage":"lt-LT"},{"@type":"Organization","@id":"https:\/\/distribucionarc.com\/bg\/#organization","name":"ARC platinimas","url":"https:\/\/distribucionarc.com\/bg\/","logo":{"@type":"ImageObject","inLanguage":"lt-LT","@id":"https:\/\/distribucionarc.com\/bg\/#\/schema\/logo\/image\/","url":"https:\/\/distribucionarc.com\/wp-content\/uploads\/2024\/10\/distribucion-ARC-COLOR-SIN-FONDO-e1732295305345.png","contentUrl":"https:\/\/distribucionarc.com\/wp-content\/uploads\/2024\/10\/distribucion-ARC-COLOR-SIN-FONDO-e1732295305345.png","width":1164,"height":558,"caption":"Distribuci\u00f3n ARC"},"image":{"@id":"https:\/\/distribucionarc.com\/bg\/#\/schema\/logo\/image\/"},"description":"\u012emon\u0117 specializuojasi maisto ir farmacijos sektoriams skirt\u0173 pramonini\u0173 ma\u0161in\u0173 gamyboje ir platinime. M\u016bs\u0173 specializacija: M\u0117sos pjaustymo ma\u0161inos Table\u010di\u0173 gamyba Pramonin\u0117s transportavimo sistemos I\u0161pilstymo linijos Dozatoriai Ir dar daugiau... Si\u016blome novatori\u0161kus ir individualiems poreikiams pritaikytus sprendimus, kad optimizuotume j\u016bs\u0173 \u012fmon\u0117s gamybos procesus.","email":"Admistracion@distribucionarc.com","telephone":"+34 643496664","legalName":"ARC TECH SOLUTIONS","foundingDate":"2024-04-09","vatID":"B55480172","numberOfEmployees":{"@type":"QuantitativeValue","minValue":"1","maxValue":"10"}}]}},"_links":{"self":[{"href":"https:\/\/distribucionarc.com\/lt\/wp-json\/wp\/v2\/product\/6968","targetHints":{"allow":["GET"]}}],"collection":[{"href":"https:\/\/distribucionarc.com\/lt\/wp-json\/wp\/v2\/product"}],"about":[{"href":"https:\/\/distribucionarc.com\/lt\/wp-json\/wp\/v2\/types\/product"}],"replies":[{"embeddable":true,"href":"https:\/\/distribucionarc.com\/lt\/wp-json\/wp\/v2\/comments?post=6968"}],"version-history":[{"count":0,"href":"https:\/\/distribucionarc.com\/lt\/wp-json\/wp\/v2\/product\/6968\/revisions"}],"wp:featuredmedia":[{"embeddable":true,"href":"https:\/\/distribucionarc.com\/lt\/wp-json\/wp\/v2\/media\/6988"}],"wp:attachment":[{"href":"https:\/\/distribucionarc.com\/lt\/wp-json\/wp\/v2\/media?parent=6968"}],"wp:term":[{"taxonomy":"product_brand","embeddable":true,"href":"https:\/\/distribucionarc.com\/lt\/wp-json\/wp\/v2\/product_brand?post=6968"},{"taxonomy":"product_cat","embeddable":true,"href":"https:\/\/distribucionarc.com\/lt\/wp-json\/wp\/v2\/product_cat?post=6968"},{"taxonomy":"product_tag","embeddable":true,"href":"https:\/\/distribucionarc.com\/lt\/wp-json\/wp\/v2\/product_tag?post=6968"}],"curies":[{"name":"wp","href":"https:\/\/api.w.org\/{rel}","templated":true}]}}