{"id":6996,"date":"2024-04-27T07:48:43","date_gmt":"2024-04-27T07:48:43","guid":{"rendered":"https:\/\/distribucionarc.com\/?post_type=product&#038;p=6996"},"modified":"2024-04-27T07:48:46","modified_gmt":"2024-04-27T07:48:46","slug":"dengimo-masina-su-plastifikatoriais-baltymams","status":"publish","type":"product","link":"https:\/\/distribucionarc.com\/lt\/producto\/maquina-recubridora-con-plastificantes-para-proteinas\/","title":{"rendered":"GRAVIVIMO STAKL\u0116 SU PLASTIFIKATORIU BALTYMUMS"},"content":{"rendered":"<p>Atraskite veiksmingum\u0105<strong> BARYC serijos groteli\u0173 stakl\u0117s<\/strong>, skirtas farmacijos ir maisto pramonei. \u0160i universali \u012franga puikiai tinka <strong>tablet\u0117s padengtos \u017eirni\u0173 baltym\u0173 plastifikatoriais ir tablet\u0117s su cukrumi,<\/strong> taip pat vaisi\u0173 nokinimui. Jo reguliuojamas pasvirimo kampas dengimo puode ir galimyb\u0117 po juo pastatyti \u0161ildymo \u012frengin\u012f garantuoja tiksl\u0173 ir kontroliuojam\u0105 proces\u0105. Optimizuokite savo gamyb\u0105 ir u\u017etikrinkite savo gamini\u0173 kokyb\u0119 naudodami <strong>BARYC serijos groteli\u0173 stakl\u0117s.<\/strong> Patobulinkite savo veikl\u0105 naudodami \u0161\u012f pa\u017eang\u0173 ir patikim\u0105 sprendim\u0105!<\/p>\n<p>&nbsp;<\/p>\n<table>\n<tbody>\n<tr>\n<td width=\"61\">Modelis<\/td>\n<td width=\"70\">Cukraus dengimo talpyklos skersmuo (milimetrais)<\/td>\n<td width=\"67\">Cukraus dengimo talpyklos greitis (apsukim\u0173 per minut\u0119)<\/td>\n<td width=\"49\">Variklio galia (kw)<\/td>\n<td width=\"54\">\u0160ildymo kabelio galia (w)<\/td>\n<td width=\"54\">Ventiliatoriaus galia (w)<\/td>\n<td width=\"57\">Na\u0161umas (kg\/h)<\/td>\n<td width=\"60\">Kita \u0161ildymo galia (w)<\/td>\n<td width=\"49\">Ma\u0161inos svoris (kg)<\/td>\n<td width=\"45\">Bendras dydis (milimetrais)<\/td>\n<\/tr>\n<tr>\n<td width=\"61\">BARYC300<\/td>\n<td width=\"70\">300<\/td>\n<td width=\"67\">46<\/td>\n<td width=\"49\">0.55<\/td>\n<td width=\"54\">500<\/td>\n<td width=\"54\">40<\/td>\n<td width=\"57\">2<\/td>\n<td width=\"60\">500<\/td>\n<td width=\"49\">65<\/td>\n<td width=\"45\">485*<\/p>\n<p>585*<\/p>\n<p>766*<\/td>\n<\/tr>\n<tr>\n<td width=\"61\">BARYC400<\/td>\n<td width=\"70\">400<\/td>\n<td width=\"67\">46<\/td>\n<td width=\"49\">0.55<\/td>\n<td width=\"54\">500<\/td>\n<td width=\"54\">40<\/td>\n<td width=\"57\">5<\/td>\n<td width=\"60\">500<\/td>\n<td width=\"49\">70<\/td>\n<td width=\"45\">485*<\/p>\n<p>585*<\/p>\n<p>810*<\/td>\n<\/tr>\n<tr>\n<td width=\"61\">BARYC600<\/td>\n<td width=\"70\">600<\/td>\n<td width=\"67\">40<\/td>\n<td width=\"49\">0.75<\/td>\n<td width=\"54\">800<\/td>\n<td width=\"54\">60<\/td>\n<td width=\"57\">15<\/td>\n<td width=\"60\">600<\/td>\n<td width=\"49\">120<\/td>\n<td width=\"45\">700*<\/p>\n<p>540*<\/p>\n<p>1300*<\/td>\n<\/tr>\n<tr>\n<td width=\"61\">BARYC800<\/td>\n<td width=\"70\">800<\/td>\n<td width=\"67\">32<\/td>\n<td width=\"49\">1.1<\/td>\n<td width=\"54\">1000<\/td>\n<td width=\"54\">250<\/td>\n<td width=\"57\">30-50<\/td>\n<td width=\"60\">2000<\/td>\n<td width=\"49\">240<\/td>\n<td width=\"45\">925*<\/p>\n<p>900*<\/p>\n<p>1500*<\/td>\n<\/tr>\n<tr>\n<td width=\"61\">BARYC1000<\/td>\n<td width=\"70\">1000<\/td>\n<td width=\"67\">32<\/td>\n<td width=\"49\">1.5<\/td>\n<td width=\"54\">1000<\/td>\n<td width=\"54\">250<\/td>\n<td width=\"57\">50-70<\/td>\n<td width=\"60\">2000<\/td>\n<td width=\"49\">250<\/td>\n<td width=\"45\">1100*<\/p>\n<p>1100*<\/p>\n<p>1600*<\/td>\n<\/tr>\n<tr>\n<td width=\"61\">BARYC1250<\/td>\n<td width=\"70\">1250<\/td>\n<td width=\"67\">30<\/td>\n<td width=\"49\">2.2<\/td>\n<td width=\"54\">1000<\/td>\n<td width=\"54\">250<\/td>\n<td width=\"57\">90-150<\/td>\n<td width=\"60\">2000<\/td>\n<td width=\"49\">280<\/td>\n<td width=\"45\">1200*<\/p>\n<p>1250*<\/p>\n<p>1630*<\/td>\n<\/tr>\n<\/tbody>\n<\/table>\n<p>&nbsp;<\/p>","protected":false},"excerpt":{"rendered":"<p>Atraskite BARYC serijos dengimo ma\u0161inos, sukurtos farmacijos ir maisto pramonei, efektyvum\u0105. \u0160i universali komanda yra<\/p>","protected":false},"featured_media":6997,"comment_status":"open","ping_status":"closed","template":"","meta":{"wds_primary_product_brand":0,"wds_primary_product_cat":0},"product_brand":[],"product_cat":[84],"product_tag":[],"class_list":{"0":"post-6996","1":"product","2":"type-product","3":"status-publish","4":"has-post-thumbnail","6":"product_cat-maquinas-para-hacer-pastillas","8":"first","9":"instock","10":"taxable","11":"shipping-taxable","12":"purchasable","13":"product-type-simple"},"yoast_head":"<!-- This site is optimized with the Yoast SEO Premium plugin v24.9 (Yoast SEO v26.1) - https:\/\/yoast.com\/wordpress\/plugins\/seo\/ -->\n<title>MAQUINA GRAJEADORA CON PLASTIFICANTES PARA PROTEINAS - distribuci\u00f3n ARC<\/title>\n<meta name=\"robots\" content=\"index, follow, max-snippet:-1, max-image-preview:large, max-video-preview:-1\" \/>\n<link rel=\"canonical\" href=\"https:\/\/distribucionarc.com\/lt\/produktas\/dengimo-masina-su-plastifikatoriais-baltymams\/\" \/>\n<meta property=\"og:locale\" content=\"lt_LT\" \/>\n<meta property=\"og:type\" content=\"article\" \/>\n<meta property=\"og:title\" content=\"MAQUINA GRAJEADORA CON PLASTIFICANTES PARA PROTEINAS\" \/>\n<meta property=\"og:description\" content=\"Descubre la eficacia de la M\u00e1quina Grajeadora Serie BARYC, dise\u00f1ada para la industria farmac\u00e9utica y alimentaria. Este equipo vers\u00e1til es\" \/>\n<meta property=\"og:url\" content=\"https:\/\/distribucionarc.com\/lt\/produktas\/dengimo-masina-su-plastifikatoriais-baltymams\/\" \/>\n<meta property=\"og:site_name\" content=\"distribuci\u00f3n ARC\" \/>\n<meta property=\"article:modified_time\" content=\"2024-04-27T07:48:46+00:00\" \/>\n<meta property=\"og:image\" content=\"https:\/\/distribucionarc.com\/wp-content\/uploads\/2024\/04\/MAQUINA-GRAJEADORA-CON-PLASTIFICANTES-PARA-PROTEINAS.webp\" \/>\n\t<meta property=\"og:image:width\" content=\"1736\" \/>\n\t<meta property=\"og:image:height\" content=\"1040\" \/>\n\t<meta property=\"og:image:type\" content=\"image\/webp\" \/>\n<meta name=\"twitter:card\" content=\"summary_large_image\" \/>\n<meta name=\"twitter:label1\" content=\"Est. reading time\" \/>\n\t<meta name=\"twitter:data1\" content=\"1 minut\u0117\" \/>\n<script type=\"application\/ld+json\" class=\"yoast-schema-graph\">{\"@context\":\"https:\/\/schema.org\",\"@graph\":[{\"@type\":\"WebPage\",\"@id\":\"https:\/\/distribucionarc.com\/it\/producto\/maquina-recubridora-con-plastificantes-para-proteinas\/\",\"url\":\"https:\/\/distribucionarc.com\/it\/producto\/maquina-recubridora-con-plastificantes-para-proteinas\/\",\"name\":\"MAQUINA GRAJEADORA CON PLASTIFICANTES PARA PROTEINAS - distribuci\u00f3n ARC\",\"isPartOf\":{\"@id\":\"https:\/\/distribucionarc.com\/de\/#website\"},\"primaryImageOfPage\":{\"@id\":\"https:\/\/distribucionarc.com\/it\/producto\/maquina-recubridora-con-plastificantes-para-proteinas\/#primaryimage\"},\"image\":{\"@id\":\"https:\/\/distribucionarc.com\/it\/producto\/maquina-recubridora-con-plastificantes-para-proteinas\/#primaryimage\"},\"thumbnailUrl\":\"https:\/\/distribucionarc.com\/wp-content\/uploads\/2024\/04\/MAQUINA-GRAJEADORA-CON-PLASTIFICANTES-PARA-PROTEINAS.webp\",\"datePublished\":\"2024-04-27T07:48:43+00:00\",\"dateModified\":\"2024-04-27T07:48:46+00:00\",\"breadcrumb\":{\"@id\":\"https:\/\/distribucionarc.com\/it\/producto\/maquina-recubridora-con-plastificantes-para-proteinas\/#breadcrumb\"},\"inLanguage\":\"lt-LT\",\"potentialAction\":[{\"@type\":\"ReadAction\",\"target\":[\"https:\/\/distribucionarc.com\/it\/producto\/maquina-recubridora-con-plastificantes-para-proteinas\/\"]}]},{\"@type\":\"ImageObject\",\"inLanguage\":\"lt-LT\",\"@id\":\"https:\/\/distribucionarc.com\/it\/producto\/maquina-recubridora-con-plastificantes-para-proteinas\/#primaryimage\",\"url\":\"https:\/\/distribucionarc.com\/wp-content\/uploads\/2024\/04\/MAQUINA-GRAJEADORA-CON-PLASTIFICANTES-PARA-PROTEINAS.webp\",\"contentUrl\":\"https:\/\/distribucionarc.com\/wp-content\/uploads\/2024\/04\/MAQUINA-GRAJEADORA-CON-PLASTIFICANTES-PARA-PROTEINAS.webp\",\"width\":1736,\"height\":1040,\"caption\":\"#image_title\"},{\"@type\":\"BreadcrumbList\",\"@id\":\"https:\/\/distribucionarc.com\/it\/producto\/maquina-recubridora-con-plastificantes-para-proteinas\/#breadcrumb\",\"itemListElement\":[{\"@type\":\"ListItem\",\"position\":1,\"name\":\"Portada\",\"item\":\"https:\/\/distribucionarc.com\/pl\/\"},{\"@type\":\"ListItem\",\"position\":2,\"name\":\"Produkty\",\"item\":\"https:\/\/distribucionarc.com\/pl\/shop\/\"},{\"@type\":\"ListItem\",\"position\":3,\"name\":\"MAQUINA GRAJEADORA CON PLASTIFICANTES PARA PROTEINAS\"}]},{\"@type\":\"WebSite\",\"@id\":\"https:\/\/distribucionarc.com\/de\/#website\",\"url\":\"https:\/\/distribucionarc.com\/de\/\",\"name\":\"distribuci\u00f3n ARC\",\"description\":\"Empresa especializada en la fabricaci\u00f3n y distribuci\u00f3n de maquinaria industrial, selladoras de latas, Maquinas de hacer pastillas, Maquinas de cortar carne...\",\"publisher\":{\"@id\":\"https:\/\/distribucionarc.com\/de\/#organization\"},\"potentialAction\":[{\"@type\":\"SearchAction\",\"target\":{\"@type\":\"EntryPoint\",\"urlTemplate\":\"https:\/\/distribucionarc.com\/de\/?s={search_term_string}\"},\"query-input\":{\"@type\":\"PropertyValueSpecification\",\"valueRequired\":true,\"valueName\":\"search_term_string\"}}],\"inLanguage\":\"lt-LT\"},{\"@type\":\"Organization\",\"@id\":\"https:\/\/distribucionarc.com\/de\/#organization\",\"name\":\"Distribuci\u00f3n ARC\",\"url\":\"https:\/\/distribucionarc.com\/de\/\",\"logo\":{\"@type\":\"ImageObject\",\"inLanguage\":\"lt-LT\",\"@id\":\"https:\/\/distribucionarc.com\/de\/#\/schema\/logo\/image\/\",\"url\":\"https:\/\/distribucionarc.com\/wp-content\/uploads\/2024\/10\/distribucion-ARC-COLOR-SIN-FONDO-e1732295305345.png\",\"contentUrl\":\"https:\/\/distribucionarc.com\/wp-content\/uploads\/2024\/10\/distribucion-ARC-COLOR-SIN-FONDO-e1732295305345.png\",\"width\":1164,\"height\":558,\"caption\":\"Distribuci\u00f3n ARC\"},\"image\":{\"@id\":\"https:\/\/distribucionarc.com\/de\/#\/schema\/logo\/image\/\"},\"description\":\"Empresa especializada en la fabricaci\u00f3n y distribuci\u00f3n de maquinaria industrial para los sectores alimentario y farmac\u00e9utico. Nos especializamos en: M\u00e1quinas de cortar carne Fabricaci\u00f3n de comprimidos Sistemas de transporte industrial L\u00edneas de embotellado Dosificadores Y mucho m\u00e1s... Ofrecemos soluciones innovadoras y personalizadas para optimizar los procesos productivos de tu empresa.\",\"email\":\"Admistracion@distribucionarc.com\",\"telephone\":\"+34 643496664\",\"legalName\":\"ARC TECH SOLUTIONS\",\"foundingDate\":\"2024-04-09\",\"vatID\":\"B55480172\",\"numberOfEmployees\":{\"@type\":\"QuantitativeValue\",\"minValue\":\"1\",\"maxValue\":\"10\"}}]}<\/script>\n<!-- \/ Yoast SEO Premium plugin. -->","yoast_head_json":{"title":"GRAVIVIMO STAKL\u0116 SU BALTYMINIU PLASTIFIKUOTU - LANKO paskirstymas","robots":{"index":"index","follow":"follow","max-snippet":"max-snippet:-1","max-image-preview":"max-image-preview:large","max-video-preview":"max-video-preview:-1"},"canonical":"https:\/\/distribucionarc.com\/lt\/produktas\/dengimo-masina-su-plastifikatoriais-baltymams\/","og_locale":"lt_LT","og_type":"article","og_title":"MAQUINA GRAJEADORA CON PLASTIFICANTES PARA PROTEINAS","og_description":"Descubre la eficacia de la M\u00e1quina Grajeadora Serie BARYC, dise\u00f1ada para la industria farmac\u00e9utica y alimentaria. Este equipo vers\u00e1til es","og_url":"https:\/\/distribucionarc.com\/lt\/produktas\/dengimo-masina-su-plastifikatoriais-baltymams\/","og_site_name":"distribuci\u00f3n ARC","article_modified_time":"2024-04-27T07:48:46+00:00","og_image":[{"width":1736,"height":1040,"url":"https:\/\/distribucionarc.com\/wp-content\/uploads\/2024\/04\/MAQUINA-GRAJEADORA-CON-PLASTIFICANTES-PARA-PROTEINAS.webp","type":"image\/webp"}],"twitter_card":"summary_large_image","twitter_misc":{"Est. reading time":"1 minut\u0117"},"schema":{"@context":"https:\/\/schema.org","@graph":[{"@type":"WebPage","@id":"https:\/\/distribucionarc.com\/it\/producto\/maquina-recubridora-con-plastificantes-para-proteinas\/","url":"https:\/\/distribucionarc.com\/it\/producto\/maquina-recubridora-con-plastificantes-para-proteinas\/","name":"GRAVIVIMO STAKL\u0116 SU BALTYMINIU PLASTIFIKUOTU - LANKO paskirstymas","isPartOf":{"@id":"https:\/\/distribucionarc.com\/de\/#website"},"primaryImageOfPage":{"@id":"https:\/\/distribucionarc.com\/it\/producto\/maquina-recubridora-con-plastificantes-para-proteinas\/#primaryimage"},"image":{"@id":"https:\/\/distribucionarc.com\/it\/producto\/maquina-recubridora-con-plastificantes-para-proteinas\/#primaryimage"},"thumbnailUrl":"https:\/\/distribucionarc.com\/wp-content\/uploads\/2024\/04\/MAQUINA-GRAJEADORA-CON-PLASTIFICANTES-PARA-PROTEINAS.webp","datePublished":"2024-04-27T07:48:43+00:00","dateModified":"2024-04-27T07:48:46+00:00","breadcrumb":{"@id":"https:\/\/distribucionarc.com\/it\/producto\/maquina-recubridora-con-plastificantes-para-proteinas\/#breadcrumb"},"inLanguage":"lt-LT","potentialAction":[{"@type":"ReadAction","target":["https:\/\/distribucionarc.com\/it\/producto\/maquina-recubridora-con-plastificantes-para-proteinas\/"]}]},{"@type":"ImageObject","inLanguage":"lt-LT","@id":"https:\/\/distribucionarc.com\/it\/producto\/maquina-recubridora-con-plastificantes-para-proteinas\/#primaryimage","url":"https:\/\/distribucionarc.com\/wp-content\/uploads\/2024\/04\/MAQUINA-GRAJEADORA-CON-PLASTIFICANTES-PARA-PROTEINAS.webp","contentUrl":"https:\/\/distribucionarc.com\/wp-content\/uploads\/2024\/04\/MAQUINA-GRAJEADORA-CON-PLASTIFICANTES-PARA-PROTEINAS.webp","width":1736,"height":1040,"caption":"#image_title"},{"@type":"BreadcrumbList","@id":"https:\/\/distribucionarc.com\/it\/producto\/maquina-recubridora-con-plastificantes-para-proteinas\/#breadcrumb","itemListElement":[{"@type":"ListItem","position":1,"name":"Portada","item":"https:\/\/distribucionarc.com\/pl\/"},{"@type":"ListItem","position":2,"name":"Produkty","item":"https:\/\/distribucionarc.com\/pl\/shop\/"},{"@type":"ListItem","position":3,"name":"MAQUINA GRAJEADORA CON PLASTIFICANTES PARA PROTEINAS"}]},{"@type":"WebSite","@id":"https:\/\/distribucionarc.com\/de\/#website","url":"https:\/\/distribucionarc.com\/de\/","name":"ARC paskirstymas","description":"\u012emon\u0117 specializuojasi pramonini\u0173 ma\u0161in\u0173, skardini\u0173 sandarinimo ma\u0161in\u0173, table\u010di\u0173 gamybos ma\u0161in\u0173, m\u0117sos pjaustymo ma\u0161in\u0173 gamyboje ir platinime...","publisher":{"@id":"https:\/\/distribucionarc.com\/de\/#organization"},"potentialAction":[{"@type":"SearchAction","target":{"@type":"EntryPoint","urlTemplate":"https:\/\/distribucionarc.com\/de\/?s={search_term_string}"},"query-input":{"@type":"PropertyValueSpecification","valueRequired":true,"valueName":"search_term_string"}}],"inLanguage":"lt-LT"},{"@type":"Organization","@id":"https:\/\/distribucionarc.com\/de\/#organization","name":"ARC platinimas","url":"https:\/\/distribucionarc.com\/de\/","logo":{"@type":"ImageObject","inLanguage":"lt-LT","@id":"https:\/\/distribucionarc.com\/de\/#\/schema\/logo\/image\/","url":"https:\/\/distribucionarc.com\/wp-content\/uploads\/2024\/10\/distribucion-ARC-COLOR-SIN-FONDO-e1732295305345.png","contentUrl":"https:\/\/distribucionarc.com\/wp-content\/uploads\/2024\/10\/distribucion-ARC-COLOR-SIN-FONDO-e1732295305345.png","width":1164,"height":558,"caption":"Distribuci\u00f3n ARC"},"image":{"@id":"https:\/\/distribucionarc.com\/de\/#\/schema\/logo\/image\/"},"description":"\u012emon\u0117 specializuojasi maisto ir farmacijos sektoriams skirt\u0173 pramonini\u0173 ma\u0161in\u0173 gamyboje ir platinime. M\u016bs\u0173 specializacija: M\u0117sos pjaustymo ma\u0161inos Table\u010di\u0173 gamyba Pramonin\u0117s transportavimo sistemos I\u0161pilstymo linijos Dozatoriai Ir dar daugiau... Si\u016blome novatori\u0161kus ir individualiems poreikiams pritaikytus sprendimus, kad optimizuotume j\u016bs\u0173 \u012fmon\u0117s gamybos procesus.","email":"Admistracion@distribucionarc.com","telephone":"+34 643496664","legalName":"ARC TECH SOLUTIONS","foundingDate":"2024-04-09","vatID":"B55480172","numberOfEmployees":{"@type":"QuantitativeValue","minValue":"1","maxValue":"10"}}]}},"_links":{"self":[{"href":"https:\/\/distribucionarc.com\/lt\/wp-json\/wp\/v2\/product\/6996","targetHints":{"allow":["GET"]}}],"collection":[{"href":"https:\/\/distribucionarc.com\/lt\/wp-json\/wp\/v2\/product"}],"about":[{"href":"https:\/\/distribucionarc.com\/lt\/wp-json\/wp\/v2\/types\/product"}],"replies":[{"embeddable":true,"href":"https:\/\/distribucionarc.com\/lt\/wp-json\/wp\/v2\/comments?post=6996"}],"version-history":[{"count":0,"href":"https:\/\/distribucionarc.com\/lt\/wp-json\/wp\/v2\/product\/6996\/revisions"}],"wp:featuredmedia":[{"embeddable":true,"href":"https:\/\/distribucionarc.com\/lt\/wp-json\/wp\/v2\/media\/6997"}],"wp:attachment":[{"href":"https:\/\/distribucionarc.com\/lt\/wp-json\/wp\/v2\/media?parent=6996"}],"wp:term":[{"taxonomy":"product_brand","embeddable":true,"href":"https:\/\/distribucionarc.com\/lt\/wp-json\/wp\/v2\/product_brand?post=6996"},{"taxonomy":"product_cat","embeddable":true,"href":"https:\/\/distribucionarc.com\/lt\/wp-json\/wp\/v2\/product_cat?post=6996"},{"taxonomy":"product_tag","embeddable":true,"href":"https:\/\/distribucionarc.com\/lt\/wp-json\/wp\/v2\/product_tag?post=6996"}],"curies":[{"name":"wp","href":"https:\/\/api.w.org\/{rel}","templated":true}]}}