{"id":7052,"date":"2024-05-06T15:19:21","date_gmt":"2024-05-06T15:19:21","guid":{"rendered":"https:\/\/distribucionarc.com\/?post_type=product&#038;p=7052"},"modified":"2024-05-06T15:19:23","modified_gmt":"2024-05-06T15:19:23","slug":"kanapes-kapsule-poliruoklis","status":"publish","type":"product","link":"https:\/\/distribucionarc.com\/lt\/producto\/pulidora-de-capsulas-de-cannabis\/","title":{"rendered":"KANAP\u0172 KAPSULI\u0172 POLIRAVIMO MA\u0160INA"},"content":{"rendered":"<p>Atraskite <strong>YARJP-A kapsuli\u0173 poliruoklis<\/strong>, sukurtas specialiai <strong>vaistini\u0173 augal\u0173, toki\u0173 kaip kanap\u0117s, ekstrakto kapsul\u0117s<\/strong> #00-5 dyd\u017eiais. \u0160i \u012franga efektyviai pa\u0161alina dulkes, nepa\u017eeisdama kapsul\u0117s, garantuodama nepriekai\u0161ting\u0105 j\u016bs\u0173 gamini\u0173 pateikim\u0105. Pagaminta i\u0161 auk\u0161tos kokyb\u0117s SS304 med\u017eiagos, u\u017etikrina saug\u0173 dalin\u012f kontakt\u0105 su \u017ealiava ir atitinka GMP geros gamybos praktikos standart\u0105. Be to, <strong>YARJP-A kapsuli\u0173 poliruoklis<\/strong> Jame gali b\u016bti \u012frengtas specialus tiektuvas, skirtas prijungti prie automatinio pildymo aparato, palengvinantis jo integravim\u0105 \u012f j\u016bs\u0173 gamybos linij\u0105. Optimizuokite savo procesus ir u\u017etikrinkite savo kokyb\u0119 <strong>kanapi\u0173 kapsul\u0117s<\/strong> su \u0161iuo pa\u017eangiu ir patikimu sprendimu.<\/p>\n<p>&nbsp;<\/p>\n<table>\n<tbody>\n<tr>\n<td width=\"283\">Modelis<\/td>\n<td width=\"283\">YARJP-A<\/td>\n<\/tr>\n<tr>\n<td width=\"283\">Produktyvumas<\/td>\n<td width=\"283\">150 000 vnt.\/val<\/td>\n<\/tr>\n<tr>\n<td width=\"283\">Maitinimas<\/td>\n<td width=\"283\">220V,50Hz<\/td>\n<\/tr>\n<tr>\n<td width=\"283\">neigiamas sl\u0117gis<\/td>\n<td width=\"283\">2,7 m3\/min-0,014MPa<\/td>\n<\/tr>\n<tr>\n<td width=\"283\">\u012erangos dydis (milimetrais)<\/td>\n<td width=\"283\">1025*<\/p>\n<p>550*<\/p>\n<p>900*<\/td>\n<\/tr>\n<tr>\n<td width=\"283\">Pakuot\u0117s dydis (milimetrais)<\/td>\n<td width=\"283\">1130*<\/p>\n<p>620*<\/p>\n<p>750*<\/td>\n<\/tr>\n<tr>\n<td width=\"283\">Grynasis svoris (kg)<\/td>\n<td width=\"283\">40 kg<\/td>\n<\/tr>\n<tr>\n<td width=\"283\">Bruto svoris (kg)<\/td>\n<td width=\"283\">50 kg<\/td>\n<\/tr>\n<\/tbody>\n<\/table>","protected":false},"excerpt":{"rendered":"<p>Atraskite YARJP-A kapsuli\u0173 poliruokl\u012f, specialiai sukurt\u0105 vaistini\u0173 augal\u0173 ekstrakt\u0173 kapsul\u0117ms, tokioms kaip kanap\u0117s, #00-5 dyd\u017eio.<\/p>","protected":false},"featured_media":7053,"comment_status":"open","ping_status":"closed","template":"","meta":{"wds_primary_product_brand":0,"wds_primary_product_cat":0},"product_brand":[],"product_cat":[84],"product_tag":[],"class_list":{"0":"post-7052","1":"product","2":"type-product","3":"status-publish","4":"has-post-thumbnail","6":"product_cat-maquinas-para-hacer-pastillas","8":"first","9":"instock","10":"taxable","11":"shipping-taxable","12":"product-type-simple"},"yoast_head":"<!-- This site is optimized with the Yoast SEO Premium plugin v24.9 (Yoast SEO v26.1) - https:\/\/yoast.com\/wordpress\/plugins\/seo\/ -->\n<title>PULIDORA DE CAPSULAS DE CANNABIS - distribuci\u00f3n ARC<\/title>\n<meta name=\"robots\" content=\"index, follow, max-snippet:-1, max-image-preview:large, max-video-preview:-1\" \/>\n<link rel=\"canonical\" href=\"https:\/\/distribucionarc.com\/lt\/produktas\/kanapes-kapsule-poliruoklis\/\" \/>\n<meta property=\"og:locale\" content=\"lt_LT\" \/>\n<meta property=\"og:type\" content=\"article\" \/>\n<meta property=\"og:title\" content=\"PULIDORA DE CAPSULAS DE CANNABIS\" \/>\n<meta property=\"og:description\" content=\"Descubre el Pulidor de C\u00e1psulas YARJP-A, dise\u00f1ado espec\u00edficamente para c\u00e1psulas de extracto de plantas medicinales como cannabis en tama\u00f1os #00-5.\" \/>\n<meta property=\"og:url\" content=\"https:\/\/distribucionarc.com\/lt\/produktas\/kanapes-kapsule-poliruoklis\/\" \/>\n<meta property=\"og:site_name\" content=\"distribuci\u00f3n ARC\" \/>\n<meta property=\"article:modified_time\" content=\"2024-05-06T15:19:23+00:00\" \/>\n<meta property=\"og:image\" content=\"https:\/\/distribucionarc.com\/wp-content\/uploads\/2024\/05\/PULIDORA-DE-CAPSULAS-DE-PLANTAS-DE-CANNABIS.webp\" \/>\n\t<meta property=\"og:image:width\" content=\"1184\" \/>\n\t<meta property=\"og:image:height\" content=\"1096\" \/>\n\t<meta property=\"og:image:type\" content=\"image\/webp\" \/>\n<meta name=\"twitter:card\" content=\"summary_large_image\" \/>\n<meta name=\"twitter:label1\" content=\"Est. reading time\" \/>\n\t<meta name=\"twitter:data1\" content=\"1 minut\u0117\" \/>\n<script type=\"application\/ld+json\" class=\"yoast-schema-graph\">{\"@context\":\"https:\/\/schema.org\",\"@graph\":[{\"@type\":\"WebPage\",\"@id\":\"https:\/\/distribucionarc.com\/hr\/producto\/pulidora-de-capsulas-de-cannabis\/\",\"url\":\"https:\/\/distribucionarc.com\/hr\/producto\/pulidora-de-capsulas-de-cannabis\/\",\"name\":\"PULIDORA DE CAPSULAS DE CANNABIS - distribuci\u00f3n ARC\",\"isPartOf\":{\"@id\":\"https:\/\/distribucionarc.com\/bg\/#website\"},\"primaryImageOfPage\":{\"@id\":\"https:\/\/distribucionarc.com\/hr\/producto\/pulidora-de-capsulas-de-cannabis\/#primaryimage\"},\"image\":{\"@id\":\"https:\/\/distribucionarc.com\/hr\/producto\/pulidora-de-capsulas-de-cannabis\/#primaryimage\"},\"thumbnailUrl\":\"https:\/\/distribucionarc.com\/wp-content\/uploads\/2024\/05\/PULIDORA-DE-CAPSULAS-DE-PLANTAS-DE-CANNABIS.webp\",\"datePublished\":\"2024-05-06T15:19:21+00:00\",\"dateModified\":\"2024-05-06T15:19:23+00:00\",\"breadcrumb\":{\"@id\":\"https:\/\/distribucionarc.com\/hr\/producto\/pulidora-de-capsulas-de-cannabis\/#breadcrumb\"},\"inLanguage\":\"lt-LT\",\"potentialAction\":[{\"@type\":\"ReadAction\",\"target\":[\"https:\/\/distribucionarc.com\/hr\/producto\/pulidora-de-capsulas-de-cannabis\/\"]}]},{\"@type\":\"ImageObject\",\"inLanguage\":\"lt-LT\",\"@id\":\"https:\/\/distribucionarc.com\/hr\/producto\/pulidora-de-capsulas-de-cannabis\/#primaryimage\",\"url\":\"https:\/\/distribucionarc.com\/wp-content\/uploads\/2024\/05\/PULIDORA-DE-CAPSULAS-DE-PLANTAS-DE-CANNABIS.webp\",\"contentUrl\":\"https:\/\/distribucionarc.com\/wp-content\/uploads\/2024\/05\/PULIDORA-DE-CAPSULAS-DE-PLANTAS-DE-CANNABIS.webp\",\"width\":1184,\"height\":1096,\"caption\":\"#image_title\"},{\"@type\":\"BreadcrumbList\",\"@id\":\"https:\/\/distribucionarc.com\/hr\/producto\/pulidora-de-capsulas-de-cannabis\/#breadcrumb\",\"itemListElement\":[{\"@type\":\"ListItem\",\"position\":1,\"name\":\"Portada\",\"item\":\"https:\/\/distribucionarc.com\/el\/\"},{\"@type\":\"ListItem\",\"position\":2,\"name\":\"Proizvodi\",\"item\":\"https:\/\/www.distribucionarc.com\/hr\/ducan\/\"},{\"@type\":\"ListItem\",\"position\":3,\"name\":\"PULIDORA DE CAPSULAS DE CANNABIS\"}]},{\"@type\":\"WebSite\",\"@id\":\"https:\/\/distribucionarc.com\/bg\/#website\",\"url\":\"https:\/\/distribucionarc.com\/bg\/\",\"name\":\"distribuci\u00f3n ARC\",\"description\":\"Empresa especializada en la fabricaci\u00f3n y distribuci\u00f3n de maquinaria industrial, selladoras de latas, Maquinas de hacer pastillas, Maquinas de cortar carne...\",\"publisher\":{\"@id\":\"https:\/\/distribucionarc.com\/bg\/#organization\"},\"potentialAction\":[{\"@type\":\"SearchAction\",\"target\":{\"@type\":\"EntryPoint\",\"urlTemplate\":\"https:\/\/distribucionarc.com\/bg\/?s={search_term_string}\"},\"query-input\":{\"@type\":\"PropertyValueSpecification\",\"valueRequired\":true,\"valueName\":\"search_term_string\"}}],\"inLanguage\":\"lt-LT\"},{\"@type\":\"Organization\",\"@id\":\"https:\/\/distribucionarc.com\/bg\/#organization\",\"name\":\"Distribuci\u00f3n ARC\",\"url\":\"https:\/\/distribucionarc.com\/bg\/\",\"logo\":{\"@type\":\"ImageObject\",\"inLanguage\":\"lt-LT\",\"@id\":\"https:\/\/distribucionarc.com\/bg\/#\/schema\/logo\/image\/\",\"url\":\"https:\/\/distribucionarc.com\/wp-content\/uploads\/2024\/10\/distribucion-ARC-COLOR-SIN-FONDO-e1732295305345.png\",\"contentUrl\":\"https:\/\/distribucionarc.com\/wp-content\/uploads\/2024\/10\/distribucion-ARC-COLOR-SIN-FONDO-e1732295305345.png\",\"width\":1164,\"height\":558,\"caption\":\"Distribuci\u00f3n ARC\"},\"image\":{\"@id\":\"https:\/\/distribucionarc.com\/bg\/#\/schema\/logo\/image\/\"},\"description\":\"Empresa especializada en la fabricaci\u00f3n y distribuci\u00f3n de maquinaria industrial para los sectores alimentario y farmac\u00e9utico. Nos especializamos en: M\u00e1quinas de cortar carne Fabricaci\u00f3n de comprimidos Sistemas de transporte industrial L\u00edneas de embotellado Dosificadores Y mucho m\u00e1s... Ofrecemos soluciones innovadoras y personalizadas para optimizar los procesos productivos de tu empresa.\",\"email\":\"Admistracion@distribucionarc.com\",\"telephone\":\"+34 643496664\",\"legalName\":\"ARC TECH SOLUTIONS\",\"foundingDate\":\"2024-04-09\",\"vatID\":\"B55480172\",\"numberOfEmployees\":{\"@type\":\"QuantitativeValue\",\"minValue\":\"1\",\"maxValue\":\"10\"}}]}<\/script>\n<!-- \/ Yoast SEO Premium plugin. -->","yoast_head_json":{"title":"CANNABIS KAPSULI\u0172 POLIRAVIMO MA\u0160INA - ARC platinimas","robots":{"index":"index","follow":"follow","max-snippet":"max-snippet:-1","max-image-preview":"max-image-preview:large","max-video-preview":"max-video-preview:-1"},"canonical":"https:\/\/distribucionarc.com\/lt\/produktas\/kanapes-kapsule-poliruoklis\/","og_locale":"lt_LT","og_type":"article","og_title":"PULIDORA DE CAPSULAS DE CANNABIS","og_description":"Descubre el Pulidor de C\u00e1psulas YARJP-A, dise\u00f1ado espec\u00edficamente para c\u00e1psulas de extracto de plantas medicinales como cannabis en tama\u00f1os #00-5.","og_url":"https:\/\/distribucionarc.com\/lt\/produktas\/kanapes-kapsule-poliruoklis\/","og_site_name":"distribuci\u00f3n ARC","article_modified_time":"2024-05-06T15:19:23+00:00","og_image":[{"width":1184,"height":1096,"url":"https:\/\/distribucionarc.com\/wp-content\/uploads\/2024\/05\/PULIDORA-DE-CAPSULAS-DE-PLANTAS-DE-CANNABIS.webp","type":"image\/webp"}],"twitter_card":"summary_large_image","twitter_misc":{"Est. reading time":"1 minut\u0117"},"schema":{"@context":"https:\/\/schema.org","@graph":[{"@type":"WebPage","@id":"https:\/\/distribucionarc.com\/hr\/producto\/pulidora-de-capsulas-de-cannabis\/","url":"https:\/\/distribucionarc.com\/hr\/producto\/pulidora-de-capsulas-de-cannabis\/","name":"CANNABIS KAPSULI\u0172 POLIRAVIMO MA\u0160INA - ARC platinimas","isPartOf":{"@id":"https:\/\/distribucionarc.com\/bg\/#website"},"primaryImageOfPage":{"@id":"https:\/\/distribucionarc.com\/hr\/producto\/pulidora-de-capsulas-de-cannabis\/#primaryimage"},"image":{"@id":"https:\/\/distribucionarc.com\/hr\/producto\/pulidora-de-capsulas-de-cannabis\/#primaryimage"},"thumbnailUrl":"https:\/\/distribucionarc.com\/wp-content\/uploads\/2024\/05\/PULIDORA-DE-CAPSULAS-DE-PLANTAS-DE-CANNABIS.webp","datePublished":"2024-05-06T15:19:21+00:00","dateModified":"2024-05-06T15:19:23+00:00","breadcrumb":{"@id":"https:\/\/distribucionarc.com\/hr\/producto\/pulidora-de-capsulas-de-cannabis\/#breadcrumb"},"inLanguage":"lt-LT","potentialAction":[{"@type":"ReadAction","target":["https:\/\/distribucionarc.com\/hr\/producto\/pulidora-de-capsulas-de-cannabis\/"]}]},{"@type":"ImageObject","inLanguage":"lt-LT","@id":"https:\/\/distribucionarc.com\/hr\/producto\/pulidora-de-capsulas-de-cannabis\/#primaryimage","url":"https:\/\/distribucionarc.com\/wp-content\/uploads\/2024\/05\/PULIDORA-DE-CAPSULAS-DE-PLANTAS-DE-CANNABIS.webp","contentUrl":"https:\/\/distribucionarc.com\/wp-content\/uploads\/2024\/05\/PULIDORA-DE-CAPSULAS-DE-PLANTAS-DE-CANNABIS.webp","width":1184,"height":1096,"caption":"#image_title"},{"@type":"BreadcrumbList","@id":"https:\/\/distribucionarc.com\/hr\/producto\/pulidora-de-capsulas-de-cannabis\/#breadcrumb","itemListElement":[{"@type":"ListItem","position":1,"name":"Portada","item":"https:\/\/distribucionarc.com\/el\/"},{"@type":"ListItem","position":2,"name":"Proizvodi","item":"https:\/\/www.distribucionarc.com\/hr\/ducan\/"},{"@type":"ListItem","position":3,"name":"PULIDORA DE CAPSULAS DE CANNABIS"}]},{"@type":"WebSite","@id":"https:\/\/distribucionarc.com\/bg\/#website","url":"https:\/\/distribucionarc.com\/bg\/","name":"ARC paskirstymas","description":"\u012emon\u0117 specializuojasi pramonini\u0173 ma\u0161in\u0173, skardini\u0173 sandarinimo ma\u0161in\u0173, table\u010di\u0173 gamybos ma\u0161in\u0173, m\u0117sos pjaustymo ma\u0161in\u0173 gamyboje ir platinime...","publisher":{"@id":"https:\/\/distribucionarc.com\/bg\/#organization"},"potentialAction":[{"@type":"SearchAction","target":{"@type":"EntryPoint","urlTemplate":"https:\/\/distribucionarc.com\/bg\/?s={search_term_string}"},"query-input":{"@type":"PropertyValueSpecification","valueRequired":true,"valueName":"search_term_string"}}],"inLanguage":"lt-LT"},{"@type":"Organization","@id":"https:\/\/distribucionarc.com\/bg\/#organization","name":"ARC platinimas","url":"https:\/\/distribucionarc.com\/bg\/","logo":{"@type":"ImageObject","inLanguage":"lt-LT","@id":"https:\/\/distribucionarc.com\/bg\/#\/schema\/logo\/image\/","url":"https:\/\/distribucionarc.com\/wp-content\/uploads\/2024\/10\/distribucion-ARC-COLOR-SIN-FONDO-e1732295305345.png","contentUrl":"https:\/\/distribucionarc.com\/wp-content\/uploads\/2024\/10\/distribucion-ARC-COLOR-SIN-FONDO-e1732295305345.png","width":1164,"height":558,"caption":"Distribuci\u00f3n ARC"},"image":{"@id":"https:\/\/distribucionarc.com\/bg\/#\/schema\/logo\/image\/"},"description":"\u012emon\u0117 specializuojasi maisto ir farmacijos sektoriams skirt\u0173 pramonini\u0173 ma\u0161in\u0173 gamyboje ir platinime. M\u016bs\u0173 specializacija: M\u0117sos pjaustymo ma\u0161inos Table\u010di\u0173 gamyba Pramonin\u0117s transportavimo sistemos I\u0161pilstymo linijos Dozatoriai Ir dar daugiau... Si\u016blome novatori\u0161kus ir individualiems poreikiams pritaikytus sprendimus, kad optimizuotume j\u016bs\u0173 \u012fmon\u0117s gamybos procesus.","email":"Admistracion@distribucionarc.com","telephone":"+34 643496664","legalName":"ARC TECH SOLUTIONS","foundingDate":"2024-04-09","vatID":"B55480172","numberOfEmployees":{"@type":"QuantitativeValue","minValue":"1","maxValue":"10"}}]}},"_links":{"self":[{"href":"https:\/\/distribucionarc.com\/lt\/wp-json\/wp\/v2\/product\/7052","targetHints":{"allow":["GET"]}}],"collection":[{"href":"https:\/\/distribucionarc.com\/lt\/wp-json\/wp\/v2\/product"}],"about":[{"href":"https:\/\/distribucionarc.com\/lt\/wp-json\/wp\/v2\/types\/product"}],"replies":[{"embeddable":true,"href":"https:\/\/distribucionarc.com\/lt\/wp-json\/wp\/v2\/comments?post=7052"}],"version-history":[{"count":0,"href":"https:\/\/distribucionarc.com\/lt\/wp-json\/wp\/v2\/product\/7052\/revisions"}],"wp:featuredmedia":[{"embeddable":true,"href":"https:\/\/distribucionarc.com\/lt\/wp-json\/wp\/v2\/media\/7053"}],"wp:attachment":[{"href":"https:\/\/distribucionarc.com\/lt\/wp-json\/wp\/v2\/media?parent=7052"}],"wp:term":[{"taxonomy":"product_brand","embeddable":true,"href":"https:\/\/distribucionarc.com\/lt\/wp-json\/wp\/v2\/product_brand?post=7052"},{"taxonomy":"product_cat","embeddable":true,"href":"https:\/\/distribucionarc.com\/lt\/wp-json\/wp\/v2\/product_cat?post=7052"},{"taxonomy":"product_tag","embeddable":true,"href":"https:\/\/distribucionarc.com\/lt\/wp-json\/wp\/v2\/product_tag?post=7052"}],"curies":[{"name":"wp","href":"https:\/\/api.w.org\/{rel}","templated":true}]}}