{"id":707,"date":"2020-06-30T16:11:47","date_gmt":"2020-06-30T16:11:47","guid":{"rendered":"https:\/\/distribucionarc.com\/?post_type=product&#038;p=707"},"modified":"2024-09-04T20:09:38","modified_gmt":"2024-09-04T20:09:38","slug":"naujas-didelio-nasumo-modelis-profesionalus-vakuuminis-sandariklis-26mm","status":"publish","type":"product","link":"https:\/\/distribucionarc.com\/lt\/producto\/envasadora-al-vacio-profesional-nuevo-modelo-de-alto-rendimiento-26mm\/","title":{"rendered":"Profesionalus vakuuminis sandariklis naujas didelio na\u0161umo modelis 26mm"},"content":{"rendered":"<div class=\"col-xs-12 nopaddinglr\">\n<div id=\"product-tabs\" class=\"tabs\">\n<div class=\"tab-content responsive white shadow roundcorners\">\n<div id=\"product-tab-content\" class=\"tab-pane fade in active\" role=\"tabpanel\">\n<p>The <strong>vakuuminis sandariklis<\/strong> Tai ma\u0161ina <strong>vakuumin\u0117 pakuot\u0117<\/strong> Deluxe automati\u0161kai supakuoja j\u016bs\u0173 maist\u0105. Nes taip j\u016bs\u0173 maistas taip pat i\u0161silaikys ilgiau! Tai <strong>vakuuminio pakavimo ma\u0161ina<\/strong> sveria 25 kg. Jis s\u0117di ant keturi\u0173 gumini\u0173 koj\u0173, tod\u0117l yra apsaugotas nuo slydimo. Ma\u0161inos patogumas <strong>vakuumin\u0117 pakuot\u0117<\/strong>\u00a0 J\u012f labai lengva valyti. \u017demiau rasite visas vakuuminio siurblio savybes<\/p>\n<ul>\n<li>prabangi vakuuminio pakavimo ma\u0161ina<\/li>\n<li>visi\u0161kai automatinis pakavimo ciklas<\/li>\n<li>ma\u017eas stalvir\u0161io modelis su gra\u017eia apdaila<\/li>\n<li>ner\u016bdijan\u010dio plieno korpusas ir kamera<\/li>\n<li>Skaitmeninis valdymo pultas<\/li>\n<li>tvirta danga su kreive<\/li>\n<li>Sandarintos juostos matmenys: <span style=\"color: #ff0000;\">260 x 10 mm<\/span><\/li>\n<li>Kameros matmenys: 330x275x100mm<\/li>\n<li>Vakuuminio siurblio talpa: 20 m3<\/li>\n<li>Saugos jungiklis ant dangtelio<\/li>\n<li>Standartinis su paslaug\u0173 paketu<\/li>\n<li>Keturi guminiai p\u0117d\u0173 pagrindai<\/li>\n<li>Lengva valyti<\/li>\n<li>Visi\u0161kai programuojamas: reguliuojamas vakuumo laikas, reguliuojamas sandarinimo laikas<\/li>\n<li>Grynasis svoris: 25 kg<\/li>\n<li>Matmenys: 560430x50mm<\/li>\n<li>230 V \/ 50 Hz \/ 1 faz\u0117 120 vat\u0173<\/li>\n<li>triuk\u0161mas &lt;60 dB<\/li>\n<li><span style=\"color: #008000;\">efektyviausias variklis ma\u017eos s\u0105naudos 120w<\/span><\/li>\n<li><strong>garantija <span style=\"color: #000080;\">KAM<\/span><span style=\"color: #ff0000;\">R<\/span>C 2 METAI\u00a0<\/strong><\/li>\n<li>\u012ftraukta technin\u0117 pagalba<\/li>\n<\/ul>\n<\/div>\n<\/div>\n<\/div>\n<\/div>\n<div class=\"col-xs-12 nopadding\">\n<div class=\"related\"><\/div>\n<\/div>\n<p><iframe loading=\"lazy\" src=\"https:\/\/www.youtube.com\/embed\/61IKicnNuoY\" width=\"560\" height=\"315\" frameborder=\"0\" allowfullscreen=\"allowfullscreen\"><\/iframe><\/p>","protected":false},"excerpt":{"rendered":"<h2><strong>Profesionalus ir pramoninis kamerinis vakuuminis sandariklis su 20 m\u00b3 siurbliu<\/strong><\/h2>\n<p>M\u016bs\u0173 <strong>kameros vakuuminis sandariklis<\/strong> tai ma\u0161ina <strong>profesionalus<\/strong> Auk\u0161tos klas\u0117s, idealiai tinka greitai ir efektyviai u\u017esandarinti gaminius. Skirta <strong>pramoniniam naudojimui<\/strong>, \u0161i ma\u0161ina leid\u017eia pakuoti mai\u0161elius iki <strong>33 centimetrai (cm) x 27 centimetrai (cm)<\/strong> ilgio, maksimalus gaminio auk\u0161tis <strong>10 centimetr\u0173 (cm)<\/strong>. Jo galingas <strong>20 kubini\u0173 metr\u0173 (m\u00b3) siurblys<\/strong> Tai garantuoja sandar\u0173 ir tiksl\u0173 sandarum\u0105, idealiai tinka ilgesniam maisto produkt\u0173 konservavimui.<\/p>\n<p>Tai <strong>pramonin\u0117 vakuuminio pakavimo ma\u0161ina<\/strong> Jis puikiai tinka \u012fvairiems produktams, tokiems kaip:<\/p>\n<ul>\n<li><strong>De\u0161rel\u0117s<\/strong>: Chorizo, salchich\u00f3n ir vytintas kumpis.<\/li>\n<li><strong>Paruo\u0161ti produktai<\/strong>: Lazanijos, tro\u0161kiniai ir salotos.<\/li>\n<li><strong>\u0161vie\u017eios m\u0117sos<\/strong>: Vi\u0161tiena, kiauliena ir jautiena.<\/li>\n<li><strong>S\u016briai<\/strong>: Manchego, o\u017eka ir kt.<\/li>\n<\/ul>\n<p>D\u0117l savo tvirto vakuuminio siurblio <strong>20 m\u00b3<\/strong>, \u0161i ma\u0161ina <strong>profesionalus<\/strong> u\u017etikrina puik\u0173 ir efektyv\u0173 sandarinim\u0105, tod\u0117l tai idealus pasirinkimas m\u0117sin\u0117ms, paruo\u0161to maisto parduotuv\u0117ms ir de\u0161r\u0173 gamykloms, norin\u010dioms optimizuoti pakavimo proces\u0105. Galimyb\u0117s sandarinti didelius mai\u0161us ir dizaino derinys <strong>pramoninis<\/strong> tod\u0117l puikiai tinka maisto \u0161vie\u017eumui ir kokybei palaikyti.<\/p>\n<p>Jei ie\u0161kote a <strong>vakuuminio pakavimo ma\u0161ina<\/strong> kad sujungia <strong>profesionalus pasirodymas<\/strong> ir pa\u017eangiausias technologijas, tai puikus sprendimas.<\/p>","protected":false},"featured_media":710,"comment_status":"open","ping_status":"closed","template":"","meta":{"wds_primary_product_brand":0,"wds_primary_product_cat":0},"product_brand":[],"product_cat":[49],"product_tag":[],"class_list":{"0":"post-707","1":"product","2":"type-product","3":"status-publish","4":"has-post-thumbnail","6":"product_cat-envasadoras-al-vacio","7":"product_shipping_class-hosteleria","9":"first","10":"instock","11":"taxable","12":"shipping-taxable","13":"purchasable","14":"product-type-simple"},"yoast_head":"<!-- This site is optimized with the Yoast SEO Premium plugin v24.9 (Yoast SEO v26.1) - https:\/\/yoast.com\/wordpress\/plugins\/seo\/ -->\n<title>Envasadora al vacio profesional nuevo modelo de alto rendimiento 26mm - distribuci\u00f3n ARC<\/title>\n<meta name=\"description\" content=\"Envasadora al vac\u00edo de campana profesional e industrial con bomba de 20 m\u00b3. Ideal para sellar bolsas de hasta 33 cm x 27 cm para embutidos, carnes y productos preparados. Perfecta para uso en restaurantes y f\u00e1bricas.\" \/>\n<meta name=\"robots\" content=\"index, follow, max-snippet:-1, max-image-preview:large, max-video-preview:-1\" \/>\n<link rel=\"canonical\" href=\"https:\/\/distribucionarc.com\/lt\/produktas\/naujas-didelio-nasumo-modelis-profesionalus-vakuuminis-sandariklis-26mm\/\" \/>\n<meta property=\"og:locale\" content=\"lt_LT\" \/>\n<meta property=\"og:type\" content=\"article\" \/>\n<meta property=\"og:title\" content=\"Envasadora al vacio profesional nuevo modelo de alto rendimiento 26mm\" \/>\n<meta property=\"og:description\" content=\"Envasadora al vac\u00edo de campana profesional e industrial con bomba de 20 m\u00b3. Ideal para sellar bolsas de hasta 33 cm x 27 cm para embutidos, carnes y productos preparados. Perfecta para uso en restaurantes y f\u00e1bricas.\" \/>\n<meta property=\"og:url\" content=\"https:\/\/distribucionarc.com\/lt\/produktas\/naujas-didelio-nasumo-modelis-profesionalus-vakuuminis-sandariklis-26mm\/\" \/>\n<meta property=\"og:site_name\" content=\"distribuci\u00f3n ARC\" \/>\n<meta property=\"article:modified_time\" content=\"2024-09-04T20:09:38+00:00\" \/>\n<meta property=\"og:image\" content=\"https:\/\/distribucionarc.com\/wp-content\/uploads\/2020\/06\/Envasadora-al-vacio-profesional-0.jpg\" \/>\n\t<meta property=\"og:image:width\" content=\"1600\" \/>\n\t<meta property=\"og:image:height\" content=\"1600\" \/>\n\t<meta property=\"og:image:type\" content=\"image\/jpeg\" \/>\n<meta name=\"twitter:card\" content=\"summary_large_image\" \/>\n<meta name=\"twitter:label1\" content=\"Est. reading time\" \/>\n\t<meta name=\"twitter:data1\" content=\"2 minut\u0117s\" \/>\n<script type=\"application\/ld+json\" class=\"yoast-schema-graph\">{\"@context\":\"https:\/\/schema.org\",\"@graph\":[{\"@type\":\"WebPage\",\"@id\":\"https:\/\/distribucionarc.com\/fr\/producto\/envasadora-al-vacio-profesional-nuevo-modelo-de-alto-rendimiento-26mm\/\",\"url\":\"https:\/\/distribucionarc.com\/fr\/producto\/envasadora-al-vacio-profesional-nuevo-modelo-de-alto-rendimiento-26mm\/\",\"name\":\"Envasadora al vacio profesional nuevo modelo de alto rendimiento 26mm - distribuci\u00f3n ARC\",\"isPartOf\":{\"@id\":\"https:\/\/distribucionarc.com\/de\/#website\"},\"primaryImageOfPage\":{\"@id\":\"https:\/\/distribucionarc.com\/fr\/producto\/envasadora-al-vacio-profesional-nuevo-modelo-de-alto-rendimiento-26mm\/#primaryimage\"},\"image\":{\"@id\":\"https:\/\/distribucionarc.com\/fr\/producto\/envasadora-al-vacio-profesional-nuevo-modelo-de-alto-rendimiento-26mm\/#primaryimage\"},\"thumbnailUrl\":\"https:\/\/distribucionarc.com\/wp-content\/uploads\/2020\/06\/Envasadora-al-vacio-profesional-0.jpg\",\"datePublished\":\"2020-06-30T16:11:47+00:00\",\"dateModified\":\"2024-09-04T20:09:38+00:00\",\"description\":\"Envasadora al vac\u00edo de campana profesional e industrial con bomba de 20 m\u00b3. Ideal para sellar bolsas de hasta 33 cm x 27 cm para embutidos, carnes y productos preparados. Perfecta para uso en restaurantes y f\u00e1bricas.\",\"breadcrumb\":{\"@id\":\"https:\/\/distribucionarc.com\/fr\/producto\/envasadora-al-vacio-profesional-nuevo-modelo-de-alto-rendimiento-26mm\/#breadcrumb\"},\"inLanguage\":\"lt-LT\",\"potentialAction\":[{\"@type\":\"ReadAction\",\"target\":[\"https:\/\/distribucionarc.com\/fr\/producto\/envasadora-al-vacio-profesional-nuevo-modelo-de-alto-rendimiento-26mm\/\"]}]},{\"@type\":\"ImageObject\",\"inLanguage\":\"lt-LT\",\"@id\":\"https:\/\/distribucionarc.com\/fr\/producto\/envasadora-al-vacio-profesional-nuevo-modelo-de-alto-rendimiento-26mm\/#primaryimage\",\"url\":\"https:\/\/distribucionarc.com\/wp-content\/uploads\/2020\/06\/Envasadora-al-vacio-profesional-0.jpg\",\"contentUrl\":\"https:\/\/distribucionarc.com\/wp-content\/uploads\/2020\/06\/Envasadora-al-vacio-profesional-0.jpg\",\"width\":1600,\"height\":1600},{\"@type\":\"BreadcrumbList\",\"@id\":\"https:\/\/distribucionarc.com\/fr\/producto\/envasadora-al-vacio-profesional-nuevo-modelo-de-alto-rendimiento-26mm\/#breadcrumb\",\"itemListElement\":[{\"@type\":\"ListItem\",\"position\":1,\"name\":\"Portada\",\"item\":\"https:\/\/distribucionarc.com\/pl\/\"},{\"@type\":\"ListItem\",\"position\":2,\"name\":\"Produkty\",\"item\":\"https:\/\/distribucionarc.com\/pl\/shop\/\"},{\"@type\":\"ListItem\",\"position\":3,\"name\":\"Envasadora al vacio profesional nuevo modelo de alto rendimiento 26mm\"}]},{\"@type\":\"WebSite\",\"@id\":\"https:\/\/distribucionarc.com\/de\/#website\",\"url\":\"https:\/\/distribucionarc.com\/de\/\",\"name\":\"distribuci\u00f3n ARC\",\"description\":\"Empresa especializada en la fabricaci\u00f3n y distribuci\u00f3n de maquinaria industrial, selladoras de latas, Maquinas de hacer pastillas, Maquinas de cortar carne...\",\"publisher\":{\"@id\":\"https:\/\/distribucionarc.com\/de\/#organization\"},\"potentialAction\":[{\"@type\":\"SearchAction\",\"target\":{\"@type\":\"EntryPoint\",\"urlTemplate\":\"https:\/\/distribucionarc.com\/de\/?s={search_term_string}\"},\"query-input\":{\"@type\":\"PropertyValueSpecification\",\"valueRequired\":true,\"valueName\":\"search_term_string\"}}],\"inLanguage\":\"lt-LT\"},{\"@type\":\"Organization\",\"@id\":\"https:\/\/distribucionarc.com\/de\/#organization\",\"name\":\"Distribuci\u00f3n ARC\",\"url\":\"https:\/\/distribucionarc.com\/de\/\",\"logo\":{\"@type\":\"ImageObject\",\"inLanguage\":\"lt-LT\",\"@id\":\"https:\/\/distribucionarc.com\/de\/#\/schema\/logo\/image\/\",\"url\":\"https:\/\/distribucionarc.com\/wp-content\/uploads\/2024\/10\/distribucion-ARC-COLOR-SIN-FONDO-e1732295305345.png\",\"contentUrl\":\"https:\/\/distribucionarc.com\/wp-content\/uploads\/2024\/10\/distribucion-ARC-COLOR-SIN-FONDO-e1732295305345.png\",\"width\":1164,\"height\":558,\"caption\":\"Distribuci\u00f3n ARC\"},\"image\":{\"@id\":\"https:\/\/distribucionarc.com\/de\/#\/schema\/logo\/image\/\"},\"description\":\"Empresa especializada en la fabricaci\u00f3n y distribuci\u00f3n de maquinaria industrial para los sectores alimentario y farmac\u00e9utico. Nos especializamos en: M\u00e1quinas de cortar carne Fabricaci\u00f3n de comprimidos Sistemas de transporte industrial L\u00edneas de embotellado Dosificadores Y mucho m\u00e1s... Ofrecemos soluciones innovadoras y personalizadas para optimizar los procesos productivos de tu empresa.\",\"email\":\"Admistracion@distribucionarc.com\",\"telephone\":\"+34 643496664\",\"legalName\":\"ARC TECH SOLUTIONS\",\"foundingDate\":\"2024-04-09\",\"vatID\":\"B55480172\",\"numberOfEmployees\":{\"@type\":\"QuantitativeValue\",\"minValue\":\"1\",\"maxValue\":\"10\"}}]}<\/script>\n<!-- \/ Yoast SEO Premium plugin. -->","yoast_head_json":{"title":"Profesionalus vakuuminis sandariklis naujas didelio na\u0161umo modelis 26mm - ARC paskirstymas","description":"Profesionalus ir pramoninis kamerinis vakuuminis sandariklis su 20 m\u00b3 siurbliu. Idealiai tinka iki 33 cm x 27 cm dyd\u017eio de\u0161r\u0173, m\u0117sos ir paruo\u0161t\u0173 produkt\u0173 mai\u0161ams sandarinti. Puikiai tinka naudoti restoranuose ir gamyklose.","robots":{"index":"index","follow":"follow","max-snippet":"max-snippet:-1","max-image-preview":"max-image-preview:large","max-video-preview":"max-video-preview:-1"},"canonical":"https:\/\/distribucionarc.com\/lt\/produktas\/naujas-didelio-nasumo-modelis-profesionalus-vakuuminis-sandariklis-26mm\/","og_locale":"lt_LT","og_type":"article","og_title":"Envasadora al vacio profesional nuevo modelo de alto rendimiento 26mm","og_description":"Envasadora al vac\u00edo de campana profesional e industrial con bomba de 20 m\u00b3. Ideal para sellar bolsas de hasta 33 cm x 27 cm para embutidos, carnes y productos preparados. Perfecta para uso en restaurantes y f\u00e1bricas.","og_url":"https:\/\/distribucionarc.com\/lt\/produktas\/naujas-didelio-nasumo-modelis-profesionalus-vakuuminis-sandariklis-26mm\/","og_site_name":"distribuci\u00f3n ARC","article_modified_time":"2024-09-04T20:09:38+00:00","og_image":[{"width":1600,"height":1600,"url":"https:\/\/distribucionarc.com\/wp-content\/uploads\/2020\/06\/Envasadora-al-vacio-profesional-0.jpg","type":"image\/jpeg"}],"twitter_card":"summary_large_image","twitter_misc":{"Est. reading time":"2 minut\u0117s"},"schema":{"@context":"https:\/\/schema.org","@graph":[{"@type":"WebPage","@id":"https:\/\/distribucionarc.com\/fr\/producto\/envasadora-al-vacio-profesional-nuevo-modelo-de-alto-rendimiento-26mm\/","url":"https:\/\/distribucionarc.com\/fr\/producto\/envasadora-al-vacio-profesional-nuevo-modelo-de-alto-rendimiento-26mm\/","name":"Profesionalus vakuuminis sandariklis naujas didelio na\u0161umo modelis 26mm - ARC paskirstymas","isPartOf":{"@id":"https:\/\/distribucionarc.com\/de\/#website"},"primaryImageOfPage":{"@id":"https:\/\/distribucionarc.com\/fr\/producto\/envasadora-al-vacio-profesional-nuevo-modelo-de-alto-rendimiento-26mm\/#primaryimage"},"image":{"@id":"https:\/\/distribucionarc.com\/fr\/producto\/envasadora-al-vacio-profesional-nuevo-modelo-de-alto-rendimiento-26mm\/#primaryimage"},"thumbnailUrl":"https:\/\/distribucionarc.com\/wp-content\/uploads\/2020\/06\/Envasadora-al-vacio-profesional-0.jpg","datePublished":"2020-06-30T16:11:47+00:00","dateModified":"2024-09-04T20:09:38+00:00","description":"Profesionalus ir pramoninis kamerinis vakuuminis sandariklis su 20 m\u00b3 siurbliu. Idealiai tinka iki 33 cm x 27 cm dyd\u017eio de\u0161r\u0173, m\u0117sos ir paruo\u0161t\u0173 produkt\u0173 mai\u0161ams sandarinti. Puikiai tinka naudoti restoranuose ir gamyklose.","breadcrumb":{"@id":"https:\/\/distribucionarc.com\/fr\/producto\/envasadora-al-vacio-profesional-nuevo-modelo-de-alto-rendimiento-26mm\/#breadcrumb"},"inLanguage":"lt-LT","potentialAction":[{"@type":"ReadAction","target":["https:\/\/distribucionarc.com\/fr\/producto\/envasadora-al-vacio-profesional-nuevo-modelo-de-alto-rendimiento-26mm\/"]}]},{"@type":"ImageObject","inLanguage":"lt-LT","@id":"https:\/\/distribucionarc.com\/fr\/producto\/envasadora-al-vacio-profesional-nuevo-modelo-de-alto-rendimiento-26mm\/#primaryimage","url":"https:\/\/distribucionarc.com\/wp-content\/uploads\/2020\/06\/Envasadora-al-vacio-profesional-0.jpg","contentUrl":"https:\/\/distribucionarc.com\/wp-content\/uploads\/2020\/06\/Envasadora-al-vacio-profesional-0.jpg","width":1600,"height":1600},{"@type":"BreadcrumbList","@id":"https:\/\/distribucionarc.com\/fr\/producto\/envasadora-al-vacio-profesional-nuevo-modelo-de-alto-rendimiento-26mm\/#breadcrumb","itemListElement":[{"@type":"ListItem","position":1,"name":"Portada","item":"https:\/\/distribucionarc.com\/pl\/"},{"@type":"ListItem","position":2,"name":"Produkty","item":"https:\/\/distribucionarc.com\/pl\/shop\/"},{"@type":"ListItem","position":3,"name":"Envasadora al vacio profesional nuevo modelo de alto rendimiento 26mm"}]},{"@type":"WebSite","@id":"https:\/\/distribucionarc.com\/de\/#website","url":"https:\/\/distribucionarc.com\/de\/","name":"ARC paskirstymas","description":"\u012emon\u0117 specializuojasi pramonini\u0173 ma\u0161in\u0173, skardini\u0173 sandarinimo ma\u0161in\u0173, table\u010di\u0173 gamybos ma\u0161in\u0173, m\u0117sos pjaustymo ma\u0161in\u0173 gamyboje ir platinime...","publisher":{"@id":"https:\/\/distribucionarc.com\/de\/#organization"},"potentialAction":[{"@type":"SearchAction","target":{"@type":"EntryPoint","urlTemplate":"https:\/\/distribucionarc.com\/de\/?s={search_term_string}"},"query-input":{"@type":"PropertyValueSpecification","valueRequired":true,"valueName":"search_term_string"}}],"inLanguage":"lt-LT"},{"@type":"Organization","@id":"https:\/\/distribucionarc.com\/de\/#organization","name":"ARC platinimas","url":"https:\/\/distribucionarc.com\/de\/","logo":{"@type":"ImageObject","inLanguage":"lt-LT","@id":"https:\/\/distribucionarc.com\/de\/#\/schema\/logo\/image\/","url":"https:\/\/distribucionarc.com\/wp-content\/uploads\/2024\/10\/distribucion-ARC-COLOR-SIN-FONDO-e1732295305345.png","contentUrl":"https:\/\/distribucionarc.com\/wp-content\/uploads\/2024\/10\/distribucion-ARC-COLOR-SIN-FONDO-e1732295305345.png","width":1164,"height":558,"caption":"Distribuci\u00f3n ARC"},"image":{"@id":"https:\/\/distribucionarc.com\/de\/#\/schema\/logo\/image\/"},"description":"\u012emon\u0117 specializuojasi maisto ir farmacijos sektoriams skirt\u0173 pramonini\u0173 ma\u0161in\u0173 gamyboje ir platinime. M\u016bs\u0173 specializacija: M\u0117sos pjaustymo ma\u0161inos Table\u010di\u0173 gamyba Pramonin\u0117s transportavimo sistemos I\u0161pilstymo linijos Dozatoriai Ir dar daugiau... Si\u016blome novatori\u0161kus ir individualiems poreikiams pritaikytus sprendimus, kad optimizuotume j\u016bs\u0173 \u012fmon\u0117s gamybos procesus.","email":"Admistracion@distribucionarc.com","telephone":"+34 643496664","legalName":"ARC TECH SOLUTIONS","foundingDate":"2024-04-09","vatID":"B55480172","numberOfEmployees":{"@type":"QuantitativeValue","minValue":"1","maxValue":"10"}}]}},"_links":{"self":[{"href":"https:\/\/distribucionarc.com\/lt\/wp-json\/wp\/v2\/product\/707","targetHints":{"allow":["GET"]}}],"collection":[{"href":"https:\/\/distribucionarc.com\/lt\/wp-json\/wp\/v2\/product"}],"about":[{"href":"https:\/\/distribucionarc.com\/lt\/wp-json\/wp\/v2\/types\/product"}],"replies":[{"embeddable":true,"href":"https:\/\/distribucionarc.com\/lt\/wp-json\/wp\/v2\/comments?post=707"}],"version-history":[{"count":0,"href":"https:\/\/distribucionarc.com\/lt\/wp-json\/wp\/v2\/product\/707\/revisions"}],"wp:featuredmedia":[{"embeddable":true,"href":"https:\/\/distribucionarc.com\/lt\/wp-json\/wp\/v2\/media\/710"}],"wp:attachment":[{"href":"https:\/\/distribucionarc.com\/lt\/wp-json\/wp\/v2\/media?parent=707"}],"wp:term":[{"taxonomy":"product_brand","embeddable":true,"href":"https:\/\/distribucionarc.com\/lt\/wp-json\/wp\/v2\/product_brand?post=707"},{"taxonomy":"product_cat","embeddable":true,"href":"https:\/\/distribucionarc.com\/lt\/wp-json\/wp\/v2\/product_cat?post=707"},{"taxonomy":"product_tag","embeddable":true,"href":"https:\/\/distribucionarc.com\/lt\/wp-json\/wp\/v2\/product_tag?post=707"}],"curies":[{"name":"wp","href":"https:\/\/api.w.org\/{rel}","templated":true}]}}