{"id":722,"date":"2020-07-01T18:13:10","date_gmt":"2020-07-01T18:13:10","guid":{"rendered":"https:\/\/distribucionarc.com\/?post_type=product&#038;p=722"},"modified":"2020-09-26T15:14:42","modified_gmt":"2020-09-26T15:14:42","slug":"elektrine-gruzdintuve-profesionali-pramonine-keptai-zuviai-bulvems-tt-18l","status":"publish","type":"product","link":"https:\/\/distribucionarc.com\/lt\/producto\/freidora-electrica-profesional-industrial-para-pescado-frito-patatas-etc-18l\/","title":{"rendered":"Pramonin\u0117 profesionali elektrin\u0117 gruzdintuv\u0117 keptai \u017euviai, bulv\u0117ms ir kt. 18l"},"content":{"rendered":"<div class=\"description-row description-text\">\n<h2>Elektrin\u0117 gruzdintuv\u0117 \u2013 18 litr\u0173<\/h2>\n<p>Elektrin\u0117 gruzdintuv\u0117 <span style=\"color: #ff0000;\">KAM<\/span><span style=\"color: #0000ff;\">R<\/span>C DISTRIBUTION skirtas profesionaliam naudojimui ir veikia esant 3000 volt\u0173 \u012ftampai. Tai leid\u017eia jums patogiai paruo\u0161ti skan\u0173 kept\u0105 maist\u0105, neatsi\u017evelgiant \u012f tai, kokio tipo produkt\u0105 norite paruo\u0161ti. Idealiai tinka j\u016bs\u0173 <strong>restoran\u0173 pramon\u0117<\/strong> arba <strong>baras,<\/strong> leis jums pasi\u016blyti nepaprast\u0173 gastronomini\u0173 potyri\u0173.<\/p>\n<\/div>\n<div class=\"product-icon--wrapper\">\n<div class=\"product--icon\">\n<div class=\"icon-body\">\n<div class=\"product_icon_container svg-icon\"><\/div>\n<div class=\"icon-text\">\n<p>\u0160io virtuv\u0117s prietaiso did\u017eiausia alyvos talpa yra iki 14 litr\u0173 ir a <strong>bendras t\u016bris 18 litr\u0173<\/strong>. Profesionaliai galite naudoti labai \u012fvairiapusi\u0161kai, ypa\u010d tinka ruo\u0161iant <strong>\u017euvis<\/strong>, <strong>u\u017ekand\u017eiai, kroketai ar tra\u0161ku\u010diai.<\/strong><\/p>\n<\/div>\n<\/div>\n<h3 class=\"product--icon-headline\">Greiti ir tra\u0161k\u016bs u\u017ekand\u017eiai su elektrine gruzdintuve <span style=\"color: #ff0000;\">KAM<\/span><span style=\"color: #0000ff;\">R<\/span>CFRT18L gastronomijai<\/h3>\n<div class=\"icon-body\">\n<div class=\"product_icon_easy_clean svg-icon\"><\/div>\n<div class=\"icon-text\">\n<p>Elektrin\u0117s gruzdintuv\u0117s krep\u0161elio matmenys yra 20 x 22 x 10 cm. Bet kokie maisto liku\u010diai, kurie gali likti bakelyje, kaupiasi jo apa\u010dioje, vadinamojoje \u0161altojoje zonoje, kad nesudegt\u0173. Taip aliejus i\u0161laiko nat\u016bral\u0173 skon\u012f. Be to, alyv\u0105 nusausinti paprasta.<\/p>\n<\/div>\n<\/div>\n<div class=\"icon-body\">\n<div class=\"product_icon_voltage svg-icon\"><\/div>\n<div class=\"icon-text\">\n<p>D\u0117l didelio na\u0161umo<strong>\u00a0\u0161ildymo elementas<\/strong> nuimamas <strong>3000<\/strong>\u00a0<strong>vat\u0173<\/strong>, gruzdintuv\u0117s aliejus greitai pasiekia maksimali\u0105 200 \u00b0C temperat\u016br\u0105. Siekiant optimali\u0173 rezultat\u0173, didelio jautrumo termostatas palaiko pastovi\u0105 alyvos bako \u0161ilum\u0105. <span style=\"color: #0000ff;\">\u0160i temperat\u016bra pasiekiama labai greitai, o naudojant i\u0161mani\u0105j\u0105 elektronin\u0119 plok\u0161t\u0119, elektros s\u0105naudos suma\u017einamos iki minimumo, kai alyva \u012fkaista.<\/span> <span style=\"color: #ff0000;\">Jei alyva perkaista arba kaitinimo galvut\u0117 nuimama, saugiklis automati\u0161kai atjungia \u012frengin\u012f.<\/span><\/p>\n<\/div>\n<\/div>\n<div class=\"icon-body\">\n<div class=\"product_icon_durable svg-icon\"><\/div>\n<div class=\"icon-text\">\n<p>Modernaus dizaino dangtelis, pagamintas\u00a0<strong>ilgaam\u017eis ner\u016bdijantis plienas<\/strong>, tai labai <strong>atsparus<\/strong> ir d\u0117l nuimamo kaitinimo elemento j\u012f lengva valyti. Nuspr\u0119skite d\u0117l galingos elektrin\u0117s gruzdintuv\u0117s \u0161iandien \u2013 j\u016bs\u0173 klientai ir sve\u010diai jums pad\u0117kos.<\/p>\n<p><b>Techniniai duomenys<\/b><\/p>\n<ul>\n<li>Modelis <span style=\"color: #ff0000;\">KAM<\/span><span style=\"color: #0000ff;\">R<\/span>CFRT18L<\/li>\n<li>Korpuso med\u017eiaga ner\u016bdijantis plienas<\/li>\n<li>Krep\u0161eli\u0173 skai\u010dius ir u\u017estatas 1<\/li>\n<li>Bako t\u016bris 18L<\/li>\n<li>Alyvos talpa 14L<\/li>\n<li>Galia 3000 vat\u0173<\/li>\n<li>N\u0117ra laikma\u010dio funkcijos<\/li>\n<li>Tinklo \u012ftampa 230V \/ 50Hz<\/li>\n<li>Matmenys 52x47x41 cm<\/li>\n<li>Svoris ca. 19 kg<\/li>\n<\/ul>\n<\/div>\n<\/div>\n<\/div>\n<\/div>","protected":false},"excerpt":{"rendered":"<h2>PRAMONIN\u0116 GRUPINTUV\u0116 18L BAKAS<\/h2>\n<p>&nbsp;<\/p>\n<h3>Prek\u0117s \u017eenklas <span style=\"color: #ff0000;\">KAM<\/span><span style=\"color: #0000ff;\">R<\/span>C naudoja kruop\u0161\u010diai atrinktas med\u017eiagas, tod\u0117l si\u016blo auk\u0161tos kokyb\u0117s produktus pramon\u0117s sektoriui. Auk\u0161tos kokyb\u0117s med\u017eiagos leid\u017eia m\u016bs\u0173 gaminiams ilgai tarnauti.<\/h3>\n<p>Puikiai tinka gruzdintuv\u0117 keptai \u017euviai, bulv\u0117ms ir kt.<\/p>\n<p>turi visa m\u016bs\u0173 technika <strong>2 met\u0173 garantija<\/strong><\/p>\n<p><strong>technin\u0117 pagalba gedimo atveju<\/strong><\/p>\n<p>viskas, ko reikia j\u016bs\u0173 verslui vienoje vietoje<\/p>","protected":false},"featured_media":726,"comment_status":"open","ping_status":"closed","template":"","meta":{"wds_primary_product_brand":0,"wds_primary_product_cat":0},"product_brand":[],"product_cat":[38],"product_tag":[],"class_list":{"0":"post-722","1":"product","2":"type-product","3":"status-publish","4":"has-post-thumbnail","6":"product_cat-freidoras","7":"product_shipping_class-express","9":"first","10":"instock","11":"sale","12":"taxable","13":"shipping-taxable","14":"purchasable","15":"product-type-simple"},"yoast_head":"<!-- This site is optimized with the Yoast SEO Premium plugin v24.9 (Yoast SEO v26.1) - https:\/\/yoast.com\/wordpress\/plugins\/seo\/ -->\n<title>Freidora el\u00e9ctrica profesional industrial para pescado frito, patatas, etc. 18l - distribuci\u00f3n ARC<\/title>\n<meta name=\"robots\" content=\"index, follow, max-snippet:-1, max-image-preview:large, max-video-preview:-1\" \/>\n<link rel=\"canonical\" href=\"https:\/\/www.distribucionarc.com\/hr\/producto\/freidora-electrica-profesional-industrial-para-pescado-frito-patatas-etc-18l\/\" \/>\n<meta property=\"og:locale\" content=\"lt_LT\" \/>\n<meta property=\"og:type\" content=\"article\" \/>\n<meta property=\"og:title\" content=\"Freidora el\u00e9ctrica profesional industrial para pescado frito, patatas, etc. 18l\" \/>\n<meta property=\"og:description\" content=\"FREIDORA INDUSTRIAL TANQUE DE 18L &nbsp; La marca ARC utiliza materiales cuidadosamente seleccionados ofreciendo as\u00ed productos de alta calidad para el sector de la industria. Los materiales de alta calidad posibilitan que nuestros productos tengan una larga vida util. freidora perfecta para pescado frito, patatas, etc  toda nuestra maquinaria tiene garantia de 2 a\u00f1os  soporte tecnico en caso de averia  todo lo necesario para su negocio en un solo lugar\" \/>\n<meta property=\"og:url\" content=\"https:\/\/www.distribucionarc.com\/hr\/producto\/freidora-electrica-profesional-industrial-para-pescado-frito-patatas-etc-18l\/\" \/>\n<meta property=\"og:site_name\" content=\"distribuci\u00f3n ARC\" \/>\n<meta property=\"article:modified_time\" content=\"2020-09-26T15:14:42+00:00\" \/>\n<meta property=\"og:image\" content=\"https:\/\/www.distribucionarc.com\/wp-content\/uploads\/2020\/07\/freidora-profesional-industrial-18L-0.jpg\" \/>\n\t<meta property=\"og:image:width\" content=\"1500\" \/>\n\t<meta property=\"og:image:height\" content=\"1500\" \/>\n\t<meta property=\"og:image:type\" content=\"image\/jpeg\" \/>\n<meta name=\"twitter:card\" content=\"summary_large_image\" \/>\n<meta name=\"twitter:label1\" content=\"Est. reading time\" \/>\n\t<meta name=\"twitter:data1\" content=\"2 minut\u0117s\" \/>\n<script type=\"application\/ld+json\" class=\"yoast-schema-graph\">{\"@context\":\"https:\/\/schema.org\",\"@graph\":[{\"@type\":\"WebPage\",\"@id\":\"https:\/\/www.distribucionarc.com\/hr\/producto\/freidora-electrica-profesional-industrial-para-pescado-frito-patatas-etc-18l\/\",\"url\":\"https:\/\/www.distribucionarc.com\/hr\/producto\/freidora-electrica-profesional-industrial-para-pescado-frito-patatas-etc-18l\/\",\"name\":\"Freidora el\u00e9ctrica profesional industrial para pescado frito, patatas, etc. 18l - distribuci\u00f3n ARC\",\"isPartOf\":{\"@id\":\"https:\/\/distribucionarc.com\/ro\/#website\"},\"primaryImageOfPage\":{\"@id\":\"https:\/\/www.distribucionarc.com\/hr\/producto\/freidora-electrica-profesional-industrial-para-pescado-frito-patatas-etc-18l\/#primaryimage\"},\"image\":{\"@id\":\"https:\/\/www.distribucionarc.com\/hr\/producto\/freidora-electrica-profesional-industrial-para-pescado-frito-patatas-etc-18l\/#primaryimage\"},\"thumbnailUrl\":\"https:\/\/distribucionarc.com\/wp-content\/uploads\/2020\/07\/freidora-profesional-industrial-18L-0.jpg\",\"datePublished\":\"2020-07-01T18:13:10+00:00\",\"dateModified\":\"2020-09-26T15:14:42+00:00\",\"breadcrumb\":{\"@id\":\"https:\/\/www.distribucionarc.com\/hr\/producto\/freidora-electrica-profesional-industrial-para-pescado-frito-patatas-etc-18l\/#breadcrumb\"},\"inLanguage\":\"lt-LT\",\"potentialAction\":[{\"@type\":\"ReadAction\",\"target\":[\"https:\/\/www.distribucionarc.com\/hr\/producto\/freidora-electrica-profesional-industrial-para-pescado-frito-patatas-etc-18l\/\"]}]},{\"@type\":\"ImageObject\",\"inLanguage\":\"lt-LT\",\"@id\":\"https:\/\/www.distribucionarc.com\/hr\/producto\/freidora-electrica-profesional-industrial-para-pescado-frito-patatas-etc-18l\/#primaryimage\",\"url\":\"https:\/\/distribucionarc.com\/wp-content\/uploads\/2020\/07\/freidora-profesional-industrial-18L-0.jpg\",\"contentUrl\":\"https:\/\/distribucionarc.com\/wp-content\/uploads\/2020\/07\/freidora-profesional-industrial-18L-0.jpg\",\"width\":1500,\"height\":1500,\"caption\":\"FREIDORA INDUSTRIAL 18L\"},{\"@type\":\"BreadcrumbList\",\"@id\":\"https:\/\/www.distribucionarc.com\/hr\/producto\/freidora-electrica-profesional-industrial-para-pescado-frito-patatas-etc-18l\/#breadcrumb\",\"itemListElement\":[{\"@type\":\"ListItem\",\"position\":1,\"name\":\"Portada\",\"item\":\"https:\/\/distribucionarc.com\/ar\/\"},{\"@type\":\"ListItem\",\"position\":2,\"name\":\"Proizvodi\",\"item\":\"https:\/\/www.distribucionarc.com\/hr\/ducan\/\"},{\"@type\":\"ListItem\",\"position\":3,\"name\":\"Freidora el\u00e9ctrica profesional industrial para pescado frito, patatas, etc. 18l\"}]},{\"@type\":\"WebSite\",\"@id\":\"https:\/\/distribucionarc.com\/ro\/#website\",\"url\":\"https:\/\/distribucionarc.com\/ro\/\",\"name\":\"distribuci\u00f3n ARC\",\"description\":\"Empresa especializada en la fabricaci\u00f3n y distribuci\u00f3n de maquinaria industrial, selladoras de latas, Maquinas de hacer pastillas, Maquinas de cortar carne...\",\"publisher\":{\"@id\":\"https:\/\/distribucionarc.com\/ro\/#organization\"},\"potentialAction\":[{\"@type\":\"SearchAction\",\"target\":{\"@type\":\"EntryPoint\",\"urlTemplate\":\"https:\/\/distribucionarc.com\/ro\/?s={search_term_string}\"},\"query-input\":{\"@type\":\"PropertyValueSpecification\",\"valueRequired\":true,\"valueName\":\"search_term_string\"}}],\"inLanguage\":\"lt-LT\"},{\"@type\":\"Organization\",\"@id\":\"https:\/\/distribucionarc.com\/ro\/#organization\",\"name\":\"Distribuci\u00f3n ARC\",\"url\":\"https:\/\/distribucionarc.com\/ro\/\",\"logo\":{\"@type\":\"ImageObject\",\"inLanguage\":\"lt-LT\",\"@id\":\"https:\/\/distribucionarc.com\/ro\/#\/schema\/logo\/image\/\",\"url\":\"https:\/\/distribucionarc.com\/wp-content\/uploads\/2024\/10\/distribucion-ARC-COLOR-SIN-FONDO-e1732295305345.png\",\"contentUrl\":\"https:\/\/distribucionarc.com\/wp-content\/uploads\/2024\/10\/distribucion-ARC-COLOR-SIN-FONDO-e1732295305345.png\",\"width\":1164,\"height\":558,\"caption\":\"Distribuci\u00f3n ARC\"},\"image\":{\"@id\":\"https:\/\/distribucionarc.com\/ro\/#\/schema\/logo\/image\/\"},\"description\":\"Empresa especializada en la fabricaci\u00f3n y distribuci\u00f3n de maquinaria industrial para los sectores alimentario y farmac\u00e9utico. Nos especializamos en: M\u00e1quinas de cortar carne Fabricaci\u00f3n de comprimidos Sistemas de transporte industrial L\u00edneas de embotellado Dosificadores Y mucho m\u00e1s... Ofrecemos soluciones innovadoras y personalizadas para optimizar los procesos productivos de tu empresa.\",\"email\":\"Admistracion@distribucionarc.com\",\"telephone\":\"+34 643496664\",\"legalName\":\"ARC TECH SOLUTIONS\",\"foundingDate\":\"2024-04-09\",\"vatID\":\"B55480172\",\"numberOfEmployees\":{\"@type\":\"QuantitativeValue\",\"minValue\":\"1\",\"maxValue\":\"10\"}}]}<\/script>\n<!-- \/ Yoast SEO Premium plugin. -->","yoast_head_json":{"title":"Pramonin\u0117 profesionali elektrin\u0117 gruzdintuv\u0117 keptai \u017euviai, bulv\u0117ms ir kt. 18l - ARC paskirstymas","robots":{"index":"index","follow":"follow","max-snippet":"max-snippet:-1","max-image-preview":"max-image-preview:large","max-video-preview":"max-video-preview:-1"},"canonical":"https:\/\/www.distribucionarc.com\/hr\/producto\/freidora-electrica-profesional-industrial-para-pescado-frito-patatas-etc-18l\/","og_locale":"lt_LT","og_type":"article","og_title":"Freidora el\u00e9ctrica profesional industrial para pescado frito, patatas, etc. 18l","og_description":"FREIDORA INDUSTRIAL TANQUE DE 18L &nbsp; La marca ARC utiliza materiales cuidadosamente seleccionados ofreciendo as\u00ed productos de alta calidad para el sector de la industria. Los materiales de alta calidad posibilitan que nuestros productos tengan una larga vida util. freidora perfecta para pescado frito, patatas, etc  toda nuestra maquinaria tiene garantia de 2 a\u00f1os  soporte tecnico en caso de averia  todo lo necesario para su negocio en un solo lugar","og_url":"https:\/\/www.distribucionarc.com\/hr\/producto\/freidora-electrica-profesional-industrial-para-pescado-frito-patatas-etc-18l\/","og_site_name":"distribuci\u00f3n ARC","article_modified_time":"2020-09-26T15:14:42+00:00","og_image":[{"width":1500,"height":1500,"url":"https:\/\/www.distribucionarc.com\/wp-content\/uploads\/2020\/07\/freidora-profesional-industrial-18L-0.jpg","type":"image\/jpeg"}],"twitter_card":"summary_large_image","twitter_misc":{"Est. reading time":"2 minut\u0117s"},"schema":{"@context":"https:\/\/schema.org","@graph":[{"@type":"WebPage","@id":"https:\/\/www.distribucionarc.com\/hr\/producto\/freidora-electrica-profesional-industrial-para-pescado-frito-patatas-etc-18l\/","url":"https:\/\/www.distribucionarc.com\/hr\/producto\/freidora-electrica-profesional-industrial-para-pescado-frito-patatas-etc-18l\/","name":"Pramonin\u0117 profesionali elektrin\u0117 gruzdintuv\u0117 keptai \u017euviai, bulv\u0117ms ir kt. 18l - ARC paskirstymas","isPartOf":{"@id":"https:\/\/distribucionarc.com\/ro\/#website"},"primaryImageOfPage":{"@id":"https:\/\/www.distribucionarc.com\/hr\/producto\/freidora-electrica-profesional-industrial-para-pescado-frito-patatas-etc-18l\/#primaryimage"},"image":{"@id":"https:\/\/www.distribucionarc.com\/hr\/producto\/freidora-electrica-profesional-industrial-para-pescado-frito-patatas-etc-18l\/#primaryimage"},"thumbnailUrl":"https:\/\/distribucionarc.com\/wp-content\/uploads\/2020\/07\/freidora-profesional-industrial-18L-0.jpg","datePublished":"2020-07-01T18:13:10+00:00","dateModified":"2020-09-26T15:14:42+00:00","breadcrumb":{"@id":"https:\/\/www.distribucionarc.com\/hr\/producto\/freidora-electrica-profesional-industrial-para-pescado-frito-patatas-etc-18l\/#breadcrumb"},"inLanguage":"lt-LT","potentialAction":[{"@type":"ReadAction","target":["https:\/\/www.distribucionarc.com\/hr\/producto\/freidora-electrica-profesional-industrial-para-pescado-frito-patatas-etc-18l\/"]}]},{"@type":"ImageObject","inLanguage":"lt-LT","@id":"https:\/\/www.distribucionarc.com\/hr\/producto\/freidora-electrica-profesional-industrial-para-pescado-frito-patatas-etc-18l\/#primaryimage","url":"https:\/\/distribucionarc.com\/wp-content\/uploads\/2020\/07\/freidora-profesional-industrial-18L-0.jpg","contentUrl":"https:\/\/distribucionarc.com\/wp-content\/uploads\/2020\/07\/freidora-profesional-industrial-18L-0.jpg","width":1500,"height":1500,"caption":"FREIDORA INDUSTRIAL 18L"},{"@type":"BreadcrumbList","@id":"https:\/\/www.distribucionarc.com\/hr\/producto\/freidora-electrica-profesional-industrial-para-pescado-frito-patatas-etc-18l\/#breadcrumb","itemListElement":[{"@type":"ListItem","position":1,"name":"Portada","item":"https:\/\/distribucionarc.com\/ar\/"},{"@type":"ListItem","position":2,"name":"Proizvodi","item":"https:\/\/www.distribucionarc.com\/hr\/ducan\/"},{"@type":"ListItem","position":3,"name":"Freidora el\u00e9ctrica profesional industrial para pescado frito, patatas, etc. 18l"}]},{"@type":"WebSite","@id":"https:\/\/distribucionarc.com\/ro\/#website","url":"https:\/\/distribucionarc.com\/ro\/","name":"ARC paskirstymas","description":"\u012emon\u0117 specializuojasi pramonini\u0173 ma\u0161in\u0173, skardini\u0173 sandarinimo ma\u0161in\u0173, table\u010di\u0173 gamybos ma\u0161in\u0173, m\u0117sos pjaustymo ma\u0161in\u0173 gamyboje ir platinime...","publisher":{"@id":"https:\/\/distribucionarc.com\/ro\/#organization"},"potentialAction":[{"@type":"SearchAction","target":{"@type":"EntryPoint","urlTemplate":"https:\/\/distribucionarc.com\/ro\/?s={search_term_string}"},"query-input":{"@type":"PropertyValueSpecification","valueRequired":true,"valueName":"search_term_string"}}],"inLanguage":"lt-LT"},{"@type":"Organization","@id":"https:\/\/distribucionarc.com\/ro\/#organization","name":"ARC platinimas","url":"https:\/\/distribucionarc.com\/ro\/","logo":{"@type":"ImageObject","inLanguage":"lt-LT","@id":"https:\/\/distribucionarc.com\/ro\/#\/schema\/logo\/image\/","url":"https:\/\/distribucionarc.com\/wp-content\/uploads\/2024\/10\/distribucion-ARC-COLOR-SIN-FONDO-e1732295305345.png","contentUrl":"https:\/\/distribucionarc.com\/wp-content\/uploads\/2024\/10\/distribucion-ARC-COLOR-SIN-FONDO-e1732295305345.png","width":1164,"height":558,"caption":"Distribuci\u00f3n ARC"},"image":{"@id":"https:\/\/distribucionarc.com\/ro\/#\/schema\/logo\/image\/"},"description":"\u012emon\u0117 specializuojasi maisto ir farmacijos sektoriams skirt\u0173 pramonini\u0173 ma\u0161in\u0173 gamyboje ir platinime. M\u016bs\u0173 specializacija: M\u0117sos pjaustymo ma\u0161inos Table\u010di\u0173 gamyba Pramonin\u0117s transportavimo sistemos I\u0161pilstymo linijos Dozatoriai Ir dar daugiau... Si\u016blome novatori\u0161kus ir individualiems poreikiams pritaikytus sprendimus, kad optimizuotume j\u016bs\u0173 \u012fmon\u0117s gamybos procesus.","email":"Admistracion@distribucionarc.com","telephone":"+34 643496664","legalName":"ARC TECH SOLUTIONS","foundingDate":"2024-04-09","vatID":"B55480172","numberOfEmployees":{"@type":"QuantitativeValue","minValue":"1","maxValue":"10"}}]}},"_links":{"self":[{"href":"https:\/\/distribucionarc.com\/lt\/wp-json\/wp\/v2\/product\/722","targetHints":{"allow":["GET"]}}],"collection":[{"href":"https:\/\/distribucionarc.com\/lt\/wp-json\/wp\/v2\/product"}],"about":[{"href":"https:\/\/distribucionarc.com\/lt\/wp-json\/wp\/v2\/types\/product"}],"replies":[{"embeddable":true,"href":"https:\/\/distribucionarc.com\/lt\/wp-json\/wp\/v2\/comments?post=722"}],"version-history":[{"count":0,"href":"https:\/\/distribucionarc.com\/lt\/wp-json\/wp\/v2\/product\/722\/revisions"}],"wp:featuredmedia":[{"embeddable":true,"href":"https:\/\/distribucionarc.com\/lt\/wp-json\/wp\/v2\/media\/726"}],"wp:attachment":[{"href":"https:\/\/distribucionarc.com\/lt\/wp-json\/wp\/v2\/media?parent=722"}],"wp:term":[{"taxonomy":"product_brand","embeddable":true,"href":"https:\/\/distribucionarc.com\/lt\/wp-json\/wp\/v2\/product_brand?post=722"},{"taxonomy":"product_cat","embeddable":true,"href":"https:\/\/distribucionarc.com\/lt\/wp-json\/wp\/v2\/product_cat?post=722"},{"taxonomy":"product_tag","embeddable":true,"href":"https:\/\/distribucionarc.com\/lt\/wp-json\/wp\/v2\/product_tag?post=722"}],"curies":[{"name":"wp","href":"https:\/\/api.w.org\/{rel}","templated":true}]}}