{"id":776,"date":"2020-07-09T06:09:14","date_gmt":"2020-07-09T06:09:14","guid":{"rendered":"https:\/\/distribucionarc.com\/?post_type=product&#038;p=776"},"modified":"2024-09-04T20:44:41","modified_gmt":"2024-09-04T20:44:41","slug":"pakavimas-pakavimas-uzpildymas-maiselis-isdavimo-masina-milteliu-lesiu-ir-ankstiniu-augalu","status":"publish","type":"product","link":"https:\/\/distribucionarc.com\/lt\/producto\/empacadora-empaquetadora-llenadora-de-bolsas-dosificadora-para-polvo-lentejas-y-legumbres\/","title":{"rendered":"Pakavimo ma\u0161ina, pakavimo ma\u0161ina, mai\u0161eli\u0173 u\u017epildas, milteli\u0173, l\u0119\u0161i\u0173 ir ank\u0161tini\u0173 augal\u0173 dozavimo ma\u0161ina"},"content":{"rendered":"<h3 class=\"LC20lb DKV0Md\">Pakavimo ma\u0161ina, pakavimo ma\u0161ina, pakavimo ma\u0161ina, mai\u0161eli\u0173 u\u017epildas, milteli\u0173, l\u0119\u0161i\u0173 ir ank\u0161tini\u0173 augal\u0173 dozavimo ma\u0161ina<\/h3>\n<p>&nbsp;<\/p>\n<p>Pakavimo ma\u0161ina 10g\u27965000g<\/p>\n<p>Su m\u016bs\u0173 pakavimo aparatu galite gauti iki 5000 mai\u0161eli\u0173 per dien\u0105. \u0160is aparatas puikiai tinka i\u0161pilstyti neluptus \u017eem\u0117s rie\u0161utus produktas.<\/p>\n<p>Pakavimo sistema yra paprasta, tai yra vibracin\u0117 sistema, ji u\u017ededa ant vir\u0161aus kuri geriausiai tinka j\u016bs\u0173 produktui. bunkeris, kurio viduje yra vibratorius, kad produktas nukrist\u0173 \u012f kit\u0105 bunker\u012f, kuris svers produkt\u0105, kol pasieks operatoriaus nustatyt\u0105 u\u017epildymo \u017eenkl\u0105, jis sustos ir atidarys vartelius, kad dozuot\u0173 j\u012f \u012f mai\u0161el\u012f<\/p>\n<p>304 ner\u016bdijan\u010dio plieno apdaila<\/p>\n<p>M\u016bs\u0173 pakavimo ma\u0161ina suprojektuota pagal modulius, jei ji sugenda, tur\u0117site pakeisti tik modul\u012f, mes turime 2 met\u0173 garantij\u0105, m\u016bs\u0173 ma\u0161inos praeina grie\u017et\u0105 kokyb\u0117s kontrol\u0119<\/p>\n<p>Specifikacijos:<br \/>\nTipas: MG-5000g milteli\u0173 pildymo ma\u0161ina su i\u0161maniuoju skydeliu<br \/>\nDarbin\u0117 \u012ftampa: tik 220 V<br \/>\nGalia: 250W<br \/>\nGreitis: nuo 10 iki 15 mai\u0161eli\u0173 per minut\u0119<br \/>\nDiapazonas: 10 \u2796 5000 g (galima laisvai reguliuoti)<br \/>\nDydis: (30 \u2716\ufe0f 50 \u2716\ufe0f 125 cm) 11,8&quot; \u2716\ufe0f 19,68&quot; \u2716\ufe0f 48&quot;<br \/>\nTikslumas: +2-2g (priklauso nuo med\u017eiagos, kuri\u0105 pildote)<\/p>\n<p>Ma\u0161inos med\u017eiaga: ner\u016bdijantis plienas<br \/>\nGrynasis svoris: 26 kg<br \/>\nPakuot\u0117s svoris: 38Kg (standartin\u0117 medin\u0117 d\u0117\u017eut\u0117)<br \/>\nKokyb\u0117s garantija: 2 metai<\/p>\n<p>CE sertifikatas<\/p>\n<p>\u010cia paliekame vaizdo \u012fra\u0161\u0105 apie veikian\u010di\u0105 ma\u0161in\u0105<\/p>\n<p><iframe loading=\"lazy\" src=\"https:\/\/www.youtube.com\/embed\/G3fXjF5u1L4\" width=\"560\" height=\"315\" frameborder=\"0\" allowfullscreen=\"allowfullscreen\"><\/iframe><\/p>","protected":false},"excerpt":{"rendered":"<h2><strong>Mai\u0161eli\u0173 u\u017epildymo, pakavimo, pakavimo ir i\u0161davimo ma\u0161ina<\/strong><\/h2>\n<p>M\u016bs\u0173 <strong>pildymo ma\u0161ina<\/strong> Tai universalus ir efektyvus sprendimas, idealiai tinkantis \u012fmon\u0117ms, kurioms reikia supakuoti \u012fvairius gaminius \u012f mai\u0161elius. Taip pat \u017einomas kaip <strong>presas<\/strong>, <strong>pakavimas<\/strong>, arba <strong>dozatorius<\/strong>, \u0161i ma\u0161ina tinka daugeliui produkt\u0173, toki\u0173 kaip:<\/p>\n<ul>\n<li><strong>Ank\u0161tiniai augalai<\/strong>: Avin\u017eirniai, l\u0119\u0161iai, pupel\u0117s.<\/li>\n<li><strong>milteli\u0173 gaminiai<\/strong>: Miltai, cukrus arba kavos milteliai.<\/li>\n<li><strong>prieskoniai<\/strong>: pipirai, raudon\u0117liai, kmynai.<\/li>\n<li><strong>kavos pupel\u0117s<\/strong>: Kavos pupel\u0117s, skirtos skrudinti arba vartoti.<\/li>\n<\/ul>\n<p>Su u\u017epildymo talpa, kuri\u0105 galima reguliuoti tarp <strong>10 gram\u0173 (g)<\/strong> ir <strong>5000 gram\u0173 (g)<\/strong>, tai <strong>mai\u0161elio u\u017epildas<\/strong> leid\u017eia tiksliai, pagal kliento poreikius pritaikyti gamini\u0173 svor\u012f. Visas procesas valdomas per lengvai naudojam\u0105 valdymo pult\u0105, u\u017etikrinant\u012f skland\u0173 ir efektyv\u0173 veikim\u0105.<\/p>\n<p>Be to, \u0161is <strong>pakavimo ma\u0161ina<\/strong> Jo gamybos paj\u0117gumai yra iki <strong>800 mai\u0161\u0173 per valand\u0105<\/strong>, tod\u0117l tai puikus pasirinkimas \u012fmon\u0117ms, norin\u010dioms padidinti produktyvum\u0105 neprarandant pakuot\u0117s tikslumo.<\/p>\n<p>Idealiai tinka \u012fmon\u0117ms, kurios tvarko maisto produktus, m\u016bs\u0173 <strong>dozavimo ma\u0161ina<\/strong> U\u017etikrina tiksl\u0173 ir efektyv\u0173 u\u017epildym\u0105, kad b\u016bt\u0173 i\u0161laikyta produkto kokyb\u0117.<\/p>","protected":false},"featured_media":445,"comment_status":"open","ping_status":"closed","template":"","meta":{"wds_primary_product_brand":0,"wds_primary_product_cat":0},"product_brand":[],"product_cat":[22,21],"product_tag":[],"class_list":{"0":"post-776","1":"product","2":"type-product","3":"status-publish","4":"has-post-thumbnail","6":"product_cat-llenadora-de-bolsas-granos-y-polvo","7":"product_cat-maquinas-llenadoras","9":"first","10":"instock","11":"taxable","12":"shipping-taxable","13":"purchasable","14":"product-type-simple"},"yoast_head":"<!-- This site is optimized with the Yoast SEO Premium plugin v24.9 (Yoast SEO v26.1) - https:\/\/yoast.com\/wordpress\/plugins\/seo\/ -->\n<title>Empacadora, Empaquetadora, Llenadora de Bolsas, Dosificadora para polvo, Lentejas y Legumbres - distribuci\u00f3n ARC<\/title>\n<meta name=\"description\" content=\"M\u00e1quina de llenado, empacadora y dosificadora de bolsas, ajustable entre 10 g y 5000 g, ideal para legumbres, caf\u00e9 y especias. Capaz de producir hasta 800 bolsas por hora.\" \/>\n<meta name=\"robots\" content=\"index, follow, max-snippet:-1, max-image-preview:large, max-video-preview:-1\" \/>\n<link rel=\"canonical\" href=\"https:\/\/www.distribucionarc.com\/en\/producto\/empacadora-empaquetadora-llenadora-de-bolsas-dosificadora-para-polvo-lentejas-y-legumbres\/\" \/>\n<meta property=\"og:locale\" content=\"lt_LT\" \/>\n<meta property=\"og:type\" content=\"article\" \/>\n<meta property=\"og:title\" content=\"Empacadora, Empaquetadora, Llenadora de Bolsas, Dosificadora para polvo, Lentejas y Legumbres\" \/>\n<meta property=\"og:description\" content=\"M\u00e1quina de llenado, empacadora y dosificadora de bolsas, ajustable entre 10 g y 5000 g, ideal para legumbres, caf\u00e9 y especias. Capaz de producir hasta 800 bolsas por hora.\" \/>\n<meta property=\"og:url\" content=\"https:\/\/www.distribucionarc.com\/en\/producto\/empacadora-empaquetadora-llenadora-de-bolsas-dosificadora-para-polvo-lentejas-y-legumbres\/\" \/>\n<meta property=\"og:site_name\" content=\"distribuci\u00f3n ARC\" \/>\n<meta property=\"article:modified_time\" content=\"2024-09-04T20:44:41+00:00\" \/>\n<meta property=\"og:image\" content=\"https:\/\/www.distribucionarc.com\/wp-content\/uploads\/2020\/04\/llenadora_dosificadora_polvos_granos_automatica_0.jpg\" \/>\n\t<meta property=\"og:image:width\" content=\"800\" \/>\n\t<meta property=\"og:image:height\" content=\"800\" \/>\n\t<meta property=\"og:image:type\" content=\"image\/jpeg\" \/>\n<meta name=\"twitter:card\" content=\"summary_large_image\" \/>\n<meta name=\"twitter:label1\" content=\"Est. reading time\" \/>\n\t<meta name=\"twitter:data1\" content=\"2 minut\u0117s\" \/>\n<script type=\"application\/ld+json\" class=\"yoast-schema-graph\">{\"@context\":\"https:\/\/schema.org\",\"@graph\":[{\"@type\":\"WebPage\",\"@id\":\"https:\/\/www.distribucionarc.com\/en\/producto\/empacadora-empaquetadora-llenadora-de-bolsas-dosificadora-para-polvo-lentejas-y-legumbres\/\",\"url\":\"https:\/\/www.distribucionarc.com\/en\/producto\/empacadora-empaquetadora-llenadora-de-bolsas-dosificadora-para-polvo-lentejas-y-legumbres\/\",\"name\":\"Empacadora, Empaquetadora, Llenadora de Bolsas, Dosificadora para polvo, Lentejas y Legumbres - distribuci\u00f3n ARC\",\"isPartOf\":{\"@id\":\"https:\/\/www.distribucionarc.com\/sl\/#website\"},\"primaryImageOfPage\":{\"@id\":\"https:\/\/www.distribucionarc.com\/en\/producto\/empacadora-empaquetadora-llenadora-de-bolsas-dosificadora-para-polvo-lentejas-y-legumbres\/#primaryimage\"},\"image\":{\"@id\":\"https:\/\/www.distribucionarc.com\/en\/producto\/empacadora-empaquetadora-llenadora-de-bolsas-dosificadora-para-polvo-lentejas-y-legumbres\/#primaryimage\"},\"thumbnailUrl\":\"https:\/\/distribucionarc.com\/wp-content\/uploads\/2020\/04\/llenadora_dosificadora_polvos_granos_automatica_0.jpg\",\"datePublished\":\"2020-07-09T06:09:14+00:00\",\"dateModified\":\"2024-09-04T20:44:41+00:00\",\"description\":\"M\u00e1quina de llenado, empacadora y dosificadora de bolsas, ajustable entre 10 g y 5000 g, ideal para legumbres, caf\u00e9 y especias. Capaz de producir hasta 800 bolsas por hora.\",\"breadcrumb\":{\"@id\":\"https:\/\/www.distribucionarc.com\/en\/producto\/empacadora-empaquetadora-llenadora-de-bolsas-dosificadora-para-polvo-lentejas-y-legumbres\/#breadcrumb\"},\"inLanguage\":\"lt-LT\",\"potentialAction\":[{\"@type\":\"ReadAction\",\"target\":[\"https:\/\/www.distribucionarc.com\/en\/producto\/empacadora-empaquetadora-llenadora-de-bolsas-dosificadora-para-polvo-lentejas-y-legumbres\/\"]}]},{\"@type\":\"ImageObject\",\"inLanguage\":\"lt-LT\",\"@id\":\"https:\/\/www.distribucionarc.com\/en\/producto\/empacadora-empaquetadora-llenadora-de-bolsas-dosificadora-para-polvo-lentejas-y-legumbres\/#primaryimage\",\"url\":\"https:\/\/distribucionarc.com\/wp-content\/uploads\/2020\/04\/llenadora_dosificadora_polvos_granos_automatica_0.jpg\",\"contentUrl\":\"https:\/\/distribucionarc.com\/wp-content\/uploads\/2020\/04\/llenadora_dosificadora_polvos_granos_automatica_0.jpg\",\"width\":800,\"height\":800},{\"@type\":\"BreadcrumbList\",\"@id\":\"https:\/\/www.distribucionarc.com\/en\/producto\/empacadora-empaquetadora-llenadora-de-bolsas-dosificadora-para-polvo-lentejas-y-legumbres\/#breadcrumb\",\"itemListElement\":[{\"@type\":\"ListItem\",\"position\":1,\"name\":\"Portada\",\"item\":\"https:\/\/www.distribucionarc.com\/\"},{\"@type\":\"ListItem\",\"position\":2,\"name\":\"\u00dcr\u00fcnler\",\"item\":\"https:\/\/www.distribucionarc.com\/tr\/magaza\/\"},{\"@type\":\"ListItem\",\"position\":3,\"name\":\"Empacadora, Empaquetadora, Llenadora de Bolsas, Dosificadora para polvo, Lentejas y Legumbres\"}]},{\"@type\":\"WebSite\",\"@id\":\"https:\/\/www.distribucionarc.com\/sl\/#website\",\"url\":\"https:\/\/www.distribucionarc.com\/sl\/\",\"name\":\"distribuci\u00f3n ARC\",\"description\":\"Empresa especializada en la fabricaci\u00f3n y distribuci\u00f3n de maquinaria industrial, selladoras de latas, Maquinas de hacer pastillas, Maquinas de cortar carne...\",\"publisher\":{\"@id\":\"https:\/\/www.distribucionarc.com\/sl\/#organization\"},\"potentialAction\":[{\"@type\":\"SearchAction\",\"target\":{\"@type\":\"EntryPoint\",\"urlTemplate\":\"https:\/\/www.distribucionarc.com\/sl\/?s={search_term_string}\"},\"query-input\":{\"@type\":\"PropertyValueSpecification\",\"valueRequired\":true,\"valueName\":\"search_term_string\"}}],\"inLanguage\":\"lt-LT\"},{\"@type\":\"Organization\",\"@id\":\"https:\/\/www.distribucionarc.com\/sl\/#organization\",\"name\":\"Distribuci\u00f3n ARC\",\"url\":\"https:\/\/www.distribucionarc.com\/sl\/\",\"logo\":{\"@type\":\"ImageObject\",\"inLanguage\":\"lt-LT\",\"@id\":\"https:\/\/www.distribucionarc.com\/sl\/#\/schema\/logo\/image\/\",\"url\":\"https:\/\/distribucionarc.com\/wp-content\/uploads\/2024\/10\/distribucion-ARC-COLOR-SIN-FONDO-e1732295305345.png\",\"contentUrl\":\"https:\/\/distribucionarc.com\/wp-content\/uploads\/2024\/10\/distribucion-ARC-COLOR-SIN-FONDO-e1732295305345.png\",\"width\":1164,\"height\":558,\"caption\":\"Distribuci\u00f3n ARC\"},\"image\":{\"@id\":\"https:\/\/www.distribucionarc.com\/sl\/#\/schema\/logo\/image\/\"},\"description\":\"Empresa especializada en la fabricaci\u00f3n y distribuci\u00f3n de maquinaria industrial para los sectores alimentario y farmac\u00e9utico. Nos especializamos en: M\u00e1quinas de cortar carne Fabricaci\u00f3n de comprimidos Sistemas de transporte industrial L\u00edneas de embotellado Dosificadores Y mucho m\u00e1s... Ofrecemos soluciones innovadoras y personalizadas para optimizar los procesos productivos de tu empresa.\",\"email\":\"Admistracion@distribucionarc.com\",\"telephone\":\"+34 643496664\",\"legalName\":\"ARC TECH SOLUTIONS\",\"foundingDate\":\"2024-04-09\",\"vatID\":\"B55480172\",\"numberOfEmployees\":{\"@type\":\"QuantitativeValue\",\"minValue\":\"1\",\"maxValue\":\"10\"}}]}<\/script>\n<!-- \/ Yoast SEO Premium plugin. -->","yoast_head_json":{"title":"Pakavimo ma\u0161ina, pakavimo ma\u0161ina, mai\u0161eli\u0173 u\u017epildas, milteli\u0173, l\u0119\u0161i\u0173 ir ank\u0161tini\u0173 augal\u0173 dozavimo aparatas \u2013 ARC platinimas","description":"Mai\u0161eli\u0173 pildymo, pakavimo ir dozavimo aparatas, reguliuojamas nuo 10 g iki 5000 g, idealiai tinka ank\u0161tin\u0117ms dar\u017eov\u0117ms, kavai ir prieskoniams. Gali pagaminti iki 800 mai\u0161\u0173 per valand\u0105.","robots":{"index":"index","follow":"follow","max-snippet":"max-snippet:-1","max-image-preview":"max-image-preview:large","max-video-preview":"max-video-preview:-1"},"canonical":"https:\/\/www.distribucionarc.com\/en\/producto\/empacadora-empaquetadora-llenadora-de-bolsas-dosificadora-para-polvo-lentejas-y-legumbres\/","og_locale":"lt_LT","og_type":"article","og_title":"Empacadora, Empaquetadora, Llenadora de Bolsas, Dosificadora para polvo, Lentejas y Legumbres","og_description":"M\u00e1quina de llenado, empacadora y dosificadora de bolsas, ajustable entre 10 g y 5000 g, ideal para legumbres, caf\u00e9 y especias. Capaz de producir hasta 800 bolsas por hora.","og_url":"https:\/\/www.distribucionarc.com\/en\/producto\/empacadora-empaquetadora-llenadora-de-bolsas-dosificadora-para-polvo-lentejas-y-legumbres\/","og_site_name":"distribuci\u00f3n ARC","article_modified_time":"2024-09-04T20:44:41+00:00","og_image":[{"width":800,"height":800,"url":"https:\/\/www.distribucionarc.com\/wp-content\/uploads\/2020\/04\/llenadora_dosificadora_polvos_granos_automatica_0.jpg","type":"image\/jpeg"}],"twitter_card":"summary_large_image","twitter_misc":{"Est. reading time":"2 minut\u0117s"},"schema":{"@context":"https:\/\/schema.org","@graph":[{"@type":"WebPage","@id":"https:\/\/www.distribucionarc.com\/en\/producto\/empacadora-empaquetadora-llenadora-de-bolsas-dosificadora-para-polvo-lentejas-y-legumbres\/","url":"https:\/\/www.distribucionarc.com\/en\/producto\/empacadora-empaquetadora-llenadora-de-bolsas-dosificadora-para-polvo-lentejas-y-legumbres\/","name":"Pakavimo ma\u0161ina, pakavimo ma\u0161ina, mai\u0161eli\u0173 u\u017epildas, milteli\u0173, l\u0119\u0161i\u0173 ir ank\u0161tini\u0173 augal\u0173 dozavimo aparatas \u2013 ARC platinimas","isPartOf":{"@id":"https:\/\/www.distribucionarc.com\/sl\/#website"},"primaryImageOfPage":{"@id":"https:\/\/www.distribucionarc.com\/en\/producto\/empacadora-empaquetadora-llenadora-de-bolsas-dosificadora-para-polvo-lentejas-y-legumbres\/#primaryimage"},"image":{"@id":"https:\/\/www.distribucionarc.com\/en\/producto\/empacadora-empaquetadora-llenadora-de-bolsas-dosificadora-para-polvo-lentejas-y-legumbres\/#primaryimage"},"thumbnailUrl":"https:\/\/distribucionarc.com\/wp-content\/uploads\/2020\/04\/llenadora_dosificadora_polvos_granos_automatica_0.jpg","datePublished":"2020-07-09T06:09:14+00:00","dateModified":"2024-09-04T20:44:41+00:00","description":"Mai\u0161eli\u0173 pildymo, pakavimo ir dozavimo aparatas, reguliuojamas nuo 10 g iki 5000 g, idealiai tinka ank\u0161tin\u0117ms dar\u017eov\u0117ms, kavai ir prieskoniams. Gali pagaminti iki 800 mai\u0161\u0173 per valand\u0105.","breadcrumb":{"@id":"https:\/\/www.distribucionarc.com\/en\/producto\/empacadora-empaquetadora-llenadora-de-bolsas-dosificadora-para-polvo-lentejas-y-legumbres\/#breadcrumb"},"inLanguage":"lt-LT","potentialAction":[{"@type":"ReadAction","target":["https:\/\/www.distribucionarc.com\/en\/producto\/empacadora-empaquetadora-llenadora-de-bolsas-dosificadora-para-polvo-lentejas-y-legumbres\/"]}]},{"@type":"ImageObject","inLanguage":"lt-LT","@id":"https:\/\/www.distribucionarc.com\/en\/producto\/empacadora-empaquetadora-llenadora-de-bolsas-dosificadora-para-polvo-lentejas-y-legumbres\/#primaryimage","url":"https:\/\/distribucionarc.com\/wp-content\/uploads\/2020\/04\/llenadora_dosificadora_polvos_granos_automatica_0.jpg","contentUrl":"https:\/\/distribucionarc.com\/wp-content\/uploads\/2020\/04\/llenadora_dosificadora_polvos_granos_automatica_0.jpg","width":800,"height":800},{"@type":"BreadcrumbList","@id":"https:\/\/www.distribucionarc.com\/en\/producto\/empacadora-empaquetadora-llenadora-de-bolsas-dosificadora-para-polvo-lentejas-y-legumbres\/#breadcrumb","itemListElement":[{"@type":"ListItem","position":1,"name":"Portada","item":"https:\/\/www.distribucionarc.com\/"},{"@type":"ListItem","position":2,"name":"\u00dcr\u00fcnler","item":"https:\/\/www.distribucionarc.com\/tr\/magaza\/"},{"@type":"ListItem","position":3,"name":"Empacadora, Empaquetadora, Llenadora de Bolsas, Dosificadora para polvo, Lentejas y Legumbres"}]},{"@type":"WebSite","@id":"https:\/\/www.distribucionarc.com\/sl\/#website","url":"https:\/\/www.distribucionarc.com\/sl\/","name":"ARC paskirstymas","description":"\u012emon\u0117 specializuojasi pramonini\u0173 ma\u0161in\u0173, skardini\u0173 sandarinimo ma\u0161in\u0173, table\u010di\u0173 gamybos ma\u0161in\u0173, m\u0117sos pjaustymo ma\u0161in\u0173 gamyboje ir platinime...","publisher":{"@id":"https:\/\/www.distribucionarc.com\/sl\/#organization"},"potentialAction":[{"@type":"SearchAction","target":{"@type":"EntryPoint","urlTemplate":"https:\/\/www.distribucionarc.com\/sl\/?s={search_term_string}"},"query-input":{"@type":"PropertyValueSpecification","valueRequired":true,"valueName":"search_term_string"}}],"inLanguage":"lt-LT"},{"@type":"Organization","@id":"https:\/\/www.distribucionarc.com\/sl\/#organization","name":"ARC platinimas","url":"https:\/\/www.distribucionarc.com\/sl\/","logo":{"@type":"ImageObject","inLanguage":"lt-LT","@id":"https:\/\/www.distribucionarc.com\/sl\/#\/schema\/logo\/image\/","url":"https:\/\/distribucionarc.com\/wp-content\/uploads\/2024\/10\/distribucion-ARC-COLOR-SIN-FONDO-e1732295305345.png","contentUrl":"https:\/\/distribucionarc.com\/wp-content\/uploads\/2024\/10\/distribucion-ARC-COLOR-SIN-FONDO-e1732295305345.png","width":1164,"height":558,"caption":"Distribuci\u00f3n ARC"},"image":{"@id":"https:\/\/www.distribucionarc.com\/sl\/#\/schema\/logo\/image\/"},"description":"\u012emon\u0117 specializuojasi maisto ir farmacijos sektoriams skirt\u0173 pramonini\u0173 ma\u0161in\u0173 gamyboje ir platinime. M\u016bs\u0173 specializacija: M\u0117sos pjaustymo ma\u0161inos Table\u010di\u0173 gamyba Pramonin\u0117s transportavimo sistemos I\u0161pilstymo linijos Dozatoriai Ir dar daugiau... Si\u016blome novatori\u0161kus ir individualiems poreikiams pritaikytus sprendimus, kad optimizuotume j\u016bs\u0173 \u012fmon\u0117s gamybos procesus.","email":"Admistracion@distribucionarc.com","telephone":"+34 643496664","legalName":"ARC TECH SOLUTIONS","foundingDate":"2024-04-09","vatID":"B55480172","numberOfEmployees":{"@type":"QuantitativeValue","minValue":"1","maxValue":"10"}}]}},"_links":{"self":[{"href":"https:\/\/distribucionarc.com\/lt\/wp-json\/wp\/v2\/product\/776","targetHints":{"allow":["GET"]}}],"collection":[{"href":"https:\/\/distribucionarc.com\/lt\/wp-json\/wp\/v2\/product"}],"about":[{"href":"https:\/\/distribucionarc.com\/lt\/wp-json\/wp\/v2\/types\/product"}],"replies":[{"embeddable":true,"href":"https:\/\/distribucionarc.com\/lt\/wp-json\/wp\/v2\/comments?post=776"}],"version-history":[{"count":0,"href":"https:\/\/distribucionarc.com\/lt\/wp-json\/wp\/v2\/product\/776\/revisions"}],"wp:featuredmedia":[{"embeddable":true,"href":"https:\/\/distribucionarc.com\/lt\/wp-json\/wp\/v2\/media\/445"}],"wp:attachment":[{"href":"https:\/\/distribucionarc.com\/lt\/wp-json\/wp\/v2\/media?parent=776"}],"wp:term":[{"taxonomy":"product_brand","embeddable":true,"href":"https:\/\/distribucionarc.com\/lt\/wp-json\/wp\/v2\/product_brand?post=776"},{"taxonomy":"product_cat","embeddable":true,"href":"https:\/\/distribucionarc.com\/lt\/wp-json\/wp\/v2\/product_cat?post=776"},{"taxonomy":"product_tag","embeddable":true,"href":"https:\/\/distribucionarc.com\/lt\/wp-json\/wp\/v2\/product_tag?post=776"}],"curies":[{"name":"wp","href":"https:\/\/api.w.org\/{rel}","templated":true}]}}