{"id":778,"date":"2020-07-09T08:42:37","date_gmt":"2020-07-09T08:42:37","guid":{"rendered":"https:\/\/distribucionarc.com\/?post_type=product&#038;p=778"},"modified":"2024-09-04T21:20:40","modified_gmt":"2024-09-04T21:20:40","slug":"automatine-masina-gaminti-kroketus-ir-kotletus","status":"publish","type":"product","link":"https:\/\/distribucionarc.com\/lt\/producto\/maquina-automatica-para-hacer-croquetas-y-albondigas\/","title":{"rendered":"Automatinis kroket\u0173 ir kotlet\u0173 gaminimo aparatas"},"content":{"rendered":"<h2>Automatin\u0117 kroketo ir m\u0117sos kukuli\u0173 formavimo ma\u0161ina<\/h2>\n<p>&nbsp;<\/p>\n<p>The <b>kroket\u0173 gaminimo ma\u0161ina \/ m\u0117sos kukuli\u0173 gaminimo ma\u0161ina <\/b>Jis turi 5 formatus: 18 mm, 20 mm, 22 mm, 26 mm, 30 mm ir net t\u0105, kur\u012f norime mums tikti (ASK US), tod\u0117l galime geriau ir profesionaliau paruo\u0161ti kroketus, <b>kroket\u0173 gaminimo ma\u0161ina \/ kotlet\u0173 gaminimo ma\u0161ina <\/b>Tai labai lengva ir paprasta naudoti, nes tereikia \u012fd\u0117ti savo te\u0161l\u0105 (bet kokio tipo te\u0161l\u0105). Nesvarbu, ar tai ry\u017ei\u0173 te\u0161la, malta m\u0117sa ar s\u016brio te\u0161la. The<b> kroketo ma\u0161ina \/ naminis kotlet\u0173 gamintojas <\/b>turi <strong>304 plieno <\/strong>ner\u016bdijan\u010dio plieno sliek\u0173 sistema, kuri nustums te\u0161l\u0105 \u012f mikro bak\u0105, kuriame bus suformuotas kroketas, o ma\u0161ina bus atsakinga u\u017e <strong>kamuolys vyks toliau<\/strong> i\u0161stumti, kad susidaryt\u0173 kitas.<\/p>\n<p>&nbsp;<\/p>\n<p>&nbsp;<\/p>\n<p>D\u0117l m\u016bs\u0173 <b>kroket\u0173 gaminimo ma\u0161ina \/ pramonin\u0117 m\u0117sos kukuli\u0173 gaminimo ma\u0161ina<\/b><br \/>\nMes stebime gamyb\u0105, nes m\u016bs\u0173 ma\u0161inos turimas variklis yra apdirbamas tiksliai ir patikimai, kad b\u016bt\u0173 u\u017etikrintas ilgalaikis ir ilgalaikis darbas, kurio kokyb\u0117 ir didesnis \u012fmon\u0117s gaminamos formacijos sl\u0117gis.\u00a0<b>kroketo ma\u0161ina<\/b><\/p>\n<p>&nbsp;<\/p>\n<p>&nbsp;<\/p>\n<p><span style=\"color: #0000ff;\">\u0160i variklio sistema yra elektropoliruota, tikslumas yra tikslus.<\/span><\/p>\n<p><span style=\"color: #008000;\">ma\u017eos s\u0105naudos 1100 W visa tai d\u0117ka m\u016bs\u0173 ma\u017eai naudojan\u010di\u0173 mikrokompiuteri\u0173 ir labai energij\u0105 taupan\u010dio variklio<\/span> (ma\u0161ina su tokiomis pat charakteristikomis gali sunaudoti 2000w)<\/p>\n<p><iframe loading=\"lazy\" src=\"https:\/\/www.youtube.com\/embed\/pthRSwjbO7M\" width=\"560\" height=\"315\" frameborder=\"0\" allowfullscreen=\"allowfullscreen\"><\/iframe><\/p>\n<table role=\"presentation\" width=\"100%\" cellspacing=\"0\" cellpadding=\"0\">\n<tbody>\n<tr>\n<td class=\"attrLabels\">Ilgis:<\/td>\n<td width=\"50.0%\">70 cm<\/td>\n<\/tr>\n<tr>\n<td class=\"attrLabels\">Platinimo \u0161alis:<\/td>\n<td width=\"50.0%\">Ispanija, Vokietija, JAV<\/td>\n<td class=\"attrLabels\">Svoris:<\/td>\n<td width=\"50.0%\">93,9 kg<\/td>\n<\/tr>\n<tr>\n<td class=\"attrLabels\">Prekinis \u017eenklas:<\/td>\n<td width=\"50.0%\"><span style=\"color: #ff0000;\">KAM<\/span><span style=\"color: #0000ff;\">R<\/span>c<\/td>\n<td class=\"attrLabels\">Auk\u0161tis:<\/td>\n<td width=\"50.0%\">123 cm<\/td>\n<\/tr>\n<tr>\n<td class=\"attrLabels\">Spalva:<\/td>\n<td width=\"50.0%\">Sidabras<\/td>\n<td class=\"attrLabels\">Greitis:<\/td>\n<td width=\"50.0%\">Maks.270 vnt.\/min.<\/td>\n<\/tr>\n<tr>\n<td class=\"attrLabels\">Produkto tipas:<\/td>\n<td width=\"50.0%\">M\u0117sos kukuli\u0173 ir kroket\u0173 gaminimo aparatas<\/td>\n<td class=\"attrLabels\">Liejimo dydis:<\/td>\n<td width=\"50.0%\">18\/20\/22\/26\/30 mm<\/td>\n<\/tr>\n<tr>\n<td class=\"attrLabels\">Gamintojo numeris:<\/td>\n<td width=\"50.0%\"><span style=\"color: #ff0000;\">KAM<\/span><span style=\"color: #0000ff;\">R<\/span>CFAV2<\/td>\n<td class=\"attrLabels\">Gamybos matmenys:<\/td>\n<td width=\"50.0%\">70 x 40 x 123 cm<\/td>\n<\/tr>\n<tr>\n<td class=\"attrLabels\">Med\u017eiaga:<\/td>\n<td width=\"50.0%\">ner\u016bdijan\u010dio plieno<\/td>\n<td class=\"attrLabels\">Pakuot\u0117s svoris:<\/td>\n<td width=\"50.0%\">Apytiksliai 93,9 kg<\/td>\n<\/tr>\n<tr>\n<td class=\"attrLabels\">Plotis:<\/td>\n<td width=\"50.0%\">40 cm<\/td>\n<td class=\"attrLabels\">Formos modeliai:<\/td>\n<td width=\"50.0%\">5 vnt<\/td>\n<\/tr>\n<tr>\n<td class=\"attrLabels\">Montavimo \u012frankiai:<\/td>\n<td width=\"50.0%\">Taip<\/td>\n<td class=\"attrLabels\">Garantija:<\/td>\n<td width=\"50.0%\"><span style=\"color: #ff0000;\">KAM<\/span><span style=\"color: #0000ff;\">R<\/span>C 1 METAI<\/td>\n<\/tr>\n<\/tbody>\n<\/table>","protected":false},"excerpt":{"rendered":"<h2><strong>Automatinis kroket\u0173 ir kotlet\u0173 gaminimo aparatas \u2013 Profesionalus ir Pramoninis<\/strong><\/h2>\n<p>M\u016bs\u0173 <strong>automatin\u0117 ma\u0161ina kroketams ir kotle\u010diams gaminti<\/strong> yra idealus sprendimas \u012fmon\u0117ms, kurioms reikia gaminti didelius kiekius <strong>kroketai<\/strong> ir <strong>m\u0117sos kukuliai<\/strong> greitai ir efektyviai. Sukurta tiek naudojimui <strong>profesionalus<\/strong> kaip <strong>pramoninis<\/strong>, \u0161is aparatas gali apdoroti \u012fvairi\u0173 r\u016b\u0161i\u0173 te\u0161l\u0105, nesvarbu, ar m\u0117s\u0105, skirt\u0105 kotletams, ar specifin\u0119 te\u0161l\u0105 rutuliniams kroketams.<\/p>\n<p>Su paj\u0117gumu gaminti iki <strong>270 kamuoli\u0173 per minut\u0119<\/strong>, tai <strong>kroketo ma\u0161ina<\/strong> Puikiai tinka tokiems sektoriams kaip:<\/p>\n<ul>\n<li><strong>Restoranai<\/strong>: Pagreitina \u0161vie\u017ei\u0173 kroket\u0173 ir m\u0117sos kukuli\u0173 gamyb\u0105.<\/li>\n<li><strong>Paruo\u0161to maisto gamyklos<\/strong>: Idealiai tinka didelio kiekio maisto gamybos linijoms.<\/li>\n<li><strong>Maitinimas ir renginiai<\/strong>: palengvina masin\u0119 m\u0117sos kukuli\u0173 ir kroket\u0173 gamyb\u0105 dideliems renginiams.<\/li>\n<\/ul>\n<p>Ma\u0161ina komplektuojama su <strong>5 standartiniai skersmenys<\/strong>: <strong>18 milimetr\u0173 (mm)<\/strong>, <strong>20 mm<\/strong>, <strong>22 mm<\/strong>, <strong>26 mm<\/strong> ir <strong>30 mm<\/strong> (trisde\u0161imt milimetr\u0173). Jei reikia didesnio dyd\u017eio rutuliuk\u0173, ma\u0161in\u0105 galima pritaikyti gaminti rutulius iki <strong>60 milimetr\u0173 (mm)<\/strong>, tod\u0117l itin universalus \u012fvairiems produktams.<\/p>\n<p>Tarp produkt\u0173, kuriuos galima pagaminti naudojant \u0161\u012f <strong>m\u0117sos kukuli\u0173 ma\u0161ina<\/strong> ir <strong>kroketo ma\u0161ina<\/strong> \u012ftraukta:<\/p>\n<ul>\n<li><strong>m\u0117sos kukuliai<\/strong>: Puikiai tinka naminio maisto restoranams ar maisto gamykloms.<\/li>\n<li><strong>Kumpio, vi\u0161tienos ar menk\u0117s kroketai<\/strong>: Idealiai tinka tap\u0173 restoranams ir tradicinei virtuvei.<\/li>\n<li><strong>S\u016brio arba bulvi\u0173 rutuliukai<\/strong>: Puikus pasirinkimas maitinimui ir gurmani\u0161kiems u\u017ekand\u017eiams.<\/li>\n<\/ul>\n<p>Jei ie\u0161kote a <strong>pramonin\u0117 kroketo ma\u0161ina<\/strong> arba vienas <strong>profesionalus kotlet\u0173 aparatas<\/strong>, \u0161i parinktis si\u016blo \u012fsp\u016bding\u0105 paj\u0117gum\u0105 ir lankstum\u0105, kad b\u016bt\u0173 galima prisitaikyti prie konkre\u010di\u0173 j\u016bs\u0173 poreiki\u0173.<\/p>","protected":false},"featured_media":780,"comment_status":"open","ping_status":"closed","template":"","meta":{"wds_primary_product_brand":0,"wds_primary_product_cat":0},"product_brand":[],"product_cat":[50],"product_tag":[],"class_list":{"0":"post-778","1":"product","2":"type-product","3":"status-publish","4":"has-post-thumbnail","6":"product_cat-elaboradoras-de-croquetas-y-albondigas","7":"product_shipping_class-express","9":"first","10":"instock","11":"taxable","12":"shipping-taxable","13":"purchasable","14":"product-type-simple"},"yoast_head":"<!-- This site is optimized with the Yoast SEO Premium plugin v24.9 (Yoast SEO v26.1) - https:\/\/yoast.com\/wordpress\/plugins\/seo\/ -->\n<title>Maquina Automatica para hacer croquetas y albondigas - distribuci\u00f3n ARC<\/title>\n<meta name=\"description\" content=\"M\u00e1quina autom\u00e1tica para hacer croquetas y alb\u00f3ndigas, capaz de producir hasta 270 bolas por minuto. Disponible en di\u00e1metros de 18 mm a 60 mm. Ideal para uso profesional e industrial.\" \/>\n<meta name=\"robots\" content=\"index, follow, max-snippet:-1, max-image-preview:large, max-video-preview:-1\" \/>\n<link rel=\"canonical\" href=\"https:\/\/www.distribucionarc.com\/sk\/producto\/maquina-automatica-para-hacer-croquetas-y-albondigas\/\" \/>\n<meta property=\"og:locale\" content=\"lt_LT\" \/>\n<meta property=\"og:type\" content=\"article\" \/>\n<meta property=\"og:title\" content=\"Maquina Automatica para hacer croquetas y albondigas\" \/>\n<meta property=\"og:description\" content=\"M\u00e1quina autom\u00e1tica para hacer croquetas y alb\u00f3ndigas, capaz de producir hasta 270 bolas por minuto. Disponible en di\u00e1metros de 18 mm a 60 mm. Ideal para uso profesional e industrial.\" \/>\n<meta property=\"og:url\" content=\"https:\/\/www.distribucionarc.com\/sk\/producto\/maquina-automatica-para-hacer-croquetas-y-albondigas\/\" \/>\n<meta property=\"og:site_name\" content=\"distribuci\u00f3n ARC\" \/>\n<meta property=\"article:modified_time\" content=\"2024-09-04T21:20:40+00:00\" \/>\n<meta property=\"og:image\" content=\"https:\/\/www.distribucionarc.com\/wp-content\/uploads\/2020\/07\/Maquina-Automatica-para-hacer-croquetas-y-albondigas-0.jpg\" \/>\n\t<meta property=\"og:image:width\" content=\"1600\" \/>\n\t<meta property=\"og:image:height\" content=\"1600\" \/>\n\t<meta property=\"og:image:type\" content=\"image\/jpeg\" \/>\n<meta name=\"twitter:card\" content=\"summary_large_image\" \/>\n<meta name=\"twitter:label1\" content=\"Est. reading time\" \/>\n\t<meta name=\"twitter:data1\" content=\"2 minut\u0117s\" \/>\n<script type=\"application\/ld+json\" class=\"yoast-schema-graph\">{\"@context\":\"https:\/\/schema.org\",\"@graph\":[{\"@type\":\"WebPage\",\"@id\":\"https:\/\/www.distribucionarc.com\/sk\/producto\/maquina-automatica-para-hacer-croquetas-y-albondigas\/\",\"url\":\"https:\/\/www.distribucionarc.com\/sk\/producto\/maquina-automatica-para-hacer-croquetas-y-albondigas\/\",\"name\":\"Maquina Automatica para hacer croquetas y albondigas - distribuci\u00f3n ARC\",\"isPartOf\":{\"@id\":\"https:\/\/www.distribucionarc.com\/sl\/#website\"},\"primaryImageOfPage\":{\"@id\":\"https:\/\/www.distribucionarc.com\/sk\/producto\/maquina-automatica-para-hacer-croquetas-y-albondigas\/#primaryimage\"},\"image\":{\"@id\":\"https:\/\/www.distribucionarc.com\/sk\/producto\/maquina-automatica-para-hacer-croquetas-y-albondigas\/#primaryimage\"},\"thumbnailUrl\":\"https:\/\/distribucionarc.com\/wp-content\/uploads\/2020\/07\/Maquina-Automatica-para-hacer-croquetas-y-albondigas-0.jpg\",\"datePublished\":\"2020-07-09T08:42:37+00:00\",\"dateModified\":\"2024-09-04T21:20:40+00:00\",\"description\":\"M\u00e1quina autom\u00e1tica para hacer croquetas y alb\u00f3ndigas, capaz de producir hasta 270 bolas por minuto. Disponible en di\u00e1metros de 18 mm a 60 mm. Ideal para uso profesional e industrial.\",\"breadcrumb\":{\"@id\":\"https:\/\/www.distribucionarc.com\/sk\/producto\/maquina-automatica-para-hacer-croquetas-y-albondigas\/#breadcrumb\"},\"inLanguage\":\"lt-LT\",\"potentialAction\":[{\"@type\":\"ReadAction\",\"target\":[\"https:\/\/www.distribucionarc.com\/sk\/producto\/maquina-automatica-para-hacer-croquetas-y-albondigas\/\"]}]},{\"@type\":\"ImageObject\",\"inLanguage\":\"lt-LT\",\"@id\":\"https:\/\/www.distribucionarc.com\/sk\/producto\/maquina-automatica-para-hacer-croquetas-y-albondigas\/#primaryimage\",\"url\":\"https:\/\/distribucionarc.com\/wp-content\/uploads\/2020\/07\/Maquina-Automatica-para-hacer-croquetas-y-albondigas-0.jpg\",\"contentUrl\":\"https:\/\/distribucionarc.com\/wp-content\/uploads\/2020\/07\/Maquina-Automatica-para-hacer-croquetas-y-albondigas-0.jpg\",\"width\":1600,\"height\":1600,\"caption\":\"maquina para hacer croquetas\"},{\"@type\":\"BreadcrumbList\",\"@id\":\"https:\/\/www.distribucionarc.com\/sk\/producto\/maquina-automatica-para-hacer-croquetas-y-albondigas\/#breadcrumb\",\"itemListElement\":[{\"@type\":\"ListItem\",\"position\":1,\"name\":\"Portada\",\"item\":\"https:\/\/www.distribucionarc.com\/\"},{\"@type\":\"ListItem\",\"position\":2,\"name\":\"\u00dcr\u00fcnler\",\"item\":\"https:\/\/www.distribucionarc.com\/tr\/magaza\/\"},{\"@type\":\"ListItem\",\"position\":3,\"name\":\"Maquina Automatica para hacer croquetas y albondigas\"}]},{\"@type\":\"WebSite\",\"@id\":\"https:\/\/www.distribucionarc.com\/sl\/#website\",\"url\":\"https:\/\/www.distribucionarc.com\/sl\/\",\"name\":\"distribuci\u00f3n ARC\",\"description\":\"Empresa especializada en la fabricaci\u00f3n y distribuci\u00f3n de maquinaria industrial, selladoras de latas, Maquinas de hacer pastillas, Maquinas de cortar carne...\",\"publisher\":{\"@id\":\"https:\/\/www.distribucionarc.com\/sl\/#organization\"},\"potentialAction\":[{\"@type\":\"SearchAction\",\"target\":{\"@type\":\"EntryPoint\",\"urlTemplate\":\"https:\/\/www.distribucionarc.com\/sl\/?s={search_term_string}\"},\"query-input\":{\"@type\":\"PropertyValueSpecification\",\"valueRequired\":true,\"valueName\":\"search_term_string\"}}],\"inLanguage\":\"lt-LT\"},{\"@type\":\"Organization\",\"@id\":\"https:\/\/www.distribucionarc.com\/sl\/#organization\",\"name\":\"Distribuci\u00f3n ARC\",\"url\":\"https:\/\/www.distribucionarc.com\/sl\/\",\"logo\":{\"@type\":\"ImageObject\",\"inLanguage\":\"lt-LT\",\"@id\":\"https:\/\/www.distribucionarc.com\/sl\/#\/schema\/logo\/image\/\",\"url\":\"https:\/\/distribucionarc.com\/wp-content\/uploads\/2024\/10\/distribucion-ARC-COLOR-SIN-FONDO-e1732295305345.png\",\"contentUrl\":\"https:\/\/distribucionarc.com\/wp-content\/uploads\/2024\/10\/distribucion-ARC-COLOR-SIN-FONDO-e1732295305345.png\",\"width\":1164,\"height\":558,\"caption\":\"Distribuci\u00f3n ARC\"},\"image\":{\"@id\":\"https:\/\/www.distribucionarc.com\/sl\/#\/schema\/logo\/image\/\"},\"description\":\"Empresa especializada en la fabricaci\u00f3n y distribuci\u00f3n de maquinaria industrial para los sectores alimentario y farmac\u00e9utico. Nos especializamos en: M\u00e1quinas de cortar carne Fabricaci\u00f3n de comprimidos Sistemas de transporte industrial L\u00edneas de embotellado Dosificadores Y mucho m\u00e1s... Ofrecemos soluciones innovadoras y personalizadas para optimizar los procesos productivos de tu empresa.\",\"email\":\"Admistracion@distribucionarc.com\",\"telephone\":\"+34 643496664\",\"legalName\":\"ARC TECH SOLUTIONS\",\"foundingDate\":\"2024-04-09\",\"vatID\":\"B55480172\",\"numberOfEmployees\":{\"@type\":\"QuantitativeValue\",\"minValue\":\"1\",\"maxValue\":\"10\"}}]}<\/script>\n<!-- \/ Yoast SEO Premium plugin. -->","yoast_head_json":{"title":"Automatin\u0117 kroket\u0173 ir kotlet\u0173 gamybos ma\u0161ina \u2013 ARC platinimas","description":"Automatinis kroket\u0173 ir m\u0117sos kukuli\u0173 gaminimo aparatas, galintis pagaminti iki 270 rutuliuk\u0173 per minut\u0119. Galimi nuo 18 mm iki 60 mm skersmens. Idealiai tinka profesionaliam ir pramoniniam naudojimui.","robots":{"index":"index","follow":"follow","max-snippet":"max-snippet:-1","max-image-preview":"max-image-preview:large","max-video-preview":"max-video-preview:-1"},"canonical":"https:\/\/www.distribucionarc.com\/sk\/producto\/maquina-automatica-para-hacer-croquetas-y-albondigas\/","og_locale":"lt_LT","og_type":"article","og_title":"Maquina Automatica para hacer croquetas y albondigas","og_description":"M\u00e1quina autom\u00e1tica para hacer croquetas y alb\u00f3ndigas, capaz de producir hasta 270 bolas por minuto. Disponible en di\u00e1metros de 18 mm a 60 mm. Ideal para uso profesional e industrial.","og_url":"https:\/\/www.distribucionarc.com\/sk\/producto\/maquina-automatica-para-hacer-croquetas-y-albondigas\/","og_site_name":"distribuci\u00f3n ARC","article_modified_time":"2024-09-04T21:20:40+00:00","og_image":[{"width":1600,"height":1600,"url":"https:\/\/www.distribucionarc.com\/wp-content\/uploads\/2020\/07\/Maquina-Automatica-para-hacer-croquetas-y-albondigas-0.jpg","type":"image\/jpeg"}],"twitter_card":"summary_large_image","twitter_misc":{"Est. reading time":"2 minut\u0117s"},"schema":{"@context":"https:\/\/schema.org","@graph":[{"@type":"WebPage","@id":"https:\/\/www.distribucionarc.com\/sk\/producto\/maquina-automatica-para-hacer-croquetas-y-albondigas\/","url":"https:\/\/www.distribucionarc.com\/sk\/producto\/maquina-automatica-para-hacer-croquetas-y-albondigas\/","name":"Automatin\u0117 kroket\u0173 ir kotlet\u0173 gamybos ma\u0161ina \u2013 ARC platinimas","isPartOf":{"@id":"https:\/\/www.distribucionarc.com\/sl\/#website"},"primaryImageOfPage":{"@id":"https:\/\/www.distribucionarc.com\/sk\/producto\/maquina-automatica-para-hacer-croquetas-y-albondigas\/#primaryimage"},"image":{"@id":"https:\/\/www.distribucionarc.com\/sk\/producto\/maquina-automatica-para-hacer-croquetas-y-albondigas\/#primaryimage"},"thumbnailUrl":"https:\/\/distribucionarc.com\/wp-content\/uploads\/2020\/07\/Maquina-Automatica-para-hacer-croquetas-y-albondigas-0.jpg","datePublished":"2020-07-09T08:42:37+00:00","dateModified":"2024-09-04T21:20:40+00:00","description":"Automatinis kroket\u0173 ir m\u0117sos kukuli\u0173 gaminimo aparatas, galintis pagaminti iki 270 rutuliuk\u0173 per minut\u0119. Galimi nuo 18 mm iki 60 mm skersmens. Idealiai tinka profesionaliam ir pramoniniam naudojimui.","breadcrumb":{"@id":"https:\/\/www.distribucionarc.com\/sk\/producto\/maquina-automatica-para-hacer-croquetas-y-albondigas\/#breadcrumb"},"inLanguage":"lt-LT","potentialAction":[{"@type":"ReadAction","target":["https:\/\/www.distribucionarc.com\/sk\/producto\/maquina-automatica-para-hacer-croquetas-y-albondigas\/"]}]},{"@type":"ImageObject","inLanguage":"lt-LT","@id":"https:\/\/www.distribucionarc.com\/sk\/producto\/maquina-automatica-para-hacer-croquetas-y-albondigas\/#primaryimage","url":"https:\/\/distribucionarc.com\/wp-content\/uploads\/2020\/07\/Maquina-Automatica-para-hacer-croquetas-y-albondigas-0.jpg","contentUrl":"https:\/\/distribucionarc.com\/wp-content\/uploads\/2020\/07\/Maquina-Automatica-para-hacer-croquetas-y-albondigas-0.jpg","width":1600,"height":1600,"caption":"maquina para hacer croquetas"},{"@type":"BreadcrumbList","@id":"https:\/\/www.distribucionarc.com\/sk\/producto\/maquina-automatica-para-hacer-croquetas-y-albondigas\/#breadcrumb","itemListElement":[{"@type":"ListItem","position":1,"name":"Portada","item":"https:\/\/www.distribucionarc.com\/"},{"@type":"ListItem","position":2,"name":"\u00dcr\u00fcnler","item":"https:\/\/www.distribucionarc.com\/tr\/magaza\/"},{"@type":"ListItem","position":3,"name":"Maquina Automatica para hacer croquetas y albondigas"}]},{"@type":"WebSite","@id":"https:\/\/www.distribucionarc.com\/sl\/#website","url":"https:\/\/www.distribucionarc.com\/sl\/","name":"ARC paskirstymas","description":"\u012emon\u0117 specializuojasi pramonini\u0173 ma\u0161in\u0173, skardini\u0173 sandarinimo ma\u0161in\u0173, table\u010di\u0173 gamybos ma\u0161in\u0173, m\u0117sos pjaustymo ma\u0161in\u0173 gamyboje ir platinime...","publisher":{"@id":"https:\/\/www.distribucionarc.com\/sl\/#organization"},"potentialAction":[{"@type":"SearchAction","target":{"@type":"EntryPoint","urlTemplate":"https:\/\/www.distribucionarc.com\/sl\/?s={search_term_string}"},"query-input":{"@type":"PropertyValueSpecification","valueRequired":true,"valueName":"search_term_string"}}],"inLanguage":"lt-LT"},{"@type":"Organization","@id":"https:\/\/www.distribucionarc.com\/sl\/#organization","name":"ARC platinimas","url":"https:\/\/www.distribucionarc.com\/sl\/","logo":{"@type":"ImageObject","inLanguage":"lt-LT","@id":"https:\/\/www.distribucionarc.com\/sl\/#\/schema\/logo\/image\/","url":"https:\/\/distribucionarc.com\/wp-content\/uploads\/2024\/10\/distribucion-ARC-COLOR-SIN-FONDO-e1732295305345.png","contentUrl":"https:\/\/distribucionarc.com\/wp-content\/uploads\/2024\/10\/distribucion-ARC-COLOR-SIN-FONDO-e1732295305345.png","width":1164,"height":558,"caption":"Distribuci\u00f3n ARC"},"image":{"@id":"https:\/\/www.distribucionarc.com\/sl\/#\/schema\/logo\/image\/"},"description":"\u012emon\u0117 specializuojasi maisto ir farmacijos sektoriams skirt\u0173 pramonini\u0173 ma\u0161in\u0173 gamyboje ir platinime. M\u016bs\u0173 specializacija: M\u0117sos pjaustymo ma\u0161inos Table\u010di\u0173 gamyba Pramonin\u0117s transportavimo sistemos I\u0161pilstymo linijos Dozatoriai Ir dar daugiau... Si\u016blome novatori\u0161kus ir individualiems poreikiams pritaikytus sprendimus, kad optimizuotume j\u016bs\u0173 \u012fmon\u0117s gamybos procesus.","email":"Admistracion@distribucionarc.com","telephone":"+34 643496664","legalName":"ARC TECH SOLUTIONS","foundingDate":"2024-04-09","vatID":"B55480172","numberOfEmployees":{"@type":"QuantitativeValue","minValue":"1","maxValue":"10"}}]}},"_links":{"self":[{"href":"https:\/\/distribucionarc.com\/lt\/wp-json\/wp\/v2\/product\/778","targetHints":{"allow":["GET"]}}],"collection":[{"href":"https:\/\/distribucionarc.com\/lt\/wp-json\/wp\/v2\/product"}],"about":[{"href":"https:\/\/distribucionarc.com\/lt\/wp-json\/wp\/v2\/types\/product"}],"replies":[{"embeddable":true,"href":"https:\/\/distribucionarc.com\/lt\/wp-json\/wp\/v2\/comments?post=778"}],"version-history":[{"count":0,"href":"https:\/\/distribucionarc.com\/lt\/wp-json\/wp\/v2\/product\/778\/revisions"}],"wp:featuredmedia":[{"embeddable":true,"href":"https:\/\/distribucionarc.com\/lt\/wp-json\/wp\/v2\/media\/780"}],"wp:attachment":[{"href":"https:\/\/distribucionarc.com\/lt\/wp-json\/wp\/v2\/media?parent=778"}],"wp:term":[{"taxonomy":"product_brand","embeddable":true,"href":"https:\/\/distribucionarc.com\/lt\/wp-json\/wp\/v2\/product_brand?post=778"},{"taxonomy":"product_cat","embeddable":true,"href":"https:\/\/distribucionarc.com\/lt\/wp-json\/wp\/v2\/product_cat?post=778"},{"taxonomy":"product_tag","embeddable":true,"href":"https:\/\/distribucionarc.com\/lt\/wp-json\/wp\/v2\/product_tag?post=778"}],"curies":[{"name":"wp","href":"https:\/\/api.w.org\/{rel}","templated":true}]}}