{"id":8202,"date":"2024-10-28T13:48:47","date_gmt":"2024-10-28T13:48:47","guid":{"rendered":"https:\/\/distribucionarc.com\/?post_type=product&#038;p=8202"},"modified":"2024-10-28T22:48:35","modified_gmt":"2024-10-28T22:48:35","slug":"linijinis-automatinis-skardiniu-sandariklis-anr09","status":"publish","type":"product","link":"https:\/\/distribucionarc.com\/lt\/producto\/selladora-de-latas-automatica-lineal-anr09\/","title":{"rendered":"ANR09 linijinis automatinis skardini\u0173 sandariklis"},"content":{"rendered":"<p>The <strong>linijin\u0117s skardin\u0117s sandarinimo ma\u0161inos modelis ANR09<\/strong> yra pa\u017eangi pramonin\u0117 \u012franga, skirta hermeti\u0161kam ir automatiniam skardini\u0173 sandarinimui, daugiausia naudojama maisto, g\u0117rim\u0173 ir chemijos sektoriuose. Pagrindinis jo prana\u0161umas yra galimyb\u0117 prisitaikyti prie skirting\u0173 dyd\u017ei\u0173 skardini\u0173 ir tiksli sandarinimo sistema, tod\u0117l tai yra pagrindinis \u012frankis masin\u0117je konservuot\u0173 produkt\u0173 gamyboje.<\/p>\n<p>Pagrindin\u0117 funkcija <strong>ANR09 ma\u0161ina<\/strong> yra sandariai u\u017edaryti skardines, apsaugant turin\u012f nuo s\u0105ly\u010dio su oru ir kitais i\u0161oriniais ter\u0161alais. Pagal skardini\u0173 dyd\u012f \u012frengiama atitinkama forma. Skardin\u0117s dedamos ant 3 metr\u0173 juostos, kuri jas transportuoja \u012f sandarinimo viet\u0105. Su jutikliu, kuris sulygiuoja skardines prie\u0161 sandarinim\u0105, sustabdo ma\u0161in\u0105, jei ji nustato nesutapimus. Besisukanti platforma taiko vienod\u0105 sl\u0117g\u012f kiekvienai skardinei per 4 guoli\u0173 sistem\u0105, taip u\u017etikrinant sandar\u0173 sandarum\u0105. U\u017edarytos skardin\u0117s yra paruo\u0161tos pakuoti arba transportuoti.<\/p>\n<p><strong>ANR09 skardini\u0173 sandarinimo ma\u0161ina<\/strong> Tai b\u016btina \u0161iuolaikin\u0117s pramon\u0117s \u012franga, leid\u017eianti greitai, efektyviai ir saugiai u\u017edaryti skardines \u012fvairiais tikslais. D\u0117l pa\u017eangi\u0173 technologij\u0173 ir auk\u0161tos kokyb\u0117s komponent\u0173 derinio \u0161i ma\u0161ina si\u016blo visapusi\u0161k\u0105 konservavimo, produkt\u0173 kokyb\u0117s ir saugos i\u0161laikymo sprendim\u0105.<\/p>\n<p>&nbsp;<\/p>\n<p><a href=\"https:\/\/distribucionarc.com\/wp-content\/uploads\/2024\/10\/Vista-Frontal-de-la-Maquina-Selladora-ANR09.png\">\u00a0<img loading=\"lazy\" decoding=\"async\" class=\"alignnone size-medium wp-image-8203\" src=\"https:\/\/distribucionarc.com\/wp-content\/uploads\/2024\/10\/Vista-Frontal-de-la-Maquina-Selladora-ANR09-300x236.png\" alt=\"\" width=\"300\" height=\"236\" srcset=\"https:\/\/distribucionarc.com\/wp-content\/uploads\/2024\/10\/Vista-Frontal-de-la-Maquina-Selladora-ANR09-300x236.png 300w, https:\/\/distribucionarc.com\/wp-content\/uploads\/2024\/10\/Vista-Frontal-de-la-Maquina-Selladora-ANR09-430x339.png 430w, https:\/\/distribucionarc.com\/wp-content\/uploads\/2024\/10\/Vista-Frontal-de-la-Maquina-Selladora-ANR09-150x118.png 150w, https:\/\/distribucionarc.com\/wp-content\/uploads\/2024\/10\/Vista-Frontal-de-la-Maquina-Selladora-ANR09-600x473.png 600w, https:\/\/distribucionarc.com\/wp-content\/uploads\/2024\/10\/Vista-Frontal-de-la-Maquina-Selladora-ANR09-15x12.png 15w, https:\/\/distribucionarc.com\/wp-content\/uploads\/2024\/10\/Vista-Frontal-de-la-Maquina-Selladora-ANR09.png 618w\" sizes=\"auto, (max-width: 300px) 100vw, 300px\" \/><\/a><\/p>\n<p>&nbsp;<\/p>\n<table>\n<thead>\n<tr>\n<th><strong>Specifikacija<\/strong><\/th>\n<th><strong>Detal\u0117s<\/strong><\/th>\n<\/tr>\n<\/thead>\n<tbody>\n<tr>\n<td><strong>Modelis<\/strong><\/td>\n<td>ANR09<\/td>\n<\/tr>\n<tr>\n<td><strong>SKU<\/strong><\/td>\n<td>AR00106<\/td>\n<\/tr>\n<tr>\n<td><strong>Ma\u0161inos dydis<\/strong><\/td>\n<td>3000 mm (ilgis) x 900 mm (plotis) x 1570 mm (auk\u0161tis)<\/td>\n<\/tr>\n<tr>\n<td><strong>Konvejerio juosta<\/strong><\/td>\n<td>3 metr\u0173 ilgio<\/td>\n<\/tr>\n<tr>\n<td><strong>\u012etampa<\/strong><\/td>\n<td>220V\/50Hz<\/td>\n<\/tr>\n<tr>\n<td><strong>Sandarinimo greitis<\/strong><\/td>\n<td>25-30 skardini\u0173 per minut\u0119<\/td>\n<\/tr>\n<tr>\n<td><strong>Sandarinimo guoliai<\/strong><\/td>\n<td>4<\/td>\n<\/tr>\n<tr>\n<td><strong>Taikomas skardin\u0117s skersmuo<\/strong><\/td>\n<td>50-130 mm (reguliuojamas priklausomai nuo formos)<\/td>\n<\/tr>\n<tr>\n<td><strong>Galia<\/strong><\/td>\n<td>1,7 kW<\/td>\n<\/tr>\n<tr>\n<td><strong>Svoris<\/strong><\/td>\n<td>500 kg<\/td>\n<\/tr>\n<tr>\n<td><strong>Sandarinimo auk\u0161tis<\/strong><\/td>\n<td>30-200 mm (reikalauja modifikacijos didesniam auk\u0161\u010diui)<\/td>\n<\/tr>\n<tr>\n<td><strong>Sandarinimo galvu\u010di\u0173 skai\u010dius<\/strong><\/td>\n<td>1 galva<\/td>\n<\/tr>\n<\/tbody>\n<\/table>\n<p><a href=\"https:\/\/distribucionarc.com\/wp-content\/uploads\/2024\/10\/Eficiencia-Industrial-en-el-Sellado-de-Latas.png\"><img loading=\"lazy\" decoding=\"async\" class=\"alignnone size-medium wp-image-8204\" src=\"https:\/\/distribucionarc.com\/wp-content\/uploads\/2024\/10\/Eficiencia-Industrial-en-el-Sellado-de-Latas-218x300.png\" alt=\"\" width=\"218\" height=\"300\" srcset=\"https:\/\/distribucionarc.com\/wp-content\/uploads\/2024\/10\/Eficiencia-Industrial-en-el-Sellado-de-Latas-218x300.png 218w, https:\/\/distribucionarc.com\/wp-content\/uploads\/2024\/10\/Eficiencia-Industrial-en-el-Sellado-de-Latas-430x591.png 430w, https:\/\/distribucionarc.com\/wp-content\/uploads\/2024\/10\/Eficiencia-Industrial-en-el-Sellado-de-Latas-150x206.png 150w, https:\/\/distribucionarc.com\/wp-content\/uploads\/2024\/10\/Eficiencia-Industrial-en-el-Sellado-de-Latas-700x961.png 700w, https:\/\/distribucionarc.com\/wp-content\/uploads\/2024\/10\/Eficiencia-Industrial-en-el-Sellado-de-Latas-746x1024.png 746w, https:\/\/distribucionarc.com\/wp-content\/uploads\/2024\/10\/Eficiencia-Industrial-en-el-Sellado-de-Latas-768x1055.png 768w, https:\/\/distribucionarc.com\/wp-content\/uploads\/2024\/10\/Eficiencia-Industrial-en-el-Sellado-de-Latas-9x12.png 9w, https:\/\/distribucionarc.com\/wp-content\/uploads\/2024\/10\/Eficiencia-Industrial-en-el-Sellado-de-Latas.png 790w\" sizes=\"auto, (max-width: 218px) 100vw, 218px\" \/><\/a> <a href=\"https:\/\/distribucionarc.com\/wp-content\/uploads\/2024\/10\/Sistema-Automatico-de-Sellado-Hermetico.png\"><img loading=\"lazy\" decoding=\"async\" class=\"alignnone size-medium wp-image-8205\" src=\"https:\/\/distribucionarc.com\/wp-content\/uploads\/2024\/10\/Sistema-Automatico-de-Sellado-Hermetico-300x224.png\" alt=\"\" width=\"300\" height=\"224\" srcset=\"https:\/\/distribucionarc.com\/wp-content\/uploads\/2024\/10\/Sistema-Automatico-de-Sellado-Hermetico-300x224.png 300w, https:\/\/distribucionarc.com\/wp-content\/uploads\/2024\/10\/Sistema-Automatico-de-Sellado-Hermetico-430x321.png 430w, https:\/\/distribucionarc.com\/wp-content\/uploads\/2024\/10\/Sistema-Automatico-de-Sellado-Hermetico-150x112.png 150w, https:\/\/distribucionarc.com\/wp-content\/uploads\/2024\/10\/Sistema-Automatico-de-Sellado-Hermetico-700x523.png 700w, https:\/\/distribucionarc.com\/wp-content\/uploads\/2024\/10\/Sistema-Automatico-de-Sellado-Hermetico-768x574.png 768w, https:\/\/distribucionarc.com\/wp-content\/uploads\/2024\/10\/Sistema-Automatico-de-Sellado-Hermetico-16x12.png 16w, https:\/\/distribucionarc.com\/wp-content\/uploads\/2024\/10\/Sistema-Automatico-de-Sellado-Hermetico.png 791w\" sizes=\"auto, (max-width: 300px) 100vw, 300px\" \/><\/a> <a href=\"https:\/\/distribucionarc.com\/wp-content\/uploads\/2024\/10\/Sistema-de-Sellado-Automatico-con-Plataforma-Giratoria-de-Alta-Precision.png\"><img loading=\"lazy\" decoding=\"async\" class=\"alignnone size-medium wp-image-8206\" src=\"https:\/\/distribucionarc.com\/wp-content\/uploads\/2024\/10\/Sistema-de-Sellado-Automatico-con-Plataforma-Giratoria-de-Alta-Precision-300x202.png\" alt=\"\" width=\"300\" height=\"202\" srcset=\"https:\/\/distribucionarc.com\/wp-content\/uploads\/2024\/10\/Sistema-de-Sellado-Automatico-con-Plataforma-Giratoria-de-Alta-Precision-300x202.png 300w, https:\/\/distribucionarc.com\/wp-content\/uploads\/2024\/10\/Sistema-de-Sellado-Automatico-con-Plataforma-Giratoria-de-Alta-Precision-430x290.png 430w, https:\/\/distribucionarc.com\/wp-content\/uploads\/2024\/10\/Sistema-de-Sellado-Automatico-con-Plataforma-Giratoria-de-Alta-Precision-150x101.png 150w, https:\/\/distribucionarc.com\/wp-content\/uploads\/2024\/10\/Sistema-de-Sellado-Automatico-con-Plataforma-Giratoria-de-Alta-Precision-700x472.png 700w, https:\/\/distribucionarc.com\/wp-content\/uploads\/2024\/10\/Sistema-de-Sellado-Automatico-con-Plataforma-Giratoria-de-Alta-Precision-768x518.png 768w, https:\/\/distribucionarc.com\/wp-content\/uploads\/2024\/10\/Sistema-de-Sellado-Automatico-con-Plataforma-Giratoria-de-Alta-Precision-18x12.png 18w, https:\/\/distribucionarc.com\/wp-content\/uploads\/2024\/10\/Sistema-de-Sellado-Automatico-con-Plataforma-Giratoria-de-Alta-Precision.png 792w\" sizes=\"auto, (max-width: 300px) 100vw, 300px\" \/><\/a> <a href=\"https:\/\/distribucionarc.com\/wp-content\/uploads\/2024\/10\/Estructura-en-Acero-Inoxidable-304-y-420-para-Durabilidad.png\"><img loading=\"lazy\" decoding=\"async\" class=\"alignnone size-medium wp-image-8207\" src=\"https:\/\/distribucionarc.com\/wp-content\/uploads\/2024\/10\/Estructura-en-Acero-Inoxidable-304-y-420-para-Durabilidad-300x214.png\" alt=\"\" width=\"300\" height=\"214\" srcset=\"https:\/\/distribucionarc.com\/wp-content\/uploads\/2024\/10\/Estructura-en-Acero-Inoxidable-304-y-420-para-Durabilidad-300x214.png 300w, https:\/\/distribucionarc.com\/wp-content\/uploads\/2024\/10\/Estructura-en-Acero-Inoxidable-304-y-420-para-Durabilidad-430x307.png 430w, https:\/\/distribucionarc.com\/wp-content\/uploads\/2024\/10\/Estructura-en-Acero-Inoxidable-304-y-420-para-Durabilidad-150x107.png 150w, https:\/\/distribucionarc.com\/wp-content\/uploads\/2024\/10\/Estructura-en-Acero-Inoxidable-304-y-420-para-Durabilidad-600x429.png 600w, https:\/\/distribucionarc.com\/wp-content\/uploads\/2024\/10\/Estructura-en-Acero-Inoxidable-304-y-420-para-Durabilidad-18x12.png 18w, https:\/\/distribucionarc.com\/wp-content\/uploads\/2024\/10\/Estructura-en-Acero-Inoxidable-304-y-420-para-Durabilidad.png 648w\" sizes=\"auto, (max-width: 300px) 100vw, 300px\" \/><\/a><\/p>\n<p>&nbsp;<\/p>","protected":false},"excerpt":{"rendered":"<p>The <strong>skardini\u0173 sandariklio modelis ANR09<\/strong> yra pramonin\u0117 ma\u0161ina, skirta automati\u0161kai ir sandariai u\u017esandarinti skardines. Pagrindin\u0117 jo funkcija \u2013 u\u017etikrinti tiksl\u0173 ir saug\u0173 kiekvienos skardin\u0117s u\u017edarym\u0105, i\u0161laikant turinio \u0161vie\u017eum\u0105 ir kokyb\u0119.<\/p>","protected":false},"featured_media":8203,"comment_status":"open","ping_status":"closed","template":"","meta":{"wds_primary_product_brand":0,"wds_primary_product_cat":0},"product_brand":[],"product_cat":[15,62],"product_tag":[],"class_list":{"0":"post-8202","1":"product","2":"type-product","3":"status-publish","4":"has-post-thumbnail","6":"product_cat-llenadoras-y-selladoras-automaticas-flow-pack-sachet","7":"product_cat-selladoras-de-latas","9":"first","10":"instock","11":"taxable","12":"shipping-taxable","13":"purchasable","14":"product-type-simple"},"yoast_head":"<!-- This site is optimized with the Yoast SEO Premium plugin v24.9 (Yoast SEO v26.1) - https:\/\/yoast.com\/wordpress\/plugins\/seo\/ -->\n<title>Selladora de latas autom\u00e1tica lineal ANR09 - distribuci\u00f3n ARC<\/title>\n<meta name=\"robots\" content=\"index, follow, max-snippet:-1, max-image-preview:large, max-video-preview:-1\" \/>\n<link rel=\"canonical\" href=\"https:\/\/www.distribucionarc.com\/ar\/producto\/selladora-de-latas-automatica-lineal-anr09\/\" \/>\n<meta property=\"og:locale\" content=\"lt_LT\" \/>\n<meta property=\"og:type\" content=\"article\" \/>\n<meta property=\"og:title\" content=\"Selladora de latas autom\u00e1tica lineal ANR09\" \/>\n<meta property=\"og:description\" content=\"La selladora de latas modelo ANR09 es una m\u00e1quina industrial dise\u00f1ada para sellar latas de forma autom\u00e1tica y herm\u00e9tica. Su funci\u00f3n principal es asegurar el cierre preciso y seguro de cada lata, manteniendo la frescura y calidad del contenido.\" \/>\n<meta property=\"og:url\" content=\"https:\/\/www.distribucionarc.com\/ar\/producto\/selladora-de-latas-automatica-lineal-anr09\/\" \/>\n<meta property=\"og:site_name\" content=\"distribuci\u00f3n ARC\" \/>\n<meta property=\"article:modified_time\" content=\"2024-10-28T22:48:35+00:00\" \/>\n<meta property=\"og:image\" content=\"https:\/\/www.distribucionarc.com\/wp-content\/uploads\/2024\/10\/Vista-Frontal-de-la-Maquina-Selladora-ANR09.png\" \/>\n\t<meta property=\"og:image:width\" content=\"618\" \/>\n\t<meta property=\"og:image:height\" content=\"487\" \/>\n\t<meta property=\"og:image:type\" content=\"image\/png\" \/>\n<meta name=\"twitter:card\" content=\"summary_large_image\" \/>\n<meta name=\"twitter:label1\" content=\"Est. reading time\" \/>\n\t<meta name=\"twitter:data1\" content=\"3 minut\u0117s\" \/>\n<script type=\"application\/ld+json\" class=\"yoast-schema-graph\">{\"@context\":\"https:\/\/schema.org\",\"@graph\":[{\"@type\":\"WebPage\",\"@id\":\"https:\/\/www.distribucionarc.com\/ar\/producto\/selladora-de-latas-automatica-lineal-anr09\/\",\"url\":\"https:\/\/www.distribucionarc.com\/ar\/producto\/selladora-de-latas-automatica-lineal-anr09\/\",\"name\":\"Selladora de latas autom\u00e1tica lineal ANR09 - distribuci\u00f3n ARC\",\"isPartOf\":{\"@id\":\"https:\/\/www.distribucionarc.com\/sl\/#website\"},\"primaryImageOfPage\":{\"@id\":\"https:\/\/www.distribucionarc.com\/ar\/producto\/selladora-de-latas-automatica-lineal-anr09\/#primaryimage\"},\"image\":{\"@id\":\"https:\/\/www.distribucionarc.com\/ar\/producto\/selladora-de-latas-automatica-lineal-anr09\/#primaryimage\"},\"thumbnailUrl\":\"https:\/\/distribucionarc.com\/wp-content\/uploads\/2024\/10\/Vista-Frontal-de-la-Maquina-Selladora-ANR09.png\",\"datePublished\":\"2024-10-28T13:48:47+00:00\",\"dateModified\":\"2024-10-28T22:48:35+00:00\",\"breadcrumb\":{\"@id\":\"https:\/\/www.distribucionarc.com\/ar\/producto\/selladora-de-latas-automatica-lineal-anr09\/#breadcrumb\"},\"inLanguage\":\"lt-LT\",\"potentialAction\":[{\"@type\":\"ReadAction\",\"target\":[\"https:\/\/www.distribucionarc.com\/ar\/producto\/selladora-de-latas-automatica-lineal-anr09\/\"]}]},{\"@type\":\"ImageObject\",\"inLanguage\":\"lt-LT\",\"@id\":\"https:\/\/www.distribucionarc.com\/ar\/producto\/selladora-de-latas-automatica-lineal-anr09\/#primaryimage\",\"url\":\"https:\/\/distribucionarc.com\/wp-content\/uploads\/2024\/10\/Vista-Frontal-de-la-Maquina-Selladora-ANR09.png\",\"contentUrl\":\"https:\/\/distribucionarc.com\/wp-content\/uploads\/2024\/10\/Vista-Frontal-de-la-Maquina-Selladora-ANR09.png\",\"width\":618,\"height\":487},{\"@type\":\"BreadcrumbList\",\"@id\":\"https:\/\/www.distribucionarc.com\/ar\/producto\/selladora-de-latas-automatica-lineal-anr09\/#breadcrumb\",\"itemListElement\":[{\"@type\":\"ListItem\",\"position\":1,\"name\":\"Portada\",\"item\":\"https:\/\/www.distribucionarc.com\/\"},{\"@type\":\"ListItem\",\"position\":2,\"name\":\"\u00dcr\u00fcnler\",\"item\":\"https:\/\/www.distribucionarc.com\/tr\/magaza\/\"},{\"@type\":\"ListItem\",\"position\":3,\"name\":\"Selladora de latas autom\u00e1tica lineal ANR09\"}]},{\"@type\":\"WebSite\",\"@id\":\"https:\/\/www.distribucionarc.com\/sl\/#website\",\"url\":\"https:\/\/www.distribucionarc.com\/sl\/\",\"name\":\"distribuci\u00f3n ARC\",\"description\":\"Empresa especializada en la fabricaci\u00f3n y distribuci\u00f3n de maquinaria industrial, selladoras de latas, Maquinas de hacer pastillas, Maquinas de cortar carne...\",\"publisher\":{\"@id\":\"https:\/\/www.distribucionarc.com\/sl\/#organization\"},\"potentialAction\":[{\"@type\":\"SearchAction\",\"target\":{\"@type\":\"EntryPoint\",\"urlTemplate\":\"https:\/\/www.distribucionarc.com\/sl\/?s={search_term_string}\"},\"query-input\":{\"@type\":\"PropertyValueSpecification\",\"valueRequired\":true,\"valueName\":\"search_term_string\"}}],\"inLanguage\":\"lt-LT\"},{\"@type\":\"Organization\",\"@id\":\"https:\/\/www.distribucionarc.com\/sl\/#organization\",\"name\":\"Distribuci\u00f3n ARC\",\"url\":\"https:\/\/www.distribucionarc.com\/sl\/\",\"logo\":{\"@type\":\"ImageObject\",\"inLanguage\":\"lt-LT\",\"@id\":\"https:\/\/www.distribucionarc.com\/sl\/#\/schema\/logo\/image\/\",\"url\":\"https:\/\/distribucionarc.com\/wp-content\/uploads\/2024\/10\/distribucion-ARC-COLOR-SIN-FONDO-e1732295305345.png\",\"contentUrl\":\"https:\/\/distribucionarc.com\/wp-content\/uploads\/2024\/10\/distribucion-ARC-COLOR-SIN-FONDO-e1732295305345.png\",\"width\":1164,\"height\":558,\"caption\":\"Distribuci\u00f3n ARC\"},\"image\":{\"@id\":\"https:\/\/www.distribucionarc.com\/sl\/#\/schema\/logo\/image\/\"},\"description\":\"Empresa especializada en la fabricaci\u00f3n y distribuci\u00f3n de maquinaria industrial para los sectores alimentario y farmac\u00e9utico. Nos especializamos en: M\u00e1quinas de cortar carne Fabricaci\u00f3n de comprimidos Sistemas de transporte industrial L\u00edneas de embotellado Dosificadores Y mucho m\u00e1s... Ofrecemos soluciones innovadoras y personalizadas para optimizar los procesos productivos de tu empresa.\",\"email\":\"Admistracion@distribucionarc.com\",\"telephone\":\"+34 643496664\",\"legalName\":\"ARC TECH SOLUTIONS\",\"foundingDate\":\"2024-04-09\",\"vatID\":\"B55480172\",\"numberOfEmployees\":{\"@type\":\"QuantitativeValue\",\"minValue\":\"1\",\"maxValue\":\"10\"}}]}<\/script>\n<!-- \/ Yoast SEO Premium plugin. -->","yoast_head_json":{"title":"ANR09 linijinis automatinis skardini\u0173 sandariklis \u2013 ARC paskirstymas","robots":{"index":"index","follow":"follow","max-snippet":"max-snippet:-1","max-image-preview":"max-image-preview:large","max-video-preview":"max-video-preview:-1"},"canonical":"https:\/\/www.distribucionarc.com\/ar\/producto\/selladora-de-latas-automatica-lineal-anr09\/","og_locale":"lt_LT","og_type":"article","og_title":"Selladora de latas autom\u00e1tica lineal ANR09","og_description":"La selladora de latas modelo ANR09 es una m\u00e1quina industrial dise\u00f1ada para sellar latas de forma autom\u00e1tica y herm\u00e9tica. Su funci\u00f3n principal es asegurar el cierre preciso y seguro de cada lata, manteniendo la frescura y calidad del contenido.","og_url":"https:\/\/www.distribucionarc.com\/ar\/producto\/selladora-de-latas-automatica-lineal-anr09\/","og_site_name":"distribuci\u00f3n ARC","article_modified_time":"2024-10-28T22:48:35+00:00","og_image":[{"width":618,"height":487,"url":"https:\/\/www.distribucionarc.com\/wp-content\/uploads\/2024\/10\/Vista-Frontal-de-la-Maquina-Selladora-ANR09.png","type":"image\/png"}],"twitter_card":"summary_large_image","twitter_misc":{"Est. reading time":"3 minut\u0117s"},"schema":{"@context":"https:\/\/schema.org","@graph":[{"@type":"WebPage","@id":"https:\/\/www.distribucionarc.com\/ar\/producto\/selladora-de-latas-automatica-lineal-anr09\/","url":"https:\/\/www.distribucionarc.com\/ar\/producto\/selladora-de-latas-automatica-lineal-anr09\/","name":"ANR09 linijinis automatinis skardini\u0173 sandariklis \u2013 ARC paskirstymas","isPartOf":{"@id":"https:\/\/www.distribucionarc.com\/sl\/#website"},"primaryImageOfPage":{"@id":"https:\/\/www.distribucionarc.com\/ar\/producto\/selladora-de-latas-automatica-lineal-anr09\/#primaryimage"},"image":{"@id":"https:\/\/www.distribucionarc.com\/ar\/producto\/selladora-de-latas-automatica-lineal-anr09\/#primaryimage"},"thumbnailUrl":"https:\/\/distribucionarc.com\/wp-content\/uploads\/2024\/10\/Vista-Frontal-de-la-Maquina-Selladora-ANR09.png","datePublished":"2024-10-28T13:48:47+00:00","dateModified":"2024-10-28T22:48:35+00:00","breadcrumb":{"@id":"https:\/\/www.distribucionarc.com\/ar\/producto\/selladora-de-latas-automatica-lineal-anr09\/#breadcrumb"},"inLanguage":"lt-LT","potentialAction":[{"@type":"ReadAction","target":["https:\/\/www.distribucionarc.com\/ar\/producto\/selladora-de-latas-automatica-lineal-anr09\/"]}]},{"@type":"ImageObject","inLanguage":"lt-LT","@id":"https:\/\/www.distribucionarc.com\/ar\/producto\/selladora-de-latas-automatica-lineal-anr09\/#primaryimage","url":"https:\/\/distribucionarc.com\/wp-content\/uploads\/2024\/10\/Vista-Frontal-de-la-Maquina-Selladora-ANR09.png","contentUrl":"https:\/\/distribucionarc.com\/wp-content\/uploads\/2024\/10\/Vista-Frontal-de-la-Maquina-Selladora-ANR09.png","width":618,"height":487},{"@type":"BreadcrumbList","@id":"https:\/\/www.distribucionarc.com\/ar\/producto\/selladora-de-latas-automatica-lineal-anr09\/#breadcrumb","itemListElement":[{"@type":"ListItem","position":1,"name":"Portada","item":"https:\/\/www.distribucionarc.com\/"},{"@type":"ListItem","position":2,"name":"\u00dcr\u00fcnler","item":"https:\/\/www.distribucionarc.com\/tr\/magaza\/"},{"@type":"ListItem","position":3,"name":"Selladora de latas autom\u00e1tica lineal ANR09"}]},{"@type":"WebSite","@id":"https:\/\/www.distribucionarc.com\/sl\/#website","url":"https:\/\/www.distribucionarc.com\/sl\/","name":"ARC paskirstymas","description":"\u012emon\u0117 specializuojasi pramonini\u0173 ma\u0161in\u0173, skardini\u0173 sandarinimo ma\u0161in\u0173, table\u010di\u0173 gamybos ma\u0161in\u0173, m\u0117sos pjaustymo ma\u0161in\u0173 gamyboje ir platinime...","publisher":{"@id":"https:\/\/www.distribucionarc.com\/sl\/#organization"},"potentialAction":[{"@type":"SearchAction","target":{"@type":"EntryPoint","urlTemplate":"https:\/\/www.distribucionarc.com\/sl\/?s={search_term_string}"},"query-input":{"@type":"PropertyValueSpecification","valueRequired":true,"valueName":"search_term_string"}}],"inLanguage":"lt-LT"},{"@type":"Organization","@id":"https:\/\/www.distribucionarc.com\/sl\/#organization","name":"ARC platinimas","url":"https:\/\/www.distribucionarc.com\/sl\/","logo":{"@type":"ImageObject","inLanguage":"lt-LT","@id":"https:\/\/www.distribucionarc.com\/sl\/#\/schema\/logo\/image\/","url":"https:\/\/distribucionarc.com\/wp-content\/uploads\/2024\/10\/distribucion-ARC-COLOR-SIN-FONDO-e1732295305345.png","contentUrl":"https:\/\/distribucionarc.com\/wp-content\/uploads\/2024\/10\/distribucion-ARC-COLOR-SIN-FONDO-e1732295305345.png","width":1164,"height":558,"caption":"Distribuci\u00f3n ARC"},"image":{"@id":"https:\/\/www.distribucionarc.com\/sl\/#\/schema\/logo\/image\/"},"description":"\u012emon\u0117 specializuojasi maisto ir farmacijos sektoriams skirt\u0173 pramonini\u0173 ma\u0161in\u0173 gamyboje ir platinime. M\u016bs\u0173 specializacija: M\u0117sos pjaustymo ma\u0161inos Table\u010di\u0173 gamyba Pramonin\u0117s transportavimo sistemos I\u0161pilstymo linijos Dozatoriai Ir dar daugiau... Si\u016blome novatori\u0161kus ir individualiems poreikiams pritaikytus sprendimus, kad optimizuotume j\u016bs\u0173 \u012fmon\u0117s gamybos procesus.","email":"Admistracion@distribucionarc.com","telephone":"+34 643496664","legalName":"ARC TECH SOLUTIONS","foundingDate":"2024-04-09","vatID":"B55480172","numberOfEmployees":{"@type":"QuantitativeValue","minValue":"1","maxValue":"10"}}]}},"_links":{"self":[{"href":"https:\/\/distribucionarc.com\/lt\/wp-json\/wp\/v2\/product\/8202","targetHints":{"allow":["GET"]}}],"collection":[{"href":"https:\/\/distribucionarc.com\/lt\/wp-json\/wp\/v2\/product"}],"about":[{"href":"https:\/\/distribucionarc.com\/lt\/wp-json\/wp\/v2\/types\/product"}],"replies":[{"embeddable":true,"href":"https:\/\/distribucionarc.com\/lt\/wp-json\/wp\/v2\/comments?post=8202"}],"version-history":[{"count":0,"href":"https:\/\/distribucionarc.com\/lt\/wp-json\/wp\/v2\/product\/8202\/revisions"}],"wp:featuredmedia":[{"embeddable":true,"href":"https:\/\/distribucionarc.com\/lt\/wp-json\/wp\/v2\/media\/8203"}],"wp:attachment":[{"href":"https:\/\/distribucionarc.com\/lt\/wp-json\/wp\/v2\/media?parent=8202"}],"wp:term":[{"taxonomy":"product_brand","embeddable":true,"href":"https:\/\/distribucionarc.com\/lt\/wp-json\/wp\/v2\/product_brand?post=8202"},{"taxonomy":"product_cat","embeddable":true,"href":"https:\/\/distribucionarc.com\/lt\/wp-json\/wp\/v2\/product_cat?post=8202"},{"taxonomy":"product_tag","embeddable":true,"href":"https:\/\/distribucionarc.com\/lt\/wp-json\/wp\/v2\/product_tag?post=8202"}],"curies":[{"name":"wp","href":"https:\/\/api.w.org\/{rel}","templated":true}]}}