{"id":8219,"date":"2024-10-28T21:03:02","date_gmt":"2024-10-28T21:03:02","guid":{"rendered":"https:\/\/distribucionarc.com\/?post_type=product&#038;p=8219"},"modified":"2024-10-28T22:46:22","modified_gmt":"2024-10-28T22:46:22","slug":"linijinis-didelis-kvadratinis-ir-apskritas-skardiniu-sandariklis-anr-171","status":"publish","type":"product","link":"https:\/\/distribucionarc.com\/lt\/producto\/selladora-de-latas-grandes-cuadradas-y-circulares-lineal-anr-171\/","title":{"rendered":"Linijinis ANR-171 didelis kvadratinis ir apskritas skardini\u0173 sandariklis"},"content":{"rendered":"<p>The <strong>Linijinis ANR-171 didelis kvadratinis ir apskritas skardini\u0173 sandariklis<\/strong> yra pa\u017eangi pramonin\u0117 ma\u0161ina, skirta hermeti\u0161kai u\u017edaryti \u012fvairi\u0173 form\u0173 ir dyd\u017ei\u0173 skardines, daugiausia apvalias ir kvadratines. Pagrindin\u0117 jo funkcija \u2013 u\u017etikrinti saug\u0173, patikim\u0105 ir patvar\u0173 kiekvienos skardin\u0117s u\u017edarym\u0105, i\u0161saugant gaminio kokyb\u0119 ir i\u0161vengiant bet kokio galimo i\u0161orinio u\u017eter\u0161imo. \u0160i ma\u0161ina, pasi\u017eyminti paprasta, bet labai efektyvia konstrukcija, skirta veikti didel\u0117s spartos gamybos linijose \u012fvairiose pramon\u0117s \u0161akose, pavyzd\u017eiui, maisto, chemijos, \u017eem\u0117s \u016bkio ir kosmetikos pramon\u0117je.<\/p>\n<p>The <strong>sandarinimo ma\u0161ina ANR-171<\/strong> Pagrindinis jo tikslas \u2013 saugiai ir tolygiai u\u017esandarinti skardines, i\u0161laikant j\u0173 turin\u012f optimaliomis s\u0105lygomis ilg\u0105 laik\u0105. \u0160i ma\u0161ina gali prisitaikyti prie \u012fvairi\u0173 matmen\u0173 skardini\u0173, tod\u0117l puikiai tinka pramon\u0117s \u0161akoms, kurioms reikalingas universalumas pakuojant. Tikslus sandarinimas yra labai svarbus siekiant u\u017etikrinti, kad gaminiai b\u016bt\u0173 apsaugoti nuo oro, dr\u0117gm\u0117s ar bet koki\u0173 i\u0161orini\u0173 ter\u0161al\u0173.<\/p>\n<p>Jis i\u0161siskiria laipsni\u0161ku veikimu, nuo <strong>skardin\u0117s pad\u0117ties nustatymas<\/strong> pilni arba tu\u0161ti, kurie dedami \u012f padavimo sistem\u0105 ir transportuojami dir\u017eu link sandarinimo galvut\u0117s, su <strong>lygiavimas <\/strong>ant reguliuojam\u0173 kreiptuv\u0173, kurie pastato kiekvien\u0105 skardin\u0119 tinkamoje vietoje, u\u017etikrindami, kad jie b\u016bt\u0173 idealiai sulygiuoti, kad b\u016bt\u0173 galima sandarinti, o po to<strong> sandarinimo taikymas, <\/strong>Sandarinimo galvut\u0117 nusileid\u017eia vir\u0161 skardin\u0117s dang\u010dio, taikant reikiam\u0105 sl\u0117g\u012f ir temperat\u016br\u0105 (kaip sukonfig\u016bruota), kad dangtelis b\u016bt\u0173 sujungtas su skardin\u0117s korpusu. Kai sandarinimas baigtas, skardin\u0117 konvejerio sistema perkeliama \u012f kit\u0105 gamybos linijos etap\u0105 arba \u012f sand\u0117liavimo zon\u0105.<\/p>\n<p>ANR-171 sandariklio ateitis gal\u0117t\u0173 apimti jo \u012fgyvendinim\u0105 <strong>nuotolinio steb\u0117jimo ir nusp\u0117jamosios prie\u017ei\u016bros sistemos<\/strong>, kurios leid\u017eia numatyti ir i\u0161spr\u0119sti problemas, kol jos nepaveiks gamybos. Be to, augant tvarumo poreikiui, galima integruoti energij\u0105 taupan\u010dias technologijas arba perdirbamas statybines med\u017eiagas nepakenkiant ma\u0161inos patvarumui ir na\u0161umui. Apibendrinant, <strong>Linijinis ANR-171 didelis kvadratinis ir apskritas skardini\u0173 sandariklis<\/strong> D\u0117l savo tvirtumo, patikimumo ir geb\u0117jimo prisitaikyti prie \u012fvairi\u0173 tip\u0173 pakuo\u010di\u0173 tai yra b\u016btina \u012franga daugelyje pramon\u0117s \u0161ak\u0173.<\/p>\n<p><a href=\"https:\/\/distribucionarc.com\/wp-content\/uploads\/2024\/10\/Selladora-de-Latascuadradas.png\"><img loading=\"lazy\" decoding=\"async\" class=\"alignnone size-medium wp-image-8224\" src=\"https:\/\/distribucionarc.com\/wp-content\/uploads\/2024\/10\/Selladora-de-Latascuadradas-300x248.png\" alt=\"\" width=\"300\" height=\"248\" srcset=\"https:\/\/distribucionarc.com\/wp-content\/uploads\/2024\/10\/Selladora-de-Latascuadradas-300x248.png 300w, https:\/\/distribucionarc.com\/wp-content\/uploads\/2024\/10\/Selladora-de-Latascuadradas-430x355.png 430w, https:\/\/distribucionarc.com\/wp-content\/uploads\/2024\/10\/Selladora-de-Latascuadradas-150x124.png 150w, https:\/\/distribucionarc.com\/wp-content\/uploads\/2024\/10\/Selladora-de-Latascuadradas-700x578.png 700w, https:\/\/distribucionarc.com\/wp-content\/uploads\/2024\/10\/Selladora-de-Latascuadradas-15x12.png 15w, https:\/\/distribucionarc.com\/wp-content\/uploads\/2024\/10\/Selladora-de-Latascuadradas.png 715w\" sizes=\"auto, (max-width: 300px) 100vw, 300px\" \/><\/a><\/p>\n<table>\n<thead>\n<tr>\n<th>Specifikacija<\/th>\n<th>Detal\u0117<\/th>\n<\/tr>\n<\/thead>\n<tbody>\n<tr>\n<td><strong>Ma\u0161inos dydis<\/strong><\/td>\n<td>1200 x 860 x 2000 mm<\/td>\n<\/tr>\n<tr>\n<td><strong>\u012etampa<\/strong><\/td>\n<td>380V\/50\/60Hz<\/td>\n<\/tr>\n<tr>\n<td><strong>Gamyba<\/strong><\/td>\n<td>20-25 skardin\u0117s\/min<\/td>\n<\/tr>\n<tr>\n<td><strong>Galia<\/strong><\/td>\n<td>2,2 kW<\/td>\n<\/tr>\n<tr>\n<td><strong>Skardin\u0117s skersmuo<\/strong><\/td>\n<td>160-200 mm<\/td>\n<\/tr>\n<tr>\n<td><strong>Maksimalus skardin\u0117s auk\u0161tis<\/strong><\/td>\n<td>115-390 mm<\/td>\n<\/tr>\n<tr>\n<td><strong>Svoris<\/strong><\/td>\n<td>5000 kg<\/td>\n<\/tr>\n<tr>\n<td><strong>Modelis<\/strong><\/td>\n<td>ANR-171<\/td>\n<\/tr>\n<tr>\n<td><strong>oro sl\u0117gis<\/strong><\/td>\n<td>0,3\u20130,5 MPa<\/td>\n<\/tr>\n<tr>\n<td><strong>Skardos plok\u0161t\u0117s storis<\/strong><\/td>\n<td>Iki 0,4 mm<\/td>\n<\/tr>\n<tr>\n<td><strong>Konvejerio auk\u0161tis<\/strong><\/td>\n<td>1500 mm<\/td>\n<\/tr>\n<tr>\n<td><strong>Juostos ilgis<\/strong><\/td>\n<td>2000 mm<\/td>\n<\/tr>\n<tr>\n<td><strong>SKU<\/strong><\/td>\n<td>AR00130<\/td>\n<\/tr>\n<tr>\n<td><strong>Garantija<\/strong><\/td>\n<td>2 metai<\/td>\n<\/tr>\n<\/tbody>\n<\/table>\n<p><a href=\"https:\/\/distribucionarc.com\/wp-content\/uploads\/2024\/10\/Selladora-Alta-Produccion-para-Latas-Industriales.png\"><img loading=\"lazy\" decoding=\"async\" class=\"alignnone size-medium wp-image-8222\" src=\"https:\/\/distribucionarc.com\/wp-content\/uploads\/2024\/10\/Selladora-Alta-Produccion-para-Latas-Industriales-300x300.png\" alt=\"\" width=\"300\" height=\"300\" srcset=\"https:\/\/distribucionarc.com\/wp-content\/uploads\/2024\/10\/Selladora-Alta-Produccion-para-Latas-Industriales-300x300.png 300w, https:\/\/distribucionarc.com\/wp-content\/uploads\/2024\/10\/Selladora-Alta-Produccion-para-Latas-Industriales-430x430.png 430w, https:\/\/distribucionarc.com\/wp-content\/uploads\/2024\/10\/Selladora-Alta-Produccion-para-Latas-Industriales-150x150.png 150w, https:\/\/distribucionarc.com\/wp-content\/uploads\/2024\/10\/Selladora-Alta-Produccion-para-Latas-Industriales-700x700.png 700w, https:\/\/distribucionarc.com\/wp-content\/uploads\/2024\/10\/Selladora-Alta-Produccion-para-Latas-Industriales-768x768.png 768w, https:\/\/distribucionarc.com\/wp-content\/uploads\/2024\/10\/Selladora-Alta-Produccion-para-Latas-Industriales-12x12.png 12w, https:\/\/distribucionarc.com\/wp-content\/uploads\/2024\/10\/Selladora-Alta-Produccion-para-Latas-Industriales.png 1000w\" sizes=\"auto, (max-width: 300px) 100vw, 300px\" \/><\/a>\u00a0 \u00a0 \u00a0 \u00a0 <a href=\"https:\/\/distribucionarc.com\/wp-content\/uploads\/2024\/10\/Tecnologia-de-Sellado-con-Presion-de-Aire.png\"><img loading=\"lazy\" decoding=\"async\" class=\"alignnone size-medium wp-image-8220\" src=\"https:\/\/distribucionarc.com\/wp-content\/uploads\/2024\/10\/Tecnologia-de-Sellado-con-Presion-de-Aire-300x214.png\" alt=\"\" width=\"300\" height=\"214\" srcset=\"https:\/\/distribucionarc.com\/wp-content\/uploads\/2024\/10\/Tecnologia-de-Sellado-con-Presion-de-Aire-300x214.png 300w, https:\/\/distribucionarc.com\/wp-content\/uploads\/2024\/10\/Tecnologia-de-Sellado-con-Presion-de-Aire-430x307.png 430w, https:\/\/distribucionarc.com\/wp-content\/uploads\/2024\/10\/Tecnologia-de-Sellado-con-Presion-de-Aire-150x107.png 150w, https:\/\/distribucionarc.com\/wp-content\/uploads\/2024\/10\/Tecnologia-de-Sellado-con-Presion-de-Aire-18x12.png 18w, https:\/\/distribucionarc.com\/wp-content\/uploads\/2024\/10\/Tecnologia-de-Sellado-con-Presion-de-Aire.png 474w\" sizes=\"auto, (max-width: 300px) 100vw, 300px\" \/><\/a><\/p>","protected":false},"excerpt":{"rendered":"<p>The <strong>Linijinis ANR-171 didelis kvadratinis ir apskritas skardini\u0173 sandariklis<\/strong> yra specializuota ma\u0161ina, skirta hermeti\u0161kai u\u017esandarinti \u012fvairi\u0173 dyd\u017ei\u0173 ir form\u0173 skardines, daugiausia apvalias ir kvadratines. Pagrindin\u0117 jo funkcija \u2013 u\u017etikrinti tiksl\u0173 ir saug\u0173 skardini\u0173 u\u017edarym\u0105. Naudojama maisto, chemijos, \u017eem\u0117s \u016bkio ir kosmetikos pramon\u0117je, \u0161i ma\u0161ina yra universali ir gali prisitaikyti prie \u012fvairi\u0173 tip\u0173 sandarinimo, optimizuojant pakuo\u010di\u0173 efektyvum\u0105 ir gerinant produkt\u0173 saug\u0105 bei konservavim\u0105.<\/p>","protected":false},"featured_media":8223,"comment_status":"open","ping_status":"closed","template":"","meta":{"wds_primary_product_brand":0,"wds_primary_product_cat":0},"product_brand":[],"product_cat":[62],"product_tag":[],"class_list":{"0":"post-8219","1":"product","2":"type-product","3":"status-publish","4":"has-post-thumbnail","6":"product_cat-selladoras-de-latas","8":"first","9":"instock","10":"taxable","11":"shipping-taxable","12":"purchasable","13":"product-type-simple"},"yoast_head":"<!-- This site is optimized with the Yoast SEO Premium plugin v24.9 (Yoast SEO v26.1) - https:\/\/yoast.com\/wordpress\/plugins\/seo\/ -->\n<title>Selladora de latas grandes cuadradas y circulares lineal ANR-171 - distribuci\u00f3n ARC<\/title>\n<meta name=\"robots\" content=\"index, follow, max-snippet:-1, max-image-preview:large, max-video-preview:-1\" \/>\n<link rel=\"canonical\" href=\"https:\/\/www.distribucionarc.com\/sk\/producto\/selladora-de-latas-grandes-cuadradas-y-circulares-lineal-anr-171\/\" \/>\n<meta property=\"og:locale\" content=\"lt_LT\" \/>\n<meta property=\"og:type\" content=\"article\" \/>\n<meta property=\"og:title\" content=\"Selladora de latas grandes cuadradas y circulares lineal ANR-171\" \/>\n<meta property=\"og:description\" content=\"La Selladora de Latas Grandes Cuadradas y Circulares Lineal ANR-171 es una m\u00e1quina especializada dise\u00f1ada para sellar de forma herm\u00e9tica latas de distintos tama\u00f1os y formas, principalmente redondas y cuadradas. Su funci\u00f3n principal es asegurar un cierre preciso y seguro de las latas. Utilizada en las industrias de alimentos, productos qu\u00edmicos, agr\u00edcolas y cosm\u00e9ticos, esta m\u00e1quina es vers\u00e1til y puede adaptarse a diversos tipos de sellado, optimizando la eficiencia en el envasado y mejorando la seguridad y conservaci\u00f3n de los productos.\" \/>\n<meta property=\"og:url\" content=\"https:\/\/www.distribucionarc.com\/sk\/producto\/selladora-de-latas-grandes-cuadradas-y-circulares-lineal-anr-171\/\" \/>\n<meta property=\"og:site_name\" content=\"distribuci\u00f3n ARC\" \/>\n<meta property=\"article:modified_time\" content=\"2024-10-28T22:46:22+00:00\" \/>\n<meta property=\"og:image\" content=\"https:\/\/www.distribucionarc.com\/wp-content\/uploads\/2024\/10\/Maquina-Selladora-de-Latas-ANR-171.png\" \/>\n\t<meta property=\"og:image:width\" content=\"715\" \/>\n\t<meta property=\"og:image:height\" content=\"590\" \/>\n\t<meta property=\"og:image:type\" content=\"image\/png\" \/>\n<meta name=\"twitter:card\" content=\"summary_large_image\" \/>\n<meta name=\"twitter:label1\" content=\"Est. reading time\" \/>\n\t<meta name=\"twitter:data1\" content=\"3 minut\u0117s\" \/>\n<script type=\"application\/ld+json\" class=\"yoast-schema-graph\">{\"@context\":\"https:\/\/schema.org\",\"@graph\":[{\"@type\":\"WebPage\",\"@id\":\"https:\/\/www.distribucionarc.com\/sk\/producto\/selladora-de-latas-grandes-cuadradas-y-circulares-lineal-anr-171\/\",\"url\":\"https:\/\/www.distribucionarc.com\/sk\/producto\/selladora-de-latas-grandes-cuadradas-y-circulares-lineal-anr-171\/\",\"name\":\"Selladora de latas grandes cuadradas y circulares lineal ANR-171 - distribuci\u00f3n ARC\",\"isPartOf\":{\"@id\":\"https:\/\/www.distribucionarc.com\/sl\/#website\"},\"primaryImageOfPage\":{\"@id\":\"https:\/\/www.distribucionarc.com\/sk\/producto\/selladora-de-latas-grandes-cuadradas-y-circulares-lineal-anr-171\/#primaryimage\"},\"image\":{\"@id\":\"https:\/\/www.distribucionarc.com\/sk\/producto\/selladora-de-latas-grandes-cuadradas-y-circulares-lineal-anr-171\/#primaryimage\"},\"thumbnailUrl\":\"https:\/\/distribucionarc.com\/wp-content\/uploads\/2024\/10\/Maquina-Selladora-de-Latas-ANR-171.png\",\"datePublished\":\"2024-10-28T21:03:02+00:00\",\"dateModified\":\"2024-10-28T22:46:22+00:00\",\"breadcrumb\":{\"@id\":\"https:\/\/www.distribucionarc.com\/sk\/producto\/selladora-de-latas-grandes-cuadradas-y-circulares-lineal-anr-171\/#breadcrumb\"},\"inLanguage\":\"lt-LT\",\"potentialAction\":[{\"@type\":\"ReadAction\",\"target\":[\"https:\/\/www.distribucionarc.com\/sk\/producto\/selladora-de-latas-grandes-cuadradas-y-circulares-lineal-anr-171\/\"]}]},{\"@type\":\"ImageObject\",\"inLanguage\":\"lt-LT\",\"@id\":\"https:\/\/www.distribucionarc.com\/sk\/producto\/selladora-de-latas-grandes-cuadradas-y-circulares-lineal-anr-171\/#primaryimage\",\"url\":\"https:\/\/distribucionarc.com\/wp-content\/uploads\/2024\/10\/Maquina-Selladora-de-Latas-ANR-171.png\",\"contentUrl\":\"https:\/\/distribucionarc.com\/wp-content\/uploads\/2024\/10\/Maquina-Selladora-de-Latas-ANR-171.png\",\"width\":715,\"height\":590},{\"@type\":\"BreadcrumbList\",\"@id\":\"https:\/\/www.distribucionarc.com\/sk\/producto\/selladora-de-latas-grandes-cuadradas-y-circulares-lineal-anr-171\/#breadcrumb\",\"itemListElement\":[{\"@type\":\"ListItem\",\"position\":1,\"name\":\"Portada\",\"item\":\"https:\/\/www.distribucionarc.com\/\"},{\"@type\":\"ListItem\",\"position\":2,\"name\":\"\u00dcr\u00fcnler\",\"item\":\"https:\/\/www.distribucionarc.com\/tr\/magaza\/\"},{\"@type\":\"ListItem\",\"position\":3,\"name\":\"Selladora de latas grandes cuadradas y circulares lineal ANR-171\"}]},{\"@type\":\"WebSite\",\"@id\":\"https:\/\/www.distribucionarc.com\/sl\/#website\",\"url\":\"https:\/\/www.distribucionarc.com\/sl\/\",\"name\":\"distribuci\u00f3n ARC\",\"description\":\"Empresa especializada en la fabricaci\u00f3n y distribuci\u00f3n de maquinaria industrial, selladoras de latas, Maquinas de hacer pastillas, Maquinas de cortar carne...\",\"publisher\":{\"@id\":\"https:\/\/www.distribucionarc.com\/sl\/#organization\"},\"potentialAction\":[{\"@type\":\"SearchAction\",\"target\":{\"@type\":\"EntryPoint\",\"urlTemplate\":\"https:\/\/www.distribucionarc.com\/sl\/?s={search_term_string}\"},\"query-input\":{\"@type\":\"PropertyValueSpecification\",\"valueRequired\":true,\"valueName\":\"search_term_string\"}}],\"inLanguage\":\"lt-LT\"},{\"@type\":\"Organization\",\"@id\":\"https:\/\/www.distribucionarc.com\/sl\/#organization\",\"name\":\"Distribuci\u00f3n ARC\",\"url\":\"https:\/\/www.distribucionarc.com\/sl\/\",\"logo\":{\"@type\":\"ImageObject\",\"inLanguage\":\"lt-LT\",\"@id\":\"https:\/\/www.distribucionarc.com\/sl\/#\/schema\/logo\/image\/\",\"url\":\"https:\/\/distribucionarc.com\/wp-content\/uploads\/2024\/10\/distribucion-ARC-COLOR-SIN-FONDO-e1732295305345.png\",\"contentUrl\":\"https:\/\/distribucionarc.com\/wp-content\/uploads\/2024\/10\/distribucion-ARC-COLOR-SIN-FONDO-e1732295305345.png\",\"width\":1164,\"height\":558,\"caption\":\"Distribuci\u00f3n ARC\"},\"image\":{\"@id\":\"https:\/\/www.distribucionarc.com\/sl\/#\/schema\/logo\/image\/\"},\"description\":\"Empresa especializada en la fabricaci\u00f3n y distribuci\u00f3n de maquinaria industrial para los sectores alimentario y farmac\u00e9utico. Nos especializamos en: M\u00e1quinas de cortar carne Fabricaci\u00f3n de comprimidos Sistemas de transporte industrial L\u00edneas de embotellado Dosificadores Y mucho m\u00e1s... Ofrecemos soluciones innovadoras y personalizadas para optimizar los procesos productivos de tu empresa.\",\"email\":\"Admistracion@distribucionarc.com\",\"telephone\":\"+34 643496664\",\"legalName\":\"ARC TECH SOLUTIONS\",\"foundingDate\":\"2024-04-09\",\"vatID\":\"B55480172\",\"numberOfEmployees\":{\"@type\":\"QuantitativeValue\",\"minValue\":\"1\",\"maxValue\":\"10\"}}]}<\/script>\n<!-- \/ Yoast SEO Premium plugin. -->","yoast_head_json":{"title":"ANR-171 linijinis didelis kvadratinis ir apskritas skardini\u0173 sandariklis \u2013 ARC paskirstymas","robots":{"index":"index","follow":"follow","max-snippet":"max-snippet:-1","max-image-preview":"max-image-preview:large","max-video-preview":"max-video-preview:-1"},"canonical":"https:\/\/www.distribucionarc.com\/sk\/producto\/selladora-de-latas-grandes-cuadradas-y-circulares-lineal-anr-171\/","og_locale":"lt_LT","og_type":"article","og_title":"Selladora de latas grandes cuadradas y circulares lineal ANR-171","og_description":"La Selladora de Latas Grandes Cuadradas y Circulares Lineal ANR-171 es una m\u00e1quina especializada dise\u00f1ada para sellar de forma herm\u00e9tica latas de distintos tama\u00f1os y formas, principalmente redondas y cuadradas. Su funci\u00f3n principal es asegurar un cierre preciso y seguro de las latas. Utilizada en las industrias de alimentos, productos qu\u00edmicos, agr\u00edcolas y cosm\u00e9ticos, esta m\u00e1quina es vers\u00e1til y puede adaptarse a diversos tipos de sellado, optimizando la eficiencia en el envasado y mejorando la seguridad y conservaci\u00f3n de los productos.","og_url":"https:\/\/www.distribucionarc.com\/sk\/producto\/selladora-de-latas-grandes-cuadradas-y-circulares-lineal-anr-171\/","og_site_name":"distribuci\u00f3n ARC","article_modified_time":"2024-10-28T22:46:22+00:00","og_image":[{"width":715,"height":590,"url":"https:\/\/www.distribucionarc.com\/wp-content\/uploads\/2024\/10\/Maquina-Selladora-de-Latas-ANR-171.png","type":"image\/png"}],"twitter_card":"summary_large_image","twitter_misc":{"Est. reading time":"3 minut\u0117s"},"schema":{"@context":"https:\/\/schema.org","@graph":[{"@type":"WebPage","@id":"https:\/\/www.distribucionarc.com\/sk\/producto\/selladora-de-latas-grandes-cuadradas-y-circulares-lineal-anr-171\/","url":"https:\/\/www.distribucionarc.com\/sk\/producto\/selladora-de-latas-grandes-cuadradas-y-circulares-lineal-anr-171\/","name":"ANR-171 linijinis didelis kvadratinis ir apskritas skardini\u0173 sandariklis \u2013 ARC paskirstymas","isPartOf":{"@id":"https:\/\/www.distribucionarc.com\/sl\/#website"},"primaryImageOfPage":{"@id":"https:\/\/www.distribucionarc.com\/sk\/producto\/selladora-de-latas-grandes-cuadradas-y-circulares-lineal-anr-171\/#primaryimage"},"image":{"@id":"https:\/\/www.distribucionarc.com\/sk\/producto\/selladora-de-latas-grandes-cuadradas-y-circulares-lineal-anr-171\/#primaryimage"},"thumbnailUrl":"https:\/\/distribucionarc.com\/wp-content\/uploads\/2024\/10\/Maquina-Selladora-de-Latas-ANR-171.png","datePublished":"2024-10-28T21:03:02+00:00","dateModified":"2024-10-28T22:46:22+00:00","breadcrumb":{"@id":"https:\/\/www.distribucionarc.com\/sk\/producto\/selladora-de-latas-grandes-cuadradas-y-circulares-lineal-anr-171\/#breadcrumb"},"inLanguage":"lt-LT","potentialAction":[{"@type":"ReadAction","target":["https:\/\/www.distribucionarc.com\/sk\/producto\/selladora-de-latas-grandes-cuadradas-y-circulares-lineal-anr-171\/"]}]},{"@type":"ImageObject","inLanguage":"lt-LT","@id":"https:\/\/www.distribucionarc.com\/sk\/producto\/selladora-de-latas-grandes-cuadradas-y-circulares-lineal-anr-171\/#primaryimage","url":"https:\/\/distribucionarc.com\/wp-content\/uploads\/2024\/10\/Maquina-Selladora-de-Latas-ANR-171.png","contentUrl":"https:\/\/distribucionarc.com\/wp-content\/uploads\/2024\/10\/Maquina-Selladora-de-Latas-ANR-171.png","width":715,"height":590},{"@type":"BreadcrumbList","@id":"https:\/\/www.distribucionarc.com\/sk\/producto\/selladora-de-latas-grandes-cuadradas-y-circulares-lineal-anr-171\/#breadcrumb","itemListElement":[{"@type":"ListItem","position":1,"name":"Portada","item":"https:\/\/www.distribucionarc.com\/"},{"@type":"ListItem","position":2,"name":"\u00dcr\u00fcnler","item":"https:\/\/www.distribucionarc.com\/tr\/magaza\/"},{"@type":"ListItem","position":3,"name":"Selladora de latas grandes cuadradas y circulares lineal ANR-171"}]},{"@type":"WebSite","@id":"https:\/\/www.distribucionarc.com\/sl\/#website","url":"https:\/\/www.distribucionarc.com\/sl\/","name":"ARC paskirstymas","description":"\u012emon\u0117 specializuojasi pramonini\u0173 ma\u0161in\u0173, skardini\u0173 sandarinimo ma\u0161in\u0173, table\u010di\u0173 gamybos ma\u0161in\u0173, m\u0117sos pjaustymo ma\u0161in\u0173 gamyboje ir platinime...","publisher":{"@id":"https:\/\/www.distribucionarc.com\/sl\/#organization"},"potentialAction":[{"@type":"SearchAction","target":{"@type":"EntryPoint","urlTemplate":"https:\/\/www.distribucionarc.com\/sl\/?s={search_term_string}"},"query-input":{"@type":"PropertyValueSpecification","valueRequired":true,"valueName":"search_term_string"}}],"inLanguage":"lt-LT"},{"@type":"Organization","@id":"https:\/\/www.distribucionarc.com\/sl\/#organization","name":"ARC platinimas","url":"https:\/\/www.distribucionarc.com\/sl\/","logo":{"@type":"ImageObject","inLanguage":"lt-LT","@id":"https:\/\/www.distribucionarc.com\/sl\/#\/schema\/logo\/image\/","url":"https:\/\/distribucionarc.com\/wp-content\/uploads\/2024\/10\/distribucion-ARC-COLOR-SIN-FONDO-e1732295305345.png","contentUrl":"https:\/\/distribucionarc.com\/wp-content\/uploads\/2024\/10\/distribucion-ARC-COLOR-SIN-FONDO-e1732295305345.png","width":1164,"height":558,"caption":"Distribuci\u00f3n ARC"},"image":{"@id":"https:\/\/www.distribucionarc.com\/sl\/#\/schema\/logo\/image\/"},"description":"\u012emon\u0117 specializuojasi maisto ir farmacijos sektoriams skirt\u0173 pramonini\u0173 ma\u0161in\u0173 gamyboje ir platinime. M\u016bs\u0173 specializacija: M\u0117sos pjaustymo ma\u0161inos Table\u010di\u0173 gamyba Pramonin\u0117s transportavimo sistemos I\u0161pilstymo linijos Dozatoriai Ir dar daugiau... Si\u016blome novatori\u0161kus ir individualiems poreikiams pritaikytus sprendimus, kad optimizuotume j\u016bs\u0173 \u012fmon\u0117s gamybos procesus.","email":"Admistracion@distribucionarc.com","telephone":"+34 643496664","legalName":"ARC TECH SOLUTIONS","foundingDate":"2024-04-09","vatID":"B55480172","numberOfEmployees":{"@type":"QuantitativeValue","minValue":"1","maxValue":"10"}}]}},"_links":{"self":[{"href":"https:\/\/distribucionarc.com\/lt\/wp-json\/wp\/v2\/product\/8219","targetHints":{"allow":["GET"]}}],"collection":[{"href":"https:\/\/distribucionarc.com\/lt\/wp-json\/wp\/v2\/product"}],"about":[{"href":"https:\/\/distribucionarc.com\/lt\/wp-json\/wp\/v2\/types\/product"}],"replies":[{"embeddable":true,"href":"https:\/\/distribucionarc.com\/lt\/wp-json\/wp\/v2\/comments?post=8219"}],"version-history":[{"count":0,"href":"https:\/\/distribucionarc.com\/lt\/wp-json\/wp\/v2\/product\/8219\/revisions"}],"wp:featuredmedia":[{"embeddable":true,"href":"https:\/\/distribucionarc.com\/lt\/wp-json\/wp\/v2\/media\/8223"}],"wp:attachment":[{"href":"https:\/\/distribucionarc.com\/lt\/wp-json\/wp\/v2\/media?parent=8219"}],"wp:term":[{"taxonomy":"product_brand","embeddable":true,"href":"https:\/\/distribucionarc.com\/lt\/wp-json\/wp\/v2\/product_brand?post=8219"},{"taxonomy":"product_cat","embeddable":true,"href":"https:\/\/distribucionarc.com\/lt\/wp-json\/wp\/v2\/product_cat?post=8219"},{"taxonomy":"product_tag","embeddable":true,"href":"https:\/\/distribucionarc.com\/lt\/wp-json\/wp\/v2\/product_tag?post=8219"}],"curies":[{"name":"wp","href":"https:\/\/api.w.org\/{rel}","templated":true}]}}