{"id":8228,"date":"2024-10-28T21:32:30","date_gmt":"2024-10-28T21:32:30","guid":{"rendered":"https:\/\/distribucionarc.com\/?post_type=product&#038;p=8228"},"modified":"2024-12-03T18:42:03","modified_gmt":"2024-12-03T18:42:03","slug":"pusiau-automatinis-vakuuminis-skardiniu-sandariklis-su-azotu-anr-08","status":"publish","type":"product","link":"https:\/\/distribucionarc.com\/lt\/producto\/selladora-semiautomatica-de-latas-al-vacio-con-nitrogeno-anr-08\/","title":{"rendered":"Pusiau automatinis azoto vakuuminis skardini\u0173 sandariklis ANR-08"},"content":{"rendered":"<p>Norite savo gaminius i\u0161laikyti \u0161vie\u017eius \ud83e\udd57 ir geriausiomis s\u0105lygomis ilgiau? The <strong>Pusiau automatinis vakuuminis skardini\u0173 sandariklis su azotu ANR-08<\/strong> yra jums reikalinga priemon\u0117. \u0160i ma\u0161ina taip pat \u017einoma kaip <em>vakuuminis skardini\u0173 sandariklis<\/em> arba <em>skardini\u0173 sandarinimo ma\u0161ina<\/em>\u2014 ne tik hermeti\u0161kai u\u017esandarina, bet ir tai daro naudojant pa\u017eangi\u0105 azoto \u012fpur\u0161kimo technologij\u0105, idealiai tinkan\u010di\u0105 u\u017ekirsti keli\u0105 oksidacijai ir i\u0161saugoti j\u016bs\u0173 gamini\u0173 kokyb\u0119.<\/p>\n<h3><strong>Kuo \u0161i ma\u0161ina ypatinga?<\/strong> \u2728<\/h3>\n<ul>\n<li><strong>Prailginkite savo gamini\u0173 tarnavimo laik\u0105:<\/strong> D\u0117l azoto \u012fpur\u0161kimo jis suma\u017eina deguonies kiek\u012f skardini\u0173 viduje, apsaugodamas j\u0173 turin\u012f. \ud83d\udd52<\/li>\n<li><strong>Venkite deformacij\u0173:<\/strong> Dujos sukuria \u017eemo sl\u0117gio aplink\u0105, kuri i\u0161laiko ind\u0105 nepa\u017eeist\u0105. \ud83d\udee1\ufe0f<\/li>\n<li><strong>Tikslus sandarinimas:<\/strong> Reguliuojamas sukimo momento valdiklis u\u017etikrina, kad kiekvienas dangtelis b\u016bt\u0173 sandariai u\u017edarytas ir nepa\u017eeistas. \ud83d\udd27<\/li>\n<\/ul>\n<h3><strong>Kaip tai veikia?<\/strong> \ud83e\udd14<\/h3>\n<p>Tai labai paprasta:<br \/>\n1\ufe0f\u20e3 Pad\u0117kite skardin\u0119 ant ma\u0161inos pagrindo ir \u012fsitikinkite, kad ji gerai i\u0161d\u0117styta.<br \/>\n2\ufe0f\u20e3 Sistema pa\u0161alina or\u0105 i\u0161 konteinerio, kad sukurt\u0173 tobul\u0105 vakuum\u0105 \ud83c\udf2c\ufe0f.<br \/>\n3\ufe0f\u20e3 Tada \u012fpur\u0161kiamas azotas, i\u0161stumiantis deguonies liku\u010dius \ud83e\uddf4.<br \/>\n4\ufe0f\u20e3 Sandarinimo galvut\u0117 u\u017efiksuoja dangtel\u012f tiksliai prispaud\u017eiant \ud83c\udfaf.<br \/>\n5\ufe0f\u20e3 Padaryta! I\u0161imkite sandari\u0105 skardin\u0119 ir pereikite prie kito \u017eingsnio \ud83d\ude9a.<\/p>\n<p>Su \u0161iuo procesu J\u016bs\u0173 gaminiai bus ne tik apsaugoti, bet ir nepriekai\u0161tingai atrodys. Tai <strong>skardini\u0173 sandarinimo ma\u0161ina<\/strong> Puikiai tinka maistui, g\u0117rimams (pvz., alui \ud83c\udf7a) ir kitiems produktams, kuriems reikalingas optimalus konservavimas.<\/p>\n<h3><\/h3>\n<p><a href=\"https:\/\/distribucionarc.com\/wp-content\/uploads\/2024\/10\/Sellado-Hermetico-de-Latas-con-Inyeccion-de-Nitrogeno-2.png\"><img loading=\"lazy\" decoding=\"async\" class=\"alignnone size-medium wp-image-8230\" src=\"https:\/\/distribucionarc.com\/wp-content\/uploads\/2024\/10\/Sellado-Hermetico-de-Latas-con-Inyeccion-de-Nitrogeno-2-287x300.png\" alt=\"\" width=\"287\" height=\"300\" srcset=\"https:\/\/distribucionarc.com\/wp-content\/uploads\/2024\/10\/Sellado-Hermetico-de-Latas-con-Inyeccion-de-Nitrogeno-2-287x300.png 287w, https:\/\/distribucionarc.com\/wp-content\/uploads\/2024\/10\/Sellado-Hermetico-de-Latas-con-Inyeccion-de-Nitrogeno-2-150x157.png 150w, https:\/\/distribucionarc.com\/wp-content\/uploads\/2024\/10\/Sellado-Hermetico-de-Latas-con-Inyeccion-de-Nitrogeno-2-11x12.png 11w, https:\/\/distribucionarc.com\/wp-content\/uploads\/2024\/10\/Sellado-Hermetico-de-Latas-con-Inyeccion-de-Nitrogeno-2.png 409w\" sizes=\"auto, (max-width: 287px) 100vw, 287px\" \/><\/a>\u00a0 \u00a0 \u00a0 \u00a0 \u00a0 \u00a0 \u00a0 \u00a0 \u00a0 <a href=\"https:\/\/distribucionarc.com\/wp-content\/uploads\/2024\/10\/Sellado-Hermetico-de-Latas-con-Inyeccion-de-Nitrogeno-1.png\"><img loading=\"lazy\" decoding=\"async\" class=\"alignnone size-medium wp-image-8229\" src=\"https:\/\/distribucionarc.com\/wp-content\/uploads\/2024\/10\/Sellado-Hermetico-de-Latas-con-Inyeccion-de-Nitrogeno-1-261x300.png\" alt=\"\" width=\"261\" height=\"300\" srcset=\"https:\/\/distribucionarc.com\/wp-content\/uploads\/2024\/10\/Sellado-Hermetico-de-Latas-con-Inyeccion-de-Nitrogeno-1-261x300.png 261w, https:\/\/distribucionarc.com\/wp-content\/uploads\/2024\/10\/Sellado-Hermetico-de-Latas-con-Inyeccion-de-Nitrogeno-1-430x494.png 430w, https:\/\/distribucionarc.com\/wp-content\/uploads\/2024\/10\/Sellado-Hermetico-de-Latas-con-Inyeccion-de-Nitrogeno-1-150x172.png 150w, https:\/\/distribucionarc.com\/wp-content\/uploads\/2024\/10\/Sellado-Hermetico-de-Latas-con-Inyeccion-de-Nitrogeno-1-10x12.png 10w, https:\/\/distribucionarc.com\/wp-content\/uploads\/2024\/10\/Sellado-Hermetico-de-Latas-con-Inyeccion-de-Nitrogeno-1.png 480w\" sizes=\"auto, (max-width: 261px) 100vw, 261px\" \/><\/a><\/p>\n<div class=\"container\"><\/div>\n<p>&nbsp;<\/p>\n<h3><strong>Technin\u0117s specifikacijos<\/strong> \ud83d\udccb<\/h3>\n<table>\n<thead>\n<tr>\n<th>Specifikacija<\/th>\n<th>Detal\u0117<\/th>\n<\/tr>\n<\/thead>\n<tbody>\n<tr>\n<td><strong>Ma\u0161inos dydis<\/strong><\/td>\n<td>780 x 580 x 1750 mm<\/td>\n<\/tr>\n<tr>\n<td><strong>\u012etampa<\/strong><\/td>\n<td>220V\/50Hz<\/td>\n<\/tr>\n<tr>\n<td><strong>Gamyba<\/strong><\/td>\n<td>4-6 skardin\u0117s\/min<\/td>\n<\/tr>\n<tr>\n<td><strong>Galia<\/strong><\/td>\n<td>2,25 kW<\/td>\n<\/tr>\n<tr>\n<td><strong>Skardin\u0117s skersmuo<\/strong><\/td>\n<td>50-130 mm<\/td>\n<\/tr>\n<tr>\n<td><strong>Maksimalus skardin\u0117s auk\u0161tis<\/strong><\/td>\n<td>50-200 mm<\/td>\n<\/tr>\n<tr>\n<td><strong>Svoris<\/strong><\/td>\n<td>300 kg<\/td>\n<\/tr>\n<tr>\n<td><strong>Modelis<\/strong><\/td>\n<td>ANR-08<\/td>\n<\/tr>\n<tr>\n<td><strong>oro sl\u0117gis<\/strong><\/td>\n<td>0,3\u20130,6 MPa<\/td>\n<\/tr>\n<tr>\n<td><strong>Skardos plok\u0161t\u0117s storis<\/strong><\/td>\n<td>Iki 0,4 mm<\/td>\n<\/tr>\n<tr>\n<td><strong>SKU<\/strong><\/td>\n<td>AR00220<\/td>\n<\/tr>\n<tr>\n<td><strong>Garantija<\/strong><\/td>\n<td>2 metai<\/td>\n<\/tr>\n<\/tbody>\n<\/table>\n<p><a href=\"https:\/\/distribucionarc.com\/wp-content\/uploads\/2024\/10\/Equipo-Industrial-selladora-al-vacio-con-nitrogeno.png\"><img loading=\"lazy\" decoding=\"async\" class=\"alignnone size-medium wp-image-8232\" src=\"https:\/\/distribucionarc.com\/wp-content\/uploads\/2024\/10\/Equipo-Industrial-selladora-al-vacio-con-nitrogeno-300x264.png\" alt=\"\" width=\"300\" height=\"264\" srcset=\"https:\/\/distribucionarc.com\/wp-content\/uploads\/2024\/10\/Equipo-Industrial-selladora-al-vacio-con-nitrogeno-300x264.png 300w, https:\/\/distribucionarc.com\/wp-content\/uploads\/2024\/10\/Equipo-Industrial-selladora-al-vacio-con-nitrogeno-150x132.png 150w, https:\/\/distribucionarc.com\/wp-content\/uploads\/2024\/10\/Equipo-Industrial-selladora-al-vacio-con-nitrogeno-14x12.png 14w, https:\/\/distribucionarc.com\/wp-content\/uploads\/2024\/10\/Equipo-Industrial-selladora-al-vacio-con-nitrogeno.png 402w\" sizes=\"auto, (max-width: 300px) 100vw, 300px\" \/><\/a><\/p>\n<h3><strong>Kod\u0117l verta rinktis ANR-08 sandarikl\u012f?<\/strong> \ud83d\udca1<\/h3>\n<p>\u0160i ma\u0161ina skirta <strong>palengvinti savo darb\u0105<\/strong> ir pasi\u016blysime nuoseklius rezultatus:<\/p>\n<ul>\n<li>I\u0161saugokite savo gamini\u0173 \u0161vie\u017eum\u0105 ir kokyb\u0119, suma\u017eindami atliek\u0173 kiek\u012f \ud83d\udee1\ufe0f.<\/li>\n<li>Idealiai tinka maisto, konserv\u0173 \ud83e\udd6b ir g\u0117rim\u0173 \ud83c\udf7b sektoriams.<\/li>\n<li>Jo tvirta konstrukcija garantuoja ilgaam\u017ei\u0161kum\u0105 ir lengv\u0105 prie\u017ei\u016br\u0105.<\/li>\n<\/ul>\n<p>Su <strong>ANR-08 Vakuuminis skardin\u0117s sandariklis<\/strong>, tur\u0117site efektyv\u0173 ir prakti\u0161k\u0105 sprendim\u0105, kad j\u016bs\u0173 gaminiai visada b\u016bt\u0173 geriausios b\u016bkl\u0117s \ud83e\udd47. Pasiruo\u0161\u0119 perkelti savo gamyb\u0105 \u012f kit\u0105 lyg\u012f? \ud83d\ude80<\/p>","protected":false},"excerpt":{"rendered":"<p>The <strong>Pusiau automatinis vakuuminis skardini\u0173 sandariklis su azotu ANR-08<\/strong> yra aparatas, skirtas skardini\u0173 vakuuminiam sandarinimui, \u012fpur\u0161kiant azoto dujas, siekiant i\u0161saugoti turin\u012f. Pagrindin\u0117 jo funkcija yra sukurti kontroliuojam\u0105 aplink\u0105 skardin\u0117s viduje, suma\u017einant deguonies kiek\u012f, kad pailg\u0117t\u0173 produkto \u0161vie\u017eumas ir kokyb\u0117. Tarp svarbiausi\u0173 jo komponent\u0173 yra reguliuojamas sukimo momento valdiklis, leid\u017eiantis tiksliai u\u017esandarinti besisukant\u012f dangt\u012f ir suma\u017einti detali\u0173 susid\u0117v\u0117jim\u0105, vakuumo ir azoto \u012fpur\u0161kimo sistema bei atspari konstrukcija i\u0161 304 ir 420 plieno, u\u017etikrinanti ilgaam\u017ei\u0161kum\u0105 ir ma\u017e\u0105 gedim\u0173 da\u017en\u012f.<\/p>\n<p>\u0160i ma\u0161ina pritaikoma \u012fvairiose pramon\u0117s \u0161akose, pavyzd\u017eiui, maisto, chemijos, \u017eem\u0117s \u016bkio ir kosmetikos pramon\u0117je, kur garantuoja auk\u0161tos kokyb\u0117s sandarum\u0105, kuris apsaugo turin\u012f nuo ter\u0161al\u0173, pagerina konservavim\u0105 ir u\u017etikrina ilg\u0105 gaminio naudojimo laik\u0105.<\/p>","protected":false},"featured_media":8233,"comment_status":"open","ping_status":"closed","template":"","meta":{"wds_primary_product_brand":0,"wds_primary_product_cat":0},"product_brand":[],"product_cat":[62],"product_tag":[],"class_list":{"0":"post-8228","1":"product","2":"type-product","3":"status-publish","4":"has-post-thumbnail","6":"product_cat-selladoras-de-latas","8":"first","9":"instock","10":"taxable","11":"shipping-taxable","12":"purchasable","13":"product-type-simple"},"yoast_head":"<!-- This site is optimized with the Yoast SEO Premium plugin v24.9 (Yoast SEO v26.1) - https:\/\/yoast.com\/wordpress\/plugins\/seo\/ -->\n<title>Selladora semiautom\u00e1tica de latas al vac\u00edo con nitr\u00f3geno ANR-08 - distribuci\u00f3n ARC<\/title>\n<meta name=\"description\" content=\"Selladora Semiautom\u00e1tica de Latas al Vac\u00edo ANR-08, dise\u00f1ada para un sellado herm\u00e9tico con inyecci\u00f3n de nitr\u00f3geno. Ideal para conservar frescura y calidad en alimentos, bebidas y m\u00e1s. \u00a1Eficiencia garantizada! \ud83d\ude80\" \/>\n<meta name=\"robots\" content=\"index, follow, max-snippet:-1, max-image-preview:large, max-video-preview:-1\" \/>\n<link rel=\"canonical\" href=\"https:\/\/www.distribucionarc.com\/pl\/producto\/selladora-semiautomatica-de-latas-al-vacio-con-nitrogeno-anr-08\/\" \/>\n<meta property=\"og:locale\" content=\"lt_LT\" \/>\n<meta property=\"og:type\" content=\"article\" \/>\n<meta property=\"og:title\" content=\"Selladora semiautom\u00e1tica de latas al vac\u00edo con nitr\u00f3geno ANR-08\" \/>\n<meta property=\"og:description\" content=\"Selladora Semiautom\u00e1tica de Latas al Vac\u00edo ANR-08, dise\u00f1ada para un sellado herm\u00e9tico con inyecci\u00f3n de nitr\u00f3geno. Ideal para conservar frescura y calidad en alimentos, bebidas y m\u00e1s. \u00a1Eficiencia garantizada! \ud83d\ude80\" \/>\n<meta property=\"og:url\" content=\"https:\/\/www.distribucionarc.com\/pl\/producto\/selladora-semiautomatica-de-latas-al-vacio-con-nitrogeno-anr-08\/\" \/>\n<meta property=\"og:site_name\" content=\"distribuci\u00f3n ARC\" \/>\n<meta property=\"article:modified_time\" content=\"2024-12-03T18:42:03+00:00\" \/>\n<meta property=\"og:image\" content=\"https:\/\/www.distribucionarc.com\/wp-content\/uploads\/2024\/10\/Selladora-al-Vacio-con-Nitrogeno.png\" \/>\n\t<meta property=\"og:image:width\" content=\"391\" \/>\n\t<meta property=\"og:image:height\" content=\"348\" \/>\n\t<meta property=\"og:image:type\" content=\"image\/png\" \/>\n<meta name=\"twitter:card\" content=\"summary_large_image\" \/>\n<meta name=\"twitter:label1\" content=\"Est. reading time\" \/>\n\t<meta name=\"twitter:data1\" content=\"3 minut\u0117s\" \/>\n<script type=\"application\/ld+json\" class=\"yoast-schema-graph\">{\"@context\":\"https:\/\/schema.org\",\"@graph\":[{\"@type\":\"WebPage\",\"@id\":\"https:\/\/www.distribucionarc.com\/pl\/producto\/selladora-semiautomatica-de-latas-al-vacio-con-nitrogeno-anr-08\/\",\"url\":\"https:\/\/www.distribucionarc.com\/pl\/producto\/selladora-semiautomatica-de-latas-al-vacio-con-nitrogeno-anr-08\/\",\"name\":\"Selladora semiautom\u00e1tica de latas al vac\u00edo con nitr\u00f3geno ANR-08 - distribuci\u00f3n ARC\",\"isPartOf\":{\"@id\":\"https:\/\/www.distribucionarc.com\/sl\/#website\"},\"primaryImageOfPage\":{\"@id\":\"https:\/\/www.distribucionarc.com\/pl\/producto\/selladora-semiautomatica-de-latas-al-vacio-con-nitrogeno-anr-08\/#primaryimage\"},\"image\":{\"@id\":\"https:\/\/www.distribucionarc.com\/pl\/producto\/selladora-semiautomatica-de-latas-al-vacio-con-nitrogeno-anr-08\/#primaryimage\"},\"thumbnailUrl\":\"https:\/\/distribucionarc.com\/wp-content\/uploads\/2024\/10\/Selladora-al-Vacio-con-Nitrogeno.png\",\"datePublished\":\"2024-10-28T21:32:30+00:00\",\"dateModified\":\"2024-12-03T18:42:03+00:00\",\"description\":\"Selladora Semiautom\u00e1tica de Latas al Vac\u00edo ANR-08, dise\u00f1ada para un sellado herm\u00e9tico con inyecci\u00f3n de nitr\u00f3geno. Ideal para conservar frescura y calidad en alimentos, bebidas y m\u00e1s. \u00a1Eficiencia garantizada! \ud83d\ude80\",\"breadcrumb\":{\"@id\":\"https:\/\/www.distribucionarc.com\/pl\/producto\/selladora-semiautomatica-de-latas-al-vacio-con-nitrogeno-anr-08\/#breadcrumb\"},\"inLanguage\":\"lt-LT\",\"potentialAction\":[{\"@type\":\"ReadAction\",\"target\":[\"https:\/\/www.distribucionarc.com\/pl\/producto\/selladora-semiautomatica-de-latas-al-vacio-con-nitrogeno-anr-08\/\"]}]},{\"@type\":\"ImageObject\",\"inLanguage\":\"lt-LT\",\"@id\":\"https:\/\/www.distribucionarc.com\/pl\/producto\/selladora-semiautomatica-de-latas-al-vacio-con-nitrogeno-anr-08\/#primaryimage\",\"url\":\"https:\/\/distribucionarc.com\/wp-content\/uploads\/2024\/10\/Selladora-al-Vacio-con-Nitrogeno.png\",\"contentUrl\":\"https:\/\/distribucionarc.com\/wp-content\/uploads\/2024\/10\/Selladora-al-Vacio-con-Nitrogeno.png\",\"width\":391,\"height\":348},{\"@type\":\"BreadcrumbList\",\"@id\":\"https:\/\/www.distribucionarc.com\/pl\/producto\/selladora-semiautomatica-de-latas-al-vacio-con-nitrogeno-anr-08\/#breadcrumb\",\"itemListElement\":[{\"@type\":\"ListItem\",\"position\":1,\"name\":\"Portada\",\"item\":\"https:\/\/www.distribucionarc.com\/\"},{\"@type\":\"ListItem\",\"position\":2,\"name\":\"\u00dcr\u00fcnler\",\"item\":\"https:\/\/www.distribucionarc.com\/tr\/magaza\/\"},{\"@type\":\"ListItem\",\"position\":3,\"name\":\"Selladora semiautom\u00e1tica de latas al vac\u00edo con nitr\u00f3geno ANR-08\"}]},{\"@type\":\"WebSite\",\"@id\":\"https:\/\/www.distribucionarc.com\/sl\/#website\",\"url\":\"https:\/\/www.distribucionarc.com\/sl\/\",\"name\":\"distribuci\u00f3n ARC\",\"description\":\"Empresa especializada en la fabricaci\u00f3n y distribuci\u00f3n de maquinaria industrial, selladoras de latas, Maquinas de hacer pastillas, Maquinas de cortar carne...\",\"publisher\":{\"@id\":\"https:\/\/www.distribucionarc.com\/sl\/#organization\"},\"potentialAction\":[{\"@type\":\"SearchAction\",\"target\":{\"@type\":\"EntryPoint\",\"urlTemplate\":\"https:\/\/www.distribucionarc.com\/sl\/?s={search_term_string}\"},\"query-input\":{\"@type\":\"PropertyValueSpecification\",\"valueRequired\":true,\"valueName\":\"search_term_string\"}}],\"inLanguage\":\"lt-LT\"},{\"@type\":\"Organization\",\"@id\":\"https:\/\/www.distribucionarc.com\/sl\/#organization\",\"name\":\"Distribuci\u00f3n ARC\",\"url\":\"https:\/\/www.distribucionarc.com\/sl\/\",\"logo\":{\"@type\":\"ImageObject\",\"inLanguage\":\"lt-LT\",\"@id\":\"https:\/\/www.distribucionarc.com\/sl\/#\/schema\/logo\/image\/\",\"url\":\"https:\/\/distribucionarc.com\/wp-content\/uploads\/2024\/10\/distribucion-ARC-COLOR-SIN-FONDO-e1732295305345.png\",\"contentUrl\":\"https:\/\/distribucionarc.com\/wp-content\/uploads\/2024\/10\/distribucion-ARC-COLOR-SIN-FONDO-e1732295305345.png\",\"width\":1164,\"height\":558,\"caption\":\"Distribuci\u00f3n ARC\"},\"image\":{\"@id\":\"https:\/\/www.distribucionarc.com\/sl\/#\/schema\/logo\/image\/\"},\"description\":\"Empresa especializada en la fabricaci\u00f3n y distribuci\u00f3n de maquinaria industrial para los sectores alimentario y farmac\u00e9utico. Nos especializamos en: M\u00e1quinas de cortar carne Fabricaci\u00f3n de comprimidos Sistemas de transporte industrial L\u00edneas de embotellado Dosificadores Y mucho m\u00e1s... Ofrecemos soluciones innovadoras y personalizadas para optimizar los procesos productivos de tu empresa.\",\"email\":\"Admistracion@distribucionarc.com\",\"telephone\":\"+34 643496664\",\"legalName\":\"ARC TECH SOLUTIONS\",\"foundingDate\":\"2024-04-09\",\"vatID\":\"B55480172\",\"numberOfEmployees\":{\"@type\":\"QuantitativeValue\",\"minValue\":\"1\",\"maxValue\":\"10\"}}]}<\/script>\n<!-- \/ Yoast SEO Premium plugin. -->","yoast_head_json":{"title":"Pusiau automatinis vakuuminis skardini\u0173 sandariklis su azotu ANR-08 - ARC paskirstymas","description":"ANR-08 pusiau automatinis vakuuminis skardin\u0117s sandariklis, skirtas hermeti\u0161kam sandarinimui su azoto \u012fpur\u0161kimu. Idealiai tinka maisto, g\u0117rim\u0173 ir kt. \u0161vie\u017eumui ir kokybei i\u0161saugoti. Efektyvumas garantuotas! \ud83d\ude80","robots":{"index":"index","follow":"follow","max-snippet":"max-snippet:-1","max-image-preview":"max-image-preview:large","max-video-preview":"max-video-preview:-1"},"canonical":"https:\/\/www.distribucionarc.com\/pl\/producto\/selladora-semiautomatica-de-latas-al-vacio-con-nitrogeno-anr-08\/","og_locale":"lt_LT","og_type":"article","og_title":"Selladora semiautom\u00e1tica de latas al vac\u00edo con nitr\u00f3geno ANR-08","og_description":"Selladora Semiautom\u00e1tica de Latas al Vac\u00edo ANR-08, dise\u00f1ada para un sellado herm\u00e9tico con inyecci\u00f3n de nitr\u00f3geno. Ideal para conservar frescura y calidad en alimentos, bebidas y m\u00e1s. \u00a1Eficiencia garantizada! \ud83d\ude80","og_url":"https:\/\/www.distribucionarc.com\/pl\/producto\/selladora-semiautomatica-de-latas-al-vacio-con-nitrogeno-anr-08\/","og_site_name":"distribuci\u00f3n ARC","article_modified_time":"2024-12-03T18:42:03+00:00","og_image":[{"width":391,"height":348,"url":"https:\/\/www.distribucionarc.com\/wp-content\/uploads\/2024\/10\/Selladora-al-Vacio-con-Nitrogeno.png","type":"image\/png"}],"twitter_card":"summary_large_image","twitter_misc":{"Est. reading time":"3 minut\u0117s"},"schema":{"@context":"https:\/\/schema.org","@graph":[{"@type":"WebPage","@id":"https:\/\/www.distribucionarc.com\/pl\/producto\/selladora-semiautomatica-de-latas-al-vacio-con-nitrogeno-anr-08\/","url":"https:\/\/www.distribucionarc.com\/pl\/producto\/selladora-semiautomatica-de-latas-al-vacio-con-nitrogeno-anr-08\/","name":"Pusiau automatinis vakuuminis skardini\u0173 sandariklis su azotu ANR-08 - ARC paskirstymas","isPartOf":{"@id":"https:\/\/www.distribucionarc.com\/sl\/#website"},"primaryImageOfPage":{"@id":"https:\/\/www.distribucionarc.com\/pl\/producto\/selladora-semiautomatica-de-latas-al-vacio-con-nitrogeno-anr-08\/#primaryimage"},"image":{"@id":"https:\/\/www.distribucionarc.com\/pl\/producto\/selladora-semiautomatica-de-latas-al-vacio-con-nitrogeno-anr-08\/#primaryimage"},"thumbnailUrl":"https:\/\/distribucionarc.com\/wp-content\/uploads\/2024\/10\/Selladora-al-Vacio-con-Nitrogeno.png","datePublished":"2024-10-28T21:32:30+00:00","dateModified":"2024-12-03T18:42:03+00:00","description":"ANR-08 pusiau automatinis vakuuminis skardin\u0117s sandariklis, skirtas hermeti\u0161kam sandarinimui su azoto \u012fpur\u0161kimu. Idealiai tinka maisto, g\u0117rim\u0173 ir kt. \u0161vie\u017eumui ir kokybei i\u0161saugoti. Efektyvumas garantuotas! \ud83d\ude80","breadcrumb":{"@id":"https:\/\/www.distribucionarc.com\/pl\/producto\/selladora-semiautomatica-de-latas-al-vacio-con-nitrogeno-anr-08\/#breadcrumb"},"inLanguage":"lt-LT","potentialAction":[{"@type":"ReadAction","target":["https:\/\/www.distribucionarc.com\/pl\/producto\/selladora-semiautomatica-de-latas-al-vacio-con-nitrogeno-anr-08\/"]}]},{"@type":"ImageObject","inLanguage":"lt-LT","@id":"https:\/\/www.distribucionarc.com\/pl\/producto\/selladora-semiautomatica-de-latas-al-vacio-con-nitrogeno-anr-08\/#primaryimage","url":"https:\/\/distribucionarc.com\/wp-content\/uploads\/2024\/10\/Selladora-al-Vacio-con-Nitrogeno.png","contentUrl":"https:\/\/distribucionarc.com\/wp-content\/uploads\/2024\/10\/Selladora-al-Vacio-con-Nitrogeno.png","width":391,"height":348},{"@type":"BreadcrumbList","@id":"https:\/\/www.distribucionarc.com\/pl\/producto\/selladora-semiautomatica-de-latas-al-vacio-con-nitrogeno-anr-08\/#breadcrumb","itemListElement":[{"@type":"ListItem","position":1,"name":"Portada","item":"https:\/\/www.distribucionarc.com\/"},{"@type":"ListItem","position":2,"name":"\u00dcr\u00fcnler","item":"https:\/\/www.distribucionarc.com\/tr\/magaza\/"},{"@type":"ListItem","position":3,"name":"Selladora semiautom\u00e1tica de latas al vac\u00edo con nitr\u00f3geno ANR-08"}]},{"@type":"WebSite","@id":"https:\/\/www.distribucionarc.com\/sl\/#website","url":"https:\/\/www.distribucionarc.com\/sl\/","name":"ARC paskirstymas","description":"\u012emon\u0117 specializuojasi pramonini\u0173 ma\u0161in\u0173, skardini\u0173 sandarinimo ma\u0161in\u0173, table\u010di\u0173 gamybos ma\u0161in\u0173, m\u0117sos pjaustymo ma\u0161in\u0173 gamyboje ir platinime...","publisher":{"@id":"https:\/\/www.distribucionarc.com\/sl\/#organization"},"potentialAction":[{"@type":"SearchAction","target":{"@type":"EntryPoint","urlTemplate":"https:\/\/www.distribucionarc.com\/sl\/?s={search_term_string}"},"query-input":{"@type":"PropertyValueSpecification","valueRequired":true,"valueName":"search_term_string"}}],"inLanguage":"lt-LT"},{"@type":"Organization","@id":"https:\/\/www.distribucionarc.com\/sl\/#organization","name":"ARC platinimas","url":"https:\/\/www.distribucionarc.com\/sl\/","logo":{"@type":"ImageObject","inLanguage":"lt-LT","@id":"https:\/\/www.distribucionarc.com\/sl\/#\/schema\/logo\/image\/","url":"https:\/\/distribucionarc.com\/wp-content\/uploads\/2024\/10\/distribucion-ARC-COLOR-SIN-FONDO-e1732295305345.png","contentUrl":"https:\/\/distribucionarc.com\/wp-content\/uploads\/2024\/10\/distribucion-ARC-COLOR-SIN-FONDO-e1732295305345.png","width":1164,"height":558,"caption":"Distribuci\u00f3n ARC"},"image":{"@id":"https:\/\/www.distribucionarc.com\/sl\/#\/schema\/logo\/image\/"},"description":"\u012emon\u0117 specializuojasi maisto ir farmacijos sektoriams skirt\u0173 pramonini\u0173 ma\u0161in\u0173 gamyboje ir platinime. M\u016bs\u0173 specializacija: M\u0117sos pjaustymo ma\u0161inos Table\u010di\u0173 gamyba Pramonin\u0117s transportavimo sistemos I\u0161pilstymo linijos Dozatoriai Ir dar daugiau... Si\u016blome novatori\u0161kus ir individualiems poreikiams pritaikytus sprendimus, kad optimizuotume j\u016bs\u0173 \u012fmon\u0117s gamybos procesus.","email":"Admistracion@distribucionarc.com","telephone":"+34 643496664","legalName":"ARC TECH SOLUTIONS","foundingDate":"2024-04-09","vatID":"B55480172","numberOfEmployees":{"@type":"QuantitativeValue","minValue":"1","maxValue":"10"}}]}},"_links":{"self":[{"href":"https:\/\/distribucionarc.com\/lt\/wp-json\/wp\/v2\/product\/8228","targetHints":{"allow":["GET"]}}],"collection":[{"href":"https:\/\/distribucionarc.com\/lt\/wp-json\/wp\/v2\/product"}],"about":[{"href":"https:\/\/distribucionarc.com\/lt\/wp-json\/wp\/v2\/types\/product"}],"replies":[{"embeddable":true,"href":"https:\/\/distribucionarc.com\/lt\/wp-json\/wp\/v2\/comments?post=8228"}],"version-history":[{"count":0,"href":"https:\/\/distribucionarc.com\/lt\/wp-json\/wp\/v2\/product\/8228\/revisions"}],"wp:featuredmedia":[{"embeddable":true,"href":"https:\/\/distribucionarc.com\/lt\/wp-json\/wp\/v2\/media\/8233"}],"wp:attachment":[{"href":"https:\/\/distribucionarc.com\/lt\/wp-json\/wp\/v2\/media?parent=8228"}],"wp:term":[{"taxonomy":"product_brand","embeddable":true,"href":"https:\/\/distribucionarc.com\/lt\/wp-json\/wp\/v2\/product_brand?post=8228"},{"taxonomy":"product_cat","embeddable":true,"href":"https:\/\/distribucionarc.com\/lt\/wp-json\/wp\/v2\/product_cat?post=8228"},{"taxonomy":"product_tag","embeddable":true,"href":"https:\/\/distribucionarc.com\/lt\/wp-json\/wp\/v2\/product_tag?post=8228"}],"curies":[{"name":"wp","href":"https:\/\/api.w.org\/{rel}","templated":true}]}}