{"id":839,"date":"2020-07-14T10:02:48","date_gmt":"2020-07-14T10:02:48","guid":{"rendered":"https:\/\/distribucionarc.com\/?post_type=product&#038;p=839"},"modified":"2022-11-30T15:44:03","modified_gmt":"2022-11-30T15:44:03","slug":"spurgu-vafline","status":"publish","type":"product","link":"https:\/\/distribucionarc.com\/lt\/producto\/maquina-para-hacer-gofres-rosquillas\/","title":{"rendered":"spurg\u0173 ma\u0161ina"},"content":{"rendered":"<h4>spurg\u0173 ma\u0161ina <span style=\"color: #ff0000;\">KAM<\/span><span style=\"color: #0000ff;\">R<\/span>CMGR1<\/h4>\n<p><strong>vaflin\u0117 ma\u0161ina <span style=\"color: #ff0000;\">KAM<\/span><span style=\"color: #0000ff;\">R<\/span>c<\/strong> mini spurgoms, padengtoms maistine ner\u016bdijan\u010dio plieno i\u0161orine d\u0117\u017eute ir suformuotomis aliuminio kaitinimo plok\u0161t\u0117mis. Antikorozinis, antikorozinis ir lengvai valomas.<\/p>\n<p>Dvipus\u0117s kaitinimo plok\u0161t\u0117s skanioms spurgoms formuoti (6 spurgos vienu metu). Teflonin\u0117 neprideganti danga leid\u017eia greitai virti ir lengvai i\u0161valyti. (Spurgos skersmuo 3 coliai, o spurgos storis 0,6 colio.) Vaflin\u0117 <strong><span style=\"color: #ff0000;\">KAM<\/span><span style=\"color: #0000ff;\">R<\/span>CMGR1<\/strong> yra tinkamas<strong> restoranai<\/strong>, <strong>kavin\u0117s<\/strong>, <strong>maisto parduotuv\u0117s<\/strong> ir <strong>kepini\u0173 perdirbimo skyriai<\/strong>.<\/p>\n<p>Tiksl\u016bs laikma\u010dio ir temperat\u016bros valdymo mygtukai su ai\u0161kiomis 0-5 min ir 50-300\u00baC skal\u0117mis. LED lemput\u0117s rodo \u0161ildymo b\u016bsen\u0105. <span style=\"color: #008000;\">Be to, pasiekusi maksimali\u0105 temperat\u016br\u0105 vaflin\u0117 gamina efektyviau.<\/span><\/p>\n<p>Lengvai nuimamas la\u0161eli\u0173 pad\u0117klas aplink form\u0105 patogiam valymui; V\u0117dinimo ventiliatoriai i\u0161 abiej\u0173 pusi\u0173 greitesniam \u0161ilumos i\u0161sklaidymui; Veiksmingai pritvirtinta ner\u016bdijan\u010dio plieno rankena apsaugo nuo nenumatyt\u0173 nelaiming\u0173 atsitikim\u0173.<\/p>\n<p>Tai <strong>spurg\u0173 ma\u0161ina<\/strong> sugeba skaniai, sald\u017eiai pagaminti viduje ir<strong> tra\u0161kus<\/strong> i\u0161or\u0117je \u2013 nepaprasto skonio, begalinio poskonio ir gundan\u010dio kvapo. \u0160okoladas, saldainiai ir kiti papuo\u0161imai gali b\u016bti pridedami sodriam ir \u012fvairiems skoniams<\/p>\n<p>&nbsp;<\/p>\n<h6><strong>Garantija\u00a0<span style=\"color: #ff0000;\">KAM<\/span><span style=\"color: #0000ff;\">R<\/span>C 2 METAI<\/strong><\/h6>\n<h6><strong><span style=\"color: #008000;\">Veiksminga spurg\u0173 vafli\u0173 ma\u0161ina, ma\u017eos s\u0105naudos 1350w<\/span><\/strong><\/h6>\n<h6><strong>\u012ftraukta technin\u0117 pagalba<\/strong>.<\/h6>\n<p>&nbsp;<\/p>\n<p>&nbsp;<\/p>\n<table role=\"presentation\" width=\"100%\" cellspacing=\"0\" cellpadding=\"0\">\n<tbody>\n<tr>\n<td class=\"attrLabels\">Temperat\u016bra:<\/td>\n<td width=\"50.0%\">50-300\u00baC<\/td>\n<\/tr>\n<tr>\n<td class=\"attrLabels\">Platinimo \u0161alis:<\/td>\n<td width=\"50.0%\">Ispanija, Vokietija, JAV<\/td>\n<td class=\"attrLabels\">Svoris:<\/td>\n<td width=\"50.0%\">15.kg<\/td>\n<\/tr>\n<tr>\n<td class=\"attrLabels\">Prekinis \u017eenklas:<\/td>\n<td width=\"50.0%\">ARC<\/td>\n<td class=\"attrLabels\">Auk\u0161tis:<\/td>\n<td width=\"50.0%\">9 cm<\/td>\n<\/tr>\n<tr>\n<td class=\"attrLabels\">Spalva:<\/td>\n<td width=\"50.0%\">Sidabras<\/td>\n<td class=\"attrLabels\">Ilgas:<\/td>\n<td width=\"50.0%\">11 cm<\/td>\n<\/tr>\n<tr>\n<td class=\"attrLabels\">Produkto tipas:<\/td>\n<td width=\"50.0%\">Spurg\u0173 vafli\u0173 aparatas<\/td>\n<td class=\"attrLabels\">Platus:<\/td>\n<td width=\"50.0%\">\u00a013 cm<\/td>\n<\/tr>\n<tr>\n<td class=\"attrLabels\">Gamintojo numeris:<\/td>\n<td width=\"50.0%\">ARCMGR1<\/td>\n<td class=\"attrLabels\">Galia:<\/td>\n<td width=\"50.0%\">2500W<\/td>\n<\/tr>\n<tr>\n<td class=\"attrLabels\">Med\u017eiaga:<\/td>\n<td width=\"50.0%\">ner\u016bdijantis plienas, nelipnus, teflonas<\/td>\n<td class=\"attrLabels\">\u012e\u0117jimo \u012ftampa:<\/td>\n<td width=\"50.0%\">220V \u2013 50Hz<\/td>\n<\/tr>\n<tr>\n<td class=\"attrLabels\">Spurgos skersmuo:<\/td>\n<td width=\"50.0%\">\u00a07,5 cm<\/td>\n<td class=\"attrLabels\">Garantija:<\/td>\n<td width=\"50.0%\">ARC 2 METAI<\/td>\n<\/tr>\n<tr>\n<td class=\"attrLabels\">Spurgos storis:<\/td>\n<td width=\"50.0%\">1,5 cm<\/td>\n<td class=\"attrLabels\"><\/td>\n<td width=\"50.0%\"><\/td>\n<\/tr>\n<\/tbody>\n<\/table>","protected":false},"excerpt":{"rendered":"<h2><strong>Spurg\u0173 vafli\u0173 virimo aparatas <span style=\"color: #ff0000;\">KAM<\/span><span style=\"color: #0000ff;\">R<\/span>CMGR1\u00a0<\/strong><\/h2>\n<p><strong>Profesionali vaflin\u0117 <span style=\"color: #ff0000;\">KAM<\/span><span style=\"color: #0000ff;\">R<\/span>c<\/strong>, skirtas skaniai gaminti <strong>spurgos<\/strong>. Pagamintas i\u0161 auk\u0161tos kokyb\u0117s ner\u016bdijan\u010dio plieno, patvarus ir lengvai valomas. Teflonu dengta ketaus aliuminio keptuv\u0117 leid\u017eia greitai ir lengvai gaminti maist\u0105. <strong>The<\/strong> <strong>Profesionali vaflin\u0117 <span style=\"color: #ff0000;\">KAM<\/span><span style=\"color: #0000ff;\">R<\/span>CMGR1<\/strong> suteiks jums tiksli\u0105 laiko ir temperat\u016bros kontrol\u0119, pasiekdama a <strong>auksiniai ir tra\u0161k\u016bs<\/strong> tobulas. Taigi galite laisvai d\u0117ti medaus, grietin\u0117l\u0117s, \u0161okolado, saldumyn\u0173... d\u0117l nepakartojamo skonio!<\/p>\n<h6><strong>Garantija<span style=\"color: #ff0000;\"> KAM<\/span><span style=\"color: #0000ff;\">R<\/span>C 2 METAI<\/strong><\/h6>\n<h6><strong><span style=\"color: #008000;\">Efektyvus spurg\u0173 vaflinis aparatas, ma\u017eas suvartojimas 1350w<\/span><\/strong><\/h6>\n<h6><strong>\u012ftraukta technin\u0117 pagalba<\/strong><\/h6>\n<p>&nbsp;<\/p>","protected":false},"featured_media":846,"comment_status":"open","ping_status":"closed","template":"","meta":{"wds_primary_product_brand":0,"wds_primary_product_cat":0},"product_brand":[],"product_cat":[51],"product_tag":[],"class_list":{"0":"post-839","1":"product","2":"type-product","3":"status-publish","4":"has-post-thumbnail","6":"product_cat-gofreras-profesionales","7":"product_shipping_class-hosteleria","9":"first","10":"instock","11":"sale","12":"taxable","13":"shipping-taxable","14":"purchasable","15":"product-type-simple"},"yoast_head":"<!-- This site is optimized with the Yoast SEO Premium plugin v24.9 (Yoast SEO v26.1) - https:\/\/yoast.com\/wordpress\/plugins\/seo\/ -->\n<title>M\u00e1quina para rosquillas - distribuci\u00f3n ARC<\/title>\n<meta name=\"robots\" content=\"index, follow, max-snippet:-1, max-image-preview:large, max-video-preview:-1\" \/>\n<link rel=\"canonical\" href=\"https:\/\/distribucionarc.com\/lt\/produktas\/spurgu-vafline\/\" \/>\n<meta property=\"og:locale\" content=\"lt_LT\" \/>\n<meta property=\"og:type\" content=\"article\" \/>\n<meta property=\"og:title\" content=\"M\u00e1quina para rosquillas\" \/>\n<meta property=\"og:description\" content=\"M\u00e1quina para hacer gofres rosquillas ARCMGR1\u00a0 La M\u00e1quina para gofres profesional de ARC, est\u00e1 dise\u00f1ada para cocinar deliciosas rosquillas. Hecha de acero inoxidable de alta calidad, duradero y f\u00e1cil de limpiar. El molde de aluminio de hierro fundido con revestimiento de tefl\u00f3n hace que cocinar sea f\u00e1cil y r\u00e1pido. La M\u00e1quina para gofres profesional ARCMGR1 te proporcionar\u00e1 un control preciso del tiempo y la temperatura consiguiendo un dorado y crujiente perfecto. \u00a1Para que puedas a\u00f1adir libremente miel, cremas, chocolate, dulces... para un sabor \u00fanico! Garant\u00eda ARC 2 A\u00d1OS Maquina gofres rosquillas eficiente, bajo consumo 1350w soporte t\u00e9cnico\u00a0incluido &nbsp;\" \/>\n<meta property=\"og:url\" content=\"https:\/\/distribucionarc.com\/lt\/produktas\/spurgu-vafline\/\" \/>\n<meta property=\"og:site_name\" content=\"distribuci\u00f3n ARC\" \/>\n<meta property=\"article:modified_time\" content=\"2022-11-30T15:44:03+00:00\" \/>\n<meta property=\"og:image\" content=\"https:\/\/distribucionarc.com\/wp-content\/uploads\/2020\/07\/M\u00e1quina-para-hacer-gofres-rosquillas-0.jpg\" \/>\n\t<meta property=\"og:image:width\" content=\"1600\" \/>\n\t<meta property=\"og:image:height\" content=\"1600\" \/>\n\t<meta property=\"og:image:type\" content=\"image\/jpeg\" \/>\n<meta name=\"twitter:card\" content=\"summary_large_image\" \/>\n<meta name=\"twitter:label1\" content=\"Est. reading time\" \/>\n\t<meta name=\"twitter:data1\" content=\"2 minut\u0117s\" \/>\n<script type=\"application\/ld+json\" class=\"yoast-schema-graph\">{\"@context\":\"https:\/\/schema.org\",\"@graph\":[{\"@type\":\"WebPage\",\"@id\":\"https:\/\/distribucionarc.com\/pl\/producto\/maquina-para-hacer-gofres-rosquillas\/\",\"url\":\"https:\/\/distribucionarc.com\/pl\/producto\/maquina-para-hacer-gofres-rosquillas\/\",\"name\":\"M\u00e1quina para rosquillas - distribuci\u00f3n ARC\",\"isPartOf\":{\"@id\":\"https:\/\/distribucionarc.com\/de\/#website\"},\"primaryImageOfPage\":{\"@id\":\"https:\/\/distribucionarc.com\/pl\/producto\/maquina-para-hacer-gofres-rosquillas\/#primaryimage\"},\"image\":{\"@id\":\"https:\/\/distribucionarc.com\/pl\/producto\/maquina-para-hacer-gofres-rosquillas\/#primaryimage\"},\"thumbnailUrl\":\"https:\/\/distribucionarc.com\/wp-content\/uploads\/2020\/07\/M\u00e1quina-para-hacer-gofres-rosquillas-0.jpg\",\"datePublished\":\"2020-07-14T10:02:48+00:00\",\"dateModified\":\"2022-11-30T15:44:03+00:00\",\"breadcrumb\":{\"@id\":\"https:\/\/distribucionarc.com\/pl\/producto\/maquina-para-hacer-gofres-rosquillas\/#breadcrumb\"},\"inLanguage\":\"lt-LT\",\"potentialAction\":[{\"@type\":\"ReadAction\",\"target\":[\"https:\/\/distribucionarc.com\/pl\/producto\/maquina-para-hacer-gofres-rosquillas\/\"]}]},{\"@type\":\"ImageObject\",\"inLanguage\":\"lt-LT\",\"@id\":\"https:\/\/distribucionarc.com\/pl\/producto\/maquina-para-hacer-gofres-rosquillas\/#primaryimage\",\"url\":\"https:\/\/distribucionarc.com\/wp-content\/uploads\/2020\/07\/M\u00e1quina-para-hacer-gofres-rosquillas-0.jpg\",\"contentUrl\":\"https:\/\/distribucionarc.com\/wp-content\/uploads\/2020\/07\/M\u00e1quina-para-hacer-gofres-rosquillas-0.jpg\",\"width\":1600,\"height\":1600,\"caption\":\"M\u00e1quina para hacer gofres rosquillas\"},{\"@type\":\"BreadcrumbList\",\"@id\":\"https:\/\/distribucionarc.com\/pl\/producto\/maquina-para-hacer-gofres-rosquillas\/#breadcrumb\",\"itemListElement\":[{\"@type\":\"ListItem\",\"position\":1,\"name\":\"Portada\",\"item\":\"https:\/\/distribucionarc.com\/pl\/\"},{\"@type\":\"ListItem\",\"position\":2,\"name\":\"Produkty\",\"item\":\"https:\/\/distribucionarc.com\/pl\/shop\/\"},{\"@type\":\"ListItem\",\"position\":3,\"name\":\"M\u00e1quina para rosquillas\"}]},{\"@type\":\"WebSite\",\"@id\":\"https:\/\/distribucionarc.com\/de\/#website\",\"url\":\"https:\/\/distribucionarc.com\/de\/\",\"name\":\"distribuci\u00f3n ARC\",\"description\":\"Empresa especializada en la fabricaci\u00f3n y distribuci\u00f3n de maquinaria industrial, selladoras de latas, Maquinas de hacer pastillas, Maquinas de cortar carne...\",\"publisher\":{\"@id\":\"https:\/\/distribucionarc.com\/de\/#organization\"},\"potentialAction\":[{\"@type\":\"SearchAction\",\"target\":{\"@type\":\"EntryPoint\",\"urlTemplate\":\"https:\/\/distribucionarc.com\/de\/?s={search_term_string}\"},\"query-input\":{\"@type\":\"PropertyValueSpecification\",\"valueRequired\":true,\"valueName\":\"search_term_string\"}}],\"inLanguage\":\"lt-LT\"},{\"@type\":\"Organization\",\"@id\":\"https:\/\/distribucionarc.com\/de\/#organization\",\"name\":\"Distribuci\u00f3n ARC\",\"url\":\"https:\/\/distribucionarc.com\/de\/\",\"logo\":{\"@type\":\"ImageObject\",\"inLanguage\":\"lt-LT\",\"@id\":\"https:\/\/distribucionarc.com\/de\/#\/schema\/logo\/image\/\",\"url\":\"https:\/\/distribucionarc.com\/wp-content\/uploads\/2024\/10\/distribucion-ARC-COLOR-SIN-FONDO-e1732295305345.png\",\"contentUrl\":\"https:\/\/distribucionarc.com\/wp-content\/uploads\/2024\/10\/distribucion-ARC-COLOR-SIN-FONDO-e1732295305345.png\",\"width\":1164,\"height\":558,\"caption\":\"Distribuci\u00f3n ARC\"},\"image\":{\"@id\":\"https:\/\/distribucionarc.com\/de\/#\/schema\/logo\/image\/\"},\"description\":\"Empresa especializada en la fabricaci\u00f3n y distribuci\u00f3n de maquinaria industrial para los sectores alimentario y farmac\u00e9utico. Nos especializamos en: M\u00e1quinas de cortar carne Fabricaci\u00f3n de comprimidos Sistemas de transporte industrial L\u00edneas de embotellado Dosificadores Y mucho m\u00e1s... Ofrecemos soluciones innovadoras y personalizadas para optimizar los procesos productivos de tu empresa.\",\"email\":\"Admistracion@distribucionarc.com\",\"telephone\":\"+34 643496664\",\"legalName\":\"ARC TECH SOLUTIONS\",\"foundingDate\":\"2024-04-09\",\"vatID\":\"B55480172\",\"numberOfEmployees\":{\"@type\":\"QuantitativeValue\",\"minValue\":\"1\",\"maxValue\":\"10\"}}]}<\/script>\n<!-- \/ Yoast SEO Premium plugin. -->","yoast_head_json":{"title":"Spurg\u0173 ma\u0161ina \u2013 ARC platinimas","robots":{"index":"index","follow":"follow","max-snippet":"max-snippet:-1","max-image-preview":"max-image-preview:large","max-video-preview":"max-video-preview:-1"},"canonical":"https:\/\/distribucionarc.com\/lt\/produktas\/spurgu-vafline\/","og_locale":"lt_LT","og_type":"article","og_title":"M\u00e1quina para rosquillas","og_description":"M\u00e1quina para hacer gofres rosquillas ARCMGR1\u00a0 La M\u00e1quina para gofres profesional de ARC, est\u00e1 dise\u00f1ada para cocinar deliciosas rosquillas. Hecha de acero inoxidable de alta calidad, duradero y f\u00e1cil de limpiar. El molde de aluminio de hierro fundido con revestimiento de tefl\u00f3n hace que cocinar sea f\u00e1cil y r\u00e1pido. La M\u00e1quina para gofres profesional ARCMGR1 te proporcionar\u00e1 un control preciso del tiempo y la temperatura consiguiendo un dorado y crujiente perfecto. \u00a1Para que puedas a\u00f1adir libremente miel, cremas, chocolate, dulces... para un sabor \u00fanico! Garant\u00eda ARC 2 A\u00d1OS Maquina gofres rosquillas eficiente, bajo consumo 1350w soporte t\u00e9cnico\u00a0incluido &nbsp;","og_url":"https:\/\/distribucionarc.com\/lt\/produktas\/spurgu-vafline\/","og_site_name":"distribuci\u00f3n ARC","article_modified_time":"2022-11-30T15:44:03+00:00","og_image":[{"width":1600,"height":1600,"url":"https:\/\/distribucionarc.com\/wp-content\/uploads\/2020\/07\/M\u00e1quina-para-hacer-gofres-rosquillas-0.jpg","type":"image\/jpeg"}],"twitter_card":"summary_large_image","twitter_misc":{"Est. reading time":"2 minut\u0117s"},"schema":{"@context":"https:\/\/schema.org","@graph":[{"@type":"WebPage","@id":"https:\/\/distribucionarc.com\/pl\/producto\/maquina-para-hacer-gofres-rosquillas\/","url":"https:\/\/distribucionarc.com\/pl\/producto\/maquina-para-hacer-gofres-rosquillas\/","name":"Spurg\u0173 ma\u0161ina \u2013 ARC platinimas","isPartOf":{"@id":"https:\/\/distribucionarc.com\/de\/#website"},"primaryImageOfPage":{"@id":"https:\/\/distribucionarc.com\/pl\/producto\/maquina-para-hacer-gofres-rosquillas\/#primaryimage"},"image":{"@id":"https:\/\/distribucionarc.com\/pl\/producto\/maquina-para-hacer-gofres-rosquillas\/#primaryimage"},"thumbnailUrl":"https:\/\/distribucionarc.com\/wp-content\/uploads\/2020\/07\/M\u00e1quina-para-hacer-gofres-rosquillas-0.jpg","datePublished":"2020-07-14T10:02:48+00:00","dateModified":"2022-11-30T15:44:03+00:00","breadcrumb":{"@id":"https:\/\/distribucionarc.com\/pl\/producto\/maquina-para-hacer-gofres-rosquillas\/#breadcrumb"},"inLanguage":"lt-LT","potentialAction":[{"@type":"ReadAction","target":["https:\/\/distribucionarc.com\/pl\/producto\/maquina-para-hacer-gofres-rosquillas\/"]}]},{"@type":"ImageObject","inLanguage":"lt-LT","@id":"https:\/\/distribucionarc.com\/pl\/producto\/maquina-para-hacer-gofres-rosquillas\/#primaryimage","url":"https:\/\/distribucionarc.com\/wp-content\/uploads\/2020\/07\/M\u00e1quina-para-hacer-gofres-rosquillas-0.jpg","contentUrl":"https:\/\/distribucionarc.com\/wp-content\/uploads\/2020\/07\/M\u00e1quina-para-hacer-gofres-rosquillas-0.jpg","width":1600,"height":1600,"caption":"M\u00e1quina para hacer gofres rosquillas"},{"@type":"BreadcrumbList","@id":"https:\/\/distribucionarc.com\/pl\/producto\/maquina-para-hacer-gofres-rosquillas\/#breadcrumb","itemListElement":[{"@type":"ListItem","position":1,"name":"Portada","item":"https:\/\/distribucionarc.com\/pl\/"},{"@type":"ListItem","position":2,"name":"Produkty","item":"https:\/\/distribucionarc.com\/pl\/shop\/"},{"@type":"ListItem","position":3,"name":"M\u00e1quina para rosquillas"}]},{"@type":"WebSite","@id":"https:\/\/distribucionarc.com\/de\/#website","url":"https:\/\/distribucionarc.com\/de\/","name":"ARC paskirstymas","description":"\u012emon\u0117 specializuojasi pramonini\u0173 ma\u0161in\u0173, skardini\u0173 sandarinimo ma\u0161in\u0173, table\u010di\u0173 gamybos ma\u0161in\u0173, m\u0117sos pjaustymo ma\u0161in\u0173 gamyboje ir platinime...","publisher":{"@id":"https:\/\/distribucionarc.com\/de\/#organization"},"potentialAction":[{"@type":"SearchAction","target":{"@type":"EntryPoint","urlTemplate":"https:\/\/distribucionarc.com\/de\/?s={search_term_string}"},"query-input":{"@type":"PropertyValueSpecification","valueRequired":true,"valueName":"search_term_string"}}],"inLanguage":"lt-LT"},{"@type":"Organization","@id":"https:\/\/distribucionarc.com\/de\/#organization","name":"ARC platinimas","url":"https:\/\/distribucionarc.com\/de\/","logo":{"@type":"ImageObject","inLanguage":"lt-LT","@id":"https:\/\/distribucionarc.com\/de\/#\/schema\/logo\/image\/","url":"https:\/\/distribucionarc.com\/wp-content\/uploads\/2024\/10\/distribucion-ARC-COLOR-SIN-FONDO-e1732295305345.png","contentUrl":"https:\/\/distribucionarc.com\/wp-content\/uploads\/2024\/10\/distribucion-ARC-COLOR-SIN-FONDO-e1732295305345.png","width":1164,"height":558,"caption":"Distribuci\u00f3n ARC"},"image":{"@id":"https:\/\/distribucionarc.com\/de\/#\/schema\/logo\/image\/"},"description":"\u012emon\u0117 specializuojasi maisto ir farmacijos sektoriams skirt\u0173 pramonini\u0173 ma\u0161in\u0173 gamyboje ir platinime. M\u016bs\u0173 specializacija: M\u0117sos pjaustymo ma\u0161inos Table\u010di\u0173 gamyba Pramonin\u0117s transportavimo sistemos I\u0161pilstymo linijos Dozatoriai Ir dar daugiau... Si\u016blome novatori\u0161kus ir individualiems poreikiams pritaikytus sprendimus, kad optimizuotume j\u016bs\u0173 \u012fmon\u0117s gamybos procesus.","email":"Admistracion@distribucionarc.com","telephone":"+34 643496664","legalName":"ARC TECH SOLUTIONS","foundingDate":"2024-04-09","vatID":"B55480172","numberOfEmployees":{"@type":"QuantitativeValue","minValue":"1","maxValue":"10"}}]}},"_links":{"self":[{"href":"https:\/\/distribucionarc.com\/lt\/wp-json\/wp\/v2\/product\/839","targetHints":{"allow":["GET"]}}],"collection":[{"href":"https:\/\/distribucionarc.com\/lt\/wp-json\/wp\/v2\/product"}],"about":[{"href":"https:\/\/distribucionarc.com\/lt\/wp-json\/wp\/v2\/types\/product"}],"replies":[{"embeddable":true,"href":"https:\/\/distribucionarc.com\/lt\/wp-json\/wp\/v2\/comments?post=839"}],"version-history":[{"count":0,"href":"https:\/\/distribucionarc.com\/lt\/wp-json\/wp\/v2\/product\/839\/revisions"}],"wp:featuredmedia":[{"embeddable":true,"href":"https:\/\/distribucionarc.com\/lt\/wp-json\/wp\/v2\/media\/846"}],"wp:attachment":[{"href":"https:\/\/distribucionarc.com\/lt\/wp-json\/wp\/v2\/media?parent=839"}],"wp:term":[{"taxonomy":"product_brand","embeddable":true,"href":"https:\/\/distribucionarc.com\/lt\/wp-json\/wp\/v2\/product_brand?post=839"},{"taxonomy":"product_cat","embeddable":true,"href":"https:\/\/distribucionarc.com\/lt\/wp-json\/wp\/v2\/product_cat?post=839"},{"taxonomy":"product_tag","embeddable":true,"href":"https:\/\/distribucionarc.com\/lt\/wp-json\/wp\/v2\/product_tag?post=839"}],"curies":[{"name":"wp","href":"https:\/\/api.w.org\/{rel}","templated":true}]}}