{"id":858,"date":"2020-07-14T11:23:55","date_gmt":"2020-07-14T11:23:55","guid":{"rendered":"https:\/\/distribucionarc.com\/?post_type=product&#038;p=858"},"modified":"2022-10-04T13:23:19","modified_gmt":"2022-10-04T13:23:19","slug":"komercinis-taiyaki-vaflinis-aparatas","status":"publish","type":"product","link":"https:\/\/distribucionarc.com\/lt\/producto\/maquina-comercial-para-gofres-taiyaki\/","title":{"rendered":"Komercinis Taiyaki vafli\u0173 aparatas"},"content":{"rendered":"<h2>Komercinis Taiyaki vafli\u0173 aparatas<\/h2>\n<p>&nbsp;<\/p>\n<p><strong>Taiyaki vafli\u0173 aparatas <span style=\"color: #ff0000;\">KAM<\/span><span style=\"color: #0000ff;\">R<\/span>c <\/strong>Jis pagamintas i\u0161 ner\u016bdijan\u010dio plieno, yra patvarus, tvirtas ir lengvai valomas. Jame yra ketaus \u0161ildymo plok\u0161t\u0117 su teflonine danga, kad b\u016bt\u0173 i\u0161vengta <strong>Taiyaki<\/strong> prilimpa prie pavir\u0161iaus ir yra skirtas ilgalaikiam naudojimui. Jo turima kepimo forma yra atspari korozijai ir u\u017etikrina auk\u0161t\u0105 \u0161ilumos laidum\u0105. J\u012f labai lengva valyti. Naudotojams pavir\u0161iui nuvalyti tereikia sausu arba dr\u0117gnu skudur\u0117liu, nereikia j\u0173 plauti vandeniu.<\/p>\n<p>\u012e <strong><span style=\"color: #ff0000;\">KAM<\/span><span style=\"color: #0000ff;\">R<\/span>c<\/strong> Esame suinteresuoti savo klient\u0173 patogumu, tod\u0117l m\u016bs\u0173 komercin\u0117je ma\u0161inoje yra temperat\u016bros reguliavimo mygtukas ma\u0161inos priekyje. Temperat\u016br\u0105 galima reguliuoti nuo 0 iki 300 \u2103. 0-5 minu\u010di\u0173 laikma\u010dio mygtukas leid\u017eia dirbti laisviau, nesijaudinant d\u0117l kepimo laiko. <strong>Taiyaki vafli\u0173 aparatas <span style=\"color: #ff0000;\">KAM<\/span><span style=\"color: #0000ff;\">R<\/span>CMGT1<\/strong> Tai leis jums pagaminti 5 vafli\u0173 partijas per 3-5 minutes.<\/p>\n<p>Tai <strong>Taiyaki vafli\u0173 keptuv\u0117<\/strong> Jame yra atliek\u0173 l\u0117k\u0161t\u0117 su rankena, kuri leid\u017eia laikyti vafli\u0173 atliekas, kad b\u016bt\u0173 lengviau i\u0161valyti. Dvi medin\u0117s rankenos de\u0161in\u0117je ir kair\u0117je kaitviet\u0117s yra atsparios kar\u0161\u010diui ir neleid\u017eia rankomis nudegti gaminant maist\u0105. <span style=\"color: #008000;\">Be to, <strong>vaflin\u0117 ma\u0161ina<\/strong> i\u0161<\/span> <strong><span style=\"color: #ff0000;\">KAM<\/span><span style=\"color: #0000ff;\">R<\/span>c<\/strong> <span style=\"color: #008000;\">Jis ne tik stabilizuoja temperat\u016br\u0105, bet ir jos suvartojim\u0105 pasiekus maksimali\u0105 temperat\u016br\u0105.\u00a0<\/span><\/p>\n<p>Jo originalus dizainas idealiai tinka naudoti namuose ar komerciniais tikslais. Didelis detali\u0173 kiekis ir patrauklus kvapas pritrauks daugyb\u0119 klient\u0173<\/p>\n<h6><strong>Garantija\u00a0<span style=\"color: #ff0000;\">KAM<\/span><span style=\"color: #0000ff;\">R<\/span>C 2 METAI<\/strong><\/h6>\n<h6><strong><span style=\"color: #008000;\">Efektyvi Taiyaki vaflin\u0117 ma\u0161ina, ma\u017eos s\u0105naudos 2800w<\/span><\/strong><\/h6>\n<h6><strong>\u012ftraukta technin\u0117 pagalba<\/strong><\/h6>\n<p>&nbsp;<\/p>\n<p>&nbsp;<\/p>\n<p>&nbsp;<\/p>\n<table role=\"presentation\" width=\"100%\" cellspacing=\"0\" cellpadding=\"0\">\n<tbody>\n<tr>\n<td class=\"attrLabels\">Temperat\u016bra:<\/td>\n<td width=\"50.0%\">50-300\u00baC<\/td>\n<\/tr>\n<tr>\n<td class=\"attrLabels\">Platinimo \u0161alis:<\/td>\n<td width=\"50.0%\">Ispanija, Vokietija, JAV<\/td>\n<td class=\"attrLabels\">Svoris:<\/td>\n<td width=\"50.0%\">22,2 kg<\/td>\n<\/tr>\n<tr>\n<td class=\"attrLabels\">Prekinis \u017eenklas:<\/td>\n<td width=\"50.0%\">ARC<\/td>\n<td class=\"attrLabels\">Auk\u0161tis:<\/td>\n<td width=\"50.0%\">37,3 cm<\/td>\n<\/tr>\n<tr>\n<td class=\"attrLabels\">Spalva:<\/td>\n<td width=\"50.0%\">Sidabras<\/td>\n<td class=\"attrLabels\">Ilgas:<\/td>\n<td width=\"50.0%\">36,6 cm<\/td>\n<\/tr>\n<tr>\n<td class=\"attrLabels\">Produkto tipas:<\/td>\n<td width=\"50.0%\">Taiyaki vafli\u0173 virimo aparatas<\/td>\n<td class=\"attrLabels\">Platus:<\/td>\n<td width=\"50.0%\">58,8 cm<\/td>\n<\/tr>\n<tr>\n<td class=\"attrLabels\">Gamintojo numeris:<\/td>\n<td width=\"50.0%\">ARCMGT1<\/td>\n<td class=\"attrLabels\">Galia:<\/td>\n<td width=\"50.0%\">2800W<\/td>\n<\/tr>\n<tr>\n<td class=\"attrLabels\">Med\u017eiaga:<\/td>\n<td width=\"50.0%\">ner\u016bdijantis plienas, teflono plok\u0161t\u0117, temperat\u016bros kontrol\u0117<\/td>\n<td class=\"attrLabels\">\u012f\u0117jimo \u012ftampa<\/td>\n<td width=\"50.0%\">220V \u2013 60Hz<\/td>\n<\/tr>\n<tr>\n<td class=\"attrLabels\">Taiyaki dydis:<\/td>\n<td width=\"50.0%\">12\u00d77 cm<\/td>\n<td class=\"attrLabels\">Formos modeliai:<\/td>\n<td width=\"50.0%\">5 vnt<\/td>\n<\/tr>\n<tr>\n<td class=\"attrLabels\">Montavimo \u012frankiai:<\/td>\n<td width=\"50.0%\">Taip<\/td>\n<td class=\"attrLabels\">Gamyba:<\/td>\n<td width=\"50.0%\">5 gabaliukai<\/td>\n<\/tr>\n<\/tbody>\n<\/table>\n<p>&nbsp;<\/p>","protected":false},"excerpt":{"rendered":"<h3>Komercinis Taiyaki vafli\u0173 aparatas<\/h3>\n<p><strong>Taiyaki vafli\u0173 virimo aparatas<\/strong> <span style=\"color: #ff0000;\">KAM<\/span><span style=\"color: #0000ff;\">R<\/span>C turi gra\u017e\u0173 \u017euvies dizain\u0105, kuris suteiks j\u016bs\u0173 priedams naujovi\u0161k\u0105 ir gana vizual\u0173 dizain\u0105, kuris nustebins jus rinkoje. <strong>K\u016bgio ma\u0161ina <span style=\"color: #ff0000;\">KAM<\/span><span style=\"color: #0000ff;\">R<\/span>CMCT1<\/strong> sukurtas remiantis populiari\u0105ja Kor\u0117jos kult\u016bra, kur \u0161ie vafliai \u017einomi kaip<strong> Taiyaki<\/strong>, \u017emon\u0117s j\u012f m\u0117gsta d\u0117l patrauklios i\u0161vaizdos ir skanaus skonio. I\u0161 <strong><span style=\"color: #ff0000;\">KAM<\/span><span style=\"color: #0000ff;\">R<\/span>c<\/strong> si\u016blome Jums a <strong>vaflin\u0117 ma\u0161ina<\/strong> \u017euvies, kuri\u0105 lengva \u012fdaryti. Galite prid\u0117ti <strong>susting\u0119s<\/strong>, <strong>sirupai<\/strong>, <strong>vaisi\u0173 uogien\u0117<\/strong>, <strong>\u0161okolado<\/strong> arba bet kas geriausiai atitinka j\u016bs\u0173 skon\u012f, kad gal\u0117tum\u0117te m\u0117gautis labai patraukliu ir dr\u0105siu vafliu d\u0117l puikaus vaizdo efekto. \u017duvies vafli\u0173 partij\u0105 galima pagaminti ma\u017edaug per penkias minutes. <strong>Idealiai tinka komerciniam naudojimui.<\/strong><\/p>\n<h6><strong>Garantija\u00a0<span style=\"color: #ff0000;\">KAM<\/span><span style=\"color: #0000ff;\">R<\/span>C 2 METAI<\/strong><\/h6>\n<h6><span style=\"color: #008000;\"><strong>Efektyvi Taiyaki vaflin\u0117 ma\u0161ina, ma\u017eos s\u0105naudos 2800w<\/strong><\/span><\/h6>\n<h6><strong>\u012ftraukta technin\u0117 pagalba<\/strong><\/h6>","protected":false},"featured_media":869,"comment_status":"open","ping_status":"closed","template":"","meta":{"wds_primary_product_brand":0,"wds_primary_product_cat":0},"product_brand":[],"product_cat":[51],"product_tag":[],"class_list":{"0":"post-858","1":"product","2":"type-product","3":"status-publish","4":"has-post-thumbnail","6":"product_cat-gofreras-profesionales","7":"product_shipping_class-hosteleria","9":"first","10":"instock","11":"sale","12":"taxable","13":"shipping-taxable","14":"purchasable","15":"product-type-simple"},"yoast_head":"<!-- This site is optimized with the Yoast SEO Premium plugin v24.9 (Yoast SEO v26.1) - https:\/\/yoast.com\/wordpress\/plugins\/seo\/ -->\n<title>M\u00e1quina comercial para gofres Taiyaki - distribuci\u00f3n ARC<\/title>\n<meta name=\"robots\" content=\"index, follow, max-snippet:-1, max-image-preview:large, max-video-preview:-1\" \/>\n<link rel=\"canonical\" href=\"https:\/\/distribucionarc.com\/lt\/produktas\/komercinis-taiyaki-vaflinis-aparatas\/\" \/>\n<meta property=\"og:locale\" content=\"lt_LT\" \/>\n<meta property=\"og:type\" content=\"article\" \/>\n<meta property=\"og:title\" content=\"M\u00e1quina comercial para gofres Taiyaki\" \/>\n<meta property=\"og:description\" content=\"M\u00e1quina comercial para gofres Taiyaki La m\u00e1quina para gofres Taiyaki ARC tiene un precioso dise\u00f1o de pez que le dar\u00e1 a tus toppings un dise\u00f1o innovador y bastante visual con lo que sorprender en el mercado. La m\u00e1quina para conos ARCMCT1 est\u00e1 basada en la cultura popular de Corea donde estos gofres son conocidos como Taiyaki, a la gente le encanta por su aspecto atractivo y delicioso sabor. Desde ARC les ofrecemos una m\u00e1quina de gofres de pescado sencillos de rellenar. Puedes a\u00f1adir helado, siropes, mermelada de frutas, chocolate o lo que m\u00e1s se adapte a tus gustos para disfrutar de un gofre muy atractivo y atrevido por su gran efecto visual. Un lote de gofres de pescado se puede hacer alrededor de cinco minutos. Ideal para uso comercial. Garant\u00eda\u00a0ARC 2 A\u00d1OS Maquina gofres Taiyaki eficiente, bajo consumo 2800w soporte t\u00e9cnico\u00a0incluido\" \/>\n<meta property=\"og:url\" content=\"https:\/\/distribucionarc.com\/lt\/produktas\/komercinis-taiyaki-vaflinis-aparatas\/\" \/>\n<meta property=\"og:site_name\" content=\"distribuci\u00f3n ARC\" \/>\n<meta property=\"article:modified_time\" content=\"2022-10-04T13:23:19+00:00\" \/>\n<meta property=\"og:image\" content=\"https:\/\/distribucionarc.com\/wp-content\/uploads\/2020\/07\/M\u00e1quina-comercial-para-gofres-Taiyaki-0.jpg\" \/>\n\t<meta property=\"og:image:width\" content=\"1600\" \/>\n\t<meta property=\"og:image:height\" content=\"1600\" \/>\n\t<meta property=\"og:image:type\" content=\"image\/jpeg\" \/>\n<meta name=\"twitter:card\" content=\"summary_large_image\" \/>\n<meta name=\"twitter:label1\" content=\"Est. reading time\" \/>\n\t<meta name=\"twitter:data1\" content=\"2 minut\u0117s\" \/>\n<script type=\"application\/ld+json\" class=\"yoast-schema-graph\">{\"@context\":\"https:\/\/schema.org\",\"@graph\":[{\"@type\":\"WebPage\",\"@id\":\"https:\/\/distribucionarc.com\/ro\/producto\/maquina-comercial-para-gofres-taiyaki\/\",\"url\":\"https:\/\/distribucionarc.com\/ro\/producto\/maquina-comercial-para-gofres-taiyaki\/\",\"name\":\"M\u00e1quina comercial para gofres Taiyaki - distribuci\u00f3n ARC\",\"isPartOf\":{\"@id\":\"https:\/\/www.distribucionarc.com\/tr\/#website\"},\"primaryImageOfPage\":{\"@id\":\"https:\/\/distribucionarc.com\/ro\/producto\/maquina-comercial-para-gofres-taiyaki\/#primaryimage\"},\"image\":{\"@id\":\"https:\/\/distribucionarc.com\/ro\/producto\/maquina-comercial-para-gofres-taiyaki\/#primaryimage\"},\"thumbnailUrl\":\"https:\/\/distribucionarc.com\/wp-content\/uploads\/2020\/07\/M\u00e1quina-comercial-para-gofres-Taiyaki-0.jpg\",\"datePublished\":\"2020-07-14T11:23:55+00:00\",\"dateModified\":\"2022-10-04T13:23:19+00:00\",\"breadcrumb\":{\"@id\":\"https:\/\/distribucionarc.com\/ro\/producto\/maquina-comercial-para-gofres-taiyaki\/#breadcrumb\"},\"inLanguage\":\"lt-LT\",\"potentialAction\":[{\"@type\":\"ReadAction\",\"target\":[\"https:\/\/distribucionarc.com\/ro\/producto\/maquina-comercial-para-gofres-taiyaki\/\"]}]},{\"@type\":\"ImageObject\",\"inLanguage\":\"lt-LT\",\"@id\":\"https:\/\/distribucionarc.com\/ro\/producto\/maquina-comercial-para-gofres-taiyaki\/#primaryimage\",\"url\":\"https:\/\/distribucionarc.com\/wp-content\/uploads\/2020\/07\/M\u00e1quina-comercial-para-gofres-Taiyaki-0.jpg\",\"contentUrl\":\"https:\/\/distribucionarc.com\/wp-content\/uploads\/2020\/07\/M\u00e1quina-comercial-para-gofres-Taiyaki-0.jpg\",\"width\":1600,\"height\":1600,\"caption\":\"M\u00e1quina comercial para gofres Taiyaki\"},{\"@type\":\"BreadcrumbList\",\"@id\":\"https:\/\/distribucionarc.com\/ro\/producto\/maquina-comercial-para-gofres-taiyaki\/#breadcrumb\",\"itemListElement\":[{\"@type\":\"ListItem\",\"position\":1,\"name\":\"Portada\",\"item\":\"https:\/\/www.distribucionarc.com\/tr\/\"},{\"@type\":\"ListItem\",\"position\":2,\"name\":\"Produktai\",\"item\":\"https:\/\/distribucionarc.com\/lt\/parduotuve\/\"},{\"@type\":\"ListItem\",\"position\":3,\"name\":\"M\u00e1quina comercial para gofres Taiyaki\"}]},{\"@type\":\"WebSite\",\"@id\":\"https:\/\/www.distribucionarc.com\/tr\/#website\",\"url\":\"https:\/\/www.distribucionarc.com\/tr\/\",\"name\":\"distribuci\u00f3n ARC\",\"description\":\"Empresa especializada en la fabricaci\u00f3n y distribuci\u00f3n de maquinaria industrial, selladoras de latas, Maquinas de hacer pastillas, Maquinas de cortar carne...\",\"publisher\":{\"@id\":\"https:\/\/www.distribucionarc.com\/tr\/#organization\"},\"potentialAction\":[{\"@type\":\"SearchAction\",\"target\":{\"@type\":\"EntryPoint\",\"urlTemplate\":\"https:\/\/www.distribucionarc.com\/tr\/?s={search_term_string}\"},\"query-input\":{\"@type\":\"PropertyValueSpecification\",\"valueRequired\":true,\"valueName\":\"search_term_string\"}}],\"inLanguage\":\"lt-LT\"},{\"@type\":\"Organization\",\"@id\":\"https:\/\/www.distribucionarc.com\/tr\/#organization\",\"name\":\"Distribuci\u00f3n ARC\",\"url\":\"https:\/\/www.distribucionarc.com\/tr\/\",\"logo\":{\"@type\":\"ImageObject\",\"inLanguage\":\"lt-LT\",\"@id\":\"https:\/\/www.distribucionarc.com\/tr\/#\/schema\/logo\/image\/\",\"url\":\"https:\/\/distribucionarc.com\/wp-content\/uploads\/2024\/10\/distribucion-ARC-COLOR-SIN-FONDO-e1732295305345.png\",\"contentUrl\":\"https:\/\/distribucionarc.com\/wp-content\/uploads\/2024\/10\/distribucion-ARC-COLOR-SIN-FONDO-e1732295305345.png\",\"width\":1164,\"height\":558,\"caption\":\"Distribuci\u00f3n ARC\"},\"image\":{\"@id\":\"https:\/\/www.distribucionarc.com\/tr\/#\/schema\/logo\/image\/\"},\"description\":\"Empresa especializada en la fabricaci\u00f3n y distribuci\u00f3n de maquinaria industrial para los sectores alimentario y farmac\u00e9utico. Nos especializamos en: M\u00e1quinas de cortar carne Fabricaci\u00f3n de comprimidos Sistemas de transporte industrial L\u00edneas de embotellado Dosificadores Y mucho m\u00e1s... Ofrecemos soluciones innovadoras y personalizadas para optimizar los procesos productivos de tu empresa.\",\"email\":\"Admistracion@distribucionarc.com\",\"telephone\":\"+34 643496664\",\"legalName\":\"ARC TECH SOLUTIONS\",\"foundingDate\":\"2024-04-09\",\"vatID\":\"B55480172\",\"numberOfEmployees\":{\"@type\":\"QuantitativeValue\",\"minValue\":\"1\",\"maxValue\":\"10\"}}]}<\/script>\n<!-- \/ Yoast SEO Premium plugin. -->","yoast_head_json":{"title":"Komercinis Taiyaki vafli\u0173 aparatas \u2013 ARC platinimas","robots":{"index":"index","follow":"follow","max-snippet":"max-snippet:-1","max-image-preview":"max-image-preview:large","max-video-preview":"max-video-preview:-1"},"canonical":"https:\/\/distribucionarc.com\/lt\/produktas\/komercinis-taiyaki-vaflinis-aparatas\/","og_locale":"lt_LT","og_type":"article","og_title":"M\u00e1quina comercial para gofres Taiyaki","og_description":"M\u00e1quina comercial para gofres Taiyaki La m\u00e1quina para gofres Taiyaki ARC tiene un precioso dise\u00f1o de pez que le dar\u00e1 a tus toppings un dise\u00f1o innovador y bastante visual con lo que sorprender en el mercado. La m\u00e1quina para conos ARCMCT1 est\u00e1 basada en la cultura popular de Corea donde estos gofres son conocidos como Taiyaki, a la gente le encanta por su aspecto atractivo y delicioso sabor. Desde ARC les ofrecemos una m\u00e1quina de gofres de pescado sencillos de rellenar. Puedes a\u00f1adir helado, siropes, mermelada de frutas, chocolate o lo que m\u00e1s se adapte a tus gustos para disfrutar de un gofre muy atractivo y atrevido por su gran efecto visual. Un lote de gofres de pescado se puede hacer alrededor de cinco minutos. Ideal para uso comercial. Garant\u00eda\u00a0ARC 2 A\u00d1OS Maquina gofres Taiyaki eficiente, bajo consumo 2800w soporte t\u00e9cnico\u00a0incluido","og_url":"https:\/\/distribucionarc.com\/lt\/produktas\/komercinis-taiyaki-vaflinis-aparatas\/","og_site_name":"distribuci\u00f3n ARC","article_modified_time":"2022-10-04T13:23:19+00:00","og_image":[{"width":1600,"height":1600,"url":"https:\/\/distribucionarc.com\/wp-content\/uploads\/2020\/07\/M\u00e1quina-comercial-para-gofres-Taiyaki-0.jpg","type":"image\/jpeg"}],"twitter_card":"summary_large_image","twitter_misc":{"Est. reading time":"2 minut\u0117s"},"schema":{"@context":"https:\/\/schema.org","@graph":[{"@type":"WebPage","@id":"https:\/\/distribucionarc.com\/ro\/producto\/maquina-comercial-para-gofres-taiyaki\/","url":"https:\/\/distribucionarc.com\/ro\/producto\/maquina-comercial-para-gofres-taiyaki\/","name":"Komercinis Taiyaki vafli\u0173 aparatas \u2013 ARC platinimas","isPartOf":{"@id":"https:\/\/www.distribucionarc.com\/tr\/#website"},"primaryImageOfPage":{"@id":"https:\/\/distribucionarc.com\/ro\/producto\/maquina-comercial-para-gofres-taiyaki\/#primaryimage"},"image":{"@id":"https:\/\/distribucionarc.com\/ro\/producto\/maquina-comercial-para-gofres-taiyaki\/#primaryimage"},"thumbnailUrl":"https:\/\/distribucionarc.com\/wp-content\/uploads\/2020\/07\/M\u00e1quina-comercial-para-gofres-Taiyaki-0.jpg","datePublished":"2020-07-14T11:23:55+00:00","dateModified":"2022-10-04T13:23:19+00:00","breadcrumb":{"@id":"https:\/\/distribucionarc.com\/ro\/producto\/maquina-comercial-para-gofres-taiyaki\/#breadcrumb"},"inLanguage":"lt-LT","potentialAction":[{"@type":"ReadAction","target":["https:\/\/distribucionarc.com\/ro\/producto\/maquina-comercial-para-gofres-taiyaki\/"]}]},{"@type":"ImageObject","inLanguage":"lt-LT","@id":"https:\/\/distribucionarc.com\/ro\/producto\/maquina-comercial-para-gofres-taiyaki\/#primaryimage","url":"https:\/\/distribucionarc.com\/wp-content\/uploads\/2020\/07\/M\u00e1quina-comercial-para-gofres-Taiyaki-0.jpg","contentUrl":"https:\/\/distribucionarc.com\/wp-content\/uploads\/2020\/07\/M\u00e1quina-comercial-para-gofres-Taiyaki-0.jpg","width":1600,"height":1600,"caption":"M\u00e1quina comercial para gofres Taiyaki"},{"@type":"BreadcrumbList","@id":"https:\/\/distribucionarc.com\/ro\/producto\/maquina-comercial-para-gofres-taiyaki\/#breadcrumb","itemListElement":[{"@type":"ListItem","position":1,"name":"Portada","item":"https:\/\/www.distribucionarc.com\/tr\/"},{"@type":"ListItem","position":2,"name":"Produktai","item":"https:\/\/distribucionarc.com\/lt\/parduotuve\/"},{"@type":"ListItem","position":3,"name":"M\u00e1quina comercial para gofres Taiyaki"}]},{"@type":"WebSite","@id":"https:\/\/www.distribucionarc.com\/tr\/#website","url":"https:\/\/www.distribucionarc.com\/tr\/","name":"ARC paskirstymas","description":"\u012emon\u0117 specializuojasi pramonini\u0173 ma\u0161in\u0173, skardini\u0173 sandarinimo ma\u0161in\u0173, table\u010di\u0173 gamybos ma\u0161in\u0173, m\u0117sos pjaustymo ma\u0161in\u0173 gamyboje ir platinime...","publisher":{"@id":"https:\/\/www.distribucionarc.com\/tr\/#organization"},"potentialAction":[{"@type":"SearchAction","target":{"@type":"EntryPoint","urlTemplate":"https:\/\/www.distribucionarc.com\/tr\/?s={search_term_string}"},"query-input":{"@type":"PropertyValueSpecification","valueRequired":true,"valueName":"search_term_string"}}],"inLanguage":"lt-LT"},{"@type":"Organization","@id":"https:\/\/www.distribucionarc.com\/tr\/#organization","name":"ARC platinimas","url":"https:\/\/www.distribucionarc.com\/tr\/","logo":{"@type":"ImageObject","inLanguage":"lt-LT","@id":"https:\/\/www.distribucionarc.com\/tr\/#\/schema\/logo\/image\/","url":"https:\/\/distribucionarc.com\/wp-content\/uploads\/2024\/10\/distribucion-ARC-COLOR-SIN-FONDO-e1732295305345.png","contentUrl":"https:\/\/distribucionarc.com\/wp-content\/uploads\/2024\/10\/distribucion-ARC-COLOR-SIN-FONDO-e1732295305345.png","width":1164,"height":558,"caption":"Distribuci\u00f3n ARC"},"image":{"@id":"https:\/\/www.distribucionarc.com\/tr\/#\/schema\/logo\/image\/"},"description":"\u012emon\u0117 specializuojasi maisto ir farmacijos sektoriams skirt\u0173 pramonini\u0173 ma\u0161in\u0173 gamyboje ir platinime. M\u016bs\u0173 specializacija: M\u0117sos pjaustymo ma\u0161inos Table\u010di\u0173 gamyba Pramonin\u0117s transportavimo sistemos I\u0161pilstymo linijos Dozatoriai Ir dar daugiau... Si\u016blome novatori\u0161kus ir individualiems poreikiams pritaikytus sprendimus, kad optimizuotume j\u016bs\u0173 \u012fmon\u0117s gamybos procesus.","email":"Admistracion@distribucionarc.com","telephone":"+34 643496664","legalName":"ARC TECH SOLUTIONS","foundingDate":"2024-04-09","vatID":"B55480172","numberOfEmployees":{"@type":"QuantitativeValue","minValue":"1","maxValue":"10"}}]}},"_links":{"self":[{"href":"https:\/\/distribucionarc.com\/lt\/wp-json\/wp\/v2\/product\/858","targetHints":{"allow":["GET"]}}],"collection":[{"href":"https:\/\/distribucionarc.com\/lt\/wp-json\/wp\/v2\/product"}],"about":[{"href":"https:\/\/distribucionarc.com\/lt\/wp-json\/wp\/v2\/types\/product"}],"replies":[{"embeddable":true,"href":"https:\/\/distribucionarc.com\/lt\/wp-json\/wp\/v2\/comments?post=858"}],"version-history":[{"count":0,"href":"https:\/\/distribucionarc.com\/lt\/wp-json\/wp\/v2\/product\/858\/revisions"}],"wp:featuredmedia":[{"embeddable":true,"href":"https:\/\/distribucionarc.com\/lt\/wp-json\/wp\/v2\/media\/869"}],"wp:attachment":[{"href":"https:\/\/distribucionarc.com\/lt\/wp-json\/wp\/v2\/media?parent=858"}],"wp:term":[{"taxonomy":"product_brand","embeddable":true,"href":"https:\/\/distribucionarc.com\/lt\/wp-json\/wp\/v2\/product_brand?post=858"},{"taxonomy":"product_cat","embeddable":true,"href":"https:\/\/distribucionarc.com\/lt\/wp-json\/wp\/v2\/product_cat?post=858"},{"taxonomy":"product_tag","embeddable":true,"href":"https:\/\/distribucionarc.com\/lt\/wp-json\/wp\/v2\/product_tag?post=858"}],"curies":[{"name":"wp","href":"https:\/\/api.w.org\/{rel}","templated":true}]}}