{"id":952,"date":"2020-07-15T11:51:30","date_gmt":"2020-07-15T11:51:30","guid":{"rendered":"https:\/\/distribucionarc.com\/?post_type=product&#038;p=952"},"modified":"2024-09-05T16:38:38","modified_gmt":"2024-09-05T16:38:38","slug":"elektrinis-alyvos-spaudimas-istraukiklis","status":"publish","type":"product","link":"https:\/\/distribucionarc.com\/lt\/producto\/extractor-prensa-de-aceite-electrico\/","title":{"rendered":"elektrinis alyvos spaudimo ekstraktorius"},"content":{"rendered":"<h3>elektrinis alyvos spaudimo ekstraktorius<\/h3>\n<p>The<strong> elektrinis ekstraktorius<\/strong> i\u0161 <strong><span style=\"color: #ff0000;\">KAM<\/span><span style=\"color: #0000ff;\">R<\/span>c<\/strong> Jis yra daugiafunkcinis, leid\u017eiantis atlikti darb\u0105 <strong>\u0161alto spaudimo<\/strong> 0-140\u00baC temperat\u016broje, i\u0161saugant did\u017ei\u0105j\u0105 dal\u012f maistini\u0173 med\u017eiag\u0173. <strong>Kar\u0161tas spaudimas be kepimo<\/strong> Kadangi jame yra \u012fmontuotas \u0161ildymas termostatu, m\u0117gaukit\u0117s<strong> sveiki ir nat\u016bral\u016bs aliejai<\/strong>, taip pat galite kepti ir <strong>kar\u0161tas presas<\/strong> pakepinkite kelet\u0105 minu\u010di\u0173, kad gautum\u0117te grynesn\u012f ir aromatingesn\u012f aliej\u0173.<\/p>\n<p>The <strong>automatinis alyvos presas<\/strong> i\u0161 <strong><span style=\"color: #ff0000;\">KAM<\/span><span style=\"color: #0000ff;\">R<\/span>c<\/strong> Pritaikoma maistin\u0117 304 ner\u016bdijan\u010dio plieno med\u017eiaga, pramoninis varis su didel\u0117s galios varikliu, puikios eksploatacin\u0117s savyb\u0117s, d\u0117l kuri\u0173 i\u0161gaunama daug alyvos, pritaikymas verslininkui d\u0117l paprasto eksploatavimo ir prie\u017ei\u016bros, grynas fizinis smulkinimas, padedantis <span style=\"color: #008000;\"><strong>efektyvus energijos suvartojimas<\/strong><\/span>.<\/p>\n<p>The <strong>aliejaus ekstraktorius <span style=\"color: #ff0000;\">KAM<\/span><span style=\"color: #0000ff;\">R<\/span>CEPA1<\/strong> sraigtas yra moderniausia alyvos gavybos ma\u0161ina, kuriai b\u016bdingas didelis alyvos srautas, gera kokyb\u0117, paprasta konstrukcija ir nuolatinis procesas. \u0160ios serijos aliejaus presai gali b\u016bti naudojami \u012fvairioms \u017ealiavoms, tokioms kaip jatropha s\u0117klos, raps\u0173 s\u0117klos, \u017eem\u0117s rie\u0161utai, raps\u0173 ir medviln\u0117s s\u0117klos, sezamo s\u0117klos, alyvuogi\u0173 s\u0117klos, saul\u0117gr\u0105\u017e\u0173 s\u0117klos, kokos\u0173 s\u0117klos ir \u017eol\u0117s s\u0117klos.<\/p>\n<p>Palyginti su <strong>sraigtinis presas<\/strong> tradicinis, <strong>sukimo presas<\/strong> alyvos prana\u0161umas yra tas, kad ji yra paprasta, paprastos strukt\u016bros, paprasta ir lengvai i\u0161ple\u010diama, neskaitant alyvos i\u0161gavimo i\u0161 95%. Tai <strong>s\u0117kl\u0173 perdirb\u0117jas<\/strong>, turi visas reikalingas funkcijas <strong>aliejaus gavyba<\/strong> patogiausiu ir detaliausiu b\u016bdu, o jos programos palengvina ma\u0161inos prie\u017ei\u016br\u0105, skatina jos ilgaam\u017ei\u0161kum\u0105<\/p>\n<p><iframe loading=\"lazy\" src=\"https:\/\/www.youtube.com\/embed\/w5DjgxuuS58\" width=\"560\" height=\"315\" frameborder=\"0\" allowfullscreen=\"allowfullscreen\"><\/iframe><\/p>\n<h6><strong>Garantija\u00a0<span style=\"color: #ff0000;\">KAM<\/span><span style=\"color: #0000ff;\">R<\/span>C 2 METAI<\/strong><\/h6>\n<h6><span style=\"color: #008000;\">Elektrinis alyvos spaudimo ekstraktorius, ma\u017eos s\u0105naudos 460 w<\/span><\/h6>\n<h6><strong>\u012ftraukta technin\u0117 pagalba<\/strong><\/h6>\n<p>&nbsp;<\/p>\n<table role=\"presentation\" width=\"100%\" cellspacing=\"0\" cellpadding=\"0\">\n<tbody>\n<tr>\n<td class=\"attrLabels\">Temperat\u016bra:<\/td>\n<td width=\"50.0%\">0-140\u00baC<\/td>\n<\/tr>\n<tr>\n<td class=\"attrLabels\">Platinimo \u0161alis:<\/td>\n<td width=\"50.0%\">Ispanija, Vokietija, JAV<\/td>\n<td class=\"attrLabels\">Svoris:<\/td>\n<td width=\"50.0%\">11 kg<\/td>\n<\/tr>\n<tr>\n<td class=\"attrLabels\">Prekinis \u017eenklas:<\/td>\n<td width=\"50.0%\">ARC<\/td>\n<td class=\"attrLabels\">Auk\u0161tis:<\/td>\n<td width=\"50.0%\">24 cm<\/td>\n<\/tr>\n<tr>\n<td class=\"attrLabels\">Spalva:<\/td>\n<td width=\"50.0%\">Sidabras<\/td>\n<td class=\"attrLabels\">Ilgas:<\/td>\n<td width=\"50.0%\">46 cm<\/td>\n<\/tr>\n<tr>\n<td class=\"attrLabels\">Produkto tipas:<\/td>\n<td width=\"50.0%\">Elektrinis alyvos spaudimo ekstraktorius<\/td>\n<td class=\"attrLabels\">Platus:<\/td>\n<td width=\"50.0%\">19 cm<\/td>\n<\/tr>\n<tr>\n<td class=\"attrLabels\">Gamintojo numeris:<\/td>\n<td width=\"50.0%\">ARCEPA1<\/td>\n<td class=\"attrLabels\">Galia:<\/td>\n<td width=\"50.0%\">760W<\/td>\n<\/tr>\n<tr>\n<td class=\"attrLabels\">Med\u017eiaga:<\/td>\n<td width=\"50.0%\">ner\u016bdijantis plienas, didelio galingumo variklis, temperat\u016bros valdymas<\/td>\n<td class=\"attrLabels\">\u012f\u0117jimo \u012ftampa<\/td>\n<td width=\"50.0%\">220V \u2013 50Hz<\/p>\n<p>110\u201360 Hz<\/td>\n<\/tr>\n<tr>\n<td class=\"attrLabels\">Apdorojimo tipai:<\/td>\n<td width=\"50.0%\">\u0161altas, kar\u0161tas su arba be kepimo<\/td>\n<td class=\"attrLabels\">Garantija:<\/td>\n<td width=\"50.0%\">2 METAI<\/td>\n<\/tr>\n<tr>\n<td class=\"attrLabels\">Montavimo \u012frankiai:<\/td>\n<td width=\"50.0%\">Taip<\/td>\n<td class=\"attrLabels\">Geb\u0117jimas:<\/td>\n<td width=\"50.0%\">3-6 kg<\/td>\n<\/tr>\n<\/tbody>\n<\/table>\n<p>&nbsp;<\/p>","protected":false},"excerpt":{"rendered":"<h2><strong>Elektrin\u0117 s\u0117kl\u0173 aliejaus ekstrahavimo ma\u0161ina \u2013 profesionali kar\u0161to ir \u0161alto spaudimo ma\u0161ina<\/strong><\/h2>\n<p>M\u016bs\u0173 <strong>elektrin\u0117 s\u0117kl\u0173 aliejaus ekstrahavimo ma\u0161ina<\/strong> Idealiai tinka ie\u0161kantiems efektyvaus ir profesionalaus sprendimo tiek \u0161alto, tiek kar\u0161to aliejaus gamybai. Tai <strong>profesionalus aliejaus spaudimo presas<\/strong> gali apdoroti \u012fvairias s\u0117klas, tod\u0117l yra universalus \u012fvairi\u0173 r\u016b\u0161i\u0173 aliejams.<\/p>\n<p>\u012erenginyje yra d\u0117klas su piltuvu, su kuriuo galima apdoroti <strong>3 kilogramus (kg) ir 6 kilogramus (kg) valand\u0105<\/strong> s\u0117kl\u0173, tod\u0117l puikiai tinka smulkiai ir vidutinei produkcijai.<\/p>\n<h3>S\u0117kl\u0173, kurios yra, pavyzd\u017eiai <strong>alyvos i\u0161traukimo ma\u0161ina<\/strong> gali apdoroti:<\/h3>\n<ul>\n<li><strong>saul\u0117gr\u0105\u017e\u0173 s\u0117klos<\/strong>: Labai paplitusi kepimo aliejaus gamybai.<\/li>\n<li><strong>sezamo s\u0117kl\u0173<\/strong>: Naudojamas gurmani\u0161k\u0173 aliej\u0173 gamyboje.<\/li>\n<li><strong>lin\u0173 s\u0117men\u0173<\/strong>: Idealiai tinka sveikiems aliejams, kuriuose gausu omega-3, i\u0161gauti.<\/li>\n<li><strong>chia s\u0117kl\u0173<\/strong>: Naudojamas sveikiems aliejams ir kosmetikai.<\/li>\n<li><strong>moli\u016bg\u0173 s\u0117klos<\/strong>: Puikiai tinka maistini\u0173 aliej\u0173 i\u0161gavimui.<\/li>\n<li><strong>garsty\u010di\u0173 s\u0117kl\u0173<\/strong>: Naudojamas specialiems aliejams kulinariniams ir medicininiams tikslams.<\/li>\n<li><strong>Kanapi\u0173 s\u0117klos<\/strong>: Labai paklaus\u016bs d\u0117l maistini\u0173 ir kosmetini\u0173 savybi\u0173.<\/li>\n<li><strong>sojos pupel\u0117s<\/strong>: Populiarus naftos gavybai maisto pramon\u0117je.<\/li>\n<li><strong>\u017dem\u0117s rie\u0161ut\u0173 s\u0117klos<\/strong>: Naudojamas kulinariniams ir gurmani\u0161kiems aliejams gaminti.<\/li>\n<li><strong>medviln\u0117s s\u0117klos<\/strong>: Da\u017enas pramoninio ir maistinio aliejaus gamyboje.<\/li>\n<li><strong>Graikiniai rie\u0161utai<\/strong>: Gurmani\u0161kiems aliejams, turintiems didel\u0119 prid\u0117tin\u0119 vert\u0119.<\/li>\n<li><strong>alyvuogi\u0173 alyvuogi\u0173:<\/strong> gali i\u0161gauti aliej\u0173 tik i\u0161 mink\u0161timo be s\u0117kl\u0173<\/li>\n<\/ul>\n<p>Su \u0161iuo <strong>elektrin\u0117 alyvos i\u0161traukimo ma\u0161ina<\/strong>, galite gauti auk\u0161tos kokyb\u0117s aliej\u0173 i\u0161 \u012fvairiausi\u0173 s\u0117kl\u0173. Tiek \u0161alto ekstrahavimo procesuose, siekiant i\u0161saugoti maistines savybes, tiek kar\u0161tojo ekstrahavimo procesuose, siekiant maksimaliai padidinti na\u0161um\u0105, \u0161i ma\u0161ina yra idealus pasirinkimas bitininkams, nat\u016brali\u0173 produkt\u0173 parduotuv\u0117ms ir ma\u017eoms gamykloms.<\/p>\n<p>Jei ie\u0161kote a <strong>profesionalus aliejaus spaudimo presas<\/strong> S\u0117kloms \u0161is aparatas yra puikus sprendimas greitai ir efektyviai i\u0161gauti aliej\u0173. Paj\u0117gumas <strong>Nuo 3 kg iki 6 kg<\/strong> per apdorojimo cikl\u0105 u\u017etikrina, kad gal\u0117site prisitaikyti prie skirting\u0173 gamybos apim\u010di\u0173 neprarandant kokyb\u0117s.<\/p>","protected":false},"featured_media":963,"comment_status":"open","ping_status":"closed","template":"","meta":{"wds_primary_product_brand":0,"wds_primary_product_cat":0},"product_brand":[],"product_cat":[55],"product_tag":[],"class_list":{"0":"post-952","1":"product","2":"type-product","3":"status-publish","4":"has-post-thumbnail","6":"product_cat-extractor-prensa-de-aceites","7":"product_shipping_class-express","9":"first","10":"instock","11":"taxable","12":"shipping-taxable","13":"purchasable","14":"product-type-simple"},"yoast_head":"<!-- This site is optimized with the Yoast SEO Premium plugin v24.9 (Yoast SEO v26.1) - https:\/\/yoast.com\/wordpress\/plugins\/seo\/ -->\n<title>Extractor prensa de aceite el\u00e9ctrico - distribuci\u00f3n ARC<\/title>\n<meta name=\"robots\" content=\"index, follow, max-snippet:-1, max-image-preview:large, max-video-preview:-1\" \/>\n<link rel=\"canonical\" href=\"https:\/\/www.distribucionarc.com\/de\/producto\/extractor-prensa-de-aceite-electrico\/\" \/>\n<meta property=\"og:locale\" content=\"lt_LT\" \/>\n<meta property=\"og:type\" content=\"article\" \/>\n<meta property=\"og:title\" content=\"Extractor prensa de aceite el\u00e9ctrico\" \/>\n<meta property=\"og:description\" content=\"M\u00e1quina el\u00e9ctrica para extracci\u00f3n de aceite de semillas \u2013 Profesional para extracci\u00f3n en fr\u00edo y caliente Nuestra m\u00e1quina el\u00e9ctrica de extracci\u00f3n de aceite de semillas es ideal para aquellos que buscan una soluci\u00f3n eficiente y profesional para la producci\u00f3n de aceite, tanto en fr\u00edo como en caliente. Esta prensa de extracci\u00f3n de aceite profesional puede procesar una amplia variedad de semillas, ofreciendo versatilidad para diferentes tipos de aceites.  La m\u00e1quina est\u00e1 equipada con una bandeja con embudo, con capacidad para procesar entre 3 kilogramos (kg) y 6 kilogramos (kg) hora de semillas, lo que la hace perfecta para producciones peque\u00f1as y medianas. Ejemplos de semillas que esta m\u00e1quina para extraer aceite puede procesar:   Semillas de girasol: Muy com\u00fan para la producci\u00f3n de aceite de cocina.  Semillas de s\u00e9samo: Utilizadas en la producci\u00f3n de aceites gourmet.  Semillas de lino: Ideales para la extracci\u00f3n de aceites saludables ricos en omega-3.  Semillas de ch\u00eda: Usadas para aceites saludables y cosm\u00e9ticos.  Semillas de calabaza: Perfectas para la extracci\u00f3n de aceite nutritivo.  Semillas de mostaza: Utilizadas para aceites especiales con fines culinarios y medicinales.  Semillas de c\u00e1\u00f1amo: Muy demandadas por sus propiedades nutritivas y cosm\u00e9ticas.  Semillas de soja: Populares para la producci\u00f3n de aceite en la industria alimentaria.  Semillas de man\u00ed (cacahuete): Usadas para la producci\u00f3n de aceites de cocina y gourmet.  Semillas de algod\u00f3n: Com\u00fan en la producci\u00f3n de aceite industrial y alimentario.  Nueces: Para aceites gourmet de alto valor a\u00f1adido.  oliva aceituna: solo puede extraer el aceite de la pulpa sin la semilla  Con esta m\u00e1quina el\u00e9ctrica para extracci\u00f3n de aceite, podr\u00e1s obtener aceites de alta calidad de una gran variedad de semillas. Tanto en procesos de extracci\u00f3n en fr\u00edo para conservar las propiedades nutritivas, como en caliente para maximizar el rendimiento, esta m\u00e1quina es una opci\u00f3n ideal para apicultores, tiendas de productos naturales, y peque\u00f1as f\u00e1bricas.  Si buscas una prensa de extracci\u00f3n de aceite profesional para semillas, esta m\u00e1quina es la soluci\u00f3n perfecta para extraer aceites de forma r\u00e1pida y eficiente. La capacidad de 3 kg a 6 kg por ciclo de procesamiento asegura que puedes adaptarte a diferentes vol\u00famenes de producci\u00f3n sin perder calidad.\" \/>\n<meta property=\"og:url\" content=\"https:\/\/www.distribucionarc.com\/de\/producto\/extractor-prensa-de-aceite-electrico\/\" \/>\n<meta property=\"og:site_name\" content=\"distribuci\u00f3n ARC\" \/>\n<meta property=\"article:modified_time\" content=\"2024-09-05T16:38:38+00:00\" \/>\n<meta property=\"og:image\" content=\"https:\/\/distribucionarc.com\/wp-content\/uploads\/2020\/07\/Extractor-prensa-de-aceite-el\u00e9ctrico-0.jpg\" \/>\n\t<meta property=\"og:image:width\" content=\"1600\" \/>\n\t<meta property=\"og:image:height\" content=\"1600\" \/>\n\t<meta property=\"og:image:type\" content=\"image\/jpeg\" \/>\n<meta name=\"twitter:card\" content=\"summary_large_image\" \/>\n<meta name=\"twitter:label1\" content=\"Est. reading time\" \/>\n\t<meta name=\"twitter:data1\" content=\"2 minut\u0117s\" \/>\n<script type=\"application\/ld+json\" class=\"yoast-schema-graph\">{\"@context\":\"https:\/\/schema.org\",\"@graph\":[{\"@type\":\"WebPage\",\"@id\":\"https:\/\/www.distribucionarc.com\/de\/producto\/extractor-prensa-de-aceite-electrico\/\",\"url\":\"https:\/\/www.distribucionarc.com\/de\/producto\/extractor-prensa-de-aceite-electrico\/\",\"name\":\"Extractor prensa de aceite el\u00e9ctrico - distribuci\u00f3n ARC\",\"isPartOf\":{\"@id\":\"https:\/\/distribucionarc.com\/bg\/#website\"},\"primaryImageOfPage\":{\"@id\":\"https:\/\/www.distribucionarc.com\/de\/producto\/extractor-prensa-de-aceite-electrico\/#primaryimage\"},\"image\":{\"@id\":\"https:\/\/www.distribucionarc.com\/de\/producto\/extractor-prensa-de-aceite-electrico\/#primaryimage\"},\"thumbnailUrl\":\"https:\/\/distribucionarc.com\/wp-content\/uploads\/2020\/07\/Extractor-prensa-de-aceite-el\u00e9ctrico-0.jpg\",\"datePublished\":\"2020-07-15T11:51:30+00:00\",\"dateModified\":\"2024-09-05T16:38:38+00:00\",\"breadcrumb\":{\"@id\":\"https:\/\/www.distribucionarc.com\/de\/producto\/extractor-prensa-de-aceite-electrico\/#breadcrumb\"},\"inLanguage\":\"lt-LT\",\"potentialAction\":[{\"@type\":\"ReadAction\",\"target\":[\"https:\/\/www.distribucionarc.com\/de\/producto\/extractor-prensa-de-aceite-electrico\/\"]}]},{\"@type\":\"ImageObject\",\"inLanguage\":\"lt-LT\",\"@id\":\"https:\/\/www.distribucionarc.com\/de\/producto\/extractor-prensa-de-aceite-electrico\/#primaryimage\",\"url\":\"https:\/\/distribucionarc.com\/wp-content\/uploads\/2020\/07\/Extractor-prensa-de-aceite-el\u00e9ctrico-0.jpg\",\"contentUrl\":\"https:\/\/distribucionarc.com\/wp-content\/uploads\/2020\/07\/Extractor-prensa-de-aceite-el\u00e9ctrico-0.jpg\",\"width\":1600,\"height\":1600,\"caption\":\"Extractor prensa de aceite el\u00e9ctrico\"},{\"@type\":\"BreadcrumbList\",\"@id\":\"https:\/\/www.distribucionarc.com\/de\/producto\/extractor-prensa-de-aceite-electrico\/#breadcrumb\",\"itemListElement\":[{\"@type\":\"ListItem\",\"position\":1,\"name\":\"Portada\",\"item\":\"https:\/\/distribucionarc.com\/el\/\"},{\"@type\":\"ListItem\",\"position\":2,\"name\":\"Proizvodi\",\"item\":\"https:\/\/www.distribucionarc.com\/hr\/ducan\/\"},{\"@type\":\"ListItem\",\"position\":3,\"name\":\"Extractor prensa de aceite el\u00e9ctrico\"}]},{\"@type\":\"WebSite\",\"@id\":\"https:\/\/distribucionarc.com\/bg\/#website\",\"url\":\"https:\/\/distribucionarc.com\/bg\/\",\"name\":\"distribuci\u00f3n ARC\",\"description\":\"Empresa especializada en la fabricaci\u00f3n y distribuci\u00f3n de maquinaria industrial, selladoras de latas, Maquinas de hacer pastillas, Maquinas de cortar carne...\",\"publisher\":{\"@id\":\"https:\/\/distribucionarc.com\/bg\/#organization\"},\"potentialAction\":[{\"@type\":\"SearchAction\",\"target\":{\"@type\":\"EntryPoint\",\"urlTemplate\":\"https:\/\/distribucionarc.com\/bg\/?s={search_term_string}\"},\"query-input\":{\"@type\":\"PropertyValueSpecification\",\"valueRequired\":true,\"valueName\":\"search_term_string\"}}],\"inLanguage\":\"lt-LT\"},{\"@type\":\"Organization\",\"@id\":\"https:\/\/distribucionarc.com\/bg\/#organization\",\"name\":\"Distribuci\u00f3n ARC\",\"url\":\"https:\/\/distribucionarc.com\/bg\/\",\"logo\":{\"@type\":\"ImageObject\",\"inLanguage\":\"lt-LT\",\"@id\":\"https:\/\/distribucionarc.com\/bg\/#\/schema\/logo\/image\/\",\"url\":\"https:\/\/distribucionarc.com\/wp-content\/uploads\/2024\/10\/distribucion-ARC-COLOR-SIN-FONDO-e1732295305345.png\",\"contentUrl\":\"https:\/\/distribucionarc.com\/wp-content\/uploads\/2024\/10\/distribucion-ARC-COLOR-SIN-FONDO-e1732295305345.png\",\"width\":1164,\"height\":558,\"caption\":\"Distribuci\u00f3n ARC\"},\"image\":{\"@id\":\"https:\/\/distribucionarc.com\/bg\/#\/schema\/logo\/image\/\"},\"description\":\"Empresa especializada en la fabricaci\u00f3n y distribuci\u00f3n de maquinaria industrial para los sectores alimentario y farmac\u00e9utico. Nos especializamos en: M\u00e1quinas de cortar carne Fabricaci\u00f3n de comprimidos Sistemas de transporte industrial L\u00edneas de embotellado Dosificadores Y mucho m\u00e1s... Ofrecemos soluciones innovadoras y personalizadas para optimizar los procesos productivos de tu empresa.\",\"email\":\"Admistracion@distribucionarc.com\",\"telephone\":\"+34 643496664\",\"legalName\":\"ARC TECH SOLUTIONS\",\"foundingDate\":\"2024-04-09\",\"vatID\":\"B55480172\",\"numberOfEmployees\":{\"@type\":\"QuantitativeValue\",\"minValue\":\"1\",\"maxValue\":\"10\"}}]}<\/script>\n<!-- \/ Yoast SEO Premium plugin. -->","yoast_head_json":{"title":"Elektrinis alyvos spaudimo ekstraktorius - ARC paskirstymas","robots":{"index":"index","follow":"follow","max-snippet":"max-snippet:-1","max-image-preview":"max-image-preview:large","max-video-preview":"max-video-preview:-1"},"canonical":"https:\/\/www.distribucionarc.com\/de\/producto\/extractor-prensa-de-aceite-electrico\/","og_locale":"lt_LT","og_type":"article","og_title":"Extractor prensa de aceite el\u00e9ctrico","og_description":"M\u00e1quina el\u00e9ctrica para extracci\u00f3n de aceite de semillas \u2013 Profesional para extracci\u00f3n en fr\u00edo y caliente Nuestra m\u00e1quina el\u00e9ctrica de extracci\u00f3n de aceite de semillas es ideal para aquellos que buscan una soluci\u00f3n eficiente y profesional para la producci\u00f3n de aceite, tanto en fr\u00edo como en caliente. Esta prensa de extracci\u00f3n de aceite profesional puede procesar una amplia variedad de semillas, ofreciendo versatilidad para diferentes tipos de aceites.  La m\u00e1quina est\u00e1 equipada con una bandeja con embudo, con capacidad para procesar entre 3 kilogramos (kg) y 6 kilogramos (kg) hora de semillas, lo que la hace perfecta para producciones peque\u00f1as y medianas. Ejemplos de semillas que esta m\u00e1quina para extraer aceite puede procesar:   Semillas de girasol: Muy com\u00fan para la producci\u00f3n de aceite de cocina.  Semillas de s\u00e9samo: Utilizadas en la producci\u00f3n de aceites gourmet.  Semillas de lino: Ideales para la extracci\u00f3n de aceites saludables ricos en omega-3.  Semillas de ch\u00eda: Usadas para aceites saludables y cosm\u00e9ticos.  Semillas de calabaza: Perfectas para la extracci\u00f3n de aceite nutritivo.  Semillas de mostaza: Utilizadas para aceites especiales con fines culinarios y medicinales.  Semillas de c\u00e1\u00f1amo: Muy demandadas por sus propiedades nutritivas y cosm\u00e9ticas.  Semillas de soja: Populares para la producci\u00f3n de aceite en la industria alimentaria.  Semillas de man\u00ed (cacahuete): Usadas para la producci\u00f3n de aceites de cocina y gourmet.  Semillas de algod\u00f3n: Com\u00fan en la producci\u00f3n de aceite industrial y alimentario.  Nueces: Para aceites gourmet de alto valor a\u00f1adido.  oliva aceituna: solo puede extraer el aceite de la pulpa sin la semilla  Con esta m\u00e1quina el\u00e9ctrica para extracci\u00f3n de aceite, podr\u00e1s obtener aceites de alta calidad de una gran variedad de semillas. Tanto en procesos de extracci\u00f3n en fr\u00edo para conservar las propiedades nutritivas, como en caliente para maximizar el rendimiento, esta m\u00e1quina es una opci\u00f3n ideal para apicultores, tiendas de productos naturales, y peque\u00f1as f\u00e1bricas.  Si buscas una prensa de extracci\u00f3n de aceite profesional para semillas, esta m\u00e1quina es la soluci\u00f3n perfecta para extraer aceites de forma r\u00e1pida y eficiente. La capacidad de 3 kg a 6 kg por ciclo de procesamiento asegura que puedes adaptarte a diferentes vol\u00famenes de producci\u00f3n sin perder calidad.","og_url":"https:\/\/www.distribucionarc.com\/de\/producto\/extractor-prensa-de-aceite-electrico\/","og_site_name":"distribuci\u00f3n ARC","article_modified_time":"2024-09-05T16:38:38+00:00","og_image":[{"width":1600,"height":1600,"url":"https:\/\/distribucionarc.com\/wp-content\/uploads\/2020\/07\/Extractor-prensa-de-aceite-el\u00e9ctrico-0.jpg","type":"image\/jpeg"}],"twitter_card":"summary_large_image","twitter_misc":{"Est. reading time":"2 minut\u0117s"},"schema":{"@context":"https:\/\/schema.org","@graph":[{"@type":"WebPage","@id":"https:\/\/www.distribucionarc.com\/de\/producto\/extractor-prensa-de-aceite-electrico\/","url":"https:\/\/www.distribucionarc.com\/de\/producto\/extractor-prensa-de-aceite-electrico\/","name":"Elektrinis alyvos spaudimo ekstraktorius - ARC paskirstymas","isPartOf":{"@id":"https:\/\/distribucionarc.com\/bg\/#website"},"primaryImageOfPage":{"@id":"https:\/\/www.distribucionarc.com\/de\/producto\/extractor-prensa-de-aceite-electrico\/#primaryimage"},"image":{"@id":"https:\/\/www.distribucionarc.com\/de\/producto\/extractor-prensa-de-aceite-electrico\/#primaryimage"},"thumbnailUrl":"https:\/\/distribucionarc.com\/wp-content\/uploads\/2020\/07\/Extractor-prensa-de-aceite-el\u00e9ctrico-0.jpg","datePublished":"2020-07-15T11:51:30+00:00","dateModified":"2024-09-05T16:38:38+00:00","breadcrumb":{"@id":"https:\/\/www.distribucionarc.com\/de\/producto\/extractor-prensa-de-aceite-electrico\/#breadcrumb"},"inLanguage":"lt-LT","potentialAction":[{"@type":"ReadAction","target":["https:\/\/www.distribucionarc.com\/de\/producto\/extractor-prensa-de-aceite-electrico\/"]}]},{"@type":"ImageObject","inLanguage":"lt-LT","@id":"https:\/\/www.distribucionarc.com\/de\/producto\/extractor-prensa-de-aceite-electrico\/#primaryimage","url":"https:\/\/distribucionarc.com\/wp-content\/uploads\/2020\/07\/Extractor-prensa-de-aceite-el\u00e9ctrico-0.jpg","contentUrl":"https:\/\/distribucionarc.com\/wp-content\/uploads\/2020\/07\/Extractor-prensa-de-aceite-el\u00e9ctrico-0.jpg","width":1600,"height":1600,"caption":"Extractor prensa de aceite el\u00e9ctrico"},{"@type":"BreadcrumbList","@id":"https:\/\/www.distribucionarc.com\/de\/producto\/extractor-prensa-de-aceite-electrico\/#breadcrumb","itemListElement":[{"@type":"ListItem","position":1,"name":"Portada","item":"https:\/\/distribucionarc.com\/el\/"},{"@type":"ListItem","position":2,"name":"Proizvodi","item":"https:\/\/www.distribucionarc.com\/hr\/ducan\/"},{"@type":"ListItem","position":3,"name":"Extractor prensa de aceite el\u00e9ctrico"}]},{"@type":"WebSite","@id":"https:\/\/distribucionarc.com\/bg\/#website","url":"https:\/\/distribucionarc.com\/bg\/","name":"ARC paskirstymas","description":"\u012emon\u0117 specializuojasi pramonini\u0173 ma\u0161in\u0173, skardini\u0173 sandarinimo ma\u0161in\u0173, table\u010di\u0173 gamybos ma\u0161in\u0173, m\u0117sos pjaustymo ma\u0161in\u0173 gamyboje ir platinime...","publisher":{"@id":"https:\/\/distribucionarc.com\/bg\/#organization"},"potentialAction":[{"@type":"SearchAction","target":{"@type":"EntryPoint","urlTemplate":"https:\/\/distribucionarc.com\/bg\/?s={search_term_string}"},"query-input":{"@type":"PropertyValueSpecification","valueRequired":true,"valueName":"search_term_string"}}],"inLanguage":"lt-LT"},{"@type":"Organization","@id":"https:\/\/distribucionarc.com\/bg\/#organization","name":"ARC platinimas","url":"https:\/\/distribucionarc.com\/bg\/","logo":{"@type":"ImageObject","inLanguage":"lt-LT","@id":"https:\/\/distribucionarc.com\/bg\/#\/schema\/logo\/image\/","url":"https:\/\/distribucionarc.com\/wp-content\/uploads\/2024\/10\/distribucion-ARC-COLOR-SIN-FONDO-e1732295305345.png","contentUrl":"https:\/\/distribucionarc.com\/wp-content\/uploads\/2024\/10\/distribucion-ARC-COLOR-SIN-FONDO-e1732295305345.png","width":1164,"height":558,"caption":"Distribuci\u00f3n ARC"},"image":{"@id":"https:\/\/distribucionarc.com\/bg\/#\/schema\/logo\/image\/"},"description":"\u012emon\u0117 specializuojasi maisto ir farmacijos sektoriams skirt\u0173 pramonini\u0173 ma\u0161in\u0173 gamyboje ir platinime. M\u016bs\u0173 specializacija: M\u0117sos pjaustymo ma\u0161inos Table\u010di\u0173 gamyba Pramonin\u0117s transportavimo sistemos I\u0161pilstymo linijos Dozatoriai Ir dar daugiau... Si\u016blome novatori\u0161kus ir individualiems poreikiams pritaikytus sprendimus, kad optimizuotume j\u016bs\u0173 \u012fmon\u0117s gamybos procesus.","email":"Admistracion@distribucionarc.com","telephone":"+34 643496664","legalName":"ARC TECH SOLUTIONS","foundingDate":"2024-04-09","vatID":"B55480172","numberOfEmployees":{"@type":"QuantitativeValue","minValue":"1","maxValue":"10"}}]}},"_links":{"self":[{"href":"https:\/\/distribucionarc.com\/lt\/wp-json\/wp\/v2\/product\/952","targetHints":{"allow":["GET"]}}],"collection":[{"href":"https:\/\/distribucionarc.com\/lt\/wp-json\/wp\/v2\/product"}],"about":[{"href":"https:\/\/distribucionarc.com\/lt\/wp-json\/wp\/v2\/types\/product"}],"replies":[{"embeddable":true,"href":"https:\/\/distribucionarc.com\/lt\/wp-json\/wp\/v2\/comments?post=952"}],"version-history":[{"count":0,"href":"https:\/\/distribucionarc.com\/lt\/wp-json\/wp\/v2\/product\/952\/revisions"}],"wp:featuredmedia":[{"embeddable":true,"href":"https:\/\/distribucionarc.com\/lt\/wp-json\/wp\/v2\/media\/963"}],"wp:attachment":[{"href":"https:\/\/distribucionarc.com\/lt\/wp-json\/wp\/v2\/media?parent=952"}],"wp:term":[{"taxonomy":"product_brand","embeddable":true,"href":"https:\/\/distribucionarc.com\/lt\/wp-json\/wp\/v2\/product_brand?post=952"},{"taxonomy":"product_cat","embeddable":true,"href":"https:\/\/distribucionarc.com\/lt\/wp-json\/wp\/v2\/product_cat?post=952"},{"taxonomy":"product_tag","embeddable":true,"href":"https:\/\/distribucionarc.com\/lt\/wp-json\/wp\/v2\/product_tag?post=952"}],"curies":[{"name":"wp","href":"https:\/\/api.w.org\/{rel}","templated":true}]}}