{"id":997,"date":"2020-07-15T16:59:51","date_gmt":"2020-07-15T16:59:51","guid":{"rendered":"https:\/\/distribucionarc.com\/?post_type=product&#038;p=997"},"modified":"2024-09-05T18:13:08","modified_gmt":"2024-09-05T18:13:08","slug":"karstas-ekranas","status":"publish","type":"product","link":"https:\/\/distribucionarc.com\/lt\/producto\/vitrina-expositora-caliente\/","title":{"rendered":"\u012eprasta kar\u0161ta vitrina"},"content":{"rendered":"<h3>\u012eprasta kar\u0161ta vitrina<\/h3>\n<p>Jei ie\u0161kote tobulo sprendimo, kaip i\u0161laikyti savo maist\u0105 \u0161ilt\u0105 patiekimo temperat\u016broje kelet\u0105 valand\u0173 \u201edemonstravimo ir pardavimo\u201c vietose, j\u016bs ie\u0161kote<strong> \u0161ildytuvai<\/strong> ir <strong>kar\u0161to maisto vitrinos<\/strong> i\u0161 <strong><span style=\"color: #ff0000;\">KAM<\/span><span style=\"color: #0000ff;\">R<\/span>c<\/strong>. The <strong>kar\u0161ta vitrina<\/strong> i\u0161 <strong><span style=\"color: #ff0000;\">KAM<\/span><span style=\"color: #0000ff;\">R<\/span>c<\/strong> si\u016blo \u012frangos sprendimus kavin\u0117ms, bufetams, parduotuv\u0117ms ir restoranams.<\/p>\n<p>Tai <strong>vitrina<\/strong> <strong>kar\u0161ta <span style=\"color: #ff0000;\">KAM<\/span><span style=\"color: #0000ff;\">R<\/span>c<\/strong> Stalvir\u0161is turi tvirt\u0105 ner\u016bdijan\u010dio plieno r\u0117m\u0105, gr\u016bdinto stiklo sienas ir akrilines duris. Su dideliu stabilumu ir geresniu matomumu. Jame yra lengvai atidaromos durys, gr\u016bdintas stiklas ir magnetinio u\u017edarymo sistema. U\u017etikrina geresn\u012f dur\u0173 sandarum\u0105.<\/p>\n<p>The <strong>kar\u0161ta vitrina <span style=\"color: #ff0000;\">KAM<\/span><span style=\"color: #0000ff;\">R<\/span>CVEC1<\/strong> Turi sukam\u0105j\u012f termostatin\u012f valdymo mygtuk\u0105, leid\u017eiant\u012f pasirinkti tinkamiausi\u0105 temperat\u016br\u0105 \u012fvairioms maisto r\u016b\u0161ims. Du krep\u0161eli\u0173 sluoksniai sudaryti i\u0161 2 ner\u016bdijan\u010dio plieno pad\u0117kl\u0173, kuri\u0173 matmenys yra 19,5 x 17,5 cm. Pad\u0117klus galima \u012fstumti ir i\u0161stumti, tod\u0117l keptuv\u0117s \u0161ildytuvai turi daugiau talpos.<strong> kar\u0161tos vitrinos<\/strong>, paprastai turi kibirus maistui ant baro sud\u0117ti, dar vadinam\u0105 <strong>vitrinos<\/strong>r, juose palaikoma tinkama temperat\u016bra d\u0117l \u0161ilumos, \u012f kuri\u0105 panardinami kibirai. Paprastai <strong>kar\u0161tos vitrinos<\/strong> \u201eBain-marie\u201c turi kanalizacij\u0105, kad b\u016bt\u0173 lengviau pri\u017ei\u016br\u0117ti ir valyti. Taip pat stumdomos durys, kad palaikyt\u0173 temperat\u016br\u0105 ir ne\u0161vaistyt\u0173 energijos, paver\u010diant j\u0105 a <strong><span style=\"color: #008000;\">efektyvi vartojimo ma\u0161ina<\/span><\/strong>.<\/p>\n<p>Dekoratyvin\u0117s \u0161iltos \u0161viesos daro maist\u0105 patrauklesn\u012f ir patrauklesn\u012f klientui; su patikimu ir saugiu \u012fjungimo\/i\u0161jungimo jungikliu, atsparus vandeniui, dulk\u0117ms ir elektros nuot\u0117kiui; Apatin\u0117je dalyje yra pad\u0117klas alyvai surinkti.<\/p>\n<p>&nbsp;<\/p>\n<h6><strong>Garantija\u00a0<span style=\"color: #ff0000;\">KAM<span style=\"color: #0000ff;\">R<\/span><\/span>C 2 METAI<\/strong><\/h6>\n<h6><span style=\"color: #008000;\">Efektyvi kar\u0161ta vitrina, ma\u017eos s\u0105naudos 600w<\/span><\/h6>\n<h6><strong>\u012ftraukta technin\u0117 pagalba.<\/strong><\/h6>\n<p>&nbsp;<\/p>\n<p>&nbsp;<\/p>\n<table role=\"presentation\" width=\"100%\" cellspacing=\"0\" cellpadding=\"0\">\n<tbody>\n<tr>\n<td class=\"attrLabels\">Temperat\u016bra:<\/td>\n<td width=\"50.0%\">30-85\u00baC<\/td>\n<\/tr>\n<tr>\n<td class=\"attrLabels\">Platinimo \u0161alis:<\/td>\n<td width=\"50.0%\">Ispanija, Vokietija, JAV<\/td>\n<td class=\"attrLabels\">Svoris:<\/td>\n<td width=\"50.0%\">17 kg<\/td>\n<\/tr>\n<tr>\n<td class=\"attrLabels\">Prekinis \u017eenklas:<\/td>\n<td width=\"50.0%\">ARC<\/td>\n<td class=\"attrLabels\">Auk\u0161tis:<\/td>\n<td width=\"50.0%\">51 cm<\/td>\n<\/tr>\n<tr>\n<td class=\"attrLabels\">Spalva:<\/td>\n<td width=\"50.0%\">Sidabras<\/td>\n<td class=\"attrLabels\">Ilgas:<\/td>\n<td width=\"50.0%\">61 cm<\/td>\n<\/tr>\n<tr>\n<td class=\"attrLabels\">Produkto tipas:<\/td>\n<td width=\"50.0%\">Kar\u0161ta vitrina<\/td>\n<td class=\"attrLabels\">Platus:<\/td>\n<td width=\"50.0%\">38 cm<\/td>\n<\/tr>\n<tr>\n<td class=\"attrLabels\">Gamintojo numeris:<\/td>\n<td width=\"50.0%\">ARCVEC1<\/td>\n<td class=\"attrLabels\">Galia:<\/td>\n<td width=\"50.0%\">600W<\/td>\n<\/tr>\n<tr>\n<td class=\"attrLabels\">Med\u017eiaga:<\/td>\n<td width=\"50.0%\">ner\u016bdijantis plienas, temperat\u016bros kontrol\u0117<\/td>\n<td class=\"attrLabels\">\u012f\u0117jimo \u012ftampa<\/td>\n<td width=\"50.0%\">220V \u2013 60Hz<\/td>\n<\/tr>\n<tr>\n<td class=\"attrLabels\">Lygiai:<\/td>\n<td width=\"50.0%\">\u00a02<\/td>\n<td class=\"attrLabels\">Kabinos dydis:<\/td>\n<td width=\"50.0%\">14 cm<\/td>\n<\/tr>\n<tr>\n<td class=\"attrLabels\">Montavimo \u012frankiai:<\/td>\n<td width=\"50.0%\">Taip<\/td>\n<td class=\"attrLabels\">Garantija:<\/td>\n<td width=\"50.0%\">2 METAI<\/td>\n<\/tr>\n<\/tbody>\n<\/table>","protected":false},"excerpt":{"rendered":"<h2><strong style=\"font-size: 16px;\">Vitrina caliente Expositor de sobremesa de ARC \u2013 600W<\/strong><\/h2>\n<div class=\"group\/conversation-turn relative flex w-full min-w-0 flex-col agent-turn\">\n<div class=\"flex-col gap-1 md:gap-3\">\n<div class=\"flex max-w-full flex-col flex-grow\">\n<div class=\"min-h-[20px] text-message flex w-full flex-col items-end gap-2 break-words [.text-message+&amp;]:mt-5 overflow-x-auto whitespace-normal\" dir=\"auto\" data-message-author-role=\"assistant\" data-message-id=\"581870f1-c993-4564-b525-941801f8dd53\">\n<div class=\"flex w-full flex-col gap-1 empty:hidden first:pt-[3px]\">\n<div class=\"markdown prose w-full break-words dark:prose-invert light\">\n<p>La <strong>vitrina de exposici\u00f3n caliente de sobremesa<\/strong> de ARC es perfecta para mantener los alimentos calientes y frescos, garantizando una presentaci\u00f3n atractiva. Con una potencia de <strong>600 vatios (W)<\/strong> y fabricada en <strong>acero inoxidable 304<\/strong>, apto para el uso alimentario, asegura durabilidad, seguridad y f\u00e1cil limpieza. Sus dimensiones de <strong>61 cent\u00edmetros (cm) x 38 cent\u00edmetros (cm) x 51 cent\u00edmetros (cm)<\/strong> proporcionan el espacio necesario, con <strong>dos niveles<\/strong> que permiten una excelente exposici\u00f3n de alimentos.<\/p>\n<h3>Productos que puedes exhibir en esta <strong>vitrina caliente de sobremesa<\/strong>:<\/h3>\n<ul>\n<li><strong>Pizzas<\/strong>: Mant\u00e9n porciones individuales de pizza calientes y listas para servir.<\/li>\n<li><strong>Empanadas<\/strong>: Perfectas para mantener crujientes y calientes.<\/li>\n<li><strong>Croissants<\/strong>: Ideal para panader\u00edas y cafeter\u00edas.<\/li>\n<li><strong>Hot dogs<\/strong>: Listos para ser servidos en tiendas de conveniencia o buffets.<\/li>\n<li><strong>Bocadillos<\/strong>: S\u00e1ndwiches y bocadillos calientes, perfectos para cafeter\u00edas.<\/li>\n<li><strong>Hamburguesas<\/strong>: Mant\u00e9n las hamburguesas jugosas y calientes antes de servir.<\/li>\n<li><strong>Panes y boller\u00eda<\/strong>: Exhibe pan reci\u00e9n horneado, manteni\u00e9ndolo caliente.<\/li>\n<li><strong>Carnes asadas<\/strong>: Como pollos asados o costillas, listos para llevar.<\/li>\n<li><strong>Patatas fritas<\/strong>: Mant\u00e9n las patatas crujientes a la temperatura perfecta.<\/li>\n<\/ul>\n<h3>Sectores donde se puede implementar esta <strong>vitrina de exposici\u00f3n caliente<\/strong>:<\/h3>\n<ul>\n<li><strong>Cafeter\u00edas<\/strong>: Exhibe croissants, bocadillos y hamburguesas calientes.<\/li>\n<li><strong>Panader\u00edas y pasteler\u00edas<\/strong>: Perfecta para productos horneados calientes.<\/li>\n<li><strong>Restaurantes de comida r\u00e1pida<\/strong>: Ideal para hamburguesas, pizzas y otros alimentos calientes.<\/li>\n<li><strong>Hoteles<\/strong>: Perfecta para buffets de desayuno, manteniendo el pan y otros productos calientes.<\/li>\n<li><strong>Supermercados<\/strong>: Para comidas preparadas y listas para llevar.<\/li>\n<li><strong>Estaciones de servicio<\/strong>: Hot dogs, empanadas, y bocadillos calientes listos para el cliente en movimiento.<\/li>\n<li><strong>Catering y eventos<\/strong>: Mant\u00e9n la comida caliente y fresca durante eventos o reuniones.<\/li>\n<\/ul>\n<p>La <strong>vitrina caliente de sobremesa<\/strong> de ARC es una opci\u00f3n ideal para cualquier negocio que busque una soluci\u00f3n profesional para mantener y exhibir alimentos calientes de manera atractiva. Esta <strong>vitrina caliente profesional<\/strong> es indispensable para quienes valoran la calidad y el control de temperatura en sus productos.<\/p>\n<\/div>\n<\/div>\n<\/div>\n<\/div>\n<\/div>\n<\/div>\n","protected":false},"featured_media":1005,"comment_status":"open","ping_status":"closed","template":"","meta":{"wds_primary_product_brand":0,"wds_primary_product_cat":0},"product_brand":[],"product_cat":[41],"product_tag":[],"class_list":{"0":"post-997","1":"product","2":"type-product","3":"status-publish","4":"has-post-thumbnail","6":"product_cat-expositor-de-alimentos","7":"product_shipping_class-hosteleria","9":"first","10":"instock","11":"taxable","12":"shipping-taxable","13":"purchasable","14":"product-type-simple"},"yoast_head":"<!-- This site is optimized with the Yoast SEO Premium plugin v24.9 (Yoast SEO v26.1) - https:\/\/yoast.com\/wordpress\/plugins\/seo\/ -->\n<title>Vitrina expositor caliente normal - distribuci\u00f3n ARC<\/title>\n<meta name=\"robots\" content=\"index, follow, max-snippet:-1, max-image-preview:large, max-video-preview:-1\" \/>\n<link rel=\"canonical\" href=\"https:\/\/distribucionarc.com\/lt\/produktas\/karstas-ekranas\/\" \/>\n<meta property=\"og:locale\" content=\"lt_LT\" \/>\n<meta property=\"og:type\" content=\"article\" \/>\n<meta property=\"og:title\" content=\"Vitrina expositor caliente normal\" \/>\n<meta property=\"og:description\" content=\"Vitrina caliente Expositor de sobremesa de ARC \u2013 600W        La vitrina de exposici\u00f3n caliente de sobremesa de ARC es perfecta para mantener los alimentos calientes y frescos, garantizando una presentaci\u00f3n atractiva. Con una potencia de 600 vatios (W) y fabricada en acero inoxidable 304, apto para el uso alimentario, asegura durabilidad, seguridad y f\u00e1cil limpieza. Sus dimensiones de 61 cent\u00edmetros (cm) x 38 cent\u00edmetros (cm) x 51 cent\u00edmetros (cm) proporcionan el espacio necesario, con dos niveles que permiten una excelente exposici\u00f3n de alimentos. Productos que puedes exhibir en esta vitrina caliente de sobremesa:   Pizzas: Mant\u00e9n porciones individuales de pizza calientes y listas para servir.  Empanadas: Perfectas para mantener crujientes y calientes.  Croissants: Ideal para panader\u00edas y cafeter\u00edas.  Hot dogs: Listos para ser servidos en tiendas de conveniencia o buffets.  Bocadillos: S\u00e1ndwiches y bocadillos calientes, perfectos para cafeter\u00edas.  Hamburguesas: Mant\u00e9n las hamburguesas jugosas y calientes antes de servir.  Panes y boller\u00eda: Exhibe pan reci\u00e9n horneado, manteni\u00e9ndolo caliente.  Carnes asadas: Como pollos asados o costillas, listos para llevar.  Patatas fritas: Mant\u00e9n las patatas crujientes a la temperatura perfecta.  Sectores donde se puede implementar esta vitrina de exposici\u00f3n caliente:   Cafeter\u00edas: Exhibe croissants, bocadillos y hamburguesas calientes.  Panader\u00edas y pasteler\u00edas: Perfecta para productos horneados calientes.  Restaurantes de comida r\u00e1pida: Ideal para hamburguesas, pizzas y otros alimentos calientes.  Hoteles: Perfecta para buffets de desayuno, manteniendo el pan y otros productos calientes.  Supermercados: Para comidas preparadas y listas para llevar.  Estaciones de servicio: Hot dogs, empanadas, y bocadillos calientes listos para el cliente en movimiento.  Catering y eventos: Mant\u00e9n la comida caliente y fresca durante eventos o reuniones.  La vitrina caliente de sobremesa de ARC es una opci\u00f3n ideal para cualquier negocio que busque una soluci\u00f3n profesional para mantener y exhibir alimentos calientes de manera atractiva. Esta vitrina caliente profesional es indispensable para quienes valoran la calidad y el control de temperatura en sus productos.\" \/>\n<meta property=\"og:url\" content=\"https:\/\/distribucionarc.com\/lt\/produktas\/karstas-ekranas\/\" \/>\n<meta property=\"og:site_name\" content=\"distribuci\u00f3n ARC\" \/>\n<meta property=\"article:modified_time\" content=\"2024-09-05T18:13:08+00:00\" \/>\n<meta property=\"og:image\" content=\"https:\/\/distribucionarc.com\/wp-content\/uploads\/2020\/07\/vitrina-expositora-caliente-0.jpg\" \/>\n\t<meta property=\"og:image:width\" content=\"1600\" \/>\n\t<meta property=\"og:image:height\" content=\"1600\" \/>\n\t<meta property=\"og:image:type\" content=\"image\/jpeg\" \/>\n<meta name=\"twitter:card\" content=\"summary_large_image\" \/>\n<meta name=\"twitter:label1\" content=\"Est. reading time\" \/>\n\t<meta name=\"twitter:data1\" content=\"2 minut\u0117s\" \/>\n<script type=\"application\/ld+json\" class=\"yoast-schema-graph\">{\"@context\":\"https:\/\/schema.org\",\"@graph\":[{\"@type\":\"WebPage\",\"@id\":\"https:\/\/distribucionarc.com\/producto\/vitrina-expositora-caliente\/\",\"url\":\"https:\/\/distribucionarc.com\/producto\/vitrina-expositora-caliente\/\",\"name\":\"Vitrina expositor caliente normal - distribuci\u00f3n ARC\",\"isPartOf\":{\"@id\":\"https:\/\/www.distribucionarc.com\/de\/#website\"},\"primaryImageOfPage\":{\"@id\":\"https:\/\/distribucionarc.com\/producto\/vitrina-expositora-caliente\/#primaryimage\"},\"image\":{\"@id\":\"https:\/\/distribucionarc.com\/producto\/vitrina-expositora-caliente\/#primaryimage\"},\"thumbnailUrl\":\"https:\/\/distribucionarc.com\/wp-content\/uploads\/2020\/07\/vitrina-expositora-caliente-0.jpg\",\"datePublished\":\"2020-07-15T16:59:51+00:00\",\"dateModified\":\"2024-09-05T18:13:08+00:00\",\"breadcrumb\":{\"@id\":\"https:\/\/distribucionarc.com\/producto\/vitrina-expositora-caliente\/#breadcrumb\"},\"inLanguage\":\"lt-LT\",\"potentialAction\":[{\"@type\":\"ReadAction\",\"target\":[\"https:\/\/distribucionarc.com\/producto\/vitrina-expositora-caliente\/\"]}]},{\"@type\":\"ImageObject\",\"inLanguage\":\"lt-LT\",\"@id\":\"https:\/\/distribucionarc.com\/producto\/vitrina-expositora-caliente\/#primaryimage\",\"url\":\"https:\/\/distribucionarc.com\/wp-content\/uploads\/2020\/07\/vitrina-expositora-caliente-0.jpg\",\"contentUrl\":\"https:\/\/distribucionarc.com\/wp-content\/uploads\/2020\/07\/vitrina-expositora-caliente-0.jpg\",\"width\":1600,\"height\":1600,\"caption\":\"vitrina expositora caliente\"},{\"@type\":\"BreadcrumbList\",\"@id\":\"https:\/\/distribucionarc.com\/producto\/vitrina-expositora-caliente\/#breadcrumb\",\"itemListElement\":[{\"@type\":\"ListItem\",\"position\":1,\"name\":\"Portada\",\"item\":\"https:\/\/www.distribucionarc.com\/en\/\"},{\"@type\":\"ListItem\",\"position\":2,\"name\":\"Products\",\"item\":\"https:\/\/www.distribucionarc.com\/en\/shop\/\"},{\"@type\":\"ListItem\",\"position\":3,\"name\":\"Vitrina expositor caliente normal\"}]},{\"@type\":\"WebSite\",\"@id\":\"https:\/\/www.distribucionarc.com\/de\/#website\",\"url\":\"https:\/\/www.distribucionarc.com\/de\/\",\"name\":\"distribuci\u00f3n ARC\",\"description\":\"Empresa especializada en la fabricaci\u00f3n y distribuci\u00f3n de maquinaria industrial, selladoras de latas, Maquinas de hacer pastillas, Maquinas de cortar carne...\",\"publisher\":{\"@id\":\"https:\/\/www.distribucionarc.com\/de\/#organization\"},\"potentialAction\":[{\"@type\":\"SearchAction\",\"target\":{\"@type\":\"EntryPoint\",\"urlTemplate\":\"https:\/\/www.distribucionarc.com\/de\/?s={search_term_string}\"},\"query-input\":{\"@type\":\"PropertyValueSpecification\",\"valueRequired\":true,\"valueName\":\"search_term_string\"}}],\"inLanguage\":\"lt-LT\"},{\"@type\":\"Organization\",\"@id\":\"https:\/\/www.distribucionarc.com\/de\/#organization\",\"name\":\"Distribuci\u00f3n ARC\",\"url\":\"https:\/\/www.distribucionarc.com\/de\/\",\"logo\":{\"@type\":\"ImageObject\",\"inLanguage\":\"lt-LT\",\"@id\":\"https:\/\/www.distribucionarc.com\/de\/#\/schema\/logo\/image\/\",\"url\":\"https:\/\/distribucionarc.com\/wp-content\/uploads\/2024\/10\/distribucion-ARC-COLOR-SIN-FONDO-e1732295305345.png\",\"contentUrl\":\"https:\/\/distribucionarc.com\/wp-content\/uploads\/2024\/10\/distribucion-ARC-COLOR-SIN-FONDO-e1732295305345.png\",\"width\":1164,\"height\":558,\"caption\":\"Distribuci\u00f3n ARC\"},\"image\":{\"@id\":\"https:\/\/www.distribucionarc.com\/de\/#\/schema\/logo\/image\/\"},\"description\":\"Empresa especializada en la fabricaci\u00f3n y distribuci\u00f3n de maquinaria industrial para los sectores alimentario y farmac\u00e9utico. Nos especializamos en: M\u00e1quinas de cortar carne Fabricaci\u00f3n de comprimidos Sistemas de transporte industrial L\u00edneas de embotellado Dosificadores Y mucho m\u00e1s... Ofrecemos soluciones innovadoras y personalizadas para optimizar los procesos productivos de tu empresa.\",\"email\":\"Admistracion@distribucionarc.com\",\"telephone\":\"+34 643496664\",\"legalName\":\"ARC TECH SOLUTIONS\",\"foundingDate\":\"2024-04-09\",\"vatID\":\"B55480172\",\"numberOfEmployees\":{\"@type\":\"QuantitativeValue\",\"minValue\":\"1\",\"maxValue\":\"10\"}}]}<\/script>\n<!-- \/ Yoast SEO Premium plugin. -->","yoast_head_json":{"title":"\u012eprasta kar\u0161ta vitrina \u2013 ARC paskirstymas","robots":{"index":"index","follow":"follow","max-snippet":"max-snippet:-1","max-image-preview":"max-image-preview:large","max-video-preview":"max-video-preview:-1"},"canonical":"https:\/\/distribucionarc.com\/lt\/produktas\/karstas-ekranas\/","og_locale":"lt_LT","og_type":"article","og_title":"Vitrina expositor caliente normal","og_description":"Vitrina caliente Expositor de sobremesa de ARC \u2013 600W        La vitrina de exposici\u00f3n caliente de sobremesa de ARC es perfecta para mantener los alimentos calientes y frescos, garantizando una presentaci\u00f3n atractiva. Con una potencia de 600 vatios (W) y fabricada en acero inoxidable 304, apto para el uso alimentario, asegura durabilidad, seguridad y f\u00e1cil limpieza. Sus dimensiones de 61 cent\u00edmetros (cm) x 38 cent\u00edmetros (cm) x 51 cent\u00edmetros (cm) proporcionan el espacio necesario, con dos niveles que permiten una excelente exposici\u00f3n de alimentos. Productos que puedes exhibir en esta vitrina caliente de sobremesa:   Pizzas: Mant\u00e9n porciones individuales de pizza calientes y listas para servir.  Empanadas: Perfectas para mantener crujientes y calientes.  Croissants: Ideal para panader\u00edas y cafeter\u00edas.  Hot dogs: Listos para ser servidos en tiendas de conveniencia o buffets.  Bocadillos: S\u00e1ndwiches y bocadillos calientes, perfectos para cafeter\u00edas.  Hamburguesas: Mant\u00e9n las hamburguesas jugosas y calientes antes de servir.  Panes y boller\u00eda: Exhibe pan reci\u00e9n horneado, manteni\u00e9ndolo caliente.  Carnes asadas: Como pollos asados o costillas, listos para llevar.  Patatas fritas: Mant\u00e9n las patatas crujientes a la temperatura perfecta.  Sectores donde se puede implementar esta vitrina de exposici\u00f3n caliente:   Cafeter\u00edas: Exhibe croissants, bocadillos y hamburguesas calientes.  Panader\u00edas y pasteler\u00edas: Perfecta para productos horneados calientes.  Restaurantes de comida r\u00e1pida: Ideal para hamburguesas, pizzas y otros alimentos calientes.  Hoteles: Perfecta para buffets de desayuno, manteniendo el pan y otros productos calientes.  Supermercados: Para comidas preparadas y listas para llevar.  Estaciones de servicio: Hot dogs, empanadas, y bocadillos calientes listos para el cliente en movimiento.  Catering y eventos: Mant\u00e9n la comida caliente y fresca durante eventos o reuniones.  La vitrina caliente de sobremesa de ARC es una opci\u00f3n ideal para cualquier negocio que busque una soluci\u00f3n profesional para mantener y exhibir alimentos calientes de manera atractiva. Esta vitrina caliente profesional es indispensable para quienes valoran la calidad y el control de temperatura en sus productos.","og_url":"https:\/\/distribucionarc.com\/lt\/produktas\/karstas-ekranas\/","og_site_name":"distribuci\u00f3n ARC","article_modified_time":"2024-09-05T18:13:08+00:00","og_image":[{"width":1600,"height":1600,"url":"https:\/\/distribucionarc.com\/wp-content\/uploads\/2020\/07\/vitrina-expositora-caliente-0.jpg","type":"image\/jpeg"}],"twitter_card":"summary_large_image","twitter_misc":{"Est. reading time":"2 minut\u0117s"},"schema":{"@context":"https:\/\/schema.org","@graph":[{"@type":"WebPage","@id":"https:\/\/distribucionarc.com\/producto\/vitrina-expositora-caliente\/","url":"https:\/\/distribucionarc.com\/producto\/vitrina-expositora-caliente\/","name":"\u012eprasta kar\u0161ta vitrina \u2013 ARC paskirstymas","isPartOf":{"@id":"https:\/\/www.distribucionarc.com\/de\/#website"},"primaryImageOfPage":{"@id":"https:\/\/distribucionarc.com\/producto\/vitrina-expositora-caliente\/#primaryimage"},"image":{"@id":"https:\/\/distribucionarc.com\/producto\/vitrina-expositora-caliente\/#primaryimage"},"thumbnailUrl":"https:\/\/distribucionarc.com\/wp-content\/uploads\/2020\/07\/vitrina-expositora-caliente-0.jpg","datePublished":"2020-07-15T16:59:51+00:00","dateModified":"2024-09-05T18:13:08+00:00","breadcrumb":{"@id":"https:\/\/distribucionarc.com\/producto\/vitrina-expositora-caliente\/#breadcrumb"},"inLanguage":"lt-LT","potentialAction":[{"@type":"ReadAction","target":["https:\/\/distribucionarc.com\/producto\/vitrina-expositora-caliente\/"]}]},{"@type":"ImageObject","inLanguage":"lt-LT","@id":"https:\/\/distribucionarc.com\/producto\/vitrina-expositora-caliente\/#primaryimage","url":"https:\/\/distribucionarc.com\/wp-content\/uploads\/2020\/07\/vitrina-expositora-caliente-0.jpg","contentUrl":"https:\/\/distribucionarc.com\/wp-content\/uploads\/2020\/07\/vitrina-expositora-caliente-0.jpg","width":1600,"height":1600,"caption":"vitrina expositora caliente"},{"@type":"BreadcrumbList","@id":"https:\/\/distribucionarc.com\/producto\/vitrina-expositora-caliente\/#breadcrumb","itemListElement":[{"@type":"ListItem","position":1,"name":"Portada","item":"https:\/\/www.distribucionarc.com\/en\/"},{"@type":"ListItem","position":2,"name":"Products","item":"https:\/\/www.distribucionarc.com\/en\/shop\/"},{"@type":"ListItem","position":3,"name":"Vitrina expositor caliente normal"}]},{"@type":"WebSite","@id":"https:\/\/www.distribucionarc.com\/de\/#website","url":"https:\/\/www.distribucionarc.com\/de\/","name":"ARC paskirstymas","description":"\u012emon\u0117 specializuojasi pramonini\u0173 ma\u0161in\u0173, skardini\u0173 sandarinimo ma\u0161in\u0173, table\u010di\u0173 gamybos ma\u0161in\u0173, m\u0117sos pjaustymo ma\u0161in\u0173 gamyboje ir platinime...","publisher":{"@id":"https:\/\/www.distribucionarc.com\/de\/#organization"},"potentialAction":[{"@type":"SearchAction","target":{"@type":"EntryPoint","urlTemplate":"https:\/\/www.distribucionarc.com\/de\/?s={search_term_string}"},"query-input":{"@type":"PropertyValueSpecification","valueRequired":true,"valueName":"search_term_string"}}],"inLanguage":"lt-LT"},{"@type":"Organization","@id":"https:\/\/www.distribucionarc.com\/de\/#organization","name":"ARC platinimas","url":"https:\/\/www.distribucionarc.com\/de\/","logo":{"@type":"ImageObject","inLanguage":"lt-LT","@id":"https:\/\/www.distribucionarc.com\/de\/#\/schema\/logo\/image\/","url":"https:\/\/distribucionarc.com\/wp-content\/uploads\/2024\/10\/distribucion-ARC-COLOR-SIN-FONDO-e1732295305345.png","contentUrl":"https:\/\/distribucionarc.com\/wp-content\/uploads\/2024\/10\/distribucion-ARC-COLOR-SIN-FONDO-e1732295305345.png","width":1164,"height":558,"caption":"Distribuci\u00f3n ARC"},"image":{"@id":"https:\/\/www.distribucionarc.com\/de\/#\/schema\/logo\/image\/"},"description":"\u012emon\u0117 specializuojasi maisto ir farmacijos sektoriams skirt\u0173 pramonini\u0173 ma\u0161in\u0173 gamyboje ir platinime. M\u016bs\u0173 specializacija: M\u0117sos pjaustymo ma\u0161inos Table\u010di\u0173 gamyba Pramonin\u0117s transportavimo sistemos I\u0161pilstymo linijos Dozatoriai Ir dar daugiau... Si\u016blome novatori\u0161kus ir individualiems poreikiams pritaikytus sprendimus, kad optimizuotume j\u016bs\u0173 \u012fmon\u0117s gamybos procesus.","email":"Admistracion@distribucionarc.com","telephone":"+34 643496664","legalName":"ARC TECH SOLUTIONS","foundingDate":"2024-04-09","vatID":"B55480172","numberOfEmployees":{"@type":"QuantitativeValue","minValue":"1","maxValue":"10"}}]}},"_links":{"self":[{"href":"https:\/\/distribucionarc.com\/lt\/wp-json\/wp\/v2\/product\/997","targetHints":{"allow":["GET"]}}],"collection":[{"href":"https:\/\/distribucionarc.com\/lt\/wp-json\/wp\/v2\/product"}],"about":[{"href":"https:\/\/distribucionarc.com\/lt\/wp-json\/wp\/v2\/types\/product"}],"replies":[{"embeddable":true,"href":"https:\/\/distribucionarc.com\/lt\/wp-json\/wp\/v2\/comments?post=997"}],"version-history":[{"count":0,"href":"https:\/\/distribucionarc.com\/lt\/wp-json\/wp\/v2\/product\/997\/revisions"}],"wp:featuredmedia":[{"embeddable":true,"href":"https:\/\/distribucionarc.com\/lt\/wp-json\/wp\/v2\/media\/1005"}],"wp:attachment":[{"href":"https:\/\/distribucionarc.com\/lt\/wp-json\/wp\/v2\/media?parent=997"}],"wp:term":[{"taxonomy":"product_brand","embeddable":true,"href":"https:\/\/distribucionarc.com\/lt\/wp-json\/wp\/v2\/product_brand?post=997"},{"taxonomy":"product_cat","embeddable":true,"href":"https:\/\/distribucionarc.com\/lt\/wp-json\/wp\/v2\/product_cat?post=997"},{"taxonomy":"product_tag","embeddable":true,"href":"https:\/\/distribucionarc.com\/lt\/wp-json\/wp\/v2\/product_tag?post=997"}],"curies":[{"name":"wp","href":"https:\/\/api.w.org\/{rel}","templated":true}]}}