{"id":1043,"date":"2020-07-16T09:25:55","date_gmt":"2020-07-16T09:25:55","guid":{"rendered":"https:\/\/distribucionarc.com\/?post_type=product&#038;p=1043"},"modified":"2024-09-05T21:08:07","modified_gmt":"2024-09-05T21:08:07","slug":"profesjonell-vaffelmaskin","status":"publish","type":"product","link":"https:\/\/distribucionarc.com\/nb\/producto\/gofrera-profesional\/","title":{"rendered":"Profesjonell vaffelmaskin"},"content":{"rendered":"<h2><strong>Profesjonell vaffelmaskin\u00a0<\/strong><\/h2>\n<p>De\u00a0<strong>Dobbel profesjonell vaffelmaskin<\/strong>\u00a0av<span style=\"color: #ff0000;\">\u00a0<\/span><strong><span style=\"color: #ff0000;\">TIL<\/span><span style=\"color: #0000ff;\">R<\/span>c<\/strong>, vedtar en dobbel hode design, noe som gj\u00f8r matlagingsprosessen av\u00a0<strong>vafler<\/strong> v\u00e6re mer effektiv og l\u00f8nnsom. En tilstrekkelig effekt p\u00e5 1880 W. Formen gir 360 graders kontinuerlig oppvarming og en bedre matlagingsopplevelse. De bidrar ogs\u00e5 fortsatt <span style=\"color: #008000;\">r<strong>effektiv energiytelse<\/strong><\/span>\u00a0av\u00a0<strong>profesjonell vaffelmaskin<\/strong>.<\/p>\n<p>Hodet styres uavhengig med glatte knotter. Temperaturen varierer mellom 50 og 300\u00ba C med LED-lys som viser driftsstatus. De <strong>profesjonell vaffelmaskin\u00a0<span style=\"color: #ff0000;\">TIL<\/span><span style=\"color: #0000ff;\">R<\/span>CMGE2<\/strong>\u00a0Den har en presis timer p\u00e5 maks 5 minutter, med en tydelig og melodi\u00f8s alarm n\u00e5r vaflene er klare.<\/p>\n<p>Lederen av <strong>profesjonell vaffelmaskin<\/strong>\u00a0Den tar i bruk to former (\u00f8vre og nedre). Sammen danner de deilige vafler. Begge formene gir deg jevn oppvarming. Den teflonbelagte kokeoverflaten er non-stick og gj\u00f8r maskinen enkel \u00e5 rengj\u00f8re.\u00a0<strong>vafler<\/strong>.<\/p>\n<p>Den fortykkede bakst\u00f8tten forbinder formen med\u00a0<strong>vaffelmaskinen<\/strong>, den fremre st\u00f8tten har en stabil trekantet struktur. Slik design forbedrer sikkerhetsniv\u00e5et, mer holdbar og gj\u00f8r<strong> vaffeljern <span style=\"color: #ff0000;\">TIL<\/span><span style=\"color: #0000ff;\">R<\/span>CMGE2<\/strong>\u00a0F\u00e5 et funksjonelt design som ogs\u00e5 er estetisk elegant. Tykt h\u00e5ndtak i rustfritt st\u00e5l for enkelt grep og uanstrengt bruk. Bruk av god varmeavledningsmateriale sikrer at temperaturen ikke blir for h\u00f8y. Beskytter brukeren mot brannskader.<\/p>\n<p>Med\u00a0<strong>Profesjonell vaffelmaskin<\/strong>\u00a0av\u00a0<strong><span style=\"color: #ff0000;\">TIL<\/span><span style=\"color: #0000ff;\">R<\/span>c<\/strong>\u00a0du f\u00e5r noen\u00a0<strong>Vafler<\/strong> unik med et meget sl\u00e5ende hjertedesign, mykt interi\u00f8r og knasende eksteri\u00f8r med uendelig ettersmak. Sjokolade, godteri og andre dekorasjoner kan tilsettes fritt for \u00e5 gi smak.<\/p>\n<p>&nbsp;<\/p>\n<h6><strong>Garanti\u00a0<span style=\"color: #ff0000;\">TIL<\/span><span style=\"color: #0000ff;\">R<\/span>C 2 \u00c5R<\/strong><\/h6>\n<h6><span style=\"color: #008000;\">Effektiv profesjonell vaffelmaskin, lavt forbruk 1550w<\/span><\/h6>\n<h6><strong>teknisk st\u00f8tte inkludert.<\/strong><\/h6>\n<p>&nbsp;<\/p>\n<p>&nbsp;<\/p>\n<table role=\"presentation\" width=\"100%\" cellspacing=\"0\" cellpadding=\"0\">\n<tbody>\n<tr>\n<td class=\"attrLabels\">Temperatur:<\/td>\n<td width=\"50.0%\">50-300\u00baC<\/td>\n<\/tr>\n<tr>\n<td class=\"attrLabels\">Distribusjonsland:<\/td>\n<td width=\"50.0%\">Spania, Tyskland, USA, Latin-Amerika<\/td>\n<td class=\"attrLabels\">Vekt:<\/td>\n<td width=\"50.0%\">11,6 kg<\/td>\n<\/tr>\n<tr>\n<td class=\"attrLabels\">Merke:<\/td>\n<td width=\"50.0%\">BUE<\/td>\n<td class=\"attrLabels\">H\u00f8yde:<\/td>\n<td width=\"50.0%\">33 cm<\/td>\n<\/tr>\n<tr>\n<td class=\"attrLabels\">Farge:<\/td>\n<td width=\"50.0%\">S\u00f8lv<\/td>\n<td class=\"attrLabels\">Lang:<\/td>\n<td width=\"50.0%\">49 cm<\/td>\n<\/tr>\n<tr>\n<td class=\"attrLabels\">Produkttype:<\/td>\n<td width=\"50.0%\">Profesjonell vaffelmaskin<\/td>\n<td class=\"attrLabels\">Bred:<\/td>\n<td width=\"50.0%\">39 cm<\/td>\n<\/tr>\n<tr>\n<td class=\"attrLabels\">Produsentnummer:<\/td>\n<td width=\"50.0%\">ARCMGE2<\/td>\n<td class=\"attrLabels\">Makt:<\/td>\n<td width=\"50.0%\">1880W<\/td>\n<\/tr>\n<tr>\n<td class=\"attrLabels\">Materiale:<\/td>\n<td width=\"50.0%\">rustfritt st\u00e5l, teflonplate, temperaturkontroll<\/td>\n<td class=\"attrLabels\">inngangsspenning<\/td>\n<td width=\"50.0%\">220V \u2013 60Hz 110V \u2013 50Hz<\/td>\n<\/tr>\n<tr>\n<td class=\"attrLabels\">Vaffelst\u00f8rrelse:<\/td>\n<td width=\"50.0%\">\u00a035 cm diameter<\/td>\n<td class=\"attrLabels\">Garanti:<\/td>\n<td width=\"50.0%\">2 \u00c5R<\/td>\n<\/tr>\n<tr>\n<td class=\"attrLabels\">Installasjonsverkt\u00f8y:<\/td>\n<td width=\"50.0%\">Ja<\/td>\n<td class=\"attrLabels\">Produksjon:<\/td>\n<td width=\"50.0%\">1 stk<\/td>\n<\/tr>\n<\/tbody>\n<\/table>","protected":false},"excerpt":{"rendered":"<h2><strong>Hjerteformet vaffelkoker \u2013 5 porsjoner med timer<\/strong><\/h2>\n<p>V\u00e5r <strong>hjerteformet vaffeljern<\/strong> er det ideelle verkt\u00f8yet for \u00e5 lage attraktive og deilige hjerteformede vafler, delt inn i <strong>5 porsjoner<\/strong>. Med en <strong>justerbar timer fra 0 til 5 minutter<\/strong> og et temperaturomr\u00e5de p\u00e5 <strong>50 til 300 grader Celsius (\u00b0C)<\/strong>, garanterer denne maskinen rask og presis matlaging. Diameteren p\u00e5 vaffelen er <strong>35 centimeter (cm)<\/strong>, slik at du kan lage store, attraktive vafler som er perfekte for deling.<\/p>\n<h3>Produkter du kan lage med dette <strong>hjerteformet vaffeljern<\/strong>:<\/h3>\n<ul>\n<li><strong>Tradisjonelle vafler<\/strong>: Serveres med sirup, fl\u00f8te eller frisk frukt.<\/li>\n<li><strong>Sjokoladevafler<\/strong>: Med biter av smeltet sjokolade i deigen.<\/li>\n<li><strong>Glutenfrie vafler<\/strong>: Sunt alternativ for personer med matintoleranse.<\/li>\n<li><strong>Fullkornsvafler<\/strong>: Perfekt \u00e5 tilby i sunne menyer.<\/li>\n<li><strong>Banan Havregryn vafler<\/strong>: Deilig og n\u00e6ringsrik alternativ.<\/li>\n<li><strong>Velsmakende vafler<\/strong>: Fylt med ost, skinke eller spinat, ideell til brunsj.<\/li>\n<li><strong>Mini vaffelpizzaer<\/strong>: Kreativ variasjon ved hjelp av hjerteformen til pizzabunner.<\/li>\n<\/ul>\n<h3>Sektorer hvor dette kan gjennomf\u00f8res <strong>profesjonell hjertevaffelmaskin<\/strong>:<\/h3>\n<ul>\n<li><strong>Kafeer og konditorier<\/strong>: Perfekt for \u00e5 tiltrekke kunder med i\u00f8ynefallende presentasjoner av s\u00f8te og salte vafler.<\/li>\n<li><strong>Restauranter<\/strong>: Ideell for \u00e5 tilby desserter og spesielle hjerteformede retter.<\/li>\n<li><strong>matbiler<\/strong>: Attraktivt for messer og arrangementer hvor hjerteformede vafler blir en hit.<\/li>\n<li><strong>Hoteller og buffeer<\/strong>: Perfekt \u00e5 tilby til frokost og brunsj, med tilpassbare alternativer for middagsgjester.<\/li>\n<li><strong>Catering og spesielle arrangementer<\/strong>: Som bryllup, jubileer eller temafester, hvor hjerteformen setter et spesielt preg.<\/li>\n<li><strong>Bakerier<\/strong>: Utvid tilbudet med ferske vafler i originale former for \u00e5 overraske kundene.<\/li>\n<li><strong>M\u00e5ltider for barn<\/strong>: Ved familiearrangementer eller i barnerettede lokaler er hjerteformen spesielt attraktiv.<\/li>\n<\/ul>\n<p>Med dette <strong>hjerteformet vaffeljern<\/strong>, kan du tilby unike produkter som ikke bare ser bra ut, men som ogs\u00e5 smaker godt. Videre har <strong>profesjonell elektrisk vaffelmaskin<\/strong> Den har et brukervennlig temperaturkontrollsystem, som sikrer perfekt matlaging hver gang.<\/p>","protected":false},"featured_media":1050,"comment_status":"open","ping_status":"closed","template":"","meta":{"wds_primary_product_brand":0,"wds_primary_product_cat":0},"product_brand":[],"product_cat":[51],"product_tag":[],"class_list":{"0":"post-1043","1":"product","2":"type-product","3":"status-publish","4":"has-post-thumbnail","6":"product_cat-gofreras-profesionales","7":"product_shipping_class-hosteleria","9":"first","10":"instock","11":"taxable","12":"shipping-taxable","13":"purchasable","14":"product-type-simple"},"yoast_head":"<!-- This site is optimized with the Yoast SEO Premium plugin v24.9 (Yoast SEO v26.1) - https:\/\/yoast.com\/wordpress\/plugins\/seo\/ -->\n<title>Gofrera profesional - distribuci\u00f3n ARC<\/title>\n<meta name=\"robots\" content=\"index, follow, max-snippet:-1, max-image-preview:large, max-video-preview:-1\" \/>\n<link rel=\"canonical\" href=\"https:\/\/www.distribucionarc.com\/lt\/producto\/gofrera-profesional\/\" \/>\n<meta property=\"og:locale\" content=\"nb_NO\" \/>\n<meta property=\"og:type\" content=\"article\" \/>\n<meta property=\"og:title\" content=\"Gofrera profesional\" \/>\n<meta property=\"og:description\" content=\"M\u00e1quina para hacer gofres en forma de coraz\u00f3n \u2013 5 porciones con temporizador Nuestra m\u00e1quina para hacer gofres en forma de coraz\u00f3n es la herramienta ideal para crear gofres atractivos y deliciosos en forma de coraz\u00f3n, divididos en 5 porciones. Con un temporizador ajustable de 0 a 5 minutos y un rango de temperatura de 50 a 300 grados cent\u00edgrados (\u00b0C), esta m\u00e1quina garantiza una cocci\u00f3n r\u00e1pida y precisa. El di\u00e1metro del gofre es de 35 cent\u00edmetros (cm), lo que permite crear gofres grandes y atractivos que son perfectos para compartir. Productos que puedes hacer con esta gofrera en forma de coraz\u00f3n:   Gofres tradicionales: Servidos con jarabe, crema o frutas frescas.  Gofres de chocolate: Con trozos de chocolate fundido en la masa.  Gofres sin gluten: Alternativa saludable para personas con intolerancias alimentarias.  Gofres integrales: Perfectos para ofrecer en men\u00fas saludables.  Gofres de avena y pl\u00e1tano: Opci\u00f3n deliciosa y nutritiva.  Gofres salados: Rellenos de queso, jam\u00f3n o espinacas, ideales para brunches.  Mini pizzas de gofre: Variaci\u00f3n creativa usando la forma de coraz\u00f3n para bases de pizza.  Sectores donde se puede implementar esta gofrera de coraz\u00f3n profesional:   Cafeter\u00edas y pasteler\u00edas: Perfecta para atraer a clientes con presentaciones llamativas de gofres dulces y salados.  Restaurantes: Ideal para ofrecer postres y platos especiales en forma de coraz\u00f3n.  Food trucks: Atractiva para ferias y eventos donde los gofres en forma de coraz\u00f3n ser\u00e1n un \u00e9xito.  Hoteles y buffets: Perfecta para ofrecer en desayunos y brunches, con opciones personalizables para los comensales.  Catering y eventos especiales: Como bodas, aniversarios o fiestas tem\u00e1ticas, donde la forma de coraz\u00f3n a\u00f1ade un toque especial.  Panader\u00edas: Ampl\u00eda la oferta con gofres frescos y en formas originales para sorprender a los clientes.  Comidas para ni\u00f1os: En eventos familiares o en locales orientados a ni\u00f1os, la forma de coraz\u00f3n es especialmente atractiva.  Con esta m\u00e1quina de gofres en forma de coraz\u00f3n, puedes ofrecer productos \u00fanicos que no solo se ven bien, sino que tambi\u00e9n tienen un sabor excelente. Adem\u00e1s, la gofrera el\u00e9ctrica profesional cuenta con un sistema de control de temperatura f\u00e1cil de usar, lo que garantiza la cocci\u00f3n perfecta en todo momento.\" \/>\n<meta property=\"og:url\" content=\"https:\/\/www.distribucionarc.com\/lt\/producto\/gofrera-profesional\/\" \/>\n<meta property=\"og:site_name\" content=\"distribuci\u00f3n ARC\" \/>\n<meta property=\"article:modified_time\" content=\"2024-09-05T21:08:07+00:00\" \/>\n<meta property=\"og:image\" content=\"https:\/\/www.distribucionarc.com\/wp-content\/uploads\/2020\/07\/Gofrera-profesional-0.jpg\" \/>\n\t<meta property=\"og:image:width\" content=\"1600\" \/>\n\t<meta property=\"og:image:height\" content=\"1600\" \/>\n\t<meta property=\"og:image:type\" content=\"image\/jpeg\" \/>\n<meta name=\"twitter:card\" content=\"summary_large_image\" \/>\n<meta name=\"twitter:label1\" content=\"Ansl. lesetid\" \/>\n\t<meta name=\"twitter:data1\" content=\"2 minutter\" \/>\n<script type=\"application\/ld+json\" class=\"yoast-schema-graph\">{\"@context\":\"https:\/\/schema.org\",\"@graph\":[{\"@type\":\"WebPage\",\"@id\":\"https:\/\/www.distribucionarc.com\/lt\/producto\/gofrera-profesional\/\",\"url\":\"https:\/\/www.distribucionarc.com\/lt\/producto\/gofrera-profesional\/\",\"name\":\"Gofrera profesional - distribuci\u00f3n ARC\",\"isPartOf\":{\"@id\":\"https:\/\/www.distribucionarc.com\/sl\/#website\"},\"primaryImageOfPage\":{\"@id\":\"https:\/\/www.distribucionarc.com\/lt\/producto\/gofrera-profesional\/#primaryimage\"},\"image\":{\"@id\":\"https:\/\/www.distribucionarc.com\/lt\/producto\/gofrera-profesional\/#primaryimage\"},\"thumbnailUrl\":\"https:\/\/distribucionarc.com\/wp-content\/uploads\/2020\/07\/Gofrera-profesional-0.jpg\",\"datePublished\":\"2020-07-16T09:25:55+00:00\",\"dateModified\":\"2024-09-05T21:08:07+00:00\",\"breadcrumb\":{\"@id\":\"https:\/\/www.distribucionarc.com\/lt\/producto\/gofrera-profesional\/#breadcrumb\"},\"inLanguage\":\"nb-NO\",\"potentialAction\":[{\"@type\":\"ReadAction\",\"target\":[\"https:\/\/www.distribucionarc.com\/lt\/producto\/gofrera-profesional\/\"]}]},{\"@type\":\"ImageObject\",\"inLanguage\":\"nb-NO\",\"@id\":\"https:\/\/www.distribucionarc.com\/lt\/producto\/gofrera-profesional\/#primaryimage\",\"url\":\"https:\/\/distribucionarc.com\/wp-content\/uploads\/2020\/07\/Gofrera-profesional-0.jpg\",\"contentUrl\":\"https:\/\/distribucionarc.com\/wp-content\/uploads\/2020\/07\/Gofrera-profesional-0.jpg\",\"width\":1600,\"height\":1600,\"caption\":\"Gofrera profesional\"},{\"@type\":\"BreadcrumbList\",\"@id\":\"https:\/\/www.distribucionarc.com\/lt\/producto\/gofrera-profesional\/#breadcrumb\",\"itemListElement\":[{\"@type\":\"ListItem\",\"position\":1,\"name\":\"Portada\",\"item\":\"https:\/\/www.distribucionarc.com\/\"},{\"@type\":\"ListItem\",\"position\":2,\"name\":\"\u00dcr\u00fcnler\",\"item\":\"https:\/\/www.distribucionarc.com\/tr\/magaza\/\"},{\"@type\":\"ListItem\",\"position\":3,\"name\":\"Gofrera profesional\"}]},{\"@type\":\"WebSite\",\"@id\":\"https:\/\/www.distribucionarc.com\/sl\/#website\",\"url\":\"https:\/\/www.distribucionarc.com\/sl\/\",\"name\":\"distribuci\u00f3n ARC\",\"description\":\"Empresa especializada en la fabricaci\u00f3n y distribuci\u00f3n de maquinaria industrial, selladoras de latas, Maquinas de hacer pastillas, Maquinas de cortar carne...\",\"publisher\":{\"@id\":\"https:\/\/www.distribucionarc.com\/sl\/#organization\"},\"potentialAction\":[{\"@type\":\"SearchAction\",\"target\":{\"@type\":\"EntryPoint\",\"urlTemplate\":\"https:\/\/www.distribucionarc.com\/sl\/?s={search_term_string}\"},\"query-input\":{\"@type\":\"PropertyValueSpecification\",\"valueRequired\":true,\"valueName\":\"search_term_string\"}}],\"inLanguage\":\"nb-NO\"},{\"@type\":\"Organization\",\"@id\":\"https:\/\/www.distribucionarc.com\/sl\/#organization\",\"name\":\"Distribuci\u00f3n ARC\",\"url\":\"https:\/\/www.distribucionarc.com\/sl\/\",\"logo\":{\"@type\":\"ImageObject\",\"inLanguage\":\"nb-NO\",\"@id\":\"https:\/\/www.distribucionarc.com\/sl\/#\/schema\/logo\/image\/\",\"url\":\"https:\/\/distribucionarc.com\/wp-content\/uploads\/2024\/10\/distribucion-ARC-COLOR-SIN-FONDO-e1732295305345.png\",\"contentUrl\":\"https:\/\/distribucionarc.com\/wp-content\/uploads\/2024\/10\/distribucion-ARC-COLOR-SIN-FONDO-e1732295305345.png\",\"width\":1164,\"height\":558,\"caption\":\"Distribuci\u00f3n ARC\"},\"image\":{\"@id\":\"https:\/\/www.distribucionarc.com\/sl\/#\/schema\/logo\/image\/\"},\"description\":\"Empresa especializada en la fabricaci\u00f3n y distribuci\u00f3n de maquinaria industrial para los sectores alimentario y farmac\u00e9utico. Nos especializamos en: M\u00e1quinas de cortar carne Fabricaci\u00f3n de comprimidos Sistemas de transporte industrial L\u00edneas de embotellado Dosificadores Y mucho m\u00e1s... Ofrecemos soluciones innovadoras y personalizadas para optimizar los procesos productivos de tu empresa.\",\"email\":\"Admistracion@distribucionarc.com\",\"telephone\":\"+34 643496664\",\"legalName\":\"ARC TECH SOLUTIONS\",\"foundingDate\":\"2024-04-09\",\"vatID\":\"B55480172\",\"numberOfEmployees\":{\"@type\":\"QuantitativeValue\",\"minValue\":\"1\",\"maxValue\":\"10\"}}]}<\/script>\n<!-- \/ Yoast SEO Premium plugin. -->","yoast_head_json":{"title":"Profesjonell vaffeljern - ARC distribusjon","robots":{"index":"index","follow":"follow","max-snippet":"max-snippet:-1","max-image-preview":"max-image-preview:large","max-video-preview":"max-video-preview:-1"},"canonical":"https:\/\/www.distribucionarc.com\/lt\/producto\/gofrera-profesional\/","og_locale":"nb_NO","og_type":"article","og_title":"Gofrera profesional","og_description":"M\u00e1quina para hacer gofres en forma de coraz\u00f3n \u2013 5 porciones con temporizador Nuestra m\u00e1quina para hacer gofres en forma de coraz\u00f3n es la herramienta ideal para crear gofres atractivos y deliciosos en forma de coraz\u00f3n, divididos en 5 porciones. Con un temporizador ajustable de 0 a 5 minutos y un rango de temperatura de 50 a 300 grados cent\u00edgrados (\u00b0C), esta m\u00e1quina garantiza una cocci\u00f3n r\u00e1pida y precisa. El di\u00e1metro del gofre es de 35 cent\u00edmetros (cm), lo que permite crear gofres grandes y atractivos que son perfectos para compartir. Productos que puedes hacer con esta gofrera en forma de coraz\u00f3n:   Gofres tradicionales: Servidos con jarabe, crema o frutas frescas.  Gofres de chocolate: Con trozos de chocolate fundido en la masa.  Gofres sin gluten: Alternativa saludable para personas con intolerancias alimentarias.  Gofres integrales: Perfectos para ofrecer en men\u00fas saludables.  Gofres de avena y pl\u00e1tano: Opci\u00f3n deliciosa y nutritiva.  Gofres salados: Rellenos de queso, jam\u00f3n o espinacas, ideales para brunches.  Mini pizzas de gofre: Variaci\u00f3n creativa usando la forma de coraz\u00f3n para bases de pizza.  Sectores donde se puede implementar esta gofrera de coraz\u00f3n profesional:   Cafeter\u00edas y pasteler\u00edas: Perfecta para atraer a clientes con presentaciones llamativas de gofres dulces y salados.  Restaurantes: Ideal para ofrecer postres y platos especiales en forma de coraz\u00f3n.  Food trucks: Atractiva para ferias y eventos donde los gofres en forma de coraz\u00f3n ser\u00e1n un \u00e9xito.  Hoteles y buffets: Perfecta para ofrecer en desayunos y brunches, con opciones personalizables para los comensales.  Catering y eventos especiales: Como bodas, aniversarios o fiestas tem\u00e1ticas, donde la forma de coraz\u00f3n a\u00f1ade un toque especial.  Panader\u00edas: Ampl\u00eda la oferta con gofres frescos y en formas originales para sorprender a los clientes.  Comidas para ni\u00f1os: En eventos familiares o en locales orientados a ni\u00f1os, la forma de coraz\u00f3n es especialmente atractiva.  Con esta m\u00e1quina de gofres en forma de coraz\u00f3n, puedes ofrecer productos \u00fanicos que no solo se ven bien, sino que tambi\u00e9n tienen un sabor excelente. Adem\u00e1s, la gofrera el\u00e9ctrica profesional cuenta con un sistema de control de temperatura f\u00e1cil de usar, lo que garantiza la cocci\u00f3n perfecta en todo momento.","og_url":"https:\/\/www.distribucionarc.com\/lt\/producto\/gofrera-profesional\/","og_site_name":"distribuci\u00f3n ARC","article_modified_time":"2024-09-05T21:08:07+00:00","og_image":[{"width":1600,"height":1600,"url":"https:\/\/www.distribucionarc.com\/wp-content\/uploads\/2020\/07\/Gofrera-profesional-0.jpg","type":"image\/jpeg"}],"twitter_card":"summary_large_image","twitter_misc":{"Ansl. lesetid":"2 minutter"},"schema":{"@context":"https:\/\/schema.org","@graph":[{"@type":"WebPage","@id":"https:\/\/www.distribucionarc.com\/lt\/producto\/gofrera-profesional\/","url":"https:\/\/www.distribucionarc.com\/lt\/producto\/gofrera-profesional\/","name":"Profesjonell vaffeljern - ARC distribusjon","isPartOf":{"@id":"https:\/\/www.distribucionarc.com\/sl\/#website"},"primaryImageOfPage":{"@id":"https:\/\/www.distribucionarc.com\/lt\/producto\/gofrera-profesional\/#primaryimage"},"image":{"@id":"https:\/\/www.distribucionarc.com\/lt\/producto\/gofrera-profesional\/#primaryimage"},"thumbnailUrl":"https:\/\/distribucionarc.com\/wp-content\/uploads\/2020\/07\/Gofrera-profesional-0.jpg","datePublished":"2020-07-16T09:25:55+00:00","dateModified":"2024-09-05T21:08:07+00:00","breadcrumb":{"@id":"https:\/\/www.distribucionarc.com\/lt\/producto\/gofrera-profesional\/#breadcrumb"},"inLanguage":"nb-NO","potentialAction":[{"@type":"ReadAction","target":["https:\/\/www.distribucionarc.com\/lt\/producto\/gofrera-profesional\/"]}]},{"@type":"ImageObject","inLanguage":"nb-NO","@id":"https:\/\/www.distribucionarc.com\/lt\/producto\/gofrera-profesional\/#primaryimage","url":"https:\/\/distribucionarc.com\/wp-content\/uploads\/2020\/07\/Gofrera-profesional-0.jpg","contentUrl":"https:\/\/distribucionarc.com\/wp-content\/uploads\/2020\/07\/Gofrera-profesional-0.jpg","width":1600,"height":1600,"caption":"Gofrera profesional"},{"@type":"BreadcrumbList","@id":"https:\/\/www.distribucionarc.com\/lt\/producto\/gofrera-profesional\/#breadcrumb","itemListElement":[{"@type":"ListItem","position":1,"name":"Portada","item":"https:\/\/www.distribucionarc.com\/"},{"@type":"ListItem","position":2,"name":"\u00dcr\u00fcnler","item":"https:\/\/www.distribucionarc.com\/tr\/magaza\/"},{"@type":"ListItem","position":3,"name":"Gofrera profesional"}]},{"@type":"WebSite","@id":"https:\/\/www.distribucionarc.com\/sl\/#website","url":"https:\/\/www.distribucionarc.com\/sl\/","name":"ARC distribusjon","description":"Selskapet har spesialisert seg p\u00e5 produksjon og distribusjon av industrimaskiner, hermetikkboksforseglingsmaskiner, tablettmaskiner, kj\u00f8ttskj\u00e6remaskiner og...","publisher":{"@id":"https:\/\/www.distribucionarc.com\/sl\/#organization"},"potentialAction":[{"@type":"SearchAction","target":{"@type":"EntryPoint","urlTemplate":"https:\/\/www.distribucionarc.com\/sl\/?s={search_term_string}"},"query-input":{"@type":"PropertyValueSpecification","valueRequired":true,"valueName":"search_term_string"}}],"inLanguage":"nb-NO"},{"@type":"Organization","@id":"https:\/\/www.distribucionarc.com\/sl\/#organization","name":"ARC distribusjon","url":"https:\/\/www.distribucionarc.com\/sl\/","logo":{"@type":"ImageObject","inLanguage":"nb-NO","@id":"https:\/\/www.distribucionarc.com\/sl\/#\/schema\/logo\/image\/","url":"https:\/\/distribucionarc.com\/wp-content\/uploads\/2024\/10\/distribucion-ARC-COLOR-SIN-FONDO-e1732295305345.png","contentUrl":"https:\/\/distribucionarc.com\/wp-content\/uploads\/2024\/10\/distribucion-ARC-COLOR-SIN-FONDO-e1732295305345.png","width":1164,"height":558,"caption":"Distribuci\u00f3n ARC"},"image":{"@id":"https:\/\/www.distribucionarc.com\/sl\/#\/schema\/logo\/image\/"},"description":"Selskap som har spesialisert seg p\u00e5 produksjon og distribusjon av industrimaskiner til n\u00e6ringsmiddel- og farmasisektoren. Vi er spesialister p\u00e5: Kj\u00f8ttskj\u00e6remaskiner Tablettilvirkning Industrielle transportsystemer Tappelinjer Dispensere Og mye mer... Vi tilbyr innovative og skreddersydde l\u00f8sninger for \u00e5 optimalisere bedriftens produksjonsprosesser.","email":"Admistracion@distribucionarc.com","telephone":"+34 643496664","legalName":"ARC TECH SOLUTIONS","foundingDate":"2024-04-09","vatID":"B55480172","numberOfEmployees":{"@type":"QuantitativeValue","minValue":"1","maxValue":"10"}}]}},"_links":{"self":[{"href":"https:\/\/distribucionarc.com\/nb\/wp-json\/wp\/v2\/product\/1043","targetHints":{"allow":["GET"]}}],"collection":[{"href":"https:\/\/distribucionarc.com\/nb\/wp-json\/wp\/v2\/product"}],"about":[{"href":"https:\/\/distribucionarc.com\/nb\/wp-json\/wp\/v2\/types\/product"}],"replies":[{"embeddable":true,"href":"https:\/\/distribucionarc.com\/nb\/wp-json\/wp\/v2\/comments?post=1043"}],"version-history":[{"count":0,"href":"https:\/\/distribucionarc.com\/nb\/wp-json\/wp\/v2\/product\/1043\/revisions"}],"wp:featuredmedia":[{"embeddable":true,"href":"https:\/\/distribucionarc.com\/nb\/wp-json\/wp\/v2\/media\/1050"}],"wp:attachment":[{"href":"https:\/\/distribucionarc.com\/nb\/wp-json\/wp\/v2\/media?parent=1043"}],"wp:term":[{"taxonomy":"product_brand","embeddable":true,"href":"https:\/\/distribucionarc.com\/nb\/wp-json\/wp\/v2\/product_brand?post=1043"},{"taxonomy":"product_cat","embeddable":true,"href":"https:\/\/distribucionarc.com\/nb\/wp-json\/wp\/v2\/product_cat?post=1043"},{"taxonomy":"product_tag","embeddable":true,"href":"https:\/\/distribucionarc.com\/nb\/wp-json\/wp\/v2\/product_tag?post=1043"}],"curies":[{"name":"wp","href":"https:\/\/api.w.org\/{rel}","templated":true}]}}